{"id":862,"date":"2015-11-05T15:59:43","date_gmt":"2015-11-05T13:59:43","guid":{"rendered":"https:\/\/wi.ee\/?page_id=862"},"modified":"2016-02-03T15:08:07","modified_gmt":"2016-02-03T13:08:07","slug":"voru-instituudi-toimetised-10","status":"publish","type":"page","link":"https:\/\/wi.ee\/et\/voru-instituudi-toimetised-10\/","title":{"rendered":"V\u00f5ru Instituudi toimetised 10"},"content":{"rendered":"<p><strong><em>\u00d5dagumeresoom\u00f5 piiris\u00fc\u00e4meq<\/em><\/strong><\/p>\n<p>Pajusalu, Karl, J\u00fcva, Sull\u00f5v (toim.)<br \/>\nV\u00f5ru: V\u00f5ro Instituudi Toim\u00f5ndus\u00f5 10, 2000<\/p>\n<ul>\n<li>Kogumikku on koondatud Setomaal V\u00e4rskas peetud konverentsi Keskused l\u00e4\u00e4nemeresoome piiridel \/ \u00d5dagumeresoom\u00f5 piiris\u00fc\u00e4me ettekanded. Kogumik j\u00e4tkab V\u00f5ro Instituudi toimetiste nr 4 ja nr 6 temaatikat.<\/li>\n<\/ul>\n<h4>Artiklid<\/h4>\n<ul>\n<li>Helena Sulkala. &#8220;Keel, identiteet, \u00fchiskond&#8221;.<\/li>\n<li>Mare Aun. &#8220;Asulakohtade arheoloogilisest uurimisest Setumaal 1998. ja 1999.aastal&#8221;.<\/li>\n<li>Arvis Kiristaja. &#8220;Setumaa kivi- pronksi- ja varasem rauaaeg&#8221;.<\/li>\n<li>Mati Hint. &#8220;Tartu ja Tallinna keele vana kirjaviis ja eesti prosoodia \u00fchtsus&#8221;.<\/li>\n<li>Ago K\u00fcnnap. &#8220;Pedasp\u00e4\u00e4 &#8211; p\u00f5hjaeestip\u00e4rasuste l\u00f5pppunkt l\u00f5unaeesti murdeala idapiiril&#8221;.<\/li>\n<li>Karl Pajusalu. &#8220;L\u00f5unaeesti murdeliigendustest<\/li>\n<li>Natalja Antonova. &#8220;Rahvahan vardoic&#8217;endat livvinkarjalaizien muahpanendutavois&#8221;.<\/li>\n<li>Terje Aronsen. &#8220;Kainuulaiset &#8211; vanha minuriteetti Rui\u00f0assa \/ Norjassa&#8221;.<\/li>\n<li>Anu-Reet Hausenberg. &#8220;L\u00e4\u00e4nemeresoome idapiir&#8221;.<\/li>\n<li>Lembit Vaba. &#8220;Kahest s\u00f5nasisese Cm-j\u00e4rjendiga l\u00f5unaeesti baltismist&#8221;.<\/li>\n<li>Eberhard Winkler. &#8220;Salatsi liivi keele asendist&#8221;.<\/li>\n<li>Marje Joalaid. &#8220;Hammaste ja hambad. \u00dche L\u00f5una-Tartumaa k\u00fcla nimetraditsioonist&#8221;:<\/li>\n<li>Marja Kallasmaa. &#8220;Saaremaa kui piiririik&#8221;.<\/li>\n<li>Olga Karlova. &#8220;Henkil\u00f6nnimet Vuokkiniemen paikannimist\u00f6ss\u00e4&#8221;.<\/li>\n<li>Evar Saar. &#8220;Lajast ilmast lainatuq v\u00f5rdl\u00f5vaq kotuss\u00f5nimeq V\u00f5rumaal&#8221;.<\/li>\n<\/ul>\n","protected":false},"excerpt":{"rendered":"<p>\u00d5dagumeresoom\u00f5 piiris\u00fc\u00e4meq Pajusalu, Karl, J\u00fcva, Sull\u00f5v (toim.) V\u00f5ru: V\u00f5ro Instituudi Toim\u00f5ndus\u00f5 10, 2000 Kogumikku on koondatud Setomaal V\u00e4rskas peetud konverentsi Keskused l\u00e4\u00e4nemeresoome piiridel \/ \u00d5dagumeresoom\u00f5 piiris\u00fc\u00e4me ettekanded. Kogumik j\u00e4tkab V\u00f5ro Instituudi toimetiste nr 4 ja nr 6 temaatikat. Artiklid Helena Sulkala. &#8220;Keel, identiteet, \u00fchiskond&#8221;. Mare Aun. &#8220;Asulakohtade arheoloogilisest uurimisest Setumaal 1998. ja 1999.aastal&#8221;. Arvis Kiristaja. [&hellip;]<\/p>\n","protected":false},"author":2,"featured_media":0,"parent":0,"menu_order":0,"comment_status":"closed","ping_status":"closed","template":"","meta":{"_acf_changed":false,"footnotes":""},"class_list":["post-862","page","type-page","status-publish","hentry"],"acf":[],"yoast_head":"<!-- This site is optimized with the Yoast SEO plugin v27.3 - https:\/\/yoast.com\/product\/yoast-seo-wordpress\/ -->\n<title>V\u00f5ru Instituudi toimetised 10 - V\u00f5ru Instituut<\/title>\n<meta name=\"robots\" content=\"index, follow, max-snippet:-1, max-image-preview:large, max-video-preview:-1\" \/>\n<link rel=\"canonical\" href=\"https:\/\/wi.ee\/et\/voru-instituudi-toimetised-10\/\" \/>\n<meta property=\"og:locale\" content=\"et_EE\" \/>\n<meta property=\"og:type\" content=\"article\" \/>\n<meta property=\"og:title\" content=\"V\u00f5ru Instituudi toimetised 10 - V\u00f5ru Instituut\" \/>\n<meta property=\"og:description\" content=\"\u00d5dagumeresoom\u00f5 piiris\u00fc\u00e4meq Pajusalu, Karl, J\u00fcva, Sull\u00f5v (toim.) V\u00f5ru: V\u00f5ro Instituudi Toim\u00f5ndus\u00f5 10, 2000 Kogumikku on koondatud Setomaal V\u00e4rskas peetud konverentsi Keskused l\u00e4\u00e4nemeresoome piiridel \/ \u00d5dagumeresoom\u00f5 piiris\u00fc\u00e4me ettekanded. Kogumik j\u00e4tkab V\u00f5ro Instituudi toimetiste nr 4 ja nr 6 temaatikat. Artiklid Helena Sulkala. &#8220;Keel, identiteet, \u00fchiskond&#8221;. Mare Aun. &#8220;Asulakohtade arheoloogilisest uurimisest Setumaal 1998. ja 1999.aastal&#8221;. Arvis Kiristaja. [&hellip;]\" \/>\n<meta property=\"og:url\" content=\"https:\/\/wi.ee\/et\/voru-instituudi-toimetised-10\/\" \/>\n<meta property=\"og:site_name\" content=\"V\u00f5ru Instituut\" \/>\n<meta property=\"article:publisher\" content=\"https:\/\/www.facebook.com\/VoroInstituut\" \/>\n<meta property=\"article:modified_time\" content=\"2016-02-03T13:08:07+00:00\" \/>\n<meta property=\"og:image\" content=\"https:\/\/wi.ee\/wp-content\/uploads\/2015\/05\/logo-150507.png\" \/>\n\t<meta property=\"og:image:width\" content=\"183\" \/>\n\t<meta property=\"og:image:height\" content=\"123\" \/>\n\t<meta property=\"og:image:type\" content=\"image\/png\" \/>\n<meta name=\"twitter:label1\" content=\"Est. reading time\" \/>\n\t<meta name=\"twitter:data1\" content=\"1 minut\" \/>\n<script type=\"application\/ld+json\" class=\"yoast-schema-graph\">{\"@context\":\"https:\\\/\\\/schema.org\",\"@graph\":[{\"@type\":\"WebPage\",\"@id\":\"https:\\\/\\\/wi.ee\\\/et\\\/voru-instituudi-toimetised-10\\\/\",\"url\":\"https:\\\/\\\/wi.ee\\\/et\\\/voru-instituudi-toimetised-10\\\/\",\"name\":\"V\u00f5ru Instituudi toimetised 10 - V\u00f5ru Instituut\",\"isPartOf\":{\"@id\":\"https:\\\/\\\/wi.ee\\\/et\\\/#website\"},\"datePublished\":\"2015-11-05T13:59:43+00:00\",\"dateModified\":\"2016-02-03T13:08:07+00:00\",\"breadcrumb\":{\"@id\":\"https:\\\/\\\/wi.ee\\\/et\\\/voru-instituudi-toimetised-10\\\/#breadcrumb\"},\"inLanguage\":\"et\",\"potentialAction\":[{\"@type\":\"ReadAction\",\"target\":[\"https:\\\/\\\/wi.ee\\\/et\\\/voru-instituudi-toimetised-10\\\/\"]}]},{\"@type\":\"BreadcrumbList\",\"@id\":\"https:\\\/\\\/wi.ee\\\/et\\\/voru-instituudi-toimetised-10\\\/#breadcrumb\",\"itemListElement\":[{\"@type\":\"ListItem\",\"position\":1,\"name\":\"Avaleht\",\"item\":\"https:\\\/\\\/wi.ee\\\/et\\\/\"},{\"@type\":\"ListItem\",\"position\":2,\"name\":\"V\u00f5ru Instituudi toimetised 10\"}]},{\"@type\":\"WebSite\",\"@id\":\"https:\\\/\\\/wi.ee\\\/et\\\/#website\",\"url\":\"https:\\\/\\\/wi.ee\\\/et\\\/\",\"name\":\"V\u00f5ru Instituut\",\"description\":\"\",\"publisher\":{\"@id\":\"https:\\\/\\\/wi.ee\\\/et\\\/#organization\"},\"potentialAction\":[{\"@type\":\"SearchAction\",\"target\":{\"@type\":\"EntryPoint\",\"urlTemplate\":\"https:\\\/\\\/wi.ee\\\/et\\\/?s={search_term_string}\"},\"query-input\":{\"@type\":\"PropertyValueSpecification\",\"valueRequired\":true,\"valueName\":\"search_term_string\"}}],\"inLanguage\":\"et\"},{\"@type\":\"Organization\",\"@id\":\"https:\\\/\\\/wi.ee\\\/et\\\/#organization\",\"name\":\"V\u00f5ru Instituut\",\"url\":\"https:\\\/\\\/wi.ee\\\/et\\\/\",\"logo\":{\"@type\":\"ImageObject\",\"inLanguage\":\"et\",\"@id\":\"https:\\\/\\\/wi.ee\\\/et\\\/#\\\/schema\\\/logo\\\/image\\\/\",\"url\":\"https:\\\/\\\/wi.ee\\\/wp-content\\\/uploads\\\/2015\\\/05\\\/logo-150507.png\",\"contentUrl\":\"https:\\\/\\\/wi.ee\\\/wp-content\\\/uploads\\\/2015\\\/05\\\/logo-150507.png\",\"width\":183,\"height\":123,\"caption\":\"V\u00f5ru Instituut\"},\"image\":{\"@id\":\"https:\\\/\\\/wi.ee\\\/et\\\/#\\\/schema\\\/logo\\\/image\\\/\"},\"sameAs\":[\"https:\\\/\\\/www.facebook.com\\\/VoroInstituut\"]}]}<\/script>\n<!-- \/ Yoast SEO plugin. -->","yoast_head_json":{"title":"V\u00f5ru Instituudi toimetised 10 - V\u00f5ru Instituut","robots":{"index":"index","follow":"follow","max-snippet":"max-snippet:-1","max-image-preview":"max-image-preview:large","max-video-preview":"max-video-preview:-1"},"canonical":"https:\/\/wi.ee\/et\/voru-instituudi-toimetised-10\/","og_locale":"et_EE","og_type":"article","og_title":"V\u00f5ru Instituudi toimetised 10 - V\u00f5ru Instituut","og_description":"\u00d5dagumeresoom\u00f5 piiris\u00fc\u00e4meq Pajusalu, Karl, J\u00fcva, Sull\u00f5v (toim.) V\u00f5ru: V\u00f5ro Instituudi Toim\u00f5ndus\u00f5 10, 2000 Kogumikku on koondatud Setomaal V\u00e4rskas peetud konverentsi Keskused l\u00e4\u00e4nemeresoome piiridel \/ \u00d5dagumeresoom\u00f5 piiris\u00fc\u00e4me ettekanded. Kogumik j\u00e4tkab V\u00f5ro Instituudi toimetiste nr 4 ja nr 6 temaatikat. Artiklid Helena Sulkala. &#8220;Keel, identiteet, \u00fchiskond&#8221;. Mare Aun. &#8220;Asulakohtade arheoloogilisest uurimisest Setumaal 1998. ja 1999.aastal&#8221;. Arvis Kiristaja. [&hellip;]","og_url":"https:\/\/wi.ee\/et\/voru-instituudi-toimetised-10\/","og_site_name":"V\u00f5ru Instituut","article_publisher":"https:\/\/www.facebook.com\/VoroInstituut","article_modified_time":"2016-02-03T13:08:07+00:00","og_image":[{"width":183,"height":123,"url":"https:\/\/wi.ee\/wp-content\/uploads\/2015\/05\/logo-150507.png","type":"image\/png"}],"twitter_misc":{"Est. reading time":"1 minut"},"schema":{"@context":"https:\/\/schema.org","@graph":[{"@type":"WebPage","@id":"https:\/\/wi.ee\/et\/voru-instituudi-toimetised-10\/","url":"https:\/\/wi.ee\/et\/voru-instituudi-toimetised-10\/","name":"V\u00f5ru Instituudi toimetised 10 - V\u00f5ru Instituut","isPartOf":{"@id":"https:\/\/wi.ee\/et\/#website"},"datePublished":"2015-11-05T13:59:43+00:00","dateModified":"2016-02-03T13:08:07+00:00","breadcrumb":{"@id":"https:\/\/wi.ee\/et\/voru-instituudi-toimetised-10\/#breadcrumb"},"inLanguage":"et","potentialAction":[{"@type":"ReadAction","target":["https:\/\/wi.ee\/et\/voru-instituudi-toimetised-10\/"]}]},{"@type":"BreadcrumbList","@id":"https:\/\/wi.ee\/et\/voru-instituudi-toimetised-10\/#breadcrumb","itemListElement":[{"@type":"ListItem","position":1,"name":"Avaleht","item":"https:\/\/wi.ee\/et\/"},{"@type":"ListItem","position":2,"name":"V\u00f5ru Instituudi toimetised 10"}]},{"@type":"WebSite","@id":"https:\/\/wi.ee\/et\/#website","url":"https:\/\/wi.ee\/et\/","name":"V\u00f5ru Instituut","description":"","publisher":{"@id":"https:\/\/wi.ee\/et\/#organization"},"potentialAction":[{"@type":"SearchAction","target":{"@type":"EntryPoint","urlTemplate":"https:\/\/wi.ee\/et\/?s={search_term_string}"},"query-input":{"@type":"PropertyValueSpecification","valueRequired":true,"valueName":"search_term_string"}}],"inLanguage":"et"},{"@type":"Organization","@id":"https:\/\/wi.ee\/et\/#organization","name":"V\u00f5ru Instituut","url":"https:\/\/wi.ee\/et\/","logo":{"@type":"ImageObject","inLanguage":"et","@id":"https:\/\/wi.ee\/et\/#\/schema\/logo\/image\/","url":"https:\/\/wi.ee\/wp-content\/uploads\/2015\/05\/logo-150507.png","contentUrl":"https:\/\/wi.ee\/wp-content\/uploads\/2015\/05\/logo-150507.png","width":183,"height":123,"caption":"V\u00f5ru Instituut"},"image":{"@id":"https:\/\/wi.ee\/et\/#\/schema\/logo\/image\/"},"sameAs":["https:\/\/www.facebook.com\/VoroInstituut"]}]}},"_links":{"self":[{"href":"https:\/\/wi.ee\/et\/wp-json\/wp\/v2\/pages\/862","targetHints":{"allow":["GET"]}}],"collection":[{"href":"https:\/\/wi.ee\/et\/wp-json\/wp\/v2\/pages"}],"about":[{"href":"https:\/\/wi.ee\/et\/wp-json\/wp\/v2\/types\/page"}],"author":[{"embeddable":true,"href":"https:\/\/wi.ee\/et\/wp-json\/wp\/v2\/users\/2"}],"replies":[{"embeddable":true,"href":"https:\/\/wi.ee\/et\/wp-json\/wp\/v2\/comments?post=862"}],"version-history":[{"count":2,"href":"https:\/\/wi.ee\/et\/wp-json\/wp\/v2\/pages\/862\/revisions"}],"predecessor-version":[{"id":1228,"href":"https:\/\/wi.ee\/et\/wp-json\/wp\/v2\/pages\/862\/revisions\/1228"}],"wp:attachment":[{"href":"https:\/\/wi.ee\/et\/wp-json\/wp\/v2\/media?parent=862"}],"curies":[{"name":"wp","href":"https:\/\/api.w.org\/{rel}","templated":true}]}}