{"id":860,"date":"2015-11-05T15:58:58","date_gmt":"2015-11-05T13:58:58","guid":{"rendered":"https:\/\/wi.ee\/?page_id=860"},"modified":"2015-11-05T15:58:58","modified_gmt":"2015-11-05T13:58:58","slug":"voru-instituudi-toimetised-9","status":"publish","type":"page","link":"https:\/\/wi.ee\/et\/voru-instituudi-toimetised-9\/","title":{"rendered":"V\u00f5ru Instituudi toimetised 9"},"content":{"rendered":"<p><em><strong>Tiijuht&#8217; ABC kir\u00e4oppus\u00f5 manoq<\/strong><\/p>\n<p><\/em>Reimann, Nele (toim.)<br \/>\nV\u00f5ru: V\u00f5ro Instituudi Toim\u00f5tiseq 9, 2000<\/p>\n<ul>\n<li>Metoodiline k\u00e4siraamat v\u00f5ru keele \u00f5petamiseks v\u00f5rukeelse aabitsa ABC kir\u00e4oppus j\u00e4rgi.<\/li>\n<\/ul>\n<h4>Raamatu peat\u00fckid<\/h4>\n<ul>\n<li>&#8220;T\u00e4\u00e4mb\u00e4dsest p\u00e4\u00e4v\u00e4st: keelekeskkund ni umaq komb\u00f5q ja kuul&#8221;.<\/li>\n<li>&#8220;L\u00f5unaeestikiil&#8217;ne van\u00f5mb kir\u00e4syna ja koolioppus&#8221;.<\/li>\n<li>&#8220;Soom\u00f5ugri sugulasrahvaq ja n\u00e4ide umakiil&#8217;ne kooliharidus&#8221;.<\/li>\n<li>&#8220;Kuul&#8217;meistri, lats&#8217;, van\u00f5mbaq ja vanavan\u00f5mbaq&#8221;.<\/li>\n<li>&#8220;T\u00fc\u00fcp\u00f5him\u00f5tt\u00f5q&#8221;.<\/li>\n<li>&#8220;T\u00fc\u00fcj\u00e4rek\u00f5rd&#8221;.<\/li>\n<li>&#8220;T\u00fc\u00fcviisiq&#8221;.<\/li>\n<li>&#8220;Opivara&#8221;.<\/li>\n<li>&#8220;Tiijuht&#8217; t\u00e4htioppus\u00f5 manoq&#8221;.<\/li>\n<li>&#8220;Tiijuht&#8217; v\u00f5rokiil&#8217;se lug\u00f5migu manoq&#8221;.<\/li>\n<\/ul>\n<p><span class=\"article_separator\">\u00a0<\/span><\/p>\n","protected":false},"excerpt":{"rendered":"<p>Tiijuht&#8217; ABC kir\u00e4oppus\u00f5 manoq Reimann, Nele (toim.) V\u00f5ru: V\u00f5ro Instituudi Toim\u00f5tiseq 9, 2000 Metoodiline k\u00e4siraamat v\u00f5ru keele \u00f5petamiseks v\u00f5rukeelse aabitsa ABC kir\u00e4oppus j\u00e4rgi. Raamatu peat\u00fckid &#8220;T\u00e4\u00e4mb\u00e4dsest p\u00e4\u00e4v\u00e4st: keelekeskkund ni umaq komb\u00f5q ja kuul&#8221;. &#8220;L\u00f5unaeestikiil&#8217;ne van\u00f5mb kir\u00e4syna ja koolioppus&#8221;. &#8220;Soom\u00f5ugri sugulasrahvaq ja n\u00e4ide umakiil&#8217;ne kooliharidus&#8221;. &#8220;Kuul&#8217;meistri, lats&#8217;, van\u00f5mbaq ja vanavan\u00f5mbaq&#8221;. &#8220;T\u00fc\u00fcp\u00f5him\u00f5tt\u00f5q&#8221;. &#8220;T\u00fc\u00fcj\u00e4rek\u00f5rd&#8221;. &#8220;T\u00fc\u00fcviisiq&#8221;. &#8220;Opivara&#8221;. &#8220;Tiijuht&#8217; t\u00e4htioppus\u00f5 [&hellip;]<\/p>\n","protected":false},"author":2,"featured_media":0,"parent":0,"menu_order":0,"comment_status":"closed","ping_status":"closed","template":"","meta":{"_acf_changed":false,"footnotes":""},"class_list":["post-860","page","type-page","status-publish","hentry"],"acf":[],"yoast_head":"<!-- This site is optimized with the Yoast SEO plugin v27.3 - https:\/\/yoast.com\/product\/yoast-seo-wordpress\/ -->\n<title>V\u00f5ru Instituudi toimetised 9 - V\u00f5ru Instituut<\/title>\n<meta name=\"robots\" content=\"index, follow, max-snippet:-1, max-image-preview:large, max-video-preview:-1\" \/>\n<link rel=\"canonical\" href=\"https:\/\/wi.ee\/et\/voru-instituudi-toimetised-9\/\" \/>\n<meta property=\"og:locale\" content=\"et_EE\" \/>\n<meta property=\"og:type\" content=\"article\" \/>\n<meta property=\"og:title\" content=\"V\u00f5ru Instituudi toimetised 9 - V\u00f5ru Instituut\" \/>\n<meta property=\"og:description\" content=\"Tiijuht&#8217; ABC kir\u00e4oppus\u00f5 manoq Reimann, Nele (toim.) V\u00f5ru: V\u00f5ro Instituudi Toim\u00f5tiseq 9, 2000 Metoodiline k\u00e4siraamat v\u00f5ru keele \u00f5petamiseks v\u00f5rukeelse aabitsa ABC kir\u00e4oppus j\u00e4rgi. Raamatu peat\u00fckid &#8220;T\u00e4\u00e4mb\u00e4dsest p\u00e4\u00e4v\u00e4st: keelekeskkund ni umaq komb\u00f5q ja kuul&#8221;. &#8220;L\u00f5unaeestikiil&#8217;ne van\u00f5mb kir\u00e4syna ja koolioppus&#8221;. &#8220;Soom\u00f5ugri sugulasrahvaq ja n\u00e4ide umakiil&#8217;ne kooliharidus&#8221;. &#8220;Kuul&#8217;meistri, lats&#8217;, van\u00f5mbaq ja vanavan\u00f5mbaq&#8221;. &#8220;T\u00fc\u00fcp\u00f5him\u00f5tt\u00f5q&#8221;. &#8220;T\u00fc\u00fcj\u00e4rek\u00f5rd&#8221;. &#8220;T\u00fc\u00fcviisiq&#8221;. &#8220;Opivara&#8221;. &#8220;Tiijuht&#8217; t\u00e4htioppus\u00f5 [&hellip;]\" \/>\n<meta property=\"og:url\" content=\"https:\/\/wi.ee\/et\/voru-instituudi-toimetised-9\/\" \/>\n<meta property=\"og:site_name\" content=\"V\u00f5ru Instituut\" \/>\n<meta property=\"article:publisher\" content=\"https:\/\/www.facebook.com\/VoroInstituut\" \/>\n<meta property=\"og:image\" content=\"https:\/\/wi.ee\/wp-content\/uploads\/2015\/05\/logo-150507.png\" \/>\n\t<meta property=\"og:image:width\" content=\"183\" \/>\n\t<meta property=\"og:image:height\" content=\"123\" \/>\n\t<meta property=\"og:image:type\" content=\"image\/png\" \/>\n<script type=\"application\/ld+json\" class=\"yoast-schema-graph\">{\"@context\":\"https:\\\/\\\/schema.org\",\"@graph\":[{\"@type\":\"WebPage\",\"@id\":\"https:\\\/\\\/wi.ee\\\/et\\\/voru-instituudi-toimetised-9\\\/\",\"url\":\"https:\\\/\\\/wi.ee\\\/et\\\/voru-instituudi-toimetised-9\\\/\",\"name\":\"V\u00f5ru Instituudi toimetised 9 - V\u00f5ru Instituut\",\"isPartOf\":{\"@id\":\"https:\\\/\\\/wi.ee\\\/et\\\/#website\"},\"datePublished\":\"2015-11-05T13:58:58+00:00\",\"breadcrumb\":{\"@id\":\"https:\\\/\\\/wi.ee\\\/et\\\/voru-instituudi-toimetised-9\\\/#breadcrumb\"},\"inLanguage\":\"et\",\"potentialAction\":[{\"@type\":\"ReadAction\",\"target\":[\"https:\\\/\\\/wi.ee\\\/et\\\/voru-instituudi-toimetised-9\\\/\"]}]},{\"@type\":\"BreadcrumbList\",\"@id\":\"https:\\\/\\\/wi.ee\\\/et\\\/voru-instituudi-toimetised-9\\\/#breadcrumb\",\"itemListElement\":[{\"@type\":\"ListItem\",\"position\":1,\"name\":\"Avaleht\",\"item\":\"https:\\\/\\\/wi.ee\\\/et\\\/\"},{\"@type\":\"ListItem\",\"position\":2,\"name\":\"V\u00f5ru Instituudi toimetised 9\"}]},{\"@type\":\"WebSite\",\"@id\":\"https:\\\/\\\/wi.ee\\\/et\\\/#website\",\"url\":\"https:\\\/\\\/wi.ee\\\/et\\\/\",\"name\":\"V\u00f5ru Instituut\",\"description\":\"\",\"publisher\":{\"@id\":\"https:\\\/\\\/wi.ee\\\/et\\\/#organization\"},\"potentialAction\":[{\"@type\":\"SearchAction\",\"target\":{\"@type\":\"EntryPoint\",\"urlTemplate\":\"https:\\\/\\\/wi.ee\\\/et\\\/?s={search_term_string}\"},\"query-input\":{\"@type\":\"PropertyValueSpecification\",\"valueRequired\":true,\"valueName\":\"search_term_string\"}}],\"inLanguage\":\"et\"},{\"@type\":\"Organization\",\"@id\":\"https:\\\/\\\/wi.ee\\\/et\\\/#organization\",\"name\":\"V\u00f5ru Instituut\",\"url\":\"https:\\\/\\\/wi.ee\\\/et\\\/\",\"logo\":{\"@type\":\"ImageObject\",\"inLanguage\":\"et\",\"@id\":\"https:\\\/\\\/wi.ee\\\/et\\\/#\\\/schema\\\/logo\\\/image\\\/\",\"url\":\"https:\\\/\\\/wi.ee\\\/wp-content\\\/uploads\\\/2015\\\/05\\\/logo-150507.png\",\"contentUrl\":\"https:\\\/\\\/wi.ee\\\/wp-content\\\/uploads\\\/2015\\\/05\\\/logo-150507.png\",\"width\":183,\"height\":123,\"caption\":\"V\u00f5ru Instituut\"},\"image\":{\"@id\":\"https:\\\/\\\/wi.ee\\\/et\\\/#\\\/schema\\\/logo\\\/image\\\/\"},\"sameAs\":[\"https:\\\/\\\/www.facebook.com\\\/VoroInstituut\"]}]}<\/script>\n<!-- \/ Yoast SEO plugin. -->","yoast_head_json":{"title":"V\u00f5ru Instituudi toimetised 9 - V\u00f5ru Instituut","robots":{"index":"index","follow":"follow","max-snippet":"max-snippet:-1","max-image-preview":"max-image-preview:large","max-video-preview":"max-video-preview:-1"},"canonical":"https:\/\/wi.ee\/et\/voru-instituudi-toimetised-9\/","og_locale":"et_EE","og_type":"article","og_title":"V\u00f5ru Instituudi toimetised 9 - V\u00f5ru Instituut","og_description":"Tiijuht&#8217; ABC kir\u00e4oppus\u00f5 manoq Reimann, Nele (toim.) V\u00f5ru: V\u00f5ro Instituudi Toim\u00f5tiseq 9, 2000 Metoodiline k\u00e4siraamat v\u00f5ru keele \u00f5petamiseks v\u00f5rukeelse aabitsa ABC kir\u00e4oppus j\u00e4rgi. Raamatu peat\u00fckid &#8220;T\u00e4\u00e4mb\u00e4dsest p\u00e4\u00e4v\u00e4st: keelekeskkund ni umaq komb\u00f5q ja kuul&#8221;. &#8220;L\u00f5unaeestikiil&#8217;ne van\u00f5mb kir\u00e4syna ja koolioppus&#8221;. &#8220;Soom\u00f5ugri sugulasrahvaq ja n\u00e4ide umakiil&#8217;ne kooliharidus&#8221;. &#8220;Kuul&#8217;meistri, lats&#8217;, van\u00f5mbaq ja vanavan\u00f5mbaq&#8221;. &#8220;T\u00fc\u00fcp\u00f5him\u00f5tt\u00f5q&#8221;. &#8220;T\u00fc\u00fcj\u00e4rek\u00f5rd&#8221;. &#8220;T\u00fc\u00fcviisiq&#8221;. &#8220;Opivara&#8221;. &#8220;Tiijuht&#8217; t\u00e4htioppus\u00f5 [&hellip;]","og_url":"https:\/\/wi.ee\/et\/voru-instituudi-toimetised-9\/","og_site_name":"V\u00f5ru Instituut","article_publisher":"https:\/\/www.facebook.com\/VoroInstituut","og_image":[{"width":183,"height":123,"url":"https:\/\/wi.ee\/wp-content\/uploads\/2015\/05\/logo-150507.png","type":"image\/png"}],"schema":{"@context":"https:\/\/schema.org","@graph":[{"@type":"WebPage","@id":"https:\/\/wi.ee\/et\/voru-instituudi-toimetised-9\/","url":"https:\/\/wi.ee\/et\/voru-instituudi-toimetised-9\/","name":"V\u00f5ru Instituudi toimetised 9 - V\u00f5ru Instituut","isPartOf":{"@id":"https:\/\/wi.ee\/et\/#website"},"datePublished":"2015-11-05T13:58:58+00:00","breadcrumb":{"@id":"https:\/\/wi.ee\/et\/voru-instituudi-toimetised-9\/#breadcrumb"},"inLanguage":"et","potentialAction":[{"@type":"ReadAction","target":["https:\/\/wi.ee\/et\/voru-instituudi-toimetised-9\/"]}]},{"@type":"BreadcrumbList","@id":"https:\/\/wi.ee\/et\/voru-instituudi-toimetised-9\/#breadcrumb","itemListElement":[{"@type":"ListItem","position":1,"name":"Avaleht","item":"https:\/\/wi.ee\/et\/"},{"@type":"ListItem","position":2,"name":"V\u00f5ru Instituudi toimetised 9"}]},{"@type":"WebSite","@id":"https:\/\/wi.ee\/et\/#website","url":"https:\/\/wi.ee\/et\/","name":"V\u00f5ru Instituut","description":"","publisher":{"@id":"https:\/\/wi.ee\/et\/#organization"},"potentialAction":[{"@type":"SearchAction","target":{"@type":"EntryPoint","urlTemplate":"https:\/\/wi.ee\/et\/?s={search_term_string}"},"query-input":{"@type":"PropertyValueSpecification","valueRequired":true,"valueName":"search_term_string"}}],"inLanguage":"et"},{"@type":"Organization","@id":"https:\/\/wi.ee\/et\/#organization","name":"V\u00f5ru Instituut","url":"https:\/\/wi.ee\/et\/","logo":{"@type":"ImageObject","inLanguage":"et","@id":"https:\/\/wi.ee\/et\/#\/schema\/logo\/image\/","url":"https:\/\/wi.ee\/wp-content\/uploads\/2015\/05\/logo-150507.png","contentUrl":"https:\/\/wi.ee\/wp-content\/uploads\/2015\/05\/logo-150507.png","width":183,"height":123,"caption":"V\u00f5ru Instituut"},"image":{"@id":"https:\/\/wi.ee\/et\/#\/schema\/logo\/image\/"},"sameAs":["https:\/\/www.facebook.com\/VoroInstituut"]}]}},"_links":{"self":[{"href":"https:\/\/wi.ee\/et\/wp-json\/wp\/v2\/pages\/860","targetHints":{"allow":["GET"]}}],"collection":[{"href":"https:\/\/wi.ee\/et\/wp-json\/wp\/v2\/pages"}],"about":[{"href":"https:\/\/wi.ee\/et\/wp-json\/wp\/v2\/types\/page"}],"author":[{"embeddable":true,"href":"https:\/\/wi.ee\/et\/wp-json\/wp\/v2\/users\/2"}],"replies":[{"embeddable":true,"href":"https:\/\/wi.ee\/et\/wp-json\/wp\/v2\/comments?post=860"}],"version-history":[{"count":1,"href":"https:\/\/wi.ee\/et\/wp-json\/wp\/v2\/pages\/860\/revisions"}],"predecessor-version":[{"id":861,"href":"https:\/\/wi.ee\/et\/wp-json\/wp\/v2\/pages\/860\/revisions\/861"}],"wp:attachment":[{"href":"https:\/\/wi.ee\/et\/wp-json\/wp\/v2\/media?parent=860"}],"curies":[{"name":"wp","href":"https:\/\/api.w.org\/{rel}","templated":true}]}}