{"id":858,"date":"2015-11-05T15:58:12","date_gmt":"2015-11-05T13:58:12","guid":{"rendered":"https:\/\/wi.ee\/?page_id=858"},"modified":"2015-11-05T15:58:12","modified_gmt":"2015-11-05T13:58:12","slug":"voru-instituudi-toimetised-8","status":"publish","type":"page","link":"https:\/\/wi.ee\/et\/voru-instituudi-toimetised-8\/","title":{"rendered":"V\u00f5ru Instituudi toimetised 8"},"content":{"rendered":"<p><strong><em>A kiilt rahvas kyn\u00f5l\u00f5s&#8230; V\u00f5rokeste keelest, kommetest, identiteedist<\/em><\/strong><\/p>\n<p>Koreinik, Kadri, Rahman, Jan (toim.)<br \/>\nV\u00f5ru: V\u00f5ro Instituudi Toim\u00f5tiseq 8, 2000<\/p>\n<ul>\n<li>Kogumik koondab artikleid uuringu &#8220;Kagueestlaste kombed, keel, identiteet&#8230;&#8221; tulemustest.<\/li>\n<\/ul>\n<h4>Artiklid<\/h4>\n<ul>\n<li>Karl Pajusalu, Kadri Koreinik, Jan Rahman. &#8220;L\u00f5unaeesti keele kasutusest Kagu-Eestis&#8221;.<\/li>\n<li>Aune Valk. &#8220;V\u00f5rokeste identiteedist&#8221;:<\/li>\n<li>Marju K\u00f5ivupuu. &#8220;Pulma- ja matmiskombestiku hetkeseisust&#8221;.<\/li>\n<li>Liisa Vesik. &#8220;T\u00e4htp\u00e4evad t\u00e4nap\u00e4eva Kagu-Eestis&#8221;.<\/li>\n<li>\u00dclle Harju. &#8220;Kas v\u00f5rokesed ootavad v\u00f5rukeelset ajakirjandust?&#8221;<\/li>\n<\/ul>\n<p><span class=\"article_separator\">\u00a0<\/span><\/p>\n","protected":false},"excerpt":{"rendered":"<p>A kiilt rahvas kyn\u00f5l\u00f5s&#8230; V\u00f5rokeste keelest, kommetest, identiteedist Koreinik, Kadri, Rahman, Jan (toim.) V\u00f5ru: V\u00f5ro Instituudi Toim\u00f5tiseq 8, 2000 Kogumik koondab artikleid uuringu &#8220;Kagueestlaste kombed, keel, identiteet&#8230;&#8221; tulemustest. Artiklid Karl Pajusalu, Kadri Koreinik, Jan Rahman. &#8220;L\u00f5unaeesti keele kasutusest Kagu-Eestis&#8221;. Aune Valk. &#8220;V\u00f5rokeste identiteedist&#8221;: Marju K\u00f5ivupuu. &#8220;Pulma- ja matmiskombestiku hetkeseisust&#8221;. Liisa Vesik. &#8220;T\u00e4htp\u00e4evad t\u00e4nap\u00e4eva Kagu-Eestis&#8221;. \u00dclle [&hellip;]<\/p>\n","protected":false},"author":2,"featured_media":0,"parent":0,"menu_order":0,"comment_status":"closed","ping_status":"closed","template":"","meta":{"_acf_changed":false,"footnotes":""},"class_list":["post-858","page","type-page","status-publish","hentry"],"acf":[],"yoast_head":"<!-- This site is optimized with the Yoast SEO plugin v27.3 - https:\/\/yoast.com\/product\/yoast-seo-wordpress\/ -->\n<title>V\u00f5ru Instituudi toimetised 8 - V\u00f5ru Instituut<\/title>\n<meta name=\"robots\" content=\"index, follow, max-snippet:-1, max-image-preview:large, max-video-preview:-1\" \/>\n<link rel=\"canonical\" href=\"https:\/\/wi.ee\/et\/voru-instituudi-toimetised-8\/\" \/>\n<meta property=\"og:locale\" content=\"et_EE\" \/>\n<meta property=\"og:type\" content=\"article\" \/>\n<meta property=\"og:title\" content=\"V\u00f5ru Instituudi toimetised 8 - V\u00f5ru Instituut\" \/>\n<meta property=\"og:description\" content=\"A kiilt rahvas kyn\u00f5l\u00f5s&#8230; V\u00f5rokeste keelest, kommetest, identiteedist Koreinik, Kadri, Rahman, Jan (toim.) V\u00f5ru: V\u00f5ro Instituudi Toim\u00f5tiseq 8, 2000 Kogumik koondab artikleid uuringu &#8220;Kagueestlaste kombed, keel, identiteet&#8230;&#8221; tulemustest. Artiklid Karl Pajusalu, Kadri Koreinik, Jan Rahman. &#8220;L\u00f5unaeesti keele kasutusest Kagu-Eestis&#8221;. Aune Valk. &#8220;V\u00f5rokeste identiteedist&#8221;: Marju K\u00f5ivupuu. &#8220;Pulma- ja matmiskombestiku hetkeseisust&#8221;. Liisa Vesik. &#8220;T\u00e4htp\u00e4evad t\u00e4nap\u00e4eva Kagu-Eestis&#8221;. \u00dclle [&hellip;]\" \/>\n<meta property=\"og:url\" content=\"https:\/\/wi.ee\/et\/voru-instituudi-toimetised-8\/\" \/>\n<meta property=\"og:site_name\" content=\"V\u00f5ru Instituut\" \/>\n<meta property=\"article:publisher\" content=\"https:\/\/www.facebook.com\/VoroInstituut\" \/>\n<meta property=\"og:image\" content=\"https:\/\/wi.ee\/wp-content\/uploads\/2015\/05\/logo-150507.png\" \/>\n\t<meta property=\"og:image:width\" content=\"183\" \/>\n\t<meta property=\"og:image:height\" content=\"123\" \/>\n\t<meta property=\"og:image:type\" content=\"image\/png\" \/>\n<script type=\"application\/ld+json\" class=\"yoast-schema-graph\">{\"@context\":\"https:\\\/\\\/schema.org\",\"@graph\":[{\"@type\":\"WebPage\",\"@id\":\"https:\\\/\\\/wi.ee\\\/et\\\/voru-instituudi-toimetised-8\\\/\",\"url\":\"https:\\\/\\\/wi.ee\\\/et\\\/voru-instituudi-toimetised-8\\\/\",\"name\":\"V\u00f5ru Instituudi toimetised 8 - V\u00f5ru Instituut\",\"isPartOf\":{\"@id\":\"https:\\\/\\\/wi.ee\\\/et\\\/#website\"},\"datePublished\":\"2015-11-05T13:58:12+00:00\",\"breadcrumb\":{\"@id\":\"https:\\\/\\\/wi.ee\\\/et\\\/voru-instituudi-toimetised-8\\\/#breadcrumb\"},\"inLanguage\":\"et\",\"potentialAction\":[{\"@type\":\"ReadAction\",\"target\":[\"https:\\\/\\\/wi.ee\\\/et\\\/voru-instituudi-toimetised-8\\\/\"]}]},{\"@type\":\"BreadcrumbList\",\"@id\":\"https:\\\/\\\/wi.ee\\\/et\\\/voru-instituudi-toimetised-8\\\/#breadcrumb\",\"itemListElement\":[{\"@type\":\"ListItem\",\"position\":1,\"name\":\"Avaleht\",\"item\":\"https:\\\/\\\/wi.ee\\\/et\\\/\"},{\"@type\":\"ListItem\",\"position\":2,\"name\":\"V\u00f5ru Instituudi toimetised 8\"}]},{\"@type\":\"WebSite\",\"@id\":\"https:\\\/\\\/wi.ee\\\/et\\\/#website\",\"url\":\"https:\\\/\\\/wi.ee\\\/et\\\/\",\"name\":\"V\u00f5ru Instituut\",\"description\":\"\",\"publisher\":{\"@id\":\"https:\\\/\\\/wi.ee\\\/et\\\/#organization\"},\"potentialAction\":[{\"@type\":\"SearchAction\",\"target\":{\"@type\":\"EntryPoint\",\"urlTemplate\":\"https:\\\/\\\/wi.ee\\\/et\\\/?s={search_term_string}\"},\"query-input\":{\"@type\":\"PropertyValueSpecification\",\"valueRequired\":true,\"valueName\":\"search_term_string\"}}],\"inLanguage\":\"et\"},{\"@type\":\"Organization\",\"@id\":\"https:\\\/\\\/wi.ee\\\/et\\\/#organization\",\"name\":\"V\u00f5ru Instituut\",\"url\":\"https:\\\/\\\/wi.ee\\\/et\\\/\",\"logo\":{\"@type\":\"ImageObject\",\"inLanguage\":\"et\",\"@id\":\"https:\\\/\\\/wi.ee\\\/et\\\/#\\\/schema\\\/logo\\\/image\\\/\",\"url\":\"https:\\\/\\\/wi.ee\\\/wp-content\\\/uploads\\\/2015\\\/05\\\/logo-150507.png\",\"contentUrl\":\"https:\\\/\\\/wi.ee\\\/wp-content\\\/uploads\\\/2015\\\/05\\\/logo-150507.png\",\"width\":183,\"height\":123,\"caption\":\"V\u00f5ru Instituut\"},\"image\":{\"@id\":\"https:\\\/\\\/wi.ee\\\/et\\\/#\\\/schema\\\/logo\\\/image\\\/\"},\"sameAs\":[\"https:\\\/\\\/www.facebook.com\\\/VoroInstituut\"]}]}<\/script>\n<!-- \/ Yoast SEO plugin. -->","yoast_head_json":{"title":"V\u00f5ru Instituudi toimetised 8 - V\u00f5ru Instituut","robots":{"index":"index","follow":"follow","max-snippet":"max-snippet:-1","max-image-preview":"max-image-preview:large","max-video-preview":"max-video-preview:-1"},"canonical":"https:\/\/wi.ee\/et\/voru-instituudi-toimetised-8\/","og_locale":"et_EE","og_type":"article","og_title":"V\u00f5ru Instituudi toimetised 8 - V\u00f5ru Instituut","og_description":"A kiilt rahvas kyn\u00f5l\u00f5s&#8230; V\u00f5rokeste keelest, kommetest, identiteedist Koreinik, Kadri, Rahman, Jan (toim.) V\u00f5ru: V\u00f5ro Instituudi Toim\u00f5tiseq 8, 2000 Kogumik koondab artikleid uuringu &#8220;Kagueestlaste kombed, keel, identiteet&#8230;&#8221; tulemustest. Artiklid Karl Pajusalu, Kadri Koreinik, Jan Rahman. &#8220;L\u00f5unaeesti keele kasutusest Kagu-Eestis&#8221;. Aune Valk. &#8220;V\u00f5rokeste identiteedist&#8221;: Marju K\u00f5ivupuu. &#8220;Pulma- ja matmiskombestiku hetkeseisust&#8221;. Liisa Vesik. &#8220;T\u00e4htp\u00e4evad t\u00e4nap\u00e4eva Kagu-Eestis&#8221;. \u00dclle [&hellip;]","og_url":"https:\/\/wi.ee\/et\/voru-instituudi-toimetised-8\/","og_site_name":"V\u00f5ru Instituut","article_publisher":"https:\/\/www.facebook.com\/VoroInstituut","og_image":[{"width":183,"height":123,"url":"https:\/\/wi.ee\/wp-content\/uploads\/2015\/05\/logo-150507.png","type":"image\/png"}],"schema":{"@context":"https:\/\/schema.org","@graph":[{"@type":"WebPage","@id":"https:\/\/wi.ee\/et\/voru-instituudi-toimetised-8\/","url":"https:\/\/wi.ee\/et\/voru-instituudi-toimetised-8\/","name":"V\u00f5ru Instituudi toimetised 8 - V\u00f5ru Instituut","isPartOf":{"@id":"https:\/\/wi.ee\/et\/#website"},"datePublished":"2015-11-05T13:58:12+00:00","breadcrumb":{"@id":"https:\/\/wi.ee\/et\/voru-instituudi-toimetised-8\/#breadcrumb"},"inLanguage":"et","potentialAction":[{"@type":"ReadAction","target":["https:\/\/wi.ee\/et\/voru-instituudi-toimetised-8\/"]}]},{"@type":"BreadcrumbList","@id":"https:\/\/wi.ee\/et\/voru-instituudi-toimetised-8\/#breadcrumb","itemListElement":[{"@type":"ListItem","position":1,"name":"Avaleht","item":"https:\/\/wi.ee\/et\/"},{"@type":"ListItem","position":2,"name":"V\u00f5ru Instituudi toimetised 8"}]},{"@type":"WebSite","@id":"https:\/\/wi.ee\/et\/#website","url":"https:\/\/wi.ee\/et\/","name":"V\u00f5ru Instituut","description":"","publisher":{"@id":"https:\/\/wi.ee\/et\/#organization"},"potentialAction":[{"@type":"SearchAction","target":{"@type":"EntryPoint","urlTemplate":"https:\/\/wi.ee\/et\/?s={search_term_string}"},"query-input":{"@type":"PropertyValueSpecification","valueRequired":true,"valueName":"search_term_string"}}],"inLanguage":"et"},{"@type":"Organization","@id":"https:\/\/wi.ee\/et\/#organization","name":"V\u00f5ru Instituut","url":"https:\/\/wi.ee\/et\/","logo":{"@type":"ImageObject","inLanguage":"et","@id":"https:\/\/wi.ee\/et\/#\/schema\/logo\/image\/","url":"https:\/\/wi.ee\/wp-content\/uploads\/2015\/05\/logo-150507.png","contentUrl":"https:\/\/wi.ee\/wp-content\/uploads\/2015\/05\/logo-150507.png","width":183,"height":123,"caption":"V\u00f5ru Instituut"},"image":{"@id":"https:\/\/wi.ee\/et\/#\/schema\/logo\/image\/"},"sameAs":["https:\/\/www.facebook.com\/VoroInstituut"]}]}},"_links":{"self":[{"href":"https:\/\/wi.ee\/et\/wp-json\/wp\/v2\/pages\/858","targetHints":{"allow":["GET"]}}],"collection":[{"href":"https:\/\/wi.ee\/et\/wp-json\/wp\/v2\/pages"}],"about":[{"href":"https:\/\/wi.ee\/et\/wp-json\/wp\/v2\/types\/page"}],"author":[{"embeddable":true,"href":"https:\/\/wi.ee\/et\/wp-json\/wp\/v2\/users\/2"}],"replies":[{"embeddable":true,"href":"https:\/\/wi.ee\/et\/wp-json\/wp\/v2\/comments?post=858"}],"version-history":[{"count":1,"href":"https:\/\/wi.ee\/et\/wp-json\/wp\/v2\/pages\/858\/revisions"}],"predecessor-version":[{"id":859,"href":"https:\/\/wi.ee\/et\/wp-json\/wp\/v2\/pages\/858\/revisions\/859"}],"wp:attachment":[{"href":"https:\/\/wi.ee\/et\/wp-json\/wp\/v2\/media?parent=858"}],"curies":[{"name":"wp","href":"https:\/\/api.w.org\/{rel}","templated":true}]}}