{"id":856,"date":"2015-11-05T15:57:08","date_gmt":"2015-11-05T13:57:08","guid":{"rendered":"https:\/\/wi.ee\/?page_id=856"},"modified":"2015-11-05T15:57:08","modified_gmt":"2015-11-05T13:57:08","slug":"voru-instituudi-toimetised-7","status":"publish","type":"page","link":"https:\/\/wi.ee\/et\/voru-instituudi-toimetised-7\/","title":{"rendered":"V\u00f5ru Instituudi toimetised 7"},"content":{"rendered":"<p><strong><em>V\u00f5ro kir\u00e4nd\u00fcse luumine\/V\u00f5ro kirjanduse loomine<\/em><\/strong><\/p>\n<p>Kauksi, \u00dclle, Reimann, Nele (toim.)<br \/>\nV\u00f5ru: V\u00f5ro Instituudi Toim\u00f5tiseq 7, 2000<\/p>\n<ul>\n<li>Kogumik koondab v\u00f5ro kirjanduse aasta jooksul eri konverentsidel peetud ettekandeid v\u00f5ro kirjandusest ja kirjanikest.<\/li>\n<\/ul>\n<h4>Artiklid<\/h4>\n<ul>\n<li>Kauksi \u00dclle. &#8220;V\u00f5ro kir\u00e4nd\u00fcse luumine&#8221;.<\/li>\n<li>Toivo Kotov. &#8220;P\u00f6\u00f6rdumine. Seletuskiri Jaan Lattiku asjus&#8221;.<\/li>\n<li>Enno Tanilas. &#8220;Tiijuht. Jutlus Karula kirikus Jaan Lattiku m\u00e4lestusjumalateenistusel&#8221;.<\/li>\n<li>Helbe Merila-Lattik. &#8220;Jaan Lattiku perekonnaloost&#8221;.<\/li>\n<li>Enno Tanilas. &#8220;Jaan Lattik vaimulikuna&#8221;.<\/li>\n<li>\u00dclo Tonts. &#8220;Kirjanik Jaan Lattik ja Karula&#8221;.<\/li>\n<li>Vootele Hansen. &#8220;Jaan Lattik kui Asutava Kogu liige&#8221;.<\/li>\n<li>Mart Laar. &#8220;Jaan Lattik Eesti ajaloo p\u00f6\u00f6rdtuultes&#8221;.<\/li>\n<li>Peeter Olesk. &#8220;Jaan Lattik muutuvas ajas&#8221;.<\/li>\n<li>Hando Runnel. &#8220;Kunstiiva Jaan Lattiku jutukoorukese sees&#8221;.<\/li>\n<li>Marju K\u00f5ivupuu. &#8220;Mille maq aviti osa Jaan Lattiku jutt\u00f5 hel\u00fcl\u00f5ksi p\u00fc\u00fcnd\u00e4q&#8221;.<\/li>\n<li>Kauksi \u00dclle. &#8220;Jaigi ja Lattiku ilmaq&#8221;.<\/li>\n<li>Ilo Jaik &#8220;Tervit\u00fcs&#8221;.<\/li>\n<li>Valdur Raudvassar. &#8220;Juhan Jaik- vabadusv\u00f5itl\u00f5ja&#8221;.<\/li>\n<li>Valdo Valper. &#8220;Jaik ja Raud- arbuja ja &#8220;arbuja&#8221; vai \u00e4rq putkuq, \u00e4kki om sitt&#8221;.<\/li>\n<li>Ain Kaalep. &#8220;Juhan Jaigi jutte filmina&#8221;.<\/li>\n<li>Kauksi \u00dclle. &#8220;Must kivi, valg\u00f5 kivi, kaarnakivi&#8221;.<\/li>\n<li>Arne Merilai. &#8220;Jaigist ja meetrikast&#8221;.<\/li>\n<li>Evar Saar. &#8220;Hunt vai susi&#8221;.<\/li>\n<li>Hasso Krull. &#8220;T\u00fck&#8217;mine ja himo (v\u00f5rokiilne kokkov\u00f5t\u00f5q)&#8221;:<\/li>\n<li>Madis K\u00f5iv. &#8220;Juhan Jaik: Vihmatark ja Luudermikk (v\u00f5rokiilne kokkov\u00f5t\u00f5q)&#8221;.<\/li>\n<li>Jaan Kolk. &#8220;Raimond ja V\u00e4hikuningas&#8221;.<\/li>\n<li>Sirje Kiin. &#8220;Artur Adsoni &#8211; Marie Underi armastaja, arhivaar ja biografist&#8221;.<\/li>\n<li>Tiia Allas. &#8220;Kumma Kauksi \u00dclle kotusa &#8211; kas s\u00e4ng\u00fc vai paadi &#8211; kommunikatsioon um kimm\u00e4mp?&#8221;<\/li>\n<li>Taive S\u00e4rg. &#8220;Naer on puhas&#8221;.<\/li>\n<li>Pulga Jaan. &#8220;V\u00f5ruk\u00f5isi h\u00e4d\u00e4q l\u00e4bi K\u00f5ivu Madiss\u00f5 silmi ja tim\u00e4 suguv\u00f5sa saatus\u00f5&#8221;.<\/li>\n<li>Evar Saar. &#8220;Kotuss\u00f5nimeq Madis K\u00f5ivu Pekri raamadun&#8221;.<\/li>\n<li>Janika Kronberg. &#8220;V\u00f5ru kirjanikud maailmas&#8221;.<\/li>\n<li>Kauksi \u00dclle. &#8220;V\u00f5ro kir\u00e4nd\u00fcs- mi\u00e4 tuu om?&#8221;<\/li>\n<\/ul>\n","protected":false},"excerpt":{"rendered":"<p>V\u00f5ro kir\u00e4nd\u00fcse luumine\/V\u00f5ro kirjanduse loomine Kauksi, \u00dclle, Reimann, Nele (toim.) V\u00f5ru: V\u00f5ro Instituudi Toim\u00f5tiseq 7, 2000 Kogumik koondab v\u00f5ro kirjanduse aasta jooksul eri konverentsidel peetud ettekandeid v\u00f5ro kirjandusest ja kirjanikest. Artiklid Kauksi \u00dclle. &#8220;V\u00f5ro kir\u00e4nd\u00fcse luumine&#8221;. Toivo Kotov. &#8220;P\u00f6\u00f6rdumine. Seletuskiri Jaan Lattiku asjus&#8221;. Enno Tanilas. &#8220;Tiijuht. Jutlus Karula kirikus Jaan Lattiku m\u00e4lestusjumalateenistusel&#8221;. Helbe Merila-Lattik. &#8220;Jaan [&hellip;]<\/p>\n","protected":false},"author":2,"featured_media":0,"parent":0,"menu_order":0,"comment_status":"closed","ping_status":"closed","template":"","meta":{"_acf_changed":false,"footnotes":""},"class_list":["post-856","page","type-page","status-publish","hentry"],"acf":[],"yoast_head":"<!-- This site is optimized with the Yoast SEO plugin v27.3 - https:\/\/yoast.com\/product\/yoast-seo-wordpress\/ -->\n<title>V\u00f5ru Instituudi toimetised 7 - V\u00f5ru Instituut<\/title>\n<meta name=\"robots\" content=\"index, follow, max-snippet:-1, max-image-preview:large, max-video-preview:-1\" \/>\n<link rel=\"canonical\" href=\"https:\/\/wi.ee\/et\/voru-instituudi-toimetised-7\/\" \/>\n<meta property=\"og:locale\" content=\"et_EE\" \/>\n<meta property=\"og:type\" content=\"article\" \/>\n<meta property=\"og:title\" content=\"V\u00f5ru Instituudi toimetised 7 - V\u00f5ru Instituut\" \/>\n<meta property=\"og:description\" content=\"V\u00f5ro kir\u00e4nd\u00fcse luumine\/V\u00f5ro kirjanduse loomine Kauksi, \u00dclle, Reimann, Nele (toim.) V\u00f5ru: V\u00f5ro Instituudi Toim\u00f5tiseq 7, 2000 Kogumik koondab v\u00f5ro kirjanduse aasta jooksul eri konverentsidel peetud ettekandeid v\u00f5ro kirjandusest ja kirjanikest. Artiklid Kauksi \u00dclle. &#8220;V\u00f5ro kir\u00e4nd\u00fcse luumine&#8221;. Toivo Kotov. &#8220;P\u00f6\u00f6rdumine. Seletuskiri Jaan Lattiku asjus&#8221;. Enno Tanilas. &#8220;Tiijuht. Jutlus Karula kirikus Jaan Lattiku m\u00e4lestusjumalateenistusel&#8221;. Helbe Merila-Lattik. &#8220;Jaan [&hellip;]\" \/>\n<meta property=\"og:url\" content=\"https:\/\/wi.ee\/et\/voru-instituudi-toimetised-7\/\" \/>\n<meta property=\"og:site_name\" content=\"V\u00f5ru Instituut\" \/>\n<meta property=\"article:publisher\" content=\"https:\/\/www.facebook.com\/VoroInstituut\" \/>\n<meta property=\"og:image\" content=\"https:\/\/wi.ee\/wp-content\/uploads\/2015\/05\/logo-150507.png\" \/>\n\t<meta property=\"og:image:width\" content=\"183\" \/>\n\t<meta property=\"og:image:height\" content=\"123\" \/>\n\t<meta property=\"og:image:type\" content=\"image\/png\" \/>\n<meta name=\"twitter:label1\" content=\"Est. reading time\" \/>\n\t<meta name=\"twitter:data1\" content=\"1 minut\" \/>\n<script type=\"application\/ld+json\" class=\"yoast-schema-graph\">{\"@context\":\"https:\\\/\\\/schema.org\",\"@graph\":[{\"@type\":\"WebPage\",\"@id\":\"https:\\\/\\\/wi.ee\\\/et\\\/voru-instituudi-toimetised-7\\\/\",\"url\":\"https:\\\/\\\/wi.ee\\\/et\\\/voru-instituudi-toimetised-7\\\/\",\"name\":\"V\u00f5ru Instituudi toimetised 7 - V\u00f5ru Instituut\",\"isPartOf\":{\"@id\":\"https:\\\/\\\/wi.ee\\\/et\\\/#website\"},\"datePublished\":\"2015-11-05T13:57:08+00:00\",\"breadcrumb\":{\"@id\":\"https:\\\/\\\/wi.ee\\\/et\\\/voru-instituudi-toimetised-7\\\/#breadcrumb\"},\"inLanguage\":\"et\",\"potentialAction\":[{\"@type\":\"ReadAction\",\"target\":[\"https:\\\/\\\/wi.ee\\\/et\\\/voru-instituudi-toimetised-7\\\/\"]}]},{\"@type\":\"BreadcrumbList\",\"@id\":\"https:\\\/\\\/wi.ee\\\/et\\\/voru-instituudi-toimetised-7\\\/#breadcrumb\",\"itemListElement\":[{\"@type\":\"ListItem\",\"position\":1,\"name\":\"Avaleht\",\"item\":\"https:\\\/\\\/wi.ee\\\/et\\\/\"},{\"@type\":\"ListItem\",\"position\":2,\"name\":\"V\u00f5ru Instituudi toimetised 7\"}]},{\"@type\":\"WebSite\",\"@id\":\"https:\\\/\\\/wi.ee\\\/et\\\/#website\",\"url\":\"https:\\\/\\\/wi.ee\\\/et\\\/\",\"name\":\"V\u00f5ru Instituut\",\"description\":\"\",\"publisher\":{\"@id\":\"https:\\\/\\\/wi.ee\\\/et\\\/#organization\"},\"potentialAction\":[{\"@type\":\"SearchAction\",\"target\":{\"@type\":\"EntryPoint\",\"urlTemplate\":\"https:\\\/\\\/wi.ee\\\/et\\\/?s={search_term_string}\"},\"query-input\":{\"@type\":\"PropertyValueSpecification\",\"valueRequired\":true,\"valueName\":\"search_term_string\"}}],\"inLanguage\":\"et\"},{\"@type\":\"Organization\",\"@id\":\"https:\\\/\\\/wi.ee\\\/et\\\/#organization\",\"name\":\"V\u00f5ru Instituut\",\"url\":\"https:\\\/\\\/wi.ee\\\/et\\\/\",\"logo\":{\"@type\":\"ImageObject\",\"inLanguage\":\"et\",\"@id\":\"https:\\\/\\\/wi.ee\\\/et\\\/#\\\/schema\\\/logo\\\/image\\\/\",\"url\":\"https:\\\/\\\/wi.ee\\\/wp-content\\\/uploads\\\/2015\\\/05\\\/logo-150507.png\",\"contentUrl\":\"https:\\\/\\\/wi.ee\\\/wp-content\\\/uploads\\\/2015\\\/05\\\/logo-150507.png\",\"width\":183,\"height\":123,\"caption\":\"V\u00f5ru Instituut\"},\"image\":{\"@id\":\"https:\\\/\\\/wi.ee\\\/et\\\/#\\\/schema\\\/logo\\\/image\\\/\"},\"sameAs\":[\"https:\\\/\\\/www.facebook.com\\\/VoroInstituut\"]}]}<\/script>\n<!-- \/ Yoast SEO plugin. -->","yoast_head_json":{"title":"V\u00f5ru Instituudi toimetised 7 - V\u00f5ru Instituut","robots":{"index":"index","follow":"follow","max-snippet":"max-snippet:-1","max-image-preview":"max-image-preview:large","max-video-preview":"max-video-preview:-1"},"canonical":"https:\/\/wi.ee\/et\/voru-instituudi-toimetised-7\/","og_locale":"et_EE","og_type":"article","og_title":"V\u00f5ru Instituudi toimetised 7 - V\u00f5ru Instituut","og_description":"V\u00f5ro kir\u00e4nd\u00fcse luumine\/V\u00f5ro kirjanduse loomine Kauksi, \u00dclle, Reimann, Nele (toim.) V\u00f5ru: V\u00f5ro Instituudi Toim\u00f5tiseq 7, 2000 Kogumik koondab v\u00f5ro kirjanduse aasta jooksul eri konverentsidel peetud ettekandeid v\u00f5ro kirjandusest ja kirjanikest. Artiklid Kauksi \u00dclle. &#8220;V\u00f5ro kir\u00e4nd\u00fcse luumine&#8221;. Toivo Kotov. &#8220;P\u00f6\u00f6rdumine. Seletuskiri Jaan Lattiku asjus&#8221;. Enno Tanilas. &#8220;Tiijuht. Jutlus Karula kirikus Jaan Lattiku m\u00e4lestusjumalateenistusel&#8221;. Helbe Merila-Lattik. &#8220;Jaan [&hellip;]","og_url":"https:\/\/wi.ee\/et\/voru-instituudi-toimetised-7\/","og_site_name":"V\u00f5ru Instituut","article_publisher":"https:\/\/www.facebook.com\/VoroInstituut","og_image":[{"width":183,"height":123,"url":"https:\/\/wi.ee\/wp-content\/uploads\/2015\/05\/logo-150507.png","type":"image\/png"}],"twitter_misc":{"Est. reading time":"1 minut"},"schema":{"@context":"https:\/\/schema.org","@graph":[{"@type":"WebPage","@id":"https:\/\/wi.ee\/et\/voru-instituudi-toimetised-7\/","url":"https:\/\/wi.ee\/et\/voru-instituudi-toimetised-7\/","name":"V\u00f5ru Instituudi toimetised 7 - V\u00f5ru Instituut","isPartOf":{"@id":"https:\/\/wi.ee\/et\/#website"},"datePublished":"2015-11-05T13:57:08+00:00","breadcrumb":{"@id":"https:\/\/wi.ee\/et\/voru-instituudi-toimetised-7\/#breadcrumb"},"inLanguage":"et","potentialAction":[{"@type":"ReadAction","target":["https:\/\/wi.ee\/et\/voru-instituudi-toimetised-7\/"]}]},{"@type":"BreadcrumbList","@id":"https:\/\/wi.ee\/et\/voru-instituudi-toimetised-7\/#breadcrumb","itemListElement":[{"@type":"ListItem","position":1,"name":"Avaleht","item":"https:\/\/wi.ee\/et\/"},{"@type":"ListItem","position":2,"name":"V\u00f5ru Instituudi toimetised 7"}]},{"@type":"WebSite","@id":"https:\/\/wi.ee\/et\/#website","url":"https:\/\/wi.ee\/et\/","name":"V\u00f5ru Instituut","description":"","publisher":{"@id":"https:\/\/wi.ee\/et\/#organization"},"potentialAction":[{"@type":"SearchAction","target":{"@type":"EntryPoint","urlTemplate":"https:\/\/wi.ee\/et\/?s={search_term_string}"},"query-input":{"@type":"PropertyValueSpecification","valueRequired":true,"valueName":"search_term_string"}}],"inLanguage":"et"},{"@type":"Organization","@id":"https:\/\/wi.ee\/et\/#organization","name":"V\u00f5ru Instituut","url":"https:\/\/wi.ee\/et\/","logo":{"@type":"ImageObject","inLanguage":"et","@id":"https:\/\/wi.ee\/et\/#\/schema\/logo\/image\/","url":"https:\/\/wi.ee\/wp-content\/uploads\/2015\/05\/logo-150507.png","contentUrl":"https:\/\/wi.ee\/wp-content\/uploads\/2015\/05\/logo-150507.png","width":183,"height":123,"caption":"V\u00f5ru Instituut"},"image":{"@id":"https:\/\/wi.ee\/et\/#\/schema\/logo\/image\/"},"sameAs":["https:\/\/www.facebook.com\/VoroInstituut"]}]}},"_links":{"self":[{"href":"https:\/\/wi.ee\/et\/wp-json\/wp\/v2\/pages\/856","targetHints":{"allow":["GET"]}}],"collection":[{"href":"https:\/\/wi.ee\/et\/wp-json\/wp\/v2\/pages"}],"about":[{"href":"https:\/\/wi.ee\/et\/wp-json\/wp\/v2\/types\/page"}],"author":[{"embeddable":true,"href":"https:\/\/wi.ee\/et\/wp-json\/wp\/v2\/users\/2"}],"replies":[{"embeddable":true,"href":"https:\/\/wi.ee\/et\/wp-json\/wp\/v2\/comments?post=856"}],"version-history":[{"count":1,"href":"https:\/\/wi.ee\/et\/wp-json\/wp\/v2\/pages\/856\/revisions"}],"predecessor-version":[{"id":857,"href":"https:\/\/wi.ee\/et\/wp-json\/wp\/v2\/pages\/856\/revisions\/857"}],"wp:attachment":[{"href":"https:\/\/wi.ee\/et\/wp-json\/wp\/v2\/media?parent=856"}],"curies":[{"name":"wp","href":"https:\/\/api.w.org\/{rel}","templated":true}]}}