{"id":854,"date":"2015-11-05T15:55:06","date_gmt":"2015-11-05T13:55:06","guid":{"rendered":"https:\/\/wi.ee\/?page_id=854"},"modified":"2015-11-05T15:55:06","modified_gmt":"2015-11-05T13:55:06","slug":"voru-instituudi-toimetised-6","status":"publish","type":"page","link":"https:\/\/wi.ee\/et\/voru-instituudi-toimetised-6\/","title":{"rendered":"V\u00f5ru Instituudi toimetised 6"},"content":{"rendered":"<p><strong><em>\u00d5dagumeresoom\u00f5 veeremaaq<\/em>\/<em>L\u00e4\u00e4nemeresoome perifeeriad<\/em><\/strong><\/p>\n<p>Pajusalu, Karl, Tender, T\u00f5nu (toim.)<br \/>\nV\u00f5ru: V\u00f5ro Instituudi Toim\u00f5tiseq 6, 1999<\/p>\n<ul>\n<li>Kogumikku on koondatud V\u00f5romaal Kurgj\u00e4rvel peetud konverentsi L\u00e4\u00e4nemeresoome perifeeriad ettekanded. Kogumik j\u00e4tkab V\u00f5ro Instituudi toimetiste nr 4 temaatikat.<\/li>\n<\/ul>\n<h4>Artiklid<\/h4>\n<ul>\n<li>Toomas Help. &#8220;Mis on &#8220;perifeeria&#8221; v\u00f5ro keele ja v\u00f5rokeste jaoks&#8221;.<\/li>\n<li>Mati Hint. &#8220;L\u00e4\u00e4nemeresoome perifeeria k\u00f5rgkultuuri valikud ja v\u00f5imalused (v\u00f5ru n\u00e4itel)&#8221;.<\/li>\n<li>Indrek J\u00e4\u00e4ts. &#8220;Setud eestlaste regionaalse alajaotuse ja iseseisva etnose piiril&#8221;.<\/li>\n<li>Mauno Koski. &#8220;Om maid mailman tuhandit&#8221;.<\/li>\n<li>Silvia Laul. &#8220;Eesti kagunurk- piiriala Pihkva ja Ordu valduste vahel&#8221;.<\/li>\n<li>Karl Pajusalu. &#8220;L\u00f5unaeesti murdekeskused ja-perifeeriad&#8221;.<\/li>\n<li>Evar Saar. &#8220;Kotuss\u00f5nimmi ja inemisenimmi l\u00e4bikasumisest R\u00e4pin\u00e4 kihlkunnan&#8221;.<\/li>\n<li>Kalevi Wiik. &#8220;Etel\u00e4-Viron murrerejat&#8221;.<\/li>\n<li>Kalevi Wiik. &#8220;Viron murteiden pohjois-etel\u00e4-raja&#8221;.<\/li>\n<li>Valt Ern\u0161treit. &#8220;Liivi murded ja kirjakeele vormid&#8221;.<\/li>\n<li>Meeli Sedrik. &#8220;Hiiu murrakute kontaktidest eestirootsi murretega. Taustast&#8221;.<\/li>\n<li>Seppo Suhonen. &#8220;Salatsi liivi keele k\u00fcsimusi&#8221;.<\/li>\n<li>Tiit-Rein Viitso. &#8220;Keskliivi&#8221;.<\/li>\n<li>J\u00fcv\u00e4 Sull\u00f5v. &#8220;V\u00f5ro keele vabahel\u00fckuunk\u00f5la er\u00e4ndiq&#8221;.<\/li>\n<li>Merike Parve. &#8220;M\u00f5ningate v\u00f5ru vokaalide kvaliteedist&#8221;.<\/li>\n<li>Pire Teras. &#8220;Keskk\u00f5rgete vokaalide k\u00f5rgenemine V\u00f5ru murdes&#8221;.<\/li>\n<li>Eberhard Winkler. &#8220;Katkeintonatsiooni tekkest l\u00e4\u00e4nemeresoome keeltes&#8221;.<\/li>\n<li>Helena Sulkala. &#8220;P\u00f5hjaperifeeria v\u00e4ikesed keeled (II osa)&#8221;.<\/li>\n<li>Jelena Bogdanova. &#8220;Verbien refleksiivitaivutuksesta karjalan murteissa&#8221;.<\/li>\n<li>Marje Joalaid. &#8220;la-sufiksiliste k\u00fclanimede levik Vepsas&#8221;.<\/li>\n<li>Larisa Rugojeva. &#8220;Vienankarjalan ortodoksistenhenkil\u00f6nnimen foneettisesta adaptaatiosta&#8221;.<\/li>\n<li>Pekka Zaikov. &#8220;Onko karjalassa passiivia?&#8221;<\/li>\n<li>Madis Arukask. &#8221; &#8220;Venna s\u00f5jalugu&#8221;: laenulisus v\u00f5i substraat&#8221;.<\/li>\n<li>Paul Hagu. &#8220;&#8221;Peko&#8221;-eepos &#8211; kas maailma-eepika nulgatagun\u00f5 vai turukaup?&#8221;<\/li>\n<li>Pille Kippar. &#8220;L\u00e4\u00e4nemeresoome ja balti piirkond kui kontaktiv\u00e4li l\u00e4\u00e4ne ja ida vahel&#8221;.<\/li>\n<li>Marju K\u00f5ivupuu. &#8220;Perifeerset V\u00f5rumaa matusekombestikus&#8221;.<\/li>\n<li>Vaike Sarv. &#8220;Setu alade jaotus rahvaviiside p\u00f5hjal&#8221;.<\/li>\n<\/ul>\n","protected":false},"excerpt":{"rendered":"<p>\u00d5dagumeresoom\u00f5 veeremaaq\/L\u00e4\u00e4nemeresoome perifeeriad Pajusalu, Karl, Tender, T\u00f5nu (toim.) V\u00f5ru: V\u00f5ro Instituudi Toim\u00f5tiseq 6, 1999 Kogumikku on koondatud V\u00f5romaal Kurgj\u00e4rvel peetud konverentsi L\u00e4\u00e4nemeresoome perifeeriad ettekanded. Kogumik j\u00e4tkab V\u00f5ro Instituudi toimetiste nr 4 temaatikat. Artiklid Toomas Help. &#8220;Mis on &#8220;perifeeria&#8221; v\u00f5ro keele ja v\u00f5rokeste jaoks&#8221;. Mati Hint. &#8220;L\u00e4\u00e4nemeresoome perifeeria k\u00f5rgkultuuri valikud ja v\u00f5imalused (v\u00f5ru n\u00e4itel)&#8221;. Indrek J\u00e4\u00e4ts. [&hellip;]<\/p>\n","protected":false},"author":2,"featured_media":0,"parent":0,"menu_order":0,"comment_status":"closed","ping_status":"closed","template":"","meta":{"_acf_changed":false,"footnotes":""},"class_list":["post-854","page","type-page","status-publish","hentry"],"acf":[],"yoast_head":"<!-- This site is optimized with the Yoast SEO plugin v27.3 - https:\/\/yoast.com\/product\/yoast-seo-wordpress\/ -->\n<title>V\u00f5ru Instituudi toimetised 6 - V\u00f5ru Instituut<\/title>\n<meta name=\"robots\" content=\"index, follow, max-snippet:-1, max-image-preview:large, max-video-preview:-1\" \/>\n<link rel=\"canonical\" href=\"https:\/\/wi.ee\/et\/voru-instituudi-toimetised-6\/\" \/>\n<meta property=\"og:locale\" content=\"et_EE\" \/>\n<meta property=\"og:type\" content=\"article\" \/>\n<meta property=\"og:title\" content=\"V\u00f5ru Instituudi toimetised 6 - V\u00f5ru Instituut\" \/>\n<meta property=\"og:description\" content=\"\u00d5dagumeresoom\u00f5 veeremaaq\/L\u00e4\u00e4nemeresoome perifeeriad Pajusalu, Karl, Tender, T\u00f5nu (toim.) V\u00f5ru: V\u00f5ro Instituudi Toim\u00f5tiseq 6, 1999 Kogumikku on koondatud V\u00f5romaal Kurgj\u00e4rvel peetud konverentsi L\u00e4\u00e4nemeresoome perifeeriad ettekanded. Kogumik j\u00e4tkab V\u00f5ro Instituudi toimetiste nr 4 temaatikat. Artiklid Toomas Help. &#8220;Mis on &#8220;perifeeria&#8221; v\u00f5ro keele ja v\u00f5rokeste jaoks&#8221;. Mati Hint. &#8220;L\u00e4\u00e4nemeresoome perifeeria k\u00f5rgkultuuri valikud ja v\u00f5imalused (v\u00f5ru n\u00e4itel)&#8221;. Indrek J\u00e4\u00e4ts. [&hellip;]\" \/>\n<meta property=\"og:url\" content=\"https:\/\/wi.ee\/et\/voru-instituudi-toimetised-6\/\" \/>\n<meta property=\"og:site_name\" content=\"V\u00f5ru Instituut\" \/>\n<meta property=\"article:publisher\" content=\"https:\/\/www.facebook.com\/VoroInstituut\" \/>\n<meta property=\"og:image\" content=\"https:\/\/wi.ee\/wp-content\/uploads\/2015\/05\/logo-150507.png\" \/>\n\t<meta property=\"og:image:width\" content=\"183\" \/>\n\t<meta property=\"og:image:height\" content=\"123\" \/>\n\t<meta property=\"og:image:type\" content=\"image\/png\" \/>\n<meta name=\"twitter:label1\" content=\"Est. reading time\" \/>\n\t<meta name=\"twitter:data1\" content=\"1 minut\" \/>\n<script type=\"application\/ld+json\" class=\"yoast-schema-graph\">{\"@context\":\"https:\\\/\\\/schema.org\",\"@graph\":[{\"@type\":\"WebPage\",\"@id\":\"https:\\\/\\\/wi.ee\\\/et\\\/voru-instituudi-toimetised-6\\\/\",\"url\":\"https:\\\/\\\/wi.ee\\\/et\\\/voru-instituudi-toimetised-6\\\/\",\"name\":\"V\u00f5ru Instituudi toimetised 6 - V\u00f5ru Instituut\",\"isPartOf\":{\"@id\":\"https:\\\/\\\/wi.ee\\\/et\\\/#website\"},\"datePublished\":\"2015-11-05T13:55:06+00:00\",\"breadcrumb\":{\"@id\":\"https:\\\/\\\/wi.ee\\\/et\\\/voru-instituudi-toimetised-6\\\/#breadcrumb\"},\"inLanguage\":\"et\",\"potentialAction\":[{\"@type\":\"ReadAction\",\"target\":[\"https:\\\/\\\/wi.ee\\\/et\\\/voru-instituudi-toimetised-6\\\/\"]}]},{\"@type\":\"BreadcrumbList\",\"@id\":\"https:\\\/\\\/wi.ee\\\/et\\\/voru-instituudi-toimetised-6\\\/#breadcrumb\",\"itemListElement\":[{\"@type\":\"ListItem\",\"position\":1,\"name\":\"Avaleht\",\"item\":\"https:\\\/\\\/wi.ee\\\/et\\\/\"},{\"@type\":\"ListItem\",\"position\":2,\"name\":\"V\u00f5ru Instituudi toimetised 6\"}]},{\"@type\":\"WebSite\",\"@id\":\"https:\\\/\\\/wi.ee\\\/et\\\/#website\",\"url\":\"https:\\\/\\\/wi.ee\\\/et\\\/\",\"name\":\"V\u00f5ru Instituut\",\"description\":\"\",\"publisher\":{\"@id\":\"https:\\\/\\\/wi.ee\\\/et\\\/#organization\"},\"potentialAction\":[{\"@type\":\"SearchAction\",\"target\":{\"@type\":\"EntryPoint\",\"urlTemplate\":\"https:\\\/\\\/wi.ee\\\/et\\\/?s={search_term_string}\"},\"query-input\":{\"@type\":\"PropertyValueSpecification\",\"valueRequired\":true,\"valueName\":\"search_term_string\"}}],\"inLanguage\":\"et\"},{\"@type\":\"Organization\",\"@id\":\"https:\\\/\\\/wi.ee\\\/et\\\/#organization\",\"name\":\"V\u00f5ru Instituut\",\"url\":\"https:\\\/\\\/wi.ee\\\/et\\\/\",\"logo\":{\"@type\":\"ImageObject\",\"inLanguage\":\"et\",\"@id\":\"https:\\\/\\\/wi.ee\\\/et\\\/#\\\/schema\\\/logo\\\/image\\\/\",\"url\":\"https:\\\/\\\/wi.ee\\\/wp-content\\\/uploads\\\/2015\\\/05\\\/logo-150507.png\",\"contentUrl\":\"https:\\\/\\\/wi.ee\\\/wp-content\\\/uploads\\\/2015\\\/05\\\/logo-150507.png\",\"width\":183,\"height\":123,\"caption\":\"V\u00f5ru Instituut\"},\"image\":{\"@id\":\"https:\\\/\\\/wi.ee\\\/et\\\/#\\\/schema\\\/logo\\\/image\\\/\"},\"sameAs\":[\"https:\\\/\\\/www.facebook.com\\\/VoroInstituut\"]}]}<\/script>\n<!-- \/ Yoast SEO plugin. -->","yoast_head_json":{"title":"V\u00f5ru Instituudi toimetised 6 - V\u00f5ru Instituut","robots":{"index":"index","follow":"follow","max-snippet":"max-snippet:-1","max-image-preview":"max-image-preview:large","max-video-preview":"max-video-preview:-1"},"canonical":"https:\/\/wi.ee\/et\/voru-instituudi-toimetised-6\/","og_locale":"et_EE","og_type":"article","og_title":"V\u00f5ru Instituudi toimetised 6 - V\u00f5ru Instituut","og_description":"\u00d5dagumeresoom\u00f5 veeremaaq\/L\u00e4\u00e4nemeresoome perifeeriad Pajusalu, Karl, Tender, T\u00f5nu (toim.) V\u00f5ru: V\u00f5ro Instituudi Toim\u00f5tiseq 6, 1999 Kogumikku on koondatud V\u00f5romaal Kurgj\u00e4rvel peetud konverentsi L\u00e4\u00e4nemeresoome perifeeriad ettekanded. Kogumik j\u00e4tkab V\u00f5ro Instituudi toimetiste nr 4 temaatikat. Artiklid Toomas Help. &#8220;Mis on &#8220;perifeeria&#8221; v\u00f5ro keele ja v\u00f5rokeste jaoks&#8221;. Mati Hint. &#8220;L\u00e4\u00e4nemeresoome perifeeria k\u00f5rgkultuuri valikud ja v\u00f5imalused (v\u00f5ru n\u00e4itel)&#8221;. Indrek J\u00e4\u00e4ts. [&hellip;]","og_url":"https:\/\/wi.ee\/et\/voru-instituudi-toimetised-6\/","og_site_name":"V\u00f5ru Instituut","article_publisher":"https:\/\/www.facebook.com\/VoroInstituut","og_image":[{"width":183,"height":123,"url":"https:\/\/wi.ee\/wp-content\/uploads\/2015\/05\/logo-150507.png","type":"image\/png"}],"twitter_misc":{"Est. reading time":"1 minut"},"schema":{"@context":"https:\/\/schema.org","@graph":[{"@type":"WebPage","@id":"https:\/\/wi.ee\/et\/voru-instituudi-toimetised-6\/","url":"https:\/\/wi.ee\/et\/voru-instituudi-toimetised-6\/","name":"V\u00f5ru Instituudi toimetised 6 - V\u00f5ru Instituut","isPartOf":{"@id":"https:\/\/wi.ee\/et\/#website"},"datePublished":"2015-11-05T13:55:06+00:00","breadcrumb":{"@id":"https:\/\/wi.ee\/et\/voru-instituudi-toimetised-6\/#breadcrumb"},"inLanguage":"et","potentialAction":[{"@type":"ReadAction","target":["https:\/\/wi.ee\/et\/voru-instituudi-toimetised-6\/"]}]},{"@type":"BreadcrumbList","@id":"https:\/\/wi.ee\/et\/voru-instituudi-toimetised-6\/#breadcrumb","itemListElement":[{"@type":"ListItem","position":1,"name":"Avaleht","item":"https:\/\/wi.ee\/et\/"},{"@type":"ListItem","position":2,"name":"V\u00f5ru Instituudi toimetised 6"}]},{"@type":"WebSite","@id":"https:\/\/wi.ee\/et\/#website","url":"https:\/\/wi.ee\/et\/","name":"V\u00f5ru Instituut","description":"","publisher":{"@id":"https:\/\/wi.ee\/et\/#organization"},"potentialAction":[{"@type":"SearchAction","target":{"@type":"EntryPoint","urlTemplate":"https:\/\/wi.ee\/et\/?s={search_term_string}"},"query-input":{"@type":"PropertyValueSpecification","valueRequired":true,"valueName":"search_term_string"}}],"inLanguage":"et"},{"@type":"Organization","@id":"https:\/\/wi.ee\/et\/#organization","name":"V\u00f5ru Instituut","url":"https:\/\/wi.ee\/et\/","logo":{"@type":"ImageObject","inLanguage":"et","@id":"https:\/\/wi.ee\/et\/#\/schema\/logo\/image\/","url":"https:\/\/wi.ee\/wp-content\/uploads\/2015\/05\/logo-150507.png","contentUrl":"https:\/\/wi.ee\/wp-content\/uploads\/2015\/05\/logo-150507.png","width":183,"height":123,"caption":"V\u00f5ru Instituut"},"image":{"@id":"https:\/\/wi.ee\/et\/#\/schema\/logo\/image\/"},"sameAs":["https:\/\/www.facebook.com\/VoroInstituut"]}]}},"_links":{"self":[{"href":"https:\/\/wi.ee\/et\/wp-json\/wp\/v2\/pages\/854","targetHints":{"allow":["GET"]}}],"collection":[{"href":"https:\/\/wi.ee\/et\/wp-json\/wp\/v2\/pages"}],"about":[{"href":"https:\/\/wi.ee\/et\/wp-json\/wp\/v2\/types\/page"}],"author":[{"embeddable":true,"href":"https:\/\/wi.ee\/et\/wp-json\/wp\/v2\/users\/2"}],"replies":[{"embeddable":true,"href":"https:\/\/wi.ee\/et\/wp-json\/wp\/v2\/comments?post=854"}],"version-history":[{"count":1,"href":"https:\/\/wi.ee\/et\/wp-json\/wp\/v2\/pages\/854\/revisions"}],"predecessor-version":[{"id":855,"href":"https:\/\/wi.ee\/et\/wp-json\/wp\/v2\/pages\/854\/revisions\/855"}],"wp:attachment":[{"href":"https:\/\/wi.ee\/et\/wp-json\/wp\/v2\/media?parent=854"}],"curies":[{"name":"wp","href":"https:\/\/api.w.org\/{rel}","templated":true}]}}