{"id":851,"date":"2015-11-05T15:53:18","date_gmt":"2015-11-05T13:53:18","guid":{"rendered":"https:\/\/wi.ee\/?page_id=851"},"modified":"2015-11-05T15:53:18","modified_gmt":"2015-11-05T13:53:18","slug":"voru-instituudi-toimetised-5","status":"publish","type":"page","link":"https:\/\/wi.ee\/et\/voru-instituudi-toimetised-5\/","title":{"rendered":"V\u00f5ru Instituudi toimetised 5"},"content":{"rendered":"<p><strong><em>Arutlusi teadusest ja t\u00f5est<\/em><\/strong><\/p>\n<p>Kasak, Enn, Kangilaski, Jaan (toim.)<br \/>\nV\u00f5ru: V\u00f5ro Instituudi Toim\u00f5tiseq 5, 1998<\/p>\n<ul>\n<li>Kogomikun ommaq kat\u00f5 V\u00f5romaal peet filosoofiasemmin\u00e4\u00e4ri &#8211; <em>Teadus, pseudoteadus, ebateadus<\/em>, 29.02 &#8211; 2.03. 1996. aastagal K\u00fctioron ja <em>T\u00f5de filosoofias ja loogikas<\/em>, 8.-10. 05. 1997. aastagal J\u00e4rvek\u00fcl\u00e4n &#8211; mat\u00f5rjaaliq.<\/li>\n<\/ul>\n<h4>Artikliq<\/h4>\n<ul>\n<li>Enn Kasak. &#8220;Teadus, pseudoteadus, ebateadus&#8221;.<\/li>\n<li>Anto Unt.&#8221;Teaduse m\u00f5iste kujunemisest ja t\u00e4ppisteaduslikust ideaalist&#8221;.<\/li>\n<li>Rein Vihalemm. &#8220;Teadus laiemas ja kitsamas m\u00f5ttes&#8221;.<\/li>\n<li>Undo Uus. &#8220;Mitteteaduslikkusest teaduses&#8221;.<\/li>\n<li>Linnar Priim\u00e4gi. &#8220;Visuaalsest m\u00f5tlemisest&#8221;.<\/li>\n<li>Enn Kasak. &#8220;Astronoomia ja astroloogia&#8221;.<\/li>\n<li>J\u00fcri Viikberg. &#8220;Vaimukas vastasrindlane ehk anektootide teaduslikust uurimisest (teesid)&#8221;.<\/li>\n<li>Arne Merilai. &#8220;Kir\u00e4nd\u00fcstiid\u00fcisist ehk kuidas teha kirjandusteadusest F-teadus&#8221;.<\/li>\n<li>J\u00fcri Allik. &#8220;Ps\u00fchholoogia, paraps\u00fchholoogia, ebaps\u00fchholoogia&#8221;.<\/li>\n<li>Agu Vissel. &#8220;Teaduse kohast Albert Schweitzeri \u00f5petuses&#8221;.<\/li>\n<li>Piret Kuusk. &#8220;Isiksus ja t\u00e4ppisteaduslik tulemus&#8221;.<\/li>\n<li>Endla L\u00f5hkivi. &#8220;Teaduse ja pseudoteaduse eristusest teadusfilosoofi vaatenurgast (teesid)&#8221;.<\/li>\n<li>Jaan Kangilaski. &#8220;Frege ja t\u00f5de&#8221;.<\/li>\n<li>Arne Merilai. &#8220;V\u00e4ljam\u00f5eldise t\u00f5de&#8221;.<\/li>\n<li>Aune Unt. &#8220;Kunsti keeled ja filmikeeled&#8221;.<\/li>\n<li>Bruno M\u00f6lder. &#8220;Vaimu t\u00f5ev\u00e4\u00e4rtustamine&#8221;.<\/li>\n<li>Andres Luure. &#8220;T\u00f5de ja t\u00f5elus&#8221;.<\/li>\n<li>Mart Jaanson. &#8220;Muusikalisest loogikast&#8221;.<\/li>\n<li>Piret Kuusk. &#8220;T\u00f5de ja loogika teoreetilises f\u00fc\u00fcsikas&#8221;.<\/li>\n<li>T\u00f5nu Tamme. &#8220;Deduktsioon ja induktsioon&#8221;.<\/li>\n<li>J\u00fcri Eintalu. &#8220;Loogika m\u00f5istetamatusest&#8221;.<\/li>\n<li>Anto Unt. &#8220;T\u00f5de hoiakuloogikas&#8221;.<\/li>\n<li>Ago K\u00fcnnap. &#8220;M\u00fc\u00fct m\u00fc\u00fcdi vastu&#8221;.<\/li>\n<li>Enn Kasak. &#8220;Loogika ja l\u00f5pmatus&#8221;.<\/li>\n<li>Margo Laasberg. &#8220;Deflatsiooniline t\u00f5de ja t\u00f5ebioloogia&#8221;.<\/li>\n<li>Jaan Kivistik. &#8220;T\u00f5de kui tunne, t\u00f5etunne&#8221;.<\/li>\n<\/ul>\n","protected":false},"excerpt":{"rendered":"<p>Arutlusi teadusest ja t\u00f5est Kasak, Enn, Kangilaski, Jaan (toim.) V\u00f5ru: V\u00f5ro Instituudi Toim\u00f5tiseq 5, 1998 Kogomikun ommaq kat\u00f5 V\u00f5romaal peet filosoofiasemmin\u00e4\u00e4ri &#8211; Teadus, pseudoteadus, ebateadus, 29.02 &#8211; 2.03. 1996. aastagal K\u00fctioron ja T\u00f5de filosoofias ja loogikas, 8.-10. 05. 1997. aastagal J\u00e4rvek\u00fcl\u00e4n &#8211; mat\u00f5rjaaliq. Artikliq Enn Kasak. &#8220;Teadus, pseudoteadus, ebateadus&#8221;. Anto Unt.&#8221;Teaduse m\u00f5iste kujunemisest ja t\u00e4ppisteaduslikust [&hellip;]<\/p>\n","protected":false},"author":2,"featured_media":0,"parent":0,"menu_order":0,"comment_status":"closed","ping_status":"closed","template":"","meta":{"_acf_changed":false,"footnotes":""},"class_list":["post-851","page","type-page","status-publish","hentry"],"acf":[],"yoast_head":"<!-- This site is optimized with the Yoast SEO plugin v27.3 - https:\/\/yoast.com\/product\/yoast-seo-wordpress\/ -->\n<title>V\u00f5ru Instituudi toimetised 5 - V\u00f5ru Instituut<\/title>\n<meta name=\"robots\" content=\"index, follow, max-snippet:-1, max-image-preview:large, max-video-preview:-1\" \/>\n<link rel=\"canonical\" href=\"https:\/\/wi.ee\/et\/voru-instituudi-toimetised-5\/\" \/>\n<meta property=\"og:locale\" content=\"et_EE\" \/>\n<meta property=\"og:type\" content=\"article\" \/>\n<meta property=\"og:title\" content=\"V\u00f5ru Instituudi toimetised 5 - V\u00f5ru Instituut\" \/>\n<meta property=\"og:description\" content=\"Arutlusi teadusest ja t\u00f5est Kasak, Enn, Kangilaski, Jaan (toim.) V\u00f5ru: V\u00f5ro Instituudi Toim\u00f5tiseq 5, 1998 Kogomikun ommaq kat\u00f5 V\u00f5romaal peet filosoofiasemmin\u00e4\u00e4ri &#8211; Teadus, pseudoteadus, ebateadus, 29.02 &#8211; 2.03. 1996. aastagal K\u00fctioron ja T\u00f5de filosoofias ja loogikas, 8.-10. 05. 1997. aastagal J\u00e4rvek\u00fcl\u00e4n &#8211; mat\u00f5rjaaliq. Artikliq Enn Kasak. &#8220;Teadus, pseudoteadus, ebateadus&#8221;. Anto Unt.&#8221;Teaduse m\u00f5iste kujunemisest ja t\u00e4ppisteaduslikust [&hellip;]\" \/>\n<meta property=\"og:url\" content=\"https:\/\/wi.ee\/et\/voru-instituudi-toimetised-5\/\" \/>\n<meta property=\"og:site_name\" content=\"V\u00f5ru Instituut\" \/>\n<meta property=\"article:publisher\" content=\"https:\/\/www.facebook.com\/VoroInstituut\" \/>\n<meta property=\"og:image\" content=\"https:\/\/wi.ee\/wp-content\/uploads\/2015\/05\/logo-150507.png\" \/>\n\t<meta property=\"og:image:width\" content=\"183\" \/>\n\t<meta property=\"og:image:height\" content=\"123\" \/>\n\t<meta property=\"og:image:type\" content=\"image\/png\" \/>\n<meta name=\"twitter:label1\" content=\"Est. reading time\" \/>\n\t<meta name=\"twitter:data1\" content=\"1 minut\" \/>\n<script type=\"application\/ld+json\" class=\"yoast-schema-graph\">{\"@context\":\"https:\\\/\\\/schema.org\",\"@graph\":[{\"@type\":\"WebPage\",\"@id\":\"https:\\\/\\\/wi.ee\\\/et\\\/voru-instituudi-toimetised-5\\\/\",\"url\":\"https:\\\/\\\/wi.ee\\\/et\\\/voru-instituudi-toimetised-5\\\/\",\"name\":\"V\u00f5ru Instituudi toimetised 5 - V\u00f5ru Instituut\",\"isPartOf\":{\"@id\":\"https:\\\/\\\/wi.ee\\\/et\\\/#website\"},\"datePublished\":\"2015-11-05T13:53:18+00:00\",\"breadcrumb\":{\"@id\":\"https:\\\/\\\/wi.ee\\\/et\\\/voru-instituudi-toimetised-5\\\/#breadcrumb\"},\"inLanguage\":\"et\",\"potentialAction\":[{\"@type\":\"ReadAction\",\"target\":[\"https:\\\/\\\/wi.ee\\\/et\\\/voru-instituudi-toimetised-5\\\/\"]}]},{\"@type\":\"BreadcrumbList\",\"@id\":\"https:\\\/\\\/wi.ee\\\/et\\\/voru-instituudi-toimetised-5\\\/#breadcrumb\",\"itemListElement\":[{\"@type\":\"ListItem\",\"position\":1,\"name\":\"Avaleht\",\"item\":\"https:\\\/\\\/wi.ee\\\/et\\\/\"},{\"@type\":\"ListItem\",\"position\":2,\"name\":\"V\u00f5ru Instituudi toimetised 5\"}]},{\"@type\":\"WebSite\",\"@id\":\"https:\\\/\\\/wi.ee\\\/et\\\/#website\",\"url\":\"https:\\\/\\\/wi.ee\\\/et\\\/\",\"name\":\"V\u00f5ru Instituut\",\"description\":\"\",\"publisher\":{\"@id\":\"https:\\\/\\\/wi.ee\\\/et\\\/#organization\"},\"potentialAction\":[{\"@type\":\"SearchAction\",\"target\":{\"@type\":\"EntryPoint\",\"urlTemplate\":\"https:\\\/\\\/wi.ee\\\/et\\\/?s={search_term_string}\"},\"query-input\":{\"@type\":\"PropertyValueSpecification\",\"valueRequired\":true,\"valueName\":\"search_term_string\"}}],\"inLanguage\":\"et\"},{\"@type\":\"Organization\",\"@id\":\"https:\\\/\\\/wi.ee\\\/et\\\/#organization\",\"name\":\"V\u00f5ru Instituut\",\"url\":\"https:\\\/\\\/wi.ee\\\/et\\\/\",\"logo\":{\"@type\":\"ImageObject\",\"inLanguage\":\"et\",\"@id\":\"https:\\\/\\\/wi.ee\\\/et\\\/#\\\/schema\\\/logo\\\/image\\\/\",\"url\":\"https:\\\/\\\/wi.ee\\\/wp-content\\\/uploads\\\/2015\\\/05\\\/logo-150507.png\",\"contentUrl\":\"https:\\\/\\\/wi.ee\\\/wp-content\\\/uploads\\\/2015\\\/05\\\/logo-150507.png\",\"width\":183,\"height\":123,\"caption\":\"V\u00f5ru Instituut\"},\"image\":{\"@id\":\"https:\\\/\\\/wi.ee\\\/et\\\/#\\\/schema\\\/logo\\\/image\\\/\"},\"sameAs\":[\"https:\\\/\\\/www.facebook.com\\\/VoroInstituut\"]}]}<\/script>\n<!-- \/ Yoast SEO plugin. -->","yoast_head_json":{"title":"V\u00f5ru Instituudi toimetised 5 - V\u00f5ru Instituut","robots":{"index":"index","follow":"follow","max-snippet":"max-snippet:-1","max-image-preview":"max-image-preview:large","max-video-preview":"max-video-preview:-1"},"canonical":"https:\/\/wi.ee\/et\/voru-instituudi-toimetised-5\/","og_locale":"et_EE","og_type":"article","og_title":"V\u00f5ru Instituudi toimetised 5 - V\u00f5ru Instituut","og_description":"Arutlusi teadusest ja t\u00f5est Kasak, Enn, Kangilaski, Jaan (toim.) V\u00f5ru: V\u00f5ro Instituudi Toim\u00f5tiseq 5, 1998 Kogomikun ommaq kat\u00f5 V\u00f5romaal peet filosoofiasemmin\u00e4\u00e4ri &#8211; Teadus, pseudoteadus, ebateadus, 29.02 &#8211; 2.03. 1996. aastagal K\u00fctioron ja T\u00f5de filosoofias ja loogikas, 8.-10. 05. 1997. aastagal J\u00e4rvek\u00fcl\u00e4n &#8211; mat\u00f5rjaaliq. Artikliq Enn Kasak. &#8220;Teadus, pseudoteadus, ebateadus&#8221;. Anto Unt.&#8221;Teaduse m\u00f5iste kujunemisest ja t\u00e4ppisteaduslikust [&hellip;]","og_url":"https:\/\/wi.ee\/et\/voru-instituudi-toimetised-5\/","og_site_name":"V\u00f5ru Instituut","article_publisher":"https:\/\/www.facebook.com\/VoroInstituut","og_image":[{"width":183,"height":123,"url":"https:\/\/wi.ee\/wp-content\/uploads\/2015\/05\/logo-150507.png","type":"image\/png"}],"twitter_misc":{"Est. reading time":"1 minut"},"schema":{"@context":"https:\/\/schema.org","@graph":[{"@type":"WebPage","@id":"https:\/\/wi.ee\/et\/voru-instituudi-toimetised-5\/","url":"https:\/\/wi.ee\/et\/voru-instituudi-toimetised-5\/","name":"V\u00f5ru Instituudi toimetised 5 - V\u00f5ru Instituut","isPartOf":{"@id":"https:\/\/wi.ee\/et\/#website"},"datePublished":"2015-11-05T13:53:18+00:00","breadcrumb":{"@id":"https:\/\/wi.ee\/et\/voru-instituudi-toimetised-5\/#breadcrumb"},"inLanguage":"et","potentialAction":[{"@type":"ReadAction","target":["https:\/\/wi.ee\/et\/voru-instituudi-toimetised-5\/"]}]},{"@type":"BreadcrumbList","@id":"https:\/\/wi.ee\/et\/voru-instituudi-toimetised-5\/#breadcrumb","itemListElement":[{"@type":"ListItem","position":1,"name":"Avaleht","item":"https:\/\/wi.ee\/et\/"},{"@type":"ListItem","position":2,"name":"V\u00f5ru Instituudi toimetised 5"}]},{"@type":"WebSite","@id":"https:\/\/wi.ee\/et\/#website","url":"https:\/\/wi.ee\/et\/","name":"V\u00f5ru Instituut","description":"","publisher":{"@id":"https:\/\/wi.ee\/et\/#organization"},"potentialAction":[{"@type":"SearchAction","target":{"@type":"EntryPoint","urlTemplate":"https:\/\/wi.ee\/et\/?s={search_term_string}"},"query-input":{"@type":"PropertyValueSpecification","valueRequired":true,"valueName":"search_term_string"}}],"inLanguage":"et"},{"@type":"Organization","@id":"https:\/\/wi.ee\/et\/#organization","name":"V\u00f5ru Instituut","url":"https:\/\/wi.ee\/et\/","logo":{"@type":"ImageObject","inLanguage":"et","@id":"https:\/\/wi.ee\/et\/#\/schema\/logo\/image\/","url":"https:\/\/wi.ee\/wp-content\/uploads\/2015\/05\/logo-150507.png","contentUrl":"https:\/\/wi.ee\/wp-content\/uploads\/2015\/05\/logo-150507.png","width":183,"height":123,"caption":"V\u00f5ru Instituut"},"image":{"@id":"https:\/\/wi.ee\/et\/#\/schema\/logo\/image\/"},"sameAs":["https:\/\/www.facebook.com\/VoroInstituut"]}]}},"_links":{"self":[{"href":"https:\/\/wi.ee\/et\/wp-json\/wp\/v2\/pages\/851","targetHints":{"allow":["GET"]}}],"collection":[{"href":"https:\/\/wi.ee\/et\/wp-json\/wp\/v2\/pages"}],"about":[{"href":"https:\/\/wi.ee\/et\/wp-json\/wp\/v2\/types\/page"}],"author":[{"embeddable":true,"href":"https:\/\/wi.ee\/et\/wp-json\/wp\/v2\/users\/2"}],"replies":[{"embeddable":true,"href":"https:\/\/wi.ee\/et\/wp-json\/wp\/v2\/comments?post=851"}],"version-history":[{"count":1,"href":"https:\/\/wi.ee\/et\/wp-json\/wp\/v2\/pages\/851\/revisions"}],"predecessor-version":[{"id":852,"href":"https:\/\/wi.ee\/et\/wp-json\/wp\/v2\/pages\/851\/revisions\/852"}],"wp:attachment":[{"href":"https:\/\/wi.ee\/et\/wp-json\/wp\/v2\/media?parent=851"}],"curies":[{"name":"wp","href":"https:\/\/api.w.org\/{rel}","templated":true}]}}