{"id":847,"date":"2015-11-05T15:51:25","date_gmt":"2015-11-05T13:51:25","guid":{"rendered":"https:\/\/wi.ee\/?page_id=847"},"modified":"2015-11-05T15:51:25","modified_gmt":"2015-11-05T13:51:25","slug":"voru-instituudi-toimetised-3","status":"publish","type":"page","link":"https:\/\/wi.ee\/et\/voru-instituudi-toimetised-3\/","title":{"rendered":"V\u00f5ru Instituudi toimetised 3"},"content":{"rendered":"<p><strong><em>L\u00f5unaeesti keelest ja kirjakeelest<\/em><\/strong><\/p>\n<p>Reimann, Nele, Tender, T\u00f5nu (toim.)<br \/>\nV\u00f5ru: V\u00f5ro InstituudiToim\u00f5tis\u00f5q 3, 1998<\/p>\n<ul>\n<li>Kat\u00f5 keelesemmin\u00e4\u00e4ri (<em>L\u00f5unaeesti keel t\u00e4nap\u00e4eva koolis<\/em> 22. m\u00e4rdsil 1997. aastagal Talnan ja <em>L\u00f5unaeesti keelest ja kirjakeelest<\/em> 09. augustil 1997. aastagal Vilust\u00f5n) ettekandid\u00f5 kogomik. Ago K\u00fcnnap tege uman artiklin selges, minkast om tulnu tuu, et miiq ol\u00f5mi Eestin ja kyn\u00f5l\u00f5miq eesti kiilt. Kalevi Wiik anal\u00fc\u00fcs katsa eri uur&#8217;ja k\u00e4sitl\u00fcisi l\u00f5un\u00f5eesti keele s\u00fcnn\u00fcst. L\u00f5unaeesti tegosynavorm\u00f5 keerulidsus\u00f5st kirotas Mati Hint, Helmi neetar kirotas v\u00f5ro murd\u00f5st kuq eesti kir\u00e4keele rikkambas tegij\u00e4st. Peeter P\u00e4lli, Evar Saar\u00f5 ja Arne Merilai artiklid\u00f5 p\u00e4\u00e4teemas ommaq kotuss\u00f5nimeq. Viil kyn\u00f5ldas v\u00f5ro-eesti ja eesti-v\u00f5ro synaraamadu ja v\u00f5ro aabidsa kokkos\u00e4\u00e4dmisest ja muust<\/li>\n<\/ul>\n<h4>Artikliq<\/h4>\n<ul>\n<li>Ago K\u00fcnnap. &#8220;Eesti piir ja piiritus&#8221;.<\/li>\n<li>Kalevi Wiik. &#8220;L\u00f5unaeesti s\u00fcnniteooriatest&#8221;.<\/li>\n<li>Mati Hint.&#8221;L\u00f5unaeesti verbivormide raskused kirjakeelsele eestlasele&#8221;.<\/li>\n<li>Helmi Neetar. &#8220;V\u00f5ru murre eesti kirjakeele rikastajana&#8221;.<\/li>\n<li>Renate Pajusalu. &#8220;N\u00e4itavad ases\u00f5nad V\u00f5ru ruumis&#8221;.<\/li>\n<li>Lidija Leikuma. &#8220;Pilguheit latgali kirjakeele ajalukku&#8221;.<\/li>\n<li>Peeter P\u00e4ll. &#8220;V\u00f5ru keel kohanimedes&#8221;.<\/li>\n<li>Reelika Kikkas. &#8220;V\u00f5rumaa kohanimekujudest&#8221;.<\/li>\n<li>Evar Saar. &#8220;(S)orava(l\u00f5) paiganimmist&#8221;.<\/li>\n<li>Arne Merilai. &#8220;V\u00f5rukeelse kirjanduse \u00f5petamisest koolis&#8221;.<\/li>\n<li>Toomas Help. &#8220;V\u00f5ro keel ja minu tunne&#8221;.<\/li>\n<li>J\u00fcv\u00e4 Sull\u00f5v. &#8220;V\u00f5ro-eesti, eesti-v\u00f5ro synaraamat&#8221;.<\/li>\n<li>Kauksi \u00dclle, Nele Reimann, J\u00fcv\u00e4 Sull\u00f5v. &#8220;V\u00f5ro-seto aabitsa s\u00fcnd&#8221;.<\/li>\n<li>Kalle Eller. &#8220;Kas v\u00f5ro kiil vai Kagu-Eesti trasjanka?&#8221;<\/li>\n<\/ul>\n","protected":false},"excerpt":{"rendered":"<p>L\u00f5unaeesti keelest ja kirjakeelest Reimann, Nele, Tender, T\u00f5nu (toim.) V\u00f5ru: V\u00f5ro InstituudiToim\u00f5tis\u00f5q 3, 1998 Kat\u00f5 keelesemmin\u00e4\u00e4ri (L\u00f5unaeesti keel t\u00e4nap\u00e4eva koolis 22. m\u00e4rdsil 1997. aastagal Talnan ja L\u00f5unaeesti keelest ja kirjakeelest 09. augustil 1997. aastagal Vilust\u00f5n) ettekandid\u00f5 kogomik. Ago K\u00fcnnap tege uman artiklin selges, minkast om tulnu tuu, et miiq ol\u00f5mi Eestin ja kyn\u00f5l\u00f5miq eesti kiilt. [&hellip;]<\/p>\n","protected":false},"author":2,"featured_media":0,"parent":0,"menu_order":0,"comment_status":"closed","ping_status":"closed","template":"","meta":{"_acf_changed":false,"footnotes":""},"class_list":["post-847","page","type-page","status-publish","hentry"],"acf":[],"yoast_head":"<!-- This site is optimized with the Yoast SEO plugin v27.3 - https:\/\/yoast.com\/product\/yoast-seo-wordpress\/ -->\n<title>V\u00f5ru Instituudi toimetised 3 - V\u00f5ru Instituut<\/title>\n<meta name=\"robots\" content=\"index, follow, max-snippet:-1, max-image-preview:large, max-video-preview:-1\" \/>\n<link rel=\"canonical\" href=\"https:\/\/wi.ee\/et\/voru-instituudi-toimetised-3\/\" \/>\n<meta property=\"og:locale\" content=\"et_EE\" \/>\n<meta property=\"og:type\" content=\"article\" \/>\n<meta property=\"og:title\" content=\"V\u00f5ru Instituudi toimetised 3 - V\u00f5ru Instituut\" \/>\n<meta property=\"og:description\" content=\"L\u00f5unaeesti keelest ja kirjakeelest Reimann, Nele, Tender, T\u00f5nu (toim.) V\u00f5ru: V\u00f5ro InstituudiToim\u00f5tis\u00f5q 3, 1998 Kat\u00f5 keelesemmin\u00e4\u00e4ri (L\u00f5unaeesti keel t\u00e4nap\u00e4eva koolis 22. m\u00e4rdsil 1997. aastagal Talnan ja L\u00f5unaeesti keelest ja kirjakeelest 09. augustil 1997. aastagal Vilust\u00f5n) ettekandid\u00f5 kogomik. Ago K\u00fcnnap tege uman artiklin selges, minkast om tulnu tuu, et miiq ol\u00f5mi Eestin ja kyn\u00f5l\u00f5miq eesti kiilt. [&hellip;]\" \/>\n<meta property=\"og:url\" content=\"https:\/\/wi.ee\/et\/voru-instituudi-toimetised-3\/\" \/>\n<meta property=\"og:site_name\" content=\"V\u00f5ru Instituut\" \/>\n<meta property=\"article:publisher\" content=\"https:\/\/www.facebook.com\/VoroInstituut\" \/>\n<meta property=\"og:image\" content=\"https:\/\/wi.ee\/wp-content\/uploads\/2015\/05\/logo-150507.png\" \/>\n\t<meta property=\"og:image:width\" content=\"183\" \/>\n\t<meta property=\"og:image:height\" content=\"123\" \/>\n\t<meta property=\"og:image:type\" content=\"image\/png\" \/>\n<meta name=\"twitter:label1\" content=\"Est. reading time\" \/>\n\t<meta name=\"twitter:data1\" content=\"1 minut\" \/>\n<script type=\"application\/ld+json\" class=\"yoast-schema-graph\">{\"@context\":\"https:\\\/\\\/schema.org\",\"@graph\":[{\"@type\":\"WebPage\",\"@id\":\"https:\\\/\\\/wi.ee\\\/et\\\/voru-instituudi-toimetised-3\\\/\",\"url\":\"https:\\\/\\\/wi.ee\\\/et\\\/voru-instituudi-toimetised-3\\\/\",\"name\":\"V\u00f5ru Instituudi toimetised 3 - V\u00f5ru Instituut\",\"isPartOf\":{\"@id\":\"https:\\\/\\\/wi.ee\\\/et\\\/#website\"},\"datePublished\":\"2015-11-05T13:51:25+00:00\",\"breadcrumb\":{\"@id\":\"https:\\\/\\\/wi.ee\\\/et\\\/voru-instituudi-toimetised-3\\\/#breadcrumb\"},\"inLanguage\":\"et\",\"potentialAction\":[{\"@type\":\"ReadAction\",\"target\":[\"https:\\\/\\\/wi.ee\\\/et\\\/voru-instituudi-toimetised-3\\\/\"]}]},{\"@type\":\"BreadcrumbList\",\"@id\":\"https:\\\/\\\/wi.ee\\\/et\\\/voru-instituudi-toimetised-3\\\/#breadcrumb\",\"itemListElement\":[{\"@type\":\"ListItem\",\"position\":1,\"name\":\"Avaleht\",\"item\":\"https:\\\/\\\/wi.ee\\\/et\\\/\"},{\"@type\":\"ListItem\",\"position\":2,\"name\":\"V\u00f5ru Instituudi toimetised 3\"}]},{\"@type\":\"WebSite\",\"@id\":\"https:\\\/\\\/wi.ee\\\/et\\\/#website\",\"url\":\"https:\\\/\\\/wi.ee\\\/et\\\/\",\"name\":\"V\u00f5ru Instituut\",\"description\":\"\",\"publisher\":{\"@id\":\"https:\\\/\\\/wi.ee\\\/et\\\/#organization\"},\"potentialAction\":[{\"@type\":\"SearchAction\",\"target\":{\"@type\":\"EntryPoint\",\"urlTemplate\":\"https:\\\/\\\/wi.ee\\\/et\\\/?s={search_term_string}\"},\"query-input\":{\"@type\":\"PropertyValueSpecification\",\"valueRequired\":true,\"valueName\":\"search_term_string\"}}],\"inLanguage\":\"et\"},{\"@type\":\"Organization\",\"@id\":\"https:\\\/\\\/wi.ee\\\/et\\\/#organization\",\"name\":\"V\u00f5ru Instituut\",\"url\":\"https:\\\/\\\/wi.ee\\\/et\\\/\",\"logo\":{\"@type\":\"ImageObject\",\"inLanguage\":\"et\",\"@id\":\"https:\\\/\\\/wi.ee\\\/et\\\/#\\\/schema\\\/logo\\\/image\\\/\",\"url\":\"https:\\\/\\\/wi.ee\\\/wp-content\\\/uploads\\\/2015\\\/05\\\/logo-150507.png\",\"contentUrl\":\"https:\\\/\\\/wi.ee\\\/wp-content\\\/uploads\\\/2015\\\/05\\\/logo-150507.png\",\"width\":183,\"height\":123,\"caption\":\"V\u00f5ru Instituut\"},\"image\":{\"@id\":\"https:\\\/\\\/wi.ee\\\/et\\\/#\\\/schema\\\/logo\\\/image\\\/\"},\"sameAs\":[\"https:\\\/\\\/www.facebook.com\\\/VoroInstituut\"]}]}<\/script>\n<!-- \/ Yoast SEO plugin. -->","yoast_head_json":{"title":"V\u00f5ru Instituudi toimetised 3 - V\u00f5ru Instituut","robots":{"index":"index","follow":"follow","max-snippet":"max-snippet:-1","max-image-preview":"max-image-preview:large","max-video-preview":"max-video-preview:-1"},"canonical":"https:\/\/wi.ee\/et\/voru-instituudi-toimetised-3\/","og_locale":"et_EE","og_type":"article","og_title":"V\u00f5ru Instituudi toimetised 3 - V\u00f5ru Instituut","og_description":"L\u00f5unaeesti keelest ja kirjakeelest Reimann, Nele, Tender, T\u00f5nu (toim.) V\u00f5ru: V\u00f5ro InstituudiToim\u00f5tis\u00f5q 3, 1998 Kat\u00f5 keelesemmin\u00e4\u00e4ri (L\u00f5unaeesti keel t\u00e4nap\u00e4eva koolis 22. m\u00e4rdsil 1997. aastagal Talnan ja L\u00f5unaeesti keelest ja kirjakeelest 09. augustil 1997. aastagal Vilust\u00f5n) ettekandid\u00f5 kogomik. Ago K\u00fcnnap tege uman artiklin selges, minkast om tulnu tuu, et miiq ol\u00f5mi Eestin ja kyn\u00f5l\u00f5miq eesti kiilt. [&hellip;]","og_url":"https:\/\/wi.ee\/et\/voru-instituudi-toimetised-3\/","og_site_name":"V\u00f5ru Instituut","article_publisher":"https:\/\/www.facebook.com\/VoroInstituut","og_image":[{"width":183,"height":123,"url":"https:\/\/wi.ee\/wp-content\/uploads\/2015\/05\/logo-150507.png","type":"image\/png"}],"twitter_misc":{"Est. reading time":"1 minut"},"schema":{"@context":"https:\/\/schema.org","@graph":[{"@type":"WebPage","@id":"https:\/\/wi.ee\/et\/voru-instituudi-toimetised-3\/","url":"https:\/\/wi.ee\/et\/voru-instituudi-toimetised-3\/","name":"V\u00f5ru Instituudi toimetised 3 - V\u00f5ru Instituut","isPartOf":{"@id":"https:\/\/wi.ee\/et\/#website"},"datePublished":"2015-11-05T13:51:25+00:00","breadcrumb":{"@id":"https:\/\/wi.ee\/et\/voru-instituudi-toimetised-3\/#breadcrumb"},"inLanguage":"et","potentialAction":[{"@type":"ReadAction","target":["https:\/\/wi.ee\/et\/voru-instituudi-toimetised-3\/"]}]},{"@type":"BreadcrumbList","@id":"https:\/\/wi.ee\/et\/voru-instituudi-toimetised-3\/#breadcrumb","itemListElement":[{"@type":"ListItem","position":1,"name":"Avaleht","item":"https:\/\/wi.ee\/et\/"},{"@type":"ListItem","position":2,"name":"V\u00f5ru Instituudi toimetised 3"}]},{"@type":"WebSite","@id":"https:\/\/wi.ee\/et\/#website","url":"https:\/\/wi.ee\/et\/","name":"V\u00f5ru Instituut","description":"","publisher":{"@id":"https:\/\/wi.ee\/et\/#organization"},"potentialAction":[{"@type":"SearchAction","target":{"@type":"EntryPoint","urlTemplate":"https:\/\/wi.ee\/et\/?s={search_term_string}"},"query-input":{"@type":"PropertyValueSpecification","valueRequired":true,"valueName":"search_term_string"}}],"inLanguage":"et"},{"@type":"Organization","@id":"https:\/\/wi.ee\/et\/#organization","name":"V\u00f5ru Instituut","url":"https:\/\/wi.ee\/et\/","logo":{"@type":"ImageObject","inLanguage":"et","@id":"https:\/\/wi.ee\/et\/#\/schema\/logo\/image\/","url":"https:\/\/wi.ee\/wp-content\/uploads\/2015\/05\/logo-150507.png","contentUrl":"https:\/\/wi.ee\/wp-content\/uploads\/2015\/05\/logo-150507.png","width":183,"height":123,"caption":"V\u00f5ru Instituut"},"image":{"@id":"https:\/\/wi.ee\/et\/#\/schema\/logo\/image\/"},"sameAs":["https:\/\/www.facebook.com\/VoroInstituut"]}]}},"_links":{"self":[{"href":"https:\/\/wi.ee\/et\/wp-json\/wp\/v2\/pages\/847","targetHints":{"allow":["GET"]}}],"collection":[{"href":"https:\/\/wi.ee\/et\/wp-json\/wp\/v2\/pages"}],"about":[{"href":"https:\/\/wi.ee\/et\/wp-json\/wp\/v2\/types\/page"}],"author":[{"embeddable":true,"href":"https:\/\/wi.ee\/et\/wp-json\/wp\/v2\/users\/2"}],"replies":[{"embeddable":true,"href":"https:\/\/wi.ee\/et\/wp-json\/wp\/v2\/comments?post=847"}],"version-history":[{"count":1,"href":"https:\/\/wi.ee\/et\/wp-json\/wp\/v2\/pages\/847\/revisions"}],"predecessor-version":[{"id":848,"href":"https:\/\/wi.ee\/et\/wp-json\/wp\/v2\/pages\/847\/revisions\/848"}],"wp:attachment":[{"href":"https:\/\/wi.ee\/et\/wp-json\/wp\/v2\/media?parent=847"}],"curies":[{"name":"wp","href":"https:\/\/api.w.org\/{rel}","templated":true}]}}