{"id":843,"date":"2015-11-05T15:48:53","date_gmt":"2015-11-05T13:48:53","guid":{"rendered":"https:\/\/wi.ee\/?page_id=843"},"modified":"2015-11-05T15:48:53","modified_gmt":"2015-11-05T13:48:53","slug":"voru-instituudi-toimetised-1","status":"publish","type":"page","link":"https:\/\/wi.ee\/et\/voru-instituudi-toimetised-1\/","title":{"rendered":"V\u00f5ru Instituudi toimetised 1"},"content":{"rendered":"<p><strong><em>L\u00e4\u00e4nemeresoom\u00f5 l\u00f5unapiir<br \/>\n<\/em><\/strong><br \/>\nV\u00f5ro: V\u00f5ro Instituudi toimetused 1, 1997<br \/>\nPajusalu, Karl, J\u00fcva, Sull\u00f5v (toim.)<\/p>\n<p>Konverentsi L\u00e4\u00e4nemeresoome l\u00f5unapiir ettekannete kogumik, konverents toimus 28.-30. novembril 1996. aastal V\u00f5romaal K\u00fctiorus. Osa artikleid esitab uudseid seisukohti l\u00e4\u00e4nemeresoome keelte ja rahvaste v\u00e4ga vana ajaloo kohta, n\u00e4iteks professor Kalev Wiigi ja professor Ago K\u00fcnnapi kirjutised. Teine osa tegeleb ajaloolise Liivimaa piiride, kohanimede ja ajaloo lahtim\u00f5testamisega, n\u00e4iteks professor Mauno Koski, professor Kersti Boiko ja professor Evald T\u00f5nissoni artiklid. Enamus uurimusi anal\u00fc\u00fcsib aga siiski L\u00f5una-Eesti ja selle naaberalade hilisemaid eriarenguid ning kontakte. K\u00f5iki kirjutisi \u00fchendab aga k\u00fcsimus l\u00e4\u00e4nemeresoomlaste ajaloolisest kohast Balti areaalis. Artikleid on nii eesti-, soome- kui v\u00f5rokeelseid. Raamatu l\u00f5pus on k\u00f5igist artiklitest v\u00f5rokeelne l\u00fchikokkuv\u00f5te.<\/p>\n<p>Artiklid<br \/>\n\u2022Kalevi Wiik.&#8221;Miss\u00e4 it\u00e4merensuomalaisten etel\u00e4raja on aikaisemmin ollut?&#8221;<br \/>\n\u2022Kersti Boiko. &#8220;M\u00f5ned l\u00e4\u00e4nemeresoome kohanimede areaalid L\u00e4tis&#8221;.<br \/>\n\u2022Paul Hagu. &#8220;Peko-kultus\u00f5 varahamp (arvatav) tuntus&#8221;.<br \/>\n\u2022Mauno Koski.&#8221;Liivimaa&#8221;.<br \/>\n\u2022Arvo Krikman. &#8220;Millised piirid n\u00e4htuvad l\u00e4\u00e4nemeresoome vanas\u00f5nades&#8221;.<br \/>\n\u2022Ago K\u00fcnnap.&#8221;It\u00e4merensuomi ja samojedi &#8211; l\u00e4hinaapureista et\u00e4periferioiksi&#8221;.<br \/>\n\u2022Silvia Laul. &#8220;L\u00e4\u00e4nemeresoome l\u00f5unar\u00fchma \u00fchiskultuurist ja selle diferentseerumisest&#8221;.<br \/>\n\u2022Karl Pajusalu, Liena Muiz~niece. &#8220;Mineviku partitsiibi grammatikaliseerumisest l\u00f5unaeesti murretes&#8221;:<br \/>\n\u2022Seppo Suhonen. &#8220;M\u00f5ned Leivu murde jooned&#8221;.<br \/>\n\u2022Evald T\u00f5nisson. &#8220;Liivi muinaskultuuri kujunemisest&#8221;.<br \/>\n\u2022Lembit Vaba. &#8220;Eesti-l\u00e4ti keelepiiri kujunemise ajaloost&#8221;.<br \/>\n\u2022Heiki Valk. &#8220;L\u00f5una-Eesti kultuuriomap\u00e4radest 13.-17.sajandil&#8221;.<br \/>\n\u2022J\u00fcv\u00e4 Sull\u00f5v. &#8220;Q k\u00e4\u00fc v\u00f5ro kiilde ku kulak silm\u00e4mulku&#8221;.<br \/>\n\u2022Sander Liivak. &#8220;T\u00e4helepanekuid j\u00e4rgsilbi o kasutamisest v\u00f5ru-setu kirjakeeles&#8221;.<br \/>\n\u2022Liina Lindstr\u00f6m. &#8220;Eitus V\u00f5ru murde suulises k\u00f5nes&#8221;.<\/p>\n","protected":false},"excerpt":{"rendered":"<p>L\u00e4\u00e4nemeresoom\u00f5 l\u00f5unapiir V\u00f5ro: V\u00f5ro Instituudi toimetused 1, 1997 Pajusalu, Karl, J\u00fcva, Sull\u00f5v (toim.) Konverentsi L\u00e4\u00e4nemeresoome l\u00f5unapiir ettekannete kogumik, konverents toimus 28.-30. novembril 1996. aastal V\u00f5romaal K\u00fctiorus. Osa artikleid esitab uudseid seisukohti l\u00e4\u00e4nemeresoome keelte ja rahvaste v\u00e4ga vana ajaloo kohta, n\u00e4iteks professor Kalev Wiigi ja professor Ago K\u00fcnnapi kirjutised. Teine osa tegeleb ajaloolise Liivimaa piiride, kohanimede [&hellip;]<\/p>\n","protected":false},"author":2,"featured_media":0,"parent":0,"menu_order":0,"comment_status":"closed","ping_status":"closed","template":"","meta":{"_acf_changed":false,"footnotes":""},"class_list":["post-843","page","type-page","status-publish","hentry"],"acf":[],"yoast_head":"<!-- This site is optimized with the Yoast SEO plugin v27.3 - https:\/\/yoast.com\/product\/yoast-seo-wordpress\/ -->\n<title>V\u00f5ru Instituudi toimetised 1 - V\u00f5ru Instituut<\/title>\n<meta name=\"robots\" content=\"index, follow, max-snippet:-1, max-image-preview:large, max-video-preview:-1\" \/>\n<link rel=\"canonical\" href=\"https:\/\/wi.ee\/et\/voru-instituudi-toimetised-1\/\" \/>\n<meta property=\"og:locale\" content=\"et_EE\" \/>\n<meta property=\"og:type\" content=\"article\" \/>\n<meta property=\"og:title\" content=\"V\u00f5ru Instituudi toimetised 1 - V\u00f5ru Instituut\" \/>\n<meta property=\"og:description\" content=\"L\u00e4\u00e4nemeresoom\u00f5 l\u00f5unapiir V\u00f5ro: V\u00f5ro Instituudi toimetused 1, 1997 Pajusalu, Karl, J\u00fcva, Sull\u00f5v (toim.) Konverentsi L\u00e4\u00e4nemeresoome l\u00f5unapiir ettekannete kogumik, konverents toimus 28.-30. novembril 1996. aastal V\u00f5romaal K\u00fctiorus. Osa artikleid esitab uudseid seisukohti l\u00e4\u00e4nemeresoome keelte ja rahvaste v\u00e4ga vana ajaloo kohta, n\u00e4iteks professor Kalev Wiigi ja professor Ago K\u00fcnnapi kirjutised. Teine osa tegeleb ajaloolise Liivimaa piiride, kohanimede [&hellip;]\" \/>\n<meta property=\"og:url\" content=\"https:\/\/wi.ee\/et\/voru-instituudi-toimetised-1\/\" \/>\n<meta property=\"og:site_name\" content=\"V\u00f5ru Instituut\" \/>\n<meta property=\"article:publisher\" content=\"https:\/\/www.facebook.com\/VoroInstituut\" \/>\n<meta property=\"og:image\" content=\"https:\/\/wi.ee\/wp-content\/uploads\/2015\/05\/logo-150507.png\" \/>\n\t<meta property=\"og:image:width\" content=\"183\" \/>\n\t<meta property=\"og:image:height\" content=\"123\" \/>\n\t<meta property=\"og:image:type\" content=\"image\/png\" \/>\n<meta name=\"twitter:label1\" content=\"Est. reading time\" \/>\n\t<meta name=\"twitter:data1\" content=\"1 minut\" \/>\n<script type=\"application\/ld+json\" class=\"yoast-schema-graph\">{\"@context\":\"https:\\\/\\\/schema.org\",\"@graph\":[{\"@type\":\"WebPage\",\"@id\":\"https:\\\/\\\/wi.ee\\\/et\\\/voru-instituudi-toimetised-1\\\/\",\"url\":\"https:\\\/\\\/wi.ee\\\/et\\\/voru-instituudi-toimetised-1\\\/\",\"name\":\"V\u00f5ru Instituudi toimetised 1 - V\u00f5ru Instituut\",\"isPartOf\":{\"@id\":\"https:\\\/\\\/wi.ee\\\/et\\\/#website\"},\"datePublished\":\"2015-11-05T13:48:53+00:00\",\"breadcrumb\":{\"@id\":\"https:\\\/\\\/wi.ee\\\/et\\\/voru-instituudi-toimetised-1\\\/#breadcrumb\"},\"inLanguage\":\"et\",\"potentialAction\":[{\"@type\":\"ReadAction\",\"target\":[\"https:\\\/\\\/wi.ee\\\/et\\\/voru-instituudi-toimetised-1\\\/\"]}]},{\"@type\":\"BreadcrumbList\",\"@id\":\"https:\\\/\\\/wi.ee\\\/et\\\/voru-instituudi-toimetised-1\\\/#breadcrumb\",\"itemListElement\":[{\"@type\":\"ListItem\",\"position\":1,\"name\":\"Avaleht\",\"item\":\"https:\\\/\\\/wi.ee\\\/et\\\/\"},{\"@type\":\"ListItem\",\"position\":2,\"name\":\"V\u00f5ru Instituudi toimetised 1\"}]},{\"@type\":\"WebSite\",\"@id\":\"https:\\\/\\\/wi.ee\\\/et\\\/#website\",\"url\":\"https:\\\/\\\/wi.ee\\\/et\\\/\",\"name\":\"V\u00f5ru Instituut\",\"description\":\"\",\"publisher\":{\"@id\":\"https:\\\/\\\/wi.ee\\\/et\\\/#organization\"},\"potentialAction\":[{\"@type\":\"SearchAction\",\"target\":{\"@type\":\"EntryPoint\",\"urlTemplate\":\"https:\\\/\\\/wi.ee\\\/et\\\/?s={search_term_string}\"},\"query-input\":{\"@type\":\"PropertyValueSpecification\",\"valueRequired\":true,\"valueName\":\"search_term_string\"}}],\"inLanguage\":\"et\"},{\"@type\":\"Organization\",\"@id\":\"https:\\\/\\\/wi.ee\\\/et\\\/#organization\",\"name\":\"V\u00f5ru Instituut\",\"url\":\"https:\\\/\\\/wi.ee\\\/et\\\/\",\"logo\":{\"@type\":\"ImageObject\",\"inLanguage\":\"et\",\"@id\":\"https:\\\/\\\/wi.ee\\\/et\\\/#\\\/schema\\\/logo\\\/image\\\/\",\"url\":\"https:\\\/\\\/wi.ee\\\/wp-content\\\/uploads\\\/2015\\\/05\\\/logo-150507.png\",\"contentUrl\":\"https:\\\/\\\/wi.ee\\\/wp-content\\\/uploads\\\/2015\\\/05\\\/logo-150507.png\",\"width\":183,\"height\":123,\"caption\":\"V\u00f5ru Instituut\"},\"image\":{\"@id\":\"https:\\\/\\\/wi.ee\\\/et\\\/#\\\/schema\\\/logo\\\/image\\\/\"},\"sameAs\":[\"https:\\\/\\\/www.facebook.com\\\/VoroInstituut\"]}]}<\/script>\n<!-- \/ Yoast SEO plugin. -->","yoast_head_json":{"title":"V\u00f5ru Instituudi toimetised 1 - V\u00f5ru Instituut","robots":{"index":"index","follow":"follow","max-snippet":"max-snippet:-1","max-image-preview":"max-image-preview:large","max-video-preview":"max-video-preview:-1"},"canonical":"https:\/\/wi.ee\/et\/voru-instituudi-toimetised-1\/","og_locale":"et_EE","og_type":"article","og_title":"V\u00f5ru Instituudi toimetised 1 - V\u00f5ru Instituut","og_description":"L\u00e4\u00e4nemeresoom\u00f5 l\u00f5unapiir V\u00f5ro: V\u00f5ro Instituudi toimetused 1, 1997 Pajusalu, Karl, J\u00fcva, Sull\u00f5v (toim.) Konverentsi L\u00e4\u00e4nemeresoome l\u00f5unapiir ettekannete kogumik, konverents toimus 28.-30. novembril 1996. aastal V\u00f5romaal K\u00fctiorus. Osa artikleid esitab uudseid seisukohti l\u00e4\u00e4nemeresoome keelte ja rahvaste v\u00e4ga vana ajaloo kohta, n\u00e4iteks professor Kalev Wiigi ja professor Ago K\u00fcnnapi kirjutised. Teine osa tegeleb ajaloolise Liivimaa piiride, kohanimede [&hellip;]","og_url":"https:\/\/wi.ee\/et\/voru-instituudi-toimetised-1\/","og_site_name":"V\u00f5ru Instituut","article_publisher":"https:\/\/www.facebook.com\/VoroInstituut","og_image":[{"width":183,"height":123,"url":"https:\/\/wi.ee\/wp-content\/uploads\/2015\/05\/logo-150507.png","type":"image\/png"}],"twitter_misc":{"Est. reading time":"1 minut"},"schema":{"@context":"https:\/\/schema.org","@graph":[{"@type":"WebPage","@id":"https:\/\/wi.ee\/et\/voru-instituudi-toimetised-1\/","url":"https:\/\/wi.ee\/et\/voru-instituudi-toimetised-1\/","name":"V\u00f5ru Instituudi toimetised 1 - V\u00f5ru Instituut","isPartOf":{"@id":"https:\/\/wi.ee\/et\/#website"},"datePublished":"2015-11-05T13:48:53+00:00","breadcrumb":{"@id":"https:\/\/wi.ee\/et\/voru-instituudi-toimetised-1\/#breadcrumb"},"inLanguage":"et","potentialAction":[{"@type":"ReadAction","target":["https:\/\/wi.ee\/et\/voru-instituudi-toimetised-1\/"]}]},{"@type":"BreadcrumbList","@id":"https:\/\/wi.ee\/et\/voru-instituudi-toimetised-1\/#breadcrumb","itemListElement":[{"@type":"ListItem","position":1,"name":"Avaleht","item":"https:\/\/wi.ee\/et\/"},{"@type":"ListItem","position":2,"name":"V\u00f5ru Instituudi toimetised 1"}]},{"@type":"WebSite","@id":"https:\/\/wi.ee\/et\/#website","url":"https:\/\/wi.ee\/et\/","name":"V\u00f5ru Instituut","description":"","publisher":{"@id":"https:\/\/wi.ee\/et\/#organization"},"potentialAction":[{"@type":"SearchAction","target":{"@type":"EntryPoint","urlTemplate":"https:\/\/wi.ee\/et\/?s={search_term_string}"},"query-input":{"@type":"PropertyValueSpecification","valueRequired":true,"valueName":"search_term_string"}}],"inLanguage":"et"},{"@type":"Organization","@id":"https:\/\/wi.ee\/et\/#organization","name":"V\u00f5ru Instituut","url":"https:\/\/wi.ee\/et\/","logo":{"@type":"ImageObject","inLanguage":"et","@id":"https:\/\/wi.ee\/et\/#\/schema\/logo\/image\/","url":"https:\/\/wi.ee\/wp-content\/uploads\/2015\/05\/logo-150507.png","contentUrl":"https:\/\/wi.ee\/wp-content\/uploads\/2015\/05\/logo-150507.png","width":183,"height":123,"caption":"V\u00f5ru Instituut"},"image":{"@id":"https:\/\/wi.ee\/et\/#\/schema\/logo\/image\/"},"sameAs":["https:\/\/www.facebook.com\/VoroInstituut"]}]}},"_links":{"self":[{"href":"https:\/\/wi.ee\/et\/wp-json\/wp\/v2\/pages\/843","targetHints":{"allow":["GET"]}}],"collection":[{"href":"https:\/\/wi.ee\/et\/wp-json\/wp\/v2\/pages"}],"about":[{"href":"https:\/\/wi.ee\/et\/wp-json\/wp\/v2\/types\/page"}],"author":[{"embeddable":true,"href":"https:\/\/wi.ee\/et\/wp-json\/wp\/v2\/users\/2"}],"replies":[{"embeddable":true,"href":"https:\/\/wi.ee\/et\/wp-json\/wp\/v2\/comments?post=843"}],"version-history":[{"count":1,"href":"https:\/\/wi.ee\/et\/wp-json\/wp\/v2\/pages\/843\/revisions"}],"predecessor-version":[{"id":844,"href":"https:\/\/wi.ee\/et\/wp-json\/wp\/v2\/pages\/843\/revisions\/844"}],"wp:attachment":[{"href":"https:\/\/wi.ee\/et\/wp-json\/wp\/v2\/media?parent=843"}],"curies":[{"name":"wp","href":"https:\/\/api.w.org\/{rel}","templated":true}]}}