{"id":8384,"date":"2021-02-05T14:35:30","date_gmt":"2021-02-05T12:35:30","guid":{"rendered":"https:\/\/wi.ee\/?page_id=8384"},"modified":"2021-02-05T14:54:28","modified_gmt":"2021-02-05T12:54:28","slug":"voru-keele-ulemaailmne-sonaraamat-ids","status":"publish","type":"page","link":"https:\/\/wi.ee\/et\/voru-keele-ulemaailmne-sonaraamat-ids\/","title":{"rendered":"V\u00f5ru keel \u00fclemaailmses s\u00f5naraamatus IDS"},"content":{"rendered":"<p style=\"margin: 0px 0px 10px; color: #333333; text-transform: none; text-indent: 0px; letter-spacing: normal; font-family: 'Helvetica Neue', Helvetica, Arial, sans-serif; font-size: 15px; font-style: normal; font-weight: 400; word-spacing: 0px; white-space: normal; box-sizing: border-box; orphans: 2; widows: 2; background-color: #ffffff; font-variant-ligatures: normal; font-variant-caps: normal; -webkit-text-stroke-width: 0px; text-decoration-thickness: initial; text-decoration-style: initial; text-decoration-color: initial;\">\u00dcts vahts\u00f5n\u00f5 v\u00f5ro s\u00f5naraamat um valmis saanuq. Tuu um \u00fcleilmalids\u00f5 s\u00f5naraamadu IDS (The Intercontinental Dictionary Series) v\u00f5ro jago. Seo suur\u00f5 s\u00f5naraamatuga saa kokko 332 kiilt ja tuhandit s\u00f5nno umavaih\u00f5l v\u00f5rr\u00f5ldaq. IDSi v\u00f5ro s\u00f5naraamatuh um 3564 v\u00f5rokiilset s\u00f5nna. Seo v\u00f5ro s\u00f5naraamadu p\u00f5hilin\u00f5 kokkopandja um \u00fcts v\u00e4ega keelehuvilin\u00f5 California abiturient Coscrove\u2019i Leon, ked\u00e4 sai v\u00f5ro keele n\u00f5vvoga umalt puult avit\u00f5dus. S\u00f5naraamadu \u00fclekaeja ja sa\u0155a p\u00e4\u00e4toim\u00f5ndaja um Comrie Bernard.<\/p>\n<p style=\"margin: 0px 0px 10px; color: #333333; text-transform: none; text-indent: 0px; letter-spacing: normal; font-family: 'Helvetica Neue', Helvetica, Arial, sans-serif; font-size: 15px; font-style: normal; font-weight: 400; word-spacing: 0px; white-space: normal; box-sizing: border-box; orphans: 2; widows: 2; background-color: #ffffff; font-variant-ligatures: normal; font-variant-caps: normal; -webkit-text-stroke-width: 0px; text-decoration-thickness: initial; text-decoration-style: initial; text-decoration-color: initial;\">IDSi v\u00f5ro s\u00f5naraamat:\u00a0<a href=\"https:\/\/ids.clld.org\/contributions\/841\">https:\/\/ids.clld.org\/contributions\/841<\/a><\/p>\n<p style=\"margin: 0px 0px 10px; color: #333333; text-transform: none; text-indent: 0px; letter-spacing: normal; font-family: 'Helvetica Neue', Helvetica, Arial, sans-serif; font-size: 15px; font-style: normal; font-weight: 400; word-spacing: 0px; white-space: normal; box-sizing: border-box; orphans: 2; widows: 2; background-color: #ffffff; font-variant-ligatures: normal; font-variant-caps: normal; -webkit-text-stroke-width: 0px; text-decoration-thickness: initial; text-decoration-style: initial; text-decoration-color: initial;\">K\u00f5ik IDSi keeleq (s\u00f5nastuq):\u00a0<a href=\"https:\/\/ids.clld.org\/contributions\">https:\/\/ids.clld.org\/contributions<\/a><\/p>\n<p style=\"margin: 0px 0px 10px; color: #333333; text-transform: none; text-indent: 0px; letter-spacing: normal; font-family: 'Helvetica Neue', Helvetica, Arial, sans-serif; font-size: 15px; font-style: normal; font-weight: 400; word-spacing: 0px; white-space: normal; box-sizing: border-box; orphans: 2; widows: 2; background-color: #ffffff; font-variant-ligatures: normal; font-variant-caps: normal; -webkit-text-stroke-width: 0px; text-decoration-thickness: initial; text-decoration-style: initial; text-decoration-color: initial;\">L\u00f6vv\u00e4q ilma kiili seest \u00fcles v\u00f5rokiilseq s\u00f5naq!<\/p>\n<p style=\"margin: 0px 0px 10px; color: #333333; text-transform: none; text-indent: 0px; letter-spacing: normal; font-family: 'Helvetica Neue', Helvetica, Arial, sans-serif; font-size: 15px; font-style: normal; font-weight: 400; word-spacing: 0px; white-space: normal; box-sizing: border-box; orphans: 2; widows: 2; background-color: #ffffff; font-variant-ligatures: normal; font-variant-caps: normal; -webkit-text-stroke-width: 0px; text-decoration-thickness: initial; text-decoration-style: initial; text-decoration-color: initial;\">Nt s\u00f5na \u201ckass\u201d:\u00a0<a href=\"https:\/\/ids.clld.org\/parameters\/3-620#2\/14.4\/150.8\">https:\/\/ids.clld.org\/parameters\/3-620#2\/14.4\/150.8<\/a><\/p>\n","protected":false},"excerpt":{"rendered":"<p>\u00dcts vahts\u00f5n\u00f5 v\u00f5ro s\u00f5naraamat um valmis saanuq. Tuu um \u00fcleilmalids\u00f5 s\u00f5naraamadu IDS (The Intercontinental Dictionary Series) v\u00f5ro jago. Seo suur\u00f5 s\u00f5naraamatuga saa kokko 332 kiilt ja tuhandit s\u00f5nno umavaih\u00f5l v\u00f5rr\u00f5ldaq. IDSi v\u00f5ro s\u00f5naraamatuh um 3564 v\u00f5rokiilset s\u00f5nna. Seo v\u00f5ro s\u00f5naraamadu p\u00f5hilin\u00f5 kokkopandja um \u00fcts v\u00e4ega keelehuvilin\u00f5 California abiturient Coscrove\u2019i Leon, ked\u00e4 sai v\u00f5ro keele n\u00f5vvoga [&hellip;]<\/p>\n","protected":false},"author":2,"featured_media":0,"parent":0,"menu_order":0,"comment_status":"closed","ping_status":"closed","template":"","meta":{"_acf_changed":false,"footnotes":""},"class_list":["post-8384","page","type-page","status-publish","hentry"],"acf":[],"yoast_head":"<!-- This site is optimized with the Yoast SEO plugin v27.3 - https:\/\/yoast.com\/product\/yoast-seo-wordpress\/ -->\n<title>V\u00f5ru keel \u00fclemaailmses s\u00f5naraamatus IDS - V\u00f5ru Instituut<\/title>\n<meta name=\"robots\" content=\"index, follow, max-snippet:-1, max-image-preview:large, max-video-preview:-1\" \/>\n<link rel=\"canonical\" href=\"https:\/\/wi.ee\/et\/voru-keele-ulemaailmne-sonaraamat-ids\/\" \/>\n<meta property=\"og:locale\" content=\"et_EE\" \/>\n<meta property=\"og:type\" content=\"article\" \/>\n<meta property=\"og:title\" content=\"V\u00f5ru keel \u00fclemaailmses s\u00f5naraamatus IDS - V\u00f5ru Instituut\" \/>\n<meta property=\"og:description\" content=\"\u00dcts vahts\u00f5n\u00f5 v\u00f5ro s\u00f5naraamat um valmis saanuq. Tuu um \u00fcleilmalids\u00f5 s\u00f5naraamadu IDS (The Intercontinental Dictionary Series) v\u00f5ro jago. Seo suur\u00f5 s\u00f5naraamatuga saa kokko 332 kiilt ja tuhandit s\u00f5nno umavaih\u00f5l v\u00f5rr\u00f5ldaq. IDSi v\u00f5ro s\u00f5naraamatuh um 3564 v\u00f5rokiilset s\u00f5nna. Seo v\u00f5ro s\u00f5naraamadu p\u00f5hilin\u00f5 kokkopandja um \u00fcts v\u00e4ega keelehuvilin\u00f5 California abiturient Coscrove\u2019i Leon, ked\u00e4 sai v\u00f5ro keele n\u00f5vvoga [&hellip;]\" \/>\n<meta property=\"og:url\" content=\"https:\/\/wi.ee\/et\/voru-keele-ulemaailmne-sonaraamat-ids\/\" \/>\n<meta property=\"og:site_name\" content=\"V\u00f5ru Instituut\" \/>\n<meta property=\"article:publisher\" content=\"https:\/\/www.facebook.com\/VoroInstituut\" \/>\n<meta property=\"article:modified_time\" content=\"2021-02-05T12:54:28+00:00\" \/>\n<meta property=\"og:image\" content=\"https:\/\/wi.ee\/wp-content\/uploads\/2015\/05\/logo-150507.png\" \/>\n\t<meta property=\"og:image:width\" content=\"183\" \/>\n\t<meta property=\"og:image:height\" content=\"123\" \/>\n\t<meta property=\"og:image:type\" content=\"image\/png\" \/>\n<meta name=\"twitter:label1\" content=\"Est. reading time\" \/>\n\t<meta name=\"twitter:data1\" content=\"1 minut\" \/>\n<script type=\"application\/ld+json\" class=\"yoast-schema-graph\">{\"@context\":\"https:\\\/\\\/schema.org\",\"@graph\":[{\"@type\":\"WebPage\",\"@id\":\"https:\\\/\\\/wi.ee\\\/et\\\/voru-keele-ulemaailmne-sonaraamat-ids\\\/\",\"url\":\"https:\\\/\\\/wi.ee\\\/et\\\/voru-keele-ulemaailmne-sonaraamat-ids\\\/\",\"name\":\"V\u00f5ru keel \u00fclemaailmses s\u00f5naraamatus IDS - V\u00f5ru Instituut\",\"isPartOf\":{\"@id\":\"https:\\\/\\\/wi.ee\\\/et\\\/#website\"},\"datePublished\":\"2021-02-05T12:35:30+00:00\",\"dateModified\":\"2021-02-05T12:54:28+00:00\",\"breadcrumb\":{\"@id\":\"https:\\\/\\\/wi.ee\\\/et\\\/voru-keele-ulemaailmne-sonaraamat-ids\\\/#breadcrumb\"},\"inLanguage\":\"et\",\"potentialAction\":[{\"@type\":\"ReadAction\",\"target\":[\"https:\\\/\\\/wi.ee\\\/et\\\/voru-keele-ulemaailmne-sonaraamat-ids\\\/\"]}]},{\"@type\":\"BreadcrumbList\",\"@id\":\"https:\\\/\\\/wi.ee\\\/et\\\/voru-keele-ulemaailmne-sonaraamat-ids\\\/#breadcrumb\",\"itemListElement\":[{\"@type\":\"ListItem\",\"position\":1,\"name\":\"Avaleht\",\"item\":\"https:\\\/\\\/wi.ee\\\/et\\\/\"},{\"@type\":\"ListItem\",\"position\":2,\"name\":\"V\u00f5ru keel \u00fclemaailmses s\u00f5naraamatus IDS\"}]},{\"@type\":\"WebSite\",\"@id\":\"https:\\\/\\\/wi.ee\\\/et\\\/#website\",\"url\":\"https:\\\/\\\/wi.ee\\\/et\\\/\",\"name\":\"V\u00f5ru Instituut\",\"description\":\"\",\"publisher\":{\"@id\":\"https:\\\/\\\/wi.ee\\\/et\\\/#organization\"},\"potentialAction\":[{\"@type\":\"SearchAction\",\"target\":{\"@type\":\"EntryPoint\",\"urlTemplate\":\"https:\\\/\\\/wi.ee\\\/et\\\/?s={search_term_string}\"},\"query-input\":{\"@type\":\"PropertyValueSpecification\",\"valueRequired\":true,\"valueName\":\"search_term_string\"}}],\"inLanguage\":\"et\"},{\"@type\":\"Organization\",\"@id\":\"https:\\\/\\\/wi.ee\\\/et\\\/#organization\",\"name\":\"V\u00f5ru Instituut\",\"url\":\"https:\\\/\\\/wi.ee\\\/et\\\/\",\"logo\":{\"@type\":\"ImageObject\",\"inLanguage\":\"et\",\"@id\":\"https:\\\/\\\/wi.ee\\\/et\\\/#\\\/schema\\\/logo\\\/image\\\/\",\"url\":\"https:\\\/\\\/wi.ee\\\/wp-content\\\/uploads\\\/2015\\\/05\\\/logo-150507.png\",\"contentUrl\":\"https:\\\/\\\/wi.ee\\\/wp-content\\\/uploads\\\/2015\\\/05\\\/logo-150507.png\",\"width\":183,\"height\":123,\"caption\":\"V\u00f5ru Instituut\"},\"image\":{\"@id\":\"https:\\\/\\\/wi.ee\\\/et\\\/#\\\/schema\\\/logo\\\/image\\\/\"},\"sameAs\":[\"https:\\\/\\\/www.facebook.com\\\/VoroInstituut\"]}]}<\/script>\n<!-- \/ Yoast SEO plugin. -->","yoast_head_json":{"title":"V\u00f5ru keel \u00fclemaailmses s\u00f5naraamatus IDS - V\u00f5ru Instituut","robots":{"index":"index","follow":"follow","max-snippet":"max-snippet:-1","max-image-preview":"max-image-preview:large","max-video-preview":"max-video-preview:-1"},"canonical":"https:\/\/wi.ee\/et\/voru-keele-ulemaailmne-sonaraamat-ids\/","og_locale":"et_EE","og_type":"article","og_title":"V\u00f5ru keel \u00fclemaailmses s\u00f5naraamatus IDS - V\u00f5ru Instituut","og_description":"\u00dcts vahts\u00f5n\u00f5 v\u00f5ro s\u00f5naraamat um valmis saanuq. Tuu um \u00fcleilmalids\u00f5 s\u00f5naraamadu IDS (The Intercontinental Dictionary Series) v\u00f5ro jago. Seo suur\u00f5 s\u00f5naraamatuga saa kokko 332 kiilt ja tuhandit s\u00f5nno umavaih\u00f5l v\u00f5rr\u00f5ldaq. IDSi v\u00f5ro s\u00f5naraamatuh um 3564 v\u00f5rokiilset s\u00f5nna. Seo v\u00f5ro s\u00f5naraamadu p\u00f5hilin\u00f5 kokkopandja um \u00fcts v\u00e4ega keelehuvilin\u00f5 California abiturient Coscrove\u2019i Leon, ked\u00e4 sai v\u00f5ro keele n\u00f5vvoga [&hellip;]","og_url":"https:\/\/wi.ee\/et\/voru-keele-ulemaailmne-sonaraamat-ids\/","og_site_name":"V\u00f5ru Instituut","article_publisher":"https:\/\/www.facebook.com\/VoroInstituut","article_modified_time":"2021-02-05T12:54:28+00:00","og_image":[{"width":183,"height":123,"url":"https:\/\/wi.ee\/wp-content\/uploads\/2015\/05\/logo-150507.png","type":"image\/png"}],"twitter_misc":{"Est. reading time":"1 minut"},"schema":{"@context":"https:\/\/schema.org","@graph":[{"@type":"WebPage","@id":"https:\/\/wi.ee\/et\/voru-keele-ulemaailmne-sonaraamat-ids\/","url":"https:\/\/wi.ee\/et\/voru-keele-ulemaailmne-sonaraamat-ids\/","name":"V\u00f5ru keel \u00fclemaailmses s\u00f5naraamatus IDS - V\u00f5ru Instituut","isPartOf":{"@id":"https:\/\/wi.ee\/et\/#website"},"datePublished":"2021-02-05T12:35:30+00:00","dateModified":"2021-02-05T12:54:28+00:00","breadcrumb":{"@id":"https:\/\/wi.ee\/et\/voru-keele-ulemaailmne-sonaraamat-ids\/#breadcrumb"},"inLanguage":"et","potentialAction":[{"@type":"ReadAction","target":["https:\/\/wi.ee\/et\/voru-keele-ulemaailmne-sonaraamat-ids\/"]}]},{"@type":"BreadcrumbList","@id":"https:\/\/wi.ee\/et\/voru-keele-ulemaailmne-sonaraamat-ids\/#breadcrumb","itemListElement":[{"@type":"ListItem","position":1,"name":"Avaleht","item":"https:\/\/wi.ee\/et\/"},{"@type":"ListItem","position":2,"name":"V\u00f5ru keel \u00fclemaailmses s\u00f5naraamatus IDS"}]},{"@type":"WebSite","@id":"https:\/\/wi.ee\/et\/#website","url":"https:\/\/wi.ee\/et\/","name":"V\u00f5ru Instituut","description":"","publisher":{"@id":"https:\/\/wi.ee\/et\/#organization"},"potentialAction":[{"@type":"SearchAction","target":{"@type":"EntryPoint","urlTemplate":"https:\/\/wi.ee\/et\/?s={search_term_string}"},"query-input":{"@type":"PropertyValueSpecification","valueRequired":true,"valueName":"search_term_string"}}],"inLanguage":"et"},{"@type":"Organization","@id":"https:\/\/wi.ee\/et\/#organization","name":"V\u00f5ru Instituut","url":"https:\/\/wi.ee\/et\/","logo":{"@type":"ImageObject","inLanguage":"et","@id":"https:\/\/wi.ee\/et\/#\/schema\/logo\/image\/","url":"https:\/\/wi.ee\/wp-content\/uploads\/2015\/05\/logo-150507.png","contentUrl":"https:\/\/wi.ee\/wp-content\/uploads\/2015\/05\/logo-150507.png","width":183,"height":123,"caption":"V\u00f5ru Instituut"},"image":{"@id":"https:\/\/wi.ee\/et\/#\/schema\/logo\/image\/"},"sameAs":["https:\/\/www.facebook.com\/VoroInstituut"]}]}},"_links":{"self":[{"href":"https:\/\/wi.ee\/et\/wp-json\/wp\/v2\/pages\/8384","targetHints":{"allow":["GET"]}}],"collection":[{"href":"https:\/\/wi.ee\/et\/wp-json\/wp\/v2\/pages"}],"about":[{"href":"https:\/\/wi.ee\/et\/wp-json\/wp\/v2\/types\/page"}],"author":[{"embeddable":true,"href":"https:\/\/wi.ee\/et\/wp-json\/wp\/v2\/users\/2"}],"replies":[{"embeddable":true,"href":"https:\/\/wi.ee\/et\/wp-json\/wp\/v2\/comments?post=8384"}],"version-history":[{"count":3,"href":"https:\/\/wi.ee\/et\/wp-json\/wp\/v2\/pages\/8384\/revisions"}],"predecessor-version":[{"id":8389,"href":"https:\/\/wi.ee\/et\/wp-json\/wp\/v2\/pages\/8384\/revisions\/8389"}],"wp:attachment":[{"href":"https:\/\/wi.ee\/et\/wp-json\/wp\/v2\/media?parent=8384"}],"curies":[{"name":"wp","href":"https:\/\/api.w.org\/{rel}","templated":true}]}}