{"id":837,"date":"2015-11-05T15:20:06","date_gmt":"2015-11-05T13:20:06","guid":{"rendered":"https:\/\/wi.ee\/?page_id=837"},"modified":"2015-11-05T16:01:40","modified_gmt":"2015-11-05T14:01:40","slug":"voru-instituudi-toimetis-2","status":"publish","type":"page","link":"https:\/\/wi.ee\/et\/voru-instituudi-toimetis-2\/","title":{"rendered":"V\u00f5ru Instituudi toimetised 2"},"content":{"rendered":"<p><em><strong>Ku kavvas Setomaal\u00f5 seto rahvast jakkus?<br \/>\n<\/strong><br \/>\n<\/em>Eichenbaum, K\u00fclli (toim.)<br \/>\nV\u00f5ru: V\u00f5ro Instituudi toimetused 2, 1998<\/p>\n<ul>\n<li>Raamat annab \u00fclevaate Setomaal 1997. aastal l\u00e4bi viidud sotsioloogilise uurimuse tulemustest. Lugeda saab Setomaa kujunemisloost, rahvastikust ja asustusest, r\u00e4ndest, setude majanduslikust toimetulekust ja t\u00f6\u00f6h\u00f5ivest. K\u00e4sitletakse piiridega seotud problemaatikat ja Petserimaal elavate setude probleeme, samuti rahvakultuuri ja traditsioonide j\u00e4rjepidevust ning koolinoorte tulevikukavatsusi. Raamat on eesti keeles. Raamatu l\u00f5pus on eesti-, inglise- ja v\u00f5rokeelsed peat\u00fckkide kokkuv\u00f5tted.<\/li>\n<\/ul>\n<h4>Artiklid<\/h4>\n<ul>\n<li>K\u00fclli Eichenbaum. &#8220;Setomaa kujunemislugu&#8221;.<\/li>\n<li>Mare Ainsaar, K\u00fclli Eichenbaum, Kadri Koreinik. &#8220;Andmed ja meetodid&#8221;.<\/li>\n<li>K\u00fclli Eichenbaum. &#8220;Rahvastik ja asustus&#8221;.<\/li>\n<li>Kadri Koreinik. &#8220;Setomaa elanike sotsiaaldemograafiline \u00fclevaade&#8221;.<\/li>\n<li>Mare Ainsaar. &#8220;Paiksus ja r\u00e4nne&#8221;.<\/li>\n<li>Inge Hiielaan, Kadri Koreinik. &#8220;Majanduslik aktiivsus ja toimetulek&#8221;.<\/li>\n<li>K\u00fclli Eichenbaum, Kadri Koreinik. &#8220;T\u00f6\u00f6h\u00f5ive&#8221;.<\/li>\n<li>K\u00fclli Eichenbaum. &#8220;Piiriga seotud problemaatika&#8221;.<\/li>\n<li>K\u00fclli Eichenbaum. &#8220;Rahvakultuuri ja traditsioonide j\u00e4rjepidevus&#8221;.<\/li>\n<li>K\u00fclli Eichenbaum. &#8220;Setomaa koolinoorte seotus rahvakultuuri ja traditsioonidega&#8221;.<\/li>\n<li>Mare Ainsaar, K\u00fclli Eichenbaum. &#8220;Kodukant ja koolinoorte tulevikukavatsused&#8221;.<\/li>\n<li>Nele Reimann. &#8220;Setomaa arengut m\u00e4\u00e4ravate sihtgruppide olukorrast (\u00f5petajad, arstid, talupidajad, kultuurit\u00f6\u00f6tajad, omavalitsusametnikud, ettev\u00f5tjad)&#8221;.<\/li>\n<li>K\u00fclli Eichenbaum. &#8220;Petserimaal elavate setode probleemidest&#8221;.<\/li>\n<\/ul>\n","protected":false},"excerpt":{"rendered":"<p>Ku kavvas Setomaal\u00f5 seto rahvast jakkus? Eichenbaum, K\u00fclli (toim.) V\u00f5ru: V\u00f5ro Instituudi toimetused 2, 1998 Raamat annab \u00fclevaate Setomaal 1997. aastal l\u00e4bi viidud sotsioloogilise uurimuse tulemustest. Lugeda saab Setomaa kujunemisloost, rahvastikust ja asustusest, r\u00e4ndest, setude majanduslikust toimetulekust ja t\u00f6\u00f6h\u00f5ivest. K\u00e4sitletakse piiridega seotud problemaatikat ja Petserimaal elavate setude probleeme, samuti rahvakultuuri ja traditsioonide j\u00e4rjepidevust ning koolinoorte [&hellip;]<\/p>\n","protected":false},"author":2,"featured_media":0,"parent":0,"menu_order":0,"comment_status":"closed","ping_status":"closed","template":"","meta":{"_acf_changed":false,"footnotes":""},"class_list":["post-837","page","type-page","status-publish","hentry"],"acf":[],"yoast_head":"<!-- This site is optimized with the Yoast SEO plugin v27.4 - https:\/\/yoast.com\/product\/yoast-seo-wordpress\/ -->\n<title>V\u00f5ru Instituudi toimetised 2 - V\u00f5ru Instituut<\/title>\n<meta name=\"robots\" content=\"index, follow, max-snippet:-1, max-image-preview:large, max-video-preview:-1\" \/>\n<link rel=\"canonical\" href=\"https:\/\/wi.ee\/et\/voru-instituudi-toimetis-2\/\" \/>\n<meta property=\"og:locale\" content=\"et_EE\" \/>\n<meta property=\"og:type\" content=\"article\" \/>\n<meta property=\"og:title\" content=\"V\u00f5ru Instituudi toimetised 2 - V\u00f5ru Instituut\" \/>\n<meta property=\"og:description\" content=\"Ku kavvas Setomaal\u00f5 seto rahvast jakkus? Eichenbaum, K\u00fclli (toim.) V\u00f5ru: V\u00f5ro Instituudi toimetused 2, 1998 Raamat annab \u00fclevaate Setomaal 1997. aastal l\u00e4bi viidud sotsioloogilise uurimuse tulemustest. Lugeda saab Setomaa kujunemisloost, rahvastikust ja asustusest, r\u00e4ndest, setude majanduslikust toimetulekust ja t\u00f6\u00f6h\u00f5ivest. K\u00e4sitletakse piiridega seotud problemaatikat ja Petserimaal elavate setude probleeme, samuti rahvakultuuri ja traditsioonide j\u00e4rjepidevust ning koolinoorte [&hellip;]\" \/>\n<meta property=\"og:url\" content=\"https:\/\/wi.ee\/et\/voru-instituudi-toimetis-2\/\" \/>\n<meta property=\"og:site_name\" content=\"V\u00f5ru Instituut\" \/>\n<meta property=\"article:publisher\" content=\"https:\/\/www.facebook.com\/VoroInstituut\" \/>\n<meta property=\"article:modified_time\" content=\"2015-11-05T14:01:40+00:00\" \/>\n<meta property=\"og:image\" content=\"https:\/\/wi.ee\/wp-content\/uploads\/2015\/05\/logo-150507.png\" \/>\n\t<meta property=\"og:image:width\" content=\"183\" \/>\n\t<meta property=\"og:image:height\" content=\"123\" \/>\n\t<meta property=\"og:image:type\" content=\"image\/png\" \/>\n<meta name=\"twitter:label1\" content=\"Est. reading time\" \/>\n\t<meta name=\"twitter:data1\" content=\"1 minut\" \/>\n<script type=\"application\/ld+json\" class=\"yoast-schema-graph\">{\"@context\":\"https:\\\/\\\/schema.org\",\"@graph\":[{\"@type\":\"WebPage\",\"@id\":\"https:\\\/\\\/wi.ee\\\/et\\\/voru-instituudi-toimetis-2\\\/\",\"url\":\"https:\\\/\\\/wi.ee\\\/et\\\/voru-instituudi-toimetis-2\\\/\",\"name\":\"V\u00f5ru Instituudi toimetised 2 - V\u00f5ru Instituut\",\"isPartOf\":{\"@id\":\"https:\\\/\\\/wi.ee\\\/et\\\/#website\"},\"datePublished\":\"2015-11-05T13:20:06+00:00\",\"dateModified\":\"2015-11-05T14:01:40+00:00\",\"breadcrumb\":{\"@id\":\"https:\\\/\\\/wi.ee\\\/et\\\/voru-instituudi-toimetis-2\\\/#breadcrumb\"},\"inLanguage\":\"et\",\"potentialAction\":[{\"@type\":\"ReadAction\",\"target\":[\"https:\\\/\\\/wi.ee\\\/et\\\/voru-instituudi-toimetis-2\\\/\"]}]},{\"@type\":\"BreadcrumbList\",\"@id\":\"https:\\\/\\\/wi.ee\\\/et\\\/voru-instituudi-toimetis-2\\\/#breadcrumb\",\"itemListElement\":[{\"@type\":\"ListItem\",\"position\":1,\"name\":\"Avaleht\",\"item\":\"https:\\\/\\\/wi.ee\\\/et\\\/\"},{\"@type\":\"ListItem\",\"position\":2,\"name\":\"V\u00f5ru Instituudi toimetised 2\"}]},{\"@type\":\"WebSite\",\"@id\":\"https:\\\/\\\/wi.ee\\\/et\\\/#website\",\"url\":\"https:\\\/\\\/wi.ee\\\/et\\\/\",\"name\":\"V\u00f5ru Instituut\",\"description\":\"\",\"publisher\":{\"@id\":\"https:\\\/\\\/wi.ee\\\/et\\\/#organization\"},\"potentialAction\":[{\"@type\":\"SearchAction\",\"target\":{\"@type\":\"EntryPoint\",\"urlTemplate\":\"https:\\\/\\\/wi.ee\\\/et\\\/?s={search_term_string}\"},\"query-input\":{\"@type\":\"PropertyValueSpecification\",\"valueRequired\":true,\"valueName\":\"search_term_string\"}}],\"inLanguage\":\"et\"},{\"@type\":\"Organization\",\"@id\":\"https:\\\/\\\/wi.ee\\\/et\\\/#organization\",\"name\":\"V\u00f5ru Instituut\",\"url\":\"https:\\\/\\\/wi.ee\\\/et\\\/\",\"logo\":{\"@type\":\"ImageObject\",\"inLanguage\":\"et\",\"@id\":\"https:\\\/\\\/wi.ee\\\/et\\\/#\\\/schema\\\/logo\\\/image\\\/\",\"url\":\"https:\\\/\\\/wi.ee\\\/wp-content\\\/uploads\\\/2015\\\/05\\\/logo-150507.png\",\"contentUrl\":\"https:\\\/\\\/wi.ee\\\/wp-content\\\/uploads\\\/2015\\\/05\\\/logo-150507.png\",\"width\":183,\"height\":123,\"caption\":\"V\u00f5ru Instituut\"},\"image\":{\"@id\":\"https:\\\/\\\/wi.ee\\\/et\\\/#\\\/schema\\\/logo\\\/image\\\/\"},\"sameAs\":[\"https:\\\/\\\/www.facebook.com\\\/VoroInstituut\"]}]}<\/script>\n<!-- \/ Yoast SEO plugin. -->","yoast_head_json":{"title":"V\u00f5ru Instituudi toimetised 2 - V\u00f5ru Instituut","robots":{"index":"index","follow":"follow","max-snippet":"max-snippet:-1","max-image-preview":"max-image-preview:large","max-video-preview":"max-video-preview:-1"},"canonical":"https:\/\/wi.ee\/et\/voru-instituudi-toimetis-2\/","og_locale":"et_EE","og_type":"article","og_title":"V\u00f5ru Instituudi toimetised 2 - V\u00f5ru Instituut","og_description":"Ku kavvas Setomaal\u00f5 seto rahvast jakkus? Eichenbaum, K\u00fclli (toim.) V\u00f5ru: V\u00f5ro Instituudi toimetused 2, 1998 Raamat annab \u00fclevaate Setomaal 1997. aastal l\u00e4bi viidud sotsioloogilise uurimuse tulemustest. Lugeda saab Setomaa kujunemisloost, rahvastikust ja asustusest, r\u00e4ndest, setude majanduslikust toimetulekust ja t\u00f6\u00f6h\u00f5ivest. K\u00e4sitletakse piiridega seotud problemaatikat ja Petserimaal elavate setude probleeme, samuti rahvakultuuri ja traditsioonide j\u00e4rjepidevust ning koolinoorte [&hellip;]","og_url":"https:\/\/wi.ee\/et\/voru-instituudi-toimetis-2\/","og_site_name":"V\u00f5ru Instituut","article_publisher":"https:\/\/www.facebook.com\/VoroInstituut","article_modified_time":"2015-11-05T14:01:40+00:00","og_image":[{"width":183,"height":123,"url":"https:\/\/wi.ee\/wp-content\/uploads\/2015\/05\/logo-150507.png","type":"image\/png"}],"twitter_misc":{"Est. reading time":"1 minut"},"schema":{"@context":"https:\/\/schema.org","@graph":[{"@type":"WebPage","@id":"https:\/\/wi.ee\/et\/voru-instituudi-toimetis-2\/","url":"https:\/\/wi.ee\/et\/voru-instituudi-toimetis-2\/","name":"V\u00f5ru Instituudi toimetised 2 - V\u00f5ru Instituut","isPartOf":{"@id":"https:\/\/wi.ee\/et\/#website"},"datePublished":"2015-11-05T13:20:06+00:00","dateModified":"2015-11-05T14:01:40+00:00","breadcrumb":{"@id":"https:\/\/wi.ee\/et\/voru-instituudi-toimetis-2\/#breadcrumb"},"inLanguage":"et","potentialAction":[{"@type":"ReadAction","target":["https:\/\/wi.ee\/et\/voru-instituudi-toimetis-2\/"]}]},{"@type":"BreadcrumbList","@id":"https:\/\/wi.ee\/et\/voru-instituudi-toimetis-2\/#breadcrumb","itemListElement":[{"@type":"ListItem","position":1,"name":"Avaleht","item":"https:\/\/wi.ee\/et\/"},{"@type":"ListItem","position":2,"name":"V\u00f5ru Instituudi toimetised 2"}]},{"@type":"WebSite","@id":"https:\/\/wi.ee\/et\/#website","url":"https:\/\/wi.ee\/et\/","name":"V\u00f5ru Instituut","description":"","publisher":{"@id":"https:\/\/wi.ee\/et\/#organization"},"potentialAction":[{"@type":"SearchAction","target":{"@type":"EntryPoint","urlTemplate":"https:\/\/wi.ee\/et\/?s={search_term_string}"},"query-input":{"@type":"PropertyValueSpecification","valueRequired":true,"valueName":"search_term_string"}}],"inLanguage":"et"},{"@type":"Organization","@id":"https:\/\/wi.ee\/et\/#organization","name":"V\u00f5ru Instituut","url":"https:\/\/wi.ee\/et\/","logo":{"@type":"ImageObject","inLanguage":"et","@id":"https:\/\/wi.ee\/et\/#\/schema\/logo\/image\/","url":"https:\/\/wi.ee\/wp-content\/uploads\/2015\/05\/logo-150507.png","contentUrl":"https:\/\/wi.ee\/wp-content\/uploads\/2015\/05\/logo-150507.png","width":183,"height":123,"caption":"V\u00f5ru Instituut"},"image":{"@id":"https:\/\/wi.ee\/et\/#\/schema\/logo\/image\/"},"sameAs":["https:\/\/www.facebook.com\/VoroInstituut"]}]}},"_links":{"self":[{"href":"https:\/\/wi.ee\/et\/wp-json\/wp\/v2\/pages\/837","targetHints":{"allow":["GET"]}}],"collection":[{"href":"https:\/\/wi.ee\/et\/wp-json\/wp\/v2\/pages"}],"about":[{"href":"https:\/\/wi.ee\/et\/wp-json\/wp\/v2\/types\/page"}],"author":[{"embeddable":true,"href":"https:\/\/wi.ee\/et\/wp-json\/wp\/v2\/users\/2"}],"replies":[{"embeddable":true,"href":"https:\/\/wi.ee\/et\/wp-json\/wp\/v2\/comments?post=837"}],"version-history":[{"count":4,"href":"https:\/\/wi.ee\/et\/wp-json\/wp\/v2\/pages\/837\/revisions"}],"predecessor-version":[{"id":865,"href":"https:\/\/wi.ee\/et\/wp-json\/wp\/v2\/pages\/837\/revisions\/865"}],"wp:attachment":[{"href":"https:\/\/wi.ee\/et\/wp-json\/wp\/v2\/media?parent=837"}],"curies":[{"name":"wp","href":"https:\/\/api.w.org\/{rel}","templated":true}]}}