{"id":812,"date":"2015-11-04T15:25:54","date_gmt":"2015-11-04T13:25:54","guid":{"rendered":"https:\/\/wi.ee\/?page_id=812"},"modified":"2022-01-11T15:57:22","modified_gmt":"2022-01-11T13:57:22","slug":"rahvaroivaste-pildid","status":"publish","type":"page","link":"https:\/\/wi.ee\/et\/muuseumid\/rahvaroivaste-noukoda\/rahvaroivaste-pildid\/","title":{"rendered":"Rahvar\u00f5ivaste pildid"},"content":{"rendered":"<p>Vana-V\u00f5romaa kihelkondade rahvar\u00f5ivaid on ERM-i kogude r\u00f5ivaste p\u00f5hjal joonistanud Anu M\u00f5tsh\u00e4rg.<\/p>\n<p>&nbsp;<\/p>\n<p>Hargla kihelkond:\u00a0<a href=\"https:\/\/wi.ee\/wp-content\/uploads\/2015\/11\/rrHargla.gif\"><img loading=\"lazy\" decoding=\"async\" class=\"alignnone size-medium wp-image-787\" src=\"https:\/\/wi.ee\/wp-content\/uploads\/2015\/11\/rrHargla-213x300.gif\" alt=\"rrHargla\" width=\"213\" height=\"300\" \/><\/a>\u00a0 \u00a0 \u00a0 \u00a0 Kanepi kihelkond:\u00a0<a href=\"https:\/\/wi.ee\/wp-content\/uploads\/2015\/11\/rrKanepi.gif\"><img loading=\"lazy\" decoding=\"async\" class=\"alignnone size-medium wp-image-788\" src=\"https:\/\/wi.ee\/wp-content\/uploads\/2015\/11\/rrKanepi-205x300.gif\" alt=\"rrKanepi\" width=\"205\" height=\"300\" \/><\/a><\/p>\n<p>&nbsp;<\/p>\n<p>Karula kihelkond:\u00a0<a href=\"https:\/\/wi.ee\/wp-content\/uploads\/2015\/11\/rrKarula.gif\"><img loading=\"lazy\" decoding=\"async\" class=\"alignnone size-medium wp-image-789\" src=\"https:\/\/wi.ee\/wp-content\/uploads\/2015\/11\/rrKarula-206x300.gif\" alt=\"rrKarula\" width=\"206\" height=\"300\" \/><\/a>\u00a0 \u00a0 P\u00f5lva kihelkond:\u00a0<a href=\"https:\/\/wi.ee\/wp-content\/uploads\/2015\/11\/rrPolva.gif\"><img loading=\"lazy\" decoding=\"async\" class=\"alignnone size-medium wp-image-790\" src=\"https:\/\/wi.ee\/wp-content\/uploads\/2015\/11\/rrPolva-212x300.gif\" alt=\"rrPolva\" width=\"212\" height=\"300\" \/><\/a><\/p>\n<p>&nbsp;<\/p>\n<p>&nbsp;<\/p>\n<p>R\u00e4pina kihelkond:\u00a0<a href=\"https:\/\/wi.ee\/wp-content\/uploads\/2015\/11\/rrRapina.gif\"><img loading=\"lazy\" decoding=\"async\" class=\"alignnone size-medium wp-image-792\" src=\"https:\/\/wi.ee\/wp-content\/uploads\/2015\/11\/rrRapina-212x300.gif\" alt=\"rrRapina\" width=\"212\" height=\"300\" \/><\/a>\u00a0 \u00a0R\u00f5uge kihelkond:\u00a0<a href=\"https:\/\/wi.ee\/wp-content\/uploads\/2015\/11\/rrRougo.gif\"><img loading=\"lazy\" decoding=\"async\" class=\"alignnone size-medium wp-image-791\" src=\"https:\/\/wi.ee\/wp-content\/uploads\/2015\/11\/rrRougo-212x300.gif\" alt=\"rrRougo\" width=\"212\" height=\"300\" \/><\/a><\/p>\n<p>&nbsp;<\/p>\n<p>&nbsp;<\/p>\n<p>Urvaste kihelkond:\u00a0<a href=\"https:\/\/wi.ee\/wp-content\/uploads\/2015\/11\/rrUrvaste.gif\"><img loading=\"lazy\" decoding=\"async\" class=\"alignnone size-medium wp-image-793\" src=\"https:\/\/wi.ee\/wp-content\/uploads\/2015\/11\/rrUrvaste-212x300.gif\" alt=\"rrUrvaste\" width=\"212\" height=\"300\" \/><\/a>\u00a0 \u00a0Vastseliina kihelkond:\u00a0<a href=\"https:\/\/wi.ee\/wp-content\/uploads\/2015\/11\/rrVahts.gif\"><img loading=\"lazy\" decoding=\"async\" class=\"alignnone size-medium wp-image-794\" src=\"https:\/\/wi.ee\/wp-content\/uploads\/2015\/11\/rrVahts-212x300.gif\" alt=\"rrVahts\" width=\"212\" height=\"300\" \/><\/a><\/p>\n<p>&nbsp;<\/p>\n<p>&nbsp;<\/p>\n","protected":false},"excerpt":{"rendered":"<p>Vana-V\u00f5romaa kihelkondade rahvar\u00f5ivaid on ERM-i kogude r\u00f5ivaste p\u00f5hjal joonistanud Anu M\u00f5tsh\u00e4rg. &nbsp; Hargla kihelkond:\u00a0\u00a0 \u00a0 \u00a0 \u00a0 Kanepi kihelkond:\u00a0 &nbsp; Karula kihelkond:\u00a0\u00a0 \u00a0 P\u00f5lva kihelkond:\u00a0 &nbsp; &nbsp; R\u00e4pina kihelkond:\u00a0\u00a0 \u00a0R\u00f5uge kihelkond:\u00a0 &nbsp; &nbsp; Urvaste kihelkond:\u00a0\u00a0 \u00a0Vastseliina kihelkond:\u00a0 &nbsp; &nbsp;<\/p>\n","protected":false},"author":2,"featured_media":0,"parent":10590,"menu_order":0,"comment_status":"closed","ping_status":"closed","template":"","meta":{"_acf_changed":false,"footnotes":""},"class_list":["post-812","page","type-page","status-publish","hentry"],"acf":[],"yoast_head":"<!-- This site is optimized with the Yoast SEO plugin v27.3 - https:\/\/yoast.com\/product\/yoast-seo-wordpress\/ -->\n<title>Rahvar\u00f5ivaste pildid - V\u00f5ru Instituut<\/title>\n<meta name=\"robots\" content=\"index, follow, max-snippet:-1, max-image-preview:large, max-video-preview:-1\" \/>\n<link rel=\"canonical\" href=\"https:\/\/wi.ee\/et\/muuseumid\/rahvaroivaste-noukoda\/rahvaroivaste-pildid\/\" \/>\n<meta property=\"og:locale\" content=\"et_EE\" \/>\n<meta property=\"og:type\" content=\"article\" \/>\n<meta property=\"og:title\" content=\"Rahvar\u00f5ivaste pildid - V\u00f5ru Instituut\" \/>\n<meta property=\"og:description\" content=\"Vana-V\u00f5romaa kihelkondade rahvar\u00f5ivaid on ERM-i kogude r\u00f5ivaste p\u00f5hjal joonistanud Anu M\u00f5tsh\u00e4rg. &nbsp; Hargla kihelkond:\u00a0\u00a0 \u00a0 \u00a0 \u00a0 Kanepi kihelkond:\u00a0 &nbsp; Karula kihelkond:\u00a0\u00a0 \u00a0 P\u00f5lva kihelkond:\u00a0 &nbsp; &nbsp; R\u00e4pina kihelkond:\u00a0\u00a0 \u00a0R\u00f5uge kihelkond:\u00a0 &nbsp; &nbsp; Urvaste kihelkond:\u00a0\u00a0 \u00a0Vastseliina kihelkond:\u00a0 &nbsp; &nbsp;\" \/>\n<meta property=\"og:url\" content=\"https:\/\/wi.ee\/et\/muuseumid\/rahvaroivaste-noukoda\/rahvaroivaste-pildid\/\" \/>\n<meta property=\"og:site_name\" content=\"V\u00f5ru Instituut\" \/>\n<meta property=\"article:publisher\" content=\"https:\/\/www.facebook.com\/VoroInstituut\" \/>\n<meta property=\"article:modified_time\" content=\"2022-01-11T13:57:22+00:00\" \/>\n<meta property=\"og:image\" content=\"https:\/\/wi.ee\/wp-content\/uploads\/2015\/11\/rrHargla-213x300.gif\" \/>\n<script type=\"application\/ld+json\" class=\"yoast-schema-graph\">{\"@context\":\"https:\\\/\\\/schema.org\",\"@graph\":[{\"@type\":\"WebPage\",\"@id\":\"https:\\\/\\\/wi.ee\\\/et\\\/muuseumid\\\/rahvaroivaste-noukoda\\\/rahvaroivaste-pildid\\\/\",\"url\":\"https:\\\/\\\/wi.ee\\\/et\\\/muuseumid\\\/rahvaroivaste-noukoda\\\/rahvaroivaste-pildid\\\/\",\"name\":\"Rahvar\u00f5ivaste pildid - V\u00f5ru Instituut\",\"isPartOf\":{\"@id\":\"https:\\\/\\\/wi.ee\\\/et\\\/#website\"},\"primaryImageOfPage\":{\"@id\":\"https:\\\/\\\/wi.ee\\\/et\\\/muuseumid\\\/rahvaroivaste-noukoda\\\/rahvaroivaste-pildid\\\/#primaryimage\"},\"image\":{\"@id\":\"https:\\\/\\\/wi.ee\\\/et\\\/muuseumid\\\/rahvaroivaste-noukoda\\\/rahvaroivaste-pildid\\\/#primaryimage\"},\"thumbnailUrl\":\"https:\\\/\\\/wi.ee\\\/wp-content\\\/uploads\\\/2015\\\/11\\\/rrHargla-213x300.gif\",\"datePublished\":\"2015-11-04T13:25:54+00:00\",\"dateModified\":\"2022-01-11T13:57:22+00:00\",\"breadcrumb\":{\"@id\":\"https:\\\/\\\/wi.ee\\\/et\\\/muuseumid\\\/rahvaroivaste-noukoda\\\/rahvaroivaste-pildid\\\/#breadcrumb\"},\"inLanguage\":\"et\",\"potentialAction\":[{\"@type\":\"ReadAction\",\"target\":[\"https:\\\/\\\/wi.ee\\\/et\\\/muuseumid\\\/rahvaroivaste-noukoda\\\/rahvaroivaste-pildid\\\/\"]}]},{\"@type\":\"ImageObject\",\"inLanguage\":\"et\",\"@id\":\"https:\\\/\\\/wi.ee\\\/et\\\/muuseumid\\\/rahvaroivaste-noukoda\\\/rahvaroivaste-pildid\\\/#primaryimage\",\"url\":\"https:\\\/\\\/wi.ee\\\/wp-content\\\/uploads\\\/2015\\\/11\\\/rrHargla-213x300.gif\",\"contentUrl\":\"https:\\\/\\\/wi.ee\\\/wp-content\\\/uploads\\\/2015\\\/11\\\/rrHargla-213x300.gif\"},{\"@type\":\"BreadcrumbList\",\"@id\":\"https:\\\/\\\/wi.ee\\\/et\\\/muuseumid\\\/rahvaroivaste-noukoda\\\/rahvaroivaste-pildid\\\/#breadcrumb\",\"itemListElement\":[{\"@type\":\"ListItem\",\"position\":1,\"name\":\"Avaleht\",\"item\":\"https:\\\/\\\/wi.ee\\\/et\\\/\"},{\"@type\":\"ListItem\",\"position\":2,\"name\":\"Muuseumid\",\"item\":\"https:\\\/\\\/wi.ee\\\/et\\\/muuseumid\\\/\"},{\"@type\":\"ListItem\",\"position\":3,\"name\":\"Rahvar\u00f5ivaste n\u00f5ukoda\",\"item\":\"https:\\\/\\\/wi.ee\\\/et\\\/muuseumid\\\/rahvaroivaste-noukoda\\\/\"},{\"@type\":\"ListItem\",\"position\":4,\"name\":\"Rahvar\u00f5ivaste pildid\"}]},{\"@type\":\"WebSite\",\"@id\":\"https:\\\/\\\/wi.ee\\\/et\\\/#website\",\"url\":\"https:\\\/\\\/wi.ee\\\/et\\\/\",\"name\":\"V\u00f5ru Instituut\",\"description\":\"\",\"publisher\":{\"@id\":\"https:\\\/\\\/wi.ee\\\/et\\\/#organization\"},\"potentialAction\":[{\"@type\":\"SearchAction\",\"target\":{\"@type\":\"EntryPoint\",\"urlTemplate\":\"https:\\\/\\\/wi.ee\\\/et\\\/?s={search_term_string}\"},\"query-input\":{\"@type\":\"PropertyValueSpecification\",\"valueRequired\":true,\"valueName\":\"search_term_string\"}}],\"inLanguage\":\"et\"},{\"@type\":\"Organization\",\"@id\":\"https:\\\/\\\/wi.ee\\\/et\\\/#organization\",\"name\":\"V\u00f5ru Instituut\",\"url\":\"https:\\\/\\\/wi.ee\\\/et\\\/\",\"logo\":{\"@type\":\"ImageObject\",\"inLanguage\":\"et\",\"@id\":\"https:\\\/\\\/wi.ee\\\/et\\\/#\\\/schema\\\/logo\\\/image\\\/\",\"url\":\"https:\\\/\\\/wi.ee\\\/wp-content\\\/uploads\\\/2015\\\/05\\\/logo-150507.png\",\"contentUrl\":\"https:\\\/\\\/wi.ee\\\/wp-content\\\/uploads\\\/2015\\\/05\\\/logo-150507.png\",\"width\":183,\"height\":123,\"caption\":\"V\u00f5ru Instituut\"},\"image\":{\"@id\":\"https:\\\/\\\/wi.ee\\\/et\\\/#\\\/schema\\\/logo\\\/image\\\/\"},\"sameAs\":[\"https:\\\/\\\/www.facebook.com\\\/VoroInstituut\"]}]}<\/script>\n<!-- \/ Yoast SEO plugin. -->","yoast_head_json":{"title":"Rahvar\u00f5ivaste pildid - V\u00f5ru Instituut","robots":{"index":"index","follow":"follow","max-snippet":"max-snippet:-1","max-image-preview":"max-image-preview:large","max-video-preview":"max-video-preview:-1"},"canonical":"https:\/\/wi.ee\/et\/muuseumid\/rahvaroivaste-noukoda\/rahvaroivaste-pildid\/","og_locale":"et_EE","og_type":"article","og_title":"Rahvar\u00f5ivaste pildid - V\u00f5ru Instituut","og_description":"Vana-V\u00f5romaa kihelkondade rahvar\u00f5ivaid on ERM-i kogude r\u00f5ivaste p\u00f5hjal joonistanud Anu M\u00f5tsh\u00e4rg. &nbsp; Hargla kihelkond:\u00a0\u00a0 \u00a0 \u00a0 \u00a0 Kanepi kihelkond:\u00a0 &nbsp; Karula kihelkond:\u00a0\u00a0 \u00a0 P\u00f5lva kihelkond:\u00a0 &nbsp; &nbsp; R\u00e4pina kihelkond:\u00a0\u00a0 \u00a0R\u00f5uge kihelkond:\u00a0 &nbsp; &nbsp; Urvaste kihelkond:\u00a0\u00a0 \u00a0Vastseliina kihelkond:\u00a0 &nbsp; &nbsp;","og_url":"https:\/\/wi.ee\/et\/muuseumid\/rahvaroivaste-noukoda\/rahvaroivaste-pildid\/","og_site_name":"V\u00f5ru Instituut","article_publisher":"https:\/\/www.facebook.com\/VoroInstituut","article_modified_time":"2022-01-11T13:57:22+00:00","og_image":[{"url":"https:\/\/wi.ee\/wp-content\/uploads\/2015\/11\/rrHargla-213x300.gif","type":"","width":"","height":""}],"schema":{"@context":"https:\/\/schema.org","@graph":[{"@type":"WebPage","@id":"https:\/\/wi.ee\/et\/muuseumid\/rahvaroivaste-noukoda\/rahvaroivaste-pildid\/","url":"https:\/\/wi.ee\/et\/muuseumid\/rahvaroivaste-noukoda\/rahvaroivaste-pildid\/","name":"Rahvar\u00f5ivaste pildid - V\u00f5ru Instituut","isPartOf":{"@id":"https:\/\/wi.ee\/et\/#website"},"primaryImageOfPage":{"@id":"https:\/\/wi.ee\/et\/muuseumid\/rahvaroivaste-noukoda\/rahvaroivaste-pildid\/#primaryimage"},"image":{"@id":"https:\/\/wi.ee\/et\/muuseumid\/rahvaroivaste-noukoda\/rahvaroivaste-pildid\/#primaryimage"},"thumbnailUrl":"https:\/\/wi.ee\/wp-content\/uploads\/2015\/11\/rrHargla-213x300.gif","datePublished":"2015-11-04T13:25:54+00:00","dateModified":"2022-01-11T13:57:22+00:00","breadcrumb":{"@id":"https:\/\/wi.ee\/et\/muuseumid\/rahvaroivaste-noukoda\/rahvaroivaste-pildid\/#breadcrumb"},"inLanguage":"et","potentialAction":[{"@type":"ReadAction","target":["https:\/\/wi.ee\/et\/muuseumid\/rahvaroivaste-noukoda\/rahvaroivaste-pildid\/"]}]},{"@type":"ImageObject","inLanguage":"et","@id":"https:\/\/wi.ee\/et\/muuseumid\/rahvaroivaste-noukoda\/rahvaroivaste-pildid\/#primaryimage","url":"https:\/\/wi.ee\/wp-content\/uploads\/2015\/11\/rrHargla-213x300.gif","contentUrl":"https:\/\/wi.ee\/wp-content\/uploads\/2015\/11\/rrHargla-213x300.gif"},{"@type":"BreadcrumbList","@id":"https:\/\/wi.ee\/et\/muuseumid\/rahvaroivaste-noukoda\/rahvaroivaste-pildid\/#breadcrumb","itemListElement":[{"@type":"ListItem","position":1,"name":"Avaleht","item":"https:\/\/wi.ee\/et\/"},{"@type":"ListItem","position":2,"name":"Muuseumid","item":"https:\/\/wi.ee\/et\/muuseumid\/"},{"@type":"ListItem","position":3,"name":"Rahvar\u00f5ivaste n\u00f5ukoda","item":"https:\/\/wi.ee\/et\/muuseumid\/rahvaroivaste-noukoda\/"},{"@type":"ListItem","position":4,"name":"Rahvar\u00f5ivaste pildid"}]},{"@type":"WebSite","@id":"https:\/\/wi.ee\/et\/#website","url":"https:\/\/wi.ee\/et\/","name":"V\u00f5ru Instituut","description":"","publisher":{"@id":"https:\/\/wi.ee\/et\/#organization"},"potentialAction":[{"@type":"SearchAction","target":{"@type":"EntryPoint","urlTemplate":"https:\/\/wi.ee\/et\/?s={search_term_string}"},"query-input":{"@type":"PropertyValueSpecification","valueRequired":true,"valueName":"search_term_string"}}],"inLanguage":"et"},{"@type":"Organization","@id":"https:\/\/wi.ee\/et\/#organization","name":"V\u00f5ru Instituut","url":"https:\/\/wi.ee\/et\/","logo":{"@type":"ImageObject","inLanguage":"et","@id":"https:\/\/wi.ee\/et\/#\/schema\/logo\/image\/","url":"https:\/\/wi.ee\/wp-content\/uploads\/2015\/05\/logo-150507.png","contentUrl":"https:\/\/wi.ee\/wp-content\/uploads\/2015\/05\/logo-150507.png","width":183,"height":123,"caption":"V\u00f5ru Instituut"},"image":{"@id":"https:\/\/wi.ee\/et\/#\/schema\/logo\/image\/"},"sameAs":["https:\/\/www.facebook.com\/VoroInstituut"]}]}},"_links":{"self":[{"href":"https:\/\/wi.ee\/et\/wp-json\/wp\/v2\/pages\/812","targetHints":{"allow":["GET"]}}],"collection":[{"href":"https:\/\/wi.ee\/et\/wp-json\/wp\/v2\/pages"}],"about":[{"href":"https:\/\/wi.ee\/et\/wp-json\/wp\/v2\/types\/page"}],"author":[{"embeddable":true,"href":"https:\/\/wi.ee\/et\/wp-json\/wp\/v2\/users\/2"}],"replies":[{"embeddable":true,"href":"https:\/\/wi.ee\/et\/wp-json\/wp\/v2\/comments?post=812"}],"version-history":[{"count":4,"href":"https:\/\/wi.ee\/et\/wp-json\/wp\/v2\/pages\/812\/revisions"}],"predecessor-version":[{"id":817,"href":"https:\/\/wi.ee\/et\/wp-json\/wp\/v2\/pages\/812\/revisions\/817"}],"up":[{"embeddable":true,"href":"https:\/\/wi.ee\/et\/wp-json\/wp\/v2\/pages\/10590"}],"wp:attachment":[{"href":"https:\/\/wi.ee\/et\/wp-json\/wp\/v2\/media?parent=812"}],"curies":[{"name":"wp","href":"https:\/\/api.w.org\/{rel}","templated":true}]}}