{"id":7965,"date":"2020-10-19T14:54:51","date_gmt":"2020-10-19T12:54:51","guid":{"rendered":"https:\/\/wi.ee\/?page_id=7965"},"modified":"2021-10-18T15:56:45","modified_gmt":"2021-10-18T13:56:45","slug":"vorokoso-vallakutso","status":"publish","type":"page","link":"https:\/\/wi.ee\/et\/vorokoso-vallakutso\/","title":{"rendered":"V\u00d5ROK\u00d5S\u00d5 V\u00c4LL\u00c4KUTS\u00d5"},"content":{"rendered":"<h3 style=\"background: white; margin: 0cm 0cm 12.75pt 0cm;\"><span style=\"font-size: 10.5pt; font-family: 'Roboto Slab'; color: black;\"><strong><span style=\"color: #800000;\"><img loading=\"lazy\" decoding=\"async\" class=\" wp-image-10168 alignright\" src=\"https:\/\/wi.ee\/wp-content\/uploads\/2021\/10\/bingo_2021_veebi-300x211.jpg\" alt=\"\" width=\"444\" height=\"312\" srcset=\"https:\/\/wi.ee\/wp-content\/uploads\/2021\/10\/bingo_2021_veebi-300x211.jpg 300w, https:\/\/wi.ee\/wp-content\/uploads\/2021\/10\/bingo_2021_veebi-1024x720.jpg 1024w, https:\/\/wi.ee\/wp-content\/uploads\/2021\/10\/bingo_2021_veebi-768x540.jpg 768w, https:\/\/wi.ee\/wp-content\/uploads\/2021\/10\/bingo_2021_veebi.jpg 1100w\" sizes=\"auto, (max-width: 444px) 100vw, 444px\" \/>V\u00d5ROK\u00d5S\u00d5 V\u00c4LL\u00c4KUTS\u00d5 m\u00e4ng aitab kaasa v\u00f5ro keele kasutamisele igap\u00e4evaelus ja toimub 21.10.-7.11.2020.<\/span><\/strong><br \/>\n<strong><span style=\"color: #800000;\">M\u00e4nguv\u00e4ljal on 16 lihtsat \u00fclesannet-v\u00e4ljakutset, mis on seotud v\u00f5ro keelega. Osa v\u00f5ib v\u00f5tta iga\u00fcks. Iga p\u00e4ev tuleb m\u00e4nguv\u00e4ljalt t\u00e4ita v\u00e4hemalt \u00fcks \u00fclesanne, mis on seotud v\u00f5ru keelega. T\u00e4ida neist \u00fclesannetest niipalju, kui saad!<\/span><\/strong><br \/>\nPaberile tr\u00fckitud m\u00e4ngu leiad 21. oktoobri Uma Lehest ja saad <strong>v\u00e4lja\u00a0 <a href=\"https:\/\/wi.ee\/wp-content\/uploads\/2021\/10\/bingo_2021_veebi.jpg\" target=\"_blank\" rel=\"noopener\"><span style=\"color: #0000ff;\">tr\u00fckkida pildifaili ka SIIT.<\/span><\/a>\u00a0<\/strong><br \/>\n<\/span><\/h3>\n<p style=\"background: white; margin: 0cm 0cm 12.75pt 0cm;\"><span style=\"font-size: 10.5pt; font-family: 'Roboto Slab'; color: black;\">P\u00e4rast v\u00e4ljakutsete t\u00e4itmist v\u00f5id m\u00e4ngulehe:<br \/>\n&#8211; t\u00e4ita internetis: <span style=\"color: #0000ff;\"><a style=\"color: #0000ff;\" href=\"http:\/\/bingo.visitvoru.ee\/vallakutso\">bingo.visitvoru.ee\/vallakutso<\/a><\/span><br \/>\n&#8211; saata kirjaga Tartu tn 48, V\u00f5ro 65609<br \/>\n&#8211; v\u00f5i saata m\u00e4ngulehe pildi e-postile <span style=\"color: #0000ff;\"><a style=\"color: #0000ff;\" href=\"&#109;&#x61;i&#108;&#x74;o&#x3a;&#x77;&#105;&#x40;w&#105;&#x2e;e&#101;\" target=\"_blank\" rel=\"noopener\">&#97;&#x6e;n&#x69;k&#97;&#x2e;&#116;&#x65;p&#112;&#x6f;&#64;&#x77;i&#x2e;&#x65;&#101;<\/a>.<\/span><\/span><\/p>\n<p>K\u00f5igi m\u00e4ngijate vahel, kes hiljemalt 8. novembriks oma m\u00e4ngutulemused korraldajale on saatnud, loositakse 11. novembril v\u00e4lja auhindu.<\/p>\n<p>Auhindade saajatega v\u00f5etakse \u00fchendust ja nende nimed avaldatakse V\u00f5ro Instituudi kodulehel ja 18. novembri Uma Lehes.<br \/>\nLisainfo: tel 5348 6982 (Triin Toom).<\/p>\n","protected":false},"excerpt":{"rendered":"<p>V\u00d5ROK\u00d5S\u00d5 V\u00c4LL\u00c4KUTS\u00d5 m\u00e4ng aitab kaasa v\u00f5ro keele kasutamisele igap\u00e4evaelus ja toimub 21.10.-7.11.2020. M\u00e4nguv\u00e4ljal on 16 lihtsat \u00fclesannet-v\u00e4ljakutset, mis on seotud v\u00f5ro keelega. Osa v\u00f5ib v\u00f5tta iga\u00fcks. Iga p\u00e4ev tuleb m\u00e4nguv\u00e4ljalt t\u00e4ita v\u00e4hemalt \u00fcks \u00fclesanne, mis on seotud v\u00f5ru keelega. T\u00e4ida neist \u00fclesannetest niipalju, kui saad! Paberile tr\u00fckitud m\u00e4ngu leiad 21. oktoobri Uma Lehest ja saad [&hellip;]<\/p>\n","protected":false},"author":2,"featured_media":0,"parent":0,"menu_order":0,"comment_status":"closed","ping_status":"closed","template":"","meta":{"_acf_changed":false,"footnotes":""},"class_list":["post-7965","page","type-page","status-publish","hentry"],"acf":[],"yoast_head":"<!-- This site is optimized with the Yoast SEO plugin v27.3 - https:\/\/yoast.com\/product\/yoast-seo-wordpress\/ -->\n<title>V\u00d5ROK\u00d5S\u00d5 V\u00c4LL\u00c4KUTS\u00d5 - V\u00f5ru Instituut<\/title>\n<meta name=\"robots\" content=\"index, follow, max-snippet:-1, max-image-preview:large, max-video-preview:-1\" \/>\n<link rel=\"canonical\" href=\"https:\/\/wi.ee\/et\/vorokoso-vallakutso\/\" \/>\n<meta property=\"og:locale\" content=\"et_EE\" \/>\n<meta property=\"og:type\" content=\"article\" \/>\n<meta property=\"og:title\" content=\"V\u00d5ROK\u00d5S\u00d5 V\u00c4LL\u00c4KUTS\u00d5 - V\u00f5ru Instituut\" \/>\n<meta property=\"og:description\" content=\"V\u00d5ROK\u00d5S\u00d5 V\u00c4LL\u00c4KUTS\u00d5 m\u00e4ng aitab kaasa v\u00f5ro keele kasutamisele igap\u00e4evaelus ja toimub 21.10.-7.11.2020. M\u00e4nguv\u00e4ljal on 16 lihtsat \u00fclesannet-v\u00e4ljakutset, mis on seotud v\u00f5ro keelega. Osa v\u00f5ib v\u00f5tta iga\u00fcks. Iga p\u00e4ev tuleb m\u00e4nguv\u00e4ljalt t\u00e4ita v\u00e4hemalt \u00fcks \u00fclesanne, mis on seotud v\u00f5ru keelega. T\u00e4ida neist \u00fclesannetest niipalju, kui saad! Paberile tr\u00fckitud m\u00e4ngu leiad 21. oktoobri Uma Lehest ja saad [&hellip;]\" \/>\n<meta property=\"og:url\" content=\"https:\/\/wi.ee\/et\/vorokoso-vallakutso\/\" \/>\n<meta property=\"og:site_name\" content=\"V\u00f5ru Instituut\" \/>\n<meta property=\"article:publisher\" content=\"https:\/\/www.facebook.com\/VoroInstituut\" \/>\n<meta property=\"article:modified_time\" content=\"2021-10-18T13:56:45+00:00\" \/>\n<meta property=\"og:image\" content=\"https:\/\/wi.ee\/wp-content\/uploads\/2021\/10\/bingo_2021_veebi-300x211.jpg\" \/>\n<meta name=\"twitter:label1\" content=\"Est. reading time\" \/>\n\t<meta name=\"twitter:data1\" content=\"1 minut\" \/>\n<script type=\"application\/ld+json\" class=\"yoast-schema-graph\">{\"@context\":\"https:\\\/\\\/schema.org\",\"@graph\":[{\"@type\":\"WebPage\",\"@id\":\"https:\\\/\\\/wi.ee\\\/et\\\/vorokoso-vallakutso\\\/\",\"url\":\"https:\\\/\\\/wi.ee\\\/et\\\/vorokoso-vallakutso\\\/\",\"name\":\"V\u00d5ROK\u00d5S\u00d5 V\u00c4LL\u00c4KUTS\u00d5 - V\u00f5ru Instituut\",\"isPartOf\":{\"@id\":\"https:\\\/\\\/wi.ee\\\/et\\\/#website\"},\"primaryImageOfPage\":{\"@id\":\"https:\\\/\\\/wi.ee\\\/et\\\/vorokoso-vallakutso\\\/#primaryimage\"},\"image\":{\"@id\":\"https:\\\/\\\/wi.ee\\\/et\\\/vorokoso-vallakutso\\\/#primaryimage\"},\"thumbnailUrl\":\"https:\\\/\\\/wi.ee\\\/wp-content\\\/uploads\\\/2021\\\/10\\\/bingo_2021_veebi-300x211.jpg\",\"datePublished\":\"2020-10-19T12:54:51+00:00\",\"dateModified\":\"2021-10-18T13:56:45+00:00\",\"breadcrumb\":{\"@id\":\"https:\\\/\\\/wi.ee\\\/et\\\/vorokoso-vallakutso\\\/#breadcrumb\"},\"inLanguage\":\"et\",\"potentialAction\":[{\"@type\":\"ReadAction\",\"target\":[\"https:\\\/\\\/wi.ee\\\/et\\\/vorokoso-vallakutso\\\/\"]}]},{\"@type\":\"ImageObject\",\"inLanguage\":\"et\",\"@id\":\"https:\\\/\\\/wi.ee\\\/et\\\/vorokoso-vallakutso\\\/#primaryimage\",\"url\":\"https:\\\/\\\/wi.ee\\\/wp-content\\\/uploads\\\/2021\\\/10\\\/bingo_2021_veebi-300x211.jpg\",\"contentUrl\":\"https:\\\/\\\/wi.ee\\\/wp-content\\\/uploads\\\/2021\\\/10\\\/bingo_2021_veebi-300x211.jpg\"},{\"@type\":\"BreadcrumbList\",\"@id\":\"https:\\\/\\\/wi.ee\\\/et\\\/vorokoso-vallakutso\\\/#breadcrumb\",\"itemListElement\":[{\"@type\":\"ListItem\",\"position\":1,\"name\":\"Avaleht\",\"item\":\"https:\\\/\\\/wi.ee\\\/et\\\/\"},{\"@type\":\"ListItem\",\"position\":2,\"name\":\"V\u00d5ROK\u00d5S\u00d5 V\u00c4LL\u00c4KUTS\u00d5\"}]},{\"@type\":\"WebSite\",\"@id\":\"https:\\\/\\\/wi.ee\\\/et\\\/#website\",\"url\":\"https:\\\/\\\/wi.ee\\\/et\\\/\",\"name\":\"V\u00f5ru Instituut\",\"description\":\"\",\"publisher\":{\"@id\":\"https:\\\/\\\/wi.ee\\\/et\\\/#organization\"},\"potentialAction\":[{\"@type\":\"SearchAction\",\"target\":{\"@type\":\"EntryPoint\",\"urlTemplate\":\"https:\\\/\\\/wi.ee\\\/et\\\/?s={search_term_string}\"},\"query-input\":{\"@type\":\"PropertyValueSpecification\",\"valueRequired\":true,\"valueName\":\"search_term_string\"}}],\"inLanguage\":\"et\"},{\"@type\":\"Organization\",\"@id\":\"https:\\\/\\\/wi.ee\\\/et\\\/#organization\",\"name\":\"V\u00f5ru Instituut\",\"url\":\"https:\\\/\\\/wi.ee\\\/et\\\/\",\"logo\":{\"@type\":\"ImageObject\",\"inLanguage\":\"et\",\"@id\":\"https:\\\/\\\/wi.ee\\\/et\\\/#\\\/schema\\\/logo\\\/image\\\/\",\"url\":\"https:\\\/\\\/wi.ee\\\/wp-content\\\/uploads\\\/2015\\\/05\\\/logo-150507.png\",\"contentUrl\":\"https:\\\/\\\/wi.ee\\\/wp-content\\\/uploads\\\/2015\\\/05\\\/logo-150507.png\",\"width\":183,\"height\":123,\"caption\":\"V\u00f5ru Instituut\"},\"image\":{\"@id\":\"https:\\\/\\\/wi.ee\\\/et\\\/#\\\/schema\\\/logo\\\/image\\\/\"},\"sameAs\":[\"https:\\\/\\\/www.facebook.com\\\/VoroInstituut\"]}]}<\/script>\n<!-- \/ Yoast SEO plugin. -->","yoast_head_json":{"title":"V\u00d5ROK\u00d5S\u00d5 V\u00c4LL\u00c4KUTS\u00d5 - V\u00f5ru Instituut","robots":{"index":"index","follow":"follow","max-snippet":"max-snippet:-1","max-image-preview":"max-image-preview:large","max-video-preview":"max-video-preview:-1"},"canonical":"https:\/\/wi.ee\/et\/vorokoso-vallakutso\/","og_locale":"et_EE","og_type":"article","og_title":"V\u00d5ROK\u00d5S\u00d5 V\u00c4LL\u00c4KUTS\u00d5 - V\u00f5ru Instituut","og_description":"V\u00d5ROK\u00d5S\u00d5 V\u00c4LL\u00c4KUTS\u00d5 m\u00e4ng aitab kaasa v\u00f5ro keele kasutamisele igap\u00e4evaelus ja toimub 21.10.-7.11.2020. M\u00e4nguv\u00e4ljal on 16 lihtsat \u00fclesannet-v\u00e4ljakutset, mis on seotud v\u00f5ro keelega. Osa v\u00f5ib v\u00f5tta iga\u00fcks. Iga p\u00e4ev tuleb m\u00e4nguv\u00e4ljalt t\u00e4ita v\u00e4hemalt \u00fcks \u00fclesanne, mis on seotud v\u00f5ru keelega. T\u00e4ida neist \u00fclesannetest niipalju, kui saad! Paberile tr\u00fckitud m\u00e4ngu leiad 21. oktoobri Uma Lehest ja saad [&hellip;]","og_url":"https:\/\/wi.ee\/et\/vorokoso-vallakutso\/","og_site_name":"V\u00f5ru Instituut","article_publisher":"https:\/\/www.facebook.com\/VoroInstituut","article_modified_time":"2021-10-18T13:56:45+00:00","og_image":[{"url":"https:\/\/wi.ee\/wp-content\/uploads\/2021\/10\/bingo_2021_veebi-300x211.jpg","type":"","width":"","height":""}],"twitter_misc":{"Est. reading time":"1 minut"},"schema":{"@context":"https:\/\/schema.org","@graph":[{"@type":"WebPage","@id":"https:\/\/wi.ee\/et\/vorokoso-vallakutso\/","url":"https:\/\/wi.ee\/et\/vorokoso-vallakutso\/","name":"V\u00d5ROK\u00d5S\u00d5 V\u00c4LL\u00c4KUTS\u00d5 - V\u00f5ru Instituut","isPartOf":{"@id":"https:\/\/wi.ee\/et\/#website"},"primaryImageOfPage":{"@id":"https:\/\/wi.ee\/et\/vorokoso-vallakutso\/#primaryimage"},"image":{"@id":"https:\/\/wi.ee\/et\/vorokoso-vallakutso\/#primaryimage"},"thumbnailUrl":"https:\/\/wi.ee\/wp-content\/uploads\/2021\/10\/bingo_2021_veebi-300x211.jpg","datePublished":"2020-10-19T12:54:51+00:00","dateModified":"2021-10-18T13:56:45+00:00","breadcrumb":{"@id":"https:\/\/wi.ee\/et\/vorokoso-vallakutso\/#breadcrumb"},"inLanguage":"et","potentialAction":[{"@type":"ReadAction","target":["https:\/\/wi.ee\/et\/vorokoso-vallakutso\/"]}]},{"@type":"ImageObject","inLanguage":"et","@id":"https:\/\/wi.ee\/et\/vorokoso-vallakutso\/#primaryimage","url":"https:\/\/wi.ee\/wp-content\/uploads\/2021\/10\/bingo_2021_veebi-300x211.jpg","contentUrl":"https:\/\/wi.ee\/wp-content\/uploads\/2021\/10\/bingo_2021_veebi-300x211.jpg"},{"@type":"BreadcrumbList","@id":"https:\/\/wi.ee\/et\/vorokoso-vallakutso\/#breadcrumb","itemListElement":[{"@type":"ListItem","position":1,"name":"Avaleht","item":"https:\/\/wi.ee\/et\/"},{"@type":"ListItem","position":2,"name":"V\u00d5ROK\u00d5S\u00d5 V\u00c4LL\u00c4KUTS\u00d5"}]},{"@type":"WebSite","@id":"https:\/\/wi.ee\/et\/#website","url":"https:\/\/wi.ee\/et\/","name":"V\u00f5ru Instituut","description":"","publisher":{"@id":"https:\/\/wi.ee\/et\/#organization"},"potentialAction":[{"@type":"SearchAction","target":{"@type":"EntryPoint","urlTemplate":"https:\/\/wi.ee\/et\/?s={search_term_string}"},"query-input":{"@type":"PropertyValueSpecification","valueRequired":true,"valueName":"search_term_string"}}],"inLanguage":"et"},{"@type":"Organization","@id":"https:\/\/wi.ee\/et\/#organization","name":"V\u00f5ru Instituut","url":"https:\/\/wi.ee\/et\/","logo":{"@type":"ImageObject","inLanguage":"et","@id":"https:\/\/wi.ee\/et\/#\/schema\/logo\/image\/","url":"https:\/\/wi.ee\/wp-content\/uploads\/2015\/05\/logo-150507.png","contentUrl":"https:\/\/wi.ee\/wp-content\/uploads\/2015\/05\/logo-150507.png","width":183,"height":123,"caption":"V\u00f5ru Instituut"},"image":{"@id":"https:\/\/wi.ee\/et\/#\/schema\/logo\/image\/"},"sameAs":["https:\/\/www.facebook.com\/VoroInstituut"]}]}},"_links":{"self":[{"href":"https:\/\/wi.ee\/et\/wp-json\/wp\/v2\/pages\/7965","targetHints":{"allow":["GET"]}}],"collection":[{"href":"https:\/\/wi.ee\/et\/wp-json\/wp\/v2\/pages"}],"about":[{"href":"https:\/\/wi.ee\/et\/wp-json\/wp\/v2\/types\/page"}],"author":[{"embeddable":true,"href":"https:\/\/wi.ee\/et\/wp-json\/wp\/v2\/users\/2"}],"replies":[{"embeddable":true,"href":"https:\/\/wi.ee\/et\/wp-json\/wp\/v2\/comments?post=7965"}],"version-history":[{"count":10,"href":"https:\/\/wi.ee\/et\/wp-json\/wp\/v2\/pages\/7965\/revisions"}],"predecessor-version":[{"id":10172,"href":"https:\/\/wi.ee\/et\/wp-json\/wp\/v2\/pages\/7965\/revisions\/10172"}],"wp:attachment":[{"href":"https:\/\/wi.ee\/et\/wp-json\/wp\/v2\/media?parent=7965"}],"curies":[{"name":"wp","href":"https:\/\/api.w.org\/{rel}","templated":true}]}}