{"id":784,"date":"2015-11-04T14:51:16","date_gmt":"2015-11-04T12:51:16","guid":{"rendered":"https:\/\/wi.ee\/?page_id=784"},"modified":"2022-01-11T15:56:20","modified_gmt":"2022-01-11T13:56:20","slug":"vorokeste-pikk-kuub","status":"publish","type":"page","link":"https:\/\/wi.ee\/et\/muuseumid\/rahvaroivaste-noukoda\/vorokeste-pikk-kuub\/","title":{"rendered":"V\u00f5rokeste pikk-kuub"},"content":{"rendered":"<div id=\"attachment_786\" style=\"width: 240px\" class=\"wp-caption alignright\"><a href=\"https:\/\/wi.ee\/wp-content\/uploads\/2015\/11\/suursargid_triinu_kalle_kaido.jpg\"><img loading=\"lazy\" decoding=\"async\" aria-describedby=\"caption-attachment-786\" class=\"wp-image-786\" src=\"https:\/\/wi.ee\/wp-content\/uploads\/2015\/11\/suursargid_triinu_kalle_kaido-199x300.jpg\" alt=\"suursargid_triinu_kalle_kaido\" width=\"230\" height=\"347\" srcset=\"https:\/\/wi.ee\/wp-content\/uploads\/2015\/11\/suursargid_triinu_kalle_kaido-199x300.jpg 199w, https:\/\/wi.ee\/wp-content\/uploads\/2015\/11\/suursargid_triinu_kalle_kaido.jpg 600w\" sizes=\"auto, (max-width: 230px) 100vw, 230px\" \/><\/a><p id=\"caption-attachment-786\" class=\"wp-caption-text\">Pilt: Uma Leht<\/p><\/div>\n<p>V\u00f5rumaa rahvar\u00f5ivaste juures on pidulikuks \u00fcler\u00f5ivaks villasest kootud r\u00f5ivast suurs\u00e4rk, mida mujal pool nimetatakse kas pikk-kuub, pikks\u00e4rk, vammus v\u00f5i r\u00e4bik. Suurs\u00e4rki kannavad nii mehed kui naised.<\/p>\n<p>Suurs\u00e4rki kantakse k\u00f5ige pealmise r\u00f5ivana \u2013 suvel suviste r\u00f5ivaste peal, talvel lausa kasuka peal. Suurs\u00e4rgiga ollakse nii siseruumides kui v\u00e4ljas.<\/p>\n<p>T\u00e4nap\u00e4eval v\u00f5ib suurs\u00e4rki kanda nii rahvar\u00f5ivastega kui ka omaette moer\u00f5ivana, oluline on, et r\u00f5ivastuse stiil oleks rahvuslik.<\/p>\n<p>Suurs\u00e4rk on pidulik r\u00f5ivas, see sobib selga panna kui l\u00e4hed pidule, laadale, kirikusse, teatrisse, t\u00e4htsale koosviibimisele, vastuv\u00f5tule v\u00f5i niisama k\u00fclla. Ka k\u00fclalisi vastu v\u00f5tta on v\u00e4ga uhke oma kandi rahvar\u00f5ivastes.<\/p>\n<p>Kui tahad v\u00e4lja n\u00e4idata, et oled v\u00f5rokene, pane enne v\u00e4ljaminemist suurs\u00e4rk selga!<\/p>\n<p><strong><a href=\"https:\/\/wi.ee\/wp-content\/uploads\/2015\/11\/vorokoisi-suursark-veebi-meili.pdf\" target=\"_blank\" rel=\"noopener\">Loe edasi\u2026<\/a><\/strong><\/p>\n","protected":false},"excerpt":{"rendered":"<p>V\u00f5rumaa rahvar\u00f5ivaste juures on pidulikuks \u00fcler\u00f5ivaks villasest kootud r\u00f5ivast suurs\u00e4rk, mida mujal pool nimetatakse kas pikk-kuub, pikks\u00e4rk, vammus v\u00f5i r\u00e4bik. Suurs\u00e4rki kannavad nii mehed kui naised. Suurs\u00e4rki kantakse k\u00f5ige pealmise r\u00f5ivana \u2013 suvel suviste r\u00f5ivaste peal, talvel lausa kasuka peal. Suurs\u00e4rgiga ollakse nii siseruumides kui v\u00e4ljas. T\u00e4nap\u00e4eval v\u00f5ib suurs\u00e4rki kanda nii rahvar\u00f5ivastega kui ka omaette [&hellip;]<\/p>\n","protected":false},"author":2,"featured_media":0,"parent":10590,"menu_order":0,"comment_status":"closed","ping_status":"closed","template":"","meta":{"_acf_changed":false,"footnotes":""},"class_list":["post-784","page","type-page","status-publish","hentry"],"acf":[],"yoast_head":"<!-- This site is optimized with the Yoast SEO plugin v27.3 - https:\/\/yoast.com\/product\/yoast-seo-wordpress\/ -->\n<title>V\u00f5rokeste pikk-kuub - V\u00f5ru Instituut<\/title>\n<meta name=\"robots\" content=\"index, follow, max-snippet:-1, max-image-preview:large, max-video-preview:-1\" \/>\n<link rel=\"canonical\" href=\"https:\/\/wi.ee\/et\/muuseumid\/rahvaroivaste-noukoda\/vorokeste-pikk-kuub\/\" \/>\n<meta property=\"og:locale\" content=\"et_EE\" \/>\n<meta property=\"og:type\" content=\"article\" \/>\n<meta property=\"og:title\" content=\"V\u00f5rokeste pikk-kuub - V\u00f5ru Instituut\" \/>\n<meta property=\"og:description\" content=\"V\u00f5rumaa rahvar\u00f5ivaste juures on pidulikuks \u00fcler\u00f5ivaks villasest kootud r\u00f5ivast suurs\u00e4rk, mida mujal pool nimetatakse kas pikk-kuub, pikks\u00e4rk, vammus v\u00f5i r\u00e4bik. Suurs\u00e4rki kannavad nii mehed kui naised. Suurs\u00e4rki kantakse k\u00f5ige pealmise r\u00f5ivana \u2013 suvel suviste r\u00f5ivaste peal, talvel lausa kasuka peal. Suurs\u00e4rgiga ollakse nii siseruumides kui v\u00e4ljas. T\u00e4nap\u00e4eval v\u00f5ib suurs\u00e4rki kanda nii rahvar\u00f5ivastega kui ka omaette [&hellip;]\" \/>\n<meta property=\"og:url\" content=\"https:\/\/wi.ee\/et\/muuseumid\/rahvaroivaste-noukoda\/vorokeste-pikk-kuub\/\" \/>\n<meta property=\"og:site_name\" content=\"V\u00f5ru Instituut\" \/>\n<meta property=\"article:publisher\" content=\"https:\/\/www.facebook.com\/VoroInstituut\" \/>\n<meta property=\"article:modified_time\" content=\"2022-01-11T13:56:20+00:00\" \/>\n<meta property=\"og:image\" content=\"https:\/\/wi.ee\/wp-content\/uploads\/2015\/11\/suursargid_triinu_kalle_kaido-199x300.jpg\" \/>\n<meta name=\"twitter:label1\" content=\"Est. reading time\" \/>\n\t<meta name=\"twitter:data1\" content=\"1 minut\" \/>\n<script type=\"application\/ld+json\" class=\"yoast-schema-graph\">{\"@context\":\"https:\\\/\\\/schema.org\",\"@graph\":[{\"@type\":\"WebPage\",\"@id\":\"https:\\\/\\\/wi.ee\\\/et\\\/muuseumid\\\/rahvaroivaste-noukoda\\\/vorokeste-pikk-kuub\\\/\",\"url\":\"https:\\\/\\\/wi.ee\\\/et\\\/muuseumid\\\/rahvaroivaste-noukoda\\\/vorokeste-pikk-kuub\\\/\",\"name\":\"V\u00f5rokeste pikk-kuub - V\u00f5ru Instituut\",\"isPartOf\":{\"@id\":\"https:\\\/\\\/wi.ee\\\/et\\\/#website\"},\"primaryImageOfPage\":{\"@id\":\"https:\\\/\\\/wi.ee\\\/et\\\/muuseumid\\\/rahvaroivaste-noukoda\\\/vorokeste-pikk-kuub\\\/#primaryimage\"},\"image\":{\"@id\":\"https:\\\/\\\/wi.ee\\\/et\\\/muuseumid\\\/rahvaroivaste-noukoda\\\/vorokeste-pikk-kuub\\\/#primaryimage\"},\"thumbnailUrl\":\"https:\\\/\\\/wi.ee\\\/wp-content\\\/uploads\\\/2015\\\/11\\\/suursargid_triinu_kalle_kaido-199x300.jpg\",\"datePublished\":\"2015-11-04T12:51:16+00:00\",\"dateModified\":\"2022-01-11T13:56:20+00:00\",\"breadcrumb\":{\"@id\":\"https:\\\/\\\/wi.ee\\\/et\\\/muuseumid\\\/rahvaroivaste-noukoda\\\/vorokeste-pikk-kuub\\\/#breadcrumb\"},\"inLanguage\":\"et\",\"potentialAction\":[{\"@type\":\"ReadAction\",\"target\":[\"https:\\\/\\\/wi.ee\\\/et\\\/muuseumid\\\/rahvaroivaste-noukoda\\\/vorokeste-pikk-kuub\\\/\"]}]},{\"@type\":\"ImageObject\",\"inLanguage\":\"et\",\"@id\":\"https:\\\/\\\/wi.ee\\\/et\\\/muuseumid\\\/rahvaroivaste-noukoda\\\/vorokeste-pikk-kuub\\\/#primaryimage\",\"url\":\"https:\\\/\\\/wi.ee\\\/wp-content\\\/uploads\\\/2015\\\/11\\\/suursargid_triinu_kalle_kaido-199x300.jpg\",\"contentUrl\":\"https:\\\/\\\/wi.ee\\\/wp-content\\\/uploads\\\/2015\\\/11\\\/suursargid_triinu_kalle_kaido-199x300.jpg\"},{\"@type\":\"BreadcrumbList\",\"@id\":\"https:\\\/\\\/wi.ee\\\/et\\\/muuseumid\\\/rahvaroivaste-noukoda\\\/vorokeste-pikk-kuub\\\/#breadcrumb\",\"itemListElement\":[{\"@type\":\"ListItem\",\"position\":1,\"name\":\"Avaleht\",\"item\":\"https:\\\/\\\/wi.ee\\\/et\\\/\"},{\"@type\":\"ListItem\",\"position\":2,\"name\":\"Muuseumid\",\"item\":\"https:\\\/\\\/wi.ee\\\/et\\\/muuseumid\\\/\"},{\"@type\":\"ListItem\",\"position\":3,\"name\":\"Rahvar\u00f5ivaste n\u00f5ukoda\",\"item\":\"https:\\\/\\\/wi.ee\\\/et\\\/muuseumid\\\/rahvaroivaste-noukoda\\\/\"},{\"@type\":\"ListItem\",\"position\":4,\"name\":\"V\u00f5rokeste pikk-kuub\"}]},{\"@type\":\"WebSite\",\"@id\":\"https:\\\/\\\/wi.ee\\\/et\\\/#website\",\"url\":\"https:\\\/\\\/wi.ee\\\/et\\\/\",\"name\":\"V\u00f5ru Instituut\",\"description\":\"\",\"publisher\":{\"@id\":\"https:\\\/\\\/wi.ee\\\/et\\\/#organization\"},\"potentialAction\":[{\"@type\":\"SearchAction\",\"target\":{\"@type\":\"EntryPoint\",\"urlTemplate\":\"https:\\\/\\\/wi.ee\\\/et\\\/?s={search_term_string}\"},\"query-input\":{\"@type\":\"PropertyValueSpecification\",\"valueRequired\":true,\"valueName\":\"search_term_string\"}}],\"inLanguage\":\"et\"},{\"@type\":\"Organization\",\"@id\":\"https:\\\/\\\/wi.ee\\\/et\\\/#organization\",\"name\":\"V\u00f5ru Instituut\",\"url\":\"https:\\\/\\\/wi.ee\\\/et\\\/\",\"logo\":{\"@type\":\"ImageObject\",\"inLanguage\":\"et\",\"@id\":\"https:\\\/\\\/wi.ee\\\/et\\\/#\\\/schema\\\/logo\\\/image\\\/\",\"url\":\"https:\\\/\\\/wi.ee\\\/wp-content\\\/uploads\\\/2015\\\/05\\\/logo-150507.png\",\"contentUrl\":\"https:\\\/\\\/wi.ee\\\/wp-content\\\/uploads\\\/2015\\\/05\\\/logo-150507.png\",\"width\":183,\"height\":123,\"caption\":\"V\u00f5ru Instituut\"},\"image\":{\"@id\":\"https:\\\/\\\/wi.ee\\\/et\\\/#\\\/schema\\\/logo\\\/image\\\/\"},\"sameAs\":[\"https:\\\/\\\/www.facebook.com\\\/VoroInstituut\"]}]}<\/script>\n<!-- \/ Yoast SEO plugin. -->","yoast_head_json":{"title":"V\u00f5rokeste pikk-kuub - V\u00f5ru Instituut","robots":{"index":"index","follow":"follow","max-snippet":"max-snippet:-1","max-image-preview":"max-image-preview:large","max-video-preview":"max-video-preview:-1"},"canonical":"https:\/\/wi.ee\/et\/muuseumid\/rahvaroivaste-noukoda\/vorokeste-pikk-kuub\/","og_locale":"et_EE","og_type":"article","og_title":"V\u00f5rokeste pikk-kuub - V\u00f5ru Instituut","og_description":"V\u00f5rumaa rahvar\u00f5ivaste juures on pidulikuks \u00fcler\u00f5ivaks villasest kootud r\u00f5ivast suurs\u00e4rk, mida mujal pool nimetatakse kas pikk-kuub, pikks\u00e4rk, vammus v\u00f5i r\u00e4bik. Suurs\u00e4rki kannavad nii mehed kui naised. Suurs\u00e4rki kantakse k\u00f5ige pealmise r\u00f5ivana \u2013 suvel suviste r\u00f5ivaste peal, talvel lausa kasuka peal. Suurs\u00e4rgiga ollakse nii siseruumides kui v\u00e4ljas. T\u00e4nap\u00e4eval v\u00f5ib suurs\u00e4rki kanda nii rahvar\u00f5ivastega kui ka omaette [&hellip;]","og_url":"https:\/\/wi.ee\/et\/muuseumid\/rahvaroivaste-noukoda\/vorokeste-pikk-kuub\/","og_site_name":"V\u00f5ru Instituut","article_publisher":"https:\/\/www.facebook.com\/VoroInstituut","article_modified_time":"2022-01-11T13:56:20+00:00","og_image":[{"url":"https:\/\/wi.ee\/wp-content\/uploads\/2015\/11\/suursargid_triinu_kalle_kaido-199x300.jpg","type":"","width":"","height":""}],"twitter_misc":{"Est. reading time":"1 minut"},"schema":{"@context":"https:\/\/schema.org","@graph":[{"@type":"WebPage","@id":"https:\/\/wi.ee\/et\/muuseumid\/rahvaroivaste-noukoda\/vorokeste-pikk-kuub\/","url":"https:\/\/wi.ee\/et\/muuseumid\/rahvaroivaste-noukoda\/vorokeste-pikk-kuub\/","name":"V\u00f5rokeste pikk-kuub - V\u00f5ru Instituut","isPartOf":{"@id":"https:\/\/wi.ee\/et\/#website"},"primaryImageOfPage":{"@id":"https:\/\/wi.ee\/et\/muuseumid\/rahvaroivaste-noukoda\/vorokeste-pikk-kuub\/#primaryimage"},"image":{"@id":"https:\/\/wi.ee\/et\/muuseumid\/rahvaroivaste-noukoda\/vorokeste-pikk-kuub\/#primaryimage"},"thumbnailUrl":"https:\/\/wi.ee\/wp-content\/uploads\/2015\/11\/suursargid_triinu_kalle_kaido-199x300.jpg","datePublished":"2015-11-04T12:51:16+00:00","dateModified":"2022-01-11T13:56:20+00:00","breadcrumb":{"@id":"https:\/\/wi.ee\/et\/muuseumid\/rahvaroivaste-noukoda\/vorokeste-pikk-kuub\/#breadcrumb"},"inLanguage":"et","potentialAction":[{"@type":"ReadAction","target":["https:\/\/wi.ee\/et\/muuseumid\/rahvaroivaste-noukoda\/vorokeste-pikk-kuub\/"]}]},{"@type":"ImageObject","inLanguage":"et","@id":"https:\/\/wi.ee\/et\/muuseumid\/rahvaroivaste-noukoda\/vorokeste-pikk-kuub\/#primaryimage","url":"https:\/\/wi.ee\/wp-content\/uploads\/2015\/11\/suursargid_triinu_kalle_kaido-199x300.jpg","contentUrl":"https:\/\/wi.ee\/wp-content\/uploads\/2015\/11\/suursargid_triinu_kalle_kaido-199x300.jpg"},{"@type":"BreadcrumbList","@id":"https:\/\/wi.ee\/et\/muuseumid\/rahvaroivaste-noukoda\/vorokeste-pikk-kuub\/#breadcrumb","itemListElement":[{"@type":"ListItem","position":1,"name":"Avaleht","item":"https:\/\/wi.ee\/et\/"},{"@type":"ListItem","position":2,"name":"Muuseumid","item":"https:\/\/wi.ee\/et\/muuseumid\/"},{"@type":"ListItem","position":3,"name":"Rahvar\u00f5ivaste n\u00f5ukoda","item":"https:\/\/wi.ee\/et\/muuseumid\/rahvaroivaste-noukoda\/"},{"@type":"ListItem","position":4,"name":"V\u00f5rokeste pikk-kuub"}]},{"@type":"WebSite","@id":"https:\/\/wi.ee\/et\/#website","url":"https:\/\/wi.ee\/et\/","name":"V\u00f5ru Instituut","description":"","publisher":{"@id":"https:\/\/wi.ee\/et\/#organization"},"potentialAction":[{"@type":"SearchAction","target":{"@type":"EntryPoint","urlTemplate":"https:\/\/wi.ee\/et\/?s={search_term_string}"},"query-input":{"@type":"PropertyValueSpecification","valueRequired":true,"valueName":"search_term_string"}}],"inLanguage":"et"},{"@type":"Organization","@id":"https:\/\/wi.ee\/et\/#organization","name":"V\u00f5ru Instituut","url":"https:\/\/wi.ee\/et\/","logo":{"@type":"ImageObject","inLanguage":"et","@id":"https:\/\/wi.ee\/et\/#\/schema\/logo\/image\/","url":"https:\/\/wi.ee\/wp-content\/uploads\/2015\/05\/logo-150507.png","contentUrl":"https:\/\/wi.ee\/wp-content\/uploads\/2015\/05\/logo-150507.png","width":183,"height":123,"caption":"V\u00f5ru Instituut"},"image":{"@id":"https:\/\/wi.ee\/et\/#\/schema\/logo\/image\/"},"sameAs":["https:\/\/www.facebook.com\/VoroInstituut"]}]}},"_links":{"self":[{"href":"https:\/\/wi.ee\/et\/wp-json\/wp\/v2\/pages\/784","targetHints":{"allow":["GET"]}}],"collection":[{"href":"https:\/\/wi.ee\/et\/wp-json\/wp\/v2\/pages"}],"about":[{"href":"https:\/\/wi.ee\/et\/wp-json\/wp\/v2\/types\/page"}],"author":[{"embeddable":true,"href":"https:\/\/wi.ee\/et\/wp-json\/wp\/v2\/users\/2"}],"replies":[{"embeddable":true,"href":"https:\/\/wi.ee\/et\/wp-json\/wp\/v2\/comments?post=784"}],"version-history":[{"count":11,"href":"https:\/\/wi.ee\/et\/wp-json\/wp\/v2\/pages\/784\/revisions"}],"predecessor-version":[{"id":10593,"href":"https:\/\/wi.ee\/et\/wp-json\/wp\/v2\/pages\/784\/revisions\/10593"}],"up":[{"embeddable":true,"href":"https:\/\/wi.ee\/et\/wp-json\/wp\/v2\/pages\/10590"}],"wp:attachment":[{"href":"https:\/\/wi.ee\/et\/wp-json\/wp\/v2\/media?parent=784"}],"curies":[{"name":"wp","href":"https:\/\/api.w.org\/{rel}","templated":true}]}}