{"id":7838,"date":"2021-10-05T15:31:29","date_gmt":"2021-10-05T13:31:29","guid":{"rendered":"https:\/\/wi.ee\/?page_id=7838"},"modified":"2021-10-29T14:30:35","modified_gmt":"2021-10-29T12:30:35","slug":"voro-keele-agent","status":"publish","type":"page","link":"https:\/\/wi.ee\/et\/tegemised\/voru-keele-nadal-2021\/voro-keele-agent\/","title":{"rendered":"V\u00f5ro keele agent 002"},"content":{"rendered":"<p><a href=\"https:\/\/wi.ee\/wp-content\/uploads\/2020\/10\/mark_vorokeeleagent_rohelinetaust.jpg\" target=\"_blank\" rel=\"noopener noreferrer\"><img loading=\"lazy\" decoding=\"async\" class=\"alignright wp-image-7875\" src=\"https:\/\/wi.ee\/wp-content\/uploads\/2020\/10\/mark_vorokeeleagent_rohelinetaust-300x300.jpg\" alt=\"\" width=\"187\" height=\"187\" srcset=\"https:\/\/wi.ee\/wp-content\/uploads\/2020\/10\/mark_vorokeeleagent_rohelinetaust-300x300.jpg 300w, https:\/\/wi.ee\/wp-content\/uploads\/2020\/10\/mark_vorokeeleagent_rohelinetaust.jpg 473w\" sizes=\"auto, (max-width: 187px) 100vw, 187px\" \/><\/a><strong>V\u00f5ro keele agent on julge inimene, kes oskab v\u00f5ro keelt ja on valmis v\u00f5ro keele n\u00e4dalal 1.-7. novembril 2021 julgustama ka teisi rohkem v\u00f5ro keelt kasutama. <\/strong>Agent v\u00f5ib oma t\u00f6\u00f6d j\u00e4tkata ka peale v\u00f5ro keele n\u00e4dalat, kui tal hoogu ja indu j\u00e4tkub.<\/p>\n<p><span style=\"color: #008000;\"><strong>Keelek\u00f5nelemise innustajad-julgustajad on\u00a0 ametinimetusega V\u00d5RO KEELE AGENT.<\/strong><\/span><\/p>\n<h3><a href=\"https:\/\/eu.jotform.com\/build\/212773013433043\" target=\"_blank\" rel=\"noopener\"><strong><span style=\"color: #0000ff;\">Kui tahad agendiks hakata, anna endast teada SIIN.<\/span><\/strong><\/a><\/h3>\n<p><strong>Enda n\u00e4htavakstegemiseks saab agent endale osta rinnam\u00e4rgi ja peagi tulevad e-poodi Uma Puut m\u00fc\u00fcgile ka v\u00f5ro keele k\u00f5nelemise s\u00f5numitega kotid.\u00a0<\/strong><\/p>\n<p><strong>Agendi ametir\u00f5ivaks on sel aastal pikkade k\u00e4istega T-s\u00e4rk, mida sai ette tellida\u00a0 kuni 12. oktoobrini.<\/strong><\/p>\n<h3>Veel saab tellida \u00fcksikuid suurusi agendir\u00f5ivast, vaata t\u00e4psemalt <a href=\"https:\/\/umapuut.ee\/\" target=\"_blank\" rel=\"noopener\"><strong><span style=\"color: #0000ff;\">umapuut.ee<\/span><\/strong><\/a><\/h3>\n<p>T-s\u00e4rgi rinnal on kiri \u201eV\u00d5RO KEELE AGENT 002\u201c ja seljal on kiri \u201e <em>Kiildke vai \u00e4r \u2013 ma iks k\u00f5n\u00f5l\u00f5!\u201c<\/em><\/p>\n<h3><a href=\"https:\/\/umapuut.ee\/\" target=\"_blank\" rel=\"noopener\"><strong><span style=\"color: #0000ff;\">Uma Poest saab osta s\u00f5numitega m\u00e4rke.<\/span><\/strong><\/a><\/h3>\n<p><em> <img loading=\"lazy\" decoding=\"async\" class=\"size-medium wp-image-9961 alignright\" src=\"https:\/\/wi.ee\/wp-content\/uploads\/2021\/10\/agent-002_synom_mull_roheline-1-300x253.jpg\" alt=\"\" width=\"300\" height=\"253\" srcset=\"https:\/\/wi.ee\/wp-content\/uploads\/2021\/10\/agent-002_synom_mull_roheline-1-300x253.jpg 300w, https:\/\/wi.ee\/wp-content\/uploads\/2021\/10\/agent-002_synom_mull_roheline-1-768x649.jpg 768w, https:\/\/wi.ee\/wp-content\/uploads\/2021\/10\/agent-002_synom_mull_roheline-1.jpg 965w\" sizes=\"auto, (max-width: 300px) 100vw, 300px\" \/><\/em><\/p>\n<p><span style=\"color: #ff0000;\"><strong>Ettetellitud T-s\u00e4rgid ja m\u00e4rgid saavad agendid\u00a0 k\u00e4tte alates 28. oktoobrist t\u00f6\u00f6p\u00e4evadel V\u00f5ru Instituudist ( Tartu 48, V\u00f5ru) v\u00f5i e-poe tellimuses n\u00e4idatud pakiautomaadist (v\u00f5ib minna m\u00f5ni p\u00e4ev kauem).<\/strong><\/span><\/p>\n<p>&nbsp;<\/p>\n<p><strong>Lisainfo <\/strong>Triin Toomelt\u00a0 telefonil 5348 6982<\/p>\n<p>v\u00f5i e-postiga: <a href=\"&#109;&#x61;&#105;&#x6c;&#116;&#x6f;:&#x76;o&#114;&#x6f;&#107;&#x65;&#101;&#x6c;e&#x61;g&#101;&#x6e;&#116;&#x40;&#119;&#x69;&#46;&#x65;e\">&#118;&#x6f;&#x72;o&#107;&#x65;e&#108;&#x65;&#x61;g&#101;&#x6e;t&#64;&#x77;&#x69;&#46;&#101;&#x65;<\/a><\/p>\n<p><strong>\u00a0<\/strong><\/p>\n<p>Agentide v\u00e4rbamise idee sai alguse eelmisel aastal. Eesm\u00e4rgiks on, et\u00a0 v\u00f5ro keele n\u00e4dala ajal oleks v\u00f5ro keelt rohkem kuulda igal pool \u2013 et seda k\u00f5neldaks kodus, t\u00f6\u00f6l, koolis, huviringis, avalikult \u00fcles astudes jne. Agendiks v\u00f5ib ennast \u00fcles anda iga\u00fcks, kes oskab ja julgeb v\u00f5ro keelt r\u00e4\u00e4kida.<\/p>\n<p>Ei ole oluline, kas agent t\u00f6\u00f6tab sel ajal paljude inimeste ees, oma v\u00e4ikeses t\u00f6\u00f6kohas v\u00f5i p\u00e4ris kodus. Teistele eeskujuks olla saab ka n\u00e4iteks telefoniga k\u00f5neldes v\u00f5i sotsiaalmeedias v\u00f5ro keeles suheldes.<\/p>\n<p>Esimesene agent\u00a0 nr 002 on Aapo Ilves:<\/p>\n<p><img loading=\"lazy\" decoding=\"async\" class=\"alignnone size-medium wp-image-10013\" src=\"https:\/\/wi.ee\/wp-content\/uploads\/2021\/10\/pilt_naydysagent_ilves_autor_rahman-300x208.jpg\" alt=\"\" width=\"300\" height=\"208\" srcset=\"https:\/\/wi.ee\/wp-content\/uploads\/2021\/10\/pilt_naydysagent_ilves_autor_rahman-300x208.jpg 300w, https:\/\/wi.ee\/wp-content\/uploads\/2021\/10\/pilt_naydysagent_ilves_autor_rahman-1024x711.jpg 1024w, https:\/\/wi.ee\/wp-content\/uploads\/2021\/10\/pilt_naydysagent_ilves_autor_rahman-768x533.jpg 768w, https:\/\/wi.ee\/wp-content\/uploads\/2021\/10\/pilt_naydysagent_ilves_autor_rahman-1536x1067.jpg 1536w, https:\/\/wi.ee\/wp-content\/uploads\/2021\/10\/pilt_naydysagent_ilves_autor_rahman.jpg 1764w\" sizes=\"auto, (max-width: 300px) 100vw, 300px\" \/><\/p>\n<p>Pilt: Jan Rahman<\/p>\n<p>&nbsp;<\/p>\n","protected":false},"excerpt":{"rendered":"<p>V\u00f5ro keele agent on julge inimene, kes oskab v\u00f5ro keelt ja on valmis v\u00f5ro keele n\u00e4dalal 1.-7. novembril 2021 julgustama ka teisi rohkem v\u00f5ro keelt kasutama. Agent v\u00f5ib oma t\u00f6\u00f6d j\u00e4tkata ka peale v\u00f5ro keele n\u00e4dalat, kui tal hoogu ja indu j\u00e4tkub. Keelek\u00f5nelemise innustajad-julgustajad on\u00a0 ametinimetusega V\u00d5RO KEELE AGENT. Kui tahad agendiks hakata, anna endast [&hellip;]<\/p>\n","protected":false},"author":2,"featured_media":0,"parent":7689,"menu_order":0,"comment_status":"closed","ping_status":"closed","template":"","meta":{"_acf_changed":false,"footnotes":""},"class_list":["post-7838","page","type-page","status-publish","hentry"],"acf":[],"yoast_head":"<!-- This site is optimized with the Yoast SEO plugin v27.4 - https:\/\/yoast.com\/product\/yoast-seo-wordpress\/ -->\n<title>V\u00f5ro keele agent 002 - V\u00f5ru Instituut<\/title>\n<meta name=\"robots\" content=\"index, follow, max-snippet:-1, max-image-preview:large, max-video-preview:-1\" \/>\n<link rel=\"canonical\" href=\"https:\/\/wi.ee\/et\/tegemised\/voru-keele-nadal-2021\/voro-keele-agent\/\" \/>\n<meta property=\"og:locale\" content=\"et_EE\" \/>\n<meta property=\"og:type\" content=\"article\" \/>\n<meta property=\"og:title\" content=\"V\u00f5ro keele agent 002 - V\u00f5ru Instituut\" \/>\n<meta property=\"og:description\" content=\"V\u00f5ro keele agent on julge inimene, kes oskab v\u00f5ro keelt ja on valmis v\u00f5ro keele n\u00e4dalal 1.-7. novembril 2021 julgustama ka teisi rohkem v\u00f5ro keelt kasutama. Agent v\u00f5ib oma t\u00f6\u00f6d j\u00e4tkata ka peale v\u00f5ro keele n\u00e4dalat, kui tal hoogu ja indu j\u00e4tkub. Keelek\u00f5nelemise innustajad-julgustajad on\u00a0 ametinimetusega V\u00d5RO KEELE AGENT. Kui tahad agendiks hakata, anna endast [&hellip;]\" \/>\n<meta property=\"og:url\" content=\"https:\/\/wi.ee\/et\/tegemised\/voru-keele-nadal-2021\/voro-keele-agent\/\" \/>\n<meta property=\"og:site_name\" content=\"V\u00f5ru Instituut\" \/>\n<meta property=\"article:publisher\" content=\"https:\/\/www.facebook.com\/VoroInstituut\" \/>\n<meta property=\"article:modified_time\" content=\"2021-10-29T12:30:35+00:00\" \/>\n<meta property=\"og:image\" content=\"https:\/\/wi.ee\/wp-content\/uploads\/2020\/10\/mark_vorokeeleagent_rohelinetaust-300x300.jpg\" \/>\n<meta name=\"twitter:label1\" content=\"Est. reading time\" \/>\n\t<meta name=\"twitter:data1\" content=\"2 minutit\" \/>\n<script type=\"application\/ld+json\" class=\"yoast-schema-graph\">{\"@context\":\"https:\\\/\\\/schema.org\",\"@graph\":[{\"@type\":\"WebPage\",\"@id\":\"https:\\\/\\\/wi.ee\\\/et\\\/tegemised\\\/voru-keele-nadal-2021\\\/voro-keele-agent\\\/\",\"url\":\"https:\\\/\\\/wi.ee\\\/et\\\/tegemised\\\/voru-keele-nadal-2021\\\/voro-keele-agent\\\/\",\"name\":\"V\u00f5ro keele agent 002 - V\u00f5ru Instituut\",\"isPartOf\":{\"@id\":\"https:\\\/\\\/wi.ee\\\/et\\\/#website\"},\"primaryImageOfPage\":{\"@id\":\"https:\\\/\\\/wi.ee\\\/et\\\/tegemised\\\/voru-keele-nadal-2021\\\/voro-keele-agent\\\/#primaryimage\"},\"image\":{\"@id\":\"https:\\\/\\\/wi.ee\\\/et\\\/tegemised\\\/voru-keele-nadal-2021\\\/voro-keele-agent\\\/#primaryimage\"},\"thumbnailUrl\":\"https:\\\/\\\/wi.ee\\\/wp-content\\\/uploads\\\/2020\\\/10\\\/mark_vorokeeleagent_rohelinetaust-300x300.jpg\",\"datePublished\":\"2021-10-05T13:31:29+00:00\",\"dateModified\":\"2021-10-29T12:30:35+00:00\",\"breadcrumb\":{\"@id\":\"https:\\\/\\\/wi.ee\\\/et\\\/tegemised\\\/voru-keele-nadal-2021\\\/voro-keele-agent\\\/#breadcrumb\"},\"inLanguage\":\"et\",\"potentialAction\":[{\"@type\":\"ReadAction\",\"target\":[\"https:\\\/\\\/wi.ee\\\/et\\\/tegemised\\\/voru-keele-nadal-2021\\\/voro-keele-agent\\\/\"]}]},{\"@type\":\"ImageObject\",\"inLanguage\":\"et\",\"@id\":\"https:\\\/\\\/wi.ee\\\/et\\\/tegemised\\\/voru-keele-nadal-2021\\\/voro-keele-agent\\\/#primaryimage\",\"url\":\"https:\\\/\\\/wi.ee\\\/wp-content\\\/uploads\\\/2020\\\/10\\\/mark_vorokeeleagent_rohelinetaust-300x300.jpg\",\"contentUrl\":\"https:\\\/\\\/wi.ee\\\/wp-content\\\/uploads\\\/2020\\\/10\\\/mark_vorokeeleagent_rohelinetaust-300x300.jpg\"},{\"@type\":\"BreadcrumbList\",\"@id\":\"https:\\\/\\\/wi.ee\\\/et\\\/tegemised\\\/voru-keele-nadal-2021\\\/voro-keele-agent\\\/#breadcrumb\",\"itemListElement\":[{\"@type\":\"ListItem\",\"position\":1,\"name\":\"Avaleht\",\"item\":\"https:\\\/\\\/wi.ee\\\/et\\\/\"},{\"@type\":\"ListItem\",\"position\":2,\"name\":\"Tegemised\",\"item\":\"https:\\\/\\\/wi.ee\\\/et\\\/tegemised\\\/\"},{\"@type\":\"ListItem\",\"position\":3,\"name\":\"V\u00f5ru keele n\u00e4dal 2021\",\"item\":\"https:\\\/\\\/wi.ee\\\/et\\\/tegemised\\\/voru-keele-nadal-2021\\\/\"},{\"@type\":\"ListItem\",\"position\":4,\"name\":\"V\u00f5ro keele agent 002\"}]},{\"@type\":\"WebSite\",\"@id\":\"https:\\\/\\\/wi.ee\\\/et\\\/#website\",\"url\":\"https:\\\/\\\/wi.ee\\\/et\\\/\",\"name\":\"V\u00f5ru Instituut\",\"description\":\"\",\"publisher\":{\"@id\":\"https:\\\/\\\/wi.ee\\\/et\\\/#organization\"},\"potentialAction\":[{\"@type\":\"SearchAction\",\"target\":{\"@type\":\"EntryPoint\",\"urlTemplate\":\"https:\\\/\\\/wi.ee\\\/et\\\/?s={search_term_string}\"},\"query-input\":{\"@type\":\"PropertyValueSpecification\",\"valueRequired\":true,\"valueName\":\"search_term_string\"}}],\"inLanguage\":\"et\"},{\"@type\":\"Organization\",\"@id\":\"https:\\\/\\\/wi.ee\\\/et\\\/#organization\",\"name\":\"V\u00f5ru Instituut\",\"url\":\"https:\\\/\\\/wi.ee\\\/et\\\/\",\"logo\":{\"@type\":\"ImageObject\",\"inLanguage\":\"et\",\"@id\":\"https:\\\/\\\/wi.ee\\\/et\\\/#\\\/schema\\\/logo\\\/image\\\/\",\"url\":\"https:\\\/\\\/wi.ee\\\/wp-content\\\/uploads\\\/2015\\\/05\\\/logo-150507.png\",\"contentUrl\":\"https:\\\/\\\/wi.ee\\\/wp-content\\\/uploads\\\/2015\\\/05\\\/logo-150507.png\",\"width\":183,\"height\":123,\"caption\":\"V\u00f5ru Instituut\"},\"image\":{\"@id\":\"https:\\\/\\\/wi.ee\\\/et\\\/#\\\/schema\\\/logo\\\/image\\\/\"},\"sameAs\":[\"https:\\\/\\\/www.facebook.com\\\/VoroInstituut\"]}]}<\/script>\n<!-- \/ Yoast SEO plugin. -->","yoast_head_json":{"title":"V\u00f5ro keele agent 002 - V\u00f5ru Instituut","robots":{"index":"index","follow":"follow","max-snippet":"max-snippet:-1","max-image-preview":"max-image-preview:large","max-video-preview":"max-video-preview:-1"},"canonical":"https:\/\/wi.ee\/et\/tegemised\/voru-keele-nadal-2021\/voro-keele-agent\/","og_locale":"et_EE","og_type":"article","og_title":"V\u00f5ro keele agent 002 - V\u00f5ru Instituut","og_description":"V\u00f5ro keele agent on julge inimene, kes oskab v\u00f5ro keelt ja on valmis v\u00f5ro keele n\u00e4dalal 1.-7. novembril 2021 julgustama ka teisi rohkem v\u00f5ro keelt kasutama. Agent v\u00f5ib oma t\u00f6\u00f6d j\u00e4tkata ka peale v\u00f5ro keele n\u00e4dalat, kui tal hoogu ja indu j\u00e4tkub. Keelek\u00f5nelemise innustajad-julgustajad on\u00a0 ametinimetusega V\u00d5RO KEELE AGENT. Kui tahad agendiks hakata, anna endast [&hellip;]","og_url":"https:\/\/wi.ee\/et\/tegemised\/voru-keele-nadal-2021\/voro-keele-agent\/","og_site_name":"V\u00f5ru Instituut","article_publisher":"https:\/\/www.facebook.com\/VoroInstituut","article_modified_time":"2021-10-29T12:30:35+00:00","og_image":[{"url":"https:\/\/wi.ee\/wp-content\/uploads\/2020\/10\/mark_vorokeeleagent_rohelinetaust-300x300.jpg","type":"","width":"","height":""}],"twitter_misc":{"Est. reading time":"2 minutit"},"schema":{"@context":"https:\/\/schema.org","@graph":[{"@type":"WebPage","@id":"https:\/\/wi.ee\/et\/tegemised\/voru-keele-nadal-2021\/voro-keele-agent\/","url":"https:\/\/wi.ee\/et\/tegemised\/voru-keele-nadal-2021\/voro-keele-agent\/","name":"V\u00f5ro keele agent 002 - V\u00f5ru Instituut","isPartOf":{"@id":"https:\/\/wi.ee\/et\/#website"},"primaryImageOfPage":{"@id":"https:\/\/wi.ee\/et\/tegemised\/voru-keele-nadal-2021\/voro-keele-agent\/#primaryimage"},"image":{"@id":"https:\/\/wi.ee\/et\/tegemised\/voru-keele-nadal-2021\/voro-keele-agent\/#primaryimage"},"thumbnailUrl":"https:\/\/wi.ee\/wp-content\/uploads\/2020\/10\/mark_vorokeeleagent_rohelinetaust-300x300.jpg","datePublished":"2021-10-05T13:31:29+00:00","dateModified":"2021-10-29T12:30:35+00:00","breadcrumb":{"@id":"https:\/\/wi.ee\/et\/tegemised\/voru-keele-nadal-2021\/voro-keele-agent\/#breadcrumb"},"inLanguage":"et","potentialAction":[{"@type":"ReadAction","target":["https:\/\/wi.ee\/et\/tegemised\/voru-keele-nadal-2021\/voro-keele-agent\/"]}]},{"@type":"ImageObject","inLanguage":"et","@id":"https:\/\/wi.ee\/et\/tegemised\/voru-keele-nadal-2021\/voro-keele-agent\/#primaryimage","url":"https:\/\/wi.ee\/wp-content\/uploads\/2020\/10\/mark_vorokeeleagent_rohelinetaust-300x300.jpg","contentUrl":"https:\/\/wi.ee\/wp-content\/uploads\/2020\/10\/mark_vorokeeleagent_rohelinetaust-300x300.jpg"},{"@type":"BreadcrumbList","@id":"https:\/\/wi.ee\/et\/tegemised\/voru-keele-nadal-2021\/voro-keele-agent\/#breadcrumb","itemListElement":[{"@type":"ListItem","position":1,"name":"Avaleht","item":"https:\/\/wi.ee\/et\/"},{"@type":"ListItem","position":2,"name":"Tegemised","item":"https:\/\/wi.ee\/et\/tegemised\/"},{"@type":"ListItem","position":3,"name":"V\u00f5ru keele n\u00e4dal 2021","item":"https:\/\/wi.ee\/et\/tegemised\/voru-keele-nadal-2021\/"},{"@type":"ListItem","position":4,"name":"V\u00f5ro keele agent 002"}]},{"@type":"WebSite","@id":"https:\/\/wi.ee\/et\/#website","url":"https:\/\/wi.ee\/et\/","name":"V\u00f5ru Instituut","description":"","publisher":{"@id":"https:\/\/wi.ee\/et\/#organization"},"potentialAction":[{"@type":"SearchAction","target":{"@type":"EntryPoint","urlTemplate":"https:\/\/wi.ee\/et\/?s={search_term_string}"},"query-input":{"@type":"PropertyValueSpecification","valueRequired":true,"valueName":"search_term_string"}}],"inLanguage":"et"},{"@type":"Organization","@id":"https:\/\/wi.ee\/et\/#organization","name":"V\u00f5ru Instituut","url":"https:\/\/wi.ee\/et\/","logo":{"@type":"ImageObject","inLanguage":"et","@id":"https:\/\/wi.ee\/et\/#\/schema\/logo\/image\/","url":"https:\/\/wi.ee\/wp-content\/uploads\/2015\/05\/logo-150507.png","contentUrl":"https:\/\/wi.ee\/wp-content\/uploads\/2015\/05\/logo-150507.png","width":183,"height":123,"caption":"V\u00f5ru Instituut"},"image":{"@id":"https:\/\/wi.ee\/et\/#\/schema\/logo\/image\/"},"sameAs":["https:\/\/www.facebook.com\/VoroInstituut"]}]}},"_links":{"self":[{"href":"https:\/\/wi.ee\/et\/wp-json\/wp\/v2\/pages\/7838","targetHints":{"allow":["GET"]}}],"collection":[{"href":"https:\/\/wi.ee\/et\/wp-json\/wp\/v2\/pages"}],"about":[{"href":"https:\/\/wi.ee\/et\/wp-json\/wp\/v2\/types\/page"}],"author":[{"embeddable":true,"href":"https:\/\/wi.ee\/et\/wp-json\/wp\/v2\/users\/2"}],"replies":[{"embeddable":true,"href":"https:\/\/wi.ee\/et\/wp-json\/wp\/v2\/comments?post=7838"}],"version-history":[{"count":34,"href":"https:\/\/wi.ee\/et\/wp-json\/wp\/v2\/pages\/7838\/revisions"}],"predecessor-version":[{"id":10301,"href":"https:\/\/wi.ee\/et\/wp-json\/wp\/v2\/pages\/7838\/revisions\/10301"}],"up":[{"embeddable":true,"href":"https:\/\/wi.ee\/et\/wp-json\/wp\/v2\/pages\/7689"}],"wp:attachment":[{"href":"https:\/\/wi.ee\/et\/wp-json\/wp\/v2\/media?parent=7838"}],"curies":[{"name":"wp","href":"https:\/\/api.w.org\/{rel}","templated":true}]}}