{"id":7741,"date":"2021-09-25T15:57:11","date_gmt":"2021-09-25T13:57:11","guid":{"rendered":"https:\/\/wi.ee\/?page_id=7741"},"modified":"2021-10-07T11:57:58","modified_gmt":"2021-10-07T09:57:58","slug":"konolo-mukka-voro-kiilt","status":"publish","type":"page","link":"https:\/\/wi.ee\/et\/tegemised\/voru-keele-nadal-2021\/konolo-mukka-voro-kiilt\/","title":{"rendered":"K\u00f5n\u00f5l\u00f5 mukka v\u00f5ro kiilt!"},"content":{"rendered":"<p>V\u00f5ru keele n\u00e4dala 2020 \u00fcleskutse <span style=\"color: #800000;\"><strong>\u201eK\u00f5n\u00f5l\u00f5 mukka v\u00f5ro kiilt!\u201c<\/strong><\/span><\/p>\n<p>K\u00f5ik, kes soovivad seda s\u00f5numit\u00a0 pruukida, v\u00f5ivad vabalt siit s\u00f5numi faile v\u00f5tta kas veebis kasutamiseks v\u00f5i paberile v\u00e4ljatr\u00fckiks.<\/p>\n<p>&nbsp;<\/p>\n<p><a href=\"https:\/\/wi.ee\/wp-content\/uploads\/2020\/09\/voromark_valgetaust_veebi.jpg\"><img loading=\"lazy\" decoding=\"async\" class=\"alignnone size-medium wp-image-7757\" src=\"https:\/\/wi.ee\/wp-content\/uploads\/2020\/09\/voromark_valgetaust_veebi-300x300.jpg\" alt=\"\" width=\"300\" height=\"300\" srcset=\"https:\/\/wi.ee\/wp-content\/uploads\/2020\/09\/voromark_valgetaust_veebi-300x300.jpg 300w, https:\/\/wi.ee\/wp-content\/uploads\/2020\/09\/voromark_valgetaust_veebi.jpg 709w\" sizes=\"auto, (max-width: 300px) 100vw, 300px\" \/><\/a> <a href=\"https:\/\/wi.ee\/wp-content\/uploads\/2020\/09\/voromark_valgetaust_veebi.jpg\" target=\"_blank\" rel=\"noopener\">Fail jpg formaadis<\/a><\/p>\n<p>&nbsp;<\/p>\n<p><a href=\"https:\/\/wi.ee\/wp-content\/uploads\/2020\/09\/voromark_rohelinetaust_veebi.jpg\"><img loading=\"lazy\" decoding=\"async\" class=\"alignnone size-medium wp-image-7751\" src=\"https:\/\/wi.ee\/wp-content\/uploads\/2020\/09\/voromark_rohelinetaust_veebi-300x300.jpg\" alt=\"\" width=\"300\" height=\"300\" srcset=\"https:\/\/wi.ee\/wp-content\/uploads\/2020\/09\/voromark_rohelinetaust_veebi-300x300.jpg 300w, https:\/\/wi.ee\/wp-content\/uploads\/2020\/09\/voromark_rohelinetaust_veebi.jpg 709w\" sizes=\"auto, (max-width: 300px) 100vw, 300px\" \/><\/a>\u00a0 <a href=\"https:\/\/wi.ee\/wp-content\/uploads\/2020\/09\/voromark_rohelinetaust_veebi.jpg\" target=\"_blank\" rel=\"noopener\">Fail jpg formaadis<\/a><\/p>\n<p>&nbsp;<\/p>\n<p>Failid pdf formaadis (sobivad tr\u00fckistesse)<\/p>\n<p><a href=\"https:\/\/wi.ee\/wp-content\/uploads\/2020\/09\/voromark_valgetaust_trykk.pdf\" target=\"_blank\" rel=\"noopener noreferrer\">voromark_valgetaust_trykk<\/a><\/p>\n<p><a href=\"https:\/\/wi.ee\/wp-content\/uploads\/2020\/09\/voromark_rohelinetaust_trykk.pdf\" target=\"_blank\" rel=\"noopener noreferrer\">voromark_rohelinetaust_trykk<\/a><\/p>\n<p>&nbsp;<\/p>\n<h3><strong><span style=\"color: #800000;\">Facebooki (moloraamat) profiilipildile s\u00f5numi lisamiseks v\u00f5ta <\/span>\u00a0<span style=\"color: #0000ff;\"><a style=\"color: #0000ff;\" href=\"https:\/\/wi.ee\/wp-content\/uploads\/2021\/10\/profiil_voro.png\" target=\"_blank\" rel=\"noopener\">fail siit.<\/a><\/span>\u00a0<\/strong><\/h3>\n<p>Kuidas s\u00f5numit pildi k\u00fclge panna, saab juhatust Laane Triinu FB postitusest:<\/p>\n<p><a href=\"https:\/\/www.facebook.com\/groups\/421631001227096\/posts\/3694178290639001\">https:\/\/www.facebook.com\/groups\/421631001227096\/posts\/3694178290639001<\/a><\/p>\n<p>Kui juba s\u00f5numi paned pildi k\u00fclge ja see meeldib, siis m\u00e4\u00e4ra\u00a0 h\u00e4sti pikk aeg, kui kaua\u00a0 soovid seda s\u00f5numit oma profiilipildi juures hoida. Ilma t\u00e4htaega m\u00e4\u00e4ramata ei saa panna ja enamasti pakub see keskkond k\u00fcllatki l\u00fchikest aega.<\/p>\n<p>&nbsp;<\/p>\n<p><img loading=\"lazy\" decoding=\"async\" class=\"alignnone size-medium wp-image-10056\" src=\"https:\/\/wi.ee\/wp-content\/uploads\/2021\/10\/profiil_voro-300x300.png\" alt=\"\" width=\"300\" height=\"300\" srcset=\"https:\/\/wi.ee\/wp-content\/uploads\/2021\/10\/profiil_voro-300x300.png 300w, https:\/\/wi.ee\/wp-content\/uploads\/2021\/10\/profiil_voro.png 565w\" sizes=\"auto, (max-width: 300px) 100vw, 300px\" \/><\/p>\n<h3><strong><span style=\"color: #800000;\">Agentide 002 s\u00f5num:\u00a0<\/span><\/strong><\/h3>\n<p><img loading=\"lazy\" decoding=\"async\" class=\"alignnone size-medium wp-image-10016\" src=\"https:\/\/wi.ee\/wp-content\/uploads\/2021\/10\/agent-002_synnom_mull_2021-300x254.png\" alt=\"\" width=\"300\" height=\"254\" srcset=\"https:\/\/wi.ee\/wp-content\/uploads\/2021\/10\/agent-002_synnom_mull_2021-300x254.png 300w, https:\/\/wi.ee\/wp-content\/uploads\/2021\/10\/agent-002_synnom_mull_2021-1024x866.png 1024w, https:\/\/wi.ee\/wp-content\/uploads\/2021\/10\/agent-002_synnom_mull_2021-768x650.png 768w, https:\/\/wi.ee\/wp-content\/uploads\/2021\/10\/agent-002_synnom_mull_2021.png 1050w\" sizes=\"auto, (max-width: 300px) 100vw, 300px\" \/><a href=\"https:\/\/wi.ee\/wp-content\/uploads\/2021\/10\/agent-002_synnom_mull_2021.png\" target=\"_blank\" rel=\"noopener\"> Fail png formaadis<\/a><\/p>\n<p>Fail pdf formaadis (sobib tr\u00fckistes pruukida):<\/p>\n<p><a href=\"https:\/\/wi.ee\/wp-content\/uploads\/2021\/10\/agent-002_synom_mull_roheline.pdf\"><strong>agent 002_synom_mull_roheline<\/strong><\/a><\/p>\n<p>&nbsp;<\/p>\n<p>&nbsp;<\/p>\n<p>&nbsp;<\/p>\n","protected":false},"excerpt":{"rendered":"<p>V\u00f5ru keele n\u00e4dala 2020 \u00fcleskutse \u201eK\u00f5n\u00f5l\u00f5 mukka v\u00f5ro kiilt!\u201c K\u00f5ik, kes soovivad seda s\u00f5numit\u00a0 pruukida, v\u00f5ivad vabalt siit s\u00f5numi faile v\u00f5tta kas veebis kasutamiseks v\u00f5i paberile v\u00e4ljatr\u00fckiks. &nbsp; Fail jpg formaadis &nbsp; \u00a0 Fail jpg formaadis &nbsp; Failid pdf formaadis (sobivad tr\u00fckistesse) voromark_valgetaust_trykk voromark_rohelinetaust_trykk &nbsp; Facebooki (moloraamat) profiilipildile s\u00f5numi lisamiseks v\u00f5ta \u00a0fail siit.\u00a0 Kuidas s\u00f5numit [&hellip;]<\/p>\n","protected":false},"author":2,"featured_media":0,"parent":7689,"menu_order":0,"comment_status":"closed","ping_status":"closed","template":"","meta":{"_acf_changed":false,"footnotes":""},"class_list":["post-7741","page","type-page","status-publish","hentry"],"acf":[],"yoast_head":"<!-- This site is optimized with the Yoast SEO plugin v27.3 - https:\/\/yoast.com\/product\/yoast-seo-wordpress\/ -->\n<title>K\u00f5n\u00f5l\u00f5 mukka v\u00f5ro kiilt! - V\u00f5ru Instituut<\/title>\n<meta name=\"robots\" content=\"index, follow, max-snippet:-1, max-image-preview:large, max-video-preview:-1\" \/>\n<link rel=\"canonical\" href=\"https:\/\/wi.ee\/et\/tegemised\/voru-keele-nadal-2021\/konolo-mukka-voro-kiilt\/\" \/>\n<meta property=\"og:locale\" content=\"et_EE\" \/>\n<meta property=\"og:type\" content=\"article\" \/>\n<meta property=\"og:title\" content=\"K\u00f5n\u00f5l\u00f5 mukka v\u00f5ro kiilt! - V\u00f5ru Instituut\" \/>\n<meta property=\"og:description\" content=\"V\u00f5ru keele n\u00e4dala 2020 \u00fcleskutse \u201eK\u00f5n\u00f5l\u00f5 mukka v\u00f5ro kiilt!\u201c K\u00f5ik, kes soovivad seda s\u00f5numit\u00a0 pruukida, v\u00f5ivad vabalt siit s\u00f5numi faile v\u00f5tta kas veebis kasutamiseks v\u00f5i paberile v\u00e4ljatr\u00fckiks. &nbsp; Fail jpg formaadis &nbsp; \u00a0 Fail jpg formaadis &nbsp; Failid pdf formaadis (sobivad tr\u00fckistesse) voromark_valgetaust_trykk voromark_rohelinetaust_trykk &nbsp; Facebooki (moloraamat) profiilipildile s\u00f5numi lisamiseks v\u00f5ta \u00a0fail siit.\u00a0 Kuidas s\u00f5numit [&hellip;]\" \/>\n<meta property=\"og:url\" content=\"https:\/\/wi.ee\/et\/tegemised\/voru-keele-nadal-2021\/konolo-mukka-voro-kiilt\/\" \/>\n<meta property=\"og:site_name\" content=\"V\u00f5ru Instituut\" \/>\n<meta property=\"article:publisher\" content=\"https:\/\/www.facebook.com\/VoroInstituut\" \/>\n<meta property=\"article:modified_time\" content=\"2021-10-07T09:57:58+00:00\" \/>\n<meta property=\"og:image\" content=\"https:\/\/wi.ee\/wp-content\/uploads\/2020\/09\/voromark_valgetaust_veebi-300x300.jpg\" \/>\n<meta name=\"twitter:label1\" content=\"Est. reading time\" \/>\n\t<meta name=\"twitter:data1\" content=\"2 minutit\" \/>\n<script type=\"application\/ld+json\" class=\"yoast-schema-graph\">{\"@context\":\"https:\\\/\\\/schema.org\",\"@graph\":[{\"@type\":\"WebPage\",\"@id\":\"https:\\\/\\\/wi.ee\\\/et\\\/tegemised\\\/voru-keele-nadal-2021\\\/konolo-mukka-voro-kiilt\\\/\",\"url\":\"https:\\\/\\\/wi.ee\\\/et\\\/tegemised\\\/voru-keele-nadal-2021\\\/konolo-mukka-voro-kiilt\\\/\",\"name\":\"K\u00f5n\u00f5l\u00f5 mukka v\u00f5ro kiilt! - V\u00f5ru Instituut\",\"isPartOf\":{\"@id\":\"https:\\\/\\\/wi.ee\\\/et\\\/#website\"},\"primaryImageOfPage\":{\"@id\":\"https:\\\/\\\/wi.ee\\\/et\\\/tegemised\\\/voru-keele-nadal-2021\\\/konolo-mukka-voro-kiilt\\\/#primaryimage\"},\"image\":{\"@id\":\"https:\\\/\\\/wi.ee\\\/et\\\/tegemised\\\/voru-keele-nadal-2021\\\/konolo-mukka-voro-kiilt\\\/#primaryimage\"},\"thumbnailUrl\":\"https:\\\/\\\/wi.ee\\\/wp-content\\\/uploads\\\/2020\\\/09\\\/voromark_valgetaust_veebi-300x300.jpg\",\"datePublished\":\"2021-09-25T13:57:11+00:00\",\"dateModified\":\"2021-10-07T09:57:58+00:00\",\"breadcrumb\":{\"@id\":\"https:\\\/\\\/wi.ee\\\/et\\\/tegemised\\\/voru-keele-nadal-2021\\\/konolo-mukka-voro-kiilt\\\/#breadcrumb\"},\"inLanguage\":\"et\",\"potentialAction\":[{\"@type\":\"ReadAction\",\"target\":[\"https:\\\/\\\/wi.ee\\\/et\\\/tegemised\\\/voru-keele-nadal-2021\\\/konolo-mukka-voro-kiilt\\\/\"]}]},{\"@type\":\"ImageObject\",\"inLanguage\":\"et\",\"@id\":\"https:\\\/\\\/wi.ee\\\/et\\\/tegemised\\\/voru-keele-nadal-2021\\\/konolo-mukka-voro-kiilt\\\/#primaryimage\",\"url\":\"https:\\\/\\\/wi.ee\\\/wp-content\\\/uploads\\\/2020\\\/09\\\/voromark_valgetaust_veebi-300x300.jpg\",\"contentUrl\":\"https:\\\/\\\/wi.ee\\\/wp-content\\\/uploads\\\/2020\\\/09\\\/voromark_valgetaust_veebi-300x300.jpg\"},{\"@type\":\"BreadcrumbList\",\"@id\":\"https:\\\/\\\/wi.ee\\\/et\\\/tegemised\\\/voru-keele-nadal-2021\\\/konolo-mukka-voro-kiilt\\\/#breadcrumb\",\"itemListElement\":[{\"@type\":\"ListItem\",\"position\":1,\"name\":\"Avaleht\",\"item\":\"https:\\\/\\\/wi.ee\\\/et\\\/\"},{\"@type\":\"ListItem\",\"position\":2,\"name\":\"Tegemised\",\"item\":\"https:\\\/\\\/wi.ee\\\/et\\\/tegemised\\\/\"},{\"@type\":\"ListItem\",\"position\":3,\"name\":\"V\u00f5ru keele n\u00e4dal 2021\",\"item\":\"https:\\\/\\\/wi.ee\\\/et\\\/tegemised\\\/voru-keele-nadal-2021\\\/\"},{\"@type\":\"ListItem\",\"position\":4,\"name\":\"K\u00f5n\u00f5l\u00f5 mukka v\u00f5ro kiilt!\"}]},{\"@type\":\"WebSite\",\"@id\":\"https:\\\/\\\/wi.ee\\\/et\\\/#website\",\"url\":\"https:\\\/\\\/wi.ee\\\/et\\\/\",\"name\":\"V\u00f5ru Instituut\",\"description\":\"\",\"publisher\":{\"@id\":\"https:\\\/\\\/wi.ee\\\/et\\\/#organization\"},\"potentialAction\":[{\"@type\":\"SearchAction\",\"target\":{\"@type\":\"EntryPoint\",\"urlTemplate\":\"https:\\\/\\\/wi.ee\\\/et\\\/?s={search_term_string}\"},\"query-input\":{\"@type\":\"PropertyValueSpecification\",\"valueRequired\":true,\"valueName\":\"search_term_string\"}}],\"inLanguage\":\"et\"},{\"@type\":\"Organization\",\"@id\":\"https:\\\/\\\/wi.ee\\\/et\\\/#organization\",\"name\":\"V\u00f5ru Instituut\",\"url\":\"https:\\\/\\\/wi.ee\\\/et\\\/\",\"logo\":{\"@type\":\"ImageObject\",\"inLanguage\":\"et\",\"@id\":\"https:\\\/\\\/wi.ee\\\/et\\\/#\\\/schema\\\/logo\\\/image\\\/\",\"url\":\"https:\\\/\\\/wi.ee\\\/wp-content\\\/uploads\\\/2015\\\/05\\\/logo-150507.png\",\"contentUrl\":\"https:\\\/\\\/wi.ee\\\/wp-content\\\/uploads\\\/2015\\\/05\\\/logo-150507.png\",\"width\":183,\"height\":123,\"caption\":\"V\u00f5ru Instituut\"},\"image\":{\"@id\":\"https:\\\/\\\/wi.ee\\\/et\\\/#\\\/schema\\\/logo\\\/image\\\/\"},\"sameAs\":[\"https:\\\/\\\/www.facebook.com\\\/VoroInstituut\"]}]}<\/script>\n<!-- \/ Yoast SEO plugin. -->","yoast_head_json":{"title":"K\u00f5n\u00f5l\u00f5 mukka v\u00f5ro kiilt! - V\u00f5ru Instituut","robots":{"index":"index","follow":"follow","max-snippet":"max-snippet:-1","max-image-preview":"max-image-preview:large","max-video-preview":"max-video-preview:-1"},"canonical":"https:\/\/wi.ee\/et\/tegemised\/voru-keele-nadal-2021\/konolo-mukka-voro-kiilt\/","og_locale":"et_EE","og_type":"article","og_title":"K\u00f5n\u00f5l\u00f5 mukka v\u00f5ro kiilt! - V\u00f5ru Instituut","og_description":"V\u00f5ru keele n\u00e4dala 2020 \u00fcleskutse \u201eK\u00f5n\u00f5l\u00f5 mukka v\u00f5ro kiilt!\u201c K\u00f5ik, kes soovivad seda s\u00f5numit\u00a0 pruukida, v\u00f5ivad vabalt siit s\u00f5numi faile v\u00f5tta kas veebis kasutamiseks v\u00f5i paberile v\u00e4ljatr\u00fckiks. &nbsp; Fail jpg formaadis &nbsp; \u00a0 Fail jpg formaadis &nbsp; Failid pdf formaadis (sobivad tr\u00fckistesse) voromark_valgetaust_trykk voromark_rohelinetaust_trykk &nbsp; Facebooki (moloraamat) profiilipildile s\u00f5numi lisamiseks v\u00f5ta \u00a0fail siit.\u00a0 Kuidas s\u00f5numit [&hellip;]","og_url":"https:\/\/wi.ee\/et\/tegemised\/voru-keele-nadal-2021\/konolo-mukka-voro-kiilt\/","og_site_name":"V\u00f5ru Instituut","article_publisher":"https:\/\/www.facebook.com\/VoroInstituut","article_modified_time":"2021-10-07T09:57:58+00:00","og_image":[{"url":"https:\/\/wi.ee\/wp-content\/uploads\/2020\/09\/voromark_valgetaust_veebi-300x300.jpg","type":"","width":"","height":""}],"twitter_misc":{"Est. reading time":"2 minutit"},"schema":{"@context":"https:\/\/schema.org","@graph":[{"@type":"WebPage","@id":"https:\/\/wi.ee\/et\/tegemised\/voru-keele-nadal-2021\/konolo-mukka-voro-kiilt\/","url":"https:\/\/wi.ee\/et\/tegemised\/voru-keele-nadal-2021\/konolo-mukka-voro-kiilt\/","name":"K\u00f5n\u00f5l\u00f5 mukka v\u00f5ro kiilt! - V\u00f5ru Instituut","isPartOf":{"@id":"https:\/\/wi.ee\/et\/#website"},"primaryImageOfPage":{"@id":"https:\/\/wi.ee\/et\/tegemised\/voru-keele-nadal-2021\/konolo-mukka-voro-kiilt\/#primaryimage"},"image":{"@id":"https:\/\/wi.ee\/et\/tegemised\/voru-keele-nadal-2021\/konolo-mukka-voro-kiilt\/#primaryimage"},"thumbnailUrl":"https:\/\/wi.ee\/wp-content\/uploads\/2020\/09\/voromark_valgetaust_veebi-300x300.jpg","datePublished":"2021-09-25T13:57:11+00:00","dateModified":"2021-10-07T09:57:58+00:00","breadcrumb":{"@id":"https:\/\/wi.ee\/et\/tegemised\/voru-keele-nadal-2021\/konolo-mukka-voro-kiilt\/#breadcrumb"},"inLanguage":"et","potentialAction":[{"@type":"ReadAction","target":["https:\/\/wi.ee\/et\/tegemised\/voru-keele-nadal-2021\/konolo-mukka-voro-kiilt\/"]}]},{"@type":"ImageObject","inLanguage":"et","@id":"https:\/\/wi.ee\/et\/tegemised\/voru-keele-nadal-2021\/konolo-mukka-voro-kiilt\/#primaryimage","url":"https:\/\/wi.ee\/wp-content\/uploads\/2020\/09\/voromark_valgetaust_veebi-300x300.jpg","contentUrl":"https:\/\/wi.ee\/wp-content\/uploads\/2020\/09\/voromark_valgetaust_veebi-300x300.jpg"},{"@type":"BreadcrumbList","@id":"https:\/\/wi.ee\/et\/tegemised\/voru-keele-nadal-2021\/konolo-mukka-voro-kiilt\/#breadcrumb","itemListElement":[{"@type":"ListItem","position":1,"name":"Avaleht","item":"https:\/\/wi.ee\/et\/"},{"@type":"ListItem","position":2,"name":"Tegemised","item":"https:\/\/wi.ee\/et\/tegemised\/"},{"@type":"ListItem","position":3,"name":"V\u00f5ru keele n\u00e4dal 2021","item":"https:\/\/wi.ee\/et\/tegemised\/voru-keele-nadal-2021\/"},{"@type":"ListItem","position":4,"name":"K\u00f5n\u00f5l\u00f5 mukka v\u00f5ro kiilt!"}]},{"@type":"WebSite","@id":"https:\/\/wi.ee\/et\/#website","url":"https:\/\/wi.ee\/et\/","name":"V\u00f5ru Instituut","description":"","publisher":{"@id":"https:\/\/wi.ee\/et\/#organization"},"potentialAction":[{"@type":"SearchAction","target":{"@type":"EntryPoint","urlTemplate":"https:\/\/wi.ee\/et\/?s={search_term_string}"},"query-input":{"@type":"PropertyValueSpecification","valueRequired":true,"valueName":"search_term_string"}}],"inLanguage":"et"},{"@type":"Organization","@id":"https:\/\/wi.ee\/et\/#organization","name":"V\u00f5ru Instituut","url":"https:\/\/wi.ee\/et\/","logo":{"@type":"ImageObject","inLanguage":"et","@id":"https:\/\/wi.ee\/et\/#\/schema\/logo\/image\/","url":"https:\/\/wi.ee\/wp-content\/uploads\/2015\/05\/logo-150507.png","contentUrl":"https:\/\/wi.ee\/wp-content\/uploads\/2015\/05\/logo-150507.png","width":183,"height":123,"caption":"V\u00f5ru Instituut"},"image":{"@id":"https:\/\/wi.ee\/et\/#\/schema\/logo\/image\/"},"sameAs":["https:\/\/www.facebook.com\/VoroInstituut"]}]}},"_links":{"self":[{"href":"https:\/\/wi.ee\/et\/wp-json\/wp\/v2\/pages\/7741","targetHints":{"allow":["GET"]}}],"collection":[{"href":"https:\/\/wi.ee\/et\/wp-json\/wp\/v2\/pages"}],"about":[{"href":"https:\/\/wi.ee\/et\/wp-json\/wp\/v2\/types\/page"}],"author":[{"embeddable":true,"href":"https:\/\/wi.ee\/et\/wp-json\/wp\/v2\/users\/2"}],"replies":[{"embeddable":true,"href":"https:\/\/wi.ee\/et\/wp-json\/wp\/v2\/comments?post=7741"}],"version-history":[{"count":11,"href":"https:\/\/wi.ee\/et\/wp-json\/wp\/v2\/pages\/7741\/revisions"}],"predecessor-version":[{"id":10065,"href":"https:\/\/wi.ee\/et\/wp-json\/wp\/v2\/pages\/7741\/revisions\/10065"}],"up":[{"embeddable":true,"href":"https:\/\/wi.ee\/et\/wp-json\/wp\/v2\/pages\/7689"}],"wp:attachment":[{"href":"https:\/\/wi.ee\/et\/wp-json\/wp\/v2\/media?parent=7741"}],"curies":[{"name":"wp","href":"https:\/\/api.w.org\/{rel}","templated":true}]}}