{"id":7689,"date":"2020-09-28T09:05:17","date_gmt":"2020-09-28T07:05:17","guid":{"rendered":"https:\/\/wi.ee\/?page_id=7689"},"modified":"2021-11-18T16:12:47","modified_gmt":"2021-11-18T14:12:47","slug":"voru-keele-nadal-2021","status":"publish","type":"page","link":"https:\/\/wi.ee\/et\/tegemised\/voru-keele-nadal-2021\/","title":{"rendered":"V\u00f5ru keele n\u00e4dal 2021"},"content":{"rendered":"<p><a href=\"https:\/\/wi.ee\/wp-content\/uploads\/2020\/09\/voromark_valgetaust-1.jpg\" target=\"_blank\" rel=\"noopener noreferrer\"><img loading=\"lazy\" decoding=\"async\" class=\"alignright wp-image-7706 size-medium\" src=\"https:\/\/wi.ee\/wp-content\/uploads\/2020\/09\/voromark_valgetaust-1-300x300.jpg\" alt=\"\" width=\"300\" height=\"300\" srcset=\"https:\/\/wi.ee\/wp-content\/uploads\/2020\/09\/voromark_valgetaust-1-300x300.jpg 300w, https:\/\/wi.ee\/wp-content\/uploads\/2020\/09\/voromark_valgetaust-1.jpg 473w\" sizes=\"auto, (max-width: 300px) 100vw, 300px\" \/><\/a><\/p>\n<h3><strong><span style=\"color: #008000;\">V\u00f5ru keele n\u00e4dal <a style=\"color: #008000;\" href=\"https:\/\/wi.ee\/wp-content\/uploads\/2021\/10\/agent-002_synnom_mull_2021.png\" target=\"_blank\" rel=\"noopener\"><em>\u201eKiildke vai \u00e4r \u2013 ma iks k\u00f5n\u00f5l\u00f5!\u201c<\/em> <\/a>1.\u20137. novembrini 2021<\/span><\/strong><\/h3>\n<p><strong>Vaata kokkuv\u00f5tet v\u00f5ro keele n\u00e4dalast\u00a0 <span style=\"color: #800000;\"><a style=\"color: #800000;\" href=\"https:\/\/wi.ee\/et\/voru-keele-nadal-1-7-novembril-2021\/\" target=\"_blank\" rel=\"noopener\">V\u00f5ru Instituudi uudistest<\/a><\/span><\/strong><\/p>\n<p>V\u00f5ru keele n\u00e4dalast 2021 saab vaadata ja lugeda:<\/p>\n<p>&nbsp;<\/p>\n<h3><strong>\u00a0<\/strong><span style=\"color: #008000;\"><strong>Ajalehed<\/strong><\/span><\/h3>\n<p><strong>\u00a0<\/strong><strong>V\u00f5ru keele n\u00e4dala erilehed:<\/strong><\/p>\n<p>L\u00f5unaleht 28. 10.2021<span style=\"color: #0000ff;\"><strong><span style=\"color: #800000;\"><a style=\"color: #800000;\" href=\"https:\/\/wi.ee\/wp-content\/uploads\/2021\/11\/voro-keele-natal_lounaleht_28.10.2021.pdf\" target=\"_blank\" rel=\"noopener\"> LOE SIIT<\/a><\/span>.<\/strong><\/span><\/p>\n<p>L\u00f5una-Eesti Postimees 29.10.2021<strong>\u00a0 <span style=\"color: #0000ff;\"><span style=\"color: #800000;\"><a style=\"color: #800000;\" href=\"https:\/\/wi.ee\/wp-content\/uploads\/2021\/11\/voro-keele-natal_louno-eesti-postimiis_29.10.2021.pdf\" target=\"_blank\" rel=\"noopener\">LOE SIIT<\/a><\/span>.<\/span><\/strong><\/p>\n<p><strong>\u00a0<\/strong><strong>Uma Leht<\/strong> <a href=\"https:\/\/umaleht.ee\/article\/voro-keele-iistkonoloja\/\" target=\"_blank\" rel=\"noopener\">https:\/\/umaleht.ee\/article\/voro-keele-iistkonoloja\/<\/a><\/p>\n<p><strong>L\u00f5una-Eesti Postimees<\/strong> 01. nov 2021 <a href=\"https:\/\/lounapostimees.postimees.ee\/7375234\/voru-keele-nadal-kutsub-vorokesi-rohkem-oma-keelt-konelema\" target=\"_blank\" rel=\"noopener\">https:\/\/lounapostimees.postimees.ee\/7375234\/voru-keele-nadal-kutsub-vorokesi-rohkem-oma-keelt-konelema<\/a><\/p>\n<p><strong>L\u00f5una-Eesti Postimees<\/strong> 05. nov 2021 <a href=\"https:\/\/lounapostimees.postimees.ee\/7378412\/ilmateade-laks-eetrisse-osaliselt-vorukeelsena\" target=\"_blank\" rel=\"noopener\">https:\/\/lounapostimees.postimees.ee\/7378412\/ilmateade-laks-eetrisse-osaliselt-vorukeelsena<\/a><\/p>\n<p><strong>Videolugu<\/strong> 02. nov 2021 <a href=\"https:\/\/lounapostimees.postimees.ee\/7376290\/vorokesed-ohutavad-omakeeli-konelema\" target=\"_blank\" rel=\"noopener\">https:\/\/lounapostimees.postimees.ee\/7376290\/vorokesed-ohutavad-omakeeli-konelema<\/a><\/p>\n<p><strong>L\u00f5unaleht<\/strong>, 01.nov 2021 <a href=\"https:\/\/lounaeestlane.ee\/voru-keele-nadal-kutsub-vorokesi-rohkem-oma-keelt-konelema\/\" target=\"_blank\" rel=\"noopener\">https:\/\/lounaeestlane.ee\/voru-keele-nadal-kutsub-vorokesi-rohkem-oma-keelt-konelema\/<\/a><\/p>\n<p><strong>Kotus<\/strong> <a href=\"https:\/\/kotus.ee\/voru-keele-agente-oodatakse-endast-marku-andma\/\" target=\"_blank\" rel=\"noopener\">https:\/\/kotus.ee\/voru-keele-agente-oodatakse-endast-marku-andma\/<\/a><\/p>\n<p>&nbsp;<\/p>\n<h3><span style=\"color: #008000;\"><strong>Tele ja raadio<\/strong><\/span><\/h3>\n<p><strong>Terevisioon <\/strong>1.11.<\/p>\n<p><a href=\"https:\/\/kultuur.err.ee\/1608388781\/terevisioonis-tehti-tutvust-voru-keele-eksitussonadega\" target=\"_blank\" rel=\"noopener\">https:\/\/kultuur.err.ee\/1608388781\/terevisioonis-tehti-tutvust-voru-keele-eksitussonadega<\/a><\/p>\n<p><strong>Eesti Rahvusringh\u00e4\u00e4lingu<\/strong> (ERR) Jupiteri kanalil on eraldi teemaridadega v\u00f5rukeelsed saated: <a href=\"https:\/\/jupiter.err.ee\/voro-keele-nadal\" target=\"_blank\" rel=\"noopener\">https:\/\/jupiter.err.ee\/voro-keele-nadal<\/a><\/p>\n<p>Andres Oja<strong> Vikerraadios<\/strong><\/p>\n<p>01.11.\u00a0<a href=\"https:\/\/vikerraadio.err.ee\/1608387680\/andres-oja-kulas-tanel-padar\" target=\"_blank\" rel=\"noopener\">https:\/\/vikerraadio.err.ee\/1608387680\/andres-oja-kulas-tanel-padar<\/a><\/p>\n<p>(minetas \u00e4ra m\u00f5lema saatetunni alguses, et on k\u00e4imas v\u00f5ro keele n\u00e4dal ning m\u00e4ngis Pulga Jaani \u201eV\u00f5rok\u00f5st\u201c ja Mari Kalkuni \u201eInemist\u201c);<\/p>\n<p>02.11.\u00a0<a href=\"https:\/\/vikerraadio.err.ee\/1608387698\/andres-oja-kulas-kadri-voorand-ja-mihkel-malgand\" target=\"_blank\" rel=\"noopener\">https:\/\/vikerraadio.err.ee\/1608387698\/andres-oja-kulas-kadri-voorand-ja-mihkel-malgand<\/a>\u00a0(Ummamuudu \u201eK\u00f5n\u00f5traat\u201c, Tauli Anu \u201e\u00dc\u00fc k\u00f5llane&#8230;\u201c on k\u00fcll mulgikeelne kuid raadios h\u00f5igati v\u00e4lja, kui v\u00f5ro keelene :D);<\/p>\n<p>03.11.\u00a0<a href=\"https:\/\/vikerraadio.err.ee\/1608376565\/andres-oja-kulas-mihkel-poll-ja-aapo-ilves\" target=\"_blank\" rel=\"noopener\">https:\/\/vikerraadio.err.ee\/1608376565\/andres-oja-kulas-mihkel-poll-ja-aapo-ilves<\/a><\/p>\n<p>(Intervjuu Aapo Ilvsega, k\u00f5lasid v\u00f5rukeelsed laulud: Neiok\u00f5s\u00f5 \u201eTii\u201c, Aapo Ilvese ja Pulga Jaani \u201eJo verev\u00e4n\u00e4 p\u00e4iv, R\u00fc\u00fct \u201e\u00d5dak\u201c);<\/p>\n<p>04.11.\u00a0<a href=\"https:\/\/vikerraadio.err.ee\/1608378203\/andres-oja-kulas-sirli-hellamaa-ja-lonitseera\" target=\"_blank\" rel=\"noopener\">https:\/\/vikerraadio.err.ee\/1608378203\/andres-oja-kulas-sirli-hellamaa-ja-lonitseera<\/a><\/p>\n<p>(Intervjuu Sirli Hellamaaga, k\u00f5lasid v\u00f5rukeelsed lood: Sirli ja Kerli Hellamaa \u201eNo kost tu iPhone j\u00e4i!\u201c, Elo Rahman \u201eM\u00f5t\u00f5lus\u201c, Hetero \u201eOmma Tim\u00e4havva Kardohka M\u00e4\u00e4&#8217;\u201c, Winni Puhh \u201eNuudlid ja hapupiim\u201c)<\/p>\n<p><strong>\u00a0<\/strong><\/p>\n<h3><span style=\"color: #008000;\"><strong>V\u00f5ro keel n\u00e4itusel\u00a0<\/strong><\/span><\/h3>\n<p>KUMU kunstimuuseumis avati vahetult enne v\u00f5ru keele n\u00e4dalat n\u00e4itus \u201eTalomuro ilmaruum. L\u00f5una-Eesti loojad\u201c, mida tutvustab v\u00f5rukeelne audiogiid. N\u00e4itus h\u00f5lmab 19. aastasaja l\u00f5pust kuni II maailmas\u00f5ja l\u00f5puni. N\u00e4ha on \u00fcle 50 kunstit\u00f6\u00f6.<\/p>\n<p>N\u00e4itus j\u00e4\u00e4b avatuks j\u00e4rgmise aasta aprillini. <a href=\"https:\/\/kumu.ekm.ee\/talomuro-helugiid\/\" target=\"_blank\" rel=\"noopener\">https:\/\/kumu.ekm.ee\/talomuro-helugiid\/<\/a><\/p>\n<p>&nbsp;<\/p>\n<h3><strong><span style=\"color: #008000;\">Uued v\u00f5rukeelsed koorilaulud<\/span><\/strong><\/h3>\n<p>06.11. sai P\u00f5lva Kultuurikeskuses peetud kontserdil \u201eLiigu, liigu, laulukene!\u201c kuulda uute v\u00f5rukeelsete koorilaulude esmaettekannet. \u00dcles astunud kolm koori \u2013 Ritsik, Hilaro ja Tempera \u2013 esitasid valiku preemia p\u00e4lvinud lauludest. Koorilaulukonkursi peapreemia sai Alo Ritsing professionaalse koorikultuuri ja Vana-V\u00f5rumaa rahvalaulu kokkuseadmise eest.<\/p>\n<p>M\u00f5nda laulu saad kuulata-vaadata\u00a0 <span style=\"color: #800000;\"><a style=\"color: #800000;\" href=\"https:\/\/www.youtube.com\/watch?v=Y8m_xd30frE&amp;list=PLtijOgTDrlO8GbOEyGCZJXG3YrXpEF8aS\" target=\"_blank\" rel=\"noopener\"><strong>SIIT<\/strong><\/a>.<\/span><\/p>\n<p>&nbsp;<\/p>\n<h3><span style=\"color: #008000;\"><strong>Videoklipid<\/strong><\/span><\/h3>\n<p>V\u00f5ro keele k\u00f5nelemisest videoklipid:<\/p>\n<p><a href=\"https:\/\/www.youtube.com\/watch?v=KItRTRjqACc\" target=\"_blank\" rel=\"noopener\">https:\/\/www.youtube.com\/watch?v=KItRTRjqACc<\/a><\/p>\n<p><a href=\"https:\/\/www.youtube.com\/watch?v=miaa8sEkM2w\" target=\"_blank\" rel=\"noopener\">https:\/\/www.youtube.com\/watch?v=miaa8sEkM2w<\/a><\/p>\n<p><a href=\"https:\/\/www.youtube.com\/watch?v=mUJjahj5sfI\" target=\"_blank\" rel=\"noopener\">https:\/\/www.youtube.com\/watch?v=mUJjahj5sfI<\/a><\/p>\n<p><a href=\"https:\/\/www.youtube.com\/watch?v=hZohx34qfJI\" target=\"_blank\" rel=\"noopener\">https:\/\/www.youtube.com\/watch?v=hZohx34qfJI<\/a><\/p>\n<p><a href=\"https:\/\/www.youtube.com\/watch?v=_NfTRZ2jrZ0\" target=\"_blank\" rel=\"noopener\">https:\/\/www.youtube.com\/watch?v=_NfTRZ2jrZ0<\/a><\/p>\n<p>&nbsp;<\/p>\n<h3><span style=\"color: #008000;\"><strong>Viktoriin\u00a0<\/strong><\/span><\/h3>\n<p>Lahendamiseks on j\u00e4tkuvalt avatud\u00a0 <a href=\"https:\/\/wi.ee\/viktoriini\/\" target=\"_blank\" rel=\"noopener\"><span style=\"color: #000000;\"><strong>veebiviktoriinid<\/strong>, asu lahendama <\/span><span style=\"color: #800000;\"><strong>SIIT.<\/strong><\/span><\/a><\/p>\n<p>&nbsp;<\/p>\n<p>Lisainfo:<\/p>\n<p>Triin Toom<\/p>\n<p>projektijuht<\/p>\n<p><a href=\"&#x6d;&#97;i&#x6c;&#116;o&#x3a;&#116;r&#x69;&#105;n&#x2e;&#116;o&#x6f;&#109;&#64;&#x77;&#105;&#46;&#x65;&#101;\">&#x74;&#114;&#105;i&#x6e;&#x2e;&#116;o&#x6f;&#x6d;&#64;wi&#x2e;&#101;&#101;<\/a><\/p>\n<p>tel 5348 6982<\/p>\n<p>&nbsp;<\/p>\n<p>&nbsp;<\/p>\n","protected":false},"excerpt":{"rendered":"<p>V\u00f5ru keele n\u00e4dal \u201eKiildke vai \u00e4r \u2013 ma iks k\u00f5n\u00f5l\u00f5!\u201c 1.\u20137. novembrini 2021 Vaata kokkuv\u00f5tet v\u00f5ro keele n\u00e4dalast\u00a0 V\u00f5ru Instituudi uudistest V\u00f5ru keele n\u00e4dalast 2021 saab vaadata ja lugeda: &nbsp; \u00a0Ajalehed \u00a0V\u00f5ru keele n\u00e4dala erilehed: L\u00f5unaleht 28. 10.2021 LOE SIIT. L\u00f5una-Eesti Postimees 29.10.2021\u00a0 LOE SIIT. \u00a0Uma Leht https:\/\/umaleht.ee\/article\/voro-keele-iistkonoloja\/ L\u00f5una-Eesti Postimees 01. nov 2021 https:\/\/lounapostimees.postimees.ee\/7375234\/voru-keele-nadal-kutsub-vorokesi-rohkem-oma-keelt-konelema L\u00f5una-Eesti [&hellip;]<\/p>\n","protected":false},"author":2,"featured_media":0,"parent":76,"menu_order":0,"comment_status":"closed","ping_status":"closed","template":"","meta":{"_acf_changed":false,"footnotes":""},"class_list":["post-7689","page","type-page","status-publish","hentry"],"acf":[],"yoast_head":"<!-- This site is optimized with the Yoast SEO plugin v27.3 - https:\/\/yoast.com\/product\/yoast-seo-wordpress\/ -->\n<title>V\u00f5ru keele n\u00e4dal 2021 - V\u00f5ru Instituut<\/title>\n<meta name=\"robots\" content=\"index, follow, max-snippet:-1, max-image-preview:large, max-video-preview:-1\" \/>\n<link rel=\"canonical\" href=\"https:\/\/wi.ee\/et\/tegemised\/voru-keele-nadal-2021\/\" \/>\n<meta property=\"og:locale\" content=\"et_EE\" \/>\n<meta property=\"og:type\" content=\"article\" \/>\n<meta property=\"og:title\" content=\"V\u00f5ru keele n\u00e4dal 2021 - V\u00f5ru Instituut\" \/>\n<meta property=\"og:description\" content=\"V\u00f5ru keele n\u00e4dal \u201eKiildke vai \u00e4r \u2013 ma iks k\u00f5n\u00f5l\u00f5!\u201c 1.\u20137. novembrini 2021 Vaata kokkuv\u00f5tet v\u00f5ro keele n\u00e4dalast\u00a0 V\u00f5ru Instituudi uudistest V\u00f5ru keele n\u00e4dalast 2021 saab vaadata ja lugeda: &nbsp; \u00a0Ajalehed \u00a0V\u00f5ru keele n\u00e4dala erilehed: L\u00f5unaleht 28. 10.2021 LOE SIIT. L\u00f5una-Eesti Postimees 29.10.2021\u00a0 LOE SIIT. \u00a0Uma Leht https:\/\/umaleht.ee\/article\/voro-keele-iistkonoloja\/ L\u00f5una-Eesti Postimees 01. nov 2021 https:\/\/lounapostimees.postimees.ee\/7375234\/voru-keele-nadal-kutsub-vorokesi-rohkem-oma-keelt-konelema L\u00f5una-Eesti [&hellip;]\" \/>\n<meta property=\"og:url\" content=\"https:\/\/wi.ee\/et\/tegemised\/voru-keele-nadal-2021\/\" \/>\n<meta property=\"og:site_name\" content=\"V\u00f5ru Instituut\" \/>\n<meta property=\"article:publisher\" content=\"https:\/\/www.facebook.com\/VoroInstituut\" \/>\n<meta property=\"article:modified_time\" content=\"2021-11-18T14:12:47+00:00\" \/>\n<meta property=\"og:image\" content=\"https:\/\/wi.ee\/wp-content\/uploads\/2020\/09\/voromark_valgetaust-1-300x300.jpg\" \/>\n<meta name=\"twitter:label1\" content=\"Est. reading time\" \/>\n\t<meta name=\"twitter:data1\" content=\"2 minutit\" \/>\n<script type=\"application\/ld+json\" class=\"yoast-schema-graph\">{\"@context\":\"https:\\\/\\\/schema.org\",\"@graph\":[{\"@type\":\"WebPage\",\"@id\":\"https:\\\/\\\/wi.ee\\\/et\\\/tegemised\\\/voru-keele-nadal-2021\\\/\",\"url\":\"https:\\\/\\\/wi.ee\\\/et\\\/tegemised\\\/voru-keele-nadal-2021\\\/\",\"name\":\"V\u00f5ru keele n\u00e4dal 2021 - V\u00f5ru Instituut\",\"isPartOf\":{\"@id\":\"https:\\\/\\\/wi.ee\\\/et\\\/#website\"},\"primaryImageOfPage\":{\"@id\":\"https:\\\/\\\/wi.ee\\\/et\\\/tegemised\\\/voru-keele-nadal-2021\\\/#primaryimage\"},\"image\":{\"@id\":\"https:\\\/\\\/wi.ee\\\/et\\\/tegemised\\\/voru-keele-nadal-2021\\\/#primaryimage\"},\"thumbnailUrl\":\"https:\\\/\\\/wi.ee\\\/wp-content\\\/uploads\\\/2020\\\/09\\\/voromark_valgetaust-1-300x300.jpg\",\"datePublished\":\"2020-09-28T07:05:17+00:00\",\"dateModified\":\"2021-11-18T14:12:47+00:00\",\"breadcrumb\":{\"@id\":\"https:\\\/\\\/wi.ee\\\/et\\\/tegemised\\\/voru-keele-nadal-2021\\\/#breadcrumb\"},\"inLanguage\":\"et\",\"potentialAction\":[{\"@type\":\"ReadAction\",\"target\":[\"https:\\\/\\\/wi.ee\\\/et\\\/tegemised\\\/voru-keele-nadal-2021\\\/\"]}]},{\"@type\":\"ImageObject\",\"inLanguage\":\"et\",\"@id\":\"https:\\\/\\\/wi.ee\\\/et\\\/tegemised\\\/voru-keele-nadal-2021\\\/#primaryimage\",\"url\":\"https:\\\/\\\/wi.ee\\\/wp-content\\\/uploads\\\/2020\\\/09\\\/voromark_valgetaust-1-300x300.jpg\",\"contentUrl\":\"https:\\\/\\\/wi.ee\\\/wp-content\\\/uploads\\\/2020\\\/09\\\/voromark_valgetaust-1-300x300.jpg\"},{\"@type\":\"BreadcrumbList\",\"@id\":\"https:\\\/\\\/wi.ee\\\/et\\\/tegemised\\\/voru-keele-nadal-2021\\\/#breadcrumb\",\"itemListElement\":[{\"@type\":\"ListItem\",\"position\":1,\"name\":\"Avaleht\",\"item\":\"https:\\\/\\\/wi.ee\\\/et\\\/\"},{\"@type\":\"ListItem\",\"position\":2,\"name\":\"Tegemised\",\"item\":\"https:\\\/\\\/wi.ee\\\/et\\\/tegemised\\\/\"},{\"@type\":\"ListItem\",\"position\":3,\"name\":\"V\u00f5ru keele n\u00e4dal 2021\"}]},{\"@type\":\"WebSite\",\"@id\":\"https:\\\/\\\/wi.ee\\\/et\\\/#website\",\"url\":\"https:\\\/\\\/wi.ee\\\/et\\\/\",\"name\":\"V\u00f5ru Instituut\",\"description\":\"\",\"publisher\":{\"@id\":\"https:\\\/\\\/wi.ee\\\/et\\\/#organization\"},\"potentialAction\":[{\"@type\":\"SearchAction\",\"target\":{\"@type\":\"EntryPoint\",\"urlTemplate\":\"https:\\\/\\\/wi.ee\\\/et\\\/?s={search_term_string}\"},\"query-input\":{\"@type\":\"PropertyValueSpecification\",\"valueRequired\":true,\"valueName\":\"search_term_string\"}}],\"inLanguage\":\"et\"},{\"@type\":\"Organization\",\"@id\":\"https:\\\/\\\/wi.ee\\\/et\\\/#organization\",\"name\":\"V\u00f5ru Instituut\",\"url\":\"https:\\\/\\\/wi.ee\\\/et\\\/\",\"logo\":{\"@type\":\"ImageObject\",\"inLanguage\":\"et\",\"@id\":\"https:\\\/\\\/wi.ee\\\/et\\\/#\\\/schema\\\/logo\\\/image\\\/\",\"url\":\"https:\\\/\\\/wi.ee\\\/wp-content\\\/uploads\\\/2015\\\/05\\\/logo-150507.png\",\"contentUrl\":\"https:\\\/\\\/wi.ee\\\/wp-content\\\/uploads\\\/2015\\\/05\\\/logo-150507.png\",\"width\":183,\"height\":123,\"caption\":\"V\u00f5ru Instituut\"},\"image\":{\"@id\":\"https:\\\/\\\/wi.ee\\\/et\\\/#\\\/schema\\\/logo\\\/image\\\/\"},\"sameAs\":[\"https:\\\/\\\/www.facebook.com\\\/VoroInstituut\"]}]}<\/script>\n<!-- \/ Yoast SEO plugin. -->","yoast_head_json":{"title":"V\u00f5ru keele n\u00e4dal 2021 - V\u00f5ru Instituut","robots":{"index":"index","follow":"follow","max-snippet":"max-snippet:-1","max-image-preview":"max-image-preview:large","max-video-preview":"max-video-preview:-1"},"canonical":"https:\/\/wi.ee\/et\/tegemised\/voru-keele-nadal-2021\/","og_locale":"et_EE","og_type":"article","og_title":"V\u00f5ru keele n\u00e4dal 2021 - V\u00f5ru Instituut","og_description":"V\u00f5ru keele n\u00e4dal \u201eKiildke vai \u00e4r \u2013 ma iks k\u00f5n\u00f5l\u00f5!\u201c 1.\u20137. novembrini 2021 Vaata kokkuv\u00f5tet v\u00f5ro keele n\u00e4dalast\u00a0 V\u00f5ru Instituudi uudistest V\u00f5ru keele n\u00e4dalast 2021 saab vaadata ja lugeda: &nbsp; \u00a0Ajalehed \u00a0V\u00f5ru keele n\u00e4dala erilehed: L\u00f5unaleht 28. 10.2021 LOE SIIT. L\u00f5una-Eesti Postimees 29.10.2021\u00a0 LOE SIIT. \u00a0Uma Leht https:\/\/umaleht.ee\/article\/voro-keele-iistkonoloja\/ L\u00f5una-Eesti Postimees 01. nov 2021 https:\/\/lounapostimees.postimees.ee\/7375234\/voru-keele-nadal-kutsub-vorokesi-rohkem-oma-keelt-konelema L\u00f5una-Eesti [&hellip;]","og_url":"https:\/\/wi.ee\/et\/tegemised\/voru-keele-nadal-2021\/","og_site_name":"V\u00f5ru Instituut","article_publisher":"https:\/\/www.facebook.com\/VoroInstituut","article_modified_time":"2021-11-18T14:12:47+00:00","og_image":[{"url":"https:\/\/wi.ee\/wp-content\/uploads\/2020\/09\/voromark_valgetaust-1-300x300.jpg","type":"","width":"","height":""}],"twitter_misc":{"Est. reading time":"2 minutit"},"schema":{"@context":"https:\/\/schema.org","@graph":[{"@type":"WebPage","@id":"https:\/\/wi.ee\/et\/tegemised\/voru-keele-nadal-2021\/","url":"https:\/\/wi.ee\/et\/tegemised\/voru-keele-nadal-2021\/","name":"V\u00f5ru keele n\u00e4dal 2021 - V\u00f5ru Instituut","isPartOf":{"@id":"https:\/\/wi.ee\/et\/#website"},"primaryImageOfPage":{"@id":"https:\/\/wi.ee\/et\/tegemised\/voru-keele-nadal-2021\/#primaryimage"},"image":{"@id":"https:\/\/wi.ee\/et\/tegemised\/voru-keele-nadal-2021\/#primaryimage"},"thumbnailUrl":"https:\/\/wi.ee\/wp-content\/uploads\/2020\/09\/voromark_valgetaust-1-300x300.jpg","datePublished":"2020-09-28T07:05:17+00:00","dateModified":"2021-11-18T14:12:47+00:00","breadcrumb":{"@id":"https:\/\/wi.ee\/et\/tegemised\/voru-keele-nadal-2021\/#breadcrumb"},"inLanguage":"et","potentialAction":[{"@type":"ReadAction","target":["https:\/\/wi.ee\/et\/tegemised\/voru-keele-nadal-2021\/"]}]},{"@type":"ImageObject","inLanguage":"et","@id":"https:\/\/wi.ee\/et\/tegemised\/voru-keele-nadal-2021\/#primaryimage","url":"https:\/\/wi.ee\/wp-content\/uploads\/2020\/09\/voromark_valgetaust-1-300x300.jpg","contentUrl":"https:\/\/wi.ee\/wp-content\/uploads\/2020\/09\/voromark_valgetaust-1-300x300.jpg"},{"@type":"BreadcrumbList","@id":"https:\/\/wi.ee\/et\/tegemised\/voru-keele-nadal-2021\/#breadcrumb","itemListElement":[{"@type":"ListItem","position":1,"name":"Avaleht","item":"https:\/\/wi.ee\/et\/"},{"@type":"ListItem","position":2,"name":"Tegemised","item":"https:\/\/wi.ee\/et\/tegemised\/"},{"@type":"ListItem","position":3,"name":"V\u00f5ru keele n\u00e4dal 2021"}]},{"@type":"WebSite","@id":"https:\/\/wi.ee\/et\/#website","url":"https:\/\/wi.ee\/et\/","name":"V\u00f5ru Instituut","description":"","publisher":{"@id":"https:\/\/wi.ee\/et\/#organization"},"potentialAction":[{"@type":"SearchAction","target":{"@type":"EntryPoint","urlTemplate":"https:\/\/wi.ee\/et\/?s={search_term_string}"},"query-input":{"@type":"PropertyValueSpecification","valueRequired":true,"valueName":"search_term_string"}}],"inLanguage":"et"},{"@type":"Organization","@id":"https:\/\/wi.ee\/et\/#organization","name":"V\u00f5ru Instituut","url":"https:\/\/wi.ee\/et\/","logo":{"@type":"ImageObject","inLanguage":"et","@id":"https:\/\/wi.ee\/et\/#\/schema\/logo\/image\/","url":"https:\/\/wi.ee\/wp-content\/uploads\/2015\/05\/logo-150507.png","contentUrl":"https:\/\/wi.ee\/wp-content\/uploads\/2015\/05\/logo-150507.png","width":183,"height":123,"caption":"V\u00f5ru Instituut"},"image":{"@id":"https:\/\/wi.ee\/et\/#\/schema\/logo\/image\/"},"sameAs":["https:\/\/www.facebook.com\/VoroInstituut"]}]}},"_links":{"self":[{"href":"https:\/\/wi.ee\/et\/wp-json\/wp\/v2\/pages\/7689","targetHints":{"allow":["GET"]}}],"collection":[{"href":"https:\/\/wi.ee\/et\/wp-json\/wp\/v2\/pages"}],"about":[{"href":"https:\/\/wi.ee\/et\/wp-json\/wp\/v2\/types\/page"}],"author":[{"embeddable":true,"href":"https:\/\/wi.ee\/et\/wp-json\/wp\/v2\/users\/2"}],"replies":[{"embeddable":true,"href":"https:\/\/wi.ee\/et\/wp-json\/wp\/v2\/comments?post=7689"}],"version-history":[{"count":99,"href":"https:\/\/wi.ee\/et\/wp-json\/wp\/v2\/pages\/7689\/revisions"}],"predecessor-version":[{"id":10405,"href":"https:\/\/wi.ee\/et\/wp-json\/wp\/v2\/pages\/7689\/revisions\/10405"}],"up":[{"embeddable":true,"href":"https:\/\/wi.ee\/et\/wp-json\/wp\/v2\/pages\/76"}],"wp:attachment":[{"href":"https:\/\/wi.ee\/et\/wp-json\/wp\/v2\/media?parent=7689"}],"curies":[{"name":"wp","href":"https:\/\/api.w.org\/{rel}","templated":true}]}}