{"id":7478,"date":"2020-07-09T13:00:53","date_gmt":"2020-07-09T11:00:53","guid":{"rendered":"https:\/\/wi.ee\/tegemise-konverents\/"},"modified":"2020-07-09T13:28:06","modified_gmt":"2020-07-09T11:28:06","slug":"tegemise-konverents","status":"publish","type":"page","link":"https:\/\/wi.ee\/et\/tegemise-konverents\/","title":{"rendered":"Konverents"},"content":{"rendered":"<p>V\u00f5ru instituut ja eesti keele instituut korraldavad 22. oktoobril 2020 V\u00f5rus konverentsi<\/p>\n<p><strong>\u201ePerekonnanimede seosed teiste nimedega\u201c<\/strong><\/p>\n<p>Koht: V\u00f5ru instituut, Tartu 48, V\u00f5ru<\/p>\n<p>&nbsp;<\/p>\n<p>Perekonnanimede p\u00e4rinemine teistest nimedest on h\u00e4sti n\u00e4htav nende rahvaste juures, kelle perekonnanimede korpuse m\u00e4rgatavaim osa on v\u00e4lja kasvanud patron\u00fc\u00fcmsest nimes\u00fcsteemist, nagu n\u00e4iteks rootslased v\u00f5i venelased. K\u00f5igi L\u00e4\u00e4nemere regiooni rahvaste perekonnanimistu koosseis on siiski v\u00e4ga mitmekesine. Siin leidub keskajast saadik p\u00e4ritavate nimedega Ida-Soome ja leidub kohti, kus ametlikud perekonnanimed anti-v\u00f5eti alles 20. sajandil. 19. saj alguses eesti ja l\u00e4ti talurahvale uuendusena n\u00f5utavaid perekonnanimesid pannes sai kasutada olemasolevaid talu- ja lisanimesid, kuid tihti tuli administreerival nimeandjal ka uusi nimesid v\u00e4lja m\u00f5elda. Tarbe korral valiti nimesid ka piiblist v\u00f5i maakaardilt.<\/p>\n<p>&nbsp;<\/p>\n<p>Siinsete rahvaste nimistus leidub palju v\u00f5imukeelte vene, saksa ja rootsi m\u00f5ju. Soomet ja Eestit \u00fchendab nimede soomestamisel ja eestistamisel valitud uute nimede suur osakaal perekonnanimistus, Soomet ja L\u00e4tit (erinevalt Eestist) \u00fchendab perekonnanimede j\u00e4rjekindlam \u00fcmberkirjutamine kaasaegse keele kirjaviisi.<\/p>\n<p>&nbsp;<\/p>\n<p>Perekonnanimi ei pruugi olla l\u00f5pp-punktiks nimeahelas. Seda n\u00e4itab h\u00e4sti Eestis tekkinud baltisaksa perekonnanimi Wrangell, mis on aluseks kohanimedele terves maailmas, Eesti Prangli perekonna- ja kohanimedele ning Prangli kooli kaudu ka eesti keele verbile <em>pranglima<\/em> \u2019peastarvutamises v\u00f5istlema\u2019.<\/p>\n<p>&nbsp;<\/p>\n<p>Ootame konverentsile ettekandeid, mis k\u00e4sitlevad perekonnanimede p\u00e4ritolu, eri keelte vahelist t\u00fcpoloogilist v\u00f5rdlust, kuid ka perekonnanimede v\u00f5i nende muganduste j\u00e4rgi nimetatud kohti, tooteid ja n\u00e4htusi, perekonnanimedest p\u00e4rinevaid sl\u00e4ngiv\u00e4ljendeid ja muud perekonnanimedega seonduvat.<\/p>\n<p>&nbsp;<\/p>\n<p><strong>Registreerumine ja muu korralduslik info<\/strong><\/p>\n<p>&nbsp;<\/p>\n<p>Konverentsi t\u00f6\u00f6keeled on eesti, v\u00f5ru, soome ja inglise. Ettekandeid ei t\u00f5lgita. Konverentsil on lubanud osaleda m\u00f5ne aasta p\u00e4rast valmiva Eesti perekonnanimeraamatu autorid.<\/p>\n<p>&nbsp;<\/p>\n<p>Konverentsil osalemiseks saab registreeruda <a href=\"https:\/\/eu.jotform.com\/build\/71443158031347\">siin<\/a>. Registreerumise t\u00e4htaeg on 15. september 2020. Kui soovite esineda 30-minutise ettekandega (20 min esituseks ja 10 min diskussiooniks), lisage kohe registreerudes ka ettekande esialgne pealkiri (seda v\u00f5ib hiljem muuta). Ettekannetega registreerunutelt ootame teese \u00fches konverentsi t\u00f6\u00f6keeles 15. septembriks 2020.<\/p>\n<p>&nbsp;<\/p>\n<p>Osav\u00f5tumaksu ei ole. S\u00f6\u00f6mine ja v\u00f5imalik \u00f6\u00f6bimine V\u00f5rus on osaleja enda korraldada. Kohvipausid on korraldajate kulul.<\/p>\n<p>&nbsp;<\/p>\n<p>Registreerunud osav\u00f5tjal on v\u00f5imalus 22. oktoobril konverentsile tulla tellitud bussiga. Buss v\u00e4ljub kell 8 Tallinnast ja peatub ka Tartus. Et j\u00e4rgmisel p\u00e4eval toimub Eesti perekonnanimeraamatu autorite ja toimetajate t\u00f6\u00f6seminar, siis tasuta buss tagasi Tartusse ja Tallinna v\u00e4ljub 23. oktoobri \u00f5htupoolikul.<\/p>\n<p>&nbsp;<\/p>\n<p>J\u00e4rgmine konverentsi ringkiri koos esialgse kavaga saadetakse registreerunutele oktoobri alguses.<\/p>\n<p>Palume arvestada asjaoluga, et korraldajad v\u00f5ivad konverentsi \u00e4ra j\u00e4tta, kui seda n\u00f5uab Eesti tervishoiualane olukord.<\/p>\n<p>&nbsp;<\/p>\n<p>&nbsp;<\/p>\n<p>K\u00f5igi k\u00fcsimustega palume p\u00f6\u00f6rduda:<\/p>\n<p>V\u00f5ru Instituut, Tartu tn 48, 65609 V\u00f5ru<\/p>\n<p>e-post: wi&#64;w&#105;&#46;&#101;&#101;<\/p>\n<p>tel (+372)782 8750 (Annika Teppo, sekret\u00e4r)<\/p>\n<p>tel (+372)562 13174 (Evar Saar, onomastika teadur)<\/p>\n<p>&nbsp;<\/p>\n<p>&nbsp;<\/p>\n<p>&nbsp;<\/p>\n<p>&nbsp;<\/p>\n","protected":false},"excerpt":{"rendered":"<p>V\u00f5ru instituut ja eesti keele instituut korraldavad 22. oktoobril 2020 V\u00f5rus konverentsi \u201ePerekonnanimede seosed teiste nimedega\u201c Koht: V\u00f5ru instituut, Tartu 48, V\u00f5ru &nbsp; Perekonnanimede p\u00e4rinemine teistest nimedest on h\u00e4sti n\u00e4htav nende rahvaste juures, kelle perekonnanimede korpuse m\u00e4rgatavaim osa on v\u00e4lja kasvanud patron\u00fc\u00fcmsest nimes\u00fcsteemist, nagu n\u00e4iteks rootslased v\u00f5i venelased. K\u00f5igi L\u00e4\u00e4nemere regiooni rahvaste perekonnanimistu koosseis on [&hellip;]<\/p>\n","protected":false},"author":2,"featured_media":0,"parent":0,"menu_order":0,"comment_status":"closed","ping_status":"closed","template":"","meta":{"_acf_changed":false,"footnotes":""},"class_list":["post-7478","page","type-page","status-publish","hentry"],"acf":[],"yoast_head":"<!-- This site is optimized with the Yoast SEO plugin v27.3 - https:\/\/yoast.com\/product\/yoast-seo-wordpress\/ -->\n<title>Konverents - V\u00f5ru Instituut<\/title>\n<meta name=\"robots\" content=\"index, follow, max-snippet:-1, max-image-preview:large, max-video-preview:-1\" \/>\n<link rel=\"canonical\" href=\"https:\/\/wi.ee\/et\/tegemise-konverents\/\" \/>\n<meta property=\"og:locale\" content=\"et_EE\" \/>\n<meta property=\"og:type\" content=\"article\" \/>\n<meta property=\"og:title\" content=\"Konverents - V\u00f5ru Instituut\" \/>\n<meta property=\"og:description\" content=\"V\u00f5ru instituut ja eesti keele instituut korraldavad 22. oktoobril 2020 V\u00f5rus konverentsi \u201ePerekonnanimede seosed teiste nimedega\u201c Koht: V\u00f5ru instituut, Tartu 48, V\u00f5ru &nbsp; Perekonnanimede p\u00e4rinemine teistest nimedest on h\u00e4sti n\u00e4htav nende rahvaste juures, kelle perekonnanimede korpuse m\u00e4rgatavaim osa on v\u00e4lja kasvanud patron\u00fc\u00fcmsest nimes\u00fcsteemist, nagu n\u00e4iteks rootslased v\u00f5i venelased. K\u00f5igi L\u00e4\u00e4nemere regiooni rahvaste perekonnanimistu koosseis on [&hellip;]\" \/>\n<meta property=\"og:url\" content=\"https:\/\/wi.ee\/et\/tegemise-konverents\/\" \/>\n<meta property=\"og:site_name\" content=\"V\u00f5ru Instituut\" \/>\n<meta property=\"article:publisher\" content=\"https:\/\/www.facebook.com\/VoroInstituut\" \/>\n<meta property=\"article:modified_time\" content=\"2020-07-09T11:28:06+00:00\" \/>\n<meta property=\"og:image\" content=\"https:\/\/wi.ee\/wp-content\/uploads\/2015\/05\/logo-150507.png\" \/>\n\t<meta property=\"og:image:width\" content=\"183\" \/>\n\t<meta property=\"og:image:height\" content=\"123\" \/>\n\t<meta property=\"og:image:type\" content=\"image\/png\" \/>\n<meta name=\"twitter:label1\" content=\"Est. reading time\" \/>\n\t<meta name=\"twitter:data1\" content=\"2 minutit\" \/>\n<script type=\"application\/ld+json\" class=\"yoast-schema-graph\">{\"@context\":\"https:\\\/\\\/schema.org\",\"@graph\":[{\"@type\":\"WebPage\",\"@id\":\"https:\\\/\\\/wi.ee\\\/et\\\/tegemise-konverents\\\/\",\"url\":\"https:\\\/\\\/wi.ee\\\/et\\\/tegemise-konverents\\\/\",\"name\":\"Konverents - V\u00f5ru Instituut\",\"isPartOf\":{\"@id\":\"https:\\\/\\\/wi.ee\\\/et\\\/#website\"},\"datePublished\":\"2020-07-09T11:00:53+00:00\",\"dateModified\":\"2020-07-09T11:28:06+00:00\",\"breadcrumb\":{\"@id\":\"https:\\\/\\\/wi.ee\\\/et\\\/tegemise-konverents\\\/#breadcrumb\"},\"inLanguage\":\"et\",\"potentialAction\":[{\"@type\":\"ReadAction\",\"target\":[\"https:\\\/\\\/wi.ee\\\/et\\\/tegemise-konverents\\\/\"]}]},{\"@type\":\"BreadcrumbList\",\"@id\":\"https:\\\/\\\/wi.ee\\\/et\\\/tegemise-konverents\\\/#breadcrumb\",\"itemListElement\":[{\"@type\":\"ListItem\",\"position\":1,\"name\":\"Avaleht\",\"item\":\"https:\\\/\\\/wi.ee\\\/et\\\/\"},{\"@type\":\"ListItem\",\"position\":2,\"name\":\"Konverents\"}]},{\"@type\":\"WebSite\",\"@id\":\"https:\\\/\\\/wi.ee\\\/et\\\/#website\",\"url\":\"https:\\\/\\\/wi.ee\\\/et\\\/\",\"name\":\"V\u00f5ru Instituut\",\"description\":\"\",\"publisher\":{\"@id\":\"https:\\\/\\\/wi.ee\\\/et\\\/#organization\"},\"potentialAction\":[{\"@type\":\"SearchAction\",\"target\":{\"@type\":\"EntryPoint\",\"urlTemplate\":\"https:\\\/\\\/wi.ee\\\/et\\\/?s={search_term_string}\"},\"query-input\":{\"@type\":\"PropertyValueSpecification\",\"valueRequired\":true,\"valueName\":\"search_term_string\"}}],\"inLanguage\":\"et\"},{\"@type\":\"Organization\",\"@id\":\"https:\\\/\\\/wi.ee\\\/et\\\/#organization\",\"name\":\"V\u00f5ru Instituut\",\"url\":\"https:\\\/\\\/wi.ee\\\/et\\\/\",\"logo\":{\"@type\":\"ImageObject\",\"inLanguage\":\"et\",\"@id\":\"https:\\\/\\\/wi.ee\\\/et\\\/#\\\/schema\\\/logo\\\/image\\\/\",\"url\":\"https:\\\/\\\/wi.ee\\\/wp-content\\\/uploads\\\/2015\\\/05\\\/logo-150507.png\",\"contentUrl\":\"https:\\\/\\\/wi.ee\\\/wp-content\\\/uploads\\\/2015\\\/05\\\/logo-150507.png\",\"width\":183,\"height\":123,\"caption\":\"V\u00f5ru Instituut\"},\"image\":{\"@id\":\"https:\\\/\\\/wi.ee\\\/et\\\/#\\\/schema\\\/logo\\\/image\\\/\"},\"sameAs\":[\"https:\\\/\\\/www.facebook.com\\\/VoroInstituut\"]}]}<\/script>\n<!-- \/ Yoast SEO plugin. -->","yoast_head_json":{"title":"Konverents - V\u00f5ru Instituut","robots":{"index":"index","follow":"follow","max-snippet":"max-snippet:-1","max-image-preview":"max-image-preview:large","max-video-preview":"max-video-preview:-1"},"canonical":"https:\/\/wi.ee\/et\/tegemise-konverents\/","og_locale":"et_EE","og_type":"article","og_title":"Konverents - V\u00f5ru Instituut","og_description":"V\u00f5ru instituut ja eesti keele instituut korraldavad 22. oktoobril 2020 V\u00f5rus konverentsi \u201ePerekonnanimede seosed teiste nimedega\u201c Koht: V\u00f5ru instituut, Tartu 48, V\u00f5ru &nbsp; Perekonnanimede p\u00e4rinemine teistest nimedest on h\u00e4sti n\u00e4htav nende rahvaste juures, kelle perekonnanimede korpuse m\u00e4rgatavaim osa on v\u00e4lja kasvanud patron\u00fc\u00fcmsest nimes\u00fcsteemist, nagu n\u00e4iteks rootslased v\u00f5i venelased. K\u00f5igi L\u00e4\u00e4nemere regiooni rahvaste perekonnanimistu koosseis on [&hellip;]","og_url":"https:\/\/wi.ee\/et\/tegemise-konverents\/","og_site_name":"V\u00f5ru Instituut","article_publisher":"https:\/\/www.facebook.com\/VoroInstituut","article_modified_time":"2020-07-09T11:28:06+00:00","og_image":[{"width":183,"height":123,"url":"https:\/\/wi.ee\/wp-content\/uploads\/2015\/05\/logo-150507.png","type":"image\/png"}],"twitter_misc":{"Est. reading time":"2 minutit"},"schema":{"@context":"https:\/\/schema.org","@graph":[{"@type":"WebPage","@id":"https:\/\/wi.ee\/et\/tegemise-konverents\/","url":"https:\/\/wi.ee\/et\/tegemise-konverents\/","name":"Konverents - V\u00f5ru Instituut","isPartOf":{"@id":"https:\/\/wi.ee\/et\/#website"},"datePublished":"2020-07-09T11:00:53+00:00","dateModified":"2020-07-09T11:28:06+00:00","breadcrumb":{"@id":"https:\/\/wi.ee\/et\/tegemise-konverents\/#breadcrumb"},"inLanguage":"et","potentialAction":[{"@type":"ReadAction","target":["https:\/\/wi.ee\/et\/tegemise-konverents\/"]}]},{"@type":"BreadcrumbList","@id":"https:\/\/wi.ee\/et\/tegemise-konverents\/#breadcrumb","itemListElement":[{"@type":"ListItem","position":1,"name":"Avaleht","item":"https:\/\/wi.ee\/et\/"},{"@type":"ListItem","position":2,"name":"Konverents"}]},{"@type":"WebSite","@id":"https:\/\/wi.ee\/et\/#website","url":"https:\/\/wi.ee\/et\/","name":"V\u00f5ru Instituut","description":"","publisher":{"@id":"https:\/\/wi.ee\/et\/#organization"},"potentialAction":[{"@type":"SearchAction","target":{"@type":"EntryPoint","urlTemplate":"https:\/\/wi.ee\/et\/?s={search_term_string}"},"query-input":{"@type":"PropertyValueSpecification","valueRequired":true,"valueName":"search_term_string"}}],"inLanguage":"et"},{"@type":"Organization","@id":"https:\/\/wi.ee\/et\/#organization","name":"V\u00f5ru Instituut","url":"https:\/\/wi.ee\/et\/","logo":{"@type":"ImageObject","inLanguage":"et","@id":"https:\/\/wi.ee\/et\/#\/schema\/logo\/image\/","url":"https:\/\/wi.ee\/wp-content\/uploads\/2015\/05\/logo-150507.png","contentUrl":"https:\/\/wi.ee\/wp-content\/uploads\/2015\/05\/logo-150507.png","width":183,"height":123,"caption":"V\u00f5ru Instituut"},"image":{"@id":"https:\/\/wi.ee\/et\/#\/schema\/logo\/image\/"},"sameAs":["https:\/\/www.facebook.com\/VoroInstituut"]}]}},"_links":{"self":[{"href":"https:\/\/wi.ee\/et\/wp-json\/wp\/v2\/pages\/7478","targetHints":{"allow":["GET"]}}],"collection":[{"href":"https:\/\/wi.ee\/et\/wp-json\/wp\/v2\/pages"}],"about":[{"href":"https:\/\/wi.ee\/et\/wp-json\/wp\/v2\/types\/page"}],"author":[{"embeddable":true,"href":"https:\/\/wi.ee\/et\/wp-json\/wp\/v2\/users\/2"}],"replies":[{"embeddable":true,"href":"https:\/\/wi.ee\/et\/wp-json\/wp\/v2\/comments?post=7478"}],"version-history":[{"count":3,"href":"https:\/\/wi.ee\/et\/wp-json\/wp\/v2\/pages\/7478\/revisions"}],"predecessor-version":[{"id":7481,"href":"https:\/\/wi.ee\/et\/wp-json\/wp\/v2\/pages\/7478\/revisions\/7481"}],"wp:attachment":[{"href":"https:\/\/wi.ee\/et\/wp-json\/wp\/v2\/media?parent=7478"}],"curies":[{"name":"wp","href":"https:\/\/api.w.org\/{rel}","templated":true}]}}