{"id":7376,"date":"2020-05-25T09:56:36","date_gmt":"2020-05-25T07:56:36","guid":{"rendered":"https:\/\/wi.ee\/?page_id=7376"},"modified":"2026-01-12T16:57:18","modified_gmt":"2026-01-12T14:57:18","slug":"praktika-pakkumised","status":"publish","type":"page","link":"https:\/\/wi.ee\/et\/praktika-pakkumised\/","title":{"rendered":"Praktika pakkumised"},"content":{"rendered":"<p><strong>Praktikav\u00f5imalused V\u00f5ru Instituudi teadus- ja arendusosakonnas<\/strong><\/p>\n<p>Pakume tudengitele kirjastamise ja toimetamist\u00f6\u00f6de praktiseerimist, v\u00f5rokeelsete arhiivimaterjalide uurimise t\u00f6\u00f6s osalemist, uurimist\u00f6\u00f6 ja v\u00e4lit\u00f6\u00f6 praktikat, \u00fcrituste korraldamise praktikat. Praktikad on \u00fcldjuhul tasustamata.<\/p>\n<p>Kasuks tuleb v\u00f5ru keele v\u00f5i m\u00f5ne teise l\u00f5unaeesti piirkondliku keele oskus, seos Vana-V\u00f5romaa kultuuriruumiga.<\/p>\n<p>Praktikasoovi korral palume saata oma CV ja l\u00fchike motivatsioonikiri <span style=\"color: #993366;\">&#x77;&#x69;&#x40;&#x77;&#105;&#46;ee<\/span>, Teie k\u00fcsimustele vastab V\u00f5ru Instituudi teadus- ja arendusosakonna juhataja K\u00fclli Eichenbaum tel 5661 1924.<\/p>\n<p>&nbsp;<\/p>\n<p><strong>Praktikav\u00f5imalused V\u00f5ru Instituudi Vana-V\u00f5romaa muuseumites<\/strong><\/p>\n<p>Ootame praktikale hakkajaid ja julgeid noori, kes soovivad \u00f5pitud teadmisi kinnistada ja saada muuseumit\u00f6\u00f6 kogemust. Meie juures saab sooritada:<\/p>\n<ul>\n<li>Muuseumi- ja arhiivipraktika<\/li>\n<li>Muuseumikogu praktika<\/li>\n<li>Arhiivimaterjalide uurimine<\/li>\n<li>N\u00e4itusepraktika<\/li>\n<li>Raamatukogu praktika<\/li>\n<li>Giidipraktika (periood mai \u2013 september)<\/li>\n<\/ul>\n<p>Pakume vajalikku v\u00e4lja\u00f5pet, asjatundlikku juhendamist ja v\u00f5imalust tutvuda muuseumit\u00f6\u00f6ga \u00fcldisemalt. Praktikad on \u00fcldjuhul tasustamata.<\/p>\n<p>Praktikasoovi korral palume saata oma CV ja l\u00fchike motivatsioonikiri <span style=\"color: #993366;\">&#107;&#101;&#x72;&#x73;&#116;&#105;&#x2e;&#x6c;&#105;&#108;&#x6f;&#x73;&#111;&#110;&#x40;&#x77;&#105;&#46;&#x65;&#x65;<\/span>, Teie k\u00fcsimustele vastab V\u00f5ru Instituudi muuseumiosakonna juhataja Kersti Liloson, tel 511 1285.<\/p>\n<p>&nbsp;<\/p>\n<p><strong>\u00a0<\/strong><strong>Vaata t\u00e4psemalt <a href=\"https:\/\/wi.ee\/wp-content\/uploads\/2023\/11\/Praktikavoimalus-muuseumis.pdf\" target=\"_blank\" rel=\"noopener noreferrer\">praktikapakkumisi<\/a><\/strong><\/p>\n<p><strong>\u00a0<\/strong><\/p>\n<p>&nbsp;<\/p>\n<p>&nbsp;<\/p>\n<p>&nbsp;<\/p>\n","protected":false},"excerpt":{"rendered":"<p>Praktikav\u00f5imalused V\u00f5ru Instituudi teadus- ja arendusosakonnas Pakume tudengitele kirjastamise ja toimetamist\u00f6\u00f6de praktiseerimist, v\u00f5rokeelsete arhiivimaterjalide uurimise t\u00f6\u00f6s osalemist, uurimist\u00f6\u00f6 ja v\u00e4lit\u00f6\u00f6 praktikat, \u00fcrituste korraldamise praktikat. Praktikad on \u00fcldjuhul tasustamata. Kasuks tuleb v\u00f5ru keele v\u00f5i m\u00f5ne teise l\u00f5unaeesti piirkondliku keele oskus, seos Vana-V\u00f5romaa kultuuriruumiga. Praktikasoovi korral palume saata oma CV ja l\u00fchike motivatsioonikiri &#119;&#x69;&#64;&#x77;i&#46;&#x65;&#101;, Teie k\u00fcsimustele vastab [&hellip;]<\/p>\n","protected":false},"author":2,"featured_media":0,"parent":0,"menu_order":0,"comment_status":"closed","ping_status":"closed","template":"","meta":{"_acf_changed":false,"footnotes":""},"class_list":["post-7376","page","type-page","status-publish","hentry"],"acf":[],"yoast_head":"<!-- This site is optimized with the Yoast SEO plugin v27.3 - https:\/\/yoast.com\/product\/yoast-seo-wordpress\/ -->\n<title>Praktika pakkumised - V\u00f5ru Instituut<\/title>\n<meta name=\"robots\" content=\"index, follow, max-snippet:-1, max-image-preview:large, max-video-preview:-1\" \/>\n<link rel=\"canonical\" href=\"https:\/\/wi.ee\/et\/praktika-pakkumised\/\" \/>\n<meta property=\"og:locale\" content=\"et_EE\" \/>\n<meta property=\"og:type\" content=\"article\" \/>\n<meta property=\"og:title\" content=\"Praktika pakkumised - V\u00f5ru Instituut\" \/>\n<meta property=\"og:description\" content=\"Praktikav\u00f5imalused V\u00f5ru Instituudi teadus- ja arendusosakonnas Pakume tudengitele kirjastamise ja toimetamist\u00f6\u00f6de praktiseerimist, v\u00f5rokeelsete arhiivimaterjalide uurimise t\u00f6\u00f6s osalemist, uurimist\u00f6\u00f6 ja v\u00e4lit\u00f6\u00f6 praktikat, \u00fcrituste korraldamise praktikat. Praktikad on \u00fcldjuhul tasustamata. Kasuks tuleb v\u00f5ru keele v\u00f5i m\u00f5ne teise l\u00f5unaeesti piirkondliku keele oskus, seos Vana-V\u00f5romaa kultuuriruumiga. Praktikasoovi korral palume saata oma CV ja l\u00fchike motivatsioonikiri &#119;&#x69;&#x40;w&#105;&#x2e;e&#101;, Teie k\u00fcsimustele vastab [&hellip;]\" \/>\n<meta property=\"og:url\" content=\"https:\/\/wi.ee\/et\/praktika-pakkumised\/\" \/>\n<meta property=\"og:site_name\" content=\"V\u00f5ru Instituut\" \/>\n<meta property=\"article:publisher\" content=\"https:\/\/www.facebook.com\/VoroInstituut\" \/>\n<meta property=\"article:modified_time\" content=\"2026-01-12T14:57:18+00:00\" \/>\n<meta property=\"og:image\" content=\"https:\/\/wi.ee\/wp-content\/uploads\/2015\/05\/logo-150507.png\" \/>\n\t<meta property=\"og:image:width\" content=\"183\" \/>\n\t<meta property=\"og:image:height\" content=\"123\" \/>\n\t<meta property=\"og:image:type\" content=\"image\/png\" \/>\n<meta name=\"twitter:label1\" content=\"Est. reading time\" \/>\n\t<meta name=\"twitter:data1\" content=\"1 minut\" \/>\n<script type=\"application\/ld+json\" class=\"yoast-schema-graph\">{\"@context\":\"https:\\\/\\\/schema.org\",\"@graph\":[{\"@type\":\"WebPage\",\"@id\":\"https:\\\/\\\/wi.ee\\\/et\\\/praktika-pakkumised\\\/\",\"url\":\"https:\\\/\\\/wi.ee\\\/et\\\/praktika-pakkumised\\\/\",\"name\":\"Praktika pakkumised - V\u00f5ru Instituut\",\"isPartOf\":{\"@id\":\"https:\\\/\\\/wi.ee\\\/et\\\/#website\"},\"datePublished\":\"2020-05-25T07:56:36+00:00\",\"dateModified\":\"2026-01-12T14:57:18+00:00\",\"breadcrumb\":{\"@id\":\"https:\\\/\\\/wi.ee\\\/et\\\/praktika-pakkumised\\\/#breadcrumb\"},\"inLanguage\":\"et\",\"potentialAction\":[{\"@type\":\"ReadAction\",\"target\":[\"https:\\\/\\\/wi.ee\\\/et\\\/praktika-pakkumised\\\/\"]}]},{\"@type\":\"BreadcrumbList\",\"@id\":\"https:\\\/\\\/wi.ee\\\/et\\\/praktika-pakkumised\\\/#breadcrumb\",\"itemListElement\":[{\"@type\":\"ListItem\",\"position\":1,\"name\":\"Avaleht\",\"item\":\"https:\\\/\\\/wi.ee\\\/et\\\/\"},{\"@type\":\"ListItem\",\"position\":2,\"name\":\"Praktika pakkumised\"}]},{\"@type\":\"WebSite\",\"@id\":\"https:\\\/\\\/wi.ee\\\/et\\\/#website\",\"url\":\"https:\\\/\\\/wi.ee\\\/et\\\/\",\"name\":\"V\u00f5ru Instituut\",\"description\":\"\",\"publisher\":{\"@id\":\"https:\\\/\\\/wi.ee\\\/et\\\/#organization\"},\"potentialAction\":[{\"@type\":\"SearchAction\",\"target\":{\"@type\":\"EntryPoint\",\"urlTemplate\":\"https:\\\/\\\/wi.ee\\\/et\\\/?s={search_term_string}\"},\"query-input\":{\"@type\":\"PropertyValueSpecification\",\"valueRequired\":true,\"valueName\":\"search_term_string\"}}],\"inLanguage\":\"et\"},{\"@type\":\"Organization\",\"@id\":\"https:\\\/\\\/wi.ee\\\/et\\\/#organization\",\"name\":\"V\u00f5ru Instituut\",\"url\":\"https:\\\/\\\/wi.ee\\\/et\\\/\",\"logo\":{\"@type\":\"ImageObject\",\"inLanguage\":\"et\",\"@id\":\"https:\\\/\\\/wi.ee\\\/et\\\/#\\\/schema\\\/logo\\\/image\\\/\",\"url\":\"https:\\\/\\\/wi.ee\\\/wp-content\\\/uploads\\\/2015\\\/05\\\/logo-150507.png\",\"contentUrl\":\"https:\\\/\\\/wi.ee\\\/wp-content\\\/uploads\\\/2015\\\/05\\\/logo-150507.png\",\"width\":183,\"height\":123,\"caption\":\"V\u00f5ru Instituut\"},\"image\":{\"@id\":\"https:\\\/\\\/wi.ee\\\/et\\\/#\\\/schema\\\/logo\\\/image\\\/\"},\"sameAs\":[\"https:\\\/\\\/www.facebook.com\\\/VoroInstituut\"]}]}<\/script>\n<!-- \/ Yoast SEO plugin. -->","yoast_head_json":{"title":"Praktika pakkumised - V\u00f5ru Instituut","robots":{"index":"index","follow":"follow","max-snippet":"max-snippet:-1","max-image-preview":"max-image-preview:large","max-video-preview":"max-video-preview:-1"},"canonical":"https:\/\/wi.ee\/et\/praktika-pakkumised\/","og_locale":"et_EE","og_type":"article","og_title":"Praktika pakkumised - V\u00f5ru Instituut","og_description":"Praktikav\u00f5imalused V\u00f5ru Instituudi teadus- ja arendusosakonnas Pakume tudengitele kirjastamise ja toimetamist\u00f6\u00f6de praktiseerimist, v\u00f5rokeelsete arhiivimaterjalide uurimise t\u00f6\u00f6s osalemist, uurimist\u00f6\u00f6 ja v\u00e4lit\u00f6\u00f6 praktikat, \u00fcrituste korraldamise praktikat. Praktikad on \u00fcldjuhul tasustamata. Kasuks tuleb v\u00f5ru keele v\u00f5i m\u00f5ne teise l\u00f5unaeesti piirkondliku keele oskus, seos Vana-V\u00f5romaa kultuuriruumiga. Praktikasoovi korral palume saata oma CV ja l\u00fchike motivatsioonikiri w&#105;&#64;&#x77;&#x69;&#46;e&#101;, Teie k\u00fcsimustele vastab [&hellip;]","og_url":"https:\/\/wi.ee\/et\/praktika-pakkumised\/","og_site_name":"V\u00f5ru Instituut","article_publisher":"https:\/\/www.facebook.com\/VoroInstituut","article_modified_time":"2026-01-12T14:57:18+00:00","og_image":[{"width":183,"height":123,"url":"https:\/\/wi.ee\/wp-content\/uploads\/2015\/05\/logo-150507.png","type":"image\/png"}],"twitter_misc":{"Est. reading time":"1 minut"},"schema":{"@context":"https:\/\/schema.org","@graph":[{"@type":"WebPage","@id":"https:\/\/wi.ee\/et\/praktika-pakkumised\/","url":"https:\/\/wi.ee\/et\/praktika-pakkumised\/","name":"Praktika pakkumised - V\u00f5ru Instituut","isPartOf":{"@id":"https:\/\/wi.ee\/et\/#website"},"datePublished":"2020-05-25T07:56:36+00:00","dateModified":"2026-01-12T14:57:18+00:00","breadcrumb":{"@id":"https:\/\/wi.ee\/et\/praktika-pakkumised\/#breadcrumb"},"inLanguage":"et","potentialAction":[{"@type":"ReadAction","target":["https:\/\/wi.ee\/et\/praktika-pakkumised\/"]}]},{"@type":"BreadcrumbList","@id":"https:\/\/wi.ee\/et\/praktika-pakkumised\/#breadcrumb","itemListElement":[{"@type":"ListItem","position":1,"name":"Avaleht","item":"https:\/\/wi.ee\/et\/"},{"@type":"ListItem","position":2,"name":"Praktika pakkumised"}]},{"@type":"WebSite","@id":"https:\/\/wi.ee\/et\/#website","url":"https:\/\/wi.ee\/et\/","name":"V\u00f5ru Instituut","description":"","publisher":{"@id":"https:\/\/wi.ee\/et\/#organization"},"potentialAction":[{"@type":"SearchAction","target":{"@type":"EntryPoint","urlTemplate":"https:\/\/wi.ee\/et\/?s={search_term_string}"},"query-input":{"@type":"PropertyValueSpecification","valueRequired":true,"valueName":"search_term_string"}}],"inLanguage":"et"},{"@type":"Organization","@id":"https:\/\/wi.ee\/et\/#organization","name":"V\u00f5ru Instituut","url":"https:\/\/wi.ee\/et\/","logo":{"@type":"ImageObject","inLanguage":"et","@id":"https:\/\/wi.ee\/et\/#\/schema\/logo\/image\/","url":"https:\/\/wi.ee\/wp-content\/uploads\/2015\/05\/logo-150507.png","contentUrl":"https:\/\/wi.ee\/wp-content\/uploads\/2015\/05\/logo-150507.png","width":183,"height":123,"caption":"V\u00f5ru Instituut"},"image":{"@id":"https:\/\/wi.ee\/et\/#\/schema\/logo\/image\/"},"sameAs":["https:\/\/www.facebook.com\/VoroInstituut"]}]}},"_links":{"self":[{"href":"https:\/\/wi.ee\/et\/wp-json\/wp\/v2\/pages\/7376","targetHints":{"allow":["GET"]}}],"collection":[{"href":"https:\/\/wi.ee\/et\/wp-json\/wp\/v2\/pages"}],"about":[{"href":"https:\/\/wi.ee\/et\/wp-json\/wp\/v2\/types\/page"}],"author":[{"embeddable":true,"href":"https:\/\/wi.ee\/et\/wp-json\/wp\/v2\/users\/2"}],"replies":[{"embeddable":true,"href":"https:\/\/wi.ee\/et\/wp-json\/wp\/v2\/comments?post=7376"}],"version-history":[{"count":13,"href":"https:\/\/wi.ee\/et\/wp-json\/wp\/v2\/pages\/7376\/revisions"}],"predecessor-version":[{"id":17189,"href":"https:\/\/wi.ee\/et\/wp-json\/wp\/v2\/pages\/7376\/revisions\/17189"}],"wp:attachment":[{"href":"https:\/\/wi.ee\/et\/wp-json\/wp\/v2\/media?parent=7376"}],"curies":[{"name":"wp","href":"https:\/\/api.w.org\/{rel}","templated":true}]}}