{"id":628,"date":"2015-10-23T08:55:28","date_gmt":"2015-10-23T06:55:28","guid":{"rendered":"https:\/\/wi.ee\/?page_id=628"},"modified":"2023-09-20T09:10:47","modified_gmt":"2023-09-20T06:10:47","slug":"oppematerjalid","status":"publish","type":"page","link":"https:\/\/wi.ee\/et\/tegemised\/kooliope\/oppematerjalid\/","title":{"rendered":"\u00d5ppematerjalid"},"content":{"rendered":"<p>On loomulik, et v\u00f5ru keelt tuleks \u00f5petada nagu emakeelt. Samas on paljude laste jaoks tegemist hoopis vanaemade keelega. V\u00f5i \u00f5petada seda keelt hoopis v\u00f5\u00f5rkeele metoodikale toetudes? Kindlad eeskujud puuduvad ja v\u00f5ru keele \u00f5ppematerjalide koostajad on olnud omamoodi maadeavastajate rollis.<\/p>\n<p><strong>1993. aastal<\/strong> tuli tr\u00fckikojast v\u00e4lja esimene kooliraamat \u2013 v\u00f5rukeelne lugemik, mis tutvustas V\u00f5rumaalt p\u00e4rit kirjanike loomingut ja toetus meie vanale rahvaluule alusp\u00f5hjale.<\/p>\n<p>Mida kasutatakse<strong> aabitsa\u00f5petuses? <\/strong>V\u00f5rukeelse aabitsa&#8221; <em>ABC-kir\u00e4oppus<\/em> &#8221; algk\u00e4sikiri valmis aabitsatoimkonnal 1997.aastal. K\u00e4sikirja olid valmis katsetama V\u00f5ru Kreutzwaldi G\u00fcmnaasiumi, Lepistu, Pikakannu ja V\u00f5ru I p\u00f5hikooli ning Naha algkooli \u00f5petajad. L\u00f5plik k\u00e4sikiri valmis juba \u00f5petajate ettepanekuid arvestades. Aabits on m\u00f5eldud eelk\u00f5ige algklassilastele, kes oskavad juba kirjakeeles h\u00e4sti lugeda, aga ka teistele, kes kohaliku keele ja kultuuri, kommete vastu huvi tunnevad. Raamat koosneb kahest osast: <em>t\u00e4htioppus <\/em>ja <em>lug\u00f5misoppus<\/em>. Aabitsalugude seas on omakeelseid muinasjutte, laste poolt kirjutatud v\u00f5rukeelseid jutte, l\u00fchin\u00e4idendeid ja kahek\u00f5nesid ning rahvap\u00e4raste t\u00e4htp\u00e4evade tutvustusi, m\u00f5ned rahvalaulud ja -m\u00e4ngud ning j\u00f5ukohaseid harjutusi h\u00e4\u00e4ldamise parandamiseks ja s\u00f5navara suurendamiseks.<\/p>\n<p>Aabitsa juurde kuuluvad ka \u201c<em>T\u00fc\u00fcvihk ABC-kir\u00e4oppus\u00f5 manoq<\/em>\u201d ja \u00f5petajatele m\u00f5eldud metoodiline juhend \u201c<em>Tiijuht ABC-kir\u00e4oppus\u00f5 manoq<\/em>\u201d. Lisaks on hulgaliselt huvitavaid lisamaterjale nagu pilts\u00f5nastu keele\u00f5ppeks, lastelaulude kassett \u201cLaulami latsile. Laulami latsiga\u201d ja heameelega kuulavad lapsed v\u00f5ru keele tunnis ka teiste laste kirja pandud lugusid kogumikest \u201cMino V\u00f5romaa\u201d, mida on 2005. aastaks ilmunud juba 18. raamatut.<\/p>\n<p><strong>Laulmistunnis<\/strong> saab kasutada lisaks rahvalaulukassettide kuulamisele ka laulikut \u201c<em>Tsirr-virr l\u00f5ok\u00f5n\u00f5\u201d, <\/em>kust leiab hulgaliselt l\u00f5unaeestikeelseid laulun\u00e4iteid.<\/p>\n<p>P\u00f5hikooli vanemas astmes, kus mitmes koolis \u00f5petatakse ringitunnina <strong>v\u00f5ru keelt ja kirjandust<\/strong>, leiab kirjanduse tutvustamisel ikka kasutust \u201c<em>V\u00f5rokiilne lug\u00f5mik<\/em>\u201d, kust n\u00e4iteks V\u00f5rumaa klassiku Jaan Lattiku noortelood nagu \u201cEdim\u00e4ne armastus\u201d ja \u201cTiijuht\u201d on paljudele lausa p\u00e4he kulunud. Keele \u00f5petamisel edasij\u00f5udnutele on heaks abiliseks t\u00f6\u00f6vihik \u201c<em>Tsiam\u00e4e luuq<\/em>\u201d koos kassetiga. Heameelega vaadatakse keele\u00f5ppes instituudi \u00f5ppefilmi \u201c<em>V\u00f5romaa ja v\u00f5ro kiil<\/em>\u201d ning enne rahvalike t\u00e4htp\u00e4evade tulekut \u201c<em>Aastats\u00f5\u00f5ri<\/em>\u201d \u2013 see on l\u00fchifilm V\u00f5rumaa t\u00e4htp\u00e4evadest, mida tutvustavad v\u00f5ru keele ringi \u00f5pilased erinevatest koolidest.<\/p>\n<p>Kuna 2004. aasta l\u00f5puks sai valmis kauaoodatud \u201c<em>V\u00f5romaa kodolugu<\/em>\u201d, siis 2005\/2006 \u00f5ppeaastast on alustatud ka <strong>koduloo\u00f5petusega<\/strong>. &#8220;V\u00f5romaa kodolugu&#8221; tutvustab \u00fclevaatlikult ajaloolise V\u00f5rumaa loodust ja ajalugu ning k\u00e4sitleb p\u00f5hjalikumalt ajaloolise V\u00f5rumaa kaheksa kihelkonna (Kanepi, Urvast\u00f5, Karula, Hargl\u00f5, R\u00f5ug\u00f5, P\u00f5lva, R\u00e4pin\u00e4 ja Vahts\u00f5liina) looduslikku erip\u00e4ra, t\u00e4htsamaid ajaloos\u00fcndmusi ja kohalikus kultuuriloos olulisi isikuid. Omaette peat\u00fckis tutvustatakse V\u00f5ru linna.<\/p>\n<p>Iga kihelkonna peat\u00fcki alguses on kaart, tutvustatakse rahvar\u00f5ivaid ja piirkonna keelelist erip\u00e4ra. Lisatud on kohalike inimeste p\u00e4rimusi ja m\u00e4lestusi. Abiks \u00f5petajale on veel \u201c<em>Ajaloolise V\u00f5rumaa kirjandusnimistu<\/em>\u201d meie kodulehelt. V\u00f5ru Instituut on koostanud ka ainekavad v\u00f5ru keele \u00f5ppeks kooliastmeti (2.-3.kl \u2013 <strong><a href=\"https:\/\/wi.ee\/img\/picture\/ainekava\/1_vkk_ek.doc\">v\u00f5rukeelne aabitsa\u00f5petus<\/a><\/strong>, 5.-6.kl \u2013 <strong><a href=\"https:\/\/wi.ee\/img\/picture\/ainekava\/2_kodolugu_ek.doc\">v\u00f5rukeelne kodulugu<\/a><\/strong>, 8. v\u00f5i 9. kl &#8211; <strong><a href=\"https:\/\/wi.ee\/img\/picture\/ainekava\/3_vorokjak_ek.doc\">v\u00f5ru keel ja kirjandus <\/a><\/strong>ning <strong><a href=\"https:\/\/wi.ee\/img\/picture\/ainekava\/4_gumn_ek.doc\">l\u00f5unaeesti keel ja kultuurilugu <\/a><\/strong>g\u00fcmnaasiumis.<\/p>\n","protected":false},"excerpt":{"rendered":"<p>On loomulik, et v\u00f5ru keelt tuleks \u00f5petada nagu emakeelt. Samas on paljude laste jaoks tegemist hoopis vanaemade keelega. V\u00f5i \u00f5petada seda keelt hoopis v\u00f5\u00f5rkeele metoodikale toetudes? Kindlad eeskujud puuduvad ja v\u00f5ru keele \u00f5ppematerjalide koostajad on olnud omamoodi maadeavastajate rollis. 1993. aastal tuli tr\u00fckikojast v\u00e4lja esimene kooliraamat \u2013 v\u00f5rukeelne lugemik, mis tutvustas V\u00f5rumaalt p\u00e4rit kirjanike loomingut [&hellip;]<\/p>\n","protected":false},"author":2,"featured_media":0,"parent":272,"menu_order":0,"comment_status":"closed","ping_status":"closed","template":"","meta":{"_acf_changed":false,"footnotes":""},"class_list":["post-628","page","type-page","status-publish","hentry"],"acf":[],"yoast_head":"<!-- This site is optimized with the Yoast SEO plugin v27.4 - https:\/\/yoast.com\/product\/yoast-seo-wordpress\/ -->\n<title>\u00d5ppematerjalid - V\u00f5ru Instituut<\/title>\n<meta name=\"robots\" content=\"index, follow, max-snippet:-1, max-image-preview:large, max-video-preview:-1\" \/>\n<link rel=\"canonical\" href=\"https:\/\/wi.ee\/et\/tegemised\/kooliope\/oppematerjalid\/\" \/>\n<meta property=\"og:locale\" content=\"et_EE\" \/>\n<meta property=\"og:type\" content=\"article\" \/>\n<meta property=\"og:title\" content=\"\u00d5ppematerjalid - V\u00f5ru Instituut\" \/>\n<meta property=\"og:description\" content=\"On loomulik, et v\u00f5ru keelt tuleks \u00f5petada nagu emakeelt. Samas on paljude laste jaoks tegemist hoopis vanaemade keelega. V\u00f5i \u00f5petada seda keelt hoopis v\u00f5\u00f5rkeele metoodikale toetudes? Kindlad eeskujud puuduvad ja v\u00f5ru keele \u00f5ppematerjalide koostajad on olnud omamoodi maadeavastajate rollis. 1993. aastal tuli tr\u00fckikojast v\u00e4lja esimene kooliraamat \u2013 v\u00f5rukeelne lugemik, mis tutvustas V\u00f5rumaalt p\u00e4rit kirjanike loomingut [&hellip;]\" \/>\n<meta property=\"og:url\" content=\"https:\/\/wi.ee\/et\/tegemised\/kooliope\/oppematerjalid\/\" \/>\n<meta property=\"og:site_name\" content=\"V\u00f5ru Instituut\" \/>\n<meta property=\"article:publisher\" content=\"https:\/\/www.facebook.com\/VoroInstituut\" \/>\n<meta property=\"article:modified_time\" content=\"2023-09-20T06:10:47+00:00\" \/>\n<meta property=\"og:image\" content=\"https:\/\/wi.ee\/wp-content\/uploads\/2015\/05\/logo-150507.png\" \/>\n\t<meta property=\"og:image:width\" content=\"183\" \/>\n\t<meta property=\"og:image:height\" content=\"123\" \/>\n\t<meta property=\"og:image:type\" content=\"image\/png\" \/>\n<meta name=\"twitter:label1\" content=\"Est. reading time\" \/>\n\t<meta name=\"twitter:data1\" content=\"3 minutit\" \/>\n<script type=\"application\/ld+json\" class=\"yoast-schema-graph\">{\"@context\":\"https:\\\/\\\/schema.org\",\"@graph\":[{\"@type\":\"WebPage\",\"@id\":\"https:\\\/\\\/wi.ee\\\/et\\\/tegemised\\\/kooliope\\\/oppematerjalid\\\/\",\"url\":\"https:\\\/\\\/wi.ee\\\/et\\\/tegemised\\\/kooliope\\\/oppematerjalid\\\/\",\"name\":\"\u00d5ppematerjalid - V\u00f5ru Instituut\",\"isPartOf\":{\"@id\":\"https:\\\/\\\/wi.ee\\\/et\\\/#website\"},\"datePublished\":\"2015-10-23T06:55:28+00:00\",\"dateModified\":\"2023-09-20T06:10:47+00:00\",\"breadcrumb\":{\"@id\":\"https:\\\/\\\/wi.ee\\\/et\\\/tegemised\\\/kooliope\\\/oppematerjalid\\\/#breadcrumb\"},\"inLanguage\":\"et\",\"potentialAction\":[{\"@type\":\"ReadAction\",\"target\":[\"https:\\\/\\\/wi.ee\\\/et\\\/tegemised\\\/kooliope\\\/oppematerjalid\\\/\"]}]},{\"@type\":\"BreadcrumbList\",\"@id\":\"https:\\\/\\\/wi.ee\\\/et\\\/tegemised\\\/kooliope\\\/oppematerjalid\\\/#breadcrumb\",\"itemListElement\":[{\"@type\":\"ListItem\",\"position\":1,\"name\":\"Avaleht\",\"item\":\"https:\\\/\\\/wi.ee\\\/et\\\/\"},{\"@type\":\"ListItem\",\"position\":2,\"name\":\"Tegemised\",\"item\":\"https:\\\/\\\/wi.ee\\\/et\\\/tegemised\\\/\"},{\"@type\":\"ListItem\",\"position\":3,\"name\":\"Kooli\u00f5pe\",\"item\":\"https:\\\/\\\/wi.ee\\\/et\\\/tegemised\\\/kooliope\\\/\"},{\"@type\":\"ListItem\",\"position\":4,\"name\":\"\u00d5ppematerjalid\"}]},{\"@type\":\"WebSite\",\"@id\":\"https:\\\/\\\/wi.ee\\\/et\\\/#website\",\"url\":\"https:\\\/\\\/wi.ee\\\/et\\\/\",\"name\":\"V\u00f5ru Instituut\",\"description\":\"\",\"publisher\":{\"@id\":\"https:\\\/\\\/wi.ee\\\/et\\\/#organization\"},\"potentialAction\":[{\"@type\":\"SearchAction\",\"target\":{\"@type\":\"EntryPoint\",\"urlTemplate\":\"https:\\\/\\\/wi.ee\\\/et\\\/?s={search_term_string}\"},\"query-input\":{\"@type\":\"PropertyValueSpecification\",\"valueRequired\":true,\"valueName\":\"search_term_string\"}}],\"inLanguage\":\"et\"},{\"@type\":\"Organization\",\"@id\":\"https:\\\/\\\/wi.ee\\\/et\\\/#organization\",\"name\":\"V\u00f5ru Instituut\",\"url\":\"https:\\\/\\\/wi.ee\\\/et\\\/\",\"logo\":{\"@type\":\"ImageObject\",\"inLanguage\":\"et\",\"@id\":\"https:\\\/\\\/wi.ee\\\/et\\\/#\\\/schema\\\/logo\\\/image\\\/\",\"url\":\"https:\\\/\\\/wi.ee\\\/wp-content\\\/uploads\\\/2015\\\/05\\\/logo-150507.png\",\"contentUrl\":\"https:\\\/\\\/wi.ee\\\/wp-content\\\/uploads\\\/2015\\\/05\\\/logo-150507.png\",\"width\":183,\"height\":123,\"caption\":\"V\u00f5ru Instituut\"},\"image\":{\"@id\":\"https:\\\/\\\/wi.ee\\\/et\\\/#\\\/schema\\\/logo\\\/image\\\/\"},\"sameAs\":[\"https:\\\/\\\/www.facebook.com\\\/VoroInstituut\"]}]}<\/script>\n<!-- \/ Yoast SEO plugin. -->","yoast_head_json":{"title":"\u00d5ppematerjalid - V\u00f5ru Instituut","robots":{"index":"index","follow":"follow","max-snippet":"max-snippet:-1","max-image-preview":"max-image-preview:large","max-video-preview":"max-video-preview:-1"},"canonical":"https:\/\/wi.ee\/et\/tegemised\/kooliope\/oppematerjalid\/","og_locale":"et_EE","og_type":"article","og_title":"\u00d5ppematerjalid - V\u00f5ru Instituut","og_description":"On loomulik, et v\u00f5ru keelt tuleks \u00f5petada nagu emakeelt. Samas on paljude laste jaoks tegemist hoopis vanaemade keelega. V\u00f5i \u00f5petada seda keelt hoopis v\u00f5\u00f5rkeele metoodikale toetudes? Kindlad eeskujud puuduvad ja v\u00f5ru keele \u00f5ppematerjalide koostajad on olnud omamoodi maadeavastajate rollis. 1993. aastal tuli tr\u00fckikojast v\u00e4lja esimene kooliraamat \u2013 v\u00f5rukeelne lugemik, mis tutvustas V\u00f5rumaalt p\u00e4rit kirjanike loomingut [&hellip;]","og_url":"https:\/\/wi.ee\/et\/tegemised\/kooliope\/oppematerjalid\/","og_site_name":"V\u00f5ru Instituut","article_publisher":"https:\/\/www.facebook.com\/VoroInstituut","article_modified_time":"2023-09-20T06:10:47+00:00","og_image":[{"width":183,"height":123,"url":"https:\/\/wi.ee\/wp-content\/uploads\/2015\/05\/logo-150507.png","type":"image\/png"}],"twitter_misc":{"Est. reading time":"3 minutit"},"schema":{"@context":"https:\/\/schema.org","@graph":[{"@type":"WebPage","@id":"https:\/\/wi.ee\/et\/tegemised\/kooliope\/oppematerjalid\/","url":"https:\/\/wi.ee\/et\/tegemised\/kooliope\/oppematerjalid\/","name":"\u00d5ppematerjalid - V\u00f5ru Instituut","isPartOf":{"@id":"https:\/\/wi.ee\/et\/#website"},"datePublished":"2015-10-23T06:55:28+00:00","dateModified":"2023-09-20T06:10:47+00:00","breadcrumb":{"@id":"https:\/\/wi.ee\/et\/tegemised\/kooliope\/oppematerjalid\/#breadcrumb"},"inLanguage":"et","potentialAction":[{"@type":"ReadAction","target":["https:\/\/wi.ee\/et\/tegemised\/kooliope\/oppematerjalid\/"]}]},{"@type":"BreadcrumbList","@id":"https:\/\/wi.ee\/et\/tegemised\/kooliope\/oppematerjalid\/#breadcrumb","itemListElement":[{"@type":"ListItem","position":1,"name":"Avaleht","item":"https:\/\/wi.ee\/et\/"},{"@type":"ListItem","position":2,"name":"Tegemised","item":"https:\/\/wi.ee\/et\/tegemised\/"},{"@type":"ListItem","position":3,"name":"Kooli\u00f5pe","item":"https:\/\/wi.ee\/et\/tegemised\/kooliope\/"},{"@type":"ListItem","position":4,"name":"\u00d5ppematerjalid"}]},{"@type":"WebSite","@id":"https:\/\/wi.ee\/et\/#website","url":"https:\/\/wi.ee\/et\/","name":"V\u00f5ru Instituut","description":"","publisher":{"@id":"https:\/\/wi.ee\/et\/#organization"},"potentialAction":[{"@type":"SearchAction","target":{"@type":"EntryPoint","urlTemplate":"https:\/\/wi.ee\/et\/?s={search_term_string}"},"query-input":{"@type":"PropertyValueSpecification","valueRequired":true,"valueName":"search_term_string"}}],"inLanguage":"et"},{"@type":"Organization","@id":"https:\/\/wi.ee\/et\/#organization","name":"V\u00f5ru Instituut","url":"https:\/\/wi.ee\/et\/","logo":{"@type":"ImageObject","inLanguage":"et","@id":"https:\/\/wi.ee\/et\/#\/schema\/logo\/image\/","url":"https:\/\/wi.ee\/wp-content\/uploads\/2015\/05\/logo-150507.png","contentUrl":"https:\/\/wi.ee\/wp-content\/uploads\/2015\/05\/logo-150507.png","width":183,"height":123,"caption":"V\u00f5ru Instituut"},"image":{"@id":"https:\/\/wi.ee\/et\/#\/schema\/logo\/image\/"},"sameAs":["https:\/\/www.facebook.com\/VoroInstituut"]}]}},"_links":{"self":[{"href":"https:\/\/wi.ee\/et\/wp-json\/wp\/v2\/pages\/628","targetHints":{"allow":["GET"]}}],"collection":[{"href":"https:\/\/wi.ee\/et\/wp-json\/wp\/v2\/pages"}],"about":[{"href":"https:\/\/wi.ee\/et\/wp-json\/wp\/v2\/types\/page"}],"author":[{"embeddable":true,"href":"https:\/\/wi.ee\/et\/wp-json\/wp\/v2\/users\/2"}],"replies":[{"embeddable":true,"href":"https:\/\/wi.ee\/et\/wp-json\/wp\/v2\/comments?post=628"}],"version-history":[{"count":2,"href":"https:\/\/wi.ee\/et\/wp-json\/wp\/v2\/pages\/628\/revisions"}],"predecessor-version":[{"id":12651,"href":"https:\/\/wi.ee\/et\/wp-json\/wp\/v2\/pages\/628\/revisions\/12651"}],"up":[{"embeddable":true,"href":"https:\/\/wi.ee\/et\/wp-json\/wp\/v2\/pages\/272"}],"wp:attachment":[{"href":"https:\/\/wi.ee\/et\/wp-json\/wp\/v2\/media?parent=628"}],"curies":[{"name":"wp","href":"https:\/\/api.w.org\/{rel}","templated":true}]}}