{"id":6170,"date":"2019-08-15T09:04:10","date_gmt":"2019-08-15T07:04:10","guid":{"rendered":"https:\/\/wi.ee\/?page_id=6170"},"modified":"2024-03-22T23:02:28","modified_gmt":"2024-03-22T21:02:28","slug":"privaatsustingimused","status":"publish","type":"page","link":"https:\/\/wi.ee\/et\/instituudist\/privaatsustingimused\/","title":{"rendered":"Privaatsus&shy;tingimused"},"content":{"rendered":"<p><em>Kehtiv alates 25.05.2018<\/em><\/p>\n<p>Privaatsustingimused reguleerivad isikuandmete t\u00f6\u00f6tlemist ja k\u00fcpsiste kasutamist V\u00f5ru Instituut veebilehel <a href=\"https:\/\/wi.ee\" target=\"_blank\" rel=\"noopener noreferrer\">wi.ee<\/a> (edaspidi veebileht). Privaatsustingimused on koosk\u00f5las andmekaitse \u00fcldregulatsiooniga (GDPR \u2013 General Data Protection Regulation).<\/p>\n<p>Privaatsustingimuste eesm\u00e4rk on kaitsta klientide privaatsust koosk\u00f5las Eesti Vabariigi seaduste ning Euroopa Liidu \u00f5igusaktidega.<\/p>\n<p><strong>Kasutades V\u00f5ru Instituut veebilehte, n\u00f5ustute k\u00fcpsiste kasutamisega ja isikuandmete t\u00f6\u00f6tlemise tingimustega nagu on kirjeldatud veebilehe privaatsustingimustes.<\/strong><\/p>\n<h3>M\u00f5isted<\/h3>\n<p>Kasutajad on k\u00f5ik isikud, kes k\u00fclastavad veebilehte v\u00f5i edastavad V\u00f5ru Instituutle omalt poolt infot. N\u00e4iteks andmete edastamine uudiskirjaga liitumisel.<\/p>\n<h3>Isikuandmete t\u00f6\u00f6tlemine<\/h3>\n<p>V\u00f5ru Instituut kogub veebilehe kaudu allj\u00e4rgnevaid kasutajate isikuandmeid j\u00e4rgnevalt kirjeldatud viisidel:<\/p>\n<p>kasutaja e-posti aadress \u2013 uudiskirjaga liitumisel;<br \/>\nveebilehe k\u00fclastatavuse statistika \u2013 Google Analyticsi abil.<\/p>\n<h3>Isikuandmete kasutamine<\/h3>\n<p>V\u00f5ru Instituut kasutab isikuandmeid:<\/p>\n<p>kasutajale teenuse osutamiseks;<br \/>\nkasutajale uudiste ja info edastamiseks;<br \/>\nkasutajaga suhtlemiseks;<\/p>\n<p>V\u00f5ru Instituut kasutab veebilehe k\u00fclastatavuse statistikat veebilehe kasutajakogemuse parendamiseks ja efektiivsemaks turundamiseks.<\/p>\n<p>Kasutajal on igal ajal \u00f5igus keelata oma isikuandmete t\u00f6\u00f6tlemine, v\u00e4lja arvatud juhul, kui see on vajalik lepingust tuleneva n\u00f5ude t\u00e4itmiseks, sh teenuse osutamiseks.<\/p>\n<h3>Isikuandmete edastamine kolmandatele isikutele<\/h3>\n<p>Kolmas isik on V\u00f5ru Instituudi koost\u00f6\u00f6partner, kes t\u00f6\u00f6tleb isikuandmeid ja kelle toote v\u00f5i teenuse abil pakub V\u00f5ru Instituut kasutajale teenuseid.<\/p>\n<p>V\u00f5ru Instituut kasutab igap\u00e4evaseks tegevuseks kolmandaid isikuid, kes pakuvad uudiskirjade edastamise ja haldamise s\u00fcsteemi.<\/p>\n<p>V\u00f5ru Instituut edastab vaid isikuandmeid, mis on vajalik kasutajale teenuse osutamiseks.<\/p>\n<h3>Isikuandmete s\u00e4ilitamine ja turvalisus<\/h3>\n<p>V\u00f5ru Instituut s\u00e4ilitab isikuandmeid nii kaua, kuni see on eesm\u00e4rgi t\u00e4itmiseks v\u00f5i seadusest tulenevalt vajalik.<\/p>\n<p>V\u00f5ru Instituut rakendab k\u00f5iki m\u00f5istlikke meetmeid t\u00f6\u00f6deldavate isikuandmete kaitseks. Juurdep\u00e4\u00e4s isikuandmete muutmiseks ja t\u00f6\u00f6tlemiseks on ainult selleks volitatud isikutel ning k\u00f5ikide kasutajate isikuandmeid k\u00e4sitletakse kui konfidentsiaalset informatsiooni.<\/p>\n<h3>Kasutaja \u00f5igused<\/h3>\n<p>Kasutajal on \u00f5igus igal ajal:<\/p>\n<p>avaldada soovi juurdep\u00e4\u00e4suks enda andmetele;<br \/>\nn\u00f5uda isikuandmete parandamist, t\u00e4iendamist v\u00f5i seaduses etten\u00e4htud tingimustel kustutamist;<br \/>\nn\u00f5uda isikuandmete t\u00f6\u00f6tlemise piiramist;<br \/>\nn\u00f5uda isikuandmete \u00fclekandmist.<\/p>\n<p>Oma \u00f5iguste kasutamiseks tuleb kasutajal saata e-posti aadressile &#x77;&#x69;&#x40;&#x77;&#x69;&#x2e;&#x65;&#101; vastavasisuline sooviavaldus.<\/p>\n<p>Kui kasutaja kuulub V\u00f5ru Instituudi meililisti, on tal v\u00f5imalik kustutada end meililisti nimekirjast ja loobuda edasistest kirjadest e-kirja l\u00f5pus oleva lingi kaudu.<\/p>\n<p>K\u00fcpsiste kasutamise piiramiseks saab kasutaja teha vastavad valikud oma veebilehitseja seadete alt.<\/p>\n<p>Kui Kasutaja usub, et tema \u00f5igusi on isikuandmete t\u00f6\u00f6tlemisel rikutud, on tal \u00f5igus p\u00f6\u00f6rduda Andmekaitse Inspektsiooni poole.<\/p>\n<div id=\"kupsised\"><\/div>\n<h3>K\u00fcpsised<\/h3>\n<p>V\u00f5ru Instituut veebilehel kasutatakse k\u00fcpsiseid, eesm\u00e4rgiga tagada parem kasutajakogemus ja efektiivsem turundustegevus ning koguda kasutusstatistikat.<\/p>\n<p>Kasutades V\u00f5ru Instituut veebilehte, n\u00f5ustub kasutaja k\u00fcpsiste kasutamisega k\u00e4esolevas korras kirjeldatud viisil.<\/p>\n<p>K\u00fcpsis on v\u00e4ike tekstifail, mille veebilehitseja automaatselt kasutaja poolt kasutatavasse seadmesse salvestab. K\u00fcpsised v\u00f5ivad olla loodud erinevate teenusepakkujate poolt, n\u00e4iteks Google ja Facebook. K\u00fcpsisefailid ei ole arvuti jaoks ohtlikud.<\/p>\n<p>K\u00fcpsiseid on kahte t\u00fc\u00fcpi:<\/p>\n<p>P\u00fcsivaid k\u00fcpsiseid, mis j\u00e4\u00e4vad kasutaja arvutis olevasse k\u00fcpsiste faili p\u00fcsivalt. Neid v\u00f5idakse kasutada n\u00e4iteks kasutaja kui veebilehe korduvk\u00fclastaja \u00e4ratundmiseks ja veebilehe sisu kohandamiseks vastavalt kasutaja vajadustele v\u00f5i statistiliste andmete kogumiseks.<br \/>\nSeansik\u00fcpsised on ajutised ja kaovad, kui kasutaja veebilehelt lahkub v\u00f5i oma veebilehitseja sulgeb. Seansik\u00fcpsiseid v\u00f5idakse kasutada veebilehe teatud funktsioonide, n\u00e4iteks teenuse v\u00f5i toote taotlemise jms v\u00f5imaldamiseks.<br \/>\nK\u00fcpsiseid kasutatakse teabe kogumiseks selle kohta, kuidas veebilehte kasutatakse, et seda kasutajatele isiklikumaks ja kasutajas\u00f5bralikumaks muuta. Lisaks aitavad k\u00fcpsised koguda kasutajastatistikat, mis v\u00f5imaldab m\u00f5\u00f5ta ja parandada veebilehe toimivust ning annab alusandmed, et viia l\u00e4bi efektiivne turundustegevus.<\/p>\n<p>Kasutaja loetakse k\u00fcpsistega n\u00f5ustunuks, kui tema veebilehitseja seadistustes on k\u00fcpsised lubatud. Tihtipeale veebilehitsejad lubavad vaikimisi k\u00fcpsisefailide s\u00e4ilitamist seadmesse. Kasutaja v\u00f5ib oma seadmes k\u00fcpsiste kasutamise \u00e4ra keelata v\u00f5i need kustutada, muutes oma veebilehitseja vastavaid seadeid. K\u00fcpsiste mittekasutamisel ei pruugi veebileht korrektselt t\u00f6\u00f6tada. Juhiseid veebilehitsejast k\u00fcpsiste kustutamiseks ja seadistamiseks leiab n\u00e4iteks siit: <a href=\"https:\/\/support.google.com\/chrome\/answer\/95647?hl=en\" target=\"_blank\" rel=\"noopener noreferrer\">Chrome<\/a>, <a href=\"https:\/\/support.microsoft.com\/en-us\/help\/278835\/how-to-delete-cookie-files-in-internet-explorer\" target=\"_blank\" rel=\"noopener noreferrer\">Internet Explorer<\/a>.<\/p>\n<p>Kasutusstatistika kogumiseks kasutab V\u00f5ru Instituut Google Analytics teenust, kogudes andmeid k\u00fclastatud alalehtede, k\u00fclastusaja, k\u00fclastuste arvu, kasutatavate seadmete, sisenemiskanalite ja muu statistika kohta.<\/p>\n<p>Google Analytics v\u00f5ib siiski koguda andmeid kasutajate aktiivsuse kohta ka ilma k\u00fcpsisefaile kasutamata. Selleks, et Google Analytics ei saaks andmeid kasutada, saab kasutaja paigaldada oma seadmesse Google Analytics\u2019i blokeeriva rakenduse: <a href=\"https:\/\/tools.google.com\/dlpage\/gaoptout?hl=en\" target=\"_blank\" rel=\"noopener noreferrer\">Google Analyticsist loobumise brauserilaiend<\/a>.<\/p>\n<h3>Privaatsustingimuste muutmine<\/h3>\n<p>V\u00f5ru Instituut j\u00e4tab endale \u00f5iguse muuta privaatsustingimusi \u00fchepoolselt ja ette teatamata, eesm\u00e4rgiga kindlustada nende vastavus seadustele. Privaatsustingimused on oma uusimas versioonis alati veebilehel saadaval.<\/p>\n<p>K\u00f5igi privaatsustingimuste ja andmet\u00f6\u00f6tluse kohta tekkivate k\u00fcsimustega palume v\u00f5tta \u00fchendust aadressil &#x77;i&#x40;&#119;i&#x2e;&#101;&#x65;.<\/p>\n","protected":false},"excerpt":{"rendered":"<p>Kehtiv alates 25.05.2018 Privaatsustingimused reguleerivad isikuandmete t\u00f6\u00f6tlemist ja k\u00fcpsiste kasutamist V\u00f5ru Instituut veebilehel wi.ee (edaspidi veebileht). Privaatsustingimused on koosk\u00f5las andmekaitse \u00fcldregulatsiooniga (GDPR \u2013 General Data Protection Regulation). Privaatsustingimuste eesm\u00e4rk on kaitsta klientide privaatsust koosk\u00f5las Eesti Vabariigi seaduste ning Euroopa Liidu \u00f5igusaktidega. Kasutades V\u00f5ru Instituut veebilehte, n\u00f5ustute k\u00fcpsiste kasutamisega ja isikuandmete t\u00f6\u00f6tlemise tingimustega nagu on kirjeldatud [&hellip;]<\/p>\n","protected":false},"author":1,"featured_media":0,"parent":12008,"menu_order":0,"comment_status":"closed","ping_status":"closed","template":"","meta":{"_acf_changed":false,"footnotes":""},"class_list":["post-6170","page","type-page","status-publish","hentry"],"acf":[],"yoast_head":"<!-- This site is optimized with the Yoast SEO plugin v27.3 - https:\/\/yoast.com\/product\/yoast-seo-wordpress\/ -->\n<title>Privaatsus&shy;tingimused - V\u00f5ru Instituut<\/title>\n<meta name=\"robots\" content=\"index, follow, max-snippet:-1, max-image-preview:large, max-video-preview:-1\" \/>\n<link rel=\"canonical\" href=\"https:\/\/wi.ee\/et\/instituudist\/privaatsustingimused\/\" \/>\n<meta property=\"og:locale\" content=\"et_EE\" \/>\n<meta property=\"og:type\" content=\"article\" \/>\n<meta property=\"og:title\" content=\"Privaatsus&shy;tingimused - V\u00f5ru Instituut\" \/>\n<meta property=\"og:description\" content=\"Kehtiv alates 25.05.2018 Privaatsustingimused reguleerivad isikuandmete t\u00f6\u00f6tlemist ja k\u00fcpsiste kasutamist V\u00f5ru Instituut veebilehel wi.ee (edaspidi veebileht). Privaatsustingimused on koosk\u00f5las andmekaitse \u00fcldregulatsiooniga (GDPR \u2013 General Data Protection Regulation). Privaatsustingimuste eesm\u00e4rk on kaitsta klientide privaatsust koosk\u00f5las Eesti Vabariigi seaduste ning Euroopa Liidu \u00f5igusaktidega. Kasutades V\u00f5ru Instituut veebilehte, n\u00f5ustute k\u00fcpsiste kasutamisega ja isikuandmete t\u00f6\u00f6tlemise tingimustega nagu on kirjeldatud [&hellip;]\" \/>\n<meta property=\"og:url\" content=\"https:\/\/wi.ee\/et\/instituudist\/privaatsustingimused\/\" \/>\n<meta property=\"og:site_name\" content=\"V\u00f5ru Instituut\" \/>\n<meta property=\"article:publisher\" content=\"https:\/\/www.facebook.com\/VoroInstituut\" \/>\n<meta property=\"article:modified_time\" content=\"2024-03-22T21:02:28+00:00\" \/>\n<meta property=\"og:image\" content=\"https:\/\/wi.ee\/wp-content\/uploads\/2015\/05\/logo-150507.png\" \/>\n\t<meta property=\"og:image:width\" content=\"183\" \/>\n\t<meta property=\"og:image:height\" content=\"123\" \/>\n\t<meta property=\"og:image:type\" content=\"image\/png\" \/>\n<meta name=\"twitter:label1\" content=\"Est. reading time\" \/>\n\t<meta name=\"twitter:data1\" content=\"4 minutit\" \/>\n<script type=\"application\/ld+json\" class=\"yoast-schema-graph\">{\"@context\":\"https:\\\/\\\/schema.org\",\"@graph\":[{\"@type\":\"WebPage\",\"@id\":\"https:\\\/\\\/wi.ee\\\/et\\\/instituudist\\\/privaatsustingimused\\\/\",\"url\":\"https:\\\/\\\/wi.ee\\\/et\\\/instituudist\\\/privaatsustingimused\\\/\",\"name\":\"Privaatsus&shy;tingimused - V\u00f5ru Instituut\",\"isPartOf\":{\"@id\":\"https:\\\/\\\/wi.ee\\\/et\\\/#website\"},\"datePublished\":\"2019-08-15T07:04:10+00:00\",\"dateModified\":\"2024-03-22T21:02:28+00:00\",\"breadcrumb\":{\"@id\":\"https:\\\/\\\/wi.ee\\\/et\\\/instituudist\\\/privaatsustingimused\\\/#breadcrumb\"},\"inLanguage\":\"et\",\"potentialAction\":[{\"@type\":\"ReadAction\",\"target\":[\"https:\\\/\\\/wi.ee\\\/et\\\/instituudist\\\/privaatsustingimused\\\/\"]}]},{\"@type\":\"BreadcrumbList\",\"@id\":\"https:\\\/\\\/wi.ee\\\/et\\\/instituudist\\\/privaatsustingimused\\\/#breadcrumb\",\"itemListElement\":[{\"@type\":\"ListItem\",\"position\":1,\"name\":\"Avaleht\",\"item\":\"https:\\\/\\\/wi.ee\\\/et\\\/\"},{\"@type\":\"ListItem\",\"position\":2,\"name\":\"Instituudist\",\"item\":\"https:\\\/\\\/wi.ee\\\/et\\\/instituudist\\\/\"},{\"@type\":\"ListItem\",\"position\":3,\"name\":\"Privaatsus&shy;tingimused\"}]},{\"@type\":\"WebSite\",\"@id\":\"https:\\\/\\\/wi.ee\\\/et\\\/#website\",\"url\":\"https:\\\/\\\/wi.ee\\\/et\\\/\",\"name\":\"V\u00f5ru Instituut\",\"description\":\"\",\"publisher\":{\"@id\":\"https:\\\/\\\/wi.ee\\\/et\\\/#organization\"},\"potentialAction\":[{\"@type\":\"SearchAction\",\"target\":{\"@type\":\"EntryPoint\",\"urlTemplate\":\"https:\\\/\\\/wi.ee\\\/et\\\/?s={search_term_string}\"},\"query-input\":{\"@type\":\"PropertyValueSpecification\",\"valueRequired\":true,\"valueName\":\"search_term_string\"}}],\"inLanguage\":\"et\"},{\"@type\":\"Organization\",\"@id\":\"https:\\\/\\\/wi.ee\\\/et\\\/#organization\",\"name\":\"V\u00f5ru Instituut\",\"url\":\"https:\\\/\\\/wi.ee\\\/et\\\/\",\"logo\":{\"@type\":\"ImageObject\",\"inLanguage\":\"et\",\"@id\":\"https:\\\/\\\/wi.ee\\\/et\\\/#\\\/schema\\\/logo\\\/image\\\/\",\"url\":\"https:\\\/\\\/wi.ee\\\/wp-content\\\/uploads\\\/2015\\\/05\\\/logo-150507.png\",\"contentUrl\":\"https:\\\/\\\/wi.ee\\\/wp-content\\\/uploads\\\/2015\\\/05\\\/logo-150507.png\",\"width\":183,\"height\":123,\"caption\":\"V\u00f5ru Instituut\"},\"image\":{\"@id\":\"https:\\\/\\\/wi.ee\\\/et\\\/#\\\/schema\\\/logo\\\/image\\\/\"},\"sameAs\":[\"https:\\\/\\\/www.facebook.com\\\/VoroInstituut\"]}]}<\/script>\n<!-- \/ Yoast SEO plugin. -->","yoast_head_json":{"title":"Privaatsus&shy;tingimused - V\u00f5ru Instituut","robots":{"index":"index","follow":"follow","max-snippet":"max-snippet:-1","max-image-preview":"max-image-preview:large","max-video-preview":"max-video-preview:-1"},"canonical":"https:\/\/wi.ee\/et\/instituudist\/privaatsustingimused\/","og_locale":"et_EE","og_type":"article","og_title":"Privaatsus&shy;tingimused - V\u00f5ru Instituut","og_description":"Kehtiv alates 25.05.2018 Privaatsustingimused reguleerivad isikuandmete t\u00f6\u00f6tlemist ja k\u00fcpsiste kasutamist V\u00f5ru Instituut veebilehel wi.ee (edaspidi veebileht). Privaatsustingimused on koosk\u00f5las andmekaitse \u00fcldregulatsiooniga (GDPR \u2013 General Data Protection Regulation). Privaatsustingimuste eesm\u00e4rk on kaitsta klientide privaatsust koosk\u00f5las Eesti Vabariigi seaduste ning Euroopa Liidu \u00f5igusaktidega. Kasutades V\u00f5ru Instituut veebilehte, n\u00f5ustute k\u00fcpsiste kasutamisega ja isikuandmete t\u00f6\u00f6tlemise tingimustega nagu on kirjeldatud [&hellip;]","og_url":"https:\/\/wi.ee\/et\/instituudist\/privaatsustingimused\/","og_site_name":"V\u00f5ru Instituut","article_publisher":"https:\/\/www.facebook.com\/VoroInstituut","article_modified_time":"2024-03-22T21:02:28+00:00","og_image":[{"width":183,"height":123,"url":"https:\/\/wi.ee\/wp-content\/uploads\/2015\/05\/logo-150507.png","type":"image\/png"}],"twitter_misc":{"Est. reading time":"4 minutit"},"schema":{"@context":"https:\/\/schema.org","@graph":[{"@type":"WebPage","@id":"https:\/\/wi.ee\/et\/instituudist\/privaatsustingimused\/","url":"https:\/\/wi.ee\/et\/instituudist\/privaatsustingimused\/","name":"Privaatsus&shy;tingimused - V\u00f5ru Instituut","isPartOf":{"@id":"https:\/\/wi.ee\/et\/#website"},"datePublished":"2019-08-15T07:04:10+00:00","dateModified":"2024-03-22T21:02:28+00:00","breadcrumb":{"@id":"https:\/\/wi.ee\/et\/instituudist\/privaatsustingimused\/#breadcrumb"},"inLanguage":"et","potentialAction":[{"@type":"ReadAction","target":["https:\/\/wi.ee\/et\/instituudist\/privaatsustingimused\/"]}]},{"@type":"BreadcrumbList","@id":"https:\/\/wi.ee\/et\/instituudist\/privaatsustingimused\/#breadcrumb","itemListElement":[{"@type":"ListItem","position":1,"name":"Avaleht","item":"https:\/\/wi.ee\/et\/"},{"@type":"ListItem","position":2,"name":"Instituudist","item":"https:\/\/wi.ee\/et\/instituudist\/"},{"@type":"ListItem","position":3,"name":"Privaatsus&shy;tingimused"}]},{"@type":"WebSite","@id":"https:\/\/wi.ee\/et\/#website","url":"https:\/\/wi.ee\/et\/","name":"V\u00f5ru Instituut","description":"","publisher":{"@id":"https:\/\/wi.ee\/et\/#organization"},"potentialAction":[{"@type":"SearchAction","target":{"@type":"EntryPoint","urlTemplate":"https:\/\/wi.ee\/et\/?s={search_term_string}"},"query-input":{"@type":"PropertyValueSpecification","valueRequired":true,"valueName":"search_term_string"}}],"inLanguage":"et"},{"@type":"Organization","@id":"https:\/\/wi.ee\/et\/#organization","name":"V\u00f5ru Instituut","url":"https:\/\/wi.ee\/et\/","logo":{"@type":"ImageObject","inLanguage":"et","@id":"https:\/\/wi.ee\/et\/#\/schema\/logo\/image\/","url":"https:\/\/wi.ee\/wp-content\/uploads\/2015\/05\/logo-150507.png","contentUrl":"https:\/\/wi.ee\/wp-content\/uploads\/2015\/05\/logo-150507.png","width":183,"height":123,"caption":"V\u00f5ru Instituut"},"image":{"@id":"https:\/\/wi.ee\/et\/#\/schema\/logo\/image\/"},"sameAs":["https:\/\/www.facebook.com\/VoroInstituut"]}]}},"_links":{"self":[{"href":"https:\/\/wi.ee\/et\/wp-json\/wp\/v2\/pages\/6170","targetHints":{"allow":["GET"]}}],"collection":[{"href":"https:\/\/wi.ee\/et\/wp-json\/wp\/v2\/pages"}],"about":[{"href":"https:\/\/wi.ee\/et\/wp-json\/wp\/v2\/types\/page"}],"author":[{"embeddable":true,"href":"https:\/\/wi.ee\/et\/wp-json\/wp\/v2\/users\/1"}],"replies":[{"embeddable":true,"href":"https:\/\/wi.ee\/et\/wp-json\/wp\/v2\/comments?post=6170"}],"version-history":[{"count":1,"href":"https:\/\/wi.ee\/et\/wp-json\/wp\/v2\/pages\/6170\/revisions"}],"predecessor-version":[{"id":6171,"href":"https:\/\/wi.ee\/et\/wp-json\/wp\/v2\/pages\/6170\/revisions\/6171"}],"up":[{"embeddable":true,"href":"https:\/\/wi.ee\/et\/wp-json\/wp\/v2\/pages\/12008"}],"wp:attachment":[{"href":"https:\/\/wi.ee\/et\/wp-json\/wp\/v2\/media?parent=6170"}],"curies":[{"name":"wp","href":"https:\/\/api.w.org\/{rel}","templated":true}]}}