{"id":6155,"date":"2019-08-06T13:44:47","date_gmt":"2019-08-06T11:44:47","guid":{"rendered":"https:\/\/wi.ee\/?page_id=6155"},"modified":"2026-03-30T14:53:01","modified_gmt":"2026-03-30T11:53:01","slug":"uudiskiri","status":"publish","type":"page","link":"https:\/\/wi.ee\/et\/uudiskiri\/","title":{"rendered":"Uudiskiri"},"content":{"rendered":"<div class=\"row\">\n<div class=\"col-md-6\">\n<p><a href=\"https:\/\/wi.ee\/wp-content\/uploads\/2019\/09\/uudiskirja-pilt-full.jpg\"><img loading=\"lazy\" decoding=\"async\" class=\"alignleft size-medium wp-image-6336\" src=\"https:\/\/wi.ee\/wp-content\/uploads\/2019\/09\/uudiskirja-pilt-full-300x212.jpg\" alt=\"V\u00f5ru Instituudi uudiskiri\" width=\"300\" height=\"212\" srcset=\"https:\/\/wi.ee\/wp-content\/uploads\/2019\/09\/uudiskirja-pilt-full-300x212.jpg 300w, https:\/\/wi.ee\/wp-content\/uploads\/2019\/09\/uudiskirja-pilt-full-768x543.jpg 768w, https:\/\/wi.ee\/wp-content\/uploads\/2019\/09\/uudiskirja-pilt-full.jpg 1019w\" sizes=\"auto, (max-width: 300px) 100vw, 300px\" \/><\/a>Iga kuu ilmuv Vana-V\u00f5romaa muuseumide uudiskiri hoiab huvilisi kursis v\u00e4rskete n\u00e4ituste, \u00fcrituste ja muu p\u00e4evakohase infoga.<\/p>\n<div class=\"clearfix\"><\/div>\n<h3>Uudiskirjaga liitumine<\/h3>\n\n<div class=\"wpcf7 no-js\" id=\"wpcf7-f6152-o1\" lang=\"et\" dir=\"ltr\" data-wpcf7-id=\"6152\">\n<div class=\"screen-reader-response\"><p role=\"status\" aria-live=\"polite\" aria-atomic=\"true\"><\/p> <ul><\/ul><\/div>\n<form action=\"\/et\/wp-json\/wp\/v2\/pages\/6155#wpcf7-f6152-o1\" method=\"post\" class=\"wpcf7-form init\" aria-label=\"Contact form\" novalidate=\"novalidate\" data-status=\"init\">\n<fieldset class=\"hidden-fields-container\"><input type=\"hidden\" name=\"_wpcf7\" value=\"6152\" \/><input type=\"hidden\" name=\"_wpcf7_version\" value=\"6.1.5\" \/><input type=\"hidden\" name=\"_wpcf7_locale\" value=\"et\" \/><input type=\"hidden\" name=\"_wpcf7_unit_tag\" value=\"wpcf7-f6152-o1\" \/><input type=\"hidden\" name=\"_wpcf7_container_post\" value=\"0\" \/><input type=\"hidden\" name=\"_wpcf7_posted_data_hash\" value=\"\" \/><input type=\"hidden\" name=\"_wpcf7_recaptcha_response\" value=\"\" \/>\n<\/fieldset>\n<p>Soovin saada uudiskirja aadressile:<br \/>\n<span class=\"wpcf7-form-control-wrap\" data-name=\"your-email\"><input size=\"40\" maxlength=\"400\" class=\"wpcf7-form-control wpcf7-email wpcf7-validates-as-required wpcf7-text wpcf7-validates-as-email\" aria-required=\"true\" aria-invalid=\"false\" value=\"\" type=\"email\" name=\"your-email\" \/><\/span><span id=\"wpcf7-69e439a38202c-wrapper\" class=\"wpcf7-form-control-wrap email-wrap\" style=\"display:none !important; visibility:hidden !important;\"><label for=\"wpcf7-69e439a38202c-field\" class=\"hp-message\">Please leave this field empty.<\/label><input id=\"wpcf7-69e439a38202c-field\"  class=\"wpcf7-form-control wpcf7-text\" type=\"text\" name=\"email\" value=\"\" size=\"40\" tabindex=\"-1\" autocomplete=\"new-password\" \/><\/span>\n<\/p>\n<p><span class=\"wpcf7-form-control-wrap\" data-name=\"acceptance-584\"><span class=\"wpcf7-form-control wpcf7-acceptance\"><span class=\"wpcf7-list-item\"><label><input type=\"checkbox\" name=\"acceptance-584\" value=\"1\" aria-invalid=\"false\" \/><span class=\"wpcf7-list-item-label\">N\u00f5ustun <a href=\"\/et\/instituudist\/privaatsustingimused\/\" target=\"_blank\">privaatsustingimustega<\/a>.<\/span><\/label><\/span><\/span><\/span>\n<\/p>\n<p><input type=\"hidden\" name=\"mc4wp-subscribe\" value=\"1\" \/>\n<\/p>\n<p><input class=\"wpcf7-form-control wpcf7-submit has-spinner btn\" type=\"submit\" value=\"Kinnitan tellimuse\" \/>\n<\/p><div class=\"wpcf7-response-output\" aria-hidden=\"true\"><\/div>\n<\/form>\n<\/div>\n\n<\/div>\n<div class=\"col-md-2\"><\/div>\n<div class=\"col-md-4\">\n<h3>Ilmunud uudiskirjad<\/h3>\n<p><a class=\"btn\" href=\"https:\/\/mailchi.mp\/3464ac48cc43\/vana-vromaa-muuseumide-aprillikuu-uudiskiri\">Aprill 2026<\/a><\/p>\n<p><a class=\"btn\" href=\"https:\/\/mailchi.mp\/2f46010ead33\/vana-vromaa-muuseumide-mrtsikuu-uudiskiri\">M\u00e4rts 2026<\/a><\/p>\n<p><a class=\"btn\" href=\"https:\/\/mailchi.mp\/afae222997df\/vana-vromaa-muuseumide-veebruari-uudiskiri\">Veebruar 2026<\/a><\/p>\n<p><a class=\"btn\" href=\"https:\/\/mailchi.mp\/d261edb44f6e\/vama-vromaa-muuseumide-uudiskiri-jaanuar-2026\">Jaanuar 2026<\/a><\/p>\n<p><a class=\"btn\" href=\"https:\/\/mailchi.mp\/781e6fa91d67\/vana-vromaa-muuseumide-detsembri-uudiskiri\">Detsember 2025<\/a><\/p>\n<p><a class=\"btn\" href=\"https:\/\/mailchi.mp\/c49e2546d968\/vana-vromaa-muuseumide-novembrikuu-uudiskiri\">November 2025<\/a><\/p>\n<p><a class=\"btn\" href=\"https:\/\/mailchi.mp\/befa8e9a867a\/vana-vromaa-muuseumide-oktoobrikuu-uudiskiri\">Oktoober 2025<\/a><\/p>\n<p><a class=\"btn\" href=\"https:\/\/mailchi.mp\/24ca4f71343a\/vana-vromaa-muuseumide-septembrikuu-uudiskiri?e=%5bUNIQID%5d\">September 2025<\/a><\/p>\n<p><a class=\"btn\" href=\"https:\/\/mailchi.mp\/74b28a7312ff\/vana-vromaa-muuseumide-augustikuu-uudiskiri\">August 2025<\/a><\/p>\n<p><a class=\"btn\" href=\"https:\/\/mailchi.mp\/a417d4c78586\/vana-vrumaa-muuseumide-juulikuu-uudiskiri\">Juuli 2025<\/a><\/p>\n<p><a class=\"btn\" href=\"https:\/\/mailchi.mp\/42b676db8676\/vana-vromaa-muuseumide-juunikuu-uudiskiri\">Juuni 2025<\/a><\/p>\n<p><a class=\"btn\" href=\"https:\/\/mailchi.mp\/6f7c53d27b38\/vana-vromaa-muuseumide-maikuu-uudiskiri\">Mai 2025<\/a><\/p>\n<p><a class=\"btn\" href=\"https:\/\/mailchi.mp\/1344a48dd004\/vana-vromaa-muuseumide-aprillikuu-uudiskiri\">Aprill 2015<\/a><\/p>\n<p><a class=\"btn\" href=\"https:\/\/mailchi.mp\/c3e30ce55e40\/vana-vromaa-muuseumide-mrtsikuu-uudiskiri?e=[UNIQID]\">M\u00e4rts 2025<\/a><\/p>\n<p><a class=\"btn\" href=\"https:\/\/mailchi.mp\/c02c16ec1e9f\/vana-vrumaa-muuseumide-jaanuari-uudiskiri\">Veebruar 2025<\/a><\/p>\n<p><a class=\"btn\" href=\"https:\/\/mailchi.mp\/f67a790ea268\/vana-vrumaa-muuseumide-jaanuari-2025-uudiskiri\">Jaanuar 2025<\/a><\/p>\n<p><a class=\"btn\" href=\"https:\/\/mailchi.mp\/53decf3c904a\/vana-vrumaa-muuseumide-detsembri-uudiskiri?e=[UNIQID]\">Detsember 2024<\/a><\/p>\n<p><a class=\"btn\" href=\"https:\/\/mailchi.mp\/e865a5c2ea77\/vana-vrumaa-muuseumide-novembrikuu-uudiskiri\">November 2024<\/a><\/p>\n<p><a class=\"btn\" href=\"https:\/\/mailchi.mp\/63e08699bd9e\/vana-vrumaa-muuseumide-oktoobri-uudiskiri\">Oktoober 2024<\/a><\/p>\n<p><a class=\"btn\" href=\"https:\/\/mailchi.mp\/38872376ede6\/vana-vrumaa-muuseumide-septembri-uudiskiri\">September 2024<\/a><\/p>\n<p><a class=\"btn\" href=\"https:\/\/mailchi.mp\/f941c072b66c\/vana-vrumaa-muuseumide-augustikuu-uudiskiri\">August 2024<\/a><\/p>\n<p><a class=\"btn\" href=\"https:\/\/mailchi.mp\/2b4a0d047d0f\/vana-vrumaa-muuseumide-juulikuu-uudiskiri\">Juuli 2024<\/a><\/p>\n<p><a class=\"btn\" href=\"https:\/\/mailchi.mp\/16b3f67414fe\/vana-vrumaa-muuseumide-juunikuu-uudiskiri\">Juuni 2024<\/a><\/p>\n<p><a class=\"btn\" href=\"https:\/\/mailchi.mp\/2ee92c06049b\/vana-vrumaa-muuseumide-mai-uudiskiri\">Mai 2024<\/a><\/p>\n<p><a class=\"btn\" href=\"https:\/\/mailchi.mp\/6611f36acf01\/vana-vrumaa-muuseumide-aprilli-uudiskiri\">Aprill 2024<\/a><\/p>\n<p><a class=\"btn\" href=\"https:\/\/mailchi.mp\/43e0a06ba7ac\/vana-vrumaa-muuseumide-mrtsikuu-uudiskiri\">M\u00e4rts 2024<\/a><\/p>\n<p><a class=\"btn\" href=\"https:\/\/mailchi.mp\/aa49ed92c492\/vana-vrumaa-muuseumide-veebruari-uudiskiri\">Veebruar 2024<\/a><\/p>\n<p><a class=\"btn\" href=\"https:\/\/mailchi.mp\/7f1e32ceded2\/vana-vrumaa-muuseumide-jaanuari-2024-uudiskiri?e=[UNIQID]\">Jaanuar 2024<\/a><\/p>\n<p><a class=\"btn\" href=\"https:\/\/mailchi.mp\/a784e6e77d32\/vana-vrumaa-muuseumide-detsembri-uudiskiri?e=[UNIQID]\">Detsember 2023<\/a><\/p>\n<p><a class=\"btn\" href=\"https:\/\/mailchi.mp\/c7bff3f21d72\/vana-vrumaa-muuseumide-novembri-uudiskiri?e=[UNIQID]\">November 2023<\/a><\/p>\n<p><a class=\"btn\" href=\"https:\/\/mailchi.mp\/ee63d740d1a5\/vana-vrumaa-muuseumide-novembri-uudiskirja-tpsustus?e=[UNIQID]\">Novembri t\u00e4psustus<\/a><\/p>\n<p><a class=\"btn\" href=\"https:\/\/mailchi.mp\/35b20a579f75\/vana-vrumaa-muuseumide-oktoobri-uudiskiri?e=[UNIQID]\">Oktoober 2023<\/a><\/p>\n<p><a class=\"btn\" href=\"https:\/\/mailchi.mp\/71cc092227a9\/vana-vrumaa-muuseumide-septembri-uudiskiri?e=[UNIQID]\">September 2023<\/a><\/p>\n<p><a class=\"btn\" href=\"https:\/\/mailchi.mp\/53f50bdc1f24\/vana-vrumaa-muuseumide-augustikuu-uudiskiri?e=%5bUNIQID\">August 2023<\/a><\/p>\n<p><a class=\"btn\" href=\"https:\/\/mailchi.mp\/7eca9548e047\/vana-vrumaa-muuseumide-juulikuu-uudiskiri?e=[UNIQID]\">Juuli 2023<\/a><\/p>\n<p><a class=\"btn\" href=\"https:\/\/mailchi.mp\/9d9476d87310\/vana-vrumaa-muuseumide-juunikuu-uudiskiri?e=[UNIQID]\">Juuni 2023<\/a><\/p>\n<p><a class=\"btn\" href=\"https:\/\/mailchi.mp\/c8a7ddae1316\/vana-vromaa-muuseumide-uudiskiri-mai-2023?e=b666fb3d46\">MAI 2023<\/a><\/p>\n<p><a class=\"btn\" href=\"https:\/\/mailchi.mp\/48116986b2bc\/vana-vrumaa-muuseumide-aprilli-uudiskiri?e=[UNIQID]\">Aprill 2023<\/a><\/p>\n<p><a class=\"btn\" href=\"https:\/\/mailchi.mp\/70d8c244e786\/vana-vrumaa-muuseumide-mrtsikuu-uudiskiri?e=%5bUNIQID\">M\u00e4rts 2023<\/a><\/p>\n<p><a class=\"btn\">Veebruar 2023<\/a><\/p>\n<p><a class=\"btn\" href=\"https:\/\/mailchi.mp\/0ceacd084a03\/vana-vrumaa-muuseumide-jaanuari-uudiskiri?e=%5bUNIQID\">Jaanuar 2023<\/a><\/p>\n<p><a class=\"btn\" href=\"https:\/\/mailchi.mp\/7aac7612e432\/vana-vromaa-muuseumide-uudiskiri?e=3dc32ba523\">Detsember 2022<\/a><\/p>\n<p><a class=\"btn\" href=\"https:\/\/mailchi.mp\/2432acfc41bb\/vana-vrumaa-muuseumide-novembrikuu-uudiskiri?e=[UNIQID]\">November 2022<\/a><\/p>\n<p><a class=\"btn\" href=\"https:\/\/mailchi.mp\/381f2d63be91\/vana-vromaa-muuseumide-oktoobrikuu-uudiskiri?e=%5bUNIQID\">Oktoober 2022<\/a><\/p>\n<p><a class=\"btn\" href=\"https:\/\/mailchi.mp\/4e0e208ce124\/vana-vromaa-muuseumide-septembrikuu-uudiskiri?e=3dc32ba523\">September 2022<\/a><\/p>\n<p><a class=\"btn\" href=\"\/uudiskiri-2022-august.html\" target=\"_blank\" rel=\"noopener\">August 2022<\/a><\/p>\n<p><a class=\"btn\" href=\"https:\/\/mailchi.mp\/b629fe56cf27\/vana-vromaa-muuseumide-juulikuu-uudiskiri\">Juuli 2022<\/a><\/p>\n<p><a class=\"btn\" href=\"https:\/\/mailchi.mp\/70ec9511ca6c\/vana-vromaa-muuseumide-juuni-uudiskiri?e=%5bUNIQID\">Juuni 2022<\/a><\/p>\n<p><a class=\"btn\" href=\"https:\/\/mailchi.mp\/b6876f481744\/vana-vromaa-muuseumide-uudiskiri-mai?e=[UNIQID&amp;fbclid=IwAR2UXedwbbIOfYCyyPq_3Ie-dQ5iX4sPFkgtX-r320TSN-3v0FVXE8W2hLA\">Mai 2022<\/a><\/p>\n<p><a class=\"btn\" href=\"https:\/\/mailchi.mp\/695102bcb4c2\/vana-vromaa-muuseumide-aprilli-uudiskiri\">Aprill 2022<\/a><\/p>\n<p><a class=\"btn\" href=\"https:\/\/mailchi.mp\/b574b0d0b99a\/vana-vromaa-muuseumide-uudiskiri-mrts-2022\">M\u00e4rts 2022<\/a><\/p>\n<p><a class=\"btn\" href=\"https:\/\/mailchi.mp\/e0a045b90e2a\/vana-vromaa-muuseumide-uudiskiri-veebruar-2022\">Veebruar 2022<\/a><\/p>\n<p><a class=\"btn\" href=\"https:\/\/mailchi.mp\/99d11ab8a1da\/vana-vromaa-muuseumide-uudiskiri-jaanuar-2022\">Jaanuar 2022<\/a><\/p>\n<p><a class=\"btn\" href=\"https:\/\/mailchi.mp\/84a6aed5b2a4\/vana-vromaa-muuseumide-uudiskiri-detsember-2021\">Detsember 2021<\/a><\/p>\n<p><a class=\"btn\" href=\"https:\/\/mailchi.mp\/7c06516420a3\/vana-vrumaa-muuseumide-uudiskiri-november-2021\">November 2021<\/a><\/p>\n<p><a class=\"btn\" href=\"https:\/\/mailchi.mp\/54933ee38507\/vana-vrumaa-muuseumide-uudiskiri-oktoober-2021\">Oktoober 2021<\/a><\/p>\n<p><a class=\"btn\" href=\"https:\/\/mailchi.mp\/cd344ff51d89\/vana-vromaa-muuseumide-uudiskiri-september-2021?e=3dc32ba523\">September 2021<\/a><\/p>\n<p><a class=\"btn\" href=\"https:\/\/mailchi.mp\/b75be39d73b3\/vana-vromaa-muuseumide-uudiskiri-august-2021?fbclid=IwAR3q3Yp6o8LOFcs68k945DPnq3CTy5iGXk9UZrLwAjlqq3l-lC2Ack5DzwI\">August 2021<\/a><\/p>\n<p><a class=\"btn\" href=\"https:\/\/mailchi.mp\/459f69312d6f\/vana-vrumaa-muuseumide-uudiskiri-juuli-2021\">Juuli 2021<\/a><\/p>\n<p><a class=\"btn\" href=\"https:\/\/mailchi.mp\/b9191a5ea6ab\/vana-vromaa-muuseumide-uudiskiri-juuni\">Juuni 2021<\/a><\/p>\n<p><a class=\"btn\" href=\"https:\/\/mailchi.mp\/382cadf1fbf8\/vana-vromaa-muuseumide-uudiskiri-mai-2021\">Mai 2021<\/a><\/p>\n<p><a class=\"btn\" href=\"https:\/\/mailchi.mp\/c543bc66c21a\/vana-vromaa-muuseumide-uudiskiri-aprill-2021\">Aprill 2021<\/a><\/p>\n<p><a class=\"btn\" href=\"https:\/\/mailchi.mp\/0b06cef11bb9\/vana-vromaa-muuseumide-uudiskiri-mrts-2021\">M\u00e4rts 2021<\/a><\/p>\n<p><a class=\"btn\" href=\"https:\/\/mailchi.mp\/2a4b7cd64ae6\/vana-vromaa-muuseumide-uudiskiri-veebruar-2021\">Veebruar 2021<\/a><\/p>\n<p><a class=\"btn\" href=\"https:\/\/mailchi.mp\/34db7fa8dee0\/vana-vromaa-muuseumide-uudiskiri-jaanuar-2021\">Jaanuar 2021<\/a><\/p>\n<p><a class=\"btn\" href=\"https:\/\/mailchi.mp\/a227824b3200\/vana-vromaa-muuseumid-uudiskiri-detsember-2020?e=3dc32ba523\">Detsember 2020<\/a><\/p>\n<p><a class=\"btn\" href=\"https:\/\/mailchi.mp\/5411127a7fd3\/vana-vromaa-muuseumide-uudiskiri-november-2020\">November 2020<\/a><\/p>\n<p><a class=\"btn\" href=\"https:\/\/mailchi.mp\/02ad5371e778\/vana-vromaa-muuseumide-uudiskiri-oktoober-2020\">Oktoober 2020<\/a><\/p>\n<p><a class=\"btn\" href=\"https:\/\/mailchi.mp\/669101ce99fe\/vana-vrumaa-muuseumide-uudiskiri-september-2020\">September 2020<\/a><\/p>\n<p><a class=\"btn\" href=\"https:\/\/mailchi.mp\/4457772e1c64\/vana-vromaa-muuseumide-uudiskiri-august-2020\">August 2020<\/a><\/p>\n<p><a class=\"btn\" href=\"https:\/\/mailchi.mp\/e5681942b810\/vana-vromaa-muuseumide-uudiskiri-juuli-2020?e=6953da6259\">Juuli 2020<\/a><\/p>\n<p><a class=\"btn\" href=\"https:\/\/mailchi.mp\/c55c4cef1cf1\/vana-vromaa-muuseumide-uudiskiri-juuni-2020?e=3dc32ba523\">Juuni 2020<\/a><\/p>\n<p><a class=\"btn\" href=\"https:\/\/mailchi.mp\/960e7d8c0b71\/vana-vromaa-muuseumide-uudiskiri-mai-2020?e=3dc32ba523\">Mai 2020<\/a><\/p>\n<p><a class=\"btn\" href=\"https:\/\/mailchi.mp\/e713eb56fe81\/vana-vromaa-muuseumide-uudiskiri-aprill-2020?e=5be6db57c9\">Aprill 2020<\/a><\/p>\n<p><a class=\"btn\" href=\"https:\/\/mailchi.mp\/e2238e9449e2\/vana-vrumaa-muuseumide-uudiskiri-marts-2020\">M\u00e4rts 2020<\/a><\/p>\n<p><a class=\"btn\" href=\"https:\/\/mailchi.mp\/31f07d878808\/vana-vrumaa-muuseumide-uudiskiri-veebruar-2020\">Veebruar 2020<\/a><\/p>\n<p><a class=\"btn\" href=\"https:\/\/mailchi.mp\/e41b85e99402\/vana-vromaa-muuseumide-uudiskiri-jaanuar-2020\">Jaanuar 2020<\/a><\/p>\n<p><a class=\"btn\" href=\"https:\/\/mailchi.mp\/b909dbe673c1\/vana-vromaa-muuseumide-uudiskiri-detsember\">Detsember 2019<\/a><\/p>\n<p><a class=\"btn\" href=\"https:\/\/mailchi.mp\/56fa9371fa1d\/vana-vromaa-muuseumide-uudiskiri-oktoobernovember\">Oktoober\/november 2019<\/a><\/p>\n<p><a class=\"btn\" href=\"https:\/\/mailchi.mp\/ef206e2109a5\/septembri-uudiskiri\" target=\"_blank\" rel=\"noopener noreferrer\">September 2019<\/a><\/p>\n<p><a class=\"btn\" href=\"https:\/\/mailchi.mp\/ff8a7bdeaab0\/august-2019\" target=\"_blank\" rel=\"noopener noreferrer\">August 2019<\/a><\/p>\n<\/div>\n<\/div>\n","protected":false},"excerpt":{"rendered":"<p>Iga kuu ilmuv Vana-V\u00f5romaa muuseumide uudiskiri hoiab huvilisi kursis v\u00e4rskete n\u00e4ituste, \u00fcrituste ja muu p\u00e4evakohase infoga. Uudiskirjaga liitumine Ilmunud uudiskirjad Aprill 2026 M\u00e4rts 2026 Veebruar 2026 Jaanuar 2026 Detsember 2025 November 2025 Oktoober 2025 September 2025 August 2025 Juuli 2025 Juuni 2025 Mai 2025 Aprill 2015 M\u00e4rts 2025 Veebruar 2025 Jaanuar 2025 Detsember 2024 November [&hellip;]<\/p>\n","protected":false},"author":1,"featured_media":0,"parent":0,"menu_order":0,"comment_status":"closed","ping_status":"closed","template":"","meta":{"_acf_changed":false,"footnotes":""},"class_list":["post-6155","page","type-page","status-publish","hentry"],"acf":[],"yoast_head":"<!-- This site is optimized with the Yoast SEO plugin v27.4 - https:\/\/yoast.com\/product\/yoast-seo-wordpress\/ -->\n<title>Uudiskiri - V\u00f5ru Instituut<\/title>\n<meta name=\"robots\" content=\"index, follow, max-snippet:-1, max-image-preview:large, max-video-preview:-1\" \/>\n<link rel=\"canonical\" href=\"https:\/\/wi.ee\/et\/uudiskiri\/\" \/>\n<meta property=\"og:locale\" content=\"et_EE\" \/>\n<meta property=\"og:type\" content=\"article\" \/>\n<meta property=\"og:title\" content=\"Uudiskiri - V\u00f5ru Instituut\" \/>\n<meta property=\"og:description\" content=\"Iga kuu ilmuv Vana-V\u00f5romaa muuseumide uudiskiri hoiab huvilisi kursis v\u00e4rskete n\u00e4ituste, \u00fcrituste ja muu p\u00e4evakohase infoga. Uudiskirjaga liitumine Ilmunud uudiskirjad Aprill 2026 M\u00e4rts 2026 Veebruar 2026 Jaanuar 2026 Detsember 2025 November 2025 Oktoober 2025 September 2025 August 2025 Juuli 2025 Juuni 2025 Mai 2025 Aprill 2015 M\u00e4rts 2025 Veebruar 2025 Jaanuar 2025 Detsember 2024 November [&hellip;]\" \/>\n<meta property=\"og:url\" content=\"https:\/\/wi.ee\/et\/uudiskiri\/\" \/>\n<meta property=\"og:site_name\" content=\"V\u00f5ru Instituut\" \/>\n<meta property=\"article:publisher\" content=\"https:\/\/www.facebook.com\/VoroInstituut\" \/>\n<meta property=\"article:modified_time\" content=\"2026-03-30T11:53:01+00:00\" \/>\n<meta property=\"og:image\" content=\"https:\/\/wi.ee\/wp-content\/uploads\/2019\/09\/uudiskirja-pilt-full.jpg\" \/>\n\t<meta property=\"og:image:width\" content=\"1019\" \/>\n\t<meta property=\"og:image:height\" content=\"720\" \/>\n\t<meta property=\"og:image:type\" content=\"image\/jpeg\" \/>\n<meta name=\"twitter:label1\" content=\"Est. reading time\" \/>\n\t<meta name=\"twitter:data1\" content=\"2 minutit\" \/>\n<script type=\"application\/ld+json\" class=\"yoast-schema-graph\">{\"@context\":\"https:\\\/\\\/schema.org\",\"@graph\":[{\"@type\":\"WebPage\",\"@id\":\"https:\\\/\\\/wi.ee\\\/et\\\/uudiskiri\\\/\",\"url\":\"https:\\\/\\\/wi.ee\\\/et\\\/uudiskiri\\\/\",\"name\":\"Uudiskiri - V\u00f5ru Instituut\",\"isPartOf\":{\"@id\":\"https:\\\/\\\/wi.ee\\\/et\\\/#website\"},\"primaryImageOfPage\":{\"@id\":\"https:\\\/\\\/wi.ee\\\/et\\\/uudiskiri\\\/#primaryimage\"},\"image\":{\"@id\":\"https:\\\/\\\/wi.ee\\\/et\\\/uudiskiri\\\/#primaryimage\"},\"thumbnailUrl\":\"https:\\\/\\\/wi.ee\\\/wp-content\\\/uploads\\\/2019\\\/09\\\/uudiskirja-pilt-full-300x212.jpg\",\"datePublished\":\"2019-08-06T11:44:47+00:00\",\"dateModified\":\"2026-03-30T11:53:01+00:00\",\"breadcrumb\":{\"@id\":\"https:\\\/\\\/wi.ee\\\/et\\\/uudiskiri\\\/#breadcrumb\"},\"inLanguage\":\"et\",\"potentialAction\":[{\"@type\":\"ReadAction\",\"target\":[\"https:\\\/\\\/wi.ee\\\/et\\\/uudiskiri\\\/\"]}]},{\"@type\":\"ImageObject\",\"inLanguage\":\"et\",\"@id\":\"https:\\\/\\\/wi.ee\\\/et\\\/uudiskiri\\\/#primaryimage\",\"url\":\"https:\\\/\\\/wi.ee\\\/wp-content\\\/uploads\\\/2019\\\/09\\\/uudiskirja-pilt-full-300x212.jpg\",\"contentUrl\":\"https:\\\/\\\/wi.ee\\\/wp-content\\\/uploads\\\/2019\\\/09\\\/uudiskirja-pilt-full-300x212.jpg\"},{\"@type\":\"BreadcrumbList\",\"@id\":\"https:\\\/\\\/wi.ee\\\/et\\\/uudiskiri\\\/#breadcrumb\",\"itemListElement\":[{\"@type\":\"ListItem\",\"position\":1,\"name\":\"Avaleht\",\"item\":\"https:\\\/\\\/wi.ee\\\/et\\\/\"},{\"@type\":\"ListItem\",\"position\":2,\"name\":\"Uudiskiri\"}]},{\"@type\":\"WebSite\",\"@id\":\"https:\\\/\\\/wi.ee\\\/et\\\/#website\",\"url\":\"https:\\\/\\\/wi.ee\\\/et\\\/\",\"name\":\"V\u00f5ru Instituut\",\"description\":\"\",\"publisher\":{\"@id\":\"https:\\\/\\\/wi.ee\\\/et\\\/#organization\"},\"potentialAction\":[{\"@type\":\"SearchAction\",\"target\":{\"@type\":\"EntryPoint\",\"urlTemplate\":\"https:\\\/\\\/wi.ee\\\/et\\\/?s={search_term_string}\"},\"query-input\":{\"@type\":\"PropertyValueSpecification\",\"valueRequired\":true,\"valueName\":\"search_term_string\"}}],\"inLanguage\":\"et\"},{\"@type\":\"Organization\",\"@id\":\"https:\\\/\\\/wi.ee\\\/et\\\/#organization\",\"name\":\"V\u00f5ru Instituut\",\"url\":\"https:\\\/\\\/wi.ee\\\/et\\\/\",\"logo\":{\"@type\":\"ImageObject\",\"inLanguage\":\"et\",\"@id\":\"https:\\\/\\\/wi.ee\\\/et\\\/#\\\/schema\\\/logo\\\/image\\\/\",\"url\":\"https:\\\/\\\/wi.ee\\\/wp-content\\\/uploads\\\/2015\\\/05\\\/logo-150507.png\",\"contentUrl\":\"https:\\\/\\\/wi.ee\\\/wp-content\\\/uploads\\\/2015\\\/05\\\/logo-150507.png\",\"width\":183,\"height\":123,\"caption\":\"V\u00f5ru Instituut\"},\"image\":{\"@id\":\"https:\\\/\\\/wi.ee\\\/et\\\/#\\\/schema\\\/logo\\\/image\\\/\"},\"sameAs\":[\"https:\\\/\\\/www.facebook.com\\\/VoroInstituut\"]}]}<\/script>\n<!-- \/ Yoast SEO plugin. -->","yoast_head_json":{"title":"Uudiskiri - V\u00f5ru Instituut","robots":{"index":"index","follow":"follow","max-snippet":"max-snippet:-1","max-image-preview":"max-image-preview:large","max-video-preview":"max-video-preview:-1"},"canonical":"https:\/\/wi.ee\/et\/uudiskiri\/","og_locale":"et_EE","og_type":"article","og_title":"Uudiskiri - V\u00f5ru Instituut","og_description":"Iga kuu ilmuv Vana-V\u00f5romaa muuseumide uudiskiri hoiab huvilisi kursis v\u00e4rskete n\u00e4ituste, \u00fcrituste ja muu p\u00e4evakohase infoga. Uudiskirjaga liitumine Ilmunud uudiskirjad Aprill 2026 M\u00e4rts 2026 Veebruar 2026 Jaanuar 2026 Detsember 2025 November 2025 Oktoober 2025 September 2025 August 2025 Juuli 2025 Juuni 2025 Mai 2025 Aprill 2015 M\u00e4rts 2025 Veebruar 2025 Jaanuar 2025 Detsember 2024 November [&hellip;]","og_url":"https:\/\/wi.ee\/et\/uudiskiri\/","og_site_name":"V\u00f5ru Instituut","article_publisher":"https:\/\/www.facebook.com\/VoroInstituut","article_modified_time":"2026-03-30T11:53:01+00:00","og_image":[{"width":1019,"height":720,"url":"https:\/\/wi.ee\/wp-content\/uploads\/2019\/09\/uudiskirja-pilt-full.jpg","type":"image\/jpeg"}],"twitter_misc":{"Est. reading time":"2 minutit"},"schema":{"@context":"https:\/\/schema.org","@graph":[{"@type":"WebPage","@id":"https:\/\/wi.ee\/et\/uudiskiri\/","url":"https:\/\/wi.ee\/et\/uudiskiri\/","name":"Uudiskiri - V\u00f5ru Instituut","isPartOf":{"@id":"https:\/\/wi.ee\/et\/#website"},"primaryImageOfPage":{"@id":"https:\/\/wi.ee\/et\/uudiskiri\/#primaryimage"},"image":{"@id":"https:\/\/wi.ee\/et\/uudiskiri\/#primaryimage"},"thumbnailUrl":"https:\/\/wi.ee\/wp-content\/uploads\/2019\/09\/uudiskirja-pilt-full-300x212.jpg","datePublished":"2019-08-06T11:44:47+00:00","dateModified":"2026-03-30T11:53:01+00:00","breadcrumb":{"@id":"https:\/\/wi.ee\/et\/uudiskiri\/#breadcrumb"},"inLanguage":"et","potentialAction":[{"@type":"ReadAction","target":["https:\/\/wi.ee\/et\/uudiskiri\/"]}]},{"@type":"ImageObject","inLanguage":"et","@id":"https:\/\/wi.ee\/et\/uudiskiri\/#primaryimage","url":"https:\/\/wi.ee\/wp-content\/uploads\/2019\/09\/uudiskirja-pilt-full-300x212.jpg","contentUrl":"https:\/\/wi.ee\/wp-content\/uploads\/2019\/09\/uudiskirja-pilt-full-300x212.jpg"},{"@type":"BreadcrumbList","@id":"https:\/\/wi.ee\/et\/uudiskiri\/#breadcrumb","itemListElement":[{"@type":"ListItem","position":1,"name":"Avaleht","item":"https:\/\/wi.ee\/et\/"},{"@type":"ListItem","position":2,"name":"Uudiskiri"}]},{"@type":"WebSite","@id":"https:\/\/wi.ee\/et\/#website","url":"https:\/\/wi.ee\/et\/","name":"V\u00f5ru Instituut","description":"","publisher":{"@id":"https:\/\/wi.ee\/et\/#organization"},"potentialAction":[{"@type":"SearchAction","target":{"@type":"EntryPoint","urlTemplate":"https:\/\/wi.ee\/et\/?s={search_term_string}"},"query-input":{"@type":"PropertyValueSpecification","valueRequired":true,"valueName":"search_term_string"}}],"inLanguage":"et"},{"@type":"Organization","@id":"https:\/\/wi.ee\/et\/#organization","name":"V\u00f5ru Instituut","url":"https:\/\/wi.ee\/et\/","logo":{"@type":"ImageObject","inLanguage":"et","@id":"https:\/\/wi.ee\/et\/#\/schema\/logo\/image\/","url":"https:\/\/wi.ee\/wp-content\/uploads\/2015\/05\/logo-150507.png","contentUrl":"https:\/\/wi.ee\/wp-content\/uploads\/2015\/05\/logo-150507.png","width":183,"height":123,"caption":"V\u00f5ru Instituut"},"image":{"@id":"https:\/\/wi.ee\/et\/#\/schema\/logo\/image\/"},"sameAs":["https:\/\/www.facebook.com\/VoroInstituut"]}]}},"_links":{"self":[{"href":"https:\/\/wi.ee\/et\/wp-json\/wp\/v2\/pages\/6155","targetHints":{"allow":["GET"]}}],"collection":[{"href":"https:\/\/wi.ee\/et\/wp-json\/wp\/v2\/pages"}],"about":[{"href":"https:\/\/wi.ee\/et\/wp-json\/wp\/v2\/types\/page"}],"author":[{"embeddable":true,"href":"https:\/\/wi.ee\/et\/wp-json\/wp\/v2\/users\/1"}],"replies":[{"embeddable":true,"href":"https:\/\/wi.ee\/et\/wp-json\/wp\/v2\/comments?post=6155"}],"version-history":[{"count":177,"href":"https:\/\/wi.ee\/et\/wp-json\/wp\/v2\/pages\/6155\/revisions"}],"predecessor-version":[{"id":17327,"href":"https:\/\/wi.ee\/et\/wp-json\/wp\/v2\/pages\/6155\/revisions\/17327"}],"wp:attachment":[{"href":"https:\/\/wi.ee\/et\/wp-json\/wp\/v2\/media?parent=6155"}],"curies":[{"name":"wp","href":"https:\/\/api.w.org\/{rel}","templated":true}]}}