{"id":6026,"date":"2019-05-10T13:30:13","date_gmt":"2019-05-10T11:30:13","guid":{"rendered":"https:\/\/wi.ee\/?page_id=6026"},"modified":"2024-05-17T10:52:17","modified_gmt":"2024-05-17T07:52:17","slug":"mino-voromaa-2","status":"publish","type":"page","link":"https:\/\/wi.ee\/et\/mino-voromaa-2\/","title":{"rendered":"Mino V\u00f5romaa"},"content":{"rendered":"<p><a href=\"https:\/\/wi.ee\/wp-content\/uploads\/2018\/05\/31.-Mino-V\u00f5romaa-par\u00f5mba-t\u00fc\u00fc.pdf\">Mino V\u00f5romaa 31<\/a><\/p>\n<p><a href=\"https:\/\/wi.ee\/wp-content\/uploads\/2019\/05\/Mino-Vo\u0303romaa-32.pdf\">Mino V\u00f5romaa 32<\/a><\/p>\n<p><a href=\"https:\/\/wi.ee\/wp-content\/uploads\/2020\/05\/MV-33_par\u00f5mba-jutu_MF.pdf\">Mino V\u00f5romaa 33<\/a><\/p>\n<p><a href=\"https:\/\/wi.ee\/wp-content\/uploads\/2021\/05\/Paromba-kiratuu_VI_kodolehele.pdf\">Mino V\u00f5romaa 34<\/a><\/p>\n<p><a href=\"https:\/\/wi.ee\/et\/mino-voromaa-35\/\">Mino V\u00f5romaa 35<\/a><\/p>\n<p><a href=\"https:\/\/wi.ee\/mino-voromaa-36\/\">Mino V\u00f5romaa 36<\/a><\/p>\n<p><a href=\"https:\/\/wi.ee\/wp-content\/uploads\/2024\/05\/MV-37_paromba-tyy.pdf\">Mino V\u00f5romaa 37<\/a><\/p>\n","protected":false},"excerpt":{"rendered":"<p>Mino V\u00f5romaa 31 Mino V\u00f5romaa 32 Mino V\u00f5romaa 33 Mino V\u00f5romaa 34 Mino V\u00f5romaa 35 Mino V\u00f5romaa 36 Mino V\u00f5romaa 37<\/p>\n","protected":false},"author":2,"featured_media":0,"parent":0,"menu_order":0,"comment_status":"closed","ping_status":"closed","template":"","meta":{"_acf_changed":false,"footnotes":""},"class_list":["post-6026","page","type-page","status-publish","hentry"],"acf":[],"yoast_head":"<!-- This site is optimized with the Yoast SEO plugin v27.3 - https:\/\/yoast.com\/product\/yoast-seo-wordpress\/ -->\n<title>Mino V\u00f5romaa - V\u00f5ru Instituut<\/title>\n<meta name=\"robots\" content=\"index, follow, max-snippet:-1, max-image-preview:large, max-video-preview:-1\" \/>\n<link rel=\"canonical\" href=\"https:\/\/wi.ee\/et\/mino-voromaa-2\/\" \/>\n<meta property=\"og:locale\" content=\"et_EE\" \/>\n<meta property=\"og:type\" content=\"article\" \/>\n<meta property=\"og:title\" content=\"Mino V\u00f5romaa - V\u00f5ru Instituut\" \/>\n<meta property=\"og:description\" content=\"Mino V\u00f5romaa 31 Mino V\u00f5romaa 32 Mino V\u00f5romaa 33 Mino V\u00f5romaa 34 Mino V\u00f5romaa 35 Mino V\u00f5romaa 36 Mino V\u00f5romaa 37\" \/>\n<meta property=\"og:url\" content=\"https:\/\/wi.ee\/et\/mino-voromaa-2\/\" \/>\n<meta property=\"og:site_name\" content=\"V\u00f5ru Instituut\" \/>\n<meta property=\"article:publisher\" content=\"https:\/\/www.facebook.com\/VoroInstituut\" \/>\n<meta property=\"article:modified_time\" content=\"2024-05-17T07:52:17+00:00\" \/>\n<meta property=\"og:image\" content=\"https:\/\/wi.ee\/wp-content\/uploads\/2015\/05\/logo-150507.png\" \/>\n\t<meta property=\"og:image:width\" content=\"183\" \/>\n\t<meta property=\"og:image:height\" content=\"123\" \/>\n\t<meta property=\"og:image:type\" content=\"image\/png\" \/>\n<meta name=\"twitter:label1\" content=\"Est. reading time\" \/>\n\t<meta name=\"twitter:data1\" content=\"1 minut\" \/>\n<script type=\"application\/ld+json\" class=\"yoast-schema-graph\">{\"@context\":\"https:\\\/\\\/schema.org\",\"@graph\":[{\"@type\":\"WebPage\",\"@id\":\"https:\\\/\\\/wi.ee\\\/et\\\/mino-voromaa-2\\\/\",\"url\":\"https:\\\/\\\/wi.ee\\\/et\\\/mino-voromaa-2\\\/\",\"name\":\"Mino V\u00f5romaa - V\u00f5ru Instituut\",\"isPartOf\":{\"@id\":\"https:\\\/\\\/wi.ee\\\/et\\\/#website\"},\"datePublished\":\"2019-05-10T11:30:13+00:00\",\"dateModified\":\"2024-05-17T07:52:17+00:00\",\"breadcrumb\":{\"@id\":\"https:\\\/\\\/wi.ee\\\/et\\\/mino-voromaa-2\\\/#breadcrumb\"},\"inLanguage\":\"et\",\"potentialAction\":[{\"@type\":\"ReadAction\",\"target\":[\"https:\\\/\\\/wi.ee\\\/et\\\/mino-voromaa-2\\\/\"]}]},{\"@type\":\"BreadcrumbList\",\"@id\":\"https:\\\/\\\/wi.ee\\\/et\\\/mino-voromaa-2\\\/#breadcrumb\",\"itemListElement\":[{\"@type\":\"ListItem\",\"position\":1,\"name\":\"Avaleht\",\"item\":\"https:\\\/\\\/wi.ee\\\/et\\\/\"},{\"@type\":\"ListItem\",\"position\":2,\"name\":\"Mino V\u00f5romaa\"}]},{\"@type\":\"WebSite\",\"@id\":\"https:\\\/\\\/wi.ee\\\/et\\\/#website\",\"url\":\"https:\\\/\\\/wi.ee\\\/et\\\/\",\"name\":\"V\u00f5ru Instituut\",\"description\":\"\",\"publisher\":{\"@id\":\"https:\\\/\\\/wi.ee\\\/et\\\/#organization\"},\"potentialAction\":[{\"@type\":\"SearchAction\",\"target\":{\"@type\":\"EntryPoint\",\"urlTemplate\":\"https:\\\/\\\/wi.ee\\\/et\\\/?s={search_term_string}\"},\"query-input\":{\"@type\":\"PropertyValueSpecification\",\"valueRequired\":true,\"valueName\":\"search_term_string\"}}],\"inLanguage\":\"et\"},{\"@type\":\"Organization\",\"@id\":\"https:\\\/\\\/wi.ee\\\/et\\\/#organization\",\"name\":\"V\u00f5ru Instituut\",\"url\":\"https:\\\/\\\/wi.ee\\\/et\\\/\",\"logo\":{\"@type\":\"ImageObject\",\"inLanguage\":\"et\",\"@id\":\"https:\\\/\\\/wi.ee\\\/et\\\/#\\\/schema\\\/logo\\\/image\\\/\",\"url\":\"https:\\\/\\\/wi.ee\\\/wp-content\\\/uploads\\\/2015\\\/05\\\/logo-150507.png\",\"contentUrl\":\"https:\\\/\\\/wi.ee\\\/wp-content\\\/uploads\\\/2015\\\/05\\\/logo-150507.png\",\"width\":183,\"height\":123,\"caption\":\"V\u00f5ru Instituut\"},\"image\":{\"@id\":\"https:\\\/\\\/wi.ee\\\/et\\\/#\\\/schema\\\/logo\\\/image\\\/\"},\"sameAs\":[\"https:\\\/\\\/www.facebook.com\\\/VoroInstituut\"]}]}<\/script>\n<!-- \/ Yoast SEO plugin. -->","yoast_head_json":{"title":"Mino V\u00f5romaa - V\u00f5ru Instituut","robots":{"index":"index","follow":"follow","max-snippet":"max-snippet:-1","max-image-preview":"max-image-preview:large","max-video-preview":"max-video-preview:-1"},"canonical":"https:\/\/wi.ee\/et\/mino-voromaa-2\/","og_locale":"et_EE","og_type":"article","og_title":"Mino V\u00f5romaa - V\u00f5ru Instituut","og_description":"Mino V\u00f5romaa 31 Mino V\u00f5romaa 32 Mino V\u00f5romaa 33 Mino V\u00f5romaa 34 Mino V\u00f5romaa 35 Mino V\u00f5romaa 36 Mino V\u00f5romaa 37","og_url":"https:\/\/wi.ee\/et\/mino-voromaa-2\/","og_site_name":"V\u00f5ru Instituut","article_publisher":"https:\/\/www.facebook.com\/VoroInstituut","article_modified_time":"2024-05-17T07:52:17+00:00","og_image":[{"width":183,"height":123,"url":"https:\/\/wi.ee\/wp-content\/uploads\/2015\/05\/logo-150507.png","type":"image\/png"}],"twitter_misc":{"Est. reading time":"1 minut"},"schema":{"@context":"https:\/\/schema.org","@graph":[{"@type":"WebPage","@id":"https:\/\/wi.ee\/et\/mino-voromaa-2\/","url":"https:\/\/wi.ee\/et\/mino-voromaa-2\/","name":"Mino V\u00f5romaa - V\u00f5ru Instituut","isPartOf":{"@id":"https:\/\/wi.ee\/et\/#website"},"datePublished":"2019-05-10T11:30:13+00:00","dateModified":"2024-05-17T07:52:17+00:00","breadcrumb":{"@id":"https:\/\/wi.ee\/et\/mino-voromaa-2\/#breadcrumb"},"inLanguage":"et","potentialAction":[{"@type":"ReadAction","target":["https:\/\/wi.ee\/et\/mino-voromaa-2\/"]}]},{"@type":"BreadcrumbList","@id":"https:\/\/wi.ee\/et\/mino-voromaa-2\/#breadcrumb","itemListElement":[{"@type":"ListItem","position":1,"name":"Avaleht","item":"https:\/\/wi.ee\/et\/"},{"@type":"ListItem","position":2,"name":"Mino V\u00f5romaa"}]},{"@type":"WebSite","@id":"https:\/\/wi.ee\/et\/#website","url":"https:\/\/wi.ee\/et\/","name":"V\u00f5ru Instituut","description":"","publisher":{"@id":"https:\/\/wi.ee\/et\/#organization"},"potentialAction":[{"@type":"SearchAction","target":{"@type":"EntryPoint","urlTemplate":"https:\/\/wi.ee\/et\/?s={search_term_string}"},"query-input":{"@type":"PropertyValueSpecification","valueRequired":true,"valueName":"search_term_string"}}],"inLanguage":"et"},{"@type":"Organization","@id":"https:\/\/wi.ee\/et\/#organization","name":"V\u00f5ru Instituut","url":"https:\/\/wi.ee\/et\/","logo":{"@type":"ImageObject","inLanguage":"et","@id":"https:\/\/wi.ee\/et\/#\/schema\/logo\/image\/","url":"https:\/\/wi.ee\/wp-content\/uploads\/2015\/05\/logo-150507.png","contentUrl":"https:\/\/wi.ee\/wp-content\/uploads\/2015\/05\/logo-150507.png","width":183,"height":123,"caption":"V\u00f5ru Instituut"},"image":{"@id":"https:\/\/wi.ee\/et\/#\/schema\/logo\/image\/"},"sameAs":["https:\/\/www.facebook.com\/VoroInstituut"]}]}},"_links":{"self":[{"href":"https:\/\/wi.ee\/et\/wp-json\/wp\/v2\/pages\/6026","targetHints":{"allow":["GET"]}}],"collection":[{"href":"https:\/\/wi.ee\/et\/wp-json\/wp\/v2\/pages"}],"about":[{"href":"https:\/\/wi.ee\/et\/wp-json\/wp\/v2\/types\/page"}],"author":[{"embeddable":true,"href":"https:\/\/wi.ee\/et\/wp-json\/wp\/v2\/users\/2"}],"replies":[{"embeddable":true,"href":"https:\/\/wi.ee\/et\/wp-json\/wp\/v2\/comments?post=6026"}],"version-history":[{"count":11,"href":"https:\/\/wi.ee\/et\/wp-json\/wp\/v2\/pages\/6026\/revisions"}],"predecessor-version":[{"id":13330,"href":"https:\/\/wi.ee\/et\/wp-json\/wp\/v2\/pages\/6026\/revisions\/13330"}],"wp:attachment":[{"href":"https:\/\/wi.ee\/et\/wp-json\/wp\/v2\/media?parent=6026"}],"curies":[{"name":"wp","href":"https:\/\/api.w.org\/{rel}","templated":true}]}}