{"id":5896,"date":"2019-04-15T07:42:10","date_gmt":"2019-04-15T05:42:10","guid":{"rendered":"https:\/\/wi.ee\/?page_id=5896"},"modified":"2019-04-16T13:34:45","modified_gmt":"2019-04-16T11:34:45","slug":"vana-voromaa-kultuurikoda","status":"publish","type":"page","link":"https:\/\/wi.ee\/et\/muuseumid\/vana-voromaa-kultuurikoda\/","title":{"rendered":"Vana-V\u00f5romaa kultuurikoda"},"content":{"rendered":"<p>Vana-V\u00f5romaa ajalooga tutvumiseks on parim paik \u2013 muuseumisaalis on ajas tagasivaatav p\u00fcsiv\u00e4ljapanek ning kunstigaleriis vahetuvad n\u00e4itused.<\/p>\n<h3><strong><a href=\"https:\/\/vorumuuseum.ee\" target=\"_blank\" rel=\"noopener noreferrer\">vorumuuseum.ee<\/a><\/strong><\/h3>\n<p>+372 782 4479<br \/>\nKatariina 11, V\u00f5ru linn<\/p>\n<p>GPS: 57\u00b050\u201946\u201d N, 26\u00b059\u201932\u201d L<\/p>\n","protected":false},"excerpt":{"rendered":"<p>Vana-V\u00f5romaa ajalooga tutvumiseks on parim paik \u2013 muuseumisaalis on ajas tagasivaatav p\u00fcsiv\u00e4ljapanek ning kunstigaleriis vahetuvad n\u00e4itused. vorumuuseum.ee +372 782 4479 Katariina 11, V\u00f5ru linn GPS: 57\u00b050\u201946\u201d N, 26\u00b059\u201932\u201d L<\/p>\n","protected":false},"author":1,"featured_media":0,"parent":149,"menu_order":4,"comment_status":"closed","ping_status":"open","template":"","meta":{"_acf_changed":false,"footnotes":""},"class_list":["post-5896","page","type-page","status-publish","hentry"],"acf":[],"yoast_head":"<!-- This site is optimized with the Yoast SEO plugin v27.3 - https:\/\/yoast.com\/product\/yoast-seo-wordpress\/ -->\n<title>Vana-V\u00f5romaa kultuurikoda - V\u00f5ru Instituut<\/title>\n<meta name=\"robots\" content=\"index, follow, max-snippet:-1, max-image-preview:large, max-video-preview:-1\" \/>\n<link rel=\"canonical\" href=\"https:\/\/wi.ee\/et\/muuseumid\/vana-voromaa-kultuurikoda\/\" \/>\n<meta property=\"og:locale\" content=\"et_EE\" \/>\n<meta property=\"og:type\" content=\"article\" \/>\n<meta property=\"og:title\" content=\"Vana-V\u00f5romaa kultuurikoda - V\u00f5ru Instituut\" \/>\n<meta property=\"og:description\" content=\"Vana-V\u00f5romaa ajalooga tutvumiseks on parim paik \u2013 muuseumisaalis on ajas tagasivaatav p\u00fcsiv\u00e4ljapanek ning kunstigaleriis vahetuvad n\u00e4itused. vorumuuseum.ee +372 782 4479 Katariina 11, V\u00f5ru linn GPS: 57\u00b050\u201946\u201d N, 26\u00b059\u201932\u201d L\" \/>\n<meta property=\"og:url\" content=\"https:\/\/wi.ee\/et\/muuseumid\/vana-voromaa-kultuurikoda\/\" \/>\n<meta property=\"og:site_name\" content=\"V\u00f5ru Instituut\" \/>\n<meta property=\"article:publisher\" content=\"https:\/\/www.facebook.com\/VoroInstituut\" \/>\n<meta property=\"article:modified_time\" content=\"2019-04-16T11:34:45+00:00\" \/>\n<meta property=\"og:image\" content=\"https:\/\/wi.ee\/wp-content\/uploads\/2015\/05\/logo-150507.png\" \/>\n\t<meta property=\"og:image:width\" content=\"183\" \/>\n\t<meta property=\"og:image:height\" content=\"123\" \/>\n\t<meta property=\"og:image:type\" content=\"image\/png\" \/>\n<script type=\"application\/ld+json\" class=\"yoast-schema-graph\">{\"@context\":\"https:\\\/\\\/schema.org\",\"@graph\":[{\"@type\":\"WebPage\",\"@id\":\"https:\\\/\\\/wi.ee\\\/et\\\/muuseumid\\\/vana-voromaa-kultuurikoda\\\/\",\"url\":\"https:\\\/\\\/wi.ee\\\/et\\\/muuseumid\\\/vana-voromaa-kultuurikoda\\\/\",\"name\":\"Vana-V\u00f5romaa kultuurikoda - V\u00f5ru Instituut\",\"isPartOf\":{\"@id\":\"https:\\\/\\\/wi.ee\\\/et\\\/#website\"},\"datePublished\":\"2019-04-15T05:42:10+00:00\",\"dateModified\":\"2019-04-16T11:34:45+00:00\",\"breadcrumb\":{\"@id\":\"https:\\\/\\\/wi.ee\\\/et\\\/muuseumid\\\/vana-voromaa-kultuurikoda\\\/#breadcrumb\"},\"inLanguage\":\"et\",\"potentialAction\":[{\"@type\":\"ReadAction\",\"target\":[\"https:\\\/\\\/wi.ee\\\/et\\\/muuseumid\\\/vana-voromaa-kultuurikoda\\\/\"]}]},{\"@type\":\"BreadcrumbList\",\"@id\":\"https:\\\/\\\/wi.ee\\\/et\\\/muuseumid\\\/vana-voromaa-kultuurikoda\\\/#breadcrumb\",\"itemListElement\":[{\"@type\":\"ListItem\",\"position\":1,\"name\":\"Avaleht\",\"item\":\"https:\\\/\\\/wi.ee\\\/et\\\/\"},{\"@type\":\"ListItem\",\"position\":2,\"name\":\"Muuseumid\",\"item\":\"https:\\\/\\\/wi.ee\\\/et\\\/muuseumid\\\/\"},{\"@type\":\"ListItem\",\"position\":3,\"name\":\"Vana-V\u00f5romaa kultuurikoda\"}]},{\"@type\":\"WebSite\",\"@id\":\"https:\\\/\\\/wi.ee\\\/et\\\/#website\",\"url\":\"https:\\\/\\\/wi.ee\\\/et\\\/\",\"name\":\"V\u00f5ru Instituut\",\"description\":\"\",\"publisher\":{\"@id\":\"https:\\\/\\\/wi.ee\\\/et\\\/#organization\"},\"potentialAction\":[{\"@type\":\"SearchAction\",\"target\":{\"@type\":\"EntryPoint\",\"urlTemplate\":\"https:\\\/\\\/wi.ee\\\/et\\\/?s={search_term_string}\"},\"query-input\":{\"@type\":\"PropertyValueSpecification\",\"valueRequired\":true,\"valueName\":\"search_term_string\"}}],\"inLanguage\":\"et\"},{\"@type\":\"Organization\",\"@id\":\"https:\\\/\\\/wi.ee\\\/et\\\/#organization\",\"name\":\"V\u00f5ru Instituut\",\"url\":\"https:\\\/\\\/wi.ee\\\/et\\\/\",\"logo\":{\"@type\":\"ImageObject\",\"inLanguage\":\"et\",\"@id\":\"https:\\\/\\\/wi.ee\\\/et\\\/#\\\/schema\\\/logo\\\/image\\\/\",\"url\":\"https:\\\/\\\/wi.ee\\\/wp-content\\\/uploads\\\/2015\\\/05\\\/logo-150507.png\",\"contentUrl\":\"https:\\\/\\\/wi.ee\\\/wp-content\\\/uploads\\\/2015\\\/05\\\/logo-150507.png\",\"width\":183,\"height\":123,\"caption\":\"V\u00f5ru Instituut\"},\"image\":{\"@id\":\"https:\\\/\\\/wi.ee\\\/et\\\/#\\\/schema\\\/logo\\\/image\\\/\"},\"sameAs\":[\"https:\\\/\\\/www.facebook.com\\\/VoroInstituut\"]}]}<\/script>\n<!-- \/ Yoast SEO plugin. -->","yoast_head_json":{"title":"Vana-V\u00f5romaa kultuurikoda - V\u00f5ru Instituut","robots":{"index":"index","follow":"follow","max-snippet":"max-snippet:-1","max-image-preview":"max-image-preview:large","max-video-preview":"max-video-preview:-1"},"canonical":"https:\/\/wi.ee\/et\/muuseumid\/vana-voromaa-kultuurikoda\/","og_locale":"et_EE","og_type":"article","og_title":"Vana-V\u00f5romaa kultuurikoda - V\u00f5ru Instituut","og_description":"Vana-V\u00f5romaa ajalooga tutvumiseks on parim paik \u2013 muuseumisaalis on ajas tagasivaatav p\u00fcsiv\u00e4ljapanek ning kunstigaleriis vahetuvad n\u00e4itused. vorumuuseum.ee +372 782 4479 Katariina 11, V\u00f5ru linn GPS: 57\u00b050\u201946\u201d N, 26\u00b059\u201932\u201d L","og_url":"https:\/\/wi.ee\/et\/muuseumid\/vana-voromaa-kultuurikoda\/","og_site_name":"V\u00f5ru Instituut","article_publisher":"https:\/\/www.facebook.com\/VoroInstituut","article_modified_time":"2019-04-16T11:34:45+00:00","og_image":[{"width":183,"height":123,"url":"https:\/\/wi.ee\/wp-content\/uploads\/2015\/05\/logo-150507.png","type":"image\/png"}],"schema":{"@context":"https:\/\/schema.org","@graph":[{"@type":"WebPage","@id":"https:\/\/wi.ee\/et\/muuseumid\/vana-voromaa-kultuurikoda\/","url":"https:\/\/wi.ee\/et\/muuseumid\/vana-voromaa-kultuurikoda\/","name":"Vana-V\u00f5romaa kultuurikoda - V\u00f5ru Instituut","isPartOf":{"@id":"https:\/\/wi.ee\/et\/#website"},"datePublished":"2019-04-15T05:42:10+00:00","dateModified":"2019-04-16T11:34:45+00:00","breadcrumb":{"@id":"https:\/\/wi.ee\/et\/muuseumid\/vana-voromaa-kultuurikoda\/#breadcrumb"},"inLanguage":"et","potentialAction":[{"@type":"ReadAction","target":["https:\/\/wi.ee\/et\/muuseumid\/vana-voromaa-kultuurikoda\/"]}]},{"@type":"BreadcrumbList","@id":"https:\/\/wi.ee\/et\/muuseumid\/vana-voromaa-kultuurikoda\/#breadcrumb","itemListElement":[{"@type":"ListItem","position":1,"name":"Avaleht","item":"https:\/\/wi.ee\/et\/"},{"@type":"ListItem","position":2,"name":"Muuseumid","item":"https:\/\/wi.ee\/et\/muuseumid\/"},{"@type":"ListItem","position":3,"name":"Vana-V\u00f5romaa kultuurikoda"}]},{"@type":"WebSite","@id":"https:\/\/wi.ee\/et\/#website","url":"https:\/\/wi.ee\/et\/","name":"V\u00f5ru Instituut","description":"","publisher":{"@id":"https:\/\/wi.ee\/et\/#organization"},"potentialAction":[{"@type":"SearchAction","target":{"@type":"EntryPoint","urlTemplate":"https:\/\/wi.ee\/et\/?s={search_term_string}"},"query-input":{"@type":"PropertyValueSpecification","valueRequired":true,"valueName":"search_term_string"}}],"inLanguage":"et"},{"@type":"Organization","@id":"https:\/\/wi.ee\/et\/#organization","name":"V\u00f5ru Instituut","url":"https:\/\/wi.ee\/et\/","logo":{"@type":"ImageObject","inLanguage":"et","@id":"https:\/\/wi.ee\/et\/#\/schema\/logo\/image\/","url":"https:\/\/wi.ee\/wp-content\/uploads\/2015\/05\/logo-150507.png","contentUrl":"https:\/\/wi.ee\/wp-content\/uploads\/2015\/05\/logo-150507.png","width":183,"height":123,"caption":"V\u00f5ru Instituut"},"image":{"@id":"https:\/\/wi.ee\/et\/#\/schema\/logo\/image\/"},"sameAs":["https:\/\/www.facebook.com\/VoroInstituut"]}]}},"_links":{"self":[{"href":"https:\/\/wi.ee\/et\/wp-json\/wp\/v2\/pages\/5896","targetHints":{"allow":["GET"]}}],"collection":[{"href":"https:\/\/wi.ee\/et\/wp-json\/wp\/v2\/pages"}],"about":[{"href":"https:\/\/wi.ee\/et\/wp-json\/wp\/v2\/types\/page"}],"author":[{"embeddable":true,"href":"https:\/\/wi.ee\/et\/wp-json\/wp\/v2\/users\/1"}],"replies":[{"embeddable":true,"href":"https:\/\/wi.ee\/et\/wp-json\/wp\/v2\/comments?post=5896"}],"version-history":[{"count":4,"href":"https:\/\/wi.ee\/et\/wp-json\/wp\/v2\/pages\/5896\/revisions"}],"predecessor-version":[{"id":5916,"href":"https:\/\/wi.ee\/et\/wp-json\/wp\/v2\/pages\/5896\/revisions\/5916"}],"up":[{"embeddable":true,"href":"https:\/\/wi.ee\/et\/wp-json\/wp\/v2\/pages\/149"}],"wp:attachment":[{"href":"https:\/\/wi.ee\/et\/wp-json\/wp\/v2\/media?parent=5896"}],"curies":[{"name":"wp","href":"https:\/\/api.w.org\/{rel}","templated":true}]}}