{"id":5888,"date":"2019-04-15T07:15:41","date_gmt":"2019-04-15T05:15:41","guid":{"rendered":"https:\/\/wi.ee\/?page_id=5888"},"modified":"2019-04-16T13:29:01","modified_gmt":"2019-04-16T11:29:01","slug":"moniste-talurahvamuuseum","status":"publish","type":"page","link":"https:\/\/wi.ee\/et\/muuseumid\/moniste-talurahvamuuseum\/","title":{"rendered":"M\u00f5niste Talurahvamuuseum"},"content":{"rendered":"<p>Eesti vanim vaba\u00f5humuuseum, kus saad r\u00e4nnata kiviajast t\u00e4nap\u00e4eva ja k\u00fclastada legendaarset M\u00f5niste Tarwitajate \u00dchisuse kauplust.<\/p>\n<h3><a href=\"https:\/\/monistemuuseum.ee\" target=\"_blank\" rel=\"noopener noreferrer\"><strong>monistemuuseum.ee<\/strong><\/a><\/h3>\n<p>+372 525 7027<br \/>\nKuutsi k\u00fcla, R\u00f5uge vald, V\u00f5ru maakond<\/p>\n<p>GPS: 57\u00b0 35\u2019 39\u201d N, 26\u00b0 32\u2019 58\u201d E<\/p>\n","protected":false},"excerpt":{"rendered":"<p>Eesti vanim vaba\u00f5humuuseum, kus saad r\u00e4nnata kiviajast t\u00e4nap\u00e4eva ja k\u00fclastada legendaarset M\u00f5niste Tarwitajate \u00dchisuse kauplust. monistemuuseum.ee +372 525 7027 Kuutsi k\u00fcla, R\u00f5uge vald, V\u00f5ru maakond GPS: 57\u00b0 35\u2019 39\u201d N, 26\u00b0 32\u2019 58\u201d E<\/p>\n","protected":false},"author":1,"featured_media":0,"parent":149,"menu_order":2,"comment_status":"closed","ping_status":"open","template":"","meta":{"_acf_changed":false,"footnotes":""},"class_list":["post-5888","page","type-page","status-publish","hentry"],"acf":[],"yoast_head":"<!-- This site is optimized with the Yoast SEO plugin v27.3 - https:\/\/yoast.com\/product\/yoast-seo-wordpress\/ -->\n<title>M\u00f5niste Talurahvamuuseum - V\u00f5ru Instituut<\/title>\n<meta name=\"robots\" content=\"index, follow, max-snippet:-1, max-image-preview:large, max-video-preview:-1\" \/>\n<link rel=\"canonical\" href=\"https:\/\/wi.ee\/et\/muuseumid\/moniste-talurahvamuuseum\/\" \/>\n<meta property=\"og:locale\" content=\"et_EE\" \/>\n<meta property=\"og:type\" content=\"article\" \/>\n<meta property=\"og:title\" content=\"M\u00f5niste Talurahvamuuseum - V\u00f5ru Instituut\" \/>\n<meta property=\"og:description\" content=\"Eesti vanim vaba\u00f5humuuseum, kus saad r\u00e4nnata kiviajast t\u00e4nap\u00e4eva ja k\u00fclastada legendaarset M\u00f5niste Tarwitajate \u00dchisuse kauplust. monistemuuseum.ee +372 525 7027 Kuutsi k\u00fcla, R\u00f5uge vald, V\u00f5ru maakond GPS: 57\u00b0 35\u2019 39\u201d N, 26\u00b0 32\u2019 58\u201d E\" \/>\n<meta property=\"og:url\" content=\"https:\/\/wi.ee\/et\/muuseumid\/moniste-talurahvamuuseum\/\" \/>\n<meta property=\"og:site_name\" content=\"V\u00f5ru Instituut\" \/>\n<meta property=\"article:publisher\" content=\"https:\/\/www.facebook.com\/VoroInstituut\" \/>\n<meta property=\"article:modified_time\" content=\"2019-04-16T11:29:01+00:00\" \/>\n<meta property=\"og:image\" content=\"https:\/\/wi.ee\/wp-content\/uploads\/2015\/05\/logo-150507.png\" \/>\n\t<meta property=\"og:image:width\" content=\"183\" \/>\n\t<meta property=\"og:image:height\" content=\"123\" \/>\n\t<meta property=\"og:image:type\" content=\"image\/png\" \/>\n<script type=\"application\/ld+json\" class=\"yoast-schema-graph\">{\"@context\":\"https:\\\/\\\/schema.org\",\"@graph\":[{\"@type\":\"WebPage\",\"@id\":\"https:\\\/\\\/wi.ee\\\/et\\\/muuseumid\\\/moniste-talurahvamuuseum\\\/\",\"url\":\"https:\\\/\\\/wi.ee\\\/et\\\/muuseumid\\\/moniste-talurahvamuuseum\\\/\",\"name\":\"M\u00f5niste Talurahvamuuseum - V\u00f5ru Instituut\",\"isPartOf\":{\"@id\":\"https:\\\/\\\/wi.ee\\\/et\\\/#website\"},\"datePublished\":\"2019-04-15T05:15:41+00:00\",\"dateModified\":\"2019-04-16T11:29:01+00:00\",\"breadcrumb\":{\"@id\":\"https:\\\/\\\/wi.ee\\\/et\\\/muuseumid\\\/moniste-talurahvamuuseum\\\/#breadcrumb\"},\"inLanguage\":\"et\",\"potentialAction\":[{\"@type\":\"ReadAction\",\"target\":[\"https:\\\/\\\/wi.ee\\\/et\\\/muuseumid\\\/moniste-talurahvamuuseum\\\/\"]}]},{\"@type\":\"BreadcrumbList\",\"@id\":\"https:\\\/\\\/wi.ee\\\/et\\\/muuseumid\\\/moniste-talurahvamuuseum\\\/#breadcrumb\",\"itemListElement\":[{\"@type\":\"ListItem\",\"position\":1,\"name\":\"Avaleht\",\"item\":\"https:\\\/\\\/wi.ee\\\/et\\\/\"},{\"@type\":\"ListItem\",\"position\":2,\"name\":\"Muuseumid\",\"item\":\"https:\\\/\\\/wi.ee\\\/et\\\/muuseumid\\\/\"},{\"@type\":\"ListItem\",\"position\":3,\"name\":\"M\u00f5niste Talurahvamuuseum\"}]},{\"@type\":\"WebSite\",\"@id\":\"https:\\\/\\\/wi.ee\\\/et\\\/#website\",\"url\":\"https:\\\/\\\/wi.ee\\\/et\\\/\",\"name\":\"V\u00f5ru Instituut\",\"description\":\"\",\"publisher\":{\"@id\":\"https:\\\/\\\/wi.ee\\\/et\\\/#organization\"},\"potentialAction\":[{\"@type\":\"SearchAction\",\"target\":{\"@type\":\"EntryPoint\",\"urlTemplate\":\"https:\\\/\\\/wi.ee\\\/et\\\/?s={search_term_string}\"},\"query-input\":{\"@type\":\"PropertyValueSpecification\",\"valueRequired\":true,\"valueName\":\"search_term_string\"}}],\"inLanguage\":\"et\"},{\"@type\":\"Organization\",\"@id\":\"https:\\\/\\\/wi.ee\\\/et\\\/#organization\",\"name\":\"V\u00f5ru Instituut\",\"url\":\"https:\\\/\\\/wi.ee\\\/et\\\/\",\"logo\":{\"@type\":\"ImageObject\",\"inLanguage\":\"et\",\"@id\":\"https:\\\/\\\/wi.ee\\\/et\\\/#\\\/schema\\\/logo\\\/image\\\/\",\"url\":\"https:\\\/\\\/wi.ee\\\/wp-content\\\/uploads\\\/2015\\\/05\\\/logo-150507.png\",\"contentUrl\":\"https:\\\/\\\/wi.ee\\\/wp-content\\\/uploads\\\/2015\\\/05\\\/logo-150507.png\",\"width\":183,\"height\":123,\"caption\":\"V\u00f5ru Instituut\"},\"image\":{\"@id\":\"https:\\\/\\\/wi.ee\\\/et\\\/#\\\/schema\\\/logo\\\/image\\\/\"},\"sameAs\":[\"https:\\\/\\\/www.facebook.com\\\/VoroInstituut\"]}]}<\/script>\n<!-- \/ Yoast SEO plugin. -->","yoast_head_json":{"title":"M\u00f5niste Talurahvamuuseum - V\u00f5ru Instituut","robots":{"index":"index","follow":"follow","max-snippet":"max-snippet:-1","max-image-preview":"max-image-preview:large","max-video-preview":"max-video-preview:-1"},"canonical":"https:\/\/wi.ee\/et\/muuseumid\/moniste-talurahvamuuseum\/","og_locale":"et_EE","og_type":"article","og_title":"M\u00f5niste Talurahvamuuseum - V\u00f5ru Instituut","og_description":"Eesti vanim vaba\u00f5humuuseum, kus saad r\u00e4nnata kiviajast t\u00e4nap\u00e4eva ja k\u00fclastada legendaarset M\u00f5niste Tarwitajate \u00dchisuse kauplust. monistemuuseum.ee +372 525 7027 Kuutsi k\u00fcla, R\u00f5uge vald, V\u00f5ru maakond GPS: 57\u00b0 35\u2019 39\u201d N, 26\u00b0 32\u2019 58\u201d E","og_url":"https:\/\/wi.ee\/et\/muuseumid\/moniste-talurahvamuuseum\/","og_site_name":"V\u00f5ru Instituut","article_publisher":"https:\/\/www.facebook.com\/VoroInstituut","article_modified_time":"2019-04-16T11:29:01+00:00","og_image":[{"width":183,"height":123,"url":"https:\/\/wi.ee\/wp-content\/uploads\/2015\/05\/logo-150507.png","type":"image\/png"}],"schema":{"@context":"https:\/\/schema.org","@graph":[{"@type":"WebPage","@id":"https:\/\/wi.ee\/et\/muuseumid\/moniste-talurahvamuuseum\/","url":"https:\/\/wi.ee\/et\/muuseumid\/moniste-talurahvamuuseum\/","name":"M\u00f5niste Talurahvamuuseum - V\u00f5ru Instituut","isPartOf":{"@id":"https:\/\/wi.ee\/et\/#website"},"datePublished":"2019-04-15T05:15:41+00:00","dateModified":"2019-04-16T11:29:01+00:00","breadcrumb":{"@id":"https:\/\/wi.ee\/et\/muuseumid\/moniste-talurahvamuuseum\/#breadcrumb"},"inLanguage":"et","potentialAction":[{"@type":"ReadAction","target":["https:\/\/wi.ee\/et\/muuseumid\/moniste-talurahvamuuseum\/"]}]},{"@type":"BreadcrumbList","@id":"https:\/\/wi.ee\/et\/muuseumid\/moniste-talurahvamuuseum\/#breadcrumb","itemListElement":[{"@type":"ListItem","position":1,"name":"Avaleht","item":"https:\/\/wi.ee\/et\/"},{"@type":"ListItem","position":2,"name":"Muuseumid","item":"https:\/\/wi.ee\/et\/muuseumid\/"},{"@type":"ListItem","position":3,"name":"M\u00f5niste Talurahvamuuseum"}]},{"@type":"WebSite","@id":"https:\/\/wi.ee\/et\/#website","url":"https:\/\/wi.ee\/et\/","name":"V\u00f5ru Instituut","description":"","publisher":{"@id":"https:\/\/wi.ee\/et\/#organization"},"potentialAction":[{"@type":"SearchAction","target":{"@type":"EntryPoint","urlTemplate":"https:\/\/wi.ee\/et\/?s={search_term_string}"},"query-input":{"@type":"PropertyValueSpecification","valueRequired":true,"valueName":"search_term_string"}}],"inLanguage":"et"},{"@type":"Organization","@id":"https:\/\/wi.ee\/et\/#organization","name":"V\u00f5ru Instituut","url":"https:\/\/wi.ee\/et\/","logo":{"@type":"ImageObject","inLanguage":"et","@id":"https:\/\/wi.ee\/et\/#\/schema\/logo\/image\/","url":"https:\/\/wi.ee\/wp-content\/uploads\/2015\/05\/logo-150507.png","contentUrl":"https:\/\/wi.ee\/wp-content\/uploads\/2015\/05\/logo-150507.png","width":183,"height":123,"caption":"V\u00f5ru Instituut"},"image":{"@id":"https:\/\/wi.ee\/et\/#\/schema\/logo\/image\/"},"sameAs":["https:\/\/www.facebook.com\/VoroInstituut"]}]}},"_links":{"self":[{"href":"https:\/\/wi.ee\/et\/wp-json\/wp\/v2\/pages\/5888","targetHints":{"allow":["GET"]}}],"collection":[{"href":"https:\/\/wi.ee\/et\/wp-json\/wp\/v2\/pages"}],"about":[{"href":"https:\/\/wi.ee\/et\/wp-json\/wp\/v2\/types\/page"}],"author":[{"embeddable":true,"href":"https:\/\/wi.ee\/et\/wp-json\/wp\/v2\/users\/1"}],"replies":[{"embeddable":true,"href":"https:\/\/wi.ee\/et\/wp-json\/wp\/v2\/comments?post=5888"}],"version-history":[{"count":4,"href":"https:\/\/wi.ee\/et\/wp-json\/wp\/v2\/pages\/5888\/revisions"}],"predecessor-version":[{"id":5909,"href":"https:\/\/wi.ee\/et\/wp-json\/wp\/v2\/pages\/5888\/revisions\/5909"}],"up":[{"embeddable":true,"href":"https:\/\/wi.ee\/et\/wp-json\/wp\/v2\/pages\/149"}],"wp:attachment":[{"href":"https:\/\/wi.ee\/et\/wp-json\/wp\/v2\/media?parent=5888"}],"curies":[{"name":"wp","href":"https:\/\/api.w.org\/{rel}","templated":true}]}}