{"id":5854,"date":"2019-04-11T12:58:50","date_gmt":"2019-04-11T10:58:50","guid":{"rendered":"https:\/\/wi.ee\/?page_id=5854"},"modified":"2019-04-17T13:25:31","modified_gmt":"2019-04-17T11:25:31","slug":"heliraamat","status":"publish","type":"page","link":"https:\/\/wi.ee\/et\/heliraamat\/","title":{"rendered":"Heliraamat"},"content":{"rendered":"<p>Raamat \u201eKrutskiline tita. P\u00e4\u00e4h\u00e4k\u00e4\u00e4nt\u00e4v tita\u201c r\u00e4\u00e4gib elust n\u00f5nda, nagu see titadele paistab. Tita on parajalt vigureid t\u00e4is, aga tema perele teevad tita tembud vaid r\u00f5\u00f5mu. Ja tegelikult on tita ikka armas ka.<\/p>\n<p>Raamatu andis v\u00e4lja kirjastus Hea Lugu. V\u00f5ru Instituudi abiga saavad selle raamatu kingiks k\u00f5ik V\u00f5ru ja P\u00f5lva s\u00fcnnitusmajades s\u00fcndinud titad. Kui raamatu ettelugemine \u00e4ra t\u00fc\u00fctab, v\u00f5ib siit raamatu lapsele kuulamiseks ette m\u00e4ngida. Lugusid loeb raamatu autor Triinu Laan.<\/p>\n<p>Kuula:<\/p>\n<audio class=\"wp-audio-shortcode\" id=\"audio-5854-1\" preload=\"none\" style=\"width: 100%;\" controls=\"controls\"><source type=\"audio\/mpeg\" src=\"https:\/\/wi.ee\/wp-content\/uploads\/2019\/04\/titaloo.mp3?_=1\" \/><a href=\"https:\/\/wi.ee\/wp-content\/uploads\/2019\/04\/titaloo.mp3\">https:\/\/wi.ee\/wp-content\/uploads\/2019\/04\/titaloo.mp3<\/a><\/audio>\n<p>&nbsp;<\/p>\n<p>Kuula lugude kaupa:<\/p>\n<p>1. Tita im\u00e4 pissih\u00e4d\u00e4:<\/p>\n<audio class=\"wp-audio-shortcode\" id=\"audio-5854-2\" preload=\"none\" style=\"width: 100%;\" controls=\"controls\"><source type=\"audio\/mpeg\" src=\"https:\/\/wi.ee\/wp-content\/uploads\/2019\/04\/01_Tita-im\u00e4-pissih\u00e4d\u00e4.mp3?_=2\" \/><a href=\"https:\/\/wi.ee\/wp-content\/uploads\/2019\/04\/01_Tita-im\u00e4-pissih\u00e4d\u00e4.mp3\">https:\/\/wi.ee\/wp-content\/uploads\/2019\/04\/01_Tita-im\u00e4-pissih\u00e4d\u00e4.mp3<\/a><\/audio>\n<p>2. Titaga juhtu-ui mitte mid\u00e4gi:<\/p>\n<audio class=\"wp-audio-shortcode\" id=\"audio-5854-3\" preload=\"none\" style=\"width: 100%;\" controls=\"controls\"><source type=\"audio\/mpeg\" src=\"https:\/\/wi.ee\/wp-content\/uploads\/2019\/04\/02_Titaga-juhtu-ui-mitte-mid\u00e4gi.mp3?_=3\" \/><a href=\"https:\/\/wi.ee\/wp-content\/uploads\/2019\/04\/02_Titaga-juhtu-ui-mitte-mid\u00e4gi.mp3\">https:\/\/wi.ee\/wp-content\/uploads\/2019\/04\/02_Titaga-juhtu-ui-mitte-mid\u00e4gi.mp3<\/a><\/audio>\n<p>3. Titaga nakkas mid\u00e4gi juhtuma:<\/p>\n<audio class=\"wp-audio-shortcode\" id=\"audio-5854-4\" preload=\"none\" style=\"width: 100%;\" controls=\"controls\"><source type=\"audio\/mpeg\" src=\"https:\/\/wi.ee\/wp-content\/uploads\/2019\/04\/03_Titaga-nakkas-mid\u00e4gi-juhtuma.mp3?_=4\" \/><a href=\"https:\/\/wi.ee\/wp-content\/uploads\/2019\/04\/03_Titaga-nakkas-mid\u00e4gi-juhtuma.mp3\">https:\/\/wi.ee\/wp-content\/uploads\/2019\/04\/03_Titaga-nakkas-mid\u00e4gi-juhtuma.mp3<\/a><\/audio>\n<p>4. Tita ja tsolgipang:<\/p>\n<audio class=\"wp-audio-shortcode\" id=\"audio-5854-5\" preload=\"none\" style=\"width: 100%;\" controls=\"controls\"><source type=\"audio\/mpeg\" src=\"https:\/\/wi.ee\/wp-content\/uploads\/2019\/04\/04_Tita-ja-tsolgipang.mp3?_=5\" \/><a href=\"https:\/\/wi.ee\/wp-content\/uploads\/2019\/04\/04_Tita-ja-tsolgipang.mp3\">https:\/\/wi.ee\/wp-content\/uploads\/2019\/04\/04_Tita-ja-tsolgipang.mp3<\/a><\/audio>\n<p>5. Tita peris- ja m\u00e4nguasa\u2019:<\/p>\n<audio class=\"wp-audio-shortcode\" id=\"audio-5854-6\" preload=\"none\" style=\"width: 100%;\" controls=\"controls\"><source type=\"audio\/mpeg\" src=\"https:\/\/wi.ee\/wp-content\/uploads\/2019\/04\/05_Tita-peris-ja-m\u00e4nguasa.mp3?_=6\" \/><a href=\"https:\/\/wi.ee\/wp-content\/uploads\/2019\/04\/05_Tita-peris-ja-m\u00e4nguasa.mp3\">https:\/\/wi.ee\/wp-content\/uploads\/2019\/04\/05_Tita-peris-ja-m\u00e4nguasa.mp3<\/a><\/audio>\n<p>6. Tita ja ahuruup:<\/p>\n<audio class=\"wp-audio-shortcode\" id=\"audio-5854-7\" preload=\"none\" style=\"width: 100%;\" controls=\"controls\"><source type=\"audio\/mpeg\" src=\"https:\/\/wi.ee\/wp-content\/uploads\/2019\/04\/06_Tita-ja-ahuruup.mp3?_=7\" \/><a href=\"https:\/\/wi.ee\/wp-content\/uploads\/2019\/04\/06_Tita-ja-ahuruup.mp3\">https:\/\/wi.ee\/wp-content\/uploads\/2019\/04\/06_Tita-ja-ahuruup.mp3<\/a><\/audio>\n<p>7. Tita om kuri susi:<\/p>\n<audio class=\"wp-audio-shortcode\" id=\"audio-5854-8\" preload=\"none\" style=\"width: 100%;\" controls=\"controls\"><source type=\"audio\/mpeg\" src=\"https:\/\/wi.ee\/wp-content\/uploads\/2019\/04\/07_Tita-om-kuri-susi.mp3?_=8\" \/><a href=\"https:\/\/wi.ee\/wp-content\/uploads\/2019\/04\/07_Tita-om-kuri-susi.mp3\">https:\/\/wi.ee\/wp-content\/uploads\/2019\/04\/07_Tita-om-kuri-susi.mp3<\/a><\/audio>\n<p>8. Tita ja pudsunudsija:<\/p>\n<audio class=\"wp-audio-shortcode\" id=\"audio-5854-9\" preload=\"none\" style=\"width: 100%;\" controls=\"controls\"><source type=\"audio\/mpeg\" src=\"https:\/\/wi.ee\/wp-content\/uploads\/2019\/04\/08_Tita-ja-pudsunudsija.mp3?_=9\" \/><a href=\"https:\/\/wi.ee\/wp-content\/uploads\/2019\/04\/08_Tita-ja-pudsunudsija.mp3\">https:\/\/wi.ee\/wp-content\/uploads\/2019\/04\/08_Tita-ja-pudsunudsija.mp3<\/a><\/audio>\n<p>9. Tita om potsataja:<\/p>\n<audio class=\"wp-audio-shortcode\" id=\"audio-5854-10\" preload=\"none\" style=\"width: 100%;\" controls=\"controls\"><source type=\"audio\/mpeg\" src=\"https:\/\/wi.ee\/wp-content\/uploads\/2019\/04\/09_Tita-om-potsataja.mp3?_=10\" \/><a href=\"https:\/\/wi.ee\/wp-content\/uploads\/2019\/04\/09_Tita-om-potsataja.mp3\">https:\/\/wi.ee\/wp-content\/uploads\/2019\/04\/09_Tita-om-potsataja.mp3<\/a><\/audio>\n<p>10. Tita ja baranka:<\/p>\n<audio class=\"wp-audio-shortcode\" id=\"audio-5854-11\" preload=\"none\" style=\"width: 100%;\" controls=\"controls\"><source type=\"audio\/mpeg\" src=\"https:\/\/wi.ee\/wp-content\/uploads\/2019\/04\/10_Tita-ja-baranka.mp3?_=11\" \/><a href=\"https:\/\/wi.ee\/wp-content\/uploads\/2019\/04\/10_Tita-ja-baranka.mp3\">https:\/\/wi.ee\/wp-content\/uploads\/2019\/04\/10_Tita-ja-baranka.mp3<\/a><\/audio>\n<p>11. Tita om nigu poliitik:<\/p>\n<audio class=\"wp-audio-shortcode\" id=\"audio-5854-12\" preload=\"none\" style=\"width: 100%;\" controls=\"controls\"><source type=\"audio\/mpeg\" src=\"https:\/\/wi.ee\/wp-content\/uploads\/2019\/04\/11_Tita-om-nigu-poliitik.mp3?_=12\" \/><a href=\"https:\/\/wi.ee\/wp-content\/uploads\/2019\/04\/11_Tita-om-nigu-poliitik.mp3\">https:\/\/wi.ee\/wp-content\/uploads\/2019\/04\/11_Tita-om-nigu-poliitik.mp3<\/a><\/audio>\n<p>12. Tita v\u00e4ll\u00e4l\u00fclit\u00e4mise pult:<\/p>\n<audio class=\"wp-audio-shortcode\" id=\"audio-5854-13\" preload=\"none\" style=\"width: 100%;\" controls=\"controls\"><source type=\"audio\/mpeg\" src=\"https:\/\/wi.ee\/wp-content\/uploads\/2019\/04\/12_Tita-v\u00e4ll\u00e4l\u00fclit\u00e4mise-pult.mp3?_=13\" \/><a href=\"https:\/\/wi.ee\/wp-content\/uploads\/2019\/04\/12_Tita-v\u00e4ll\u00e4l\u00fclit\u00e4mise-pult.mp3\">https:\/\/wi.ee\/wp-content\/uploads\/2019\/04\/12_Tita-v\u00e4ll\u00e4l\u00fclit\u00e4mise-pult.mp3<\/a><\/audio>\n<p>13. Tita k\u00f5g\u00f5 ilosamb un\u00f5n\u00e4go:<\/p>\n<audio class=\"wp-audio-shortcode\" id=\"audio-5854-14\" preload=\"none\" style=\"width: 100%;\" controls=\"controls\"><source type=\"audio\/mpeg\" src=\"https:\/\/wi.ee\/wp-content\/uploads\/2019\/04\/13_Tita-k6g6-ilosamb-un6n\u00e4go.mp3?_=14\" \/><a href=\"https:\/\/wi.ee\/wp-content\/uploads\/2019\/04\/13_Tita-k6g6-ilosamb-un6n\u00e4go.mp3\">https:\/\/wi.ee\/wp-content\/uploads\/2019\/04\/13_Tita-k6g6-ilosamb-un6n\u00e4go.mp3<\/a><\/audio>\n<p>14. Tita ja Ehhee:<\/p>\n<audio class=\"wp-audio-shortcode\" id=\"audio-5854-15\" preload=\"none\" style=\"width: 100%;\" controls=\"controls\"><source type=\"audio\/mpeg\" src=\"https:\/\/wi.ee\/wp-content\/uploads\/2019\/04\/14_Tita-ja-Ehhee.mp3?_=15\" \/><a href=\"https:\/\/wi.ee\/wp-content\/uploads\/2019\/04\/14_Tita-ja-Ehhee.mp3\">https:\/\/wi.ee\/wp-content\/uploads\/2019\/04\/14_Tita-ja-Ehhee.mp3<\/a><\/audio>\n<p>15. Tita om armsa:<\/p>\n<audio class=\"wp-audio-shortcode\" id=\"audio-5854-16\" preload=\"none\" style=\"width: 100%;\" controls=\"controls\"><source type=\"audio\/mpeg\" src=\"https:\/\/wi.ee\/wp-content\/uploads\/2019\/04\/15_Tita-om-armsa.mp3?_=16\" \/><a href=\"https:\/\/wi.ee\/wp-content\/uploads\/2019\/04\/15_Tita-om-armsa.mp3\">https:\/\/wi.ee\/wp-content\/uploads\/2019\/04\/15_Tita-om-armsa.mp3<\/a><\/audio>\n","protected":false},"excerpt":{"rendered":"<p>Raamat \u201eKrutskiline tita. P\u00e4\u00e4h\u00e4k\u00e4\u00e4nt\u00e4v tita\u201c r\u00e4\u00e4gib elust n\u00f5nda, nagu see titadele paistab. Tita on parajalt vigureid t\u00e4is, aga tema perele teevad tita tembud vaid r\u00f5\u00f5mu. Ja tegelikult on tita ikka armas ka. Raamatu andis v\u00e4lja kirjastus Hea Lugu. V\u00f5ru Instituudi abiga saavad selle raamatu kingiks k\u00f5ik V\u00f5ru ja P\u00f5lva s\u00fcnnitusmajades s\u00fcndinud titad. Kui raamatu ettelugemine [&hellip;]<\/p>\n","protected":false},"author":2,"featured_media":0,"parent":0,"menu_order":0,"comment_status":"closed","ping_status":"closed","template":"","meta":{"_acf_changed":false,"footnotes":""},"class_list":["post-5854","page","type-page","status-publish","hentry"],"acf":[],"yoast_head":"<!-- This site is optimized with the Yoast SEO plugin v27.3 - https:\/\/yoast.com\/product\/yoast-seo-wordpress\/ -->\n<title>Heliraamat - V\u00f5ru Instituut<\/title>\n<meta name=\"robots\" content=\"index, follow, max-snippet:-1, max-image-preview:large, max-video-preview:-1\" \/>\n<link rel=\"canonical\" href=\"https:\/\/wi.ee\/et\/heliraamat\/\" \/>\n<meta property=\"og:locale\" content=\"et_EE\" \/>\n<meta property=\"og:type\" content=\"article\" \/>\n<meta property=\"og:title\" content=\"Heliraamat - V\u00f5ru Instituut\" \/>\n<meta property=\"og:description\" content=\"Raamat \u201eKrutskiline tita. P\u00e4\u00e4h\u00e4k\u00e4\u00e4nt\u00e4v tita\u201c r\u00e4\u00e4gib elust n\u00f5nda, nagu see titadele paistab. Tita on parajalt vigureid t\u00e4is, aga tema perele teevad tita tembud vaid r\u00f5\u00f5mu. Ja tegelikult on tita ikka armas ka. Raamatu andis v\u00e4lja kirjastus Hea Lugu. V\u00f5ru Instituudi abiga saavad selle raamatu kingiks k\u00f5ik V\u00f5ru ja P\u00f5lva s\u00fcnnitusmajades s\u00fcndinud titad. Kui raamatu ettelugemine [&hellip;]\" \/>\n<meta property=\"og:url\" content=\"https:\/\/wi.ee\/et\/heliraamat\/\" \/>\n<meta property=\"og:site_name\" content=\"V\u00f5ru Instituut\" \/>\n<meta property=\"article:publisher\" content=\"https:\/\/www.facebook.com\/VoroInstituut\" \/>\n<meta property=\"article:modified_time\" content=\"2019-04-17T11:25:31+00:00\" \/>\n<meta property=\"og:image\" content=\"https:\/\/wi.ee\/wp-content\/uploads\/2015\/05\/logo-150507.png\" \/>\n\t<meta property=\"og:image:width\" content=\"183\" \/>\n\t<meta property=\"og:image:height\" content=\"123\" \/>\n\t<meta property=\"og:image:type\" content=\"image\/png\" \/>\n<meta name=\"twitter:label1\" content=\"Est. reading time\" \/>\n\t<meta name=\"twitter:data1\" content=\"2 minutit\" \/>\n<script type=\"application\/ld+json\" class=\"yoast-schema-graph\">{\"@context\":\"https:\\\/\\\/schema.org\",\"@graph\":[{\"@type\":\"WebPage\",\"@id\":\"https:\\\/\\\/wi.ee\\\/et\\\/heliraamat\\\/\",\"url\":\"https:\\\/\\\/wi.ee\\\/et\\\/heliraamat\\\/\",\"name\":\"Heliraamat - V\u00f5ru Instituut\",\"isPartOf\":{\"@id\":\"https:\\\/\\\/wi.ee\\\/et\\\/#website\"},\"datePublished\":\"2019-04-11T10:58:50+00:00\",\"dateModified\":\"2019-04-17T11:25:31+00:00\",\"breadcrumb\":{\"@id\":\"https:\\\/\\\/wi.ee\\\/et\\\/heliraamat\\\/#breadcrumb\"},\"inLanguage\":\"et\",\"potentialAction\":[{\"@type\":\"ReadAction\",\"target\":[\"https:\\\/\\\/wi.ee\\\/et\\\/heliraamat\\\/\"]}]},{\"@type\":\"BreadcrumbList\",\"@id\":\"https:\\\/\\\/wi.ee\\\/et\\\/heliraamat\\\/#breadcrumb\",\"itemListElement\":[{\"@type\":\"ListItem\",\"position\":1,\"name\":\"Avaleht\",\"item\":\"https:\\\/\\\/wi.ee\\\/et\\\/\"},{\"@type\":\"ListItem\",\"position\":2,\"name\":\"Heliraamat\"}]},{\"@type\":\"WebSite\",\"@id\":\"https:\\\/\\\/wi.ee\\\/et\\\/#website\",\"url\":\"https:\\\/\\\/wi.ee\\\/et\\\/\",\"name\":\"V\u00f5ru Instituut\",\"description\":\"\",\"publisher\":{\"@id\":\"https:\\\/\\\/wi.ee\\\/et\\\/#organization\"},\"potentialAction\":[{\"@type\":\"SearchAction\",\"target\":{\"@type\":\"EntryPoint\",\"urlTemplate\":\"https:\\\/\\\/wi.ee\\\/et\\\/?s={search_term_string}\"},\"query-input\":{\"@type\":\"PropertyValueSpecification\",\"valueRequired\":true,\"valueName\":\"search_term_string\"}}],\"inLanguage\":\"et\"},{\"@type\":\"Organization\",\"@id\":\"https:\\\/\\\/wi.ee\\\/et\\\/#organization\",\"name\":\"V\u00f5ru Instituut\",\"url\":\"https:\\\/\\\/wi.ee\\\/et\\\/\",\"logo\":{\"@type\":\"ImageObject\",\"inLanguage\":\"et\",\"@id\":\"https:\\\/\\\/wi.ee\\\/et\\\/#\\\/schema\\\/logo\\\/image\\\/\",\"url\":\"https:\\\/\\\/wi.ee\\\/wp-content\\\/uploads\\\/2015\\\/05\\\/logo-150507.png\",\"contentUrl\":\"https:\\\/\\\/wi.ee\\\/wp-content\\\/uploads\\\/2015\\\/05\\\/logo-150507.png\",\"width\":183,\"height\":123,\"caption\":\"V\u00f5ru Instituut\"},\"image\":{\"@id\":\"https:\\\/\\\/wi.ee\\\/et\\\/#\\\/schema\\\/logo\\\/image\\\/\"},\"sameAs\":[\"https:\\\/\\\/www.facebook.com\\\/VoroInstituut\"]}]}<\/script>\n<!-- \/ Yoast SEO plugin. -->","yoast_head_json":{"title":"Heliraamat - V\u00f5ru Instituut","robots":{"index":"index","follow":"follow","max-snippet":"max-snippet:-1","max-image-preview":"max-image-preview:large","max-video-preview":"max-video-preview:-1"},"canonical":"https:\/\/wi.ee\/et\/heliraamat\/","og_locale":"et_EE","og_type":"article","og_title":"Heliraamat - V\u00f5ru Instituut","og_description":"Raamat \u201eKrutskiline tita. P\u00e4\u00e4h\u00e4k\u00e4\u00e4nt\u00e4v tita\u201c r\u00e4\u00e4gib elust n\u00f5nda, nagu see titadele paistab. Tita on parajalt vigureid t\u00e4is, aga tema perele teevad tita tembud vaid r\u00f5\u00f5mu. Ja tegelikult on tita ikka armas ka. Raamatu andis v\u00e4lja kirjastus Hea Lugu. V\u00f5ru Instituudi abiga saavad selle raamatu kingiks k\u00f5ik V\u00f5ru ja P\u00f5lva s\u00fcnnitusmajades s\u00fcndinud titad. Kui raamatu ettelugemine [&hellip;]","og_url":"https:\/\/wi.ee\/et\/heliraamat\/","og_site_name":"V\u00f5ru Instituut","article_publisher":"https:\/\/www.facebook.com\/VoroInstituut","article_modified_time":"2019-04-17T11:25:31+00:00","og_image":[{"width":183,"height":123,"url":"https:\/\/wi.ee\/wp-content\/uploads\/2015\/05\/logo-150507.png","type":"image\/png"}],"twitter_misc":{"Est. reading time":"2 minutit"},"schema":{"@context":"https:\/\/schema.org","@graph":[{"@type":"WebPage","@id":"https:\/\/wi.ee\/et\/heliraamat\/","url":"https:\/\/wi.ee\/et\/heliraamat\/","name":"Heliraamat - V\u00f5ru Instituut","isPartOf":{"@id":"https:\/\/wi.ee\/et\/#website"},"datePublished":"2019-04-11T10:58:50+00:00","dateModified":"2019-04-17T11:25:31+00:00","breadcrumb":{"@id":"https:\/\/wi.ee\/et\/heliraamat\/#breadcrumb"},"inLanguage":"et","potentialAction":[{"@type":"ReadAction","target":["https:\/\/wi.ee\/et\/heliraamat\/"]}]},{"@type":"BreadcrumbList","@id":"https:\/\/wi.ee\/et\/heliraamat\/#breadcrumb","itemListElement":[{"@type":"ListItem","position":1,"name":"Avaleht","item":"https:\/\/wi.ee\/et\/"},{"@type":"ListItem","position":2,"name":"Heliraamat"}]},{"@type":"WebSite","@id":"https:\/\/wi.ee\/et\/#website","url":"https:\/\/wi.ee\/et\/","name":"V\u00f5ru Instituut","description":"","publisher":{"@id":"https:\/\/wi.ee\/et\/#organization"},"potentialAction":[{"@type":"SearchAction","target":{"@type":"EntryPoint","urlTemplate":"https:\/\/wi.ee\/et\/?s={search_term_string}"},"query-input":{"@type":"PropertyValueSpecification","valueRequired":true,"valueName":"search_term_string"}}],"inLanguage":"et"},{"@type":"Organization","@id":"https:\/\/wi.ee\/et\/#organization","name":"V\u00f5ru Instituut","url":"https:\/\/wi.ee\/et\/","logo":{"@type":"ImageObject","inLanguage":"et","@id":"https:\/\/wi.ee\/et\/#\/schema\/logo\/image\/","url":"https:\/\/wi.ee\/wp-content\/uploads\/2015\/05\/logo-150507.png","contentUrl":"https:\/\/wi.ee\/wp-content\/uploads\/2015\/05\/logo-150507.png","width":183,"height":123,"caption":"V\u00f5ru Instituut"},"image":{"@id":"https:\/\/wi.ee\/et\/#\/schema\/logo\/image\/"},"sameAs":["https:\/\/www.facebook.com\/VoroInstituut"]}]}},"_links":{"self":[{"href":"https:\/\/wi.ee\/et\/wp-json\/wp\/v2\/pages\/5854","targetHints":{"allow":["GET"]}}],"collection":[{"href":"https:\/\/wi.ee\/et\/wp-json\/wp\/v2\/pages"}],"about":[{"href":"https:\/\/wi.ee\/et\/wp-json\/wp\/v2\/types\/page"}],"author":[{"embeddable":true,"href":"https:\/\/wi.ee\/et\/wp-json\/wp\/v2\/users\/2"}],"replies":[{"embeddable":true,"href":"https:\/\/wi.ee\/et\/wp-json\/wp\/v2\/comments?post=5854"}],"version-history":[{"count":7,"href":"https:\/\/wi.ee\/et\/wp-json\/wp\/v2\/pages\/5854\/revisions"}],"predecessor-version":[{"id":5971,"href":"https:\/\/wi.ee\/et\/wp-json\/wp\/v2\/pages\/5854\/revisions\/5971"}],"wp:attachment":[{"href":"https:\/\/wi.ee\/et\/wp-json\/wp\/v2\/media?parent=5854"}],"curies":[{"name":"wp","href":"https:\/\/api.w.org\/{rel}","templated":true}]}}