{"id":509,"date":"2015-10-21T15:56:35","date_gmt":"2015-10-21T13:56:35","guid":{"rendered":"https:\/\/wi.ee\/?page_id=509"},"modified":"2016-12-27T11:57:11","modified_gmt":"2016-12-27T09:57:11","slug":"20152016-oppeaasta-keelepesa-koolitusplaan","status":"publish","type":"page","link":"https:\/\/wi.ee\/et\/tegemised\/20152016-oppeaasta-keelepesa-koolitusplaan\/","title":{"rendered":"2016\/2017 \u00f5ppeaasta keelepesa koolitusplaan"},"content":{"rendered":"<p><strong>KEELEPESA KOOLITUSPLAAN 2016\/2017 \u00f5ppeaastal<\/strong><\/p>\n<p><strong>SEPTEMBER<\/strong><br \/>\n24.09 Koolitusp\u00e4ev Vana-V\u00f5romaa Kultuurikojas (8 ak tundi)<br \/>\nEndiste ja praeguste\u00f5petajatega tuttavaks saamine, aastaplaani tutvustamine<br \/>\nUue raamatu \u201eMino V\u00f5romaa\u201d tutvustamine \u2013 Mariko Faster MA eesti keele erialal<br \/>\nV\u00f5ru keele tund \u2013 Mariko Faster MA eesti keele erialal<br \/>\n\u201eM\u00f5tsa perim\u00fcs\u201d- uue v\u00f5rukeelse muuseumiprogrammi tutvustus \u2013 Egle Vodi muuseumipedagoog<br \/>\nLogopeedilised m\u00e4ngud lastele \u2013 Kertriin Paabo MA<\/p>\n<p><strong>OKTOOBER<\/strong><br \/>\n21.10 \u00d5ppereis koolitusp\u00e4evana Karilatsi Vaba\u00f5humuuseumi (12 ak tundi)<br \/>\nKarilatsi Vaba\u00f5humuuseumiga tutvumine<br \/>\n\u00d5pituba \u201e\u00dctsk\u00f5rd ammu, ammu\u201d<br \/>\nPizza Olive (s\u00f6\u00f6mine)<br \/>\nMaanteemuuseumis ringk\u00e4ik giidiga<br \/>\nAlle-Saija Teatritaluga tutvumine<\/p>\n<p><strong>NOVEMBER<\/strong><br \/>\n26.11 Koolitusp\u00e4ev Antsla Lusti lasteaias (8 ak tundi)<br \/>\nLasteaiaga tutvumine<br \/>\nV\u00f5ru keele tund \u2013 Mariko Faster MA eesti keele erialal<br \/>\nM\u00f5tlemist arendavad m\u00e4ngud lastele \u2013 Kadri Rebane eripedagoog<br \/>\nKeraamika-Rahavala ateljee \u2013 Annika K\u00f5rvoja keraamik<br \/>\n<strong>VEEBRUAR<\/strong><br \/>\n04.02 Koolitusp\u00e4ev S\u00f5merpalu lasteaias (7 ak tundi)<br \/>\nKeelek\u00fcmblus\u2013 Annika Pasanen FT keeleteadlane, Janne Saarikivi FT keeleteadlane<\/p>\n<p>18.02 Koolitusp\u00e4ev V\u00f5ru lasteaias P\u00e4kapikk (8 ak tundi)<br \/>\nLasteaiaga tutvumine<br \/>\nV\u00f5ru keele tund \u2013 Mariko Faster MA eesti keele erialal<br \/>\nEesti Vabariik 100. Mina ja \u201eKalevipoeg\u201d. \u201eKalevipoeg\u201d lasteaias \u2013 Aimi Hollo Kreutzwaldi Memoriaalmuuseumi juhataja<br \/>\nP\u00e4rimusm\u00e4ngud ja -tantsud \u2013 Kadri M\u00e4har lasteaia muusika\u00f5petaja<\/p>\n<p><strong>M\u00c4RTS<\/strong><br \/>\n11.03 Koolitusp\u00e4ev Mammaste lasteaias (8 ak tundi)<br \/>\nLasteaiaga tutvumine<br \/>\nV\u00f5ru keele tund \u2013 Mariko Faster MA eesti keele erialal<br \/>\nRahvariided ja mustrid<\/p>\n<p><strong>M\u00c4RTS\/APRILL<\/strong><br \/>\n\u00d5ppereis koolitusp\u00e4evana Tartu keelek\u00fcmbluslasteaeda (12 ak tundi)<br \/>\nHommikuring, lasteaiaga tutvumine<\/p>\n<p><strong>APRILL<\/strong><br \/>\n08.04 Koolitusp\u00e4ev Lasva lasteaias (8 ak tundi)<br \/>\nLasteaiaga tutvumine<br \/>\nV\u00f5ru keele tund \u2013 Mariko Faster MA eesti keele erialal<br \/>\nToiduvalmistamine lasteaias<br \/>\nL\u00f5una-Eesti k\u00e4sit\u00f6\u00f6<br \/>\nVeetorni galerii<\/p>\n<p><strong>MAI<\/strong><br \/>\n\u00d5ppereis Setomaale (12 ak tundi)<br \/>\nV\u00e4rska lasteaiaga tutvumine<br \/>\nSeto muuseum<br \/>\nV\u00e4rska Vesi<br \/>\nTs\u00e4imajas s\u00f6\u00f6mine<br \/>\nGrupit\u00f6\u00f6: M\u00e4ng \u201eAardejaht\u201d<\/p>\n<p>NB! Kavas v\u00f5ib ette tulla muudatusi<br \/>\nProjekti juhivad V\u00f5ru Instituudi projektijuhid:<br \/>\nEvely Lindsalu, Triin Toom<br \/>\ne&#118;&#x65;&#x6c;y&#46;&#108;&#x69;&#x6e;d&#115;&#97;&#x6c;&#x75;&#64;&#103;&#x6d;&#x61;&#x69;l&#46;&#x63;&#x6f;m, &#x74;r&#x69;&#105;&#x6e;&#x2e;t&#x6f;&#111;&#x6d;&#x40;g&#x6d;&#97;&#x69;&#x6c;&#46;&#x63;&#111;&#x6d;<br \/>\ntel 53458727, tel 5120772<\/p>\n","protected":false},"excerpt":{"rendered":"<p>KEELEPESA KOOLITUSPLAAN 2016\/2017 \u00f5ppeaastal SEPTEMBER 24.09 Koolitusp\u00e4ev Vana-V\u00f5romaa Kultuurikojas (8 ak tundi) Endiste ja praeguste\u00f5petajatega tuttavaks saamine, aastaplaani tutvustamine Uue raamatu \u201eMino V\u00f5romaa\u201d tutvustamine \u2013 Mariko Faster MA eesti keele erialal V\u00f5ru keele tund \u2013 Mariko Faster MA eesti keele erialal \u201eM\u00f5tsa perim\u00fcs\u201d- uue v\u00f5rukeelse muuseumiprogrammi tutvustus \u2013 Egle Vodi muuseumipedagoog Logopeedilised m\u00e4ngud lastele \u2013 [&hellip;]<\/p>\n","protected":false},"author":2,"featured_media":0,"parent":76,"menu_order":0,"comment_status":"closed","ping_status":"closed","template":"","meta":{"_acf_changed":false,"footnotes":""},"class_list":["post-509","page","type-page","status-publish","hentry"],"acf":[],"yoast_head":"<!-- This site is optimized with the Yoast SEO plugin v27.3 - https:\/\/yoast.com\/product\/yoast-seo-wordpress\/ -->\n<title>2016\/2017 \u00f5ppeaasta keelepesa koolitusplaan - V\u00f5ru Instituut<\/title>\n<meta name=\"robots\" content=\"index, follow, max-snippet:-1, max-image-preview:large, max-video-preview:-1\" \/>\n<link rel=\"canonical\" href=\"https:\/\/wi.ee\/et\/tegemised\/20152016-oppeaasta-keelepesa-koolitusplaan\/\" \/>\n<meta property=\"og:locale\" content=\"et_EE\" \/>\n<meta property=\"og:type\" content=\"article\" \/>\n<meta property=\"og:title\" content=\"2016\/2017 \u00f5ppeaasta keelepesa koolitusplaan - V\u00f5ru Instituut\" \/>\n<meta property=\"og:description\" content=\"KEELEPESA KOOLITUSPLAAN 2016\/2017 \u00f5ppeaastal SEPTEMBER 24.09 Koolitusp\u00e4ev Vana-V\u00f5romaa Kultuurikojas (8 ak tundi) Endiste ja praeguste\u00f5petajatega tuttavaks saamine, aastaplaani tutvustamine Uue raamatu \u201eMino V\u00f5romaa\u201d tutvustamine \u2013 Mariko Faster MA eesti keele erialal V\u00f5ru keele tund \u2013 Mariko Faster MA eesti keele erialal \u201eM\u00f5tsa perim\u00fcs\u201d- uue v\u00f5rukeelse muuseumiprogrammi tutvustus \u2013 Egle Vodi muuseumipedagoog Logopeedilised m\u00e4ngud lastele \u2013 [&hellip;]\" \/>\n<meta property=\"og:url\" content=\"https:\/\/wi.ee\/et\/tegemised\/20152016-oppeaasta-keelepesa-koolitusplaan\/\" \/>\n<meta property=\"og:site_name\" content=\"V\u00f5ru Instituut\" \/>\n<meta property=\"article:publisher\" content=\"https:\/\/www.facebook.com\/VoroInstituut\" \/>\n<meta property=\"article:modified_time\" content=\"2016-12-27T09:57:11+00:00\" \/>\n<meta property=\"og:image\" content=\"https:\/\/wi.ee\/wp-content\/uploads\/2015\/05\/logo-150507.png\" \/>\n\t<meta property=\"og:image:width\" content=\"183\" \/>\n\t<meta property=\"og:image:height\" content=\"123\" \/>\n\t<meta property=\"og:image:type\" content=\"image\/png\" \/>\n<meta name=\"twitter:label1\" content=\"Est. reading time\" \/>\n\t<meta name=\"twitter:data1\" content=\"2 minutit\" \/>\n<script type=\"application\/ld+json\" class=\"yoast-schema-graph\">{\"@context\":\"https:\\\/\\\/schema.org\",\"@graph\":[{\"@type\":\"WebPage\",\"@id\":\"https:\\\/\\\/wi.ee\\\/et\\\/tegemised\\\/20152016-oppeaasta-keelepesa-koolitusplaan\\\/\",\"url\":\"https:\\\/\\\/wi.ee\\\/et\\\/tegemised\\\/20152016-oppeaasta-keelepesa-koolitusplaan\\\/\",\"name\":\"2016\\\/2017 \u00f5ppeaasta keelepesa koolitusplaan - V\u00f5ru Instituut\",\"isPartOf\":{\"@id\":\"https:\\\/\\\/wi.ee\\\/et\\\/#website\"},\"datePublished\":\"2015-10-21T13:56:35+00:00\",\"dateModified\":\"2016-12-27T09:57:11+00:00\",\"breadcrumb\":{\"@id\":\"https:\\\/\\\/wi.ee\\\/et\\\/tegemised\\\/20152016-oppeaasta-keelepesa-koolitusplaan\\\/#breadcrumb\"},\"inLanguage\":\"et\",\"potentialAction\":[{\"@type\":\"ReadAction\",\"target\":[\"https:\\\/\\\/wi.ee\\\/et\\\/tegemised\\\/20152016-oppeaasta-keelepesa-koolitusplaan\\\/\"]}]},{\"@type\":\"BreadcrumbList\",\"@id\":\"https:\\\/\\\/wi.ee\\\/et\\\/tegemised\\\/20152016-oppeaasta-keelepesa-koolitusplaan\\\/#breadcrumb\",\"itemListElement\":[{\"@type\":\"ListItem\",\"position\":1,\"name\":\"Avaleht\",\"item\":\"https:\\\/\\\/wi.ee\\\/et\\\/\"},{\"@type\":\"ListItem\",\"position\":2,\"name\":\"Tegemised\",\"item\":\"https:\\\/\\\/wi.ee\\\/et\\\/tegemised\\\/\"},{\"@type\":\"ListItem\",\"position\":3,\"name\":\"2016\\\/2017 \u00f5ppeaasta keelepesa koolitusplaan\"}]},{\"@type\":\"WebSite\",\"@id\":\"https:\\\/\\\/wi.ee\\\/et\\\/#website\",\"url\":\"https:\\\/\\\/wi.ee\\\/et\\\/\",\"name\":\"V\u00f5ru Instituut\",\"description\":\"\",\"publisher\":{\"@id\":\"https:\\\/\\\/wi.ee\\\/et\\\/#organization\"},\"potentialAction\":[{\"@type\":\"SearchAction\",\"target\":{\"@type\":\"EntryPoint\",\"urlTemplate\":\"https:\\\/\\\/wi.ee\\\/et\\\/?s={search_term_string}\"},\"query-input\":{\"@type\":\"PropertyValueSpecification\",\"valueRequired\":true,\"valueName\":\"search_term_string\"}}],\"inLanguage\":\"et\"},{\"@type\":\"Organization\",\"@id\":\"https:\\\/\\\/wi.ee\\\/et\\\/#organization\",\"name\":\"V\u00f5ru Instituut\",\"url\":\"https:\\\/\\\/wi.ee\\\/et\\\/\",\"logo\":{\"@type\":\"ImageObject\",\"inLanguage\":\"et\",\"@id\":\"https:\\\/\\\/wi.ee\\\/et\\\/#\\\/schema\\\/logo\\\/image\\\/\",\"url\":\"https:\\\/\\\/wi.ee\\\/wp-content\\\/uploads\\\/2015\\\/05\\\/logo-150507.png\",\"contentUrl\":\"https:\\\/\\\/wi.ee\\\/wp-content\\\/uploads\\\/2015\\\/05\\\/logo-150507.png\",\"width\":183,\"height\":123,\"caption\":\"V\u00f5ru Instituut\"},\"image\":{\"@id\":\"https:\\\/\\\/wi.ee\\\/et\\\/#\\\/schema\\\/logo\\\/image\\\/\"},\"sameAs\":[\"https:\\\/\\\/www.facebook.com\\\/VoroInstituut\"]}]}<\/script>\n<!-- \/ Yoast SEO plugin. -->","yoast_head_json":{"title":"2016\/2017 \u00f5ppeaasta keelepesa koolitusplaan - V\u00f5ru Instituut","robots":{"index":"index","follow":"follow","max-snippet":"max-snippet:-1","max-image-preview":"max-image-preview:large","max-video-preview":"max-video-preview:-1"},"canonical":"https:\/\/wi.ee\/et\/tegemised\/20152016-oppeaasta-keelepesa-koolitusplaan\/","og_locale":"et_EE","og_type":"article","og_title":"2016\/2017 \u00f5ppeaasta keelepesa koolitusplaan - V\u00f5ru Instituut","og_description":"KEELEPESA KOOLITUSPLAAN 2016\/2017 \u00f5ppeaastal SEPTEMBER 24.09 Koolitusp\u00e4ev Vana-V\u00f5romaa Kultuurikojas (8 ak tundi) Endiste ja praeguste\u00f5petajatega tuttavaks saamine, aastaplaani tutvustamine Uue raamatu \u201eMino V\u00f5romaa\u201d tutvustamine \u2013 Mariko Faster MA eesti keele erialal V\u00f5ru keele tund \u2013 Mariko Faster MA eesti keele erialal \u201eM\u00f5tsa perim\u00fcs\u201d- uue v\u00f5rukeelse muuseumiprogrammi tutvustus \u2013 Egle Vodi muuseumipedagoog Logopeedilised m\u00e4ngud lastele \u2013 [&hellip;]","og_url":"https:\/\/wi.ee\/et\/tegemised\/20152016-oppeaasta-keelepesa-koolitusplaan\/","og_site_name":"V\u00f5ru Instituut","article_publisher":"https:\/\/www.facebook.com\/VoroInstituut","article_modified_time":"2016-12-27T09:57:11+00:00","og_image":[{"width":183,"height":123,"url":"https:\/\/wi.ee\/wp-content\/uploads\/2015\/05\/logo-150507.png","type":"image\/png"}],"twitter_misc":{"Est. reading time":"2 minutit"},"schema":{"@context":"https:\/\/schema.org","@graph":[{"@type":"WebPage","@id":"https:\/\/wi.ee\/et\/tegemised\/20152016-oppeaasta-keelepesa-koolitusplaan\/","url":"https:\/\/wi.ee\/et\/tegemised\/20152016-oppeaasta-keelepesa-koolitusplaan\/","name":"2016\/2017 \u00f5ppeaasta keelepesa koolitusplaan - V\u00f5ru Instituut","isPartOf":{"@id":"https:\/\/wi.ee\/et\/#website"},"datePublished":"2015-10-21T13:56:35+00:00","dateModified":"2016-12-27T09:57:11+00:00","breadcrumb":{"@id":"https:\/\/wi.ee\/et\/tegemised\/20152016-oppeaasta-keelepesa-koolitusplaan\/#breadcrumb"},"inLanguage":"et","potentialAction":[{"@type":"ReadAction","target":["https:\/\/wi.ee\/et\/tegemised\/20152016-oppeaasta-keelepesa-koolitusplaan\/"]}]},{"@type":"BreadcrumbList","@id":"https:\/\/wi.ee\/et\/tegemised\/20152016-oppeaasta-keelepesa-koolitusplaan\/#breadcrumb","itemListElement":[{"@type":"ListItem","position":1,"name":"Avaleht","item":"https:\/\/wi.ee\/et\/"},{"@type":"ListItem","position":2,"name":"Tegemised","item":"https:\/\/wi.ee\/et\/tegemised\/"},{"@type":"ListItem","position":3,"name":"2016\/2017 \u00f5ppeaasta keelepesa koolitusplaan"}]},{"@type":"WebSite","@id":"https:\/\/wi.ee\/et\/#website","url":"https:\/\/wi.ee\/et\/","name":"V\u00f5ru Instituut","description":"","publisher":{"@id":"https:\/\/wi.ee\/et\/#organization"},"potentialAction":[{"@type":"SearchAction","target":{"@type":"EntryPoint","urlTemplate":"https:\/\/wi.ee\/et\/?s={search_term_string}"},"query-input":{"@type":"PropertyValueSpecification","valueRequired":true,"valueName":"search_term_string"}}],"inLanguage":"et"},{"@type":"Organization","@id":"https:\/\/wi.ee\/et\/#organization","name":"V\u00f5ru Instituut","url":"https:\/\/wi.ee\/et\/","logo":{"@type":"ImageObject","inLanguage":"et","@id":"https:\/\/wi.ee\/et\/#\/schema\/logo\/image\/","url":"https:\/\/wi.ee\/wp-content\/uploads\/2015\/05\/logo-150507.png","contentUrl":"https:\/\/wi.ee\/wp-content\/uploads\/2015\/05\/logo-150507.png","width":183,"height":123,"caption":"V\u00f5ru Instituut"},"image":{"@id":"https:\/\/wi.ee\/et\/#\/schema\/logo\/image\/"},"sameAs":["https:\/\/www.facebook.com\/VoroInstituut"]}]}},"_links":{"self":[{"href":"https:\/\/wi.ee\/et\/wp-json\/wp\/v2\/pages\/509","targetHints":{"allow":["GET"]}}],"collection":[{"href":"https:\/\/wi.ee\/et\/wp-json\/wp\/v2\/pages"}],"about":[{"href":"https:\/\/wi.ee\/et\/wp-json\/wp\/v2\/types\/page"}],"author":[{"embeddable":true,"href":"https:\/\/wi.ee\/et\/wp-json\/wp\/v2\/users\/2"}],"replies":[{"embeddable":true,"href":"https:\/\/wi.ee\/et\/wp-json\/wp\/v2\/comments?post=509"}],"version-history":[{"count":5,"href":"https:\/\/wi.ee\/et\/wp-json\/wp\/v2\/pages\/509\/revisions"}],"predecessor-version":[{"id":2173,"href":"https:\/\/wi.ee\/et\/wp-json\/wp\/v2\/pages\/509\/revisions\/2173"}],"up":[{"embeddable":true,"href":"https:\/\/wi.ee\/et\/wp-json\/wp\/v2\/pages\/76"}],"wp:attachment":[{"href":"https:\/\/wi.ee\/et\/wp-json\/wp\/v2\/media?parent=509"}],"curies":[{"name":"wp","href":"https:\/\/api.w.org\/{rel}","templated":true}]}}