{"id":500,"date":"2015-10-21T14:57:06","date_gmt":"2015-10-21T12:57:06","guid":{"rendered":"https:\/\/wi.ee\/?page_id=500"},"modified":"2016-12-27T14:39:23","modified_gmt":"2016-12-27T12:39:23","slug":"keelepesa-opetajate-taiendkoolituse-oppekava-20152016","status":"publish","type":"page","link":"https:\/\/wi.ee\/et\/tegemised\/keelepesa-opetajate-taiendkoolituse-oppekava-20152016\/","title":{"rendered":"Keelepesa \u00f5petajate t\u00e4iendkoolituse \u00f5ppekava 2016\/2017"},"content":{"rendered":"<p><strong>T\u00e4iendkoolitusasutuse nimetus<\/strong><br \/>\nV\u00f5ru Instituut<\/p>\n<p><strong>\u00d5ppekava nimetus<\/strong><br \/>\nV\u00f5rukeelsete keelepesade \u00f5petajate t\u00e4iendkoolitus<\/p>\n<p><strong>\u00d5ppekavar\u00fchm<\/strong><br \/>\nKoolieelikute \u00f5petajate koolitus<\/p>\n<p><strong>\u00d5ppe kogumaht<\/strong><br \/>\n95 ak tundi, millest 83 ak tundi on kontakt\u00f5pet ja 12 ak tundi iseseisev t\u00f6\u00f6d<\/p>\n<p><strong>\u00d5ppekava koostamise alus<\/strong><br \/>\nInstituudi direktori k\u00e4skkiri nr 9, 28.09.2015 \u201eT\u00e4iendkoolituse \u00f5ppekorralduse aluste ja kvaliteedi tagamise aluste kinnitamine\u201c<\/p>\n<p><strong>Sihtgrupp ja \u00f5ppe alustamise tingimused<\/strong><br \/>\nT\u00e4iendkoolitusele v\u00f5ivad tulla k\u00f5ik soovijad, kes t\u00f6\u00f6tavad keelepesar\u00fchmades Vana-V\u00f5rumaa lasteaedades v\u00f5i soovivad hakata t\u00f6\u00f6tama keelepesar\u00fchmas.<\/p>\n<p>E-posti teel saadetakse registreering (&#119;&#x69;&#64;&#x77;&#x69;&#46;&#x65;e), milles teatatakse \u00f5ppija nimi ja isikukood ning lasteaia nimi, kus \u00f5ppija t\u00f6\u00f6tab.<\/p>\n<p><strong>\u00d5ppe eesm\u00e4rk<\/strong><br \/>\nKoolituse l\u00f5puks on \u00f5ppija omandanud uue meetodi v\u00f5i l\u00e4henemisnurga v\u00f5ru keele ja kultuuri \u00f5petamise h\u00f5lbustamiseks.<\/p>\n<p><strong>\u00d5ppev\u00e4jundid<\/strong><br \/>\nKoolituse l\u00f5puks \u00f5ppija:<br \/>\n1) saab aru v\u00f5ru keelest ja oskab suhelda igas olukorras v\u00f5ru keeles;<br \/>\n2) oskab tutvustada lastele oma kodukandi keelt, kultuuri ja kombeid;<br \/>\n3) omab teadmisi keelek\u00fcmblusmeetodist;<br \/>\n4) oskab l\u00f5imida erinevat \u00f5ppetegevust v\u00f5ru keele ja kultuuri \u00f5ppega;<br \/>\n5) oskab koostada v\u00f5rukeelseid \u00f5ppematerjale;<br \/>\n6) julgustab t\u00e4iskasvanuid lastega oma kodukandi keelt k\u00f5nelema.<br \/>\n<strong>\u00d5ppe sisu<\/strong><br \/>\n\u00d5ppe sisu varieerub koolituste ja \u00f5ppeaastate l\u00f5ikes. Oluline osa v\u00f5ru keele ja kultuuri t\u00e4iend\u00f5ppest toimub \u00f5ppereiside ja temaatiliste \u00fcrituste kaudu.<\/p>\n<p><strong>\u00d5ppe sisu 2016\/2017 \u00f5ppeaastal<\/strong><br \/>\nv\u00f5ru keele \u00f5ppus;<br \/>\nm\u00e4nguteraapia;<br \/>\np\u00e4rimus laulud ja -m\u00e4ngud;<br \/>\nl\u00f5una-eesti k\u00e4sit\u00f6\u00f6;<br \/>\nsavi keraamika \u00f5pituba,<br \/>\nrahvariided, mustrid ja s\u00fcmbolid,<br \/>\nKalevipoja muistendid,<br \/>\nteater ja muinasjutt,<br \/>\ns\u00f6\u00f6gitegemine lastega,<br \/>\n\u00f5ues\u00f5ppe v\u00f5imalused,<br \/>\nt\u00f6\u00f6toad Vana-V\u00f5rumaa muuseumites<br \/>\nkeelek\u00fcmblus- ja keelem\u00e4ngud,<br \/>\nkeelepesar\u00fchmadega tutvumine<\/p>\n<p><strong>\u00d5ppemeetodid<\/strong><br \/>\nLoeng, grupit\u00f6\u00f6, seminar, iseseisev t\u00f6\u00f6<\/p>\n<p><strong>Iseseisev t\u00f6\u00f6<\/strong><br \/>\nUute \u00f5ppematerjalide valmistamine<\/p>\n<p><strong>\u00d5ppematerjalide loend<\/strong><br \/>\n\u00d5ppija saab t\u00e4iend\u00f5ppe toimumise j\u00e4rel sisukad \u00f5ppematerjalid, mis on koolitaja poolt koostatud.<\/p>\n<p><strong>Koolituse l\u00e4bimisel v\u00e4ljastatav dokument (tunnistus v\u00f5i t\u00f5end)<\/strong><br \/>\nKoolituse l\u00f5pus v\u00e4ljastatakse \u00f5ppijale koolitust\u00f5end, mis kajastab tema koolitustest, \u00f5ppereisidest jms osav\u00f5ttu ajavahemikus septembrist juunini.<\/p>\n<p><strong>Koolituse l\u00e4biviimiseks vajaliku kvalifikatsiooni, \u00f5pi- v\u00f5i t\u00f6\u00f6kogemuse kirjeldus<\/strong><br \/>\nMiinimumn\u00f5uded: oskab v\u00f5ru keelt, omab v\u00e4hemasti viieaastast t\u00f6\u00f6kogemust, on oma valdkonna tunnustatud spetsialist.<\/p>\n","protected":false},"excerpt":{"rendered":"<p>T\u00e4iendkoolitusasutuse nimetus V\u00f5ru Instituut \u00d5ppekava nimetus V\u00f5rukeelsete keelepesade \u00f5petajate t\u00e4iendkoolitus \u00d5ppekavar\u00fchm Koolieelikute \u00f5petajate koolitus \u00d5ppe kogumaht 95 ak tundi, millest 83 ak tundi on kontakt\u00f5pet ja 12 ak tundi iseseisev t\u00f6\u00f6d \u00d5ppekava koostamise alus Instituudi direktori k\u00e4skkiri nr 9, 28.09.2015 \u201eT\u00e4iendkoolituse \u00f5ppekorralduse aluste ja kvaliteedi tagamise aluste kinnitamine\u201c Sihtgrupp ja \u00f5ppe alustamise tingimused T\u00e4iendkoolitusele v\u00f5ivad [&hellip;]<\/p>\n","protected":false},"author":2,"featured_media":0,"parent":76,"menu_order":0,"comment_status":"closed","ping_status":"closed","template":"","meta":{"_acf_changed":false,"footnotes":""},"class_list":["post-500","page","type-page","status-publish","hentry"],"acf":[],"yoast_head":"<!-- This site is optimized with the Yoast SEO plugin v27.4 - https:\/\/yoast.com\/product\/yoast-seo-wordpress\/ -->\n<title>Keelepesa \u00f5petajate t\u00e4iendkoolituse \u00f5ppekava 2016\/2017 - V\u00f5ru Instituut<\/title>\n<meta name=\"robots\" content=\"index, follow, max-snippet:-1, max-image-preview:large, max-video-preview:-1\" \/>\n<link rel=\"canonical\" href=\"https:\/\/wi.ee\/et\/tegemised\/keelepesa-opetajate-taiendkoolituse-oppekava-20152016\/\" \/>\n<meta property=\"og:locale\" content=\"et_EE\" \/>\n<meta property=\"og:type\" content=\"article\" \/>\n<meta property=\"og:title\" content=\"Keelepesa \u00f5petajate t\u00e4iendkoolituse \u00f5ppekava 2016\/2017 - V\u00f5ru Instituut\" \/>\n<meta property=\"og:description\" content=\"T\u00e4iendkoolitusasutuse nimetus V\u00f5ru Instituut \u00d5ppekava nimetus V\u00f5rukeelsete keelepesade \u00f5petajate t\u00e4iendkoolitus \u00d5ppekavar\u00fchm Koolieelikute \u00f5petajate koolitus \u00d5ppe kogumaht 95 ak tundi, millest 83 ak tundi on kontakt\u00f5pet ja 12 ak tundi iseseisev t\u00f6\u00f6d \u00d5ppekava koostamise alus Instituudi direktori k\u00e4skkiri nr 9, 28.09.2015 \u201eT\u00e4iendkoolituse \u00f5ppekorralduse aluste ja kvaliteedi tagamise aluste kinnitamine\u201c Sihtgrupp ja \u00f5ppe alustamise tingimused T\u00e4iendkoolitusele v\u00f5ivad [&hellip;]\" \/>\n<meta property=\"og:url\" content=\"https:\/\/wi.ee\/et\/tegemised\/keelepesa-opetajate-taiendkoolituse-oppekava-20152016\/\" \/>\n<meta property=\"og:site_name\" content=\"V\u00f5ru Instituut\" \/>\n<meta property=\"article:publisher\" content=\"https:\/\/www.facebook.com\/VoroInstituut\" \/>\n<meta property=\"article:modified_time\" content=\"2016-12-27T12:39:23+00:00\" \/>\n<meta property=\"og:image\" content=\"https:\/\/wi.ee\/wp-content\/uploads\/2015\/05\/logo-150507.png\" \/>\n\t<meta property=\"og:image:width\" content=\"183\" \/>\n\t<meta property=\"og:image:height\" content=\"123\" \/>\n\t<meta property=\"og:image:type\" content=\"image\/png\" \/>\n<meta name=\"twitter:label1\" content=\"Est. reading time\" \/>\n\t<meta name=\"twitter:data1\" content=\"2 minutit\" \/>\n<script type=\"application\/ld+json\" class=\"yoast-schema-graph\">{\"@context\":\"https:\\\/\\\/schema.org\",\"@graph\":[{\"@type\":\"WebPage\",\"@id\":\"https:\\\/\\\/wi.ee\\\/et\\\/tegemised\\\/keelepesa-opetajate-taiendkoolituse-oppekava-20152016\\\/\",\"url\":\"https:\\\/\\\/wi.ee\\\/et\\\/tegemised\\\/keelepesa-opetajate-taiendkoolituse-oppekava-20152016\\\/\",\"name\":\"Keelepesa \u00f5petajate t\u00e4iendkoolituse \u00f5ppekava 2016\\\/2017 - V\u00f5ru Instituut\",\"isPartOf\":{\"@id\":\"https:\\\/\\\/wi.ee\\\/et\\\/#website\"},\"datePublished\":\"2015-10-21T12:57:06+00:00\",\"dateModified\":\"2016-12-27T12:39:23+00:00\",\"breadcrumb\":{\"@id\":\"https:\\\/\\\/wi.ee\\\/et\\\/tegemised\\\/keelepesa-opetajate-taiendkoolituse-oppekava-20152016\\\/#breadcrumb\"},\"inLanguage\":\"et\",\"potentialAction\":[{\"@type\":\"ReadAction\",\"target\":[\"https:\\\/\\\/wi.ee\\\/et\\\/tegemised\\\/keelepesa-opetajate-taiendkoolituse-oppekava-20152016\\\/\"]}]},{\"@type\":\"BreadcrumbList\",\"@id\":\"https:\\\/\\\/wi.ee\\\/et\\\/tegemised\\\/keelepesa-opetajate-taiendkoolituse-oppekava-20152016\\\/#breadcrumb\",\"itemListElement\":[{\"@type\":\"ListItem\",\"position\":1,\"name\":\"Avaleht\",\"item\":\"https:\\\/\\\/wi.ee\\\/et\\\/\"},{\"@type\":\"ListItem\",\"position\":2,\"name\":\"Tegemised\",\"item\":\"https:\\\/\\\/wi.ee\\\/et\\\/tegemised\\\/\"},{\"@type\":\"ListItem\",\"position\":3,\"name\":\"Keelepesa \u00f5petajate t\u00e4iendkoolituse \u00f5ppekava 2016\\\/2017\"}]},{\"@type\":\"WebSite\",\"@id\":\"https:\\\/\\\/wi.ee\\\/et\\\/#website\",\"url\":\"https:\\\/\\\/wi.ee\\\/et\\\/\",\"name\":\"V\u00f5ru Instituut\",\"description\":\"\",\"publisher\":{\"@id\":\"https:\\\/\\\/wi.ee\\\/et\\\/#organization\"},\"potentialAction\":[{\"@type\":\"SearchAction\",\"target\":{\"@type\":\"EntryPoint\",\"urlTemplate\":\"https:\\\/\\\/wi.ee\\\/et\\\/?s={search_term_string}\"},\"query-input\":{\"@type\":\"PropertyValueSpecification\",\"valueRequired\":true,\"valueName\":\"search_term_string\"}}],\"inLanguage\":\"et\"},{\"@type\":\"Organization\",\"@id\":\"https:\\\/\\\/wi.ee\\\/et\\\/#organization\",\"name\":\"V\u00f5ru Instituut\",\"url\":\"https:\\\/\\\/wi.ee\\\/et\\\/\",\"logo\":{\"@type\":\"ImageObject\",\"inLanguage\":\"et\",\"@id\":\"https:\\\/\\\/wi.ee\\\/et\\\/#\\\/schema\\\/logo\\\/image\\\/\",\"url\":\"https:\\\/\\\/wi.ee\\\/wp-content\\\/uploads\\\/2015\\\/05\\\/logo-150507.png\",\"contentUrl\":\"https:\\\/\\\/wi.ee\\\/wp-content\\\/uploads\\\/2015\\\/05\\\/logo-150507.png\",\"width\":183,\"height\":123,\"caption\":\"V\u00f5ru Instituut\"},\"image\":{\"@id\":\"https:\\\/\\\/wi.ee\\\/et\\\/#\\\/schema\\\/logo\\\/image\\\/\"},\"sameAs\":[\"https:\\\/\\\/www.facebook.com\\\/VoroInstituut\"]}]}<\/script>\n<!-- \/ Yoast SEO plugin. -->","yoast_head_json":{"title":"Keelepesa \u00f5petajate t\u00e4iendkoolituse \u00f5ppekava 2016\/2017 - V\u00f5ru Instituut","robots":{"index":"index","follow":"follow","max-snippet":"max-snippet:-1","max-image-preview":"max-image-preview:large","max-video-preview":"max-video-preview:-1"},"canonical":"https:\/\/wi.ee\/et\/tegemised\/keelepesa-opetajate-taiendkoolituse-oppekava-20152016\/","og_locale":"et_EE","og_type":"article","og_title":"Keelepesa \u00f5petajate t\u00e4iendkoolituse \u00f5ppekava 2016\/2017 - V\u00f5ru Instituut","og_description":"T\u00e4iendkoolitusasutuse nimetus V\u00f5ru Instituut \u00d5ppekava nimetus V\u00f5rukeelsete keelepesade \u00f5petajate t\u00e4iendkoolitus \u00d5ppekavar\u00fchm Koolieelikute \u00f5petajate koolitus \u00d5ppe kogumaht 95 ak tundi, millest 83 ak tundi on kontakt\u00f5pet ja 12 ak tundi iseseisev t\u00f6\u00f6d \u00d5ppekava koostamise alus Instituudi direktori k\u00e4skkiri nr 9, 28.09.2015 \u201eT\u00e4iendkoolituse \u00f5ppekorralduse aluste ja kvaliteedi tagamise aluste kinnitamine\u201c Sihtgrupp ja \u00f5ppe alustamise tingimused T\u00e4iendkoolitusele v\u00f5ivad [&hellip;]","og_url":"https:\/\/wi.ee\/et\/tegemised\/keelepesa-opetajate-taiendkoolituse-oppekava-20152016\/","og_site_name":"V\u00f5ru Instituut","article_publisher":"https:\/\/www.facebook.com\/VoroInstituut","article_modified_time":"2016-12-27T12:39:23+00:00","og_image":[{"width":183,"height":123,"url":"https:\/\/wi.ee\/wp-content\/uploads\/2015\/05\/logo-150507.png","type":"image\/png"}],"twitter_misc":{"Est. reading time":"2 minutit"},"schema":{"@context":"https:\/\/schema.org","@graph":[{"@type":"WebPage","@id":"https:\/\/wi.ee\/et\/tegemised\/keelepesa-opetajate-taiendkoolituse-oppekava-20152016\/","url":"https:\/\/wi.ee\/et\/tegemised\/keelepesa-opetajate-taiendkoolituse-oppekava-20152016\/","name":"Keelepesa \u00f5petajate t\u00e4iendkoolituse \u00f5ppekava 2016\/2017 - V\u00f5ru Instituut","isPartOf":{"@id":"https:\/\/wi.ee\/et\/#website"},"datePublished":"2015-10-21T12:57:06+00:00","dateModified":"2016-12-27T12:39:23+00:00","breadcrumb":{"@id":"https:\/\/wi.ee\/et\/tegemised\/keelepesa-opetajate-taiendkoolituse-oppekava-20152016\/#breadcrumb"},"inLanguage":"et","potentialAction":[{"@type":"ReadAction","target":["https:\/\/wi.ee\/et\/tegemised\/keelepesa-opetajate-taiendkoolituse-oppekava-20152016\/"]}]},{"@type":"BreadcrumbList","@id":"https:\/\/wi.ee\/et\/tegemised\/keelepesa-opetajate-taiendkoolituse-oppekava-20152016\/#breadcrumb","itemListElement":[{"@type":"ListItem","position":1,"name":"Avaleht","item":"https:\/\/wi.ee\/et\/"},{"@type":"ListItem","position":2,"name":"Tegemised","item":"https:\/\/wi.ee\/et\/tegemised\/"},{"@type":"ListItem","position":3,"name":"Keelepesa \u00f5petajate t\u00e4iendkoolituse \u00f5ppekava 2016\/2017"}]},{"@type":"WebSite","@id":"https:\/\/wi.ee\/et\/#website","url":"https:\/\/wi.ee\/et\/","name":"V\u00f5ru Instituut","description":"","publisher":{"@id":"https:\/\/wi.ee\/et\/#organization"},"potentialAction":[{"@type":"SearchAction","target":{"@type":"EntryPoint","urlTemplate":"https:\/\/wi.ee\/et\/?s={search_term_string}"},"query-input":{"@type":"PropertyValueSpecification","valueRequired":true,"valueName":"search_term_string"}}],"inLanguage":"et"},{"@type":"Organization","@id":"https:\/\/wi.ee\/et\/#organization","name":"V\u00f5ru Instituut","url":"https:\/\/wi.ee\/et\/","logo":{"@type":"ImageObject","inLanguage":"et","@id":"https:\/\/wi.ee\/et\/#\/schema\/logo\/image\/","url":"https:\/\/wi.ee\/wp-content\/uploads\/2015\/05\/logo-150507.png","contentUrl":"https:\/\/wi.ee\/wp-content\/uploads\/2015\/05\/logo-150507.png","width":183,"height":123,"caption":"V\u00f5ru Instituut"},"image":{"@id":"https:\/\/wi.ee\/et\/#\/schema\/logo\/image\/"},"sameAs":["https:\/\/www.facebook.com\/VoroInstituut"]}]}},"_links":{"self":[{"href":"https:\/\/wi.ee\/et\/wp-json\/wp\/v2\/pages\/500","targetHints":{"allow":["GET"]}}],"collection":[{"href":"https:\/\/wi.ee\/et\/wp-json\/wp\/v2\/pages"}],"about":[{"href":"https:\/\/wi.ee\/et\/wp-json\/wp\/v2\/types\/page"}],"author":[{"embeddable":true,"href":"https:\/\/wi.ee\/et\/wp-json\/wp\/v2\/users\/2"}],"replies":[{"embeddable":true,"href":"https:\/\/wi.ee\/et\/wp-json\/wp\/v2\/comments?post=500"}],"version-history":[{"count":8,"href":"https:\/\/wi.ee\/et\/wp-json\/wp\/v2\/pages\/500\/revisions"}],"predecessor-version":[{"id":2179,"href":"https:\/\/wi.ee\/et\/wp-json\/wp\/v2\/pages\/500\/revisions\/2179"}],"up":[{"embeddable":true,"href":"https:\/\/wi.ee\/et\/wp-json\/wp\/v2\/pages\/76"}],"wp:attachment":[{"href":"https:\/\/wi.ee\/et\/wp-json\/wp\/v2\/media?parent=500"}],"curies":[{"name":"wp","href":"https:\/\/api.w.org\/{rel}","templated":true}]}}