{"id":4996,"date":"2018-10-17T10:40:33","date_gmt":"2018-10-17T08:40:33","guid":{"rendered":"https:\/\/wi.ee\/?page_id=4996"},"modified":"2018-11-02T17:01:01","modified_gmt":"2018-11-02T15:01:01","slug":"voru-keele-nadala-kava","status":"publish","type":"page","link":"https:\/\/wi.ee\/et\/voru-keele-nadala-kava\/","title":{"rendered":"V\u00f5ru keele n\u00e4dala kava"},"content":{"rendered":"<p><strong>V\u00f5ru keele n\u00e4dal 5.\u201311. novembrini 2018<\/strong><\/p>\n<p><strong>7. novembril<\/strong><\/p>\n<p>kell 13 v\u00f5ru keeles ettelugemise p\u00e4ev \u201eKull\u00f5, ma loe sull\u00f5!\u201d V\u00f5ru lasteraamatukogus. Rohkem infot: tel 525 3215 (Kaile Kabun).<\/p>\n<p><strong>8. novembril <\/strong><\/p>\n<p>Osula kooli \u00f5pilased esinevad V\u00f5ru instituudi saalis v\u00e4ikse kavaga lasteaialastele;<\/p>\n<p>kell 13 tutvustab Meelika Hainsoo Viljandi P\u00e4rimusmuusika Aidas uut Vana-V\u00f5rumaa laulum\u00e4ngude kogumikku ja albumit \u201e\u00d5nn\u00f5k\u00f5n siin ts\u00f5\u00f5rin olla\u2019\u201d;<\/p>\n<p>kell 14 Raimond Kolga koondkogu \u201ePeo p\u00e4\u00e4l elu h\u00f5p\u00f5\u201d esitlus V\u00f5rus Kreutzwaldi majamuuseumis. Tasuta. Rohkem infot: tel 5691 6281 (Tiia Allas);<\/p>\n<p>kell 19 Vana-V\u00f5rumaa laulum\u00e4ngude kogumiku ja albumi \u201e\u00d5nn\u00f5k\u00f5n siin ts\u00f5\u00f5rin olla\u2019\u201d esitlus koos ansambli Lepaseree kontserdiga Tartus Sisevete Saatkonnas. Pilet 8 eurot;<\/p>\n<p><strong>9. novembril<\/strong><\/p>\n<p>kell 19 Vana-V\u00f5rumaa laulum\u00e4ngude kogumiku ja albumi \u201e\u00d5nn\u00f5k\u00f5n siin ts\u00f5\u00f5rin olla\u2019\u201d esitlus koos ansambli Lepaseree kontserdiga V\u00f5rus Stedingu majas. Pilet 5 eurot;<\/p>\n<p><strong>10. novembril<\/strong><\/p>\n<p>kella 9\u201314 on V\u00f5rus Uma Meki suurlaat, kus kaubeldakse kohaliku s\u00f6\u00f6gikraamiga. Laada \u00fcks kauplemiskeel on v\u00f5ru kel. Rohkem infot: <a href=\"https:\/\/umamekk.ee\/suurlaat\/\">https:\/\/umamekk.ee\/suurlaat\/<\/a>;<\/p>\n<p>kell 19 Vana-V\u00f5rumaa laulum\u00e4ngude kogumiku ja albumi \u201e\u00d5nn\u00f5k\u00f5n siin ts\u00f5\u00f5rin olla\u2019\u201d esitlus koos ansambli Lepaseree kontserdiga Tallinnas Aidas (Theatrum). Pilet 8 eurot;<\/p>\n<p>v\u00f5ru keelepesa \u00f5petajad teevad v\u00e4ljas\u00f5idu Mulgimaale.<\/p>\n<p><strong>11. novembril<\/strong><\/p>\n<p>kell 16 V Uma Pido DVD esitlus V\u00f5rus Stedingu majas. Muusikat teeb Vana-V\u00f5romaa Vunkorkester. \u00dchiselt vaadatakse valitud kohti DVD-lt. Tasuta. Rohkem infot: tel 5691 6280 (Merike Tigas).<\/p>\n<p>***<\/p>\n<p><strong>Kogu n\u00e4dala jooksul<\/strong> saavad huvilised lahendada veebis v\u00f5rukeelset , mis puudutab s\u00f6\u00f6ke ja s\u00f6\u00f6mist.<\/p>\n<p>Kuulutatakse v\u00e4lja 32. \u201eMino V\u00f5romaa\u201d kirjat\u00f6\u00f6de v\u00f5istlus. Rohkem infot: tel 525 3215 (Kaile Kabun)<\/p>\n<p>8.\u201310. novembrini saab Tallinnas mardilaadal v\u00f5ru keelt k\u00f5nelda: v\u00f5rukesed n\u00e4itavad seal oma k\u00e4sit\u00f6\u00f6kaupu. Astu ligi ja tee kaupa v\u00f5ru keeles! Mardilaat toimub Saku suurhallis, v\u00f5rukesed leiad \u00fcles Vana-V\u00f5rumaa k\u00e4sit\u00f6\u00f6telgist. Rohkem infot: tel 554 1999 (Vilve Oja).<\/p>\n<p>&nbsp;<\/p>\n","protected":false},"excerpt":{"rendered":"<p>V\u00f5ru keele n\u00e4dal 5.\u201311. novembrini 2018 7. novembril kell 13 v\u00f5ru keeles ettelugemise p\u00e4ev \u201eKull\u00f5, ma loe sull\u00f5!\u201d V\u00f5ru lasteraamatukogus. Rohkem infot: tel 525 3215 (Kaile Kabun). 8. novembril Osula kooli \u00f5pilased esinevad V\u00f5ru instituudi saalis v\u00e4ikse kavaga lasteaialastele; kell 13 tutvustab Meelika Hainsoo Viljandi P\u00e4rimusmuusika Aidas uut Vana-V\u00f5rumaa laulum\u00e4ngude kogumikku ja albumit \u201e\u00d5nn\u00f5k\u00f5n siin [&hellip;]<\/p>\n","protected":false},"author":2,"featured_media":0,"parent":0,"menu_order":0,"comment_status":"closed","ping_status":"closed","template":"","meta":{"_acf_changed":false,"footnotes":""},"class_list":["post-4996","page","type-page","status-publish","hentry"],"acf":[],"yoast_head":"<!-- This site is optimized with the Yoast SEO plugin v27.3 - https:\/\/yoast.com\/product\/yoast-seo-wordpress\/ -->\n<title>V\u00f5ru keele n\u00e4dala kava - V\u00f5ru Instituut<\/title>\n<meta name=\"robots\" content=\"index, follow, max-snippet:-1, max-image-preview:large, max-video-preview:-1\" \/>\n<link rel=\"canonical\" href=\"https:\/\/wi.ee\/et\/voru-keele-nadala-kava\/\" \/>\n<meta property=\"og:locale\" content=\"et_EE\" \/>\n<meta property=\"og:type\" content=\"article\" \/>\n<meta property=\"og:title\" content=\"V\u00f5ru keele n\u00e4dala kava - V\u00f5ru Instituut\" \/>\n<meta property=\"og:description\" content=\"V\u00f5ru keele n\u00e4dal 5.\u201311. novembrini 2018 7. novembril kell 13 v\u00f5ru keeles ettelugemise p\u00e4ev \u201eKull\u00f5, ma loe sull\u00f5!\u201d V\u00f5ru lasteraamatukogus. Rohkem infot: tel 525 3215 (Kaile Kabun). 8. novembril Osula kooli \u00f5pilased esinevad V\u00f5ru instituudi saalis v\u00e4ikse kavaga lasteaialastele; kell 13 tutvustab Meelika Hainsoo Viljandi P\u00e4rimusmuusika Aidas uut Vana-V\u00f5rumaa laulum\u00e4ngude kogumikku ja albumit \u201e\u00d5nn\u00f5k\u00f5n siin [&hellip;]\" \/>\n<meta property=\"og:url\" content=\"https:\/\/wi.ee\/et\/voru-keele-nadala-kava\/\" \/>\n<meta property=\"og:site_name\" content=\"V\u00f5ru Instituut\" \/>\n<meta property=\"article:publisher\" content=\"https:\/\/www.facebook.com\/VoroInstituut\" \/>\n<meta property=\"article:modified_time\" content=\"2018-11-02T15:01:01+00:00\" \/>\n<meta property=\"og:image\" content=\"https:\/\/wi.ee\/wp-content\/uploads\/2015\/05\/logo-150507.png\" \/>\n\t<meta property=\"og:image:width\" content=\"183\" \/>\n\t<meta property=\"og:image:height\" content=\"123\" \/>\n\t<meta property=\"og:image:type\" content=\"image\/png\" \/>\n<meta name=\"twitter:label1\" content=\"Est. reading time\" \/>\n\t<meta name=\"twitter:data1\" content=\"1 minut\" \/>\n<script type=\"application\/ld+json\" class=\"yoast-schema-graph\">{\"@context\":\"https:\\\/\\\/schema.org\",\"@graph\":[{\"@type\":\"WebPage\",\"@id\":\"https:\\\/\\\/wi.ee\\\/et\\\/voru-keele-nadala-kava\\\/\",\"url\":\"https:\\\/\\\/wi.ee\\\/et\\\/voru-keele-nadala-kava\\\/\",\"name\":\"V\u00f5ru keele n\u00e4dala kava - V\u00f5ru Instituut\",\"isPartOf\":{\"@id\":\"https:\\\/\\\/wi.ee\\\/et\\\/#website\"},\"datePublished\":\"2018-10-17T08:40:33+00:00\",\"dateModified\":\"2018-11-02T15:01:01+00:00\",\"breadcrumb\":{\"@id\":\"https:\\\/\\\/wi.ee\\\/et\\\/voru-keele-nadala-kava\\\/#breadcrumb\"},\"inLanguage\":\"et\",\"potentialAction\":[{\"@type\":\"ReadAction\",\"target\":[\"https:\\\/\\\/wi.ee\\\/et\\\/voru-keele-nadala-kava\\\/\"]}]},{\"@type\":\"BreadcrumbList\",\"@id\":\"https:\\\/\\\/wi.ee\\\/et\\\/voru-keele-nadala-kava\\\/#breadcrumb\",\"itemListElement\":[{\"@type\":\"ListItem\",\"position\":1,\"name\":\"Avaleht\",\"item\":\"https:\\\/\\\/wi.ee\\\/et\\\/\"},{\"@type\":\"ListItem\",\"position\":2,\"name\":\"V\u00f5ru keele n\u00e4dala kava\"}]},{\"@type\":\"WebSite\",\"@id\":\"https:\\\/\\\/wi.ee\\\/et\\\/#website\",\"url\":\"https:\\\/\\\/wi.ee\\\/et\\\/\",\"name\":\"V\u00f5ru Instituut\",\"description\":\"\",\"publisher\":{\"@id\":\"https:\\\/\\\/wi.ee\\\/et\\\/#organization\"},\"potentialAction\":[{\"@type\":\"SearchAction\",\"target\":{\"@type\":\"EntryPoint\",\"urlTemplate\":\"https:\\\/\\\/wi.ee\\\/et\\\/?s={search_term_string}\"},\"query-input\":{\"@type\":\"PropertyValueSpecification\",\"valueRequired\":true,\"valueName\":\"search_term_string\"}}],\"inLanguage\":\"et\"},{\"@type\":\"Organization\",\"@id\":\"https:\\\/\\\/wi.ee\\\/et\\\/#organization\",\"name\":\"V\u00f5ru Instituut\",\"url\":\"https:\\\/\\\/wi.ee\\\/et\\\/\",\"logo\":{\"@type\":\"ImageObject\",\"inLanguage\":\"et\",\"@id\":\"https:\\\/\\\/wi.ee\\\/et\\\/#\\\/schema\\\/logo\\\/image\\\/\",\"url\":\"https:\\\/\\\/wi.ee\\\/wp-content\\\/uploads\\\/2015\\\/05\\\/logo-150507.png\",\"contentUrl\":\"https:\\\/\\\/wi.ee\\\/wp-content\\\/uploads\\\/2015\\\/05\\\/logo-150507.png\",\"width\":183,\"height\":123,\"caption\":\"V\u00f5ru Instituut\"},\"image\":{\"@id\":\"https:\\\/\\\/wi.ee\\\/et\\\/#\\\/schema\\\/logo\\\/image\\\/\"},\"sameAs\":[\"https:\\\/\\\/www.facebook.com\\\/VoroInstituut\"]}]}<\/script>\n<!-- \/ Yoast SEO plugin. -->","yoast_head_json":{"title":"V\u00f5ru keele n\u00e4dala kava - V\u00f5ru Instituut","robots":{"index":"index","follow":"follow","max-snippet":"max-snippet:-1","max-image-preview":"max-image-preview:large","max-video-preview":"max-video-preview:-1"},"canonical":"https:\/\/wi.ee\/et\/voru-keele-nadala-kava\/","og_locale":"et_EE","og_type":"article","og_title":"V\u00f5ru keele n\u00e4dala kava - V\u00f5ru Instituut","og_description":"V\u00f5ru keele n\u00e4dal 5.\u201311. novembrini 2018 7. novembril kell 13 v\u00f5ru keeles ettelugemise p\u00e4ev \u201eKull\u00f5, ma loe sull\u00f5!\u201d V\u00f5ru lasteraamatukogus. Rohkem infot: tel 525 3215 (Kaile Kabun). 8. novembril Osula kooli \u00f5pilased esinevad V\u00f5ru instituudi saalis v\u00e4ikse kavaga lasteaialastele; kell 13 tutvustab Meelika Hainsoo Viljandi P\u00e4rimusmuusika Aidas uut Vana-V\u00f5rumaa laulum\u00e4ngude kogumikku ja albumit \u201e\u00d5nn\u00f5k\u00f5n siin [&hellip;]","og_url":"https:\/\/wi.ee\/et\/voru-keele-nadala-kava\/","og_site_name":"V\u00f5ru Instituut","article_publisher":"https:\/\/www.facebook.com\/VoroInstituut","article_modified_time":"2018-11-02T15:01:01+00:00","og_image":[{"width":183,"height":123,"url":"https:\/\/wi.ee\/wp-content\/uploads\/2015\/05\/logo-150507.png","type":"image\/png"}],"twitter_misc":{"Est. reading time":"1 minut"},"schema":{"@context":"https:\/\/schema.org","@graph":[{"@type":"WebPage","@id":"https:\/\/wi.ee\/et\/voru-keele-nadala-kava\/","url":"https:\/\/wi.ee\/et\/voru-keele-nadala-kava\/","name":"V\u00f5ru keele n\u00e4dala kava - V\u00f5ru Instituut","isPartOf":{"@id":"https:\/\/wi.ee\/et\/#website"},"datePublished":"2018-10-17T08:40:33+00:00","dateModified":"2018-11-02T15:01:01+00:00","breadcrumb":{"@id":"https:\/\/wi.ee\/et\/voru-keele-nadala-kava\/#breadcrumb"},"inLanguage":"et","potentialAction":[{"@type":"ReadAction","target":["https:\/\/wi.ee\/et\/voru-keele-nadala-kava\/"]}]},{"@type":"BreadcrumbList","@id":"https:\/\/wi.ee\/et\/voru-keele-nadala-kava\/#breadcrumb","itemListElement":[{"@type":"ListItem","position":1,"name":"Avaleht","item":"https:\/\/wi.ee\/et\/"},{"@type":"ListItem","position":2,"name":"V\u00f5ru keele n\u00e4dala kava"}]},{"@type":"WebSite","@id":"https:\/\/wi.ee\/et\/#website","url":"https:\/\/wi.ee\/et\/","name":"V\u00f5ru Instituut","description":"","publisher":{"@id":"https:\/\/wi.ee\/et\/#organization"},"potentialAction":[{"@type":"SearchAction","target":{"@type":"EntryPoint","urlTemplate":"https:\/\/wi.ee\/et\/?s={search_term_string}"},"query-input":{"@type":"PropertyValueSpecification","valueRequired":true,"valueName":"search_term_string"}}],"inLanguage":"et"},{"@type":"Organization","@id":"https:\/\/wi.ee\/et\/#organization","name":"V\u00f5ru Instituut","url":"https:\/\/wi.ee\/et\/","logo":{"@type":"ImageObject","inLanguage":"et","@id":"https:\/\/wi.ee\/et\/#\/schema\/logo\/image\/","url":"https:\/\/wi.ee\/wp-content\/uploads\/2015\/05\/logo-150507.png","contentUrl":"https:\/\/wi.ee\/wp-content\/uploads\/2015\/05\/logo-150507.png","width":183,"height":123,"caption":"V\u00f5ru Instituut"},"image":{"@id":"https:\/\/wi.ee\/et\/#\/schema\/logo\/image\/"},"sameAs":["https:\/\/www.facebook.com\/VoroInstituut"]}]}},"_links":{"self":[{"href":"https:\/\/wi.ee\/et\/wp-json\/wp\/v2\/pages\/4996","targetHints":{"allow":["GET"]}}],"collection":[{"href":"https:\/\/wi.ee\/et\/wp-json\/wp\/v2\/pages"}],"about":[{"href":"https:\/\/wi.ee\/et\/wp-json\/wp\/v2\/types\/page"}],"author":[{"embeddable":true,"href":"https:\/\/wi.ee\/et\/wp-json\/wp\/v2\/users\/2"}],"replies":[{"embeddable":true,"href":"https:\/\/wi.ee\/et\/wp-json\/wp\/v2\/comments?post=4996"}],"version-history":[{"count":5,"href":"https:\/\/wi.ee\/et\/wp-json\/wp\/v2\/pages\/4996\/revisions"}],"predecessor-version":[{"id":5036,"href":"https:\/\/wi.ee\/et\/wp-json\/wp\/v2\/pages\/4996\/revisions\/5036"}],"wp:attachment":[{"href":"https:\/\/wi.ee\/et\/wp-json\/wp\/v2\/media?parent=4996"}],"curies":[{"name":"wp","href":"https:\/\/api.w.org\/{rel}","templated":true}]}}