{"id":491,"date":"2015-10-21T14:28:08","date_gmt":"2015-10-21T12:28:08","guid":{"rendered":"https:\/\/wi.ee\/?page_id=491"},"modified":"2016-03-08T15:47:02","modified_gmt":"2016-03-08T13:47:02","slug":"taienduskoolituste-kvaliteedi-tagamise-alused","status":"publish","type":"page","link":"https:\/\/wi.ee\/et\/tegemised\/taienduskoolituste-kvaliteedi-tagamise-alused\/","title":{"rendered":"T\u00e4ienduskoolituste kvaliteedi tagamise alused"},"content":{"rendered":"<p>1. V\u00f5ru Instituut hindab koolitustele antud tagasisidet ja v\u00e4\u00e4rtustab koost\u00f6\u00f6d koolitustel osalejate ja lektoritega.<\/p>\n<p>2. \u00d5ppekavade ja koolitusplaanide koostamisel tehakse koost\u00f6\u00f6d valdkonna spetsialistidega. Koolituste sisu ja \u00f5ppematerjale hinnatakse ja uuendatakse regulaarselt l\u00e4htuvalt tagasisidest, koolitajate ja ekspertide antud sisendist ning koolitustel osalejate ootustest ja vajadustest.<\/p>\n<p>3. V\u00f5ru Instituut kaasab koolitajaid, kes omavad valdkonnas nii teoreetilist kui praktilist kogemust.<\/p>\n<p>4. V\u00f5ru Instituudi koolitused viiakse l\u00e4bi \u00f5ppimist soodustavas \u00f5pikeskkonnas. \u00d5pperuumides on tagatud t\u00f6\u00f6vahendid, tehnika, samuti peab ruum vastama t\u00f6\u00f6ohutuse ja -tervishoiu n\u00f5uetele (sh valgus, \u00f5hutus, temperatuur). Tagasisidevorm sisaldab k\u00fcsimust \u00f5pikeskkonna osas.<\/p>\n<p>5. Iga koolituse kohta k\u00fcsitakse osalejatelt tagasisidet. Tagasiside on aluseks koolitajate valikul ning \u00f5ppekavade ja koolitusplaanide uuendamisel.<\/p>\n","protected":false},"excerpt":{"rendered":"<p>1. V\u00f5ru Instituut hindab koolitustele antud tagasisidet ja v\u00e4\u00e4rtustab koost\u00f6\u00f6d koolitustel osalejate ja lektoritega. 2. \u00d5ppekavade ja koolitusplaanide koostamisel tehakse koost\u00f6\u00f6d valdkonna spetsialistidega. Koolituste sisu ja \u00f5ppematerjale hinnatakse ja uuendatakse regulaarselt l\u00e4htuvalt tagasisidest, koolitajate ja ekspertide antud sisendist ning koolitustel osalejate ootustest ja vajadustest. 3. V\u00f5ru Instituut kaasab koolitajaid, kes omavad valdkonnas nii teoreetilist kui [&hellip;]<\/p>\n","protected":false},"author":2,"featured_media":0,"parent":76,"menu_order":0,"comment_status":"closed","ping_status":"closed","template":"","meta":{"_acf_changed":false,"footnotes":""},"class_list":["post-491","page","type-page","status-publish","hentry"],"acf":[],"yoast_head":"<!-- This site is optimized with the Yoast SEO plugin v27.4 - https:\/\/yoast.com\/product\/yoast-seo-wordpress\/ -->\n<title>T\u00e4ienduskoolituste kvaliteedi tagamise alused - V\u00f5ru Instituut<\/title>\n<meta name=\"robots\" content=\"index, follow, max-snippet:-1, max-image-preview:large, max-video-preview:-1\" \/>\n<link rel=\"canonical\" href=\"https:\/\/wi.ee\/et\/tegemised\/taienduskoolituste-kvaliteedi-tagamise-alused\/\" \/>\n<meta property=\"og:locale\" content=\"et_EE\" \/>\n<meta property=\"og:type\" content=\"article\" \/>\n<meta property=\"og:title\" content=\"T\u00e4ienduskoolituste kvaliteedi tagamise alused - V\u00f5ru Instituut\" \/>\n<meta property=\"og:description\" content=\"1. V\u00f5ru Instituut hindab koolitustele antud tagasisidet ja v\u00e4\u00e4rtustab koost\u00f6\u00f6d koolitustel osalejate ja lektoritega. 2. \u00d5ppekavade ja koolitusplaanide koostamisel tehakse koost\u00f6\u00f6d valdkonna spetsialistidega. Koolituste sisu ja \u00f5ppematerjale hinnatakse ja uuendatakse regulaarselt l\u00e4htuvalt tagasisidest, koolitajate ja ekspertide antud sisendist ning koolitustel osalejate ootustest ja vajadustest. 3. V\u00f5ru Instituut kaasab koolitajaid, kes omavad valdkonnas nii teoreetilist kui [&hellip;]\" \/>\n<meta property=\"og:url\" content=\"https:\/\/wi.ee\/et\/tegemised\/taienduskoolituste-kvaliteedi-tagamise-alused\/\" \/>\n<meta property=\"og:site_name\" content=\"V\u00f5ru Instituut\" \/>\n<meta property=\"article:publisher\" content=\"https:\/\/www.facebook.com\/VoroInstituut\" \/>\n<meta property=\"article:modified_time\" content=\"2016-03-08T13:47:02+00:00\" \/>\n<meta property=\"og:image\" content=\"https:\/\/wi.ee\/wp-content\/uploads\/2015\/05\/logo-150507.png\" \/>\n\t<meta property=\"og:image:width\" content=\"183\" \/>\n\t<meta property=\"og:image:height\" content=\"123\" \/>\n\t<meta property=\"og:image:type\" content=\"image\/png\" \/>\n<meta name=\"twitter:label1\" content=\"Est. reading time\" \/>\n\t<meta name=\"twitter:data1\" content=\"1 minut\" \/>\n<script type=\"application\/ld+json\" class=\"yoast-schema-graph\">{\"@context\":\"https:\\\/\\\/schema.org\",\"@graph\":[{\"@type\":\"WebPage\",\"@id\":\"https:\\\/\\\/wi.ee\\\/et\\\/tegemised\\\/taienduskoolituste-kvaliteedi-tagamise-alused\\\/\",\"url\":\"https:\\\/\\\/wi.ee\\\/et\\\/tegemised\\\/taienduskoolituste-kvaliteedi-tagamise-alused\\\/\",\"name\":\"T\u00e4ienduskoolituste kvaliteedi tagamise alused - V\u00f5ru Instituut\",\"isPartOf\":{\"@id\":\"https:\\\/\\\/wi.ee\\\/et\\\/#website\"},\"datePublished\":\"2015-10-21T12:28:08+00:00\",\"dateModified\":\"2016-03-08T13:47:02+00:00\",\"breadcrumb\":{\"@id\":\"https:\\\/\\\/wi.ee\\\/et\\\/tegemised\\\/taienduskoolituste-kvaliteedi-tagamise-alused\\\/#breadcrumb\"},\"inLanguage\":\"et\",\"potentialAction\":[{\"@type\":\"ReadAction\",\"target\":[\"https:\\\/\\\/wi.ee\\\/et\\\/tegemised\\\/taienduskoolituste-kvaliteedi-tagamise-alused\\\/\"]}]},{\"@type\":\"BreadcrumbList\",\"@id\":\"https:\\\/\\\/wi.ee\\\/et\\\/tegemised\\\/taienduskoolituste-kvaliteedi-tagamise-alused\\\/#breadcrumb\",\"itemListElement\":[{\"@type\":\"ListItem\",\"position\":1,\"name\":\"Avaleht\",\"item\":\"https:\\\/\\\/wi.ee\\\/et\\\/\"},{\"@type\":\"ListItem\",\"position\":2,\"name\":\"Tegemised\",\"item\":\"https:\\\/\\\/wi.ee\\\/et\\\/tegemised\\\/\"},{\"@type\":\"ListItem\",\"position\":3,\"name\":\"T\u00e4ienduskoolituste kvaliteedi tagamise alused\"}]},{\"@type\":\"WebSite\",\"@id\":\"https:\\\/\\\/wi.ee\\\/et\\\/#website\",\"url\":\"https:\\\/\\\/wi.ee\\\/et\\\/\",\"name\":\"V\u00f5ru Instituut\",\"description\":\"\",\"publisher\":{\"@id\":\"https:\\\/\\\/wi.ee\\\/et\\\/#organization\"},\"potentialAction\":[{\"@type\":\"SearchAction\",\"target\":{\"@type\":\"EntryPoint\",\"urlTemplate\":\"https:\\\/\\\/wi.ee\\\/et\\\/?s={search_term_string}\"},\"query-input\":{\"@type\":\"PropertyValueSpecification\",\"valueRequired\":true,\"valueName\":\"search_term_string\"}}],\"inLanguage\":\"et\"},{\"@type\":\"Organization\",\"@id\":\"https:\\\/\\\/wi.ee\\\/et\\\/#organization\",\"name\":\"V\u00f5ru Instituut\",\"url\":\"https:\\\/\\\/wi.ee\\\/et\\\/\",\"logo\":{\"@type\":\"ImageObject\",\"inLanguage\":\"et\",\"@id\":\"https:\\\/\\\/wi.ee\\\/et\\\/#\\\/schema\\\/logo\\\/image\\\/\",\"url\":\"https:\\\/\\\/wi.ee\\\/wp-content\\\/uploads\\\/2015\\\/05\\\/logo-150507.png\",\"contentUrl\":\"https:\\\/\\\/wi.ee\\\/wp-content\\\/uploads\\\/2015\\\/05\\\/logo-150507.png\",\"width\":183,\"height\":123,\"caption\":\"V\u00f5ru Instituut\"},\"image\":{\"@id\":\"https:\\\/\\\/wi.ee\\\/et\\\/#\\\/schema\\\/logo\\\/image\\\/\"},\"sameAs\":[\"https:\\\/\\\/www.facebook.com\\\/VoroInstituut\"]}]}<\/script>\n<!-- \/ Yoast SEO plugin. -->","yoast_head_json":{"title":"T\u00e4ienduskoolituste kvaliteedi tagamise alused - V\u00f5ru Instituut","robots":{"index":"index","follow":"follow","max-snippet":"max-snippet:-1","max-image-preview":"max-image-preview:large","max-video-preview":"max-video-preview:-1"},"canonical":"https:\/\/wi.ee\/et\/tegemised\/taienduskoolituste-kvaliteedi-tagamise-alused\/","og_locale":"et_EE","og_type":"article","og_title":"T\u00e4ienduskoolituste kvaliteedi tagamise alused - V\u00f5ru Instituut","og_description":"1. V\u00f5ru Instituut hindab koolitustele antud tagasisidet ja v\u00e4\u00e4rtustab koost\u00f6\u00f6d koolitustel osalejate ja lektoritega. 2. \u00d5ppekavade ja koolitusplaanide koostamisel tehakse koost\u00f6\u00f6d valdkonna spetsialistidega. Koolituste sisu ja \u00f5ppematerjale hinnatakse ja uuendatakse regulaarselt l\u00e4htuvalt tagasisidest, koolitajate ja ekspertide antud sisendist ning koolitustel osalejate ootustest ja vajadustest. 3. V\u00f5ru Instituut kaasab koolitajaid, kes omavad valdkonnas nii teoreetilist kui [&hellip;]","og_url":"https:\/\/wi.ee\/et\/tegemised\/taienduskoolituste-kvaliteedi-tagamise-alused\/","og_site_name":"V\u00f5ru Instituut","article_publisher":"https:\/\/www.facebook.com\/VoroInstituut","article_modified_time":"2016-03-08T13:47:02+00:00","og_image":[{"width":183,"height":123,"url":"https:\/\/wi.ee\/wp-content\/uploads\/2015\/05\/logo-150507.png","type":"image\/png"}],"twitter_misc":{"Est. reading time":"1 minut"},"schema":{"@context":"https:\/\/schema.org","@graph":[{"@type":"WebPage","@id":"https:\/\/wi.ee\/et\/tegemised\/taienduskoolituste-kvaliteedi-tagamise-alused\/","url":"https:\/\/wi.ee\/et\/tegemised\/taienduskoolituste-kvaliteedi-tagamise-alused\/","name":"T\u00e4ienduskoolituste kvaliteedi tagamise alused - V\u00f5ru Instituut","isPartOf":{"@id":"https:\/\/wi.ee\/et\/#website"},"datePublished":"2015-10-21T12:28:08+00:00","dateModified":"2016-03-08T13:47:02+00:00","breadcrumb":{"@id":"https:\/\/wi.ee\/et\/tegemised\/taienduskoolituste-kvaliteedi-tagamise-alused\/#breadcrumb"},"inLanguage":"et","potentialAction":[{"@type":"ReadAction","target":["https:\/\/wi.ee\/et\/tegemised\/taienduskoolituste-kvaliteedi-tagamise-alused\/"]}]},{"@type":"BreadcrumbList","@id":"https:\/\/wi.ee\/et\/tegemised\/taienduskoolituste-kvaliteedi-tagamise-alused\/#breadcrumb","itemListElement":[{"@type":"ListItem","position":1,"name":"Avaleht","item":"https:\/\/wi.ee\/et\/"},{"@type":"ListItem","position":2,"name":"Tegemised","item":"https:\/\/wi.ee\/et\/tegemised\/"},{"@type":"ListItem","position":3,"name":"T\u00e4ienduskoolituste kvaliteedi tagamise alused"}]},{"@type":"WebSite","@id":"https:\/\/wi.ee\/et\/#website","url":"https:\/\/wi.ee\/et\/","name":"V\u00f5ru Instituut","description":"","publisher":{"@id":"https:\/\/wi.ee\/et\/#organization"},"potentialAction":[{"@type":"SearchAction","target":{"@type":"EntryPoint","urlTemplate":"https:\/\/wi.ee\/et\/?s={search_term_string}"},"query-input":{"@type":"PropertyValueSpecification","valueRequired":true,"valueName":"search_term_string"}}],"inLanguage":"et"},{"@type":"Organization","@id":"https:\/\/wi.ee\/et\/#organization","name":"V\u00f5ru Instituut","url":"https:\/\/wi.ee\/et\/","logo":{"@type":"ImageObject","inLanguage":"et","@id":"https:\/\/wi.ee\/et\/#\/schema\/logo\/image\/","url":"https:\/\/wi.ee\/wp-content\/uploads\/2015\/05\/logo-150507.png","contentUrl":"https:\/\/wi.ee\/wp-content\/uploads\/2015\/05\/logo-150507.png","width":183,"height":123,"caption":"V\u00f5ru Instituut"},"image":{"@id":"https:\/\/wi.ee\/et\/#\/schema\/logo\/image\/"},"sameAs":["https:\/\/www.facebook.com\/VoroInstituut"]}]}},"_links":{"self":[{"href":"https:\/\/wi.ee\/et\/wp-json\/wp\/v2\/pages\/491","targetHints":{"allow":["GET"]}}],"collection":[{"href":"https:\/\/wi.ee\/et\/wp-json\/wp\/v2\/pages"}],"about":[{"href":"https:\/\/wi.ee\/et\/wp-json\/wp\/v2\/types\/page"}],"author":[{"embeddable":true,"href":"https:\/\/wi.ee\/et\/wp-json\/wp\/v2\/users\/2"}],"replies":[{"embeddable":true,"href":"https:\/\/wi.ee\/et\/wp-json\/wp\/v2\/comments?post=491"}],"version-history":[{"count":1,"href":"https:\/\/wi.ee\/et\/wp-json\/wp\/v2\/pages\/491\/revisions"}],"predecessor-version":[{"id":492,"href":"https:\/\/wi.ee\/et\/wp-json\/wp\/v2\/pages\/491\/revisions\/492"}],"up":[{"embeddable":true,"href":"https:\/\/wi.ee\/et\/wp-json\/wp\/v2\/pages\/76"}],"wp:attachment":[{"href":"https:\/\/wi.ee\/et\/wp-json\/wp\/v2\/media?parent=491"}],"curies":[{"name":"wp","href":"https:\/\/api.w.org\/{rel}","templated":true}]}}