{"id":487,"date":"2015-10-21T14:25:09","date_gmt":"2015-10-21T12:25:09","guid":{"rendered":"https:\/\/wi.ee\/?page_id=487"},"modified":"2016-03-08T15:45:09","modified_gmt":"2016-03-08T13:45:09","slug":"taienduskoolituse-oppekorralduse-alused","status":"publish","type":"page","link":"https:\/\/wi.ee\/et\/tegemised\/taienduskoolituse-oppekorralduse-alused\/","title":{"rendered":"T\u00e4ienduskoolituse \u00f5ppekorralduse alused"},"content":{"rendered":"<ol>\n<li><strong> \u00dclds\u00e4tted<\/strong><\/li>\n<\/ol>\n<p>1.1. V\u00f5ru Instituut (reg. kood 70004347) l\u00e4htub t\u00e4ienduskoolituse korraldamisel kehtivast t\u00e4iskasvanute koolituse seadusest ning teistest seonduvatest \u00f5igusaktidest ja dokumentidest.<br \/>\n1.2. V\u00f5ru Instituut on teadus- ja arendusasutus, mis korraldab t\u00e4ienduskoolitust mitmekesistamaks v\u00f5ru keele ja kultuuri \u00f5petamist piirkonna koolides ja koolieelsetes lasteasutustes ning parandamaks t\u00e4iskasvanute v\u00f5ru keele oskust.<br \/>\n1.3. \u00d5ppet\u00f6\u00f6 toimub enamasti aadressil Tartu 48, V\u00f5ru, kuid vajaduse korral ka teistes \u00f5ppet\u00f6\u00f6ks sobivates kohtades.<br \/>\n1.4. \u00d5ppet\u00f6\u00f6 toimub koolitusp\u00e4evadena septembrist juunini. Koolitused toimuvad koolituskalendri alusel. Koolituse mahtu arvestatakse akadeemilistes tundides, kus \u00fcks akadeemiline tund on 45 minutit.<br \/>\n1.5. Koolitused toimuvad grupikoolitusena.<br \/>\n1.6. V\u00f5ru Instituudi asjaajamis- ja \u00f5ppekeeled on v\u00f5ru keel ja eesti keel.<br \/>\n1.7. \u00d5pingute alusdokument on \u00f5ppekava, kus on m\u00e4\u00e4ratletud:<br \/>\n1.7.1. \u00f5ppekava nimetus;<br \/>\n1.7.2. \u00f5ppekavar\u00fchm;<br \/>\n1.7.3. \u00f5piv\u00e4ljundid;<br \/>\n1.7.4. \u00f5pingute alustamise tingimused, juhul kui need on eeltingimuseks \u00f5piv\u00e4ljundite saavutamisel;<br \/>\n1.7.5. \u00f5ppe kogumaht, sealhulgas auditoorse, praktilise ja iseseisva t\u00f6\u00f6 osakaal;<br \/>\n1.7.6. \u00f5ppe sisu;<br \/>\n1.7.7. \u00f5ppekeskkonna kirjeldus;<br \/>\n1.7.8. \u00f5ppematerjalide loend, juhul kui \u00f5ppekava l\u00e4bimiseks on ette n\u00e4htud \u00f5ppematerjalid;<br \/>\n1.7.9. l\u00f5petamise tingimused ja v\u00e4ljastatavad dokumendid;<br \/>\n1.7.10. koolituse juhendaja vajaliku kvalifikatsiooni, \u00f5pi- v\u00f5i t\u00f6\u00f6kogemuse kirjeldus.<\/p>\n<p>&nbsp;<\/p>\n<ol start=\"2\">\n<li><strong> Isikuandmete kogumine ja t\u00f6\u00f6tlemine<\/strong><\/li>\n<\/ol>\n<p>2.1. V\u00f5ru Instituut kogub \u00f5ppijate kohta j\u00e4rgmisi andmeid: nimi, e-posti aadress, kontakttelefon ning asuliste koolituste puhul ka isikukood. Isikuandmeid t\u00f6\u00f6deldakse vastavalt isikuandmete kaitse seadusele.<\/p>\n<p>&nbsp;<\/p>\n<ol start=\"3\">\n<li><strong> Koolitusele registreerumine, koolitusgrupi komplekteerimine ja koolitusel osalemine<\/strong><\/li>\n<\/ol>\n<p>3.1. Koolitusele registreerumine<\/p>\n<p>3.1.1. Koolitusele tuleb eelnevalt registreeruda. Registreeruda saab e-posti teel (&#x77;&#105;&#64;&#x77;&#105;&#46;&#x65;&#101;) v\u00f5i telefonitsi (782 8750).<br \/>\n3.1.2. \u00d5ppijal on \u00f5igus saada t\u00e4iendavat infot t\u00e4ienduskoolituse kontkaktisikutelt, kelle kontaktid on V\u00f5ru Instituudi kodulehel t\u00e4ienduskoolitusi tutvustavatel sisulehtedel.<\/p>\n<p>3.2. Koolitusgrupi komplekteerimine<\/p>\n<p>3.2.1. \u00d5ppegrupp moodustatakse koolitusele registreerumise j\u00e4rjekorra alusel.<br \/>\n3.2.2. Koolituse alustamiseks koostatakse koolitusel \u00f5ppijate nimekiri.<\/p>\n<p>3.3. \u00d5ppet\u00f6\u00f6st osav\u00f5ttu kinnitab osaleja oma allkirjaga registreerimislehel.<\/p>\n<p>&nbsp;<\/p>\n<ol start=\"4\">\n<li><strong> Koolituse l\u00f5petamine ja v\u00e4ljaarvamise kord<\/strong><\/li>\n<\/ol>\n<p>4.1. Koolituse l\u00f5petamise tingimused on s\u00e4testatud koolituse \u00f5ppekavas. Koolituse \u00f5piv\u00e4ljundid omandanud ning hindamise l\u00e4binud \u00f5ppijale v\u00e4ljastatakse tunnistus v\u00f5i t\u00f5end.<br \/>\n4.2. Koolituse kohta tagasiside saamiseks t\u00e4idavad koolituse l\u00f5petajad kursuse l\u00f5pus ankeetk\u00fcsimustiku v\u00f5i annavad tagasiside muus vormis.<\/p>\n<p><strong>\u00a0<\/strong><\/p>\n<ol start=\"5\">\n<li><strong> Koolituse eest tasumine<\/strong><\/li>\n<\/ol>\n<p>5.1. \u00d5petajatele m\u00f5eldud t\u00e4ienduskoolitused on osalejatele tasuta.<\/p>\n<p>5.2. Juhul kui tegemist on erikoolitusega, lepitakse koolituse tasu eelnevalt kokku t\u00e4ienduskoolitust soovivate inimestega. Sellisel juhul toimub koolituse eest tasumine arve alusel p\u00e4rast koolituse l\u00f5ppu. Arve saadetakse e-posti teel. Arve tuleb tasuda arvel m\u00e4rgitud t\u00e4htajaks.<\/p>\n<p>5.3. Makset\u00e4htaja \u00fcletamisel 45 p\u00e4eva ja\/v\u00f5i hoolimata meiepoolsetest meeldetuletustest, antakse tasumata arve inkassofirmale edasiseks k\u00e4sitlemiseks.<\/p>\n<p>5.4. V\u00f5ru Instituudi koolituse eest makstud \u00f5ppetasu on koolituse eest tasujal \u00f5igus n\u00e4idata tuludeklaratsioonis koolituskuluna vastavalt tulumaksuseadusele \u00a726. V\u00f5ru Instituut edastab koolitatavate andmed ise elektrooniliselt Maksu- ja Tolliametile, seega ei pea \u00f5ppija ise dokumente Maksu- ja Tolliametile esitama. Juhul, kui osaleja andmed ei kajastu mingil p\u00f5hjusel eelt\u00e4idetud tuludeklaratsioonil, on \u00f5igus p\u00f6\u00f6rduda V\u00f5ru Instituudi poole.<\/p>\n<p><strong>\u00a0<\/strong><\/p>\n<ol start=\"6\">\n<li><strong> \u00d5ppija \u00f5igused ja kohustused<\/strong><\/li>\n<\/ol>\n<p><strong>6.1. \u00d5ppijal on \u00f5igus<\/strong>:<br \/>\n6.1.1. valida oma v\u00f5imetele ja huvidele vastav kursus;<br \/>\n6.1.2. n\u00f5uda kvaliteetset koolitust;<br \/>\n6.1.3. saada teavet V\u00f5ru Instituudi \u00f5ppekorralduse ja \u00f5ppekava kohta;<br \/>\n6.1.4. lahkuda omal soovil enne \u00f5ppeperioodi l\u00f5ppu;<br \/>\n6.1.5. saada kursuse l\u00f5pus kursusel osalemist kinnitav tunnistus v\u00f5i t\u00f5end.<\/p>\n<p><strong>6.2. \u00d5ppija on kohustatud<\/strong>:<br \/>\n6.2.1. tegutsema h\u00e4daolukorras (tulekahju, veeavarii, pommi\u00e4hvardus jms) vastavalt eeskirjadele ja V\u00f5ru Instituudi t\u00f6\u00f6tajate korraldustele;<br \/>\n6.2.2. hoidma heaperemehelikult tema kasutusse antud \u00f5ppevahendeid ja V\u00f5ru Instituudi vara;<br \/>\n6.2.3. k\u00e4ituma vastavalt \u00fcldtunnustatud k\u00f5lblusnormidele.<\/p>\n<p>&nbsp;<\/p>\n<ol start=\"7\">\n<li><strong> Lektorite kvalifikatsioonin\u00f5uded<\/strong><\/li>\n<\/ol>\n<p>7.1. Lektorid peavad omama k\u00f5rgemat erialast haridust v\u00f5i olema aktiivselt tegutsenud \u00f5petatavas valdkonnas ning omama vastavasisulist kogemust, mida nad on v\u00f5imelised t\u00f5estama.<br \/>\n7.2. Lektorid peavad oskama v\u00f5ru keelt v\u00e4hemalt sellisel tasemel, mis v\u00f5imaldab v\u00f5rukeelsest k\u00f5nest arusaamist.<\/p>\n<p>&nbsp;<\/p>\n<ol start=\"8\">\n<li><strong> Vaidluste lahendamise kord<\/strong><\/li>\n<\/ol>\n<p>8.1. V\u00f5ru Instituudi ja \u00f5ppija vahel tekkinud eriarvamused ja vaidlused lahendatakse l\u00e4bir\u00e4\u00e4kimiste teel. Kui tekkinud erimeelsusi ei \u00f5nnestu lahendada l\u00e4bir\u00e4\u00e4kimistega, lahendatakse vaidlus kohtus.<\/p>\n","protected":false},"excerpt":{"rendered":"<p>\u00dclds\u00e4tted 1.1. V\u00f5ru Instituut (reg. kood 70004347) l\u00e4htub t\u00e4ienduskoolituse korraldamisel kehtivast t\u00e4iskasvanute koolituse seadusest ning teistest seonduvatest \u00f5igusaktidest ja dokumentidest. 1.2. V\u00f5ru Instituut on teadus- ja arendusasutus, mis korraldab t\u00e4ienduskoolitust mitmekesistamaks v\u00f5ru keele ja kultuuri \u00f5petamist piirkonna koolides ja koolieelsetes lasteasutustes ning parandamaks t\u00e4iskasvanute v\u00f5ru keele oskust. 1.3. \u00d5ppet\u00f6\u00f6 toimub enamasti aadressil Tartu 48, V\u00f5ru, [&hellip;]<\/p>\n","protected":false},"author":2,"featured_media":0,"parent":76,"menu_order":0,"comment_status":"closed","ping_status":"closed","template":"","meta":{"_acf_changed":false,"footnotes":""},"class_list":["post-487","page","type-page","status-publish","hentry"],"acf":[],"yoast_head":"<!-- This site is optimized with the Yoast SEO plugin v27.4 - https:\/\/yoast.com\/product\/yoast-seo-wordpress\/ -->\n<title>T\u00e4ienduskoolituse \u00f5ppekorralduse alused - V\u00f5ru Instituut<\/title>\n<meta name=\"robots\" content=\"index, follow, max-snippet:-1, max-image-preview:large, max-video-preview:-1\" \/>\n<link rel=\"canonical\" href=\"https:\/\/wi.ee\/et\/tegemised\/taienduskoolituse-oppekorralduse-alused\/\" \/>\n<meta property=\"og:locale\" content=\"et_EE\" \/>\n<meta property=\"og:type\" content=\"article\" \/>\n<meta property=\"og:title\" content=\"T\u00e4ienduskoolituse \u00f5ppekorralduse alused - V\u00f5ru Instituut\" \/>\n<meta property=\"og:description\" content=\"\u00dclds\u00e4tted 1.1. V\u00f5ru Instituut (reg. kood 70004347) l\u00e4htub t\u00e4ienduskoolituse korraldamisel kehtivast t\u00e4iskasvanute koolituse seadusest ning teistest seonduvatest \u00f5igusaktidest ja dokumentidest. 1.2. V\u00f5ru Instituut on teadus- ja arendusasutus, mis korraldab t\u00e4ienduskoolitust mitmekesistamaks v\u00f5ru keele ja kultuuri \u00f5petamist piirkonna koolides ja koolieelsetes lasteasutustes ning parandamaks t\u00e4iskasvanute v\u00f5ru keele oskust. 1.3. \u00d5ppet\u00f6\u00f6 toimub enamasti aadressil Tartu 48, V\u00f5ru, [&hellip;]\" \/>\n<meta property=\"og:url\" content=\"https:\/\/wi.ee\/et\/tegemised\/taienduskoolituse-oppekorralduse-alused\/\" \/>\n<meta property=\"og:site_name\" content=\"V\u00f5ru Instituut\" \/>\n<meta property=\"article:publisher\" content=\"https:\/\/www.facebook.com\/VoroInstituut\" \/>\n<meta property=\"article:modified_time\" content=\"2016-03-08T13:45:09+00:00\" \/>\n<meta property=\"og:image\" content=\"https:\/\/wi.ee\/wp-content\/uploads\/2015\/05\/logo-150507.png\" \/>\n\t<meta property=\"og:image:width\" content=\"183\" \/>\n\t<meta property=\"og:image:height\" content=\"123\" \/>\n\t<meta property=\"og:image:type\" content=\"image\/png\" \/>\n<meta name=\"twitter:label1\" content=\"Est. reading time\" \/>\n\t<meta name=\"twitter:data1\" content=\"3 minutit\" \/>\n<script type=\"application\/ld+json\" class=\"yoast-schema-graph\">{\"@context\":\"https:\\\/\\\/schema.org\",\"@graph\":[{\"@type\":\"WebPage\",\"@id\":\"https:\\\/\\\/wi.ee\\\/et\\\/tegemised\\\/taienduskoolituse-oppekorralduse-alused\\\/\",\"url\":\"https:\\\/\\\/wi.ee\\\/et\\\/tegemised\\\/taienduskoolituse-oppekorralduse-alused\\\/\",\"name\":\"T\u00e4ienduskoolituse \u00f5ppekorralduse alused - V\u00f5ru Instituut\",\"isPartOf\":{\"@id\":\"https:\\\/\\\/wi.ee\\\/et\\\/#website\"},\"datePublished\":\"2015-10-21T12:25:09+00:00\",\"dateModified\":\"2016-03-08T13:45:09+00:00\",\"breadcrumb\":{\"@id\":\"https:\\\/\\\/wi.ee\\\/et\\\/tegemised\\\/taienduskoolituse-oppekorralduse-alused\\\/#breadcrumb\"},\"inLanguage\":\"et\",\"potentialAction\":[{\"@type\":\"ReadAction\",\"target\":[\"https:\\\/\\\/wi.ee\\\/et\\\/tegemised\\\/taienduskoolituse-oppekorralduse-alused\\\/\"]}]},{\"@type\":\"BreadcrumbList\",\"@id\":\"https:\\\/\\\/wi.ee\\\/et\\\/tegemised\\\/taienduskoolituse-oppekorralduse-alused\\\/#breadcrumb\",\"itemListElement\":[{\"@type\":\"ListItem\",\"position\":1,\"name\":\"Avaleht\",\"item\":\"https:\\\/\\\/wi.ee\\\/et\\\/\"},{\"@type\":\"ListItem\",\"position\":2,\"name\":\"Tegemised\",\"item\":\"https:\\\/\\\/wi.ee\\\/et\\\/tegemised\\\/\"},{\"@type\":\"ListItem\",\"position\":3,\"name\":\"T\u00e4ienduskoolituse \u00f5ppekorralduse alused\"}]},{\"@type\":\"WebSite\",\"@id\":\"https:\\\/\\\/wi.ee\\\/et\\\/#website\",\"url\":\"https:\\\/\\\/wi.ee\\\/et\\\/\",\"name\":\"V\u00f5ru Instituut\",\"description\":\"\",\"publisher\":{\"@id\":\"https:\\\/\\\/wi.ee\\\/et\\\/#organization\"},\"potentialAction\":[{\"@type\":\"SearchAction\",\"target\":{\"@type\":\"EntryPoint\",\"urlTemplate\":\"https:\\\/\\\/wi.ee\\\/et\\\/?s={search_term_string}\"},\"query-input\":{\"@type\":\"PropertyValueSpecification\",\"valueRequired\":true,\"valueName\":\"search_term_string\"}}],\"inLanguage\":\"et\"},{\"@type\":\"Organization\",\"@id\":\"https:\\\/\\\/wi.ee\\\/et\\\/#organization\",\"name\":\"V\u00f5ru Instituut\",\"url\":\"https:\\\/\\\/wi.ee\\\/et\\\/\",\"logo\":{\"@type\":\"ImageObject\",\"inLanguage\":\"et\",\"@id\":\"https:\\\/\\\/wi.ee\\\/et\\\/#\\\/schema\\\/logo\\\/image\\\/\",\"url\":\"https:\\\/\\\/wi.ee\\\/wp-content\\\/uploads\\\/2015\\\/05\\\/logo-150507.png\",\"contentUrl\":\"https:\\\/\\\/wi.ee\\\/wp-content\\\/uploads\\\/2015\\\/05\\\/logo-150507.png\",\"width\":183,\"height\":123,\"caption\":\"V\u00f5ru Instituut\"},\"image\":{\"@id\":\"https:\\\/\\\/wi.ee\\\/et\\\/#\\\/schema\\\/logo\\\/image\\\/\"},\"sameAs\":[\"https:\\\/\\\/www.facebook.com\\\/VoroInstituut\"]}]}<\/script>\n<!-- \/ Yoast SEO plugin. -->","yoast_head_json":{"title":"T\u00e4ienduskoolituse \u00f5ppekorralduse alused - V\u00f5ru Instituut","robots":{"index":"index","follow":"follow","max-snippet":"max-snippet:-1","max-image-preview":"max-image-preview:large","max-video-preview":"max-video-preview:-1"},"canonical":"https:\/\/wi.ee\/et\/tegemised\/taienduskoolituse-oppekorralduse-alused\/","og_locale":"et_EE","og_type":"article","og_title":"T\u00e4ienduskoolituse \u00f5ppekorralduse alused - V\u00f5ru Instituut","og_description":"\u00dclds\u00e4tted 1.1. V\u00f5ru Instituut (reg. kood 70004347) l\u00e4htub t\u00e4ienduskoolituse korraldamisel kehtivast t\u00e4iskasvanute koolituse seadusest ning teistest seonduvatest \u00f5igusaktidest ja dokumentidest. 1.2. V\u00f5ru Instituut on teadus- ja arendusasutus, mis korraldab t\u00e4ienduskoolitust mitmekesistamaks v\u00f5ru keele ja kultuuri \u00f5petamist piirkonna koolides ja koolieelsetes lasteasutustes ning parandamaks t\u00e4iskasvanute v\u00f5ru keele oskust. 1.3. \u00d5ppet\u00f6\u00f6 toimub enamasti aadressil Tartu 48, V\u00f5ru, [&hellip;]","og_url":"https:\/\/wi.ee\/et\/tegemised\/taienduskoolituse-oppekorralduse-alused\/","og_site_name":"V\u00f5ru Instituut","article_publisher":"https:\/\/www.facebook.com\/VoroInstituut","article_modified_time":"2016-03-08T13:45:09+00:00","og_image":[{"width":183,"height":123,"url":"https:\/\/wi.ee\/wp-content\/uploads\/2015\/05\/logo-150507.png","type":"image\/png"}],"twitter_misc":{"Est. reading time":"3 minutit"},"schema":{"@context":"https:\/\/schema.org","@graph":[{"@type":"WebPage","@id":"https:\/\/wi.ee\/et\/tegemised\/taienduskoolituse-oppekorralduse-alused\/","url":"https:\/\/wi.ee\/et\/tegemised\/taienduskoolituse-oppekorralduse-alused\/","name":"T\u00e4ienduskoolituse \u00f5ppekorralduse alused - V\u00f5ru Instituut","isPartOf":{"@id":"https:\/\/wi.ee\/et\/#website"},"datePublished":"2015-10-21T12:25:09+00:00","dateModified":"2016-03-08T13:45:09+00:00","breadcrumb":{"@id":"https:\/\/wi.ee\/et\/tegemised\/taienduskoolituse-oppekorralduse-alused\/#breadcrumb"},"inLanguage":"et","potentialAction":[{"@type":"ReadAction","target":["https:\/\/wi.ee\/et\/tegemised\/taienduskoolituse-oppekorralduse-alused\/"]}]},{"@type":"BreadcrumbList","@id":"https:\/\/wi.ee\/et\/tegemised\/taienduskoolituse-oppekorralduse-alused\/#breadcrumb","itemListElement":[{"@type":"ListItem","position":1,"name":"Avaleht","item":"https:\/\/wi.ee\/et\/"},{"@type":"ListItem","position":2,"name":"Tegemised","item":"https:\/\/wi.ee\/et\/tegemised\/"},{"@type":"ListItem","position":3,"name":"T\u00e4ienduskoolituse \u00f5ppekorralduse alused"}]},{"@type":"WebSite","@id":"https:\/\/wi.ee\/et\/#website","url":"https:\/\/wi.ee\/et\/","name":"V\u00f5ru Instituut","description":"","publisher":{"@id":"https:\/\/wi.ee\/et\/#organization"},"potentialAction":[{"@type":"SearchAction","target":{"@type":"EntryPoint","urlTemplate":"https:\/\/wi.ee\/et\/?s={search_term_string}"},"query-input":{"@type":"PropertyValueSpecification","valueRequired":true,"valueName":"search_term_string"}}],"inLanguage":"et"},{"@type":"Organization","@id":"https:\/\/wi.ee\/et\/#organization","name":"V\u00f5ru Instituut","url":"https:\/\/wi.ee\/et\/","logo":{"@type":"ImageObject","inLanguage":"et","@id":"https:\/\/wi.ee\/et\/#\/schema\/logo\/image\/","url":"https:\/\/wi.ee\/wp-content\/uploads\/2015\/05\/logo-150507.png","contentUrl":"https:\/\/wi.ee\/wp-content\/uploads\/2015\/05\/logo-150507.png","width":183,"height":123,"caption":"V\u00f5ru Instituut"},"image":{"@id":"https:\/\/wi.ee\/et\/#\/schema\/logo\/image\/"},"sameAs":["https:\/\/www.facebook.com\/VoroInstituut"]}]}},"_links":{"self":[{"href":"https:\/\/wi.ee\/et\/wp-json\/wp\/v2\/pages\/487","targetHints":{"allow":["GET"]}}],"collection":[{"href":"https:\/\/wi.ee\/et\/wp-json\/wp\/v2\/pages"}],"about":[{"href":"https:\/\/wi.ee\/et\/wp-json\/wp\/v2\/types\/page"}],"author":[{"embeddable":true,"href":"https:\/\/wi.ee\/et\/wp-json\/wp\/v2\/users\/2"}],"replies":[{"embeddable":true,"href":"https:\/\/wi.ee\/et\/wp-json\/wp\/v2\/comments?post=487"}],"version-history":[{"count":3,"href":"https:\/\/wi.ee\/et\/wp-json\/wp\/v2\/pages\/487\/revisions"}],"predecessor-version":[{"id":498,"href":"https:\/\/wi.ee\/et\/wp-json\/wp\/v2\/pages\/487\/revisions\/498"}],"up":[{"embeddable":true,"href":"https:\/\/wi.ee\/et\/wp-json\/wp\/v2\/pages\/76"}],"wp:attachment":[{"href":"https:\/\/wi.ee\/et\/wp-json\/wp\/v2\/media?parent=487"}],"curies":[{"name":"wp","href":"https:\/\/api.w.org\/{rel}","templated":true}]}}