{"id":4765,"date":"2018-10-01T14:55:51","date_gmt":"2018-10-01T12:55:51","guid":{"rendered":"https:\/\/wi.ee\/?page_id=4765"},"modified":"2021-05-11T09:19:51","modified_gmt":"2021-05-11T07:19:51","slug":"4765-2","status":"publish","type":"page","link":"https:\/\/wi.ee\/et\/4765-2\/","title":{"rendered":"Keeleuuringud"},"content":{"rendered":"<p>Vastavalt V\u00f5ru Instituudi p\u00f5him\u00e4\u00e4rusele on instituudi keelealase t\u00f6\u00f6 p\u00f5hi\u00fclesandeiks paik\u00adkonna kohanimede uurimine, korrastamine ja riiklikule kohanimekorraldusele kaasa\u00adaitamine ning kohaliku keele erip\u00e4ra uurimine ja avaliku kasutuse normimine, samuti sellealaste publikatsioonide avaldamine. Sellest l\u00e4htuvalt on V\u00f5ru Instituudi keelet\u00f6\u00f6s kaks p\u00f5hi\u00adsuunda:<\/p>\n<p><a href=\"https:\/\/wi.ee\/sonaraamatud-grammatika-ja-keelekorraldus\/\">1. S\u00f5na\u00adraamatud, gram\u00admatika ja keelekorraldus<\/a><\/p>\n<p><a href=\"https:\/\/wi.ee\/et\/tegemised\/kohanimed-ja-nimekorraldus\/\">2. Kohanimed ja kohanimekorraldus<\/a><\/p>\n","protected":false},"excerpt":{"rendered":"<p>Vastavalt V\u00f5ru Instituudi p\u00f5him\u00e4\u00e4rusele on instituudi keelealase t\u00f6\u00f6 p\u00f5hi\u00fclesandeiks paik\u00adkonna kohanimede uurimine, korrastamine ja riiklikule kohanimekorraldusele kaasa\u00adaitamine ning kohaliku keele erip\u00e4ra uurimine ja avaliku kasutuse normimine, samuti sellealaste publikatsioonide avaldamine. Sellest l\u00e4htuvalt on V\u00f5ru Instituudi keelet\u00f6\u00f6s kaks p\u00f5hi\u00adsuunda: 1. S\u00f5na\u00adraamatud, gram\u00admatika ja keelekorraldus 2. Kohanimed ja kohanimekorraldus<\/p>\n","protected":false},"author":2,"featured_media":0,"parent":0,"menu_order":0,"comment_status":"closed","ping_status":"open","template":"","meta":{"_acf_changed":false,"footnotes":""},"class_list":["post-4765","page","type-page","status-publish","hentry"],"acf":[],"yoast_head":"<!-- This site is optimized with the Yoast SEO plugin v27.3 - https:\/\/yoast.com\/product\/yoast-seo-wordpress\/ -->\n<title>Keeleuuringud - V\u00f5ru Instituut<\/title>\n<meta name=\"robots\" content=\"index, follow, max-snippet:-1, max-image-preview:large, max-video-preview:-1\" \/>\n<link rel=\"canonical\" href=\"https:\/\/wi.ee\/et\/4765-2\/\" \/>\n<meta property=\"og:locale\" content=\"et_EE\" \/>\n<meta property=\"og:type\" content=\"article\" \/>\n<meta property=\"og:title\" content=\"Keeleuuringud - V\u00f5ru Instituut\" \/>\n<meta property=\"og:description\" content=\"Vastavalt V\u00f5ru Instituudi p\u00f5him\u00e4\u00e4rusele on instituudi keelealase t\u00f6\u00f6 p\u00f5hi\u00fclesandeiks paik\u00adkonna kohanimede uurimine, korrastamine ja riiklikule kohanimekorraldusele kaasa\u00adaitamine ning kohaliku keele erip\u00e4ra uurimine ja avaliku kasutuse normimine, samuti sellealaste publikatsioonide avaldamine. Sellest l\u00e4htuvalt on V\u00f5ru Instituudi keelet\u00f6\u00f6s kaks p\u00f5hi\u00adsuunda: 1. S\u00f5na\u00adraamatud, gram\u00admatika ja keelekorraldus 2. Kohanimed ja kohanimekorraldus\" \/>\n<meta property=\"og:url\" content=\"https:\/\/wi.ee\/et\/4765-2\/\" \/>\n<meta property=\"og:site_name\" content=\"V\u00f5ru Instituut\" \/>\n<meta property=\"article:publisher\" content=\"https:\/\/www.facebook.com\/VoroInstituut\" \/>\n<meta property=\"article:modified_time\" content=\"2021-05-11T07:19:51+00:00\" \/>\n<meta property=\"og:image\" content=\"https:\/\/wi.ee\/wp-content\/uploads\/2015\/05\/logo-150507.png\" \/>\n\t<meta property=\"og:image:width\" content=\"183\" \/>\n\t<meta property=\"og:image:height\" content=\"123\" \/>\n\t<meta property=\"og:image:type\" content=\"image\/png\" \/>\n<script type=\"application\/ld+json\" class=\"yoast-schema-graph\">{\"@context\":\"https:\\\/\\\/schema.org\",\"@graph\":[{\"@type\":\"WebPage\",\"@id\":\"https:\\\/\\\/wi.ee\\\/et\\\/4765-2\\\/\",\"url\":\"https:\\\/\\\/wi.ee\\\/et\\\/4765-2\\\/\",\"name\":\"Keeleuuringud - V\u00f5ru Instituut\",\"isPartOf\":{\"@id\":\"https:\\\/\\\/wi.ee\\\/et\\\/#website\"},\"datePublished\":\"2018-10-01T12:55:51+00:00\",\"dateModified\":\"2021-05-11T07:19:51+00:00\",\"breadcrumb\":{\"@id\":\"https:\\\/\\\/wi.ee\\\/et\\\/4765-2\\\/#breadcrumb\"},\"inLanguage\":\"et\",\"potentialAction\":[{\"@type\":\"ReadAction\",\"target\":[\"https:\\\/\\\/wi.ee\\\/et\\\/4765-2\\\/\"]}]},{\"@type\":\"BreadcrumbList\",\"@id\":\"https:\\\/\\\/wi.ee\\\/et\\\/4765-2\\\/#breadcrumb\",\"itemListElement\":[{\"@type\":\"ListItem\",\"position\":1,\"name\":\"Avaleht\",\"item\":\"https:\\\/\\\/wi.ee\\\/et\\\/\"},{\"@type\":\"ListItem\",\"position\":2,\"name\":\"Keeleuuringud\"}]},{\"@type\":\"WebSite\",\"@id\":\"https:\\\/\\\/wi.ee\\\/et\\\/#website\",\"url\":\"https:\\\/\\\/wi.ee\\\/et\\\/\",\"name\":\"V\u00f5ru Instituut\",\"description\":\"\",\"publisher\":{\"@id\":\"https:\\\/\\\/wi.ee\\\/et\\\/#organization\"},\"potentialAction\":[{\"@type\":\"SearchAction\",\"target\":{\"@type\":\"EntryPoint\",\"urlTemplate\":\"https:\\\/\\\/wi.ee\\\/et\\\/?s={search_term_string}\"},\"query-input\":{\"@type\":\"PropertyValueSpecification\",\"valueRequired\":true,\"valueName\":\"search_term_string\"}}],\"inLanguage\":\"et\"},{\"@type\":\"Organization\",\"@id\":\"https:\\\/\\\/wi.ee\\\/et\\\/#organization\",\"name\":\"V\u00f5ru Instituut\",\"url\":\"https:\\\/\\\/wi.ee\\\/et\\\/\",\"logo\":{\"@type\":\"ImageObject\",\"inLanguage\":\"et\",\"@id\":\"https:\\\/\\\/wi.ee\\\/et\\\/#\\\/schema\\\/logo\\\/image\\\/\",\"url\":\"https:\\\/\\\/wi.ee\\\/wp-content\\\/uploads\\\/2015\\\/05\\\/logo-150507.png\",\"contentUrl\":\"https:\\\/\\\/wi.ee\\\/wp-content\\\/uploads\\\/2015\\\/05\\\/logo-150507.png\",\"width\":183,\"height\":123,\"caption\":\"V\u00f5ru Instituut\"},\"image\":{\"@id\":\"https:\\\/\\\/wi.ee\\\/et\\\/#\\\/schema\\\/logo\\\/image\\\/\"},\"sameAs\":[\"https:\\\/\\\/www.facebook.com\\\/VoroInstituut\"]}]}<\/script>\n<!-- \/ Yoast SEO plugin. -->","yoast_head_json":{"title":"Keeleuuringud - V\u00f5ru Instituut","robots":{"index":"index","follow":"follow","max-snippet":"max-snippet:-1","max-image-preview":"max-image-preview:large","max-video-preview":"max-video-preview:-1"},"canonical":"https:\/\/wi.ee\/et\/4765-2\/","og_locale":"et_EE","og_type":"article","og_title":"Keeleuuringud - V\u00f5ru Instituut","og_description":"Vastavalt V\u00f5ru Instituudi p\u00f5him\u00e4\u00e4rusele on instituudi keelealase t\u00f6\u00f6 p\u00f5hi\u00fclesandeiks paik\u00adkonna kohanimede uurimine, korrastamine ja riiklikule kohanimekorraldusele kaasa\u00adaitamine ning kohaliku keele erip\u00e4ra uurimine ja avaliku kasutuse normimine, samuti sellealaste publikatsioonide avaldamine. Sellest l\u00e4htuvalt on V\u00f5ru Instituudi keelet\u00f6\u00f6s kaks p\u00f5hi\u00adsuunda: 1. S\u00f5na\u00adraamatud, gram\u00admatika ja keelekorraldus 2. Kohanimed ja kohanimekorraldus","og_url":"https:\/\/wi.ee\/et\/4765-2\/","og_site_name":"V\u00f5ru Instituut","article_publisher":"https:\/\/www.facebook.com\/VoroInstituut","article_modified_time":"2021-05-11T07:19:51+00:00","og_image":[{"width":183,"height":123,"url":"https:\/\/wi.ee\/wp-content\/uploads\/2015\/05\/logo-150507.png","type":"image\/png"}],"schema":{"@context":"https:\/\/schema.org","@graph":[{"@type":"WebPage","@id":"https:\/\/wi.ee\/et\/4765-2\/","url":"https:\/\/wi.ee\/et\/4765-2\/","name":"Keeleuuringud - V\u00f5ru Instituut","isPartOf":{"@id":"https:\/\/wi.ee\/et\/#website"},"datePublished":"2018-10-01T12:55:51+00:00","dateModified":"2021-05-11T07:19:51+00:00","breadcrumb":{"@id":"https:\/\/wi.ee\/et\/4765-2\/#breadcrumb"},"inLanguage":"et","potentialAction":[{"@type":"ReadAction","target":["https:\/\/wi.ee\/et\/4765-2\/"]}]},{"@type":"BreadcrumbList","@id":"https:\/\/wi.ee\/et\/4765-2\/#breadcrumb","itemListElement":[{"@type":"ListItem","position":1,"name":"Avaleht","item":"https:\/\/wi.ee\/et\/"},{"@type":"ListItem","position":2,"name":"Keeleuuringud"}]},{"@type":"WebSite","@id":"https:\/\/wi.ee\/et\/#website","url":"https:\/\/wi.ee\/et\/","name":"V\u00f5ru Instituut","description":"","publisher":{"@id":"https:\/\/wi.ee\/et\/#organization"},"potentialAction":[{"@type":"SearchAction","target":{"@type":"EntryPoint","urlTemplate":"https:\/\/wi.ee\/et\/?s={search_term_string}"},"query-input":{"@type":"PropertyValueSpecification","valueRequired":true,"valueName":"search_term_string"}}],"inLanguage":"et"},{"@type":"Organization","@id":"https:\/\/wi.ee\/et\/#organization","name":"V\u00f5ru Instituut","url":"https:\/\/wi.ee\/et\/","logo":{"@type":"ImageObject","inLanguage":"et","@id":"https:\/\/wi.ee\/et\/#\/schema\/logo\/image\/","url":"https:\/\/wi.ee\/wp-content\/uploads\/2015\/05\/logo-150507.png","contentUrl":"https:\/\/wi.ee\/wp-content\/uploads\/2015\/05\/logo-150507.png","width":183,"height":123,"caption":"V\u00f5ru Instituut"},"image":{"@id":"https:\/\/wi.ee\/et\/#\/schema\/logo\/image\/"},"sameAs":["https:\/\/www.facebook.com\/VoroInstituut"]}]}},"_links":{"self":[{"href":"https:\/\/wi.ee\/et\/wp-json\/wp\/v2\/pages\/4765","targetHints":{"allow":["GET"]}}],"collection":[{"href":"https:\/\/wi.ee\/et\/wp-json\/wp\/v2\/pages"}],"about":[{"href":"https:\/\/wi.ee\/et\/wp-json\/wp\/v2\/types\/page"}],"author":[{"embeddable":true,"href":"https:\/\/wi.ee\/et\/wp-json\/wp\/v2\/users\/2"}],"replies":[{"embeddable":true,"href":"https:\/\/wi.ee\/et\/wp-json\/wp\/v2\/comments?post=4765"}],"version-history":[{"count":3,"href":"https:\/\/wi.ee\/et\/wp-json\/wp\/v2\/pages\/4765\/revisions"}],"predecessor-version":[{"id":9256,"href":"https:\/\/wi.ee\/et\/wp-json\/wp\/v2\/pages\/4765\/revisions\/9256"}],"wp:attachment":[{"href":"https:\/\/wi.ee\/et\/wp-json\/wp\/v2\/media?parent=4765"}],"curies":[{"name":"wp","href":"https:\/\/api.w.org\/{rel}","templated":true}]}}