{"id":4755,"date":"2018-10-01T14:19:05","date_gmt":"2018-10-01T12:19:05","guid":{"rendered":"https:\/\/wi.ee\/?page_id=4755"},"modified":"2018-10-01T14:50:40","modified_gmt":"2018-10-01T12:50:40","slug":"kohanimed-ja-nimekorraldus","status":"publish","type":"page","link":"https:\/\/wi.ee\/et\/kohanimed\/kohanimed-ja-nimekorraldus\/","title":{"rendered":"Kohanimed ja nimekorraldus"},"content":{"rendered":"<p>V\u00f5ru Instituudi kohanimede-alase tegevuse v\u00f5ib jagada nelja ossa:<\/p>\n<p>V\u00e4lit\u00f6\u00f6d tegeliku rahvakeelse kohanimetarvituse fikseerimiseks ajaloolisel V\u00f5rumaal ja piirnevatel aladel.<\/p>\n<p>Kohanimekorraldus koost\u00f6\u00f6s kaartide v\u00e4ljaandjatega ja ametlikke kohanimesid m\u00e4\u00e4ravate asutustega.<\/p>\n<p>Ajaloolise V\u00f5rumaa kohanimede andmebaas (AVKA). V\u00e4lit\u00f6\u00f6andmete, kohanimesid puudutavate keeleliste ja ajalooliste andmete koondamine kaardiga seotud andmebaasi ja selle andmebaasi interneti kaudu avalikuks kasutamiseks seadmine.<\/p>\n<p>Kohanimede uurimine.<\/p>\n<p><strong>V\u00e4lit\u00f6\u00f6d<\/strong><\/p>\n<p>V\u00e4lit\u00f6\u00f6de k\u00f5ige vahetum eesm\u00e4rk on siiani olnud Eesti p\u00f5hikaardi 1:20000 tr\u00fckkiminevate lehtede kohanimede kontrollimine ja t\u00e4iendamine. P\u00f5hikaardi Kagu-Eesti lehti on alates 1995. aastast tootnud Eesti Kaardikeskus, kogu selle aja on toimunud viljakas koost\u00f6\u00f6 kohanimede osas. Eesti Kaardikeskuse t\u00f6\u00f6taja T\u00f5nu Raudsepp on ette valmistanud eri ajaj\u00e4rkude kaardimaterjalid ja Eesti Keele Instituudi kohanimekogus leiduvad andmed. V\u00f5ru Instituudi kohanimekoguja Evar Saar on saadud materjali ja tekkinud k\u00fcsimustega l\u00e4bi k\u00e4inud peaaegu k\u00f5ik kaardile j\u00e4\u00e4vad talud, kus k\u00fclarahvalt saadud info j\u00e4rgi leidub eakamaid p\u00f5liselanikke. T\u00e4psustatud on teadaolevate nimede asukohta ja ulatust ning muidugi on nimesid juurde kogutud. Fikseeritud on kohtade r\u00f6\u00f6pnimed ja nimede erinevad h\u00e4\u00e4ldusvariandid, et valida nende hulgast kaardile kohapeal k\u00f5ige tarvitatavamad v\u00f5i ajalooliselt v\u00e4\u00e4rtuslikumad.<\/p>\n<p>V\u00e4lit\u00f6\u00f6de p\u00f5hikaardi v\u00e4ljaandmisega seotud ring sai 2003. aastakevadeks peale tervele ajaloolisele V\u00f5rumaale. K\u00e4idud on ka vana V\u00f5rumaa naaberaladel: Setumaa kontrolljoonest Eesti poole j\u00e4\u00e4v osa ja Luke kihelkonna (Valga \u00fcmbrus) Eesti osa, Otep\u00e4\u00e4, Kambja ja V\u00f5nnu \u00e4\u00e4realad. V\u00f5ru Instituudi kohanimev\u00e4lit\u00f6\u00f6ga on ilmunud \u00fcle 60 Eesti p\u00f5hikaardi lehe.<\/p>\n<p><strong>Kohanimekorraldus<\/strong><\/p>\n<p>K\u00f5ige edukam ja j\u00e4rjekindlam on V\u00f5ru Instituudi kohanimekorralduslik tegevus olnudki Eesti p\u00f5hikaardi osas. P\u00f5hikaardil on saavutatud k\u00f5igi siiani ametlikult fikseerimata kohanimede kirjutamine vastavuses kohalikus v\u00f5rukeelses kasutuses levinud h\u00e4\u00e4lduskujuga. Kui ametlik nimi erineb sellest, mida kohalik rahvas kasutab, v\u00f5i on erinevusi ametlikus ja h\u00e4\u00e4ldusp\u00e4rases kirjapildis, on rahvalik ja h\u00e4\u00e4ldusp\u00e4rane nimi antud ametliku nime j\u00e4rel sulgudes (k\u00fclanimed, j\u00f5gede ja ojade nimed). P\u00f5hikaardi V\u00f5rumaa-lehtede nimevalikup\u00f5him\u00f5tteid on kujundanud Evar Saar ja Kaido Kama koost\u00f6\u00f6s T\u00f5nu Raudsepaga Eesti Kaardikeskusest, peamine n\u00f5uandja on olnud kohanimen\u00f5ukogu liige Peeter P\u00e4ll Eesti Keele Instituudist.<\/p>\n<p>V\u00f5ru Instituut on kohanimede osas n\u00f5ustanud ka kaardikirjastust Regio (teedeatlas) ja mitmeid kaartide tellijaid V\u00f5rumaal ning Setumaal.<\/p>\n<p>V\u00f5ru Instituut on kogu aeg propageerinud nende ajalooliste k\u00fclade taastamist, mis 1977. a asustusjaotuse reformiga likvideeriti. Kuna \u00f5igus asustusjaotuse muutmist algatada on antud kohalikele omavalitsustele, tegeldi 1997. ja 1998. aastal intensiivselt probleemi selgitamisega vallavalitsustes ja volikogudes. Omavalitsustegelaste kartus t\u00e4iendava asjaajamise ees on tinginud selle, et kahes kolmandikus ajaloolise V\u00f5rumaa valdadest on arvestusest v\u00e4ljaj\u00e4\u00e4nud vanad k\u00fclad siiani ametlikult taastamata. V\u00f5ru keele prestii\u017ei t\u00f5usu m\u00e4rgiks on, et \u00fcksikutes valdades, nagu R\u00f5uge, Misso ja Merem\u00e4e, said koos vanade k\u00fclade taastamisega ka peaaegu k\u00f5ik k\u00fclanimed endale v\u00f5rup\u00e4rase ametliku kirjakuju. Ametlike k\u00fclanimede l\u00e4hendamine rahvakeeles kasutusel olevatele \u00f5nnestus osaliselt ka V\u00e4rska, Orava, Veriora, Lasva, Haanja ja S\u00f5merpalu vallas.<\/p>\n<p>V\u00f5ru Instituut on osalenud Kohanimeseaduse v\u00e4ljat\u00f6\u00f6tamisel ja t\u00e4iendamisel ning teinud selgitust\u00f6\u00f6d ajalooliste talunimede p\u00e4\u00e4stmiseks k\u00e4imasoleva maareformi k\u00e4igus. J\u00f5udum\u00f6\u00f6da tegeldakse avalikel siltidel ja viitadel esinevate kohanimevigade ning p\u00f5hjendamatu nimevaliku kriitikaga. Seet\u00f5ttu v\u00f5tame heameelega vastu igasugust informatsiooni valesti kirjutatud v\u00f5i eksitavate bussipeatusenimede, teeviitade jms osas.<\/p>\n<p><strong>AVKA<\/strong><\/p>\n<p>Kohanimeandmebaasi loomist on V\u00f5ru Instituudis kavandatud kogumist\u00f6\u00f6 algusest saadik, reaalne tegevus algas 1998. aastal. AVKA on nimeobjektile keskendunud andmebaas, kus \u00fche objekti k\u00f5ik nimed, nimekujud, t\u00e4iendavad andmed ja selgitused on seotud objektiga arvutikaardil. Andmebaasi iga rida sisaldab objekti m\u00e4rks\u00f5na ehk p\u00f5hinime (harilikult nimi p\u00f5hikaardilt), selle nime kohak\u00e4\u00e4ndeid, nimeobjekti liiki ja kuuluvust haldus\u00fcksuse ning erinevate ajalooliste \u00fcksuste j\u00e4rgi, nimeobjekti koordinaate. Andmebaasi saab lisada koha r\u00f6\u00f6pnimesid, andmeid eestiaegselt katastrikaardilt ja kommentaare. Kavas on andmebaasi pikaajaline t\u00e4iendamine ajalooliste nimekujudega koos allikaviidetega.<\/p>\n<p>AVKA peamine kavandaja on olnud Evar Saar, andmeid on sisestanud lisaks temale ka Agu Vissel, Janika Jushina, Leila Holts ja Evelin Buht. 2003. aasta l\u00f5pul said p\u00f5hikaardi v\u00e4lit\u00f6\u00f6de andmed kogu ajaloolise V\u00f5rumaa kohta sisestatud.<\/p>\n<ol start=\"2002\">\n<li>aasta keskpaigast on AVKA prooviandmed v\u00e4ljas ka Internetis. Koost\u00f6\u00f6s Eesti Kaardikeskusega valmis kaardiserver, milles kasutaja saab teha p\u00e4ringuid nii \u00fcksiknimede kui ka teda huvitavate nimevalimite osas ja vaadelda leitud nimede objekte d\u00fcnaamilisel arvutikaardil.<\/li>\n<\/ol>\n<p><strong>Kohanimede uurimine<\/strong><\/p>\n<p>Kohanimede uurimises on puudutatud eelk\u00f5ige valdkondi, kus rikkalik v\u00e4lit\u00f6\u00f6materjal on uurimissuuna k\u00e4tte juhatanud. On tegeldud talunimede ja isikunimede vaheldumise k\u00fcsimustega, uuritud uute kohanimede tekkimise v\u00f5imalusi ja seadusp\u00e4rasusi, maastikus\u00f5navara esinemist kohanimedes, murrakujoonte kajastumist kohanimedes ja kohanimede struktuuri varieerumist nimede suulises kasutuses. Evar Saare olulisemad artiklid: \u201eKotuss\u00f5nimmi ja inemisenimmi l\u00e4bikasumis\u00f5st R\u00e4pin\u00e4 kihlkunnan\u201c (V\u00f5ro Instituudi Toim\u00f5tiseq 6), \u201cLajast ilmast lainatu v\u00f5rdl\u00f5vaq kotuss\u00f5nimeq V\u00f5rumaal\u201d (V\u00f5ro Instituudi Toim\u00f5ndus\u00f5q 10). Raamatus \u201cV\u00f5romaa kotuss\u00f5nimmist\u201d (V\u00f5ro Instituudi Toim\u00f5ndus\u00f5q 13) on avaldatud kaks iseseisvat uurimist\u00f6\u00f6d V\u00f5rumaa kohanimedest: Mariko Fasteri \u201c\u00dclevaade ajaloolise V\u00f5romaa ja Setomaa kohanimede determinantidest\u201d ja Evar Saare \u201cR\u00e4pin\u00e4 ja Vahts\u00f5liina kohanimed. S\u00fcnkrooniline \u00fclevaade ja andmebaas\u201d.<\/p>\n<p><a href=\"https:\/\/wi.ee\/wp-content\/uploads\/2018\/09\/Vahtsoliina_khk_v.pdf\">Vahts\u00f5liina kihlkund<\/a><\/p>\n<p><a href=\"https:\/\/wi.ee\/wp-content\/uploads\/2018\/09\/Urvaste_khk_v.pdf\">Urvast\u00f5 kihlkund<\/a><\/p>\n<p><a href=\"https:\/\/wi.ee\/wp-content\/uploads\/2018\/09\/Rouge_khk_v.pdf\">R\u00f5ug\u00f5 kihlkund<\/a><\/p>\n<p><a href=\"https:\/\/wi.ee\/wp-content\/uploads\/2018\/09\/Rapina_khk_v.pdf\">R\u00e4pin\u00e4 kihlkund<\/a><\/p>\n<p><a href=\"https:\/\/wi.ee\/wp-content\/uploads\/2018\/09\/Polva_khk_v.pdf\">P\u00f5lva kihlkund<\/a><\/p>\n<p><a href=\"https:\/\/wi.ee\/wp-content\/uploads\/2018\/09\/Karula_khk_v.pdf\">Karula kihlkund<\/a><\/p>\n<p><a href=\"https:\/\/wi.ee\/wp-content\/uploads\/2018\/09\/Kanepi_khk_v.pdf\">Kanepi kihlkund<\/a><\/p>\n<p><a href=\"https:\/\/wi.ee\/wp-content\/uploads\/2018\/09\/Hargla_khk_v.pdf\">Hargl\u00f5 kihlkund<\/a><\/p>\n","protected":false},"excerpt":{"rendered":"<p>V\u00f5ru Instituudi kohanimede-alase tegevuse v\u00f5ib jagada nelja ossa: V\u00e4lit\u00f6\u00f6d tegeliku rahvakeelse kohanimetarvituse fikseerimiseks ajaloolisel V\u00f5rumaal ja piirnevatel aladel. Kohanimekorraldus koost\u00f6\u00f6s kaartide v\u00e4ljaandjatega ja ametlikke kohanimesid m\u00e4\u00e4ravate asutustega. Ajaloolise V\u00f5rumaa kohanimede andmebaas (AVKA). V\u00e4lit\u00f6\u00f6andmete, kohanimesid puudutavate keeleliste ja ajalooliste andmete koondamine kaardiga seotud andmebaasi ja selle andmebaasi interneti kaudu avalikuks kasutamiseks seadmine. Kohanimede uurimine. V\u00e4lit\u00f6\u00f6d V\u00e4lit\u00f6\u00f6de [&hellip;]<\/p>\n","protected":false},"author":2,"featured_media":0,"parent":4745,"menu_order":1,"comment_status":"closed","ping_status":"closed","template":"","meta":{"_acf_changed":false,"footnotes":""},"class_list":["post-4755","page","type-page","status-publish","hentry"],"acf":[],"yoast_head":"<!-- This site is optimized with the Yoast SEO plugin v27.5 - https:\/\/yoast.com\/product\/yoast-seo-wordpress\/ -->\n<title>Kohanimed ja nimekorraldus - V\u00f5ru Instituut<\/title>\n<meta name=\"robots\" content=\"index, follow, max-snippet:-1, max-image-preview:large, max-video-preview:-1\" \/>\n<link rel=\"canonical\" href=\"https:\/\/wi.ee\/et\/kohanimed\/kohanimed-ja-nimekorraldus\/\" \/>\n<meta property=\"og:locale\" content=\"et_EE\" \/>\n<meta property=\"og:type\" content=\"article\" \/>\n<meta property=\"og:title\" content=\"Kohanimed ja nimekorraldus - V\u00f5ru Instituut\" \/>\n<meta property=\"og:description\" content=\"V\u00f5ru Instituudi kohanimede-alase tegevuse v\u00f5ib jagada nelja ossa: V\u00e4lit\u00f6\u00f6d tegeliku rahvakeelse kohanimetarvituse fikseerimiseks ajaloolisel V\u00f5rumaal ja piirnevatel aladel. Kohanimekorraldus koost\u00f6\u00f6s kaartide v\u00e4ljaandjatega ja ametlikke kohanimesid m\u00e4\u00e4ravate asutustega. Ajaloolise V\u00f5rumaa kohanimede andmebaas (AVKA). V\u00e4lit\u00f6\u00f6andmete, kohanimesid puudutavate keeleliste ja ajalooliste andmete koondamine kaardiga seotud andmebaasi ja selle andmebaasi interneti kaudu avalikuks kasutamiseks seadmine. Kohanimede uurimine. V\u00e4lit\u00f6\u00f6d V\u00e4lit\u00f6\u00f6de [&hellip;]\" \/>\n<meta property=\"og:url\" content=\"https:\/\/wi.ee\/et\/kohanimed\/kohanimed-ja-nimekorraldus\/\" \/>\n<meta property=\"og:site_name\" content=\"V\u00f5ru Instituut\" \/>\n<meta property=\"article:publisher\" content=\"https:\/\/www.facebook.com\/VoroInstituut\" \/>\n<meta property=\"article:modified_time\" content=\"2018-10-01T12:50:40+00:00\" \/>\n<meta property=\"og:image\" content=\"https:\/\/wi.ee\/wp-content\/uploads\/2015\/05\/logo-150507.png\" \/>\n\t<meta property=\"og:image:width\" content=\"183\" \/>\n\t<meta property=\"og:image:height\" content=\"123\" \/>\n\t<meta property=\"og:image:type\" content=\"image\/png\" \/>\n<meta name=\"twitter:label1\" content=\"Est. reading time\" \/>\n\t<meta name=\"twitter:data1\" content=\"4 minutit\" \/>\n<script type=\"application\/ld+json\" class=\"yoast-schema-graph\">{\"@context\":\"https:\\\/\\\/schema.org\",\"@graph\":[{\"@type\":\"WebPage\",\"@id\":\"https:\\\/\\\/wi.ee\\\/et\\\/kohanimed\\\/kohanimed-ja-nimekorraldus\\\/\",\"url\":\"https:\\\/\\\/wi.ee\\\/et\\\/kohanimed\\\/kohanimed-ja-nimekorraldus\\\/\",\"name\":\"Kohanimed ja nimekorraldus - V\u00f5ru Instituut\",\"isPartOf\":{\"@id\":\"https:\\\/\\\/wi.ee\\\/et\\\/#website\"},\"datePublished\":\"2018-10-01T12:19:05+00:00\",\"dateModified\":\"2018-10-01T12:50:40+00:00\",\"breadcrumb\":{\"@id\":\"https:\\\/\\\/wi.ee\\\/et\\\/kohanimed\\\/kohanimed-ja-nimekorraldus\\\/#breadcrumb\"},\"inLanguage\":\"et\",\"potentialAction\":[{\"@type\":\"ReadAction\",\"target\":[\"https:\\\/\\\/wi.ee\\\/et\\\/kohanimed\\\/kohanimed-ja-nimekorraldus\\\/\"]}]},{\"@type\":\"BreadcrumbList\",\"@id\":\"https:\\\/\\\/wi.ee\\\/et\\\/kohanimed\\\/kohanimed-ja-nimekorraldus\\\/#breadcrumb\",\"itemListElement\":[{\"@type\":\"ListItem\",\"position\":1,\"name\":\"Avaleht\",\"item\":\"https:\\\/\\\/wi.ee\\\/et\\\/\"},{\"@type\":\"ListItem\",\"position\":2,\"name\":\"Kohanimed\",\"item\":\"https:\\\/\\\/wi.ee\\\/et\\\/kohanimed\\\/\"},{\"@type\":\"ListItem\",\"position\":3,\"name\":\"Kohanimed ja nimekorraldus\"}]},{\"@type\":\"WebSite\",\"@id\":\"https:\\\/\\\/wi.ee\\\/et\\\/#website\",\"url\":\"https:\\\/\\\/wi.ee\\\/et\\\/\",\"name\":\"V\u00f5ru Instituut\",\"description\":\"\",\"publisher\":{\"@id\":\"https:\\\/\\\/wi.ee\\\/et\\\/#organization\"},\"potentialAction\":[{\"@type\":\"SearchAction\",\"target\":{\"@type\":\"EntryPoint\",\"urlTemplate\":\"https:\\\/\\\/wi.ee\\\/et\\\/?s={search_term_string}\"},\"query-input\":{\"@type\":\"PropertyValueSpecification\",\"valueRequired\":true,\"valueName\":\"search_term_string\"}}],\"inLanguage\":\"et\"},{\"@type\":\"Organization\",\"@id\":\"https:\\\/\\\/wi.ee\\\/et\\\/#organization\",\"name\":\"V\u00f5ru Instituut\",\"url\":\"https:\\\/\\\/wi.ee\\\/et\\\/\",\"logo\":{\"@type\":\"ImageObject\",\"inLanguage\":\"et\",\"@id\":\"https:\\\/\\\/wi.ee\\\/et\\\/#\\\/schema\\\/logo\\\/image\\\/\",\"url\":\"https:\\\/\\\/wi.ee\\\/wp-content\\\/uploads\\\/2015\\\/05\\\/logo-150507.png\",\"contentUrl\":\"https:\\\/\\\/wi.ee\\\/wp-content\\\/uploads\\\/2015\\\/05\\\/logo-150507.png\",\"width\":183,\"height\":123,\"caption\":\"V\u00f5ru Instituut\"},\"image\":{\"@id\":\"https:\\\/\\\/wi.ee\\\/et\\\/#\\\/schema\\\/logo\\\/image\\\/\"},\"sameAs\":[\"https:\\\/\\\/www.facebook.com\\\/VoroInstituut\"]}]}<\/script>\n<!-- \/ Yoast SEO plugin. -->","yoast_head_json":{"title":"Kohanimed ja nimekorraldus - V\u00f5ru Instituut","robots":{"index":"index","follow":"follow","max-snippet":"max-snippet:-1","max-image-preview":"max-image-preview:large","max-video-preview":"max-video-preview:-1"},"canonical":"https:\/\/wi.ee\/et\/kohanimed\/kohanimed-ja-nimekorraldus\/","og_locale":"et_EE","og_type":"article","og_title":"Kohanimed ja nimekorraldus - V\u00f5ru Instituut","og_description":"V\u00f5ru Instituudi kohanimede-alase tegevuse v\u00f5ib jagada nelja ossa: V\u00e4lit\u00f6\u00f6d tegeliku rahvakeelse kohanimetarvituse fikseerimiseks ajaloolisel V\u00f5rumaal ja piirnevatel aladel. Kohanimekorraldus koost\u00f6\u00f6s kaartide v\u00e4ljaandjatega ja ametlikke kohanimesid m\u00e4\u00e4ravate asutustega. Ajaloolise V\u00f5rumaa kohanimede andmebaas (AVKA). V\u00e4lit\u00f6\u00f6andmete, kohanimesid puudutavate keeleliste ja ajalooliste andmete koondamine kaardiga seotud andmebaasi ja selle andmebaasi interneti kaudu avalikuks kasutamiseks seadmine. Kohanimede uurimine. V\u00e4lit\u00f6\u00f6d V\u00e4lit\u00f6\u00f6de [&hellip;]","og_url":"https:\/\/wi.ee\/et\/kohanimed\/kohanimed-ja-nimekorraldus\/","og_site_name":"V\u00f5ru Instituut","article_publisher":"https:\/\/www.facebook.com\/VoroInstituut","article_modified_time":"2018-10-01T12:50:40+00:00","og_image":[{"width":183,"height":123,"url":"https:\/\/wi.ee\/wp-content\/uploads\/2015\/05\/logo-150507.png","type":"image\/png"}],"twitter_misc":{"Est. reading time":"4 minutit"},"schema":{"@context":"https:\/\/schema.org","@graph":[{"@type":"WebPage","@id":"https:\/\/wi.ee\/et\/kohanimed\/kohanimed-ja-nimekorraldus\/","url":"https:\/\/wi.ee\/et\/kohanimed\/kohanimed-ja-nimekorraldus\/","name":"Kohanimed ja nimekorraldus - V\u00f5ru Instituut","isPartOf":{"@id":"https:\/\/wi.ee\/et\/#website"},"datePublished":"2018-10-01T12:19:05+00:00","dateModified":"2018-10-01T12:50:40+00:00","breadcrumb":{"@id":"https:\/\/wi.ee\/et\/kohanimed\/kohanimed-ja-nimekorraldus\/#breadcrumb"},"inLanguage":"et","potentialAction":[{"@type":"ReadAction","target":["https:\/\/wi.ee\/et\/kohanimed\/kohanimed-ja-nimekorraldus\/"]}]},{"@type":"BreadcrumbList","@id":"https:\/\/wi.ee\/et\/kohanimed\/kohanimed-ja-nimekorraldus\/#breadcrumb","itemListElement":[{"@type":"ListItem","position":1,"name":"Avaleht","item":"https:\/\/wi.ee\/et\/"},{"@type":"ListItem","position":2,"name":"Kohanimed","item":"https:\/\/wi.ee\/et\/kohanimed\/"},{"@type":"ListItem","position":3,"name":"Kohanimed ja nimekorraldus"}]},{"@type":"WebSite","@id":"https:\/\/wi.ee\/et\/#website","url":"https:\/\/wi.ee\/et\/","name":"V\u00f5ru Instituut","description":"","publisher":{"@id":"https:\/\/wi.ee\/et\/#organization"},"potentialAction":[{"@type":"SearchAction","target":{"@type":"EntryPoint","urlTemplate":"https:\/\/wi.ee\/et\/?s={search_term_string}"},"query-input":{"@type":"PropertyValueSpecification","valueRequired":true,"valueName":"search_term_string"}}],"inLanguage":"et"},{"@type":"Organization","@id":"https:\/\/wi.ee\/et\/#organization","name":"V\u00f5ru Instituut","url":"https:\/\/wi.ee\/et\/","logo":{"@type":"ImageObject","inLanguage":"et","@id":"https:\/\/wi.ee\/et\/#\/schema\/logo\/image\/","url":"https:\/\/wi.ee\/wp-content\/uploads\/2015\/05\/logo-150507.png","contentUrl":"https:\/\/wi.ee\/wp-content\/uploads\/2015\/05\/logo-150507.png","width":183,"height":123,"caption":"V\u00f5ru Instituut"},"image":{"@id":"https:\/\/wi.ee\/et\/#\/schema\/logo\/image\/"},"sameAs":["https:\/\/www.facebook.com\/VoroInstituut"]}]}},"_links":{"self":[{"href":"https:\/\/wi.ee\/et\/wp-json\/wp\/v2\/pages\/4755","targetHints":{"allow":["GET"]}}],"collection":[{"href":"https:\/\/wi.ee\/et\/wp-json\/wp\/v2\/pages"}],"about":[{"href":"https:\/\/wi.ee\/et\/wp-json\/wp\/v2\/types\/page"}],"author":[{"embeddable":true,"href":"https:\/\/wi.ee\/et\/wp-json\/wp\/v2\/users\/2"}],"replies":[{"embeddable":true,"href":"https:\/\/wi.ee\/et\/wp-json\/wp\/v2\/comments?post=4755"}],"version-history":[{"count":3,"href":"https:\/\/wi.ee\/et\/wp-json\/wp\/v2\/pages\/4755\/revisions"}],"predecessor-version":[{"id":4764,"href":"https:\/\/wi.ee\/et\/wp-json\/wp\/v2\/pages\/4755\/revisions\/4764"}],"up":[{"embeddable":true,"href":"https:\/\/wi.ee\/et\/wp-json\/wp\/v2\/pages\/4745"}],"wp:attachment":[{"href":"https:\/\/wi.ee\/et\/wp-json\/wp\/v2\/media?parent=4755"}],"curies":[{"name":"wp","href":"https:\/\/api.w.org\/{rel}","templated":true}]}}