{"id":4745,"date":"2018-10-01T12:49:32","date_gmt":"2018-10-01T10:49:32","guid":{"rendered":"https:\/\/wi.ee\/?page_id=4745"},"modified":"2018-10-01T12:54:10","modified_gmt":"2018-10-01T10:54:10","slug":"kohanimed","status":"publish","type":"page","link":"https:\/\/wi.ee\/et\/kohanimed\/","title":{"rendered":"Kohanimed"},"content":{"rendered":"<table class=\"contentpaneopen\">\n<tbody>\n<tr>\n<td class=\"contentheading\" width=\"100%\"><strong>Ajaloolise V\u00f5rumaa kohanimede andmebaas (AVKA)<\/strong><\/td>\n<\/tr>\n<\/tbody>\n<\/table>\n<table class=\"contentpaneopen\">\n<tbody>\n<tr>\n<td valign=\"top\">Ajaloolise V\u00f5rumaa kohanimede andmebaas (AVKA) on kasutatav Maa-ameti aadressiandmete rakenduse \u00fche kaardikihina. <a href=\"http:\/\/xgis.maaamet.ee\/xGIS\/XGis?app_id=ADS4&amp;user_id=at&amp;searchid=FADS1604_O\">Lingi <\/a>kaudu aadressiandmete rakendusse sisenenuna suurendage kaardil teid huvitav vana V\u00f5rumaa piirkond \u00fcles v\u00e4hemalt m\u00f5\u00f5tkavani 1: 40000 (aktiveerige suurendusnupp ja m\u00e4rkige kursoriga u \u00bc keskmise valla suurune ala). Vasakpoolse men\u00fc\u00fcnupu <em>Kaardikihtide valik ja legend<\/em> alt avaneb kaardikihtide men\u00fc\u00fc, kust valige <em>Mitteametlikud aadressiobjektid<\/em>. Viimase avanedes valige <em>V\u00f5rumaa kohanimed<\/em>. Head avastamist!M\u00f5\u00f5tkavast 1: 25000 alates on v\u00f5imalik valida erinevaid aluskaarte. Aktiveerides parempoolse men\u00fc\u00fcnupu <em>Infop\u00e4ring<\/em>, saate nimeobjekti s\u00fcmbolile kl\u00f5psates k\u00e4tte p\u00f5hilise info, mis selle nimeobjekti kohta AVKA-s leidub. Kui suurendus on nii suur, et paistab ka katastrikaart, saate infonupuga infot Maa-ameti aadressiandmete kihi <em>Kehtiv katastri\u00fcksus<\/em> kohta. Et saada nimeobjekti s\u00fcmbolile kl\u00f5psates alati AVKA infot, tuleb k\u00e4ia kaardikihtide men\u00fc\u00fcs, kl\u00f5psata ikoonile <em>Kaardikihtide infopaneel<\/em> ja t\u00f5sta avanenud infopaneelil kiht <em>V\u00f5rumaa kohanimed<\/em> k\u00f5ige pealmiseks.<\/p>\n<p>Algseisus on paremal aknapoolel avatud h\u00fcpikmen\u00fc\u00fc <em>Otsing<\/em>. P\u00e4rast objektiinfo p\u00e4rimist leiate otsingu <em>Objekti info<\/em> h\u00fcpikmen\u00fc\u00fc alaservast. Otsinguks valige kiht <em>V\u00f5rumaa kohanimed<\/em>. J\u00e4rgige t\u00e4pselt otsingujuhiseid. Kirjutage esialgu alati kahele poole otsitavat nime v\u00f5i nimeosa protsendim\u00e4rgid. Protsendim\u00e4rke kasutage ka siis, kui teate kindlalt, et otsitava koha v\u00f5rup\u00e4rane nimi on n\u00e4iteks <em>\u00dcts\u00e4m\u00e4gi<\/em>, sest otsitaval v\u00e4ljal v\u00f5ib nime ette olla lisatud kolmanda v\u00e4lte m\u00e4rk.<\/p>\n<p>Kui kl\u00f5psate objektiinfo h\u00fcpikmen\u00fc\u00fcs EKI linki, juhitakse teid AVKA andmele Eesti Keele Instituudi serveris. Seal on iga sama koha r\u00f6\u00f6pnimi esitatud eraldi real ja varustatud selgitava m\u00e4rgendiga.<\/p>\n<p><a name=\"ankur1\"><\/a><strong>Mis on AVKA?<\/strong><\/p>\n<p>Ajaloolise V\u00f5rumaa kohanimede andmebaas (AVKA) on V\u00f5ru Instituudis arendatav kaardiga seotud kohanimeandmete kogu, mis katab kogu ajaloolise V\u00f5rumaa (1783.\u20131920. a halduspiirides) ja peaks tulevikus katma ka naaberalad Setumaal ning L\u00f5una-Tartumaal. Andmebaas j\u00e4\u00e4dvustab V\u00f5ru Instituudis tehtava kohanimede-alase v\u00e4lit\u00f6\u00f6 tulemused ja pakub kasutajale pildi 20. saj l\u00f5pu rahvalikust v\u00f5rukeelsest kohanimekasutusest. H\u00e4stistruktureeritud andmebaas on kasutatav nii nimeuurimise kui ka kohanimede ametliku normimise allika ja v\u00f5rdlusmaterjalina. L\u00e4hema kodu\u00fcmbruse kohanimed v\u00f5iksid huvi pakkuda igale vanal V\u00f5rumaal elavale v\u00f5i siit p\u00e4rit inimesele. AVKA loob pildi, milliste nimede all tundsid 1990-ndate V\u00f5rumaa p\u00f5liselanikud oma kodu\u00fcmbruse kohti.<\/p>\n<p><a name=\"ankur2\"><\/a><strong>Millised alad on praegu andmebaasis olemas?<\/strong><\/p>\n<p>Ajalooline V\u00f5rumaa koosneb kaheksast kihelkonnast: Kanepi, Urvast\u00f5, Karula, Hargl\u00f5, R\u00f5ug\u00f5, P\u00f5lva, Vahts\u00f5liina ja R\u00e4pin\u00e4. See on laias laastus Valga-Meerapalu joonest kagu poole j\u00e4\u00e4v osa Eestist, v\u00e4lja arvatud Kagu-Eesti idaserv, mis on ajalooline Setumaa.<\/p>\n<p><a name=\"ankur3\"><\/a><strong>Andmebaasi struktuurist<\/strong><\/p>\n<p>Iga andmebaasikirje koosneb arvutikaardiga seotud punktist ja andmev\u00e4ljade reast, kuhu on kantud vastava objektiga seonduv info. Kui \u00fchel kohal on ka mitu nime, siis andmebaasis kajastuvad need ikkagi \u00fchel real. Anname l\u00fchi\u00fclevaate andmev\u00e4ljadel sisalduvast:<\/p>\n<p>Kui kohal on mitu nime v\u00f5i nimel mitu h\u00e4\u00e4ldusvarianti, siis kohapeal k\u00f5ige levinum v\u00f5i ajalooliselt k\u00f5ige v\u00e4\u00e4rtuslikum variant asetseb enamasti andmev\u00e4ljal <em>V\u00f5rup\u00e4rane nimi<\/em>. K\u00e4esolevas tekstis nimetatakse seda ka m\u00e4rknimeks. AVKA-s on v\u00f5imalust m\u00f6\u00f6da \u00e4ra toodud ka teised nimevariandid. Originaalandmebaasi andmev\u00e4li <em>Teine nimi<\/em> sisaldab enamasti v\u00f5rukeelseid nimevariante, andmev\u00e4li <em>Konventsionaalne<\/em> kirjakeelestatud variante, <em>Vana katastrinimi<\/em> osaliselt kruntide nimesid 1930. aastate skeemilisel kaardil ja<em>Katasrinimi<\/em> osaliselt praeguse maakatastri nimesid. Kaardirakenduses esitatakse need k\u00f5ik \u00fchel v\u00e4ljal <em>Variandid<\/em>, eespool loetletud j\u00e4rjekorras. Andmev\u00e4li <em>Kohak\u00e4\u00e4nded<\/em> n\u00e4itab, kuidas m\u00e4rknimi v\u00f5ru keeles k\u00e4\u00e4ndub. Andmev\u00e4ljal <em>Koha liik<\/em> on \u00e4ra toodud kohanimeobjekti tegelik liik, vahel ka koha varasem liik, mis tuleb k\u00f5ne alla n\u00e4iteks h\u00e4vinud talude, taluks muutunud \u00fchiskondlike hoonete, v\u00f5sastunud heinamaade ja kinnikasvanud j\u00e4rvede juures. Andmev\u00e4li <em>Linn v\u00f5i vald<\/em> n\u00e4itab nimeobjekti kuuluvust omavalitsus\u00fcksuse j\u00e4rgi, <em>Kihelkond<\/em> kihelkonna (kolmet\u00e4helise l\u00fchendi) j\u00e4rgi, <em>M\u00f5is ja k\u00fcla<\/em>19. saj l\u00f5pu m\u00f5isapiiride j\u00e4rgi ning teisel pool koolonit k\u00fcla v\u00f5i paikkonna j\u00e4rgi. Veel on igas andmereas olemas v\u00e4li vabas s\u00f5nastuses kommentaari v\u00f5i selgituse jaoks.<\/p>\n<p><a name=\"ankur7\"><\/a><strong>Kohanimeandmete p\u00e4ritolu<\/strong><\/p>\n<p>AVKA tuumiku moodustavad andmed, mida V\u00f5ru Instituudi t\u00f6\u00f6taja Evar Saar on kogunud Eesti p\u00f5hikaardi kohanimev\u00e4lit\u00f6\u00f6l aastatel 1995\u20132003. Kohanimed ja kaardiseosed on kirja pandud nii, nagu need eksisteerisid v\u00e4lit\u00f6\u00f6 ajal kohalike p\u00f5liselanike teadvuses, nii nagu kohtasid tegelikult kutsutakse. Sellest reeglist esineb ka k\u00f5rvalekaldumisi, n\u00e4iteks asundustalude puhul on andmebaasi esikohanimeks pandud talu tekkimise aegne ametlik nimi v\u00f5rup\u00e4rasel kirjakujul, kuigi tegelikult kutsutakse neid talukohti enamasti omaniku v\u00f5i endise omaniku nimega. Kogumist\u00f6\u00f6l kasutati abimaterjalina Eesti Keele Instituudi kohanimekogus terve 20. saj jooksul j\u00e4\u00e4dvustatud andmeid, mille v\u00e4ljaotsimisega tegeles Eesti Kaardikeskuse t\u00f6\u00f6taja T\u00f5nu Raudsepp.<\/p>\n<p>T\u00e4nase kohaliku elaniku jaoks v\u00f5ivad paljud AVKA-s esitatud nimed tunduda v\u00f5\u00f5rad, sest V\u00f5rumaa k\u00fcla rahvap\u00e4rane kohanimistu muutub praegu kiiresti. Osa nimedest on vanematele keelejuhtidele vestluse k\u00e4igus meelde tulnud ja \u00f5ige kohaga kokkuviiminegi on toimunud meenutuse vormis, aga tegelikkuses k\u00fclakogukond k\u00f5iki neid nimesid enam ei kasuta. Andmebaasis leidub ka \u00fcksikuid kohanimesid, mille objekti asukoht pole teada. Kaardil on selliste nimede grupid \u00e4ratuntavad, nende s\u00fcmbolid on paigutatud sirgesse ritta l\u00e4hima asula v\u00f5i talu juurde, samuti on m\u00e4rknime juurde kirjutatud <em>(asuk?)<\/em>.<\/p>\n<p>Andmev\u00e4lja <em>Variandid<\/em> osaks liidetud v\u00e4li <em>Vana katastrinimi<\/em> sisaldab ainult 1930-ndatel koostatud skeemilise katastrikaardi andmeid. Talule, ka t\u00fctartalule, popsi- v\u00f5i uusmaasaajakohale on omistatud selle krundi nimi, millele ta antud kaardi alusel j\u00e4\u00e4b. Skeemiline katastrikaart ei kata kogu uuritavat ala, seet\u00f5ttu ei ole andmev\u00e4li alati t\u00e4idetud. Nimed skeemilisel katastrikaardil on m\u00f5nikord vanas kirjaviisis m\u00f5isakaartidelt t\u00e4ht-t\u00e4helt maha kirjutatud, m\u00f5nikord uude kirjaviisi pandud, m\u00f5nikord meelevaldselt eestistatud v\u00f5i \u00fcmberkirjutusvigadega, kuid et see kaart on olnud praeguse maareformi p\u00f5hiline katastrinimede allikas, on tema algkujul kajastamist siiski oluliseks peetud. Vanemate allikmaterjalide andmebaasi viimine on kavas edaspidi, kui AVKA arendamine t\u00e4nap\u00e4evanimede osas seatud eesm\u00e4rgini j\u00f5uab.<\/p>\n<p><a name=\"ankur8\"><\/a><strong>M\u00e4rkusi andmev\u00e4ljade sisu kohta<\/strong><\/p>\n<p>Asustusnimede puhul (k\u00fclad ja talud) on v\u00e4ljal <em>V\u00f5rup\u00e4rane nimi<\/em> alati p\u00fc\u00fctud v\u00e4lja kirjutada v\u00f5rukeelne liigis\u00f5na <em>k\u00fcl\u00e4<\/em> v\u00f5i <em>talo\/talu<\/em>. Tegelikkuses kasutatakse neid kohanimesid enamasti ilma liigis\u00f5nata, liigis\u00f5nu kasutatakse ainult nimede loetlemisel v\u00f5i vastates k\u00fcsimusele: \u201cMis k\u00fcla\/talu see on?\u201d Asustusnimede p\u00f5hilise kuju saab k\u00e4tte kohak\u00e4\u00e4ndevorme j\u00e4lgides.<\/p>\n<p>Paljusid talukohti kutsutakse ainult elanike j\u00e4rgi ja v\u00e4ljale <em>V\u00f5rup\u00e4rane nimi<\/em> kirjutatud talunime ei kasutata. Selliseid juhtumeid markeerivad v\u00e4ljale <em>Kohak\u00e4\u00e4nded<\/em> kirjutatud vormid <em>`tallo<\/em>: <em>talon<\/em>, nt <em>L\u00e4ts<\/em> <em>Kirsi `tallo<\/em>. Kui talunimi on aktiivses kasutuses, oleksid kohak\u00e4\u00e4ndevormid ilma liigis\u00f5nata: <em>L\u00e4ts Kirsil\u00f5 \/ Kirssi \/ Kirsi pool\u00f5<\/em>.<\/p>\n<p>Vahel on talu v\u00f5i elamu m\u00e4rknimeks valitud elaniku nimi v\u00f5rup\u00e4rases kirjapildis, seda selle j\u00e4rgi, kuidas naabrid on kohta nimetanud. Kindlasti on kogutud koha , mitte isiku nimetamist. Seda, kas kohanimes kajastatud isik elas seal kunagi ammu v\u00f5i elab praegu ja kuidas on isikunime ametlik kirjapilt, pole soovitudki t\u00e4psemalt kindlaks teha, et mitte anda v\u00f5imalust AVKA-s leiduvate andmehulkade kuritarvitusteks. Ka andmev\u00e4li <em>Variandid<\/em>esitab talukohtade r\u00f6\u00f6psete nimedena isikunimesid. Sealt on v\u00e4lja j\u00e4etud praegu elavate inimeste t\u00e4ielikud nimed, v\u00e4lja arvatud juhul, kui peremees v\u00f5i perenaine on t\u00f5eline k\u00fcla \u201draudvara\u201d ning isikunime ja elukoha kokkuviimine on j\u00f5ukohane iga\u00fchele, kes esimest k\u00fcla vahel vastutulijat k\u00f5netada julgeb.<\/p>\n<p>Erinevalt k\u00fcla- ja talunimedest on k\u00fclaosade ja loodusobjektide nimesid p\u00fc\u00fctud kirjutada v\u00f5imalikult ilma juurdem\u00f5eldavate liigis\u00f5nadeta. Nimeobjekti olemust selgitab andmev\u00e4li<em>Koha<\/em> <em>liik<\/em>.<\/p>\n<p>Kui kohanimeobjekti kuuluvust n\u00e4itavatel v\u00e4ljadel on \u00fcksuse nime v\u00f5i nimel\u00fchendi taga h\u00fc\u00fcum\u00e4rk, n\u00e4itab see, et objekt asub kahe \u00fcksuse piiril ja nimi kuulub tegelikult ka naabervalla, -kihelkonna v\u00f5i -m\u00f5isa kohanimede hulka. Enamasti on sellele siis viidatud kommentaaride lahtris.<\/p>\n<p>Kohanimeobjekti k\u00fclakuuluvus ei ole antud ametlike k\u00fclade lahkmejoonte j\u00e4rgi, vaid m\u00e4\u00e4ratud k\u00f5iki k\u00fclasid ja eraldiasuvaid paikkondi arvesse v\u00f5ttes l\u00e4hima tuumikobjekti juurde. N\u00e4iteks v\u00f5ib valla piiril asuva \u00fcksiktalu l\u00e4hikuuluvus olla m\u00e4\u00e4ratletud hoopis naabervalla k\u00fcla juurde. \u00dcksikjuhtudel, nagu soosaarte ja j\u00e4rvesoppide nimed, on l\u00e4hikuuluvus m\u00e4\u00e4ratud ka loodusobjekti (soo, j\u00e4rv, j\u00f5gi) juurde.<\/p>\n<p>K\u00f5iki andmebaasi objektid on lihtsuse m\u00f5ttes punktobjektid. Kui tegelik kohanimeobjekt on laialdane (k\u00fcla, suur mets) v\u00f5i pikk (j\u00f5gi), tagab andmebaas ainult selle, et kaardikujutisele satub v\u00e4hemalt osa tegelikust kohanimeobjektist. J\u00f5gede ja omaette nimega j\u00f5el\u00f5ikude puhul on see punkt pandud m\u00f5ne suurema silla juurde, kus nime rahvatraditsioonis kasutatakse. Liikudes kaardil j\u00f5ge m\u00f6\u00f6da \u00fclesvoolu ja j\u00f5udes j\u00e4rgmise nimega seotud punktini, v\u00f5ib sellest j\u00e4reldada, et siitsaadik on j\u00f5gi v\u00f5i oja tuntud juba teise nime all.<\/td>\n<\/tr>\n<\/tbody>\n<\/table>\n","protected":false},"excerpt":{"rendered":"<p>Ajaloolise V\u00f5rumaa kohanimede andmebaas (AVKA) Ajaloolise V\u00f5rumaa kohanimede andmebaas (AVKA) on kasutatav Maa-ameti aadressiandmete rakenduse \u00fche kaardikihina. Lingi kaudu aadressiandmete rakendusse sisenenuna suurendage kaardil teid huvitav vana V\u00f5rumaa piirkond \u00fcles v\u00e4hemalt m\u00f5\u00f5tkavani 1: 40000 (aktiveerige suurendusnupp ja m\u00e4rkige kursoriga u \u00bc keskmise valla suurune ala). Vasakpoolse men\u00fc\u00fcnupu Kaardikihtide valik ja legend alt avaneb kaardikihtide men\u00fc\u00fc, [&hellip;]<\/p>\n","protected":false},"author":2,"featured_media":0,"parent":0,"menu_order":0,"comment_status":"closed","ping_status":"open","template":"","meta":{"_acf_changed":false,"footnotes":""},"class_list":["post-4745","page","type-page","status-publish","hentry"],"acf":[],"yoast_head":"<!-- This site is optimized with the Yoast SEO plugin v27.3 - https:\/\/yoast.com\/product\/yoast-seo-wordpress\/ -->\n<title>Kohanimed - V\u00f5ru Instituut<\/title>\n<meta name=\"robots\" content=\"index, follow, max-snippet:-1, max-image-preview:large, max-video-preview:-1\" \/>\n<link rel=\"canonical\" href=\"https:\/\/wi.ee\/et\/kohanimed\/\" \/>\n<meta property=\"og:locale\" content=\"et_EE\" \/>\n<meta property=\"og:type\" content=\"article\" \/>\n<meta property=\"og:title\" content=\"Kohanimed - V\u00f5ru Instituut\" \/>\n<meta property=\"og:description\" content=\"Ajaloolise V\u00f5rumaa kohanimede andmebaas (AVKA) Ajaloolise V\u00f5rumaa kohanimede andmebaas (AVKA) on kasutatav Maa-ameti aadressiandmete rakenduse \u00fche kaardikihina. Lingi kaudu aadressiandmete rakendusse sisenenuna suurendage kaardil teid huvitav vana V\u00f5rumaa piirkond \u00fcles v\u00e4hemalt m\u00f5\u00f5tkavani 1: 40000 (aktiveerige suurendusnupp ja m\u00e4rkige kursoriga u \u00bc keskmise valla suurune ala). Vasakpoolse men\u00fc\u00fcnupu Kaardikihtide valik ja legend alt avaneb kaardikihtide men\u00fc\u00fc, [&hellip;]\" \/>\n<meta property=\"og:url\" content=\"https:\/\/wi.ee\/et\/kohanimed\/\" \/>\n<meta property=\"og:site_name\" content=\"V\u00f5ru Instituut\" \/>\n<meta property=\"article:publisher\" content=\"https:\/\/www.facebook.com\/VoroInstituut\" \/>\n<meta property=\"article:modified_time\" content=\"2018-10-01T10:54:10+00:00\" \/>\n<meta property=\"og:image\" content=\"https:\/\/wi.ee\/wp-content\/uploads\/2015\/05\/logo-150507.png\" \/>\n\t<meta property=\"og:image:width\" content=\"183\" \/>\n\t<meta property=\"og:image:height\" content=\"123\" \/>\n\t<meta property=\"og:image:type\" content=\"image\/png\" \/>\n<meta name=\"twitter:label1\" content=\"Est. reading time\" \/>\n\t<meta name=\"twitter:data1\" content=\"7 minutit\" \/>\n<script type=\"application\/ld+json\" class=\"yoast-schema-graph\">{\"@context\":\"https:\\\/\\\/schema.org\",\"@graph\":[{\"@type\":\"WebPage\",\"@id\":\"https:\\\/\\\/wi.ee\\\/et\\\/kohanimed\\\/\",\"url\":\"https:\\\/\\\/wi.ee\\\/et\\\/kohanimed\\\/\",\"name\":\"Kohanimed - V\u00f5ru Instituut\",\"isPartOf\":{\"@id\":\"https:\\\/\\\/wi.ee\\\/et\\\/#website\"},\"datePublished\":\"2018-10-01T10:49:32+00:00\",\"dateModified\":\"2018-10-01T10:54:10+00:00\",\"breadcrumb\":{\"@id\":\"https:\\\/\\\/wi.ee\\\/et\\\/kohanimed\\\/#breadcrumb\"},\"inLanguage\":\"et\",\"potentialAction\":[{\"@type\":\"ReadAction\",\"target\":[\"https:\\\/\\\/wi.ee\\\/et\\\/kohanimed\\\/\"]}]},{\"@type\":\"BreadcrumbList\",\"@id\":\"https:\\\/\\\/wi.ee\\\/et\\\/kohanimed\\\/#breadcrumb\",\"itemListElement\":[{\"@type\":\"ListItem\",\"position\":1,\"name\":\"Avaleht\",\"item\":\"https:\\\/\\\/wi.ee\\\/et\\\/\"},{\"@type\":\"ListItem\",\"position\":2,\"name\":\"Kohanimed\"}]},{\"@type\":\"WebSite\",\"@id\":\"https:\\\/\\\/wi.ee\\\/et\\\/#website\",\"url\":\"https:\\\/\\\/wi.ee\\\/et\\\/\",\"name\":\"V\u00f5ru Instituut\",\"description\":\"\",\"publisher\":{\"@id\":\"https:\\\/\\\/wi.ee\\\/et\\\/#organization\"},\"potentialAction\":[{\"@type\":\"SearchAction\",\"target\":{\"@type\":\"EntryPoint\",\"urlTemplate\":\"https:\\\/\\\/wi.ee\\\/et\\\/?s={search_term_string}\"},\"query-input\":{\"@type\":\"PropertyValueSpecification\",\"valueRequired\":true,\"valueName\":\"search_term_string\"}}],\"inLanguage\":\"et\"},{\"@type\":\"Organization\",\"@id\":\"https:\\\/\\\/wi.ee\\\/et\\\/#organization\",\"name\":\"V\u00f5ru Instituut\",\"url\":\"https:\\\/\\\/wi.ee\\\/et\\\/\",\"logo\":{\"@type\":\"ImageObject\",\"inLanguage\":\"et\",\"@id\":\"https:\\\/\\\/wi.ee\\\/et\\\/#\\\/schema\\\/logo\\\/image\\\/\",\"url\":\"https:\\\/\\\/wi.ee\\\/wp-content\\\/uploads\\\/2015\\\/05\\\/logo-150507.png\",\"contentUrl\":\"https:\\\/\\\/wi.ee\\\/wp-content\\\/uploads\\\/2015\\\/05\\\/logo-150507.png\",\"width\":183,\"height\":123,\"caption\":\"V\u00f5ru Instituut\"},\"image\":{\"@id\":\"https:\\\/\\\/wi.ee\\\/et\\\/#\\\/schema\\\/logo\\\/image\\\/\"},\"sameAs\":[\"https:\\\/\\\/www.facebook.com\\\/VoroInstituut\"]}]}<\/script>\n<!-- \/ Yoast SEO plugin. -->","yoast_head_json":{"title":"Kohanimed - V\u00f5ru Instituut","robots":{"index":"index","follow":"follow","max-snippet":"max-snippet:-1","max-image-preview":"max-image-preview:large","max-video-preview":"max-video-preview:-1"},"canonical":"https:\/\/wi.ee\/et\/kohanimed\/","og_locale":"et_EE","og_type":"article","og_title":"Kohanimed - V\u00f5ru Instituut","og_description":"Ajaloolise V\u00f5rumaa kohanimede andmebaas (AVKA) Ajaloolise V\u00f5rumaa kohanimede andmebaas (AVKA) on kasutatav Maa-ameti aadressiandmete rakenduse \u00fche kaardikihina. Lingi kaudu aadressiandmete rakendusse sisenenuna suurendage kaardil teid huvitav vana V\u00f5rumaa piirkond \u00fcles v\u00e4hemalt m\u00f5\u00f5tkavani 1: 40000 (aktiveerige suurendusnupp ja m\u00e4rkige kursoriga u \u00bc keskmise valla suurune ala). Vasakpoolse men\u00fc\u00fcnupu Kaardikihtide valik ja legend alt avaneb kaardikihtide men\u00fc\u00fc, [&hellip;]","og_url":"https:\/\/wi.ee\/et\/kohanimed\/","og_site_name":"V\u00f5ru Instituut","article_publisher":"https:\/\/www.facebook.com\/VoroInstituut","article_modified_time":"2018-10-01T10:54:10+00:00","og_image":[{"width":183,"height":123,"url":"https:\/\/wi.ee\/wp-content\/uploads\/2015\/05\/logo-150507.png","type":"image\/png"}],"twitter_misc":{"Est. reading time":"7 minutit"},"schema":{"@context":"https:\/\/schema.org","@graph":[{"@type":"WebPage","@id":"https:\/\/wi.ee\/et\/kohanimed\/","url":"https:\/\/wi.ee\/et\/kohanimed\/","name":"Kohanimed - V\u00f5ru Instituut","isPartOf":{"@id":"https:\/\/wi.ee\/et\/#website"},"datePublished":"2018-10-01T10:49:32+00:00","dateModified":"2018-10-01T10:54:10+00:00","breadcrumb":{"@id":"https:\/\/wi.ee\/et\/kohanimed\/#breadcrumb"},"inLanguage":"et","potentialAction":[{"@type":"ReadAction","target":["https:\/\/wi.ee\/et\/kohanimed\/"]}]},{"@type":"BreadcrumbList","@id":"https:\/\/wi.ee\/et\/kohanimed\/#breadcrumb","itemListElement":[{"@type":"ListItem","position":1,"name":"Avaleht","item":"https:\/\/wi.ee\/et\/"},{"@type":"ListItem","position":2,"name":"Kohanimed"}]},{"@type":"WebSite","@id":"https:\/\/wi.ee\/et\/#website","url":"https:\/\/wi.ee\/et\/","name":"V\u00f5ru Instituut","description":"","publisher":{"@id":"https:\/\/wi.ee\/et\/#organization"},"potentialAction":[{"@type":"SearchAction","target":{"@type":"EntryPoint","urlTemplate":"https:\/\/wi.ee\/et\/?s={search_term_string}"},"query-input":{"@type":"PropertyValueSpecification","valueRequired":true,"valueName":"search_term_string"}}],"inLanguage":"et"},{"@type":"Organization","@id":"https:\/\/wi.ee\/et\/#organization","name":"V\u00f5ru Instituut","url":"https:\/\/wi.ee\/et\/","logo":{"@type":"ImageObject","inLanguage":"et","@id":"https:\/\/wi.ee\/et\/#\/schema\/logo\/image\/","url":"https:\/\/wi.ee\/wp-content\/uploads\/2015\/05\/logo-150507.png","contentUrl":"https:\/\/wi.ee\/wp-content\/uploads\/2015\/05\/logo-150507.png","width":183,"height":123,"caption":"V\u00f5ru Instituut"},"image":{"@id":"https:\/\/wi.ee\/et\/#\/schema\/logo\/image\/"},"sameAs":["https:\/\/www.facebook.com\/VoroInstituut"]}]}},"_links":{"self":[{"href":"https:\/\/wi.ee\/et\/wp-json\/wp\/v2\/pages\/4745","targetHints":{"allow":["GET"]}}],"collection":[{"href":"https:\/\/wi.ee\/et\/wp-json\/wp\/v2\/pages"}],"about":[{"href":"https:\/\/wi.ee\/et\/wp-json\/wp\/v2\/types\/page"}],"author":[{"embeddable":true,"href":"https:\/\/wi.ee\/et\/wp-json\/wp\/v2\/users\/2"}],"replies":[{"embeddable":true,"href":"https:\/\/wi.ee\/et\/wp-json\/wp\/v2\/comments?post=4745"}],"version-history":[{"count":2,"href":"https:\/\/wi.ee\/et\/wp-json\/wp\/v2\/pages\/4745\/revisions"}],"predecessor-version":[{"id":4748,"href":"https:\/\/wi.ee\/et\/wp-json\/wp\/v2\/pages\/4745\/revisions\/4748"}],"wp:attachment":[{"href":"https:\/\/wi.ee\/et\/wp-json\/wp\/v2\/media?parent=4745"}],"curies":[{"name":"wp","href":"https:\/\/api.w.org\/{rel}","templated":true}]}}