{"id":3501,"date":"2018-06-14T15:04:45","date_gmt":"2018-06-14T13:04:45","guid":{"rendered":"https:\/\/wi.ee\/?page_id=3501"},"modified":"2024-08-23T16:03:32","modified_gmt":"2024-08-23T13:03:32","slug":"elamusope-muuseumis","status":"publish","type":"page","link":"https:\/\/wi.ee\/et\/muuseumid\/elamusope-muuseumis\/","title":{"rendered":"Elamus\u00f5pe muuseumis"},"content":{"rendered":"<p><span style=\"color: #800000;\"><strong>Muuseumitunnid ja kultuurip\u00e4randi \u00f5pe lasteaialastele ning kooli\u00f5pilastele Vana-V\u00f5romaa muuseumites \u00a02024\/25 \u00f5ppeaastal:\u00a0\u00a0<\/strong><\/span><\/p>\n<p><a href=\"https:\/\/wi.ee\/wp-content\/uploads\/2024\/08\/muuseumitunnid_2024_25_lasteaialastele.pdf\" target=\"_blank\" rel=\"noopener\"><strong>LASTEAIALASTELE<\/strong><\/a><\/p>\n<p><a href=\"https:\/\/wi.ee\/wp-content\/uploads\/2024\/08\/muuseumitunnid_2024_25_pohikooli_I_aste.pdf\" target=\"_blank\" rel=\"noopener\"><strong>P\u00d5HIKOOLI\u00a0 1.-3. klassi \u00f5pilastele<\/strong><\/a><\/p>\n<p><a href=\"https:\/\/wi.ee\/wp-content\/uploads\/2024\/08\/muuseumitunnid_2024_25_pohikooli_II_aste.pdf\" target=\"_blank\" rel=\"noopener\"><strong>P\u00d5HIKOOLI\u00a0 4.-6. klassi \u00f5pilastele<\/strong><\/a><\/p>\n<p><a href=\"https:\/\/wi.ee\/wp-content\/uploads\/2024\/08\/muuseumitunnid_2023_24_pohikooli_III_aste.pdf\" target=\"_blank\" rel=\"noopener\"><strong>P\u00d5HIKOOLI\u00a0 7.-9. klassi \u00f5pilastele<\/strong><\/a><\/p>\n<p><a href=\"https:\/\/wi.ee\/wp-content\/uploads\/2024\/08\/muuseumitunnid_2024_25_gymnaasiumile.pdf\" target=\"_blank\" rel=\"noopener\"><strong>G\u00dcMNAASIUMI \u00d5PILASTELE<\/strong><\/a><\/p>\n<p>Vana-V\u00f5romaa muuseumid pakuvad kooli\u00f5pilastele ja lasteaialastele p\u00f5nevaid muuseumitunde ja teemap\u00e4evi, kus lapsed saavad koguda tarkusi hoopis teisiti kui klassitoas \u00f5ppides. \u00d5petaja, kes sa soovid oma \u00f5ppeainet lastele p\u00f5nevamalt \u00f5petada, tule oma \u00f5pilastega muuseumisse \u00f5ppima.<\/p>\n<p>Vaata pilte, kuidas muuseumitunnis \u00f5ppimine toimub:<\/p>\n<div id=\"attachment_4505\" style=\"width: 310px\" class=\"wp-caption alignnone\"><a href=\"https:\/\/wi.ee\/wp-content\/uploads\/2018\/08\/MTM_kohtupidamine.jpg\" target=\"_blank\" rel=\"noopener noreferrer\"><img loading=\"lazy\" decoding=\"async\" aria-describedby=\"caption-attachment-4505\" class=\"wp-image-4505 size-medium\" title=\"Kohtuistungi pidamine rollim\u00e4nguna. M\u00f5niste Talurahvamuuseum.\" src=\"https:\/\/wi.ee\/wp-content\/uploads\/2018\/08\/MTM_kohtupidamine-300x199.jpg\" alt=\"Kohtuistungi pidamine rollim\u00e4nguna. M\u00f5niste Talurahvamuuseum.\" width=\"300\" height=\"199\" srcset=\"https:\/\/wi.ee\/wp-content\/uploads\/2018\/08\/MTM_kohtupidamine-300x199.jpg 300w, https:\/\/wi.ee\/wp-content\/uploads\/2018\/08\/MTM_kohtupidamine-600x400.jpg 600w, https:\/\/wi.ee\/wp-content\/uploads\/2018\/08\/MTM_kohtupidamine-768x510.jpg 768w, https:\/\/wi.ee\/wp-content\/uploads\/2018\/08\/MTM_kohtupidamine.jpg 960w\" sizes=\"auto, (max-width: 300px) 100vw, 300px\" \/><\/a><p id=\"caption-attachment-4505\" class=\"wp-caption-text\">Kohtuistungi pidamine rollim\u00e4nguna. M\u00f5niste Talurahvamuuseum.<\/p><\/div>\n<div id=\"attachment_4508\" style=\"width: 310px\" class=\"wp-caption alignnone\"><a href=\"https:\/\/wi.ee\/wp-content\/uploads\/2018\/08\/MTM_Talumetsa_p\u00e4ev.jpg\" target=\"_blank\" rel=\"noopener noreferrer\"><img loading=\"lazy\" decoding=\"async\" aria-describedby=\"caption-attachment-4508\" class=\"wp-image-4508 size-medium\" title=\"Metsat\u00f6\u00f6 p\u00e4ev. Nugade-kirveste teritamine k\u00e4ia peal. M\u00f5niste Talurahvamuuseum.\" src=\"https:\/\/wi.ee\/wp-content\/uploads\/2018\/08\/MTM_Talumetsa_p\u00e4ev-300x225.jpg\" alt=\"Metsat\u00f6\u00f6 p\u00e4ev. Nugade-kirveste teritamine k\u00e4ia peal. M\u00f5niste Talurahvamuuseum.\" width=\"300\" height=\"225\" srcset=\"https:\/\/wi.ee\/wp-content\/uploads\/2018\/08\/MTM_Talumetsa_p\u00e4ev-300x225.jpg 300w, https:\/\/wi.ee\/wp-content\/uploads\/2018\/08\/MTM_Talumetsa_p\u00e4ev-768x576.jpg 768w, https:\/\/wi.ee\/wp-content\/uploads\/2018\/08\/MTM_Talumetsa_p\u00e4ev.jpg 960w\" sizes=\"auto, (max-width: 300px) 100vw, 300px\" \/><\/a><p id=\"caption-attachment-4508\" class=\"wp-caption-text\">Metsat\u00f6\u00f6 p\u00e4ev. Nugade-kirveste teritamine k\u00e4ia peal. M\u00f5niste Talurahvamuuseum.<\/p><\/div>\n<div id=\"attachment_4520\" style=\"width: 310px\" class=\"wp-caption alignnone\"><a href=\"https:\/\/wi.ee\/wp-content\/uploads\/2018\/08\/PTM-Rehetare-ees_Leivapaev.jpg\" target=\"_blank\" rel=\"noopener noreferrer\"><img loading=\"lazy\" decoding=\"async\" aria-describedby=\"caption-attachment-4520\" class=\"wp-image-4520 size-medium\" title=\"Leivap\u00e4eval k\u00e4iakse \u00fchekoos l\u00e4bi leivasaamise teekond. Karilatsi Vaba\u00f5humuuseum.\" src=\"https:\/\/wi.ee\/wp-content\/uploads\/2018\/08\/PTM-Rehetare-ees_Leivapaev-300x225.jpg\" alt=\"Leivap\u00e4eval k\u00e4iakse \u00fchekoos l\u00e4bi leivasaamise teekond. Karilatsi Vaba\u00f5humuuseum.\" width=\"300\" height=\"225\" srcset=\"https:\/\/wi.ee\/wp-content\/uploads\/2018\/08\/PTM-Rehetare-ees_Leivapaev-300x225.jpg 300w, https:\/\/wi.ee\/wp-content\/uploads\/2018\/08\/PTM-Rehetare-ees_Leivapaev-768x576.jpg 768w, https:\/\/wi.ee\/wp-content\/uploads\/2018\/08\/PTM-Rehetare-ees_Leivapaev.jpg 960w\" sizes=\"auto, (max-width: 300px) 100vw, 300px\" \/><\/a><p id=\"caption-attachment-4520\" class=\"wp-caption-text\">Leivap\u00e4eval k\u00e4iakse \u00fchekoos l\u00e4bi leivasaamise teekond. Karilatsi Vaba\u00f5humuuseum.<\/p><\/div>\n<div id=\"attachment_4523\" style=\"width: 310px\" class=\"wp-caption alignnone\"><a href=\"https:\/\/wi.ee\/wp-content\/uploads\/2018\/08\/VVKK_kadrikombestik.jpg\" target=\"_blank\" rel=\"noopener noreferrer\"><img loading=\"lazy\" decoding=\"async\" aria-describedby=\"caption-attachment-4523\" class=\"wp-image-4523 size-medium\" title=\"Kadrisandis k\u00e4imiseks tuleb enne kadrip\u00e4eva \u00f5ppida ja harjutada. Vana-V\u00f5romaa kultuurikoda.\" src=\"https:\/\/wi.ee\/wp-content\/uploads\/2018\/08\/VVKK_kadrikombestik-300x225.jpg\" alt=\"Kadrisandis k\u00e4imiseks tuleb enne kadrip\u00e4eva \u00f5ppida ja harjutada. Vana-V\u00f5romaa kultuurikoda.\" width=\"300\" height=\"225\" srcset=\"https:\/\/wi.ee\/wp-content\/uploads\/2018\/08\/VVKK_kadrikombestik-300x225.jpg 300w, https:\/\/wi.ee\/wp-content\/uploads\/2018\/08\/VVKK_kadrikombestik-768x576.jpg 768w, https:\/\/wi.ee\/wp-content\/uploads\/2018\/08\/VVKK_kadrikombestik-1024x768.jpg 1024w\" sizes=\"auto, (max-width: 300px) 100vw, 300px\" \/><\/a><p id=\"caption-attachment-4523\" class=\"wp-caption-text\">Kadrisandis k\u00e4imiseks tuleb enne kadrip\u00e4eva \u00f5ppida ja harjutada. Vana-V\u00f5romaa kultuurikoda.<\/p><\/div>\n<div id=\"attachment_4526\" style=\"width: 310px\" class=\"wp-caption alignnone\"><a href=\"https:\/\/wi.ee\/wp-content\/uploads\/2018\/08\/VVKK_kalapyyk_elu-ymber-tamula.jpg\" target=\"_blank\" rel=\"noopener noreferrer\"><img loading=\"lazy\" decoding=\"async\" aria-describedby=\"caption-attachment-4526\" class=\"wp-image-4526 size-medium\" title=\"Elu \u00fcmber Tamula. Lapsed m\u00e4ngivad j\u00e4rvest ahinguga kalade p\u00fc\u00fcdmist. Vana-V\u00f5romaa kultuurikoda.\" src=\"https:\/\/wi.ee\/wp-content\/uploads\/2018\/08\/VVKK_kalapyyk_elu-ymber-tamula-300x225.jpg\" alt=\"Elu \u00fcmber Tamula. Lapsed m\u00e4ngivad j\u00e4rvest ahinguga kalade p\u00fc\u00fcdmist. Vana-V\u00f5romaa kultuurikoda.\" width=\"300\" height=\"225\" srcset=\"https:\/\/wi.ee\/wp-content\/uploads\/2018\/08\/VVKK_kalapyyk_elu-ymber-tamula-300x225.jpg 300w, https:\/\/wi.ee\/wp-content\/uploads\/2018\/08\/VVKK_kalapyyk_elu-ymber-tamula-768x576.jpg 768w, https:\/\/wi.ee\/wp-content\/uploads\/2018\/08\/VVKK_kalapyyk_elu-ymber-tamula-1024x768.jpg 1024w\" sizes=\"auto, (max-width: 300px) 100vw, 300px\" \/><\/a><p id=\"caption-attachment-4526\" class=\"wp-caption-text\">Elu \u00fcmber Tamula. Lapsed m\u00e4ngivad j\u00e4rvest ahinguga kalade p\u00fc\u00fcdmist. Vana-V\u00f5romaa kultuurikoda.<\/p><\/div>\n<div id=\"attachment_4529\" style=\"width: 310px\" class=\"wp-caption alignnone\"><a href=\"https:\/\/wi.ee\/wp-content\/uploads\/2018\/08\/VVKK_laste_kunstitund.jpg\" target=\"_blank\" rel=\"noopener noreferrer\"><img loading=\"lazy\" decoding=\"async\" aria-describedby=\"caption-attachment-4529\" class=\"wp-image-4529 size-medium\" title=\"Kunsti\u00f5ppeks on inspireeriv paik galerii. Vana-V\u00f5romaa kultuurikoda.\" src=\"https:\/\/wi.ee\/wp-content\/uploads\/2018\/08\/VVKK_laste_kunstitund-300x225.jpg\" alt=\"Kunsti\u00f5ppeks on inspireeriv paik galerii. Vana-V\u00f5romaa kultuurikoda.\" width=\"300\" height=\"225\" srcset=\"https:\/\/wi.ee\/wp-content\/uploads\/2018\/08\/VVKK_laste_kunstitund-300x225.jpg 300w, https:\/\/wi.ee\/wp-content\/uploads\/2018\/08\/VVKK_laste_kunstitund-768x576.jpg 768w, https:\/\/wi.ee\/wp-content\/uploads\/2018\/08\/VVKK_laste_kunstitund.jpg 1000w\" sizes=\"auto, (max-width: 300px) 100vw, 300px\" \/><\/a><p id=\"caption-attachment-4529\" class=\"wp-caption-text\">Kunsti\u00f5ppeks on inspireeriv paik galerii. Vana-V\u00f5romaa kultuurikoda.<\/p><\/div>\n<div id=\"attachment_4532\" style=\"width: 310px\" class=\"wp-caption alignnone\"><a href=\"https:\/\/wi.ee\/wp-content\/uploads\/2018\/08\/FRK_tarkuseraamatu_tegemine.jpg\" target=\"_blank\" rel=\"noopener noreferrer\"><img loading=\"lazy\" decoding=\"async\" aria-describedby=\"caption-attachment-4532\" class=\"wp-image-4532 size-medium\" title=\"Tarkuseraamatu tegemine ja Lauluisa p\u00e4rand. Dr.Fr.R. Kreutzwaldi memoriaalmuuseum.\" src=\"https:\/\/wi.ee\/wp-content\/uploads\/2018\/08\/FRK_tarkuseraamatu_tegemine-300x187.jpg\" alt=\"Tarkuseraamatu tegemine ja Lauluisa p\u00e4rand. Dr.Fr.R. Kreutzwaldi memoriaalmuuseum.\" width=\"300\" height=\"187\" srcset=\"https:\/\/wi.ee\/wp-content\/uploads\/2018\/08\/FRK_tarkuseraamatu_tegemine-300x187.jpg 300w, https:\/\/wi.ee\/wp-content\/uploads\/2018\/08\/FRK_tarkuseraamatu_tegemine-768x478.jpg 768w, https:\/\/wi.ee\/wp-content\/uploads\/2018\/08\/FRK_tarkuseraamatu_tegemine-1024x637.jpg 1024w\" sizes=\"auto, (max-width: 300px) 100vw, 300px\" \/><\/a><p id=\"caption-attachment-4532\" class=\"wp-caption-text\">Tarkuseraamatu tegemine ja Lauluisa p\u00e4rand. Dr.Fr.R. Kreutzwaldi memoriaalmuuseum.<\/p><\/div>\n<div id=\"attachment_4535\" style=\"width: 310px\" class=\"wp-caption alignnone\"><a href=\"https:\/\/wi.ee\/wp-content\/uploads\/2018\/08\/FRK_opimi_trykkimist.jpg\" target=\"_blank\" rel=\"noopener noreferrer\"><img loading=\"lazy\" decoding=\"async\" aria-describedby=\"caption-attachment-4535\" class=\"wp-image-4535 size-medium\" title=\"Tr\u00fckkimist koolis ei \u00f5pita, aga muuseumis saab seda \u00f5ppida. Dr.Fr.R. Kreutzwaldi memoriaalmuuseum.\" src=\"https:\/\/wi.ee\/wp-content\/uploads\/2018\/08\/FRK_opimi_trykkimist-300x152.jpg\" alt=\"Tr\u00fckkimist koolis ei \u00f5pita, aga muuseumis saab seda \u00f5ppida. Dr.Fr.R. Kreutzwaldi memoriaalmuuseum.\" width=\"300\" height=\"152\" srcset=\"https:\/\/wi.ee\/wp-content\/uploads\/2018\/08\/FRK_opimi_trykkimist-300x152.jpg 300w, https:\/\/wi.ee\/wp-content\/uploads\/2018\/08\/FRK_opimi_trykkimist-768x388.jpg 768w, https:\/\/wi.ee\/wp-content\/uploads\/2018\/08\/FRK_opimi_trykkimist-1024x518.jpg 1024w\" sizes=\"auto, (max-width: 300px) 100vw, 300px\" \/><\/a><p id=\"caption-attachment-4535\" class=\"wp-caption-text\">Tr\u00fckkimist koolis ei \u00f5pita, aga muuseumis saab seda \u00f5ppida. Dr.Fr.R. Kreutzwaldi memoriaalmuuseum.<\/p><\/div>\n<div id=\"attachment_4538\" style=\"width: 310px\" class=\"wp-caption alignnone\"><a href=\"https:\/\/wi.ee\/wp-content\/uploads\/2018\/08\/FRK_muinasjututunn.jpg\" target=\"_blank\" rel=\"noopener noreferrer\"><img loading=\"lazy\" decoding=\"async\" aria-describedby=\"caption-attachment-4538\" class=\"wp-image-4538 size-medium\" title=\"Muinasjututund on nagu teater. Dr.Fr.R. Kreutzwaldi memoriaalmuuseum.\" src=\"https:\/\/wi.ee\/wp-content\/uploads\/2018\/08\/FRK_muinasjututunn-300x202.jpg\" alt=\"Muinasjututund on nagu teater. Dr.Fr.R. Kreutzwaldi memoriaalmuuseum.\" width=\"300\" height=\"202\" srcset=\"https:\/\/wi.ee\/wp-content\/uploads\/2018\/08\/FRK_muinasjututunn-300x202.jpg 300w, https:\/\/wi.ee\/wp-content\/uploads\/2018\/08\/FRK_muinasjututunn-768x516.jpg 768w, https:\/\/wi.ee\/wp-content\/uploads\/2018\/08\/FRK_muinasjututunn-1024x688.jpg 1024w\" sizes=\"auto, (max-width: 300px) 100vw, 300px\" \/><\/a><p id=\"caption-attachment-4538\" class=\"wp-caption-text\">Muinasjututund on nagu teater. Dr.Fr.R. Kreutzwaldi memoriaalmuuseum.<\/p><\/div>\n<div id=\"attachment_4517\" style=\"width: 310px\" class=\"wp-caption alignnone\"><a href=\"https:\/\/wi.ee\/wp-content\/uploads\/2018\/08\/PTM-Meisterdame_puust.jpg\" target=\"_blank\" rel=\"noopener noreferrer\"><img loading=\"lazy\" decoding=\"async\" aria-describedby=\"caption-attachment-4517\" class=\"wp-image-4517 size-medium\" title=\"Muuseumi k\u00e4sit\u00f6\u00f6tunnis tehakse asju teistmoodi kui koolitunnis. Karilatsi Vaba\u00f5humuuseum.\" src=\"https:\/\/wi.ee\/wp-content\/uploads\/2018\/08\/PTM-Meisterdame_puust-300x225.jpg\" alt=\"Muuseumi k\u00e4sit\u00f6\u00f6tunnis tehakse asju teistmoodi kui koolitunnis. Karilatsi Vaba\u00f5humuuseum.\" width=\"300\" height=\"225\" srcset=\"https:\/\/wi.ee\/wp-content\/uploads\/2018\/08\/PTM-Meisterdame_puust-300x225.jpg 300w, https:\/\/wi.ee\/wp-content\/uploads\/2018\/08\/PTM-Meisterdame_puust-768x576.jpg 768w, https:\/\/wi.ee\/wp-content\/uploads\/2018\/08\/PTM-Meisterdame_puust-1024x768.jpg 1024w\" sizes=\"auto, (max-width: 300px) 100vw, 300px\" \/><\/a><p id=\"caption-attachment-4517\" class=\"wp-caption-text\">Muuseumi k\u00e4sit\u00f6\u00f6tunnis tehakse asju teistmoodi kui koolitunnis. Karilatsi Vaba\u00f5humuuseum.<\/p><\/div>\n<div id=\"attachment_4514\" style=\"width: 310px\" class=\"wp-caption alignnone\"><a href=\"https:\/\/wi.ee\/wp-content\/uploads\/2018\/08\/PTM-Lihav6tted.jpg\" target=\"_blank\" rel=\"noopener noreferrer\"><img loading=\"lazy\" decoding=\"async\" aria-describedby=\"caption-attachment-4514\" class=\"wp-image-4514 size-medium\" title=\"Sibulakoortega munade v\u00e4rvimine munap\u00fchadeks. Karilatsi Vaba\u00f5humuuseum.\" src=\"https:\/\/wi.ee\/wp-content\/uploads\/2018\/08\/PTM-Lihav6tted-300x225.jpg\" alt=\"Sibulakoortega munade v\u00e4rvimine munap\u00fchadeks. Karilatsi Vaba\u00f5humuuseum.\" width=\"300\" height=\"225\" srcset=\"https:\/\/wi.ee\/wp-content\/uploads\/2018\/08\/PTM-Lihav6tted-300x225.jpg 300w, https:\/\/wi.ee\/wp-content\/uploads\/2018\/08\/PTM-Lihav6tted-768x576.jpg 768w, https:\/\/wi.ee\/wp-content\/uploads\/2018\/08\/PTM-Lihav6tted.jpg 1000w\" sizes=\"auto, (max-width: 300px) 100vw, 300px\" \/><\/a><p id=\"caption-attachment-4514\" class=\"wp-caption-text\">Sibulakoortega munade v\u00e4rvimine munap\u00fchadeks. Karilatsi Vaba\u00f5humuuseum.<\/p><\/div>\n<div id=\"attachment_4511\" style=\"width: 310px\" class=\"wp-caption alignnone\"><a href=\"https:\/\/wi.ee\/wp-content\/uploads\/2018\/08\/MTM_Vanaaja-kauplusep\u00e4ev..jpg\" target=\"_blank\" rel=\"noopener noreferrer\"><img loading=\"lazy\" decoding=\"async\" aria-describedby=\"caption-attachment-4511\" class=\"wp-image-4511 size-medium\" title=\"Kauba kaalumine ja hinna arvutamine muuseumipoes. M\u00f5niste Talurahvamuuseum.\" src=\"https:\/\/wi.ee\/wp-content\/uploads\/2018\/08\/MTM_Vanaaja-kauplusep\u00e4ev.-300x223.jpg\" alt=\"Kauba kaalumine ja hinna arvutamine muuseumipoes. M\u00f5niste Talurahvamuuseum.\" width=\"300\" height=\"223\" srcset=\"https:\/\/wi.ee\/wp-content\/uploads\/2018\/08\/MTM_Vanaaja-kauplusep\u00e4ev.-300x223.jpg 300w, https:\/\/wi.ee\/wp-content\/uploads\/2018\/08\/MTM_Vanaaja-kauplusep\u00e4ev.-768x571.jpg 768w, https:\/\/wi.ee\/wp-content\/uploads\/2018\/08\/MTM_Vanaaja-kauplusep\u00e4ev..jpg 960w\" sizes=\"auto, (max-width: 300px) 100vw, 300px\" \/><\/a><p id=\"caption-attachment-4511\" class=\"wp-caption-text\">Kauba kaalumine ja hinna arvutamine muuseumipoes. M\u00f5niste Talurahvamuuseum.<\/p><\/div>\n<p>&nbsp;<\/p>\n","protected":false},"excerpt":{"rendered":"<p>Muuseumitunnid ja kultuurip\u00e4randi \u00f5pe lasteaialastele ning kooli\u00f5pilastele Vana-V\u00f5romaa muuseumites \u00a02024\/25 \u00f5ppeaastal:\u00a0\u00a0 LASTEAIALASTELE P\u00d5HIKOOLI\u00a0 1.-3. klassi \u00f5pilastele P\u00d5HIKOOLI\u00a0 4.-6. klassi \u00f5pilastele P\u00d5HIKOOLI\u00a0 7.-9. klassi \u00f5pilastele G\u00dcMNAASIUMI \u00d5PILASTELE Vana-V\u00f5romaa muuseumid pakuvad kooli\u00f5pilastele ja lasteaialastele p\u00f5nevaid muuseumitunde ja teemap\u00e4evi, kus lapsed saavad koguda tarkusi hoopis teisiti kui klassitoas \u00f5ppides. \u00d5petaja, kes sa soovid oma \u00f5ppeainet lastele p\u00f5nevamalt \u00f5petada, [&hellip;]<\/p>\n","protected":false},"author":2,"featured_media":0,"parent":149,"menu_order":5,"comment_status":"closed","ping_status":"closed","template":"","meta":{"_acf_changed":false,"footnotes":""},"class_list":["post-3501","page","type-page","status-publish","hentry"],"acf":[],"yoast_head":"<!-- This site is optimized with the Yoast SEO plugin v27.3 - https:\/\/yoast.com\/product\/yoast-seo-wordpress\/ -->\n<title>Elamus\u00f5pe muuseumis - V\u00f5ru Instituut<\/title>\n<meta name=\"robots\" content=\"index, follow, max-snippet:-1, max-image-preview:large, max-video-preview:-1\" \/>\n<link rel=\"canonical\" href=\"https:\/\/wi.ee\/et\/muuseumid\/elamusope-muuseumis\/\" \/>\n<meta property=\"og:locale\" content=\"et_EE\" \/>\n<meta property=\"og:type\" content=\"article\" \/>\n<meta property=\"og:title\" content=\"Elamus\u00f5pe muuseumis - V\u00f5ru Instituut\" \/>\n<meta property=\"og:description\" content=\"Muuseumitunnid ja kultuurip\u00e4randi \u00f5pe lasteaialastele ning kooli\u00f5pilastele Vana-V\u00f5romaa muuseumites \u00a02024\/25 \u00f5ppeaastal:\u00a0\u00a0 LASTEAIALASTELE P\u00d5HIKOOLI\u00a0 1.-3. klassi \u00f5pilastele P\u00d5HIKOOLI\u00a0 4.-6. klassi \u00f5pilastele P\u00d5HIKOOLI\u00a0 7.-9. klassi \u00f5pilastele G\u00dcMNAASIUMI \u00d5PILASTELE Vana-V\u00f5romaa muuseumid pakuvad kooli\u00f5pilastele ja lasteaialastele p\u00f5nevaid muuseumitunde ja teemap\u00e4evi, kus lapsed saavad koguda tarkusi hoopis teisiti kui klassitoas \u00f5ppides. \u00d5petaja, kes sa soovid oma \u00f5ppeainet lastele p\u00f5nevamalt \u00f5petada, [&hellip;]\" \/>\n<meta property=\"og:url\" content=\"https:\/\/wi.ee\/et\/muuseumid\/elamusope-muuseumis\/\" \/>\n<meta property=\"og:site_name\" content=\"V\u00f5ru Instituut\" \/>\n<meta property=\"article:publisher\" content=\"https:\/\/www.facebook.com\/VoroInstituut\" \/>\n<meta property=\"article:modified_time\" content=\"2024-08-23T13:03:32+00:00\" \/>\n<meta property=\"og:image\" content=\"https:\/\/wi.ee\/wp-content\/uploads\/2018\/08\/MTM_kohtupidamine-300x199.jpg\" \/>\n<meta name=\"twitter:label1\" content=\"Est. reading time\" \/>\n\t<meta name=\"twitter:data1\" content=\"4 minutit\" \/>\n<script type=\"application\/ld+json\" class=\"yoast-schema-graph\">{\"@context\":\"https:\\\/\\\/schema.org\",\"@graph\":[{\"@type\":\"WebPage\",\"@id\":\"https:\\\/\\\/wi.ee\\\/et\\\/muuseumid\\\/elamusope-muuseumis\\\/\",\"url\":\"https:\\\/\\\/wi.ee\\\/et\\\/muuseumid\\\/elamusope-muuseumis\\\/\",\"name\":\"Elamus\u00f5pe muuseumis - V\u00f5ru Instituut\",\"isPartOf\":{\"@id\":\"https:\\\/\\\/wi.ee\\\/et\\\/#website\"},\"primaryImageOfPage\":{\"@id\":\"https:\\\/\\\/wi.ee\\\/et\\\/muuseumid\\\/elamusope-muuseumis\\\/#primaryimage\"},\"image\":{\"@id\":\"https:\\\/\\\/wi.ee\\\/et\\\/muuseumid\\\/elamusope-muuseumis\\\/#primaryimage\"},\"thumbnailUrl\":\"https:\\\/\\\/wi.ee\\\/wp-content\\\/uploads\\\/2018\\\/08\\\/MTM_kohtupidamine-300x199.jpg\",\"datePublished\":\"2018-06-14T13:04:45+00:00\",\"dateModified\":\"2024-08-23T13:03:32+00:00\",\"breadcrumb\":{\"@id\":\"https:\\\/\\\/wi.ee\\\/et\\\/muuseumid\\\/elamusope-muuseumis\\\/#breadcrumb\"},\"inLanguage\":\"et\",\"potentialAction\":[{\"@type\":\"ReadAction\",\"target\":[\"https:\\\/\\\/wi.ee\\\/et\\\/muuseumid\\\/elamusope-muuseumis\\\/\"]}]},{\"@type\":\"ImageObject\",\"inLanguage\":\"et\",\"@id\":\"https:\\\/\\\/wi.ee\\\/et\\\/muuseumid\\\/elamusope-muuseumis\\\/#primaryimage\",\"url\":\"https:\\\/\\\/wi.ee\\\/wp-content\\\/uploads\\\/2018\\\/08\\\/MTM_kohtupidamine-300x199.jpg\",\"contentUrl\":\"https:\\\/\\\/wi.ee\\\/wp-content\\\/uploads\\\/2018\\\/08\\\/MTM_kohtupidamine-300x199.jpg\"},{\"@type\":\"BreadcrumbList\",\"@id\":\"https:\\\/\\\/wi.ee\\\/et\\\/muuseumid\\\/elamusope-muuseumis\\\/#breadcrumb\",\"itemListElement\":[{\"@type\":\"ListItem\",\"position\":1,\"name\":\"Avaleht\",\"item\":\"https:\\\/\\\/wi.ee\\\/et\\\/\"},{\"@type\":\"ListItem\",\"position\":2,\"name\":\"Muuseumid\",\"item\":\"https:\\\/\\\/wi.ee\\\/et\\\/muuseumid\\\/\"},{\"@type\":\"ListItem\",\"position\":3,\"name\":\"Elamus\u00f5pe muuseumis\"}]},{\"@type\":\"WebSite\",\"@id\":\"https:\\\/\\\/wi.ee\\\/et\\\/#website\",\"url\":\"https:\\\/\\\/wi.ee\\\/et\\\/\",\"name\":\"V\u00f5ru Instituut\",\"description\":\"\",\"publisher\":{\"@id\":\"https:\\\/\\\/wi.ee\\\/et\\\/#organization\"},\"potentialAction\":[{\"@type\":\"SearchAction\",\"target\":{\"@type\":\"EntryPoint\",\"urlTemplate\":\"https:\\\/\\\/wi.ee\\\/et\\\/?s={search_term_string}\"},\"query-input\":{\"@type\":\"PropertyValueSpecification\",\"valueRequired\":true,\"valueName\":\"search_term_string\"}}],\"inLanguage\":\"et\"},{\"@type\":\"Organization\",\"@id\":\"https:\\\/\\\/wi.ee\\\/et\\\/#organization\",\"name\":\"V\u00f5ru Instituut\",\"url\":\"https:\\\/\\\/wi.ee\\\/et\\\/\",\"logo\":{\"@type\":\"ImageObject\",\"inLanguage\":\"et\",\"@id\":\"https:\\\/\\\/wi.ee\\\/et\\\/#\\\/schema\\\/logo\\\/image\\\/\",\"url\":\"https:\\\/\\\/wi.ee\\\/wp-content\\\/uploads\\\/2015\\\/05\\\/logo-150507.png\",\"contentUrl\":\"https:\\\/\\\/wi.ee\\\/wp-content\\\/uploads\\\/2015\\\/05\\\/logo-150507.png\",\"width\":183,\"height\":123,\"caption\":\"V\u00f5ru Instituut\"},\"image\":{\"@id\":\"https:\\\/\\\/wi.ee\\\/et\\\/#\\\/schema\\\/logo\\\/image\\\/\"},\"sameAs\":[\"https:\\\/\\\/www.facebook.com\\\/VoroInstituut\"]}]}<\/script>\n<!-- \/ Yoast SEO plugin. -->","yoast_head_json":{"title":"Elamus\u00f5pe muuseumis - V\u00f5ru Instituut","robots":{"index":"index","follow":"follow","max-snippet":"max-snippet:-1","max-image-preview":"max-image-preview:large","max-video-preview":"max-video-preview:-1"},"canonical":"https:\/\/wi.ee\/et\/muuseumid\/elamusope-muuseumis\/","og_locale":"et_EE","og_type":"article","og_title":"Elamus\u00f5pe muuseumis - V\u00f5ru Instituut","og_description":"Muuseumitunnid ja kultuurip\u00e4randi \u00f5pe lasteaialastele ning kooli\u00f5pilastele Vana-V\u00f5romaa muuseumites \u00a02024\/25 \u00f5ppeaastal:\u00a0\u00a0 LASTEAIALASTELE P\u00d5HIKOOLI\u00a0 1.-3. klassi \u00f5pilastele P\u00d5HIKOOLI\u00a0 4.-6. klassi \u00f5pilastele P\u00d5HIKOOLI\u00a0 7.-9. klassi \u00f5pilastele G\u00dcMNAASIUMI \u00d5PILASTELE Vana-V\u00f5romaa muuseumid pakuvad kooli\u00f5pilastele ja lasteaialastele p\u00f5nevaid muuseumitunde ja teemap\u00e4evi, kus lapsed saavad koguda tarkusi hoopis teisiti kui klassitoas \u00f5ppides. \u00d5petaja, kes sa soovid oma \u00f5ppeainet lastele p\u00f5nevamalt \u00f5petada, [&hellip;]","og_url":"https:\/\/wi.ee\/et\/muuseumid\/elamusope-muuseumis\/","og_site_name":"V\u00f5ru Instituut","article_publisher":"https:\/\/www.facebook.com\/VoroInstituut","article_modified_time":"2024-08-23T13:03:32+00:00","og_image":[{"url":"https:\/\/wi.ee\/wp-content\/uploads\/2018\/08\/MTM_kohtupidamine-300x199.jpg","type":"","width":"","height":""}],"twitter_misc":{"Est. reading time":"4 minutit"},"schema":{"@context":"https:\/\/schema.org","@graph":[{"@type":"WebPage","@id":"https:\/\/wi.ee\/et\/muuseumid\/elamusope-muuseumis\/","url":"https:\/\/wi.ee\/et\/muuseumid\/elamusope-muuseumis\/","name":"Elamus\u00f5pe muuseumis - V\u00f5ru Instituut","isPartOf":{"@id":"https:\/\/wi.ee\/et\/#website"},"primaryImageOfPage":{"@id":"https:\/\/wi.ee\/et\/muuseumid\/elamusope-muuseumis\/#primaryimage"},"image":{"@id":"https:\/\/wi.ee\/et\/muuseumid\/elamusope-muuseumis\/#primaryimage"},"thumbnailUrl":"https:\/\/wi.ee\/wp-content\/uploads\/2018\/08\/MTM_kohtupidamine-300x199.jpg","datePublished":"2018-06-14T13:04:45+00:00","dateModified":"2024-08-23T13:03:32+00:00","breadcrumb":{"@id":"https:\/\/wi.ee\/et\/muuseumid\/elamusope-muuseumis\/#breadcrumb"},"inLanguage":"et","potentialAction":[{"@type":"ReadAction","target":["https:\/\/wi.ee\/et\/muuseumid\/elamusope-muuseumis\/"]}]},{"@type":"ImageObject","inLanguage":"et","@id":"https:\/\/wi.ee\/et\/muuseumid\/elamusope-muuseumis\/#primaryimage","url":"https:\/\/wi.ee\/wp-content\/uploads\/2018\/08\/MTM_kohtupidamine-300x199.jpg","contentUrl":"https:\/\/wi.ee\/wp-content\/uploads\/2018\/08\/MTM_kohtupidamine-300x199.jpg"},{"@type":"BreadcrumbList","@id":"https:\/\/wi.ee\/et\/muuseumid\/elamusope-muuseumis\/#breadcrumb","itemListElement":[{"@type":"ListItem","position":1,"name":"Avaleht","item":"https:\/\/wi.ee\/et\/"},{"@type":"ListItem","position":2,"name":"Muuseumid","item":"https:\/\/wi.ee\/et\/muuseumid\/"},{"@type":"ListItem","position":3,"name":"Elamus\u00f5pe muuseumis"}]},{"@type":"WebSite","@id":"https:\/\/wi.ee\/et\/#website","url":"https:\/\/wi.ee\/et\/","name":"V\u00f5ru Instituut","description":"","publisher":{"@id":"https:\/\/wi.ee\/et\/#organization"},"potentialAction":[{"@type":"SearchAction","target":{"@type":"EntryPoint","urlTemplate":"https:\/\/wi.ee\/et\/?s={search_term_string}"},"query-input":{"@type":"PropertyValueSpecification","valueRequired":true,"valueName":"search_term_string"}}],"inLanguage":"et"},{"@type":"Organization","@id":"https:\/\/wi.ee\/et\/#organization","name":"V\u00f5ru Instituut","url":"https:\/\/wi.ee\/et\/","logo":{"@type":"ImageObject","inLanguage":"et","@id":"https:\/\/wi.ee\/et\/#\/schema\/logo\/image\/","url":"https:\/\/wi.ee\/wp-content\/uploads\/2015\/05\/logo-150507.png","contentUrl":"https:\/\/wi.ee\/wp-content\/uploads\/2015\/05\/logo-150507.png","width":183,"height":123,"caption":"V\u00f5ru Instituut"},"image":{"@id":"https:\/\/wi.ee\/et\/#\/schema\/logo\/image\/"},"sameAs":["https:\/\/www.facebook.com\/VoroInstituut"]}]}},"_links":{"self":[{"href":"https:\/\/wi.ee\/et\/wp-json\/wp\/v2\/pages\/3501","targetHints":{"allow":["GET"]}}],"collection":[{"href":"https:\/\/wi.ee\/et\/wp-json\/wp\/v2\/pages"}],"about":[{"href":"https:\/\/wi.ee\/et\/wp-json\/wp\/v2\/types\/page"}],"author":[{"embeddable":true,"href":"https:\/\/wi.ee\/et\/wp-json\/wp\/v2\/users\/2"}],"replies":[{"embeddable":true,"href":"https:\/\/wi.ee\/et\/wp-json\/wp\/v2\/comments?post=3501"}],"version-history":[{"count":75,"href":"https:\/\/wi.ee\/et\/wp-json\/wp\/v2\/pages\/3501\/revisions"}],"predecessor-version":[{"id":13396,"href":"https:\/\/wi.ee\/et\/wp-json\/wp\/v2\/pages\/3501\/revisions\/13396"}],"up":[{"embeddable":true,"href":"https:\/\/wi.ee\/et\/wp-json\/wp\/v2\/pages\/149"}],"wp:attachment":[{"href":"https:\/\/wi.ee\/et\/wp-json\/wp\/v2\/media?parent=3501"}],"curies":[{"name":"wp","href":"https:\/\/api.w.org\/{rel}","templated":true}]}}