{"id":3457,"date":"2018-06-06T14:46:34","date_gmt":"2018-06-06T12:46:34","guid":{"rendered":"https:\/\/wi.ee\/hankoplaan\/"},"modified":"2020-06-11T12:46:46","modified_gmt":"2020-06-11T10:46:46","slug":"hankoplaan","status":"publish","type":"page","link":"https:\/\/wi.ee\/et\/instituudist\/hankoplaan\/","title":{"rendered":"Hanked"},"content":{"rendered":"<p>V\u00f5ru Instituudiga seotud <a href=\"https:\/\/riigihanked.riik.ee\/rhr-web\/#\/search\">hanked<\/a><\/p>\n<p>V\u00f5ru Instituudi <a href=\"https:\/\/wi.ee\/wp-content\/uploads\/2020\/02\/V\u00f5ru-Instituudi-hankekorra-kinnitamine-1.pdf\">hankekord<\/a><\/p>\n<p>V\u00f5ru Instituudi <a href=\"https:\/\/wi.ee\/wp-content\/uploads\/2020\/02\/Kultuuriministeeriumi_hankekord_2017.pdf\">hankekorra lisa<\/a><\/p>\n<p>V\u00f5ru Instituudi 2019. aasta <a href=\"https:\/\/wi.ee\/wp-content\/uploads\/2019\/05\/KK_7_Lisa-1_-VI-2019.pdf\">hankeplaan<\/a><\/p>\n<p>V\u00f5ru Instituudi 2020. aasta <a href=\"https:\/\/wi.ee\/wp-content\/uploads\/2020\/06\/KK_11_Lisa-1_-VI-2020-2.pdf\" target=\"_blank\" rel=\"noopener noreferrer\">hankeplaan<\/a><\/p>\n","protected":false},"excerpt":{"rendered":"<p>V\u00f5ru Instituudiga seotud hanked V\u00f5ru Instituudi hankekord V\u00f5ru Instituudi hankekorra lisa V\u00f5ru Instituudi 2019. aasta hankeplaan V\u00f5ru Instituudi 2020. aasta hankeplaan<\/p>\n","protected":false},"author":2,"featured_media":0,"parent":12008,"menu_order":0,"comment_status":"closed","ping_status":"closed","template":"","meta":{"_acf_changed":false,"footnotes":""},"class_list":["post-3457","page","type-page","status-publish","hentry"],"acf":[],"yoast_head":"<!-- This site is optimized with the Yoast SEO plugin v27.3 - https:\/\/yoast.com\/product\/yoast-seo-wordpress\/ -->\n<title>Hanked - V\u00f5ru Instituut<\/title>\n<meta name=\"robots\" content=\"index, follow, max-snippet:-1, max-image-preview:large, max-video-preview:-1\" \/>\n<link rel=\"canonical\" href=\"https:\/\/wi.ee\/et\/instituudist\/hankoplaan\/\" \/>\n<meta property=\"og:locale\" content=\"et_EE\" \/>\n<meta property=\"og:type\" content=\"article\" \/>\n<meta property=\"og:title\" content=\"Hanked - V\u00f5ru Instituut\" \/>\n<meta property=\"og:description\" content=\"V\u00f5ru Instituudiga seotud hanked V\u00f5ru Instituudi hankekord V\u00f5ru Instituudi hankekorra lisa V\u00f5ru Instituudi 2019. aasta hankeplaan V\u00f5ru Instituudi 2020. aasta hankeplaan\" \/>\n<meta property=\"og:url\" content=\"https:\/\/wi.ee\/et\/instituudist\/hankoplaan\/\" \/>\n<meta property=\"og:site_name\" content=\"V\u00f5ru Instituut\" \/>\n<meta property=\"article:publisher\" content=\"https:\/\/www.facebook.com\/VoroInstituut\" \/>\n<meta property=\"article:modified_time\" content=\"2020-06-11T10:46:46+00:00\" \/>\n<meta property=\"og:image\" content=\"https:\/\/wi.ee\/wp-content\/uploads\/2015\/05\/logo-150507.png\" \/>\n\t<meta property=\"og:image:width\" content=\"183\" \/>\n\t<meta property=\"og:image:height\" content=\"123\" \/>\n\t<meta property=\"og:image:type\" content=\"image\/png\" \/>\n<script type=\"application\/ld+json\" class=\"yoast-schema-graph\">{\"@context\":\"https:\\\/\\\/schema.org\",\"@graph\":[{\"@type\":\"WebPage\",\"@id\":\"https:\\\/\\\/wi.ee\\\/et\\\/instituudist\\\/hankoplaan\\\/\",\"url\":\"https:\\\/\\\/wi.ee\\\/et\\\/instituudist\\\/hankoplaan\\\/\",\"name\":\"Hanked - V\u00f5ru Instituut\",\"isPartOf\":{\"@id\":\"https:\\\/\\\/wi.ee\\\/et\\\/#website\"},\"datePublished\":\"2018-06-06T12:46:34+00:00\",\"dateModified\":\"2020-06-11T10:46:46+00:00\",\"breadcrumb\":{\"@id\":\"https:\\\/\\\/wi.ee\\\/et\\\/instituudist\\\/hankoplaan\\\/#breadcrumb\"},\"inLanguage\":\"et\",\"potentialAction\":[{\"@type\":\"ReadAction\",\"target\":[\"https:\\\/\\\/wi.ee\\\/et\\\/instituudist\\\/hankoplaan\\\/\"]}]},{\"@type\":\"BreadcrumbList\",\"@id\":\"https:\\\/\\\/wi.ee\\\/et\\\/instituudist\\\/hankoplaan\\\/#breadcrumb\",\"itemListElement\":[{\"@type\":\"ListItem\",\"position\":1,\"name\":\"Avaleht\",\"item\":\"https:\\\/\\\/wi.ee\\\/et\\\/\"},{\"@type\":\"ListItem\",\"position\":2,\"name\":\"Hanked\"}]},{\"@type\":\"WebSite\",\"@id\":\"https:\\\/\\\/wi.ee\\\/et\\\/#website\",\"url\":\"https:\\\/\\\/wi.ee\\\/et\\\/\",\"name\":\"V\u00f5ru Instituut\",\"description\":\"\",\"publisher\":{\"@id\":\"https:\\\/\\\/wi.ee\\\/et\\\/#organization\"},\"potentialAction\":[{\"@type\":\"SearchAction\",\"target\":{\"@type\":\"EntryPoint\",\"urlTemplate\":\"https:\\\/\\\/wi.ee\\\/et\\\/?s={search_term_string}\"},\"query-input\":{\"@type\":\"PropertyValueSpecification\",\"valueRequired\":true,\"valueName\":\"search_term_string\"}}],\"inLanguage\":\"et\"},{\"@type\":\"Organization\",\"@id\":\"https:\\\/\\\/wi.ee\\\/et\\\/#organization\",\"name\":\"V\u00f5ru Instituut\",\"url\":\"https:\\\/\\\/wi.ee\\\/et\\\/\",\"logo\":{\"@type\":\"ImageObject\",\"inLanguage\":\"et\",\"@id\":\"https:\\\/\\\/wi.ee\\\/et\\\/#\\\/schema\\\/logo\\\/image\\\/\",\"url\":\"https:\\\/\\\/wi.ee\\\/wp-content\\\/uploads\\\/2015\\\/05\\\/logo-150507.png\",\"contentUrl\":\"https:\\\/\\\/wi.ee\\\/wp-content\\\/uploads\\\/2015\\\/05\\\/logo-150507.png\",\"width\":183,\"height\":123,\"caption\":\"V\u00f5ru Instituut\"},\"image\":{\"@id\":\"https:\\\/\\\/wi.ee\\\/et\\\/#\\\/schema\\\/logo\\\/image\\\/\"},\"sameAs\":[\"https:\\\/\\\/www.facebook.com\\\/VoroInstituut\"]}]}<\/script>\n<!-- \/ Yoast SEO plugin. -->","yoast_head_json":{"title":"Hanked - V\u00f5ru Instituut","robots":{"index":"index","follow":"follow","max-snippet":"max-snippet:-1","max-image-preview":"max-image-preview:large","max-video-preview":"max-video-preview:-1"},"canonical":"https:\/\/wi.ee\/et\/instituudist\/hankoplaan\/","og_locale":"et_EE","og_type":"article","og_title":"Hanked - V\u00f5ru Instituut","og_description":"V\u00f5ru Instituudiga seotud hanked V\u00f5ru Instituudi hankekord V\u00f5ru Instituudi hankekorra lisa V\u00f5ru Instituudi 2019. aasta hankeplaan V\u00f5ru Instituudi 2020. aasta hankeplaan","og_url":"https:\/\/wi.ee\/et\/instituudist\/hankoplaan\/","og_site_name":"V\u00f5ru Instituut","article_publisher":"https:\/\/www.facebook.com\/VoroInstituut","article_modified_time":"2020-06-11T10:46:46+00:00","og_image":[{"width":183,"height":123,"url":"https:\/\/wi.ee\/wp-content\/uploads\/2015\/05\/logo-150507.png","type":"image\/png"}],"schema":{"@context":"https:\/\/schema.org","@graph":[{"@type":"WebPage","@id":"https:\/\/wi.ee\/et\/instituudist\/hankoplaan\/","url":"https:\/\/wi.ee\/et\/instituudist\/hankoplaan\/","name":"Hanked - V\u00f5ru Instituut","isPartOf":{"@id":"https:\/\/wi.ee\/et\/#website"},"datePublished":"2018-06-06T12:46:34+00:00","dateModified":"2020-06-11T10:46:46+00:00","breadcrumb":{"@id":"https:\/\/wi.ee\/et\/instituudist\/hankoplaan\/#breadcrumb"},"inLanguage":"et","potentialAction":[{"@type":"ReadAction","target":["https:\/\/wi.ee\/et\/instituudist\/hankoplaan\/"]}]},{"@type":"BreadcrumbList","@id":"https:\/\/wi.ee\/et\/instituudist\/hankoplaan\/#breadcrumb","itemListElement":[{"@type":"ListItem","position":1,"name":"Avaleht","item":"https:\/\/wi.ee\/et\/"},{"@type":"ListItem","position":2,"name":"Hanked"}]},{"@type":"WebSite","@id":"https:\/\/wi.ee\/et\/#website","url":"https:\/\/wi.ee\/et\/","name":"V\u00f5ru Instituut","description":"","publisher":{"@id":"https:\/\/wi.ee\/et\/#organization"},"potentialAction":[{"@type":"SearchAction","target":{"@type":"EntryPoint","urlTemplate":"https:\/\/wi.ee\/et\/?s={search_term_string}"},"query-input":{"@type":"PropertyValueSpecification","valueRequired":true,"valueName":"search_term_string"}}],"inLanguage":"et"},{"@type":"Organization","@id":"https:\/\/wi.ee\/et\/#organization","name":"V\u00f5ru Instituut","url":"https:\/\/wi.ee\/et\/","logo":{"@type":"ImageObject","inLanguage":"et","@id":"https:\/\/wi.ee\/et\/#\/schema\/logo\/image\/","url":"https:\/\/wi.ee\/wp-content\/uploads\/2015\/05\/logo-150507.png","contentUrl":"https:\/\/wi.ee\/wp-content\/uploads\/2015\/05\/logo-150507.png","width":183,"height":123,"caption":"V\u00f5ru Instituut"},"image":{"@id":"https:\/\/wi.ee\/et\/#\/schema\/logo\/image\/"},"sameAs":["https:\/\/www.facebook.com\/VoroInstituut"]}]}},"_links":{"self":[{"href":"https:\/\/wi.ee\/et\/wp-json\/wp\/v2\/pages\/3457","targetHints":{"allow":["GET"]}}],"collection":[{"href":"https:\/\/wi.ee\/et\/wp-json\/wp\/v2\/pages"}],"about":[{"href":"https:\/\/wi.ee\/et\/wp-json\/wp\/v2\/types\/page"}],"author":[{"embeddable":true,"href":"https:\/\/wi.ee\/et\/wp-json\/wp\/v2\/users\/2"}],"replies":[{"embeddable":true,"href":"https:\/\/wi.ee\/et\/wp-json\/wp\/v2\/comments?post=3457"}],"version-history":[{"count":9,"href":"https:\/\/wi.ee\/et\/wp-json\/wp\/v2\/pages\/3457\/revisions"}],"predecessor-version":[{"id":7421,"href":"https:\/\/wi.ee\/et\/wp-json\/wp\/v2\/pages\/3457\/revisions\/7421"}],"up":[{"embeddable":true,"href":"https:\/\/wi.ee\/et\/wp-json\/wp\/v2\/pages\/12008"}],"wp:attachment":[{"href":"https:\/\/wi.ee\/et\/wp-json\/wp\/v2\/media?parent=3457"}],"curies":[{"name":"wp","href":"https:\/\/api.w.org\/{rel}","templated":true}]}}