{"id":28,"date":"2015-02-23T21:05:12","date_gmt":"2015-02-23T19:05:12","guid":{"rendered":"https:\/\/wi.ee\/?page_id=28"},"modified":"2019-01-31T09:27:26","modified_gmt":"2019-01-31T07:27:26","slug":"avaleht","status":"publish","type":"page","link":"https:\/\/wi.ee\/et\/","title":{"rendered":"Avaleht"},"content":{"rendered":"<div class=\"col-sm-8 img-container\"><a href=\"https:\/\/wi.ee\/wp-content\/uploads\/2019\/01\/Vana_Voromaa_kaart_2019.jpg\"><img loading=\"lazy\" decoding=\"async\" class=\"alignnone wp-image-5271 size-thumbnail\" src=\"https:\/\/wi.ee\/wp-content\/uploads\/2019\/01\/Vana_Voromaa_kaart_2019-600x400.jpg\" alt=\"\" width=\"600\" height=\"400\" \/><\/a>Vana-V\u00f5romaa kaart<\/div>\n<div class=\"col-sm-4\">\n<h2>V\u00f5ru Instituut on 1995. aastal Kultuuriministeeriumi juurde loodud teadus- ja arendusasutus.<\/h2>\n<p>Instituudi tegemised puudutavad peamiselt ajaloolist V\u00f5rumaad ja peaksid aitama elus hoida v\u00f5rukestele omast keelt ja kultuuri.<\/p>\n<p><a class=\"btn-link\" href=\"https:\/\/wi.ee\/instituudist\/\">Loe rohkem<\/a><\/p>\n<\/div>\n","protected":false},"excerpt":{"rendered":"<p>Vana-V\u00f5romaa kaart V\u00f5ru Instituut on 1995. aastal Kultuuriministeeriumi juurde loodud teadus- ja arendusasutus. Instituudi tegemised puudutavad peamiselt ajaloolist V\u00f5rumaad ja peaksid aitama elus hoida v\u00f5rukestele omast keelt ja kultuuri. Loe rohkem<\/p>\n","protected":false},"author":1,"featured_media":0,"parent":0,"menu_order":0,"comment_status":"open","ping_status":"open","template":"","meta":{"_acf_changed":false,"footnotes":""},"class_list":["post-28","page","type-page","status-publish","hentry"],"acf":[],"yoast_head":"<!-- This site is optimized with the Yoast SEO plugin v27.4 - https:\/\/yoast.com\/product\/yoast-seo-wordpress\/ -->\n<title>V\u00f5ru Instituut<\/title>\n<meta name=\"robots\" content=\"index, follow, max-snippet:-1, max-image-preview:large, max-video-preview:-1\" \/>\n<link rel=\"canonical\" href=\"https:\/\/wi.ee\/et\/\" \/>\n<meta property=\"og:locale\" content=\"et_EE\" \/>\n<meta property=\"og:type\" content=\"article\" \/>\n<meta property=\"og:title\" content=\"V\u00f5ru Instituut\" \/>\n<meta property=\"og:description\" content=\"Vana-V\u00f5romaa kaart V\u00f5ru Instituut on 1995. aastal Kultuuriministeeriumi juurde loodud teadus- ja arendusasutus. Instituudi tegemised puudutavad peamiselt ajaloolist V\u00f5rumaad ja peaksid aitama elus hoida v\u00f5rukestele omast keelt ja kultuuri. Loe rohkem\" \/>\n<meta property=\"og:url\" content=\"https:\/\/wi.ee\/et\/\" \/>\n<meta property=\"og:site_name\" content=\"V\u00f5ru Instituut\" \/>\n<meta property=\"article:publisher\" content=\"https:\/\/www.facebook.com\/VoroInstituut\" \/>\n<meta property=\"article:modified_time\" content=\"2019-01-31T07:27:26+00:00\" \/>\n<meta property=\"og:image\" content=\"https:\/\/wi.ee\/wp-content\/uploads\/2019\/01\/Vana_Voromaa_kaart_2019-600x400.jpg\" \/>\n<script type=\"application\/ld+json\" class=\"yoast-schema-graph\">{\"@context\":\"https:\\\/\\\/schema.org\",\"@graph\":[{\"@type\":\"WebPage\",\"@id\":\"https:\\\/\\\/wi.ee\\\/et\\\/\",\"url\":\"https:\\\/\\\/wi.ee\\\/et\\\/\",\"name\":\"V\u00f5ru Instituut\",\"isPartOf\":{\"@id\":\"https:\\\/\\\/wi.ee\\\/et\\\/#website\"},\"primaryImageOfPage\":{\"@id\":\"https:\\\/\\\/wi.ee\\\/et\\\/#primaryimage\"},\"image\":{\"@id\":\"https:\\\/\\\/wi.ee\\\/et\\\/#primaryimage\"},\"thumbnailUrl\":\"https:\\\/\\\/wi.ee\\\/wp-content\\\/uploads\\\/2019\\\/01\\\/Vana_Voromaa_kaart_2019-600x400.jpg\",\"datePublished\":\"2015-02-23T19:05:12+00:00\",\"dateModified\":\"2019-01-31T07:27:26+00:00\",\"breadcrumb\":{\"@id\":\"https:\\\/\\\/wi.ee\\\/et\\\/#breadcrumb\"},\"inLanguage\":\"et\",\"potentialAction\":[{\"@type\":\"ReadAction\",\"target\":[\"https:\\\/\\\/wi.ee\\\/et\\\/\"]}]},{\"@type\":\"ImageObject\",\"inLanguage\":\"et\",\"@id\":\"https:\\\/\\\/wi.ee\\\/et\\\/#primaryimage\",\"url\":\"https:\\\/\\\/wi.ee\\\/wp-content\\\/uploads\\\/2019\\\/01\\\/Vana_Voromaa_kaart_2019-600x400.jpg\",\"contentUrl\":\"https:\\\/\\\/wi.ee\\\/wp-content\\\/uploads\\\/2019\\\/01\\\/Vana_Voromaa_kaart_2019-600x400.jpg\"},{\"@type\":\"BreadcrumbList\",\"@id\":\"https:\\\/\\\/wi.ee\\\/et\\\/#breadcrumb\",\"itemListElement\":[{\"@type\":\"ListItem\",\"position\":1,\"name\":\"Avaleht\",\"item\":\"https:\\\/\\\/wi.ee\\\/et\\\/\"},{\"@type\":\"ListItem\",\"position\":2,\"name\":\"Avaleht\"}]},{\"@type\":\"WebSite\",\"@id\":\"https:\\\/\\\/wi.ee\\\/et\\\/#website\",\"url\":\"https:\\\/\\\/wi.ee\\\/et\\\/\",\"name\":\"V\u00f5ru Instituut\",\"description\":\"\",\"publisher\":{\"@id\":\"https:\\\/\\\/wi.ee\\\/et\\\/#organization\"},\"potentialAction\":[{\"@type\":\"SearchAction\",\"target\":{\"@type\":\"EntryPoint\",\"urlTemplate\":\"https:\\\/\\\/wi.ee\\\/et\\\/?s={search_term_string}\"},\"query-input\":{\"@type\":\"PropertyValueSpecification\",\"valueRequired\":true,\"valueName\":\"search_term_string\"}}],\"inLanguage\":\"et\"},{\"@type\":\"Organization\",\"@id\":\"https:\\\/\\\/wi.ee\\\/et\\\/#organization\",\"name\":\"V\u00f5ru Instituut\",\"url\":\"https:\\\/\\\/wi.ee\\\/et\\\/\",\"logo\":{\"@type\":\"ImageObject\",\"inLanguage\":\"et\",\"@id\":\"https:\\\/\\\/wi.ee\\\/et\\\/#\\\/schema\\\/logo\\\/image\\\/\",\"url\":\"https:\\\/\\\/wi.ee\\\/wp-content\\\/uploads\\\/2015\\\/05\\\/logo-150507.png\",\"contentUrl\":\"https:\\\/\\\/wi.ee\\\/wp-content\\\/uploads\\\/2015\\\/05\\\/logo-150507.png\",\"width\":183,\"height\":123,\"caption\":\"V\u00f5ru Instituut\"},\"image\":{\"@id\":\"https:\\\/\\\/wi.ee\\\/et\\\/#\\\/schema\\\/logo\\\/image\\\/\"},\"sameAs\":[\"https:\\\/\\\/www.facebook.com\\\/VoroInstituut\"]}]}<\/script>\n<!-- \/ Yoast SEO plugin. -->","yoast_head_json":{"title":"V\u00f5ru Instituut","robots":{"index":"index","follow":"follow","max-snippet":"max-snippet:-1","max-image-preview":"max-image-preview:large","max-video-preview":"max-video-preview:-1"},"canonical":"https:\/\/wi.ee\/et\/","og_locale":"et_EE","og_type":"article","og_title":"V\u00f5ru Instituut","og_description":"Vana-V\u00f5romaa kaart V\u00f5ru Instituut on 1995. aastal Kultuuriministeeriumi juurde loodud teadus- ja arendusasutus. Instituudi tegemised puudutavad peamiselt ajaloolist V\u00f5rumaad ja peaksid aitama elus hoida v\u00f5rukestele omast keelt ja kultuuri. Loe rohkem","og_url":"https:\/\/wi.ee\/et\/","og_site_name":"V\u00f5ru Instituut","article_publisher":"https:\/\/www.facebook.com\/VoroInstituut","article_modified_time":"2019-01-31T07:27:26+00:00","og_image":[{"url":"https:\/\/wi.ee\/wp-content\/uploads\/2019\/01\/Vana_Voromaa_kaart_2019-600x400.jpg","type":"","width":"","height":""}],"schema":{"@context":"https:\/\/schema.org","@graph":[{"@type":"WebPage","@id":"https:\/\/wi.ee\/et\/","url":"https:\/\/wi.ee\/et\/","name":"V\u00f5ru Instituut","isPartOf":{"@id":"https:\/\/wi.ee\/et\/#website"},"primaryImageOfPage":{"@id":"https:\/\/wi.ee\/et\/#primaryimage"},"image":{"@id":"https:\/\/wi.ee\/et\/#primaryimage"},"thumbnailUrl":"https:\/\/wi.ee\/wp-content\/uploads\/2019\/01\/Vana_Voromaa_kaart_2019-600x400.jpg","datePublished":"2015-02-23T19:05:12+00:00","dateModified":"2019-01-31T07:27:26+00:00","breadcrumb":{"@id":"https:\/\/wi.ee\/et\/#breadcrumb"},"inLanguage":"et","potentialAction":[{"@type":"ReadAction","target":["https:\/\/wi.ee\/et\/"]}]},{"@type":"ImageObject","inLanguage":"et","@id":"https:\/\/wi.ee\/et\/#primaryimage","url":"https:\/\/wi.ee\/wp-content\/uploads\/2019\/01\/Vana_Voromaa_kaart_2019-600x400.jpg","contentUrl":"https:\/\/wi.ee\/wp-content\/uploads\/2019\/01\/Vana_Voromaa_kaart_2019-600x400.jpg"},{"@type":"BreadcrumbList","@id":"https:\/\/wi.ee\/et\/#breadcrumb","itemListElement":[{"@type":"ListItem","position":1,"name":"Avaleht","item":"https:\/\/wi.ee\/et\/"},{"@type":"ListItem","position":2,"name":"Avaleht"}]},{"@type":"WebSite","@id":"https:\/\/wi.ee\/et\/#website","url":"https:\/\/wi.ee\/et\/","name":"V\u00f5ru Instituut","description":"","publisher":{"@id":"https:\/\/wi.ee\/et\/#organization"},"potentialAction":[{"@type":"SearchAction","target":{"@type":"EntryPoint","urlTemplate":"https:\/\/wi.ee\/et\/?s={search_term_string}"},"query-input":{"@type":"PropertyValueSpecification","valueRequired":true,"valueName":"search_term_string"}}],"inLanguage":"et"},{"@type":"Organization","@id":"https:\/\/wi.ee\/et\/#organization","name":"V\u00f5ru Instituut","url":"https:\/\/wi.ee\/et\/","logo":{"@type":"ImageObject","inLanguage":"et","@id":"https:\/\/wi.ee\/et\/#\/schema\/logo\/image\/","url":"https:\/\/wi.ee\/wp-content\/uploads\/2015\/05\/logo-150507.png","contentUrl":"https:\/\/wi.ee\/wp-content\/uploads\/2015\/05\/logo-150507.png","width":183,"height":123,"caption":"V\u00f5ru Instituut"},"image":{"@id":"https:\/\/wi.ee\/et\/#\/schema\/logo\/image\/"},"sameAs":["https:\/\/www.facebook.com\/VoroInstituut"]}]}},"_links":{"self":[{"href":"https:\/\/wi.ee\/et\/wp-json\/wp\/v2\/pages\/28","targetHints":{"allow":["GET"]}}],"collection":[{"href":"https:\/\/wi.ee\/et\/wp-json\/wp\/v2\/pages"}],"about":[{"href":"https:\/\/wi.ee\/et\/wp-json\/wp\/v2\/types\/page"}],"author":[{"embeddable":true,"href":"https:\/\/wi.ee\/et\/wp-json\/wp\/v2\/users\/1"}],"replies":[{"embeddable":true,"href":"https:\/\/wi.ee\/et\/wp-json\/wp\/v2\/comments?post=28"}],"version-history":[{"count":21,"href":"https:\/\/wi.ee\/et\/wp-json\/wp\/v2\/pages\/28\/revisions"}],"predecessor-version":[{"id":5275,"href":"https:\/\/wi.ee\/et\/wp-json\/wp\/v2\/pages\/28\/revisions\/5275"}],"wp:attachment":[{"href":"https:\/\/wi.ee\/et\/wp-json\/wp\/v2\/media?parent=28"}],"curies":[{"name":"wp","href":"https:\/\/api.w.org\/{rel}","templated":true}]}}