{"id":272,"date":"2015-09-04T12:16:42","date_gmt":"2015-09-04T10:16:42","guid":{"rendered":"https:\/\/wi.ee\/?page_id=272"},"modified":"2021-10-18T12:32:59","modified_gmt":"2021-10-18T10:32:59","slug":"kooliope","status":"publish","type":"page","link":"https:\/\/wi.ee\/et\/tegemised\/kooliope\/","title":{"rendered":"Kooli\u00f5pe"},"content":{"rendered":"<p><strong>Ajalugu<br \/>\n<\/strong><br \/>\n1988. aastal, uuel \u00e4rkamisajal, loodi v\u00f5ru keele ja kultuuri toetamiseks V\u00f5ro Keele ja Kultuuri Fond (VKKF), korraldati koosolekuid, seltskondlikke ettev\u00f5tmisi ja avaldati ajakirjanduses artikleid kohaliku keele ja kultuuri kohta. Enne seda, 1987. aastal, alustas V\u00f5rumaa Hariduskoondis eesotsas Arvi Leoskiga koolilaste v\u00f5rukeelsete kirjat\u00f6\u00f6de v\u00f5istlust.<br \/>\nEsimesed v\u00f5ru keele ringitunnid toimusid \u00f5petaja Aino Karendi ja v\u00f5rukeelse aabitsa kokkupanija J\u00fcv\u00e4 Sulevi eestvedamisel 1994. aastal V\u00f5ru I p\u00f5hikoolis. Ringitunnis kuulati muinasjutte, lauldi ja joonistati. Samal ajal alustati v\u00f5ru keele vabaainetunde ka Antsla keskkoolis: \u00f5petaja Anu Silm ja VKKFi tolleaegne esimees Pulga Jaan \u00f5petasid v\u00f5ru keelt kord n\u00e4dalas 10. klassile.<br \/>\nAasta hiljem avati V\u00f5ru Instituut, mille \u00fcheks sihiks saigi v\u00f5ru keele ja kultuuri \u00f5petamise koordineerimine: \u00f5petajate leidmine, nende t\u00e4iendus\u00f5ppe korraldamine, v\u00f5rukeelsete \u00f5ppematerjalide v\u00e4ljaandmine.<\/p>\n<p><strong>Praegune seis<\/strong><\/p>\n<p>2021\/2022. opiaastagal omma plaaniper\u00e4tse v\u00f5ro keele ja kultuuri tunni ni m\u00f5n\u00f5 muu opiain\u00f5 v\u00f5rokiilse tunni Vana V\u00f5romaa 10 koolin, v\u00f5ro keele ja kultuuri oppamis\u00f5ga om k\u00f6\u00fcdet ligi 15 oppajat. V\u00f5ro keele ja kultuuri ni t\u00f5isin v\u00f5rokiilsiden tunn\u00f5n k\u00e4\u00fc 350 opilast.<\/p>\n<p>In\u00e4mb\u00fcste opitas v\u00f5ro kiilt ts\u00f5\u00f5ritunnin, a m\u00f5n\u00f5n koolin om taa ka opikavva k\u00f6\u00fcdet valikain\u00f5. V\u00f5ro keele ja kultuuri oppus\u00f5 saa lajalt v\u00f5tt\u00f5n jaka kolm\u00f5s: aabidsaoppus, kodolugu ni v\u00f5ro kiil ja kir\u00e4nd\u00fcs. Suur\u00f5mb jago kuule poim tunn\u00f5n nii kiilt, kir\u00e4nd\u00fcst ku ka kodoluku, nisamat\u00f5 v\u00f5rokiilsit laulum\u00e4nge ja tiatrit. \u00dcten koolin om v\u00f5rokiilne perim\u00fcsts\u00f5\u00f5r, kos pandas k\u00f5g\u00f5 in\u00e4mb r\u00f5hku umakiilsele muusikal\u00f5.<\/p>\n<p>Kat\u00f5n Vana V\u00f5romaa koolin opatas ka m\u00f5nd muud opiain\u00f5t v\u00f5ro keelen. Nii om n\u00e4\u00fctes M\u00f5nist\u00f5 Koolin 2013. aastaga s\u00fcg\u00fcs\u00e4st p\u00e4\u00e4le v\u00f5rokiilne t\u00fctrike ja poisk\u00f5isi t\u00fc\u00fcoppus, muusigaoppus ja kunstioppus. V\u00f5rokiilne v\u00f5ro kir\u00e4nd\u00fcse oppus 12. klassil\u00f5 om valikain\u00f5na Vahts\u00f5liina G\u00fcmnaasiumin jo 2013\/14. opiaastast p\u00e4\u00e4le.<\/p>\n<ol start=\"2016\">\n<li>aastaga s\u00fcg\u00fcs\u00e4st om P\u00f5lva Koolin tunniplaanisisetse ain\u00f5na v\u00f5ro kiil kolmanda klassi latsil\u00f5 (2021\/2022. opiaastagal 92 opilast).<\/li>\n<\/ol>\n<p>2021\/2022. opiaastal opatas kuvv\u00f5n Vana V\u00f5romaa koolin (P\u00f5lva Kuul, P\u00f5lva Jakobi Kuul, Haani, M\u00f5nist\u00f5, Hargl\u00f5, L\u00fcllem\u00e4e) umakultuuri mitmal\u00f5 klassil\u00f5, opir\u00fchm\u00e4le. P\u00e4\u00e4lt s\u00e4\u00e4ndsite kuule, kon omma plaaniper\u00e4tse tunni, tegeld\u00e4s uma keele ja kultuuriga tihtsampa viil Osola, Vilust\u00f5, Parksep\u00e4, Varstu jt \u00a0Vana V\u00f5romaa koolen.<\/p>\n<p>&nbsp;<\/p>\n<p><strong>\u00a0<\/strong><\/p>\n<p>&nbsp;<\/p>\n","protected":false},"excerpt":{"rendered":"<p>Ajalugu 1988. aastal, uuel \u00e4rkamisajal, loodi v\u00f5ru keele ja kultuuri toetamiseks V\u00f5ro Keele ja Kultuuri Fond (VKKF), korraldati koosolekuid, seltskondlikke ettev\u00f5tmisi ja avaldati ajakirjanduses artikleid kohaliku keele ja kultuuri kohta. Enne seda, 1987. aastal, alustas V\u00f5rumaa Hariduskoondis eesotsas Arvi Leoskiga koolilaste v\u00f5rukeelsete kirjat\u00f6\u00f6de v\u00f5istlust. Esimesed v\u00f5ru keele ringitunnid toimusid \u00f5petaja Aino Karendi ja v\u00f5rukeelse aabitsa [&hellip;]<\/p>\n","protected":false},"author":2,"featured_media":0,"parent":76,"menu_order":0,"comment_status":"closed","ping_status":"open","template":"","meta":{"_acf_changed":false,"footnotes":""},"class_list":["post-272","page","type-page","status-publish","hentry"],"acf":[],"yoast_head":"<!-- This site is optimized with the Yoast SEO plugin v27.3 - https:\/\/yoast.com\/product\/yoast-seo-wordpress\/ -->\n<title>Kooli\u00f5pe - V\u00f5ru Instituut<\/title>\n<meta name=\"robots\" content=\"index, follow, max-snippet:-1, max-image-preview:large, max-video-preview:-1\" \/>\n<link rel=\"canonical\" href=\"https:\/\/wi.ee\/et\/tegemised\/kooliope\/\" \/>\n<meta property=\"og:locale\" content=\"et_EE\" \/>\n<meta property=\"og:type\" content=\"article\" \/>\n<meta property=\"og:title\" content=\"Kooli\u00f5pe - V\u00f5ru Instituut\" \/>\n<meta property=\"og:description\" content=\"Ajalugu 1988. aastal, uuel \u00e4rkamisajal, loodi v\u00f5ru keele ja kultuuri toetamiseks V\u00f5ro Keele ja Kultuuri Fond (VKKF), korraldati koosolekuid, seltskondlikke ettev\u00f5tmisi ja avaldati ajakirjanduses artikleid kohaliku keele ja kultuuri kohta. Enne seda, 1987. aastal, alustas V\u00f5rumaa Hariduskoondis eesotsas Arvi Leoskiga koolilaste v\u00f5rukeelsete kirjat\u00f6\u00f6de v\u00f5istlust. Esimesed v\u00f5ru keele ringitunnid toimusid \u00f5petaja Aino Karendi ja v\u00f5rukeelse aabitsa [&hellip;]\" \/>\n<meta property=\"og:url\" content=\"https:\/\/wi.ee\/et\/tegemised\/kooliope\/\" \/>\n<meta property=\"og:site_name\" content=\"V\u00f5ru Instituut\" \/>\n<meta property=\"article:publisher\" content=\"https:\/\/www.facebook.com\/VoroInstituut\" \/>\n<meta property=\"article:modified_time\" content=\"2021-10-18T10:32:59+00:00\" \/>\n<meta property=\"og:image\" content=\"https:\/\/wi.ee\/wp-content\/uploads\/2015\/05\/logo-150507.png\" \/>\n\t<meta property=\"og:image:width\" content=\"183\" \/>\n\t<meta property=\"og:image:height\" content=\"123\" \/>\n\t<meta property=\"og:image:type\" content=\"image\/png\" \/>\n<meta name=\"twitter:label1\" content=\"Est. reading time\" \/>\n\t<meta name=\"twitter:data1\" content=\"2 minutit\" \/>\n<script type=\"application\/ld+json\" class=\"yoast-schema-graph\">{\"@context\":\"https:\\\/\\\/schema.org\",\"@graph\":[{\"@type\":\"WebPage\",\"@id\":\"https:\\\/\\\/wi.ee\\\/et\\\/tegemised\\\/kooliope\\\/\",\"url\":\"https:\\\/\\\/wi.ee\\\/et\\\/tegemised\\\/kooliope\\\/\",\"name\":\"Kooli\u00f5pe - V\u00f5ru Instituut\",\"isPartOf\":{\"@id\":\"https:\\\/\\\/wi.ee\\\/et\\\/#website\"},\"datePublished\":\"2015-09-04T10:16:42+00:00\",\"dateModified\":\"2021-10-18T10:32:59+00:00\",\"breadcrumb\":{\"@id\":\"https:\\\/\\\/wi.ee\\\/et\\\/tegemised\\\/kooliope\\\/#breadcrumb\"},\"inLanguage\":\"et\",\"potentialAction\":[{\"@type\":\"ReadAction\",\"target\":[\"https:\\\/\\\/wi.ee\\\/et\\\/tegemised\\\/kooliope\\\/\"]}]},{\"@type\":\"BreadcrumbList\",\"@id\":\"https:\\\/\\\/wi.ee\\\/et\\\/tegemised\\\/kooliope\\\/#breadcrumb\",\"itemListElement\":[{\"@type\":\"ListItem\",\"position\":1,\"name\":\"Avaleht\",\"item\":\"https:\\\/\\\/wi.ee\\\/et\\\/\"},{\"@type\":\"ListItem\",\"position\":2,\"name\":\"Tegemised\",\"item\":\"https:\\\/\\\/wi.ee\\\/et\\\/tegemised\\\/\"},{\"@type\":\"ListItem\",\"position\":3,\"name\":\"Kooli\u00f5pe\"}]},{\"@type\":\"WebSite\",\"@id\":\"https:\\\/\\\/wi.ee\\\/et\\\/#website\",\"url\":\"https:\\\/\\\/wi.ee\\\/et\\\/\",\"name\":\"V\u00f5ru Instituut\",\"description\":\"\",\"publisher\":{\"@id\":\"https:\\\/\\\/wi.ee\\\/et\\\/#organization\"},\"potentialAction\":[{\"@type\":\"SearchAction\",\"target\":{\"@type\":\"EntryPoint\",\"urlTemplate\":\"https:\\\/\\\/wi.ee\\\/et\\\/?s={search_term_string}\"},\"query-input\":{\"@type\":\"PropertyValueSpecification\",\"valueRequired\":true,\"valueName\":\"search_term_string\"}}],\"inLanguage\":\"et\"},{\"@type\":\"Organization\",\"@id\":\"https:\\\/\\\/wi.ee\\\/et\\\/#organization\",\"name\":\"V\u00f5ru Instituut\",\"url\":\"https:\\\/\\\/wi.ee\\\/et\\\/\",\"logo\":{\"@type\":\"ImageObject\",\"inLanguage\":\"et\",\"@id\":\"https:\\\/\\\/wi.ee\\\/et\\\/#\\\/schema\\\/logo\\\/image\\\/\",\"url\":\"https:\\\/\\\/wi.ee\\\/wp-content\\\/uploads\\\/2015\\\/05\\\/logo-150507.png\",\"contentUrl\":\"https:\\\/\\\/wi.ee\\\/wp-content\\\/uploads\\\/2015\\\/05\\\/logo-150507.png\",\"width\":183,\"height\":123,\"caption\":\"V\u00f5ru Instituut\"},\"image\":{\"@id\":\"https:\\\/\\\/wi.ee\\\/et\\\/#\\\/schema\\\/logo\\\/image\\\/\"},\"sameAs\":[\"https:\\\/\\\/www.facebook.com\\\/VoroInstituut\"]}]}<\/script>\n<!-- \/ Yoast SEO plugin. -->","yoast_head_json":{"title":"Kooli\u00f5pe - V\u00f5ru Instituut","robots":{"index":"index","follow":"follow","max-snippet":"max-snippet:-1","max-image-preview":"max-image-preview:large","max-video-preview":"max-video-preview:-1"},"canonical":"https:\/\/wi.ee\/et\/tegemised\/kooliope\/","og_locale":"et_EE","og_type":"article","og_title":"Kooli\u00f5pe - V\u00f5ru Instituut","og_description":"Ajalugu 1988. aastal, uuel \u00e4rkamisajal, loodi v\u00f5ru keele ja kultuuri toetamiseks V\u00f5ro Keele ja Kultuuri Fond (VKKF), korraldati koosolekuid, seltskondlikke ettev\u00f5tmisi ja avaldati ajakirjanduses artikleid kohaliku keele ja kultuuri kohta. Enne seda, 1987. aastal, alustas V\u00f5rumaa Hariduskoondis eesotsas Arvi Leoskiga koolilaste v\u00f5rukeelsete kirjat\u00f6\u00f6de v\u00f5istlust. Esimesed v\u00f5ru keele ringitunnid toimusid \u00f5petaja Aino Karendi ja v\u00f5rukeelse aabitsa [&hellip;]","og_url":"https:\/\/wi.ee\/et\/tegemised\/kooliope\/","og_site_name":"V\u00f5ru Instituut","article_publisher":"https:\/\/www.facebook.com\/VoroInstituut","article_modified_time":"2021-10-18T10:32:59+00:00","og_image":[{"width":183,"height":123,"url":"https:\/\/wi.ee\/wp-content\/uploads\/2015\/05\/logo-150507.png","type":"image\/png"}],"twitter_misc":{"Est. reading time":"2 minutit"},"schema":{"@context":"https:\/\/schema.org","@graph":[{"@type":"WebPage","@id":"https:\/\/wi.ee\/et\/tegemised\/kooliope\/","url":"https:\/\/wi.ee\/et\/tegemised\/kooliope\/","name":"Kooli\u00f5pe - V\u00f5ru Instituut","isPartOf":{"@id":"https:\/\/wi.ee\/et\/#website"},"datePublished":"2015-09-04T10:16:42+00:00","dateModified":"2021-10-18T10:32:59+00:00","breadcrumb":{"@id":"https:\/\/wi.ee\/et\/tegemised\/kooliope\/#breadcrumb"},"inLanguage":"et","potentialAction":[{"@type":"ReadAction","target":["https:\/\/wi.ee\/et\/tegemised\/kooliope\/"]}]},{"@type":"BreadcrumbList","@id":"https:\/\/wi.ee\/et\/tegemised\/kooliope\/#breadcrumb","itemListElement":[{"@type":"ListItem","position":1,"name":"Avaleht","item":"https:\/\/wi.ee\/et\/"},{"@type":"ListItem","position":2,"name":"Tegemised","item":"https:\/\/wi.ee\/et\/tegemised\/"},{"@type":"ListItem","position":3,"name":"Kooli\u00f5pe"}]},{"@type":"WebSite","@id":"https:\/\/wi.ee\/et\/#website","url":"https:\/\/wi.ee\/et\/","name":"V\u00f5ru Instituut","description":"","publisher":{"@id":"https:\/\/wi.ee\/et\/#organization"},"potentialAction":[{"@type":"SearchAction","target":{"@type":"EntryPoint","urlTemplate":"https:\/\/wi.ee\/et\/?s={search_term_string}"},"query-input":{"@type":"PropertyValueSpecification","valueRequired":true,"valueName":"search_term_string"}}],"inLanguage":"et"},{"@type":"Organization","@id":"https:\/\/wi.ee\/et\/#organization","name":"V\u00f5ru Instituut","url":"https:\/\/wi.ee\/et\/","logo":{"@type":"ImageObject","inLanguage":"et","@id":"https:\/\/wi.ee\/et\/#\/schema\/logo\/image\/","url":"https:\/\/wi.ee\/wp-content\/uploads\/2015\/05\/logo-150507.png","contentUrl":"https:\/\/wi.ee\/wp-content\/uploads\/2015\/05\/logo-150507.png","width":183,"height":123,"caption":"V\u00f5ru Instituut"},"image":{"@id":"https:\/\/wi.ee\/et\/#\/schema\/logo\/image\/"},"sameAs":["https:\/\/www.facebook.com\/VoroInstituut"]}]}},"_links":{"self":[{"href":"https:\/\/wi.ee\/et\/wp-json\/wp\/v2\/pages\/272","targetHints":{"allow":["GET"]}}],"collection":[{"href":"https:\/\/wi.ee\/et\/wp-json\/wp\/v2\/pages"}],"about":[{"href":"https:\/\/wi.ee\/et\/wp-json\/wp\/v2\/types\/page"}],"author":[{"embeddable":true,"href":"https:\/\/wi.ee\/et\/wp-json\/wp\/v2\/users\/2"}],"replies":[{"embeddable":true,"href":"https:\/\/wi.ee\/et\/wp-json\/wp\/v2\/comments?post=272"}],"version-history":[{"count":7,"href":"https:\/\/wi.ee\/et\/wp-json\/wp\/v2\/pages\/272\/revisions"}],"predecessor-version":[{"id":10145,"href":"https:\/\/wi.ee\/et\/wp-json\/wp\/v2\/pages\/272\/revisions\/10145"}],"up":[{"embeddable":true,"href":"https:\/\/wi.ee\/et\/wp-json\/wp\/v2\/pages\/76"}],"wp:attachment":[{"href":"https:\/\/wi.ee\/et\/wp-json\/wp\/v2\/media?parent=272"}],"curies":[{"name":"wp","href":"https:\/\/api.w.org\/{rel}","templated":true}]}}