{"id":266,"date":"2015-09-04T12:14:42","date_gmt":"2015-09-04T10:14:42","guid":{"rendered":"https:\/\/wi.ee\/?page_id=266"},"modified":"2026-03-30T11:01:33","modified_gmt":"2026-03-30T08:01:33","slug":"keelepesa","status":"publish","type":"page","link":"https:\/\/wi.ee\/et\/tegemised\/keelepesa\/","title":{"rendered":"Keelepesa"},"content":{"rendered":"<p><strong>MIS ON KEELEPESA?<\/strong><br \/>\nKeelepesa on lastehoiur\u00fchm, lasteaiar\u00fchm v\u00f5i terve lasteaed, mis t\u00f6\u00f6tab t\u00e4ielikul keelek\u00fcmblusmeetodil ja seal kasutatakse lastega suheldes igas olukorras kogu aeg vaid oma maa p\u00f5list piirkonnakeelt \u2013 Vana-V\u00f5romaal v\u00f5ru keelt.<br \/>\nKeelepesa eesm\u00e4rk on tutvustada lastele oma kodukandi p\u00f5list keelt, kultuuri ja kombeid ning julgustada t\u00e4iskasvanuid lastega oma kodukandi keelt k\u00f5nelema ning neile oma kodukandi kultuuri edasi andma.<\/p>\n<p><strong>V\u00d5RU KEELEPESA<\/strong><br \/>\nV\u00f5ru keelepesal on oma <a href=\"https:\/\/wi.ee\/wp-content\/uploads\/2019\/02\/Logo.jpg\" target=\"_blank\" rel=\"noopener noreferrer\">logo, tunnuslause<\/a>, <a href=\"https:\/\/wi.ee\/wp-content\/uploads\/2019\/02\/Tsirk.jpg\" target=\"_blank\" rel=\"noopener noreferrer\">keelepes\u00e4tsirk (-lind)<\/a> ja linnuemakost\u00fc\u00fcm.<br \/>\nKeelepesa \u00f5petajad saavad endale v\u00f5rukeelsed \u00f5ppematerjalid ja raamatud ning v\u00f5imaluse osaleda koolitustel ja \u00f5ppereisidel, mida korraldab V\u00f5ru Instituut. \u00d5petajatele on toeks V\u00f5ru Instituudi spetsialistid.<br \/>\nKeelepesar\u00fchm saab v\u00f5imaluse osa v\u00f5tta v\u00f5rukeelsetest \u00fcritustest, mida V\u00f5ru Instituut korraldab v\u00f5i aitab korraldada.<\/p>\n<p><strong>MISSIOON<\/strong><br \/>\n\u2022\u00a0Suurendada oskusi ja eeldusi v\u00f5ru keele kui koduse keele kasutamiseks Vana V\u00f5rumaa peredes, s\u00e4ilitades sel moel oma kodukandi keelt, kultuuri ja p\u00e4rimust.<br \/>\n\u2022\u00a0Aidata kaasa laste \u00fcldisele arengule, sest keelepesa-kogemused ja erinevad uuringud maailmas n\u00e4itavad, et kakskeelsed ja omakultuuri \u00f5ppivad lapsed on erksama ning avatuma m\u00f5tlemisega, oskavad paremini erinevate olukordadega kohaneda, on leplikumad ning saavad v\u00f5\u00f5rkeelte \u00f5ppimisega paremini hakkama.<\/p>\n<p><strong>KOOLITUSED \u00d5PETAJATELE<br \/>\n<\/strong>V\u00f5ru Instituut korraldab \u00f5ppeaasta jooksul \u00fcheksa koolitusp\u00e4eva v\u00f5ru keele ja kultuuri \u00f5petajatele, kes t\u00f6\u00f6tavad lasteaias.<\/p>\n<p><a href=\"https:\/\/wi.ee\/wp-content\/uploads\/2025\/06\/KEELEPESA-MEEDIAN.pdf\"><strong>KEELEPESA MEEDIAS<\/strong><\/a><\/p>\n<p><strong>KEELEPESAR\u00dcHMAD VANA-V\u00d5ROMAA LASTEAEDADES<br \/>\n<\/strong><\/p>\n<ul>\n<li><a href=\"#antslalusti\" rel=\"noopener noreferrer\" data-toggle=\"modal\" data-target=\"#antslaLusti\">Lusti LA<\/a><\/li>\n<li><a href=\"#harglakool\" rel=\"noopener noreferrer\" data-toggle=\"modal\" data-target=\"#harglaKool\">Hargla Kooli LA<\/a><\/li>\n<li><a href=\"#kuldrisipsik\" rel=\"noopener noreferrer\" data-toggle=\"modal\" data-target=\"#kuldriSipsik\">Kuldre LA Sipsik<\/a><\/li>\n<li><a href=\"#lasvapargihaldjas\" rel=\"noopener noreferrer\" data-toggle=\"modal\" data-target=\"#lasvaPargihaldjas\">Lasva LA Pargihaldjas<\/a><\/li>\n<li><a href=\"#oravakool\" rel=\"noopener noreferrer\" data-toggle=\"modal\" data-target=\"#oravaKool\">K\u00e4\u00e4pa Kooli Orava maja LA<\/a><\/li>\n<li><a href=\"#polvalounakaare\" rel=\"noopener noreferrer\" data-toggle=\"modal\" data-target=\"#polvaLounakaare\">P\u00f5lva L\u00f5unakaare LA Lepatriinu maja<\/a><\/li>\n<li><a href=\"#polvamesimumm\" rel=\"noopener noreferrer\" data-toggle=\"modal\" data-target=\"#polvaMesimumm\">P\u00f5lva L\u00f5unakaare LA Mesimummi maja<\/a><\/li>\n<li><a href=\"#polvapihlapuu\" rel=\"noopener noreferrer\" data-toggle=\"modal\" data-target=\"#polvaPihlapuu\">P\u00f5lva P\u00f5hjakaare LA Mammaste maja 2 r\u00fchma<\/a><\/li>\n<li><a href=\"#rougelasteaed\" rel=\"noopener noreferrer\" data-toggle=\"modal\" data-target=\"#rougeLasteaed\">R\u00f5uge LA, R\u00f5uge r\u00fchm<\/a><\/li>\n<li><a href=\"#verioralulasteaed\" rel=\"noopener noreferrer\" data-toggle=\"modal\" data-target=\"#verioraLasteaed\">Viluste Kooli LA \u00d5nneseen<\/a><\/li>\n<li><a href=\"#vorupunamutsike\" rel=\"noopener noreferrer\" data-toggle=\"modal\" data-target=\"#voruPunamutsike\">V\u00f5ru LA Punam\u00fctsike<\/a><\/li>\n<li><a href=\"#vorupakapikk\" rel=\"noopener noreferrer\" data-toggle=\"modal\" data-target=\"#voruPakapikk\">V\u00f5ru LA P\u00e4kapikk<\/a><\/li>\n<li><a href=\"#vorusoleke\" rel=\"noopener noreferrer\" data-toggle=\"modal\" data-target=\"#voruSoleke\">V\u00f5ru LA T\u00e4hes\u00e4ra S\u00f5lekese maja 3 r\u00fchma<\/a><\/li>\n<li><a href=\"#parksepalounaparlid\" target=\"_blank\" rel=\"noopener noreferrer\" data-toggle=\"modal\" data-target=\"#parksepaLounaparlid\">V\u00f5ru valla LA L\u00f5unap\u00e4rlid Parksepa maja<\/a><\/li>\n<li><a href=\"#vaimelarukkilill\" target=\"_blank\" rel=\"noopener noreferrer\" data-toggle=\"modal\" data-target=\"#vaimelaRukkilill\">V\u00f5ru valla LA L\u00f5unap\u00e4rlid V\u00e4imela maja<\/a><\/li>\n<\/ul>\n<p><a href=\"https:\/\/wi.ee\/wp-content\/uploads\/2020\/04\/Keelepesa-arengukava-2020-2030-1.pdf\">Keelepesa arengukava 2020-2030<\/a><\/p>\n<p>Keelepesaspetsialistide <a href=\"https:\/\/wi.ee\/wp-content\/uploads\/2025\/01\/KEELEPESA-KONTAKTID-eesti.pdf\" target=\"_blank\" rel=\"noopener noreferrer\">KONTAKTID<\/a><\/p>\n","protected":false},"excerpt":{"rendered":"<p>MIS ON KEELEPESA? Keelepesa on lastehoiur\u00fchm, lasteaiar\u00fchm v\u00f5i terve lasteaed, mis t\u00f6\u00f6tab t\u00e4ielikul keelek\u00fcmblusmeetodil ja seal kasutatakse lastega suheldes igas olukorras kogu aeg vaid oma maa p\u00f5list piirkonnakeelt \u2013 Vana-V\u00f5romaal v\u00f5ru keelt. Keelepesa eesm\u00e4rk on tutvustada lastele oma kodukandi p\u00f5list keelt, kultuuri ja kombeid ning julgustada t\u00e4iskasvanuid lastega oma kodukandi keelt k\u00f5nelema ning neile oma [&hellip;]<\/p>\n","protected":false},"author":2,"featured_media":0,"parent":76,"menu_order":0,"comment_status":"closed","ping_status":"open","template":"","meta":{"_acf_changed":false,"footnotes":""},"class_list":["post-266","page","type-page","status-publish","hentry"],"acf":[],"yoast_head":"<!-- This site is optimized with the Yoast SEO plugin v27.3 - https:\/\/yoast.com\/product\/yoast-seo-wordpress\/ -->\n<title>Keelepesa - V\u00f5ru Instituut<\/title>\n<meta name=\"robots\" content=\"index, follow, max-snippet:-1, max-image-preview:large, max-video-preview:-1\" \/>\n<link rel=\"canonical\" href=\"https:\/\/wi.ee\/et\/tegemised\/keelepesa\/\" \/>\n<meta property=\"og:locale\" content=\"et_EE\" \/>\n<meta property=\"og:type\" content=\"article\" \/>\n<meta property=\"og:title\" content=\"Keelepesa - V\u00f5ru Instituut\" \/>\n<meta property=\"og:description\" content=\"MIS ON KEELEPESA? Keelepesa on lastehoiur\u00fchm, lasteaiar\u00fchm v\u00f5i terve lasteaed, mis t\u00f6\u00f6tab t\u00e4ielikul keelek\u00fcmblusmeetodil ja seal kasutatakse lastega suheldes igas olukorras kogu aeg vaid oma maa p\u00f5list piirkonnakeelt \u2013 Vana-V\u00f5romaal v\u00f5ru keelt. Keelepesa eesm\u00e4rk on tutvustada lastele oma kodukandi p\u00f5list keelt, kultuuri ja kombeid ning julgustada t\u00e4iskasvanuid lastega oma kodukandi keelt k\u00f5nelema ning neile oma [&hellip;]\" \/>\n<meta property=\"og:url\" content=\"https:\/\/wi.ee\/et\/tegemised\/keelepesa\/\" \/>\n<meta property=\"og:site_name\" content=\"V\u00f5ru Instituut\" \/>\n<meta property=\"article:publisher\" content=\"https:\/\/www.facebook.com\/VoroInstituut\" \/>\n<meta property=\"article:modified_time\" content=\"2026-03-30T08:01:33+00:00\" \/>\n<meta property=\"og:image\" content=\"https:\/\/wi.ee\/wp-content\/uploads\/2015\/05\/logo-150507.png\" \/>\n\t<meta property=\"og:image:width\" content=\"183\" \/>\n\t<meta property=\"og:image:height\" content=\"123\" \/>\n\t<meta property=\"og:image:type\" content=\"image\/png\" \/>\n<meta name=\"twitter:label1\" content=\"Est. reading time\" \/>\n\t<meta name=\"twitter:data1\" content=\"2 minutit\" \/>\n<script type=\"application\/ld+json\" class=\"yoast-schema-graph\">{\"@context\":\"https:\\\/\\\/schema.org\",\"@graph\":[{\"@type\":\"WebPage\",\"@id\":\"https:\\\/\\\/wi.ee\\\/et\\\/tegemised\\\/keelepesa\\\/\",\"url\":\"https:\\\/\\\/wi.ee\\\/et\\\/tegemised\\\/keelepesa\\\/\",\"name\":\"Keelepesa - V\u00f5ru Instituut\",\"isPartOf\":{\"@id\":\"https:\\\/\\\/wi.ee\\\/et\\\/#website\"},\"datePublished\":\"2015-09-04T10:14:42+00:00\",\"dateModified\":\"2026-03-30T08:01:33+00:00\",\"breadcrumb\":{\"@id\":\"https:\\\/\\\/wi.ee\\\/et\\\/tegemised\\\/keelepesa\\\/#breadcrumb\"},\"inLanguage\":\"et\",\"potentialAction\":[{\"@type\":\"ReadAction\",\"target\":[\"https:\\\/\\\/wi.ee\\\/et\\\/tegemised\\\/keelepesa\\\/\"]}]},{\"@type\":\"BreadcrumbList\",\"@id\":\"https:\\\/\\\/wi.ee\\\/et\\\/tegemised\\\/keelepesa\\\/#breadcrumb\",\"itemListElement\":[{\"@type\":\"ListItem\",\"position\":1,\"name\":\"Avaleht\",\"item\":\"https:\\\/\\\/wi.ee\\\/et\\\/\"},{\"@type\":\"ListItem\",\"position\":2,\"name\":\"Tegemised\",\"item\":\"https:\\\/\\\/wi.ee\\\/et\\\/tegemised\\\/\"},{\"@type\":\"ListItem\",\"position\":3,\"name\":\"Keelepesa\"}]},{\"@type\":\"WebSite\",\"@id\":\"https:\\\/\\\/wi.ee\\\/et\\\/#website\",\"url\":\"https:\\\/\\\/wi.ee\\\/et\\\/\",\"name\":\"V\u00f5ru Instituut\",\"description\":\"\",\"publisher\":{\"@id\":\"https:\\\/\\\/wi.ee\\\/et\\\/#organization\"},\"potentialAction\":[{\"@type\":\"SearchAction\",\"target\":{\"@type\":\"EntryPoint\",\"urlTemplate\":\"https:\\\/\\\/wi.ee\\\/et\\\/?s={search_term_string}\"},\"query-input\":{\"@type\":\"PropertyValueSpecification\",\"valueRequired\":true,\"valueName\":\"search_term_string\"}}],\"inLanguage\":\"et\"},{\"@type\":\"Organization\",\"@id\":\"https:\\\/\\\/wi.ee\\\/et\\\/#organization\",\"name\":\"V\u00f5ru Instituut\",\"url\":\"https:\\\/\\\/wi.ee\\\/et\\\/\",\"logo\":{\"@type\":\"ImageObject\",\"inLanguage\":\"et\",\"@id\":\"https:\\\/\\\/wi.ee\\\/et\\\/#\\\/schema\\\/logo\\\/image\\\/\",\"url\":\"https:\\\/\\\/wi.ee\\\/wp-content\\\/uploads\\\/2015\\\/05\\\/logo-150507.png\",\"contentUrl\":\"https:\\\/\\\/wi.ee\\\/wp-content\\\/uploads\\\/2015\\\/05\\\/logo-150507.png\",\"width\":183,\"height\":123,\"caption\":\"V\u00f5ru Instituut\"},\"image\":{\"@id\":\"https:\\\/\\\/wi.ee\\\/et\\\/#\\\/schema\\\/logo\\\/image\\\/\"},\"sameAs\":[\"https:\\\/\\\/www.facebook.com\\\/VoroInstituut\"]}]}<\/script>\n<!-- \/ Yoast SEO plugin. -->","yoast_head_json":{"title":"Keelepesa - V\u00f5ru Instituut","robots":{"index":"index","follow":"follow","max-snippet":"max-snippet:-1","max-image-preview":"max-image-preview:large","max-video-preview":"max-video-preview:-1"},"canonical":"https:\/\/wi.ee\/et\/tegemised\/keelepesa\/","og_locale":"et_EE","og_type":"article","og_title":"Keelepesa - V\u00f5ru Instituut","og_description":"MIS ON KEELEPESA? Keelepesa on lastehoiur\u00fchm, lasteaiar\u00fchm v\u00f5i terve lasteaed, mis t\u00f6\u00f6tab t\u00e4ielikul keelek\u00fcmblusmeetodil ja seal kasutatakse lastega suheldes igas olukorras kogu aeg vaid oma maa p\u00f5list piirkonnakeelt \u2013 Vana-V\u00f5romaal v\u00f5ru keelt. Keelepesa eesm\u00e4rk on tutvustada lastele oma kodukandi p\u00f5list keelt, kultuuri ja kombeid ning julgustada t\u00e4iskasvanuid lastega oma kodukandi keelt k\u00f5nelema ning neile oma [&hellip;]","og_url":"https:\/\/wi.ee\/et\/tegemised\/keelepesa\/","og_site_name":"V\u00f5ru Instituut","article_publisher":"https:\/\/www.facebook.com\/VoroInstituut","article_modified_time":"2026-03-30T08:01:33+00:00","og_image":[{"width":183,"height":123,"url":"https:\/\/wi.ee\/wp-content\/uploads\/2015\/05\/logo-150507.png","type":"image\/png"}],"twitter_misc":{"Est. reading time":"2 minutit"},"schema":{"@context":"https:\/\/schema.org","@graph":[{"@type":"WebPage","@id":"https:\/\/wi.ee\/et\/tegemised\/keelepesa\/","url":"https:\/\/wi.ee\/et\/tegemised\/keelepesa\/","name":"Keelepesa - V\u00f5ru Instituut","isPartOf":{"@id":"https:\/\/wi.ee\/et\/#website"},"datePublished":"2015-09-04T10:14:42+00:00","dateModified":"2026-03-30T08:01:33+00:00","breadcrumb":{"@id":"https:\/\/wi.ee\/et\/tegemised\/keelepesa\/#breadcrumb"},"inLanguage":"et","potentialAction":[{"@type":"ReadAction","target":["https:\/\/wi.ee\/et\/tegemised\/keelepesa\/"]}]},{"@type":"BreadcrumbList","@id":"https:\/\/wi.ee\/et\/tegemised\/keelepesa\/#breadcrumb","itemListElement":[{"@type":"ListItem","position":1,"name":"Avaleht","item":"https:\/\/wi.ee\/et\/"},{"@type":"ListItem","position":2,"name":"Tegemised","item":"https:\/\/wi.ee\/et\/tegemised\/"},{"@type":"ListItem","position":3,"name":"Keelepesa"}]},{"@type":"WebSite","@id":"https:\/\/wi.ee\/et\/#website","url":"https:\/\/wi.ee\/et\/","name":"V\u00f5ru Instituut","description":"","publisher":{"@id":"https:\/\/wi.ee\/et\/#organization"},"potentialAction":[{"@type":"SearchAction","target":{"@type":"EntryPoint","urlTemplate":"https:\/\/wi.ee\/et\/?s={search_term_string}"},"query-input":{"@type":"PropertyValueSpecification","valueRequired":true,"valueName":"search_term_string"}}],"inLanguage":"et"},{"@type":"Organization","@id":"https:\/\/wi.ee\/et\/#organization","name":"V\u00f5ru Instituut","url":"https:\/\/wi.ee\/et\/","logo":{"@type":"ImageObject","inLanguage":"et","@id":"https:\/\/wi.ee\/et\/#\/schema\/logo\/image\/","url":"https:\/\/wi.ee\/wp-content\/uploads\/2015\/05\/logo-150507.png","contentUrl":"https:\/\/wi.ee\/wp-content\/uploads\/2015\/05\/logo-150507.png","width":183,"height":123,"caption":"V\u00f5ru Instituut"},"image":{"@id":"https:\/\/wi.ee\/et\/#\/schema\/logo\/image\/"},"sameAs":["https:\/\/www.facebook.com\/VoroInstituut"]}]}},"_links":{"self":[{"href":"https:\/\/wi.ee\/et\/wp-json\/wp\/v2\/pages\/266","targetHints":{"allow":["GET"]}}],"collection":[{"href":"https:\/\/wi.ee\/et\/wp-json\/wp\/v2\/pages"}],"about":[{"href":"https:\/\/wi.ee\/et\/wp-json\/wp\/v2\/types\/page"}],"author":[{"embeddable":true,"href":"https:\/\/wi.ee\/et\/wp-json\/wp\/v2\/users\/2"}],"replies":[{"embeddable":true,"href":"https:\/\/wi.ee\/et\/wp-json\/wp\/v2\/comments?post=266"}],"version-history":[{"count":100,"href":"https:\/\/wi.ee\/et\/wp-json\/wp\/v2\/pages\/266\/revisions"}],"predecessor-version":[{"id":17325,"href":"https:\/\/wi.ee\/et\/wp-json\/wp\/v2\/pages\/266\/revisions\/17325"}],"up":[{"embeddable":true,"href":"https:\/\/wi.ee\/et\/wp-json\/wp\/v2\/pages\/76"}],"wp:attachment":[{"href":"https:\/\/wi.ee\/et\/wp-json\/wp\/v2\/media?parent=266"}],"curies":[{"name":"wp","href":"https:\/\/api.w.org\/{rel}","templated":true}]}}