{"id":2609,"date":"2017-05-23T10:13:34","date_gmt":"2017-05-23T08:13:34","guid":{"rendered":"https:\/\/wi.ee\/?page_id=2609\/"},"modified":"2017-05-23T10:37:53","modified_gmt":"2017-05-23T08:37:53","slug":"uuendatud-abc-kiraoppuse-toovihik","status":"publish","type":"page","link":"https:\/\/wi.ee\/et\/uuendatud-abc-kiraoppuse-toovihik\/","title":{"rendered":"Uuendatud ABC kir\u00e4oppuse t\u00f6\u00f6vihik"},"content":{"rendered":"<p><a href=\"https:\/\/wi.ee\/wp-content\/uploads\/2017\/05\/01.pdf\">Tiitelleht<\/a><\/p>\n<p><a href=\"https:\/\/wi.ee\/wp-content\/uploads\/2017\/05\/02.pdf\">Sissejuhatus<\/a><\/p>\n<p><a href=\"https:\/\/wi.ee\/wp-content\/uploads\/2017\/05\/03.pdf\">Aa<\/a><\/p>\n<p><a href=\"https:\/\/wi.ee\/wp-content\/uploads\/2017\/05\/04.pdf\">Ii<\/a><\/p>\n<p><a href=\"https:\/\/wi.ee\/wp-content\/uploads\/2017\/05\/05.pdf\">Ss<\/a><\/p>\n<p><a href=\"https:\/\/wi.ee\/wp-content\/uploads\/2017\/05\/06.pdf\">Sann<\/a><\/p>\n<p><a href=\"https:\/\/wi.ee\/wp-content\/uploads\/2017\/05\/07.pdf\">Tt Uu<\/a><\/p>\n<p><a href=\"https:\/\/wi.ee\/wp-content\/uploads\/2017\/05\/08.pdf\">Ee Jj<\/a><\/p>\n<p><a href=\"https:\/\/wi.ee\/wp-content\/uploads\/2017\/05\/09.pdf\">Ll Mm<\/a><\/p>\n<p><a href=\"https:\/\/wi.ee\/wp-content\/uploads\/2017\/05\/10.pdf\">Joulu<\/a><\/p>\n<p><a href=\"https:\/\/wi.ee\/wp-content\/uploads\/2017\/05\/11.pdf\">\u00c4\u00e4 Hh<\/a><\/p>\n<p><a href=\"https:\/\/wi.ee\/wp-content\/uploads\/2017\/05\/12.pdf\">H\u00fcv\u00e4stej\u00e4tmine, pall\u00f5mine ja tenn\u00e4mine<\/a><\/p>\n<p><a href=\"https:\/\/wi.ee\/wp-content\/uploads\/2017\/05\/13.pdf\">Kk Nn Gg<\/a><\/p>\n<p><a href=\"https:\/\/wi.ee\/wp-content\/uploads\/2017\/05\/14.pdf\">Oo Rr Vv<\/a><\/p>\n<p><a href=\"https:\/\/wi.ee\/wp-content\/uploads\/2017\/05\/15.pdf\">\u00d5\u00f5 Ee<\/a><\/p>\n<p><a href=\"https:\/\/wi.ee\/wp-content\/uploads\/2017\/05\/16.pdf\">Qq<\/a><\/p>\n<p><a href=\"https:\/\/wi.ee\/wp-content\/uploads\/2017\/05\/17.pdf\">Pp \u00dc\u00fc<\/a><\/p>\n<p><a href=\"https:\/\/wi.ee\/wp-content\/uploads\/2017\/05\/18.pdf\">Dd Bb<\/a><\/p>\n<p><a href=\"https:\/\/wi.ee\/wp-content\/uploads\/2017\/05\/19.pdf\">\u00d6\u00f6<\/a><\/p>\n<p><a href=\"https:\/\/wi.ee\/wp-content\/uploads\/2017\/05\/20.pdf\">TS ts ds Cc<\/a><\/p>\n<p><a href=\"https:\/\/wi.ee\/wp-content\/uploads\/2017\/05\/21.pdf\">Pehmend\u00fcsm\u00e4rgiga s\u00f5na<\/a><\/p>\n<p><a href=\"https:\/\/wi.ee\/wp-content\/uploads\/2017\/05\/22.pdf\">K\u00f5rdamises<\/a><\/p>\n","protected":false},"excerpt":{"rendered":"<p>Tiitelleht Sissejuhatus Aa Ii Ss Sann Tt Uu Ee Jj Ll Mm Joulu \u00c4\u00e4 Hh H\u00fcv\u00e4stej\u00e4tmine, pall\u00f5mine ja tenn\u00e4mine Kk Nn Gg Oo Rr Vv \u00d5\u00f5 Ee Qq Pp \u00dc\u00fc Dd Bb \u00d6\u00f6 TS ts ds Cc Pehmend\u00fcsm\u00e4rgiga s\u00f5na K\u00f5rdamises<\/p>\n","protected":false},"author":2,"featured_media":0,"parent":0,"menu_order":0,"comment_status":"closed","ping_status":"closed","template":"","meta":{"_acf_changed":false,"footnotes":""},"class_list":["post-2609","page","type-page","status-publish","hentry"],"acf":[],"yoast_head":"<!-- This site is optimized with the Yoast SEO plugin v27.3 - https:\/\/yoast.com\/product\/yoast-seo-wordpress\/ -->\n<title>Uuendatud ABC kir\u00e4oppuse t\u00f6\u00f6vihik - V\u00f5ru Instituut<\/title>\n<meta name=\"robots\" content=\"index, follow, max-snippet:-1, max-image-preview:large, max-video-preview:-1\" \/>\n<link rel=\"canonical\" href=\"https:\/\/wi.ee\/et\/uuendatud-abc-kiraoppuse-toovihik\/\" \/>\n<meta property=\"og:locale\" content=\"et_EE\" \/>\n<meta property=\"og:type\" content=\"article\" \/>\n<meta property=\"og:title\" content=\"Uuendatud ABC kir\u00e4oppuse t\u00f6\u00f6vihik - V\u00f5ru Instituut\" \/>\n<meta property=\"og:description\" content=\"Tiitelleht Sissejuhatus Aa Ii Ss Sann Tt Uu Ee Jj Ll Mm Joulu \u00c4\u00e4 Hh H\u00fcv\u00e4stej\u00e4tmine, pall\u00f5mine ja tenn\u00e4mine Kk Nn Gg Oo Rr Vv \u00d5\u00f5 Ee Qq Pp \u00dc\u00fc Dd Bb \u00d6\u00f6 TS ts ds Cc Pehmend\u00fcsm\u00e4rgiga s\u00f5na K\u00f5rdamises\" \/>\n<meta property=\"og:url\" content=\"https:\/\/wi.ee\/et\/uuendatud-abc-kiraoppuse-toovihik\/\" \/>\n<meta property=\"og:site_name\" content=\"V\u00f5ru Instituut\" \/>\n<meta property=\"article:publisher\" content=\"https:\/\/www.facebook.com\/VoroInstituut\" \/>\n<meta property=\"article:modified_time\" content=\"2017-05-23T08:37:53+00:00\" \/>\n<meta property=\"og:image\" content=\"https:\/\/wi.ee\/wp-content\/uploads\/2015\/05\/logo-150507.png\" \/>\n\t<meta property=\"og:image:width\" content=\"183\" \/>\n\t<meta property=\"og:image:height\" content=\"123\" \/>\n\t<meta property=\"og:image:type\" content=\"image\/png\" \/>\n<script type=\"application\/ld+json\" class=\"yoast-schema-graph\">{\"@context\":\"https:\\\/\\\/schema.org\",\"@graph\":[{\"@type\":\"WebPage\",\"@id\":\"https:\\\/\\\/wi.ee\\\/et\\\/uuendatud-abc-kiraoppuse-toovihik\\\/\",\"url\":\"https:\\\/\\\/wi.ee\\\/et\\\/uuendatud-abc-kiraoppuse-toovihik\\\/\",\"name\":\"Uuendatud ABC kir\u00e4oppuse t\u00f6\u00f6vihik - V\u00f5ru Instituut\",\"isPartOf\":{\"@id\":\"https:\\\/\\\/wi.ee\\\/et\\\/#website\"},\"datePublished\":\"2017-05-23T08:13:34+00:00\",\"dateModified\":\"2017-05-23T08:37:53+00:00\",\"breadcrumb\":{\"@id\":\"https:\\\/\\\/wi.ee\\\/et\\\/uuendatud-abc-kiraoppuse-toovihik\\\/#breadcrumb\"},\"inLanguage\":\"et\",\"potentialAction\":[{\"@type\":\"ReadAction\",\"target\":[\"https:\\\/\\\/wi.ee\\\/et\\\/uuendatud-abc-kiraoppuse-toovihik\\\/\"]}]},{\"@type\":\"BreadcrumbList\",\"@id\":\"https:\\\/\\\/wi.ee\\\/et\\\/uuendatud-abc-kiraoppuse-toovihik\\\/#breadcrumb\",\"itemListElement\":[{\"@type\":\"ListItem\",\"position\":1,\"name\":\"Avaleht\",\"item\":\"https:\\\/\\\/wi.ee\\\/et\\\/\"},{\"@type\":\"ListItem\",\"position\":2,\"name\":\"Uuendatud ABC kir\u00e4oppuse t\u00f6\u00f6vihik\"}]},{\"@type\":\"WebSite\",\"@id\":\"https:\\\/\\\/wi.ee\\\/et\\\/#website\",\"url\":\"https:\\\/\\\/wi.ee\\\/et\\\/\",\"name\":\"V\u00f5ru Instituut\",\"description\":\"\",\"publisher\":{\"@id\":\"https:\\\/\\\/wi.ee\\\/et\\\/#organization\"},\"potentialAction\":[{\"@type\":\"SearchAction\",\"target\":{\"@type\":\"EntryPoint\",\"urlTemplate\":\"https:\\\/\\\/wi.ee\\\/et\\\/?s={search_term_string}\"},\"query-input\":{\"@type\":\"PropertyValueSpecification\",\"valueRequired\":true,\"valueName\":\"search_term_string\"}}],\"inLanguage\":\"et\"},{\"@type\":\"Organization\",\"@id\":\"https:\\\/\\\/wi.ee\\\/et\\\/#organization\",\"name\":\"V\u00f5ru Instituut\",\"url\":\"https:\\\/\\\/wi.ee\\\/et\\\/\",\"logo\":{\"@type\":\"ImageObject\",\"inLanguage\":\"et\",\"@id\":\"https:\\\/\\\/wi.ee\\\/et\\\/#\\\/schema\\\/logo\\\/image\\\/\",\"url\":\"https:\\\/\\\/wi.ee\\\/wp-content\\\/uploads\\\/2015\\\/05\\\/logo-150507.png\",\"contentUrl\":\"https:\\\/\\\/wi.ee\\\/wp-content\\\/uploads\\\/2015\\\/05\\\/logo-150507.png\",\"width\":183,\"height\":123,\"caption\":\"V\u00f5ru Instituut\"},\"image\":{\"@id\":\"https:\\\/\\\/wi.ee\\\/et\\\/#\\\/schema\\\/logo\\\/image\\\/\"},\"sameAs\":[\"https:\\\/\\\/www.facebook.com\\\/VoroInstituut\"]}]}<\/script>\n<!-- \/ Yoast SEO plugin. -->","yoast_head_json":{"title":"Uuendatud ABC kir\u00e4oppuse t\u00f6\u00f6vihik - V\u00f5ru Instituut","robots":{"index":"index","follow":"follow","max-snippet":"max-snippet:-1","max-image-preview":"max-image-preview:large","max-video-preview":"max-video-preview:-1"},"canonical":"https:\/\/wi.ee\/et\/uuendatud-abc-kiraoppuse-toovihik\/","og_locale":"et_EE","og_type":"article","og_title":"Uuendatud ABC kir\u00e4oppuse t\u00f6\u00f6vihik - V\u00f5ru Instituut","og_description":"Tiitelleht Sissejuhatus Aa Ii Ss Sann Tt Uu Ee Jj Ll Mm Joulu \u00c4\u00e4 Hh H\u00fcv\u00e4stej\u00e4tmine, pall\u00f5mine ja tenn\u00e4mine Kk Nn Gg Oo Rr Vv \u00d5\u00f5 Ee Qq Pp \u00dc\u00fc Dd Bb \u00d6\u00f6 TS ts ds Cc Pehmend\u00fcsm\u00e4rgiga s\u00f5na K\u00f5rdamises","og_url":"https:\/\/wi.ee\/et\/uuendatud-abc-kiraoppuse-toovihik\/","og_site_name":"V\u00f5ru Instituut","article_publisher":"https:\/\/www.facebook.com\/VoroInstituut","article_modified_time":"2017-05-23T08:37:53+00:00","og_image":[{"width":183,"height":123,"url":"https:\/\/wi.ee\/wp-content\/uploads\/2015\/05\/logo-150507.png","type":"image\/png"}],"schema":{"@context":"https:\/\/schema.org","@graph":[{"@type":"WebPage","@id":"https:\/\/wi.ee\/et\/uuendatud-abc-kiraoppuse-toovihik\/","url":"https:\/\/wi.ee\/et\/uuendatud-abc-kiraoppuse-toovihik\/","name":"Uuendatud ABC kir\u00e4oppuse t\u00f6\u00f6vihik - V\u00f5ru Instituut","isPartOf":{"@id":"https:\/\/wi.ee\/et\/#website"},"datePublished":"2017-05-23T08:13:34+00:00","dateModified":"2017-05-23T08:37:53+00:00","breadcrumb":{"@id":"https:\/\/wi.ee\/et\/uuendatud-abc-kiraoppuse-toovihik\/#breadcrumb"},"inLanguage":"et","potentialAction":[{"@type":"ReadAction","target":["https:\/\/wi.ee\/et\/uuendatud-abc-kiraoppuse-toovihik\/"]}]},{"@type":"BreadcrumbList","@id":"https:\/\/wi.ee\/et\/uuendatud-abc-kiraoppuse-toovihik\/#breadcrumb","itemListElement":[{"@type":"ListItem","position":1,"name":"Avaleht","item":"https:\/\/wi.ee\/et\/"},{"@type":"ListItem","position":2,"name":"Uuendatud ABC kir\u00e4oppuse t\u00f6\u00f6vihik"}]},{"@type":"WebSite","@id":"https:\/\/wi.ee\/et\/#website","url":"https:\/\/wi.ee\/et\/","name":"V\u00f5ru Instituut","description":"","publisher":{"@id":"https:\/\/wi.ee\/et\/#organization"},"potentialAction":[{"@type":"SearchAction","target":{"@type":"EntryPoint","urlTemplate":"https:\/\/wi.ee\/et\/?s={search_term_string}"},"query-input":{"@type":"PropertyValueSpecification","valueRequired":true,"valueName":"search_term_string"}}],"inLanguage":"et"},{"@type":"Organization","@id":"https:\/\/wi.ee\/et\/#organization","name":"V\u00f5ru Instituut","url":"https:\/\/wi.ee\/et\/","logo":{"@type":"ImageObject","inLanguage":"et","@id":"https:\/\/wi.ee\/et\/#\/schema\/logo\/image\/","url":"https:\/\/wi.ee\/wp-content\/uploads\/2015\/05\/logo-150507.png","contentUrl":"https:\/\/wi.ee\/wp-content\/uploads\/2015\/05\/logo-150507.png","width":183,"height":123,"caption":"V\u00f5ru Instituut"},"image":{"@id":"https:\/\/wi.ee\/et\/#\/schema\/logo\/image\/"},"sameAs":["https:\/\/www.facebook.com\/VoroInstituut"]}]}},"_links":{"self":[{"href":"https:\/\/wi.ee\/et\/wp-json\/wp\/v2\/pages\/2609","targetHints":{"allow":["GET"]}}],"collection":[{"href":"https:\/\/wi.ee\/et\/wp-json\/wp\/v2\/pages"}],"about":[{"href":"https:\/\/wi.ee\/et\/wp-json\/wp\/v2\/types\/page"}],"author":[{"embeddable":true,"href":"https:\/\/wi.ee\/et\/wp-json\/wp\/v2\/users\/2"}],"replies":[{"embeddable":true,"href":"https:\/\/wi.ee\/et\/wp-json\/wp\/v2\/comments?post=2609"}],"version-history":[{"count":3,"href":"https:\/\/wi.ee\/et\/wp-json\/wp\/v2\/pages\/2609\/revisions"}],"predecessor-version":[{"id":2635,"href":"https:\/\/wi.ee\/et\/wp-json\/wp\/v2\/pages\/2609\/revisions\/2635"}],"wp:attachment":[{"href":"https:\/\/wi.ee\/et\/wp-json\/wp\/v2\/media?parent=2609"}],"curies":[{"name":"wp","href":"https:\/\/api.w.org\/{rel}","templated":true}]}}