{"id":20,"date":"2015-02-12T19:32:51","date_gmt":"2015-02-12T17:32:51","guid":{"rendered":"https:\/\/wi.ee\/?page_id=20"},"modified":"2024-04-22T11:16:52","modified_gmt":"2024-04-22T08:16:52","slug":"kontakt","status":"publish","type":"page","link":"https:\/\/wi.ee\/et\/instituudist\/kontakt\/","title":{"rendered":"Kontakt"},"content":{"rendered":"<p><strong>Aadress<\/strong>: Tartu tn 48, 65609 V\u00f5ru<\/p>\n<p>Telefon: 782 8750<\/p>\n<p>e-post: <span style=\"color: #993366;\">wi[at]wi.ee<\/span><\/p>\n<p>Registri number: 70004347<\/p>\n<p>K\u00e4ibemaksukohustuslase number:\u00a0EE101764300<\/p>\n<p>Tehingupartneri kood: 011001<\/p>\n<p>V\u00f5ru Instituut on avatud E-R kell 9.00-17.00<\/p>\n<p><strong><a href=\"https:\/\/wi.ee\/wp-content\/uploads\/2019\/09\/E-arvete-saatmisest.pdf\">Arved<\/a> palume saata elektrooniliselt.<\/strong><\/p>\n","protected":false},"excerpt":{"rendered":"<p>Aadress: Tartu tn 48, 65609 V\u00f5ru Telefon: 782 8750 e-post: wi[at]wi.ee Registri number: 70004347 K\u00e4ibemaksukohustuslase number:\u00a0EE101764300 Tehingupartneri kood: 011001 V\u00f5ru Instituut on avatud E-R kell 9.00-17.00 Arved palume saata elektrooniliselt.<\/p>\n","protected":false},"author":1,"featured_media":0,"parent":12008,"menu_order":0,"comment_status":"open","ping_status":"open","template":"","meta":{"_acf_changed":false,"footnotes":""},"class_list":["post-20","page","type-page","status-publish","hentry"],"acf":[],"yoast_head":"<!-- This site is optimized with the Yoast SEO plugin v27.3 - https:\/\/yoast.com\/product\/yoast-seo-wordpress\/ -->\n<title>Kontakt - V\u00f5ru Instituut<\/title>\n<meta name=\"description\" content=\"Aadress: Tartu tn 48 65609 V\u00f5ru Telefon: 782 8750 e-post: wi@wi.werro.ee v\u00f5i wi@wi.ee Registri number: 70004347 K\u00e4ibemaksukohuslase number: EE101764300 Tehingupartneri kood: 011001\" \/>\n<meta name=\"robots\" content=\"index, follow, max-snippet:-1, max-image-preview:large, max-video-preview:-1\" \/>\n<link rel=\"canonical\" href=\"https:\/\/wi.ee\/et\/instituudist\/kontakt\/\" \/>\n<meta property=\"og:locale\" content=\"et_EE\" \/>\n<meta property=\"og:type\" content=\"article\" \/>\n<meta property=\"og:title\" content=\"Kontakt - V\u00f5ru Instituut\" \/>\n<meta property=\"og:description\" content=\"Aadress: Tartu tn 48 65609 V\u00f5ru Telefon: 782 8750 e-post: wi@wi.werro.ee v\u00f5i wi@wi.ee Registri number: 70004347 K\u00e4ibemaksukohuslase number: EE101764300 Tehingupartneri kood: 011001\" \/>\n<meta property=\"og:url\" content=\"https:\/\/wi.ee\/et\/instituudist\/kontakt\/\" \/>\n<meta property=\"og:site_name\" content=\"V\u00f5ru Instituut\" \/>\n<meta property=\"article:publisher\" content=\"https:\/\/www.facebook.com\/VoroInstituut\" \/>\n<meta property=\"article:modified_time\" content=\"2024-04-22T08:16:52+00:00\" \/>\n<meta property=\"og:image\" content=\"https:\/\/wi.ee\/wp-content\/uploads\/2015\/05\/logo-150507.png\" \/>\n\t<meta property=\"og:image:width\" content=\"183\" \/>\n\t<meta property=\"og:image:height\" content=\"123\" \/>\n\t<meta property=\"og:image:type\" content=\"image\/png\" \/>\n<meta name=\"twitter:label1\" content=\"Est. reading time\" \/>\n\t<meta name=\"twitter:data1\" content=\"1 minut\" \/>\n<script type=\"application\/ld+json\" class=\"yoast-schema-graph\">{\"@context\":\"https:\\\/\\\/schema.org\",\"@graph\":[{\"@type\":\"WebPage\",\"@id\":\"https:\\\/\\\/wi.ee\\\/et\\\/instituudist\\\/kontakt\\\/\",\"url\":\"https:\\\/\\\/wi.ee\\\/et\\\/instituudist\\\/kontakt\\\/\",\"name\":\"Kontakt - V\u00f5ru Instituut\",\"isPartOf\":{\"@id\":\"https:\\\/\\\/wi.ee\\\/et\\\/#website\"},\"datePublished\":\"2015-02-12T17:32:51+00:00\",\"dateModified\":\"2024-04-22T08:16:52+00:00\",\"description\":\"Aadress: Tartu tn 48 65609 V\u00f5ru Telefon: 782 8750 e-post: wi@wi.werro.ee v\u00f5i wi@wi.ee Registri number: 70004347 K\u00e4ibemaksukohuslase number: EE101764300 Tehingupartneri kood: 011001\",\"breadcrumb\":{\"@id\":\"https:\\\/\\\/wi.ee\\\/et\\\/instituudist\\\/kontakt\\\/#breadcrumb\"},\"inLanguage\":\"et\",\"potentialAction\":[{\"@type\":\"ReadAction\",\"target\":[\"https:\\\/\\\/wi.ee\\\/et\\\/instituudist\\\/kontakt\\\/\"]}]},{\"@type\":\"BreadcrumbList\",\"@id\":\"https:\\\/\\\/wi.ee\\\/et\\\/instituudist\\\/kontakt\\\/#breadcrumb\",\"itemListElement\":[{\"@type\":\"ListItem\",\"position\":1,\"name\":\"Avaleht\",\"item\":\"https:\\\/\\\/wi.ee\\\/et\\\/\"},{\"@type\":\"ListItem\",\"position\":2,\"name\":\"Instituudist\",\"item\":\"https:\\\/\\\/wi.ee\\\/et\\\/instituudist\\\/\"},{\"@type\":\"ListItem\",\"position\":3,\"name\":\"Kontakt\"}]},{\"@type\":\"WebSite\",\"@id\":\"https:\\\/\\\/wi.ee\\\/et\\\/#website\",\"url\":\"https:\\\/\\\/wi.ee\\\/et\\\/\",\"name\":\"V\u00f5ru Instituut\",\"description\":\"\",\"publisher\":{\"@id\":\"https:\\\/\\\/wi.ee\\\/et\\\/#organization\"},\"potentialAction\":[{\"@type\":\"SearchAction\",\"target\":{\"@type\":\"EntryPoint\",\"urlTemplate\":\"https:\\\/\\\/wi.ee\\\/et\\\/?s={search_term_string}\"},\"query-input\":{\"@type\":\"PropertyValueSpecification\",\"valueRequired\":true,\"valueName\":\"search_term_string\"}}],\"inLanguage\":\"et\"},{\"@type\":\"Organization\",\"@id\":\"https:\\\/\\\/wi.ee\\\/et\\\/#organization\",\"name\":\"V\u00f5ru Instituut\",\"url\":\"https:\\\/\\\/wi.ee\\\/et\\\/\",\"logo\":{\"@type\":\"ImageObject\",\"inLanguage\":\"et\",\"@id\":\"https:\\\/\\\/wi.ee\\\/et\\\/#\\\/schema\\\/logo\\\/image\\\/\",\"url\":\"https:\\\/\\\/wi.ee\\\/wp-content\\\/uploads\\\/2015\\\/05\\\/logo-150507.png\",\"contentUrl\":\"https:\\\/\\\/wi.ee\\\/wp-content\\\/uploads\\\/2015\\\/05\\\/logo-150507.png\",\"width\":183,\"height\":123,\"caption\":\"V\u00f5ru Instituut\"},\"image\":{\"@id\":\"https:\\\/\\\/wi.ee\\\/et\\\/#\\\/schema\\\/logo\\\/image\\\/\"},\"sameAs\":[\"https:\\\/\\\/www.facebook.com\\\/VoroInstituut\"]}]}<\/script>\n<!-- \/ Yoast SEO plugin. -->","yoast_head_json":{"title":"Kontakt - V\u00f5ru Instituut","description":"Aadress: Tartu tn 48 65609 V\u00f5ru Telefon: 782 8750 e-post: wi@wi.werro.ee v\u00f5i wi@wi.ee Registri number: 70004347 K\u00e4ibemaksukohuslase number: EE101764300 Tehingupartneri kood: 011001","robots":{"index":"index","follow":"follow","max-snippet":"max-snippet:-1","max-image-preview":"max-image-preview:large","max-video-preview":"max-video-preview:-1"},"canonical":"https:\/\/wi.ee\/et\/instituudist\/kontakt\/","og_locale":"et_EE","og_type":"article","og_title":"Kontakt - V\u00f5ru Instituut","og_description":"Aadress: Tartu tn 48 65609 V\u00f5ru Telefon: 782 8750 e-post: wi@wi.werro.ee v\u00f5i wi@wi.ee Registri number: 70004347 K\u00e4ibemaksukohuslase number: EE101764300 Tehingupartneri kood: 011001","og_url":"https:\/\/wi.ee\/et\/instituudist\/kontakt\/","og_site_name":"V\u00f5ru Instituut","article_publisher":"https:\/\/www.facebook.com\/VoroInstituut","article_modified_time":"2024-04-22T08:16:52+00:00","og_image":[{"width":183,"height":123,"url":"https:\/\/wi.ee\/wp-content\/uploads\/2015\/05\/logo-150507.png","type":"image\/png"}],"twitter_misc":{"Est. reading time":"1 minut"},"schema":{"@context":"https:\/\/schema.org","@graph":[{"@type":"WebPage","@id":"https:\/\/wi.ee\/et\/instituudist\/kontakt\/","url":"https:\/\/wi.ee\/et\/instituudist\/kontakt\/","name":"Kontakt - V\u00f5ru Instituut","isPartOf":{"@id":"https:\/\/wi.ee\/et\/#website"},"datePublished":"2015-02-12T17:32:51+00:00","dateModified":"2024-04-22T08:16:52+00:00","description":"Aadress: Tartu tn 48 65609 V\u00f5ru Telefon: 782 8750 e-post: wi@wi.werro.ee v\u00f5i wi@wi.ee Registri number: 70004347 K\u00e4ibemaksukohuslase number: EE101764300 Tehingupartneri kood: 011001","breadcrumb":{"@id":"https:\/\/wi.ee\/et\/instituudist\/kontakt\/#breadcrumb"},"inLanguage":"et","potentialAction":[{"@type":"ReadAction","target":["https:\/\/wi.ee\/et\/instituudist\/kontakt\/"]}]},{"@type":"BreadcrumbList","@id":"https:\/\/wi.ee\/et\/instituudist\/kontakt\/#breadcrumb","itemListElement":[{"@type":"ListItem","position":1,"name":"Avaleht","item":"https:\/\/wi.ee\/et\/"},{"@type":"ListItem","position":2,"name":"Instituudist","item":"https:\/\/wi.ee\/et\/instituudist\/"},{"@type":"ListItem","position":3,"name":"Kontakt"}]},{"@type":"WebSite","@id":"https:\/\/wi.ee\/et\/#website","url":"https:\/\/wi.ee\/et\/","name":"V\u00f5ru Instituut","description":"","publisher":{"@id":"https:\/\/wi.ee\/et\/#organization"},"potentialAction":[{"@type":"SearchAction","target":{"@type":"EntryPoint","urlTemplate":"https:\/\/wi.ee\/et\/?s={search_term_string}"},"query-input":{"@type":"PropertyValueSpecification","valueRequired":true,"valueName":"search_term_string"}}],"inLanguage":"et"},{"@type":"Organization","@id":"https:\/\/wi.ee\/et\/#organization","name":"V\u00f5ru Instituut","url":"https:\/\/wi.ee\/et\/","logo":{"@type":"ImageObject","inLanguage":"et","@id":"https:\/\/wi.ee\/et\/#\/schema\/logo\/image\/","url":"https:\/\/wi.ee\/wp-content\/uploads\/2015\/05\/logo-150507.png","contentUrl":"https:\/\/wi.ee\/wp-content\/uploads\/2015\/05\/logo-150507.png","width":183,"height":123,"caption":"V\u00f5ru Instituut"},"image":{"@id":"https:\/\/wi.ee\/et\/#\/schema\/logo\/image\/"},"sameAs":["https:\/\/www.facebook.com\/VoroInstituut"]}]}},"_links":{"self":[{"href":"https:\/\/wi.ee\/et\/wp-json\/wp\/v2\/pages\/20","targetHints":{"allow":["GET"]}}],"collection":[{"href":"https:\/\/wi.ee\/et\/wp-json\/wp\/v2\/pages"}],"about":[{"href":"https:\/\/wi.ee\/et\/wp-json\/wp\/v2\/types\/page"}],"author":[{"embeddable":true,"href":"https:\/\/wi.ee\/et\/wp-json\/wp\/v2\/users\/1"}],"replies":[{"embeddable":true,"href":"https:\/\/wi.ee\/et\/wp-json\/wp\/v2\/comments?post=20"}],"version-history":[{"count":12,"href":"https:\/\/wi.ee\/et\/wp-json\/wp\/v2\/pages\/20\/revisions"}],"predecessor-version":[{"id":12788,"href":"https:\/\/wi.ee\/et\/wp-json\/wp\/v2\/pages\/20\/revisions\/12788"}],"up":[{"embeddable":true,"href":"https:\/\/wi.ee\/et\/wp-json\/wp\/v2\/pages\/12008"}],"wp:attachment":[{"href":"https:\/\/wi.ee\/et\/wp-json\/wp\/v2\/media?parent=20"}],"curies":[{"name":"wp","href":"https:\/\/api.w.org\/{rel}","templated":true}]}}