{"id":1999,"date":"2015-10-02T10:49:44","date_gmt":"2015-10-02T08:49:44","guid":{"rendered":"https:\/\/wi.ee\/et\/koolioppus\/"},"modified":"2022-10-07T13:52:42","modified_gmt":"2022-10-07T10:52:42","slug":"koolioppus","status":"publish","type":"page","link":"https:\/\/wi.ee\/et\/koolioppus\/","title":{"rendered":"Koolioppus"},"content":{"rendered":"<p><strong>Ajalugu<\/strong><\/p>\n<p>1988. aastal, uuel \u00e4rkamisajal, loodi v\u00f5ru keele ja kultuuri toetamiseks V\u00f5ru Keele ja Kultuuri Fond (VKKF), korraldati koosolekuid, seltskondlikke ettev\u00f5tmisi ja avaldati ajakirjanduses kirjat\u00fckke kohaliku keele ja kultuuri kohta.<br \/>\nEnne seda, 1987. aastal, alustas V\u00f5rumaa hariduskoondis eesotsas Arvi Leoskiga koolilaste v\u00f5rukeelsete kirjat\u00f6\u00f6de v\u00f5istlust.<br \/>\nEsimesed v\u00f5ru keele ringitunnid olid \u00f5petaja Aino Karendi ja v\u00f5rukeelse aabitsa kokkuseadja Sulev Iva\u00a0 eestvedamisel 1994. aastal V\u00f5ru I p\u00f5hikoolis. Ringitundides kuullati muinasjutte, lauldi ja joonistati. Tolsamal ajal alustati v\u00f5ru keele valikainetunde ka Antsla keskkoolis: \u00f5petaja Anu Silma ja VKKFi tolleaegne esimees Pulga Jaan \u00f5petasid v\u00f5ru keelt korra n\u00e4dalas 10. klassile.<br \/>\nAasta hiljem asutati V\u00f5ru Instituut, mille \u00fcheks sihiks saigi v\u00f5ru keele ja kultuuri \u00f5petamise korraldamine: \u00f5petajate leidmine, nende t\u00e4iendkoolituse korraldamine, v\u00f5rukeelsete \u00f5ppematerjalide v\u00e4ljaandmine.<\/p>\n<p><strong>Praegune seis<\/strong><\/p>\n<p><strong>2022\/2023. \u00f5ppeaastal<\/strong><strong>\u00a0<\/strong>on v\u00f5ru keele ja kultuuri tunnid ning m\u00f5ne muu \u00f5ppeaine v\u00f5rukeelsed tunnid Vana V\u00f5romaa <strong>10 koolis<\/strong>, v\u00f5ru keele ja kultuuri \u00f5petamisega on seotud ligi 15 \u00f5petajat. V\u00f5ru keele ja kultuuri ning muudes v\u00f5rukeelsetes tundides osaleb u <strong>230<\/strong> \u00f5pilast.<\/p>\n<p>Enamasti toimub v\u00f5ru keele \u00f5pe ringitundides, kuid m\u00f5nes koolis on see ka\u00a0 \u00f5ppekavap\u00f5hine valikaine. V\u00f5ru keele ja kultuuri \u00f5petus jaguneb laias laastus kolmeks: aabitsa\u00f5ppus, kodulugu ning v\u00f5ru keel ja kirjandus. Enamik koole l\u00f5imib tundides nii keelt, kirjandust kui ka kodulugu, samuti v\u00f5rukeelseid laulum\u00e4nge ja teatritegevust. \u00dches koolis tegutseb v\u00f5rukeelne p\u00e4rimuskultuuriring, kus p\u00f5hir\u00f5hk on omakeelsel muusikal.<\/p>\n<p>Viimastel aastatel on m\u00f5ned Vana V\u00f5rumaa koolid s\u00f6andanud praktiseerida ka<\/p>\n<p>m\u00f5ne muu \u00f5ppeaine v\u00f5ru keeles \u00f5petamist. Nii on n\u00e4iteks M\u00f5niste Koolis 2013. aasta s\u00fcgisest osalt v\u00f5rukeelne t\u00fcdrukute ja poiste t\u00f6\u00f6\u00f5petus, muusika\u00f5petus ja kunsti\u00f5petus. V\u00f5rukeelne v\u00f5ru kirjanduse \u00f5pe valikainena 12. klassile toimub Vastseliina G\u00fcmnaasiumis alates 2013\/14. \u00f5ppeaastast.<\/p>\n<ol start=\"2015\">\n<li>aasta s\u00fcgisest saavad v\u00f5ru keele ja kultuuri \u00f5pet k\u00f5ik Orava Kooli \u00f5pilased 1.\u20139. klassini.<\/li>\n<li>aasta s\u00fcgisest on v\u00f5ru keel tunniplaanisisese ainena P\u00f5lva Koolis k\u00f5igile 3. klassi \u00f5pilastele, keda on k\u00e4esoleval \u00f5ppeaastal 66 (\u00f5pe toimub kolmes klassis).<\/li>\n<\/ol>\n<p><strong>2022\/2023. \u00f5ppeaastal<\/strong><strong>\u00a0<\/strong>\u00f5petatakse kuues Vana V\u00f5rumaa koolis (P\u00f5lva Kool, P\u00f5lva Jakobi Kool, Haanja, M\u00f5niste, Hargla, L\u00fcllem\u00e4e) omakultuuri mitmele klassile, \u00f5pper\u00fchmale. Lisaks 10 koolile, kus on plaanip\u00e4rane \u00f5petus, tegeldakse oma keele ja kultuuriga sisulisemalt veel Viluste, Osula, Parksepa, Varstu, Tilsi jt Vana V\u00f5romaa koolides.<\/p>\n","protected":false},"excerpt":{"rendered":"<p>Ajalugu 1988. aastal, uuel \u00e4rkamisajal, loodi v\u00f5ru keele ja kultuuri toetamiseks V\u00f5ru Keele ja Kultuuri Fond (VKKF), korraldati koosolekuid, seltskondlikke ettev\u00f5tmisi ja avaldati ajakirjanduses kirjat\u00fckke kohaliku keele ja kultuuri kohta. Enne seda, 1987. aastal, alustas V\u00f5rumaa hariduskoondis eesotsas Arvi Leoskiga koolilaste v\u00f5rukeelsete kirjat\u00f6\u00f6de v\u00f5istlust. Esimesed v\u00f5ru keele ringitunnid olid \u00f5petaja Aino Karendi ja v\u00f5rukeelse aabitsa [&hellip;]<\/p>\n","protected":false},"author":2,"featured_media":0,"parent":0,"menu_order":0,"comment_status":"closed","ping_status":"open","template":"","meta":{"_acf_changed":false,"footnotes":""},"class_list":["post-1999","page","type-page","status-publish","hentry"],"acf":[],"yoast_head":"<!-- This site is optimized with the Yoast SEO plugin v27.3 - https:\/\/yoast.com\/product\/yoast-seo-wordpress\/ -->\n<title>Koolioppus - V\u00f5ru Instituut<\/title>\n<meta name=\"robots\" content=\"index, follow, max-snippet:-1, max-image-preview:large, max-video-preview:-1\" \/>\n<link rel=\"canonical\" href=\"https:\/\/wi.ee\/et\/koolioppus\/\" \/>\n<meta property=\"og:locale\" content=\"et_EE\" \/>\n<meta property=\"og:type\" content=\"article\" \/>\n<meta property=\"og:title\" content=\"Koolioppus - V\u00f5ru Instituut\" \/>\n<meta property=\"og:description\" content=\"Ajalugu 1988. aastal, uuel \u00e4rkamisajal, loodi v\u00f5ru keele ja kultuuri toetamiseks V\u00f5ru Keele ja Kultuuri Fond (VKKF), korraldati koosolekuid, seltskondlikke ettev\u00f5tmisi ja avaldati ajakirjanduses kirjat\u00fckke kohaliku keele ja kultuuri kohta. Enne seda, 1987. aastal, alustas V\u00f5rumaa hariduskoondis eesotsas Arvi Leoskiga koolilaste v\u00f5rukeelsete kirjat\u00f6\u00f6de v\u00f5istlust. Esimesed v\u00f5ru keele ringitunnid olid \u00f5petaja Aino Karendi ja v\u00f5rukeelse aabitsa [&hellip;]\" \/>\n<meta property=\"og:url\" content=\"https:\/\/wi.ee\/et\/koolioppus\/\" \/>\n<meta property=\"og:site_name\" content=\"V\u00f5ru Instituut\" \/>\n<meta property=\"article:publisher\" content=\"https:\/\/www.facebook.com\/VoroInstituut\" \/>\n<meta property=\"article:modified_time\" content=\"2022-10-07T10:52:42+00:00\" \/>\n<meta property=\"og:image\" content=\"https:\/\/wi.ee\/wp-content\/uploads\/2015\/05\/logo-150507.png\" \/>\n\t<meta property=\"og:image:width\" content=\"183\" \/>\n\t<meta property=\"og:image:height\" content=\"123\" \/>\n\t<meta property=\"og:image:type\" content=\"image\/png\" \/>\n<meta name=\"twitter:label1\" content=\"Est. reading time\" \/>\n\t<meta name=\"twitter:data1\" content=\"2 minutit\" \/>\n<script type=\"application\/ld+json\" class=\"yoast-schema-graph\">{\"@context\":\"https:\\\/\\\/schema.org\",\"@graph\":[{\"@type\":\"WebPage\",\"@id\":\"https:\\\/\\\/wi.ee\\\/et\\\/koolioppus\\\/\",\"url\":\"https:\\\/\\\/wi.ee\\\/et\\\/koolioppus\\\/\",\"name\":\"Koolioppus - V\u00f5ru Instituut\",\"isPartOf\":{\"@id\":\"https:\\\/\\\/wi.ee\\\/et\\\/#website\"},\"datePublished\":\"2015-10-02T08:49:44+00:00\",\"dateModified\":\"2022-10-07T10:52:42+00:00\",\"breadcrumb\":{\"@id\":\"https:\\\/\\\/wi.ee\\\/et\\\/koolioppus\\\/#breadcrumb\"},\"inLanguage\":\"et\",\"potentialAction\":[{\"@type\":\"ReadAction\",\"target\":[\"https:\\\/\\\/wi.ee\\\/et\\\/koolioppus\\\/\"]}]},{\"@type\":\"BreadcrumbList\",\"@id\":\"https:\\\/\\\/wi.ee\\\/et\\\/koolioppus\\\/#breadcrumb\",\"itemListElement\":[{\"@type\":\"ListItem\",\"position\":1,\"name\":\"Avaleht\",\"item\":\"https:\\\/\\\/wi.ee\\\/et\\\/\"},{\"@type\":\"ListItem\",\"position\":2,\"name\":\"Koolioppus\"}]},{\"@type\":\"WebSite\",\"@id\":\"https:\\\/\\\/wi.ee\\\/et\\\/#website\",\"url\":\"https:\\\/\\\/wi.ee\\\/et\\\/\",\"name\":\"V\u00f5ru Instituut\",\"description\":\"\",\"publisher\":{\"@id\":\"https:\\\/\\\/wi.ee\\\/et\\\/#organization\"},\"potentialAction\":[{\"@type\":\"SearchAction\",\"target\":{\"@type\":\"EntryPoint\",\"urlTemplate\":\"https:\\\/\\\/wi.ee\\\/et\\\/?s={search_term_string}\"},\"query-input\":{\"@type\":\"PropertyValueSpecification\",\"valueRequired\":true,\"valueName\":\"search_term_string\"}}],\"inLanguage\":\"et\"},{\"@type\":\"Organization\",\"@id\":\"https:\\\/\\\/wi.ee\\\/et\\\/#organization\",\"name\":\"V\u00f5ru Instituut\",\"url\":\"https:\\\/\\\/wi.ee\\\/et\\\/\",\"logo\":{\"@type\":\"ImageObject\",\"inLanguage\":\"et\",\"@id\":\"https:\\\/\\\/wi.ee\\\/et\\\/#\\\/schema\\\/logo\\\/image\\\/\",\"url\":\"https:\\\/\\\/wi.ee\\\/wp-content\\\/uploads\\\/2015\\\/05\\\/logo-150507.png\",\"contentUrl\":\"https:\\\/\\\/wi.ee\\\/wp-content\\\/uploads\\\/2015\\\/05\\\/logo-150507.png\",\"width\":183,\"height\":123,\"caption\":\"V\u00f5ru Instituut\"},\"image\":{\"@id\":\"https:\\\/\\\/wi.ee\\\/et\\\/#\\\/schema\\\/logo\\\/image\\\/\"},\"sameAs\":[\"https:\\\/\\\/www.facebook.com\\\/VoroInstituut\"]}]}<\/script>\n<!-- \/ Yoast SEO plugin. -->","yoast_head_json":{"title":"Koolioppus - V\u00f5ru Instituut","robots":{"index":"index","follow":"follow","max-snippet":"max-snippet:-1","max-image-preview":"max-image-preview:large","max-video-preview":"max-video-preview:-1"},"canonical":"https:\/\/wi.ee\/et\/koolioppus\/","og_locale":"et_EE","og_type":"article","og_title":"Koolioppus - V\u00f5ru Instituut","og_description":"Ajalugu 1988. aastal, uuel \u00e4rkamisajal, loodi v\u00f5ru keele ja kultuuri toetamiseks V\u00f5ru Keele ja Kultuuri Fond (VKKF), korraldati koosolekuid, seltskondlikke ettev\u00f5tmisi ja avaldati ajakirjanduses kirjat\u00fckke kohaliku keele ja kultuuri kohta. Enne seda, 1987. aastal, alustas V\u00f5rumaa hariduskoondis eesotsas Arvi Leoskiga koolilaste v\u00f5rukeelsete kirjat\u00f6\u00f6de v\u00f5istlust. Esimesed v\u00f5ru keele ringitunnid olid \u00f5petaja Aino Karendi ja v\u00f5rukeelse aabitsa [&hellip;]","og_url":"https:\/\/wi.ee\/et\/koolioppus\/","og_site_name":"V\u00f5ru Instituut","article_publisher":"https:\/\/www.facebook.com\/VoroInstituut","article_modified_time":"2022-10-07T10:52:42+00:00","og_image":[{"width":183,"height":123,"url":"https:\/\/wi.ee\/wp-content\/uploads\/2015\/05\/logo-150507.png","type":"image\/png"}],"twitter_misc":{"Est. reading time":"2 minutit"},"schema":{"@context":"https:\/\/schema.org","@graph":[{"@type":"WebPage","@id":"https:\/\/wi.ee\/et\/koolioppus\/","url":"https:\/\/wi.ee\/et\/koolioppus\/","name":"Koolioppus - V\u00f5ru Instituut","isPartOf":{"@id":"https:\/\/wi.ee\/et\/#website"},"datePublished":"2015-10-02T08:49:44+00:00","dateModified":"2022-10-07T10:52:42+00:00","breadcrumb":{"@id":"https:\/\/wi.ee\/et\/koolioppus\/#breadcrumb"},"inLanguage":"et","potentialAction":[{"@type":"ReadAction","target":["https:\/\/wi.ee\/et\/koolioppus\/"]}]},{"@type":"BreadcrumbList","@id":"https:\/\/wi.ee\/et\/koolioppus\/#breadcrumb","itemListElement":[{"@type":"ListItem","position":1,"name":"Avaleht","item":"https:\/\/wi.ee\/et\/"},{"@type":"ListItem","position":2,"name":"Koolioppus"}]},{"@type":"WebSite","@id":"https:\/\/wi.ee\/et\/#website","url":"https:\/\/wi.ee\/et\/","name":"V\u00f5ru Instituut","description":"","publisher":{"@id":"https:\/\/wi.ee\/et\/#organization"},"potentialAction":[{"@type":"SearchAction","target":{"@type":"EntryPoint","urlTemplate":"https:\/\/wi.ee\/et\/?s={search_term_string}"},"query-input":{"@type":"PropertyValueSpecification","valueRequired":true,"valueName":"search_term_string"}}],"inLanguage":"et"},{"@type":"Organization","@id":"https:\/\/wi.ee\/et\/#organization","name":"V\u00f5ru Instituut","url":"https:\/\/wi.ee\/et\/","logo":{"@type":"ImageObject","inLanguage":"et","@id":"https:\/\/wi.ee\/et\/#\/schema\/logo\/image\/","url":"https:\/\/wi.ee\/wp-content\/uploads\/2015\/05\/logo-150507.png","contentUrl":"https:\/\/wi.ee\/wp-content\/uploads\/2015\/05\/logo-150507.png","width":183,"height":123,"caption":"V\u00f5ru Instituut"},"image":{"@id":"https:\/\/wi.ee\/et\/#\/schema\/logo\/image\/"},"sameAs":["https:\/\/www.facebook.com\/VoroInstituut"]}]}},"_links":{"self":[{"href":"https:\/\/wi.ee\/et\/wp-json\/wp\/v2\/pages\/1999","targetHints":{"allow":["GET"]}}],"collection":[{"href":"https:\/\/wi.ee\/et\/wp-json\/wp\/v2\/pages"}],"about":[{"href":"https:\/\/wi.ee\/et\/wp-json\/wp\/v2\/types\/page"}],"author":[{"embeddable":true,"href":"https:\/\/wi.ee\/et\/wp-json\/wp\/v2\/users\/2"}],"replies":[{"embeddable":true,"href":"https:\/\/wi.ee\/et\/wp-json\/wp\/v2\/comments?post=1999"}],"version-history":[{"count":8,"href":"https:\/\/wi.ee\/et\/wp-json\/wp\/v2\/pages\/1999\/revisions"}],"predecessor-version":[{"id":11356,"href":"https:\/\/wi.ee\/et\/wp-json\/wp\/v2\/pages\/1999\/revisions\/11356"}],"wp:attachment":[{"href":"https:\/\/wi.ee\/et\/wp-json\/wp\/v2\/media?parent=1999"}],"curies":[{"name":"wp","href":"https:\/\/api.w.org\/{rel}","templated":true}]}}