{"id":1847,"date":"2016-09-30T15:54:03","date_gmt":"2016-09-30T13:54:03","guid":{"rendered":"https:\/\/wi.ee\/et\/?page_id=1847"},"modified":"2021-09-03T13:00:21","modified_gmt":"2021-09-03T11:00:21","slug":"toolehed","status":"publish","type":"page","link":"https:\/\/wi.ee\/et\/tegemised\/kooliope\/toolehed\/","title":{"rendered":"T\u00f6\u00f6lehed lasteraamatute j\u00e4rgi"},"content":{"rendered":"<p><a href=\"https:\/\/wi.ee\/wp-content\/uploads\/2016\/09\/Aatos-ja-Sofia.pdf\">Aatos ja Sofia<\/a><\/p>\n<p><a href=\"https:\/\/wi.ee\/wp-content\/uploads\/2018\/09\/Es\u00e4-poig-TL06.pdf\">Es\u00e4 poig<\/a><\/p>\n<p><a href=\"https:\/\/wi.ee\/wp-content\/uploads\/2018\/09\/Kuldvillak-Siiri-raamatide-alus\u00f5l-TL11.pdf\">Kuldvillak \u201eSiiri ja kolm Ottot\u201c ja \u201eSiiri ja kahuskin\u00f5 Kerttu\u201c alus\u00f5l<\/a><\/p>\n<p><a href=\"https:\/\/wi.ee\/wp-content\/uploads\/2016\/09\/Kusso-Mosso-ja-Hopso.pdf\">Kusso, Mosso ja Hopso<\/a><\/p>\n<p><a href=\"https:\/\/wi.ee\/wp-content\/uploads\/2018\/09\/Kuus\u00f5siimnide-minek-TL01.pdf\">Kuus\u00f5siimnide minek<\/a><\/p>\n<p><a href=\"https:\/\/wi.ee\/wp-content\/uploads\/2018\/09\/Siiri-ja-kahuskin\u00f5-Kerttu-I-TL02.pdf\">Siiri ja kahuskin\u00f5 Kerttu<\/a><\/p>\n<p><a href=\"https:\/\/wi.ee\/wp-content\/uploads\/2016\/10\/Siiri-ja-kolm-Ottot.pdf\">Siiri ja kolm Ottot<\/a><\/p>\n<p><a href=\"https:\/\/wi.ee\/wp-content\/uploads\/2016\/10\/Siiri-ja-kolm-Ottot-I.pdf\">Siiri ja kolm Ottot I<\/a><\/p>\n<p><a href=\"https:\/\/wi.ee\/wp-content\/uploads\/2018\/09\/Siiri-ja-m\u00f5tsik-Hunskeli-TL07.pdf\">Siiri ja m\u00f5tsik Hunskeli<\/a><\/p>\n<p><a href=\"https:\/\/wi.ee\/wp-content\/uploads\/2018\/09\/Suur-t\u00fctrik-ja-Pirhonen-TL05.pdf\">Suur t\u00fctrik ja Pirhonen<\/a><\/p>\n<p><a href=\"https:\/\/wi.ee\/wp-content\/uploads\/2016\/09\/Ubinit-uutman.pdf\">Ubinit uutman<\/a><\/p>\n<p><a href=\"https:\/\/wi.ee\/wp-content\/uploads\/2018\/09\/to\u0308o\u0308leht_TeeduPeedu.pdf\">Teedu ja Peedu, s\u00fc\u00fcm\u00e4!<\/a><\/p>\n<p><a href=\"https:\/\/wi.ee\/wp-content\/uploads\/2019\/09\/P\u00e4\u00e4h\u00e4k\u00e4\u00e4nt\u00e4v-tita_TL12.pdf\">P\u00e4\u00e4h\u00e4k\u00e4\u00e4nt\u00e4v tita<\/a><\/p>\n<p><a href=\"https:\/\/wi.ee\/wp-content\/uploads\/2019\/10\/R\u00e4pimehe-Risto_-TL13.pdf\">Aig om k\u00e4en, R\u00e4pimehe Risto<\/a><\/p>\n","protected":false},"excerpt":{"rendered":"<p>Aatos ja Sofia Es\u00e4 poig Kuldvillak \u201eSiiri ja kolm Ottot\u201c ja \u201eSiiri ja kahuskin\u00f5 Kerttu\u201c alus\u00f5l Kusso, Mosso ja Hopso Kuus\u00f5siimnide minek Siiri ja kahuskin\u00f5 Kerttu Siiri ja kolm Ottot Siiri ja kolm Ottot I Siiri ja m\u00f5tsik Hunskeli Suur t\u00fctrik ja Pirhonen Ubinit uutman Teedu ja Peedu, s\u00fc\u00fcm\u00e4! P\u00e4\u00e4h\u00e4k\u00e4\u00e4nt\u00e4v tita Aig om k\u00e4en, R\u00e4pimehe [&hellip;]<\/p>\n","protected":false},"author":2,"featured_media":0,"parent":272,"menu_order":0,"comment_status":"closed","ping_status":"closed","template":"","meta":{"_acf_changed":false,"footnotes":""},"class_list":["post-1847","page","type-page","status-publish","hentry"],"acf":[],"yoast_head":"<!-- This site is optimized with the Yoast SEO plugin v27.3 - https:\/\/yoast.com\/product\/yoast-seo-wordpress\/ -->\n<title>T\u00f6\u00f6lehed lasteraamatute j\u00e4rgi - V\u00f5ru Instituut<\/title>\n<meta name=\"robots\" content=\"index, follow, max-snippet:-1, max-image-preview:large, max-video-preview:-1\" \/>\n<link rel=\"canonical\" href=\"https:\/\/wi.ee\/et\/tegemised\/kooliope\/toolehed\/\" \/>\n<meta property=\"og:locale\" content=\"et_EE\" \/>\n<meta property=\"og:type\" content=\"article\" \/>\n<meta property=\"og:title\" content=\"T\u00f6\u00f6lehed lasteraamatute j\u00e4rgi - V\u00f5ru Instituut\" \/>\n<meta property=\"og:description\" content=\"Aatos ja Sofia Es\u00e4 poig Kuldvillak \u201eSiiri ja kolm Ottot\u201c ja \u201eSiiri ja kahuskin\u00f5 Kerttu\u201c alus\u00f5l Kusso, Mosso ja Hopso Kuus\u00f5siimnide minek Siiri ja kahuskin\u00f5 Kerttu Siiri ja kolm Ottot Siiri ja kolm Ottot I Siiri ja m\u00f5tsik Hunskeli Suur t\u00fctrik ja Pirhonen Ubinit uutman Teedu ja Peedu, s\u00fc\u00fcm\u00e4! P\u00e4\u00e4h\u00e4k\u00e4\u00e4nt\u00e4v tita Aig om k\u00e4en, R\u00e4pimehe [&hellip;]\" \/>\n<meta property=\"og:url\" content=\"https:\/\/wi.ee\/et\/tegemised\/kooliope\/toolehed\/\" \/>\n<meta property=\"og:site_name\" content=\"V\u00f5ru Instituut\" \/>\n<meta property=\"article:publisher\" content=\"https:\/\/www.facebook.com\/VoroInstituut\" \/>\n<meta property=\"article:modified_time\" content=\"2021-09-03T11:00:21+00:00\" \/>\n<meta property=\"og:image\" content=\"https:\/\/wi.ee\/wp-content\/uploads\/2015\/05\/logo-150507.png\" \/>\n\t<meta property=\"og:image:width\" content=\"183\" \/>\n\t<meta property=\"og:image:height\" content=\"123\" \/>\n\t<meta property=\"og:image:type\" content=\"image\/png\" \/>\n<script type=\"application\/ld+json\" class=\"yoast-schema-graph\">{\"@context\":\"https:\\\/\\\/schema.org\",\"@graph\":[{\"@type\":\"WebPage\",\"@id\":\"https:\\\/\\\/wi.ee\\\/et\\\/tegemised\\\/kooliope\\\/toolehed\\\/\",\"url\":\"https:\\\/\\\/wi.ee\\\/et\\\/tegemised\\\/kooliope\\\/toolehed\\\/\",\"name\":\"T\u00f6\u00f6lehed lasteraamatute j\u00e4rgi - V\u00f5ru Instituut\",\"isPartOf\":{\"@id\":\"https:\\\/\\\/wi.ee\\\/et\\\/#website\"},\"datePublished\":\"2016-09-30T13:54:03+00:00\",\"dateModified\":\"2021-09-03T11:00:21+00:00\",\"breadcrumb\":{\"@id\":\"https:\\\/\\\/wi.ee\\\/et\\\/tegemised\\\/kooliope\\\/toolehed\\\/#breadcrumb\"},\"inLanguage\":\"et\",\"potentialAction\":[{\"@type\":\"ReadAction\",\"target\":[\"https:\\\/\\\/wi.ee\\\/et\\\/tegemised\\\/kooliope\\\/toolehed\\\/\"]}]},{\"@type\":\"BreadcrumbList\",\"@id\":\"https:\\\/\\\/wi.ee\\\/et\\\/tegemised\\\/kooliope\\\/toolehed\\\/#breadcrumb\",\"itemListElement\":[{\"@type\":\"ListItem\",\"position\":1,\"name\":\"Avaleht\",\"item\":\"https:\\\/\\\/wi.ee\\\/et\\\/\"},{\"@type\":\"ListItem\",\"position\":2,\"name\":\"Tegemised\",\"item\":\"https:\\\/\\\/wi.ee\\\/et\\\/tegemised\\\/\"},{\"@type\":\"ListItem\",\"position\":3,\"name\":\"Kooli\u00f5pe\",\"item\":\"https:\\\/\\\/wi.ee\\\/et\\\/tegemised\\\/kooliope\\\/\"},{\"@type\":\"ListItem\",\"position\":4,\"name\":\"T\u00f6\u00f6lehed lasteraamatute j\u00e4rgi\"}]},{\"@type\":\"WebSite\",\"@id\":\"https:\\\/\\\/wi.ee\\\/et\\\/#website\",\"url\":\"https:\\\/\\\/wi.ee\\\/et\\\/\",\"name\":\"V\u00f5ru Instituut\",\"description\":\"\",\"publisher\":{\"@id\":\"https:\\\/\\\/wi.ee\\\/et\\\/#organization\"},\"potentialAction\":[{\"@type\":\"SearchAction\",\"target\":{\"@type\":\"EntryPoint\",\"urlTemplate\":\"https:\\\/\\\/wi.ee\\\/et\\\/?s={search_term_string}\"},\"query-input\":{\"@type\":\"PropertyValueSpecification\",\"valueRequired\":true,\"valueName\":\"search_term_string\"}}],\"inLanguage\":\"et\"},{\"@type\":\"Organization\",\"@id\":\"https:\\\/\\\/wi.ee\\\/et\\\/#organization\",\"name\":\"V\u00f5ru Instituut\",\"url\":\"https:\\\/\\\/wi.ee\\\/et\\\/\",\"logo\":{\"@type\":\"ImageObject\",\"inLanguage\":\"et\",\"@id\":\"https:\\\/\\\/wi.ee\\\/et\\\/#\\\/schema\\\/logo\\\/image\\\/\",\"url\":\"https:\\\/\\\/wi.ee\\\/wp-content\\\/uploads\\\/2015\\\/05\\\/logo-150507.png\",\"contentUrl\":\"https:\\\/\\\/wi.ee\\\/wp-content\\\/uploads\\\/2015\\\/05\\\/logo-150507.png\",\"width\":183,\"height\":123,\"caption\":\"V\u00f5ru Instituut\"},\"image\":{\"@id\":\"https:\\\/\\\/wi.ee\\\/et\\\/#\\\/schema\\\/logo\\\/image\\\/\"},\"sameAs\":[\"https:\\\/\\\/www.facebook.com\\\/VoroInstituut\"]}]}<\/script>\n<!-- \/ Yoast SEO plugin. -->","yoast_head_json":{"title":"T\u00f6\u00f6lehed lasteraamatute j\u00e4rgi - V\u00f5ru Instituut","robots":{"index":"index","follow":"follow","max-snippet":"max-snippet:-1","max-image-preview":"max-image-preview:large","max-video-preview":"max-video-preview:-1"},"canonical":"https:\/\/wi.ee\/et\/tegemised\/kooliope\/toolehed\/","og_locale":"et_EE","og_type":"article","og_title":"T\u00f6\u00f6lehed lasteraamatute j\u00e4rgi - V\u00f5ru Instituut","og_description":"Aatos ja Sofia Es\u00e4 poig Kuldvillak \u201eSiiri ja kolm Ottot\u201c ja \u201eSiiri ja kahuskin\u00f5 Kerttu\u201c alus\u00f5l Kusso, Mosso ja Hopso Kuus\u00f5siimnide minek Siiri ja kahuskin\u00f5 Kerttu Siiri ja kolm Ottot Siiri ja kolm Ottot I Siiri ja m\u00f5tsik Hunskeli Suur t\u00fctrik ja Pirhonen Ubinit uutman Teedu ja Peedu, s\u00fc\u00fcm\u00e4! P\u00e4\u00e4h\u00e4k\u00e4\u00e4nt\u00e4v tita Aig om k\u00e4en, R\u00e4pimehe [&hellip;]","og_url":"https:\/\/wi.ee\/et\/tegemised\/kooliope\/toolehed\/","og_site_name":"V\u00f5ru Instituut","article_publisher":"https:\/\/www.facebook.com\/VoroInstituut","article_modified_time":"2021-09-03T11:00:21+00:00","og_image":[{"width":183,"height":123,"url":"https:\/\/wi.ee\/wp-content\/uploads\/2015\/05\/logo-150507.png","type":"image\/png"}],"schema":{"@context":"https:\/\/schema.org","@graph":[{"@type":"WebPage","@id":"https:\/\/wi.ee\/et\/tegemised\/kooliope\/toolehed\/","url":"https:\/\/wi.ee\/et\/tegemised\/kooliope\/toolehed\/","name":"T\u00f6\u00f6lehed lasteraamatute j\u00e4rgi - V\u00f5ru Instituut","isPartOf":{"@id":"https:\/\/wi.ee\/et\/#website"},"datePublished":"2016-09-30T13:54:03+00:00","dateModified":"2021-09-03T11:00:21+00:00","breadcrumb":{"@id":"https:\/\/wi.ee\/et\/tegemised\/kooliope\/toolehed\/#breadcrumb"},"inLanguage":"et","potentialAction":[{"@type":"ReadAction","target":["https:\/\/wi.ee\/et\/tegemised\/kooliope\/toolehed\/"]}]},{"@type":"BreadcrumbList","@id":"https:\/\/wi.ee\/et\/tegemised\/kooliope\/toolehed\/#breadcrumb","itemListElement":[{"@type":"ListItem","position":1,"name":"Avaleht","item":"https:\/\/wi.ee\/et\/"},{"@type":"ListItem","position":2,"name":"Tegemised","item":"https:\/\/wi.ee\/et\/tegemised\/"},{"@type":"ListItem","position":3,"name":"Kooli\u00f5pe","item":"https:\/\/wi.ee\/et\/tegemised\/kooliope\/"},{"@type":"ListItem","position":4,"name":"T\u00f6\u00f6lehed lasteraamatute j\u00e4rgi"}]},{"@type":"WebSite","@id":"https:\/\/wi.ee\/et\/#website","url":"https:\/\/wi.ee\/et\/","name":"V\u00f5ru Instituut","description":"","publisher":{"@id":"https:\/\/wi.ee\/et\/#organization"},"potentialAction":[{"@type":"SearchAction","target":{"@type":"EntryPoint","urlTemplate":"https:\/\/wi.ee\/et\/?s={search_term_string}"},"query-input":{"@type":"PropertyValueSpecification","valueRequired":true,"valueName":"search_term_string"}}],"inLanguage":"et"},{"@type":"Organization","@id":"https:\/\/wi.ee\/et\/#organization","name":"V\u00f5ru Instituut","url":"https:\/\/wi.ee\/et\/","logo":{"@type":"ImageObject","inLanguage":"et","@id":"https:\/\/wi.ee\/et\/#\/schema\/logo\/image\/","url":"https:\/\/wi.ee\/wp-content\/uploads\/2015\/05\/logo-150507.png","contentUrl":"https:\/\/wi.ee\/wp-content\/uploads\/2015\/05\/logo-150507.png","width":183,"height":123,"caption":"V\u00f5ru Instituut"},"image":{"@id":"https:\/\/wi.ee\/et\/#\/schema\/logo\/image\/"},"sameAs":["https:\/\/www.facebook.com\/VoroInstituut"]}]}},"_links":{"self":[{"href":"https:\/\/wi.ee\/et\/wp-json\/wp\/v2\/pages\/1847","targetHints":{"allow":["GET"]}}],"collection":[{"href":"https:\/\/wi.ee\/et\/wp-json\/wp\/v2\/pages"}],"about":[{"href":"https:\/\/wi.ee\/et\/wp-json\/wp\/v2\/types\/page"}],"author":[{"embeddable":true,"href":"https:\/\/wi.ee\/et\/wp-json\/wp\/v2\/users\/2"}],"replies":[{"embeddable":true,"href":"https:\/\/wi.ee\/et\/wp-json\/wp\/v2\/comments?post=1847"}],"version-history":[{"count":9,"href":"https:\/\/wi.ee\/et\/wp-json\/wp\/v2\/pages\/1847\/revisions"}],"predecessor-version":[{"id":9794,"href":"https:\/\/wi.ee\/et\/wp-json\/wp\/v2\/pages\/1847\/revisions\/9794"}],"up":[{"embeddable":true,"href":"https:\/\/wi.ee\/et\/wp-json\/wp\/v2\/pages\/272"}],"wp:attachment":[{"href":"https:\/\/wi.ee\/et\/wp-json\/wp\/v2\/media?parent=1847"}],"curies":[{"name":"wp","href":"https:\/\/api.w.org\/{rel}","templated":true}]}}