{"id":17007,"date":"2025-10-22T16:33:45","date_gmt":"2025-10-22T13:33:45","guid":{"rendered":"https:\/\/wi.ee\/?page_id=17007"},"modified":"2025-12-03T11:33:57","modified_gmt":"2025-12-03T09:33:57","slug":"uhepuupaat","status":"publish","type":"page","link":"https:\/\/wi.ee\/et\/uhepuupaat\/","title":{"rendered":"\u00dchepuupaadi projekt &#8211; HOW"},"content":{"rendered":"<p><img loading=\"lazy\" decoding=\"async\" class=\"alignnone wp-image-17003\" src=\"https:\/\/wi.ee\/wp-content\/uploads\/2025\/10\/Projekti_logo_HOW-300x153.jpg\" alt=\"\" width=\"202\" height=\"103\" srcset=\"https:\/\/wi.ee\/wp-content\/uploads\/2025\/10\/Projekti_logo_HOW-300x153.jpg 300w, https:\/\/wi.ee\/wp-content\/uploads\/2025\/10\/Projekti_logo_HOW-1024x522.jpg 1024w, https:\/\/wi.ee\/wp-content\/uploads\/2025\/10\/Projekti_logo_HOW-768x391.jpg 768w, https:\/\/wi.ee\/wp-content\/uploads\/2025\/10\/Projekti_logo_HOW-1536x783.jpg 1536w, https:\/\/wi.ee\/wp-content\/uploads\/2025\/10\/Projekti_logo_HOW.jpg 1902w\" sizes=\"auto, (max-width: 202px) 100vw, 202px\" \/><\/p>\n<p>Interreg Eesti-L\u00e4ti programmi \u00a0projekt \u201eHeritage on the Water: Community Engagement through Logboat Building and Archaeological Discovery&#8221; akron\u00fc\u00fcmiga HOW.<br \/>\nKestus:\u00a01. september 2025 \u2013 30. aprill 2027<br \/>\nProjekti toetus (ERDF):\u00a060.396,40 EUR.<br \/>\nV\u00f5ru Instituudi toetus (ERDF):\u00a0\u00a023.570,00 EUR\u00a0 (v\u00f5i siis \u00dchepuulootsiku \u00dching MT\u00dc toetus (ERDF): 16900 EUR<\/p>\n<p>HOW tegeleb\u00a0\u00fchepuupaadiehituse traditsiooni s\u00e4ilitamise ja rakendamisega Eestis ja L\u00e4tis \u2013 see on ainulaadne osa meie vaimsest kultuurip\u00e4randist. Projekti eesm\u00e4rk on seda \u00fchist p\u00e4randit s\u00e4ilitada, v\u00e4\u00e4rtustada ja taaselustada l\u00e4bi piiri\u00fclese koost\u00f6\u00f6, praktilise \u00f5ppe ja kogukondade kaasamise.<\/p>\n<p>&nbsp;<\/p>\n<p>Mida HOW teeb?<\/p>\n<ul>\n<li>\u00d5ppek\u00e4igud: k\u00fclastused muuseumide kogudesse, et uurida \u00fchepuupaadi traditsioonide kultuurilist tausta.<\/li>\n<li>R\u00e4ndn\u00e4itus: kogukonna\u00a0kaasabil loodud n\u00e4itus\u00a0\u00fchepuupaatidest.<\/li>\n<li>T\u00f6\u00f6toad: praktilised \u00fchepuupaadi ehitamise t\u00f6\u00f6toad Eestis ja L\u00e4tis, kus \u00f5pitakse traditsioonilisi v\u00f5tteid.<\/li>\n<li>P\u00e4randiretked: retked Eesti ja L\u00e4ti j\u00f5gedel, et kogeda \u00fchepuupaate kasutuses.<\/li>\n<li>Seminar: tulemuste tutvustamine, kogemuste vahetamine ja tuleviku koost\u00f6\u00f6 arutamine.<\/li>\n<\/ul>\n<p>Oodatavad tulemused<\/p>\n<ul>\n<li>\u00dchepuupaadiehituse traditsiooniliste teadmiste ja oskuste taaselustamine<\/li>\n<li>Kogukondliku teadlikkuse ja uhkuse kasv \u00fchise p\u00e4randi \u00fcle<\/li>\n<li>Piiri\u00fclese koost\u00f6\u00f6 ja sidemete tugevnemine<\/li>\n<li>\u00dchepuupaatide ja veeteede v\u00e4\u00e4rtustamine kui Eesti ja L\u00e4ti \u00fchine ajalugu ja p\u00e4rand<\/li>\n<\/ul>\n<p>HOW \u00fchendab inimesi ajaloo, paadiehituse ja veeteede kaudu, mis on meie kahte maad alati sidunud.<\/p>\n<p><strong>Koos hoiame traditsiooni elus \u2013 ja vee peal.<\/strong><\/p>\n<p>&nbsp;<\/p>\n<p>Projekti\u00a0partnerid:<br \/>\nV\u00f5ru Instituut (juhtpartner)<br \/>\nC\u0113sis Region Municipality\/\u00a0Business and Tourism Administration of C\u0113sis Municipality<br \/>\n\u00dchepuulootsiku \u00dching MT\u00dc<\/p>\n","protected":false},"excerpt":{"rendered":"<p>Interreg Eesti-L\u00e4ti programmi \u00a0projekt \u201eHeritage on the Water: Community Engagement through Logboat Building and Archaeological Discovery&#8221; akron\u00fc\u00fcmiga HOW. Kestus:\u00a01. september 2025 \u2013 30. aprill 2027 Projekti toetus (ERDF):\u00a060.396,40 EUR. V\u00f5ru Instituudi toetus (ERDF):\u00a0\u00a023.570,00 EUR\u00a0 (v\u00f5i siis \u00dchepuulootsiku \u00dching MT\u00dc toetus (ERDF): 16900 EUR HOW tegeleb\u00a0\u00fchepuupaadiehituse traditsiooni s\u00e4ilitamise ja rakendamisega Eestis ja L\u00e4tis \u2013 see on [&hellip;]<\/p>\n","protected":false},"author":2,"featured_media":0,"parent":0,"menu_order":0,"comment_status":"closed","ping_status":"closed","template":"","meta":{"_acf_changed":false,"footnotes":""},"class_list":["post-17007","page","type-page","status-publish","hentry"],"acf":[],"yoast_head":"<!-- This site is optimized with the Yoast SEO plugin v27.3 - https:\/\/yoast.com\/product\/yoast-seo-wordpress\/ -->\n<title>\u00dchepuupaadi projekt - HOW - V\u00f5ru Instituut<\/title>\n<meta name=\"robots\" content=\"index, follow, max-snippet:-1, max-image-preview:large, max-video-preview:-1\" \/>\n<link rel=\"canonical\" href=\"https:\/\/wi.ee\/et\/uhepuupaat\/\" \/>\n<meta property=\"og:locale\" content=\"et_EE\" \/>\n<meta property=\"og:type\" content=\"article\" \/>\n<meta property=\"og:title\" content=\"\u00dchepuupaadi projekt - HOW - V\u00f5ru Instituut\" \/>\n<meta property=\"og:description\" content=\"Interreg Eesti-L\u00e4ti programmi \u00a0projekt \u201eHeritage on the Water: Community Engagement through Logboat Building and Archaeological Discovery&#8221; akron\u00fc\u00fcmiga HOW. Kestus:\u00a01. september 2025 \u2013 30. aprill 2027 Projekti toetus (ERDF):\u00a060.396,40 EUR. V\u00f5ru Instituudi toetus (ERDF):\u00a0\u00a023.570,00 EUR\u00a0 (v\u00f5i siis \u00dchepuulootsiku \u00dching MT\u00dc toetus (ERDF): 16900 EUR HOW tegeleb\u00a0\u00fchepuupaadiehituse traditsiooni s\u00e4ilitamise ja rakendamisega Eestis ja L\u00e4tis \u2013 see on [&hellip;]\" \/>\n<meta property=\"og:url\" content=\"https:\/\/wi.ee\/et\/uhepuupaat\/\" \/>\n<meta property=\"og:site_name\" content=\"V\u00f5ru Instituut\" \/>\n<meta property=\"article:publisher\" content=\"https:\/\/www.facebook.com\/VoroInstituut\" \/>\n<meta property=\"article:modified_time\" content=\"2025-12-03T09:33:57+00:00\" \/>\n<meta property=\"og:image\" content=\"https:\/\/wi.ee\/wp-content\/uploads\/2025\/10\/Projekti_logo_HOW.jpg\" \/>\n\t<meta property=\"og:image:width\" content=\"1902\" \/>\n\t<meta property=\"og:image:height\" content=\"969\" \/>\n\t<meta property=\"og:image:type\" content=\"image\/jpeg\" \/>\n<meta name=\"twitter:label1\" content=\"Est. reading time\" \/>\n\t<meta name=\"twitter:data1\" content=\"2 minutit\" \/>\n<script type=\"application\/ld+json\" class=\"yoast-schema-graph\">{\"@context\":\"https:\\\/\\\/schema.org\",\"@graph\":[{\"@type\":\"WebPage\",\"@id\":\"https:\\\/\\\/wi.ee\\\/et\\\/uhepuupaat\\\/\",\"url\":\"https:\\\/\\\/wi.ee\\\/et\\\/uhepuupaat\\\/\",\"name\":\"\u00dchepuupaadi projekt - HOW - V\u00f5ru Instituut\",\"isPartOf\":{\"@id\":\"https:\\\/\\\/wi.ee\\\/et\\\/#website\"},\"primaryImageOfPage\":{\"@id\":\"https:\\\/\\\/wi.ee\\\/et\\\/uhepuupaat\\\/#primaryimage\"},\"image\":{\"@id\":\"https:\\\/\\\/wi.ee\\\/et\\\/uhepuupaat\\\/#primaryimage\"},\"thumbnailUrl\":\"https:\\\/\\\/wi.ee\\\/wp-content\\\/uploads\\\/2025\\\/10\\\/Projekti_logo_HOW-300x153.jpg\",\"datePublished\":\"2025-10-22T13:33:45+00:00\",\"dateModified\":\"2025-12-03T09:33:57+00:00\",\"breadcrumb\":{\"@id\":\"https:\\\/\\\/wi.ee\\\/et\\\/uhepuupaat\\\/#breadcrumb\"},\"inLanguage\":\"et\",\"potentialAction\":[{\"@type\":\"ReadAction\",\"target\":[\"https:\\\/\\\/wi.ee\\\/et\\\/uhepuupaat\\\/\"]}]},{\"@type\":\"ImageObject\",\"inLanguage\":\"et\",\"@id\":\"https:\\\/\\\/wi.ee\\\/et\\\/uhepuupaat\\\/#primaryimage\",\"url\":\"https:\\\/\\\/wi.ee\\\/wp-content\\\/uploads\\\/2025\\\/10\\\/Projekti_logo_HOW-300x153.jpg\",\"contentUrl\":\"https:\\\/\\\/wi.ee\\\/wp-content\\\/uploads\\\/2025\\\/10\\\/Projekti_logo_HOW-300x153.jpg\"},{\"@type\":\"BreadcrumbList\",\"@id\":\"https:\\\/\\\/wi.ee\\\/et\\\/uhepuupaat\\\/#breadcrumb\",\"itemListElement\":[{\"@type\":\"ListItem\",\"position\":1,\"name\":\"Avaleht\",\"item\":\"https:\\\/\\\/wi.ee\\\/et\\\/\"},{\"@type\":\"ListItem\",\"position\":2,\"name\":\"\u00dchepuupaadi projekt &#8211; HOW\"}]},{\"@type\":\"WebSite\",\"@id\":\"https:\\\/\\\/wi.ee\\\/et\\\/#website\",\"url\":\"https:\\\/\\\/wi.ee\\\/et\\\/\",\"name\":\"V\u00f5ru Instituut\",\"description\":\"\",\"publisher\":{\"@id\":\"https:\\\/\\\/wi.ee\\\/et\\\/#organization\"},\"potentialAction\":[{\"@type\":\"SearchAction\",\"target\":{\"@type\":\"EntryPoint\",\"urlTemplate\":\"https:\\\/\\\/wi.ee\\\/et\\\/?s={search_term_string}\"},\"query-input\":{\"@type\":\"PropertyValueSpecification\",\"valueRequired\":true,\"valueName\":\"search_term_string\"}}],\"inLanguage\":\"et\"},{\"@type\":\"Organization\",\"@id\":\"https:\\\/\\\/wi.ee\\\/et\\\/#organization\",\"name\":\"V\u00f5ru Instituut\",\"url\":\"https:\\\/\\\/wi.ee\\\/et\\\/\",\"logo\":{\"@type\":\"ImageObject\",\"inLanguage\":\"et\",\"@id\":\"https:\\\/\\\/wi.ee\\\/et\\\/#\\\/schema\\\/logo\\\/image\\\/\",\"url\":\"https:\\\/\\\/wi.ee\\\/wp-content\\\/uploads\\\/2015\\\/05\\\/logo-150507.png\",\"contentUrl\":\"https:\\\/\\\/wi.ee\\\/wp-content\\\/uploads\\\/2015\\\/05\\\/logo-150507.png\",\"width\":183,\"height\":123,\"caption\":\"V\u00f5ru Instituut\"},\"image\":{\"@id\":\"https:\\\/\\\/wi.ee\\\/et\\\/#\\\/schema\\\/logo\\\/image\\\/\"},\"sameAs\":[\"https:\\\/\\\/www.facebook.com\\\/VoroInstituut\"]}]}<\/script>\n<!-- \/ Yoast SEO plugin. -->","yoast_head_json":{"title":"\u00dchepuupaadi projekt - HOW - V\u00f5ru Instituut","robots":{"index":"index","follow":"follow","max-snippet":"max-snippet:-1","max-image-preview":"max-image-preview:large","max-video-preview":"max-video-preview:-1"},"canonical":"https:\/\/wi.ee\/et\/uhepuupaat\/","og_locale":"et_EE","og_type":"article","og_title":"\u00dchepuupaadi projekt - HOW - V\u00f5ru Instituut","og_description":"Interreg Eesti-L\u00e4ti programmi \u00a0projekt \u201eHeritage on the Water: Community Engagement through Logboat Building and Archaeological Discovery&#8221; akron\u00fc\u00fcmiga HOW. Kestus:\u00a01. september 2025 \u2013 30. aprill 2027 Projekti toetus (ERDF):\u00a060.396,40 EUR. V\u00f5ru Instituudi toetus (ERDF):\u00a0\u00a023.570,00 EUR\u00a0 (v\u00f5i siis \u00dchepuulootsiku \u00dching MT\u00dc toetus (ERDF): 16900 EUR HOW tegeleb\u00a0\u00fchepuupaadiehituse traditsiooni s\u00e4ilitamise ja rakendamisega Eestis ja L\u00e4tis \u2013 see on [&hellip;]","og_url":"https:\/\/wi.ee\/et\/uhepuupaat\/","og_site_name":"V\u00f5ru Instituut","article_publisher":"https:\/\/www.facebook.com\/VoroInstituut","article_modified_time":"2025-12-03T09:33:57+00:00","og_image":[{"width":1902,"height":969,"url":"https:\/\/wi.ee\/wp-content\/uploads\/2025\/10\/Projekti_logo_HOW.jpg","type":"image\/jpeg"}],"twitter_misc":{"Est. reading time":"2 minutit"},"schema":{"@context":"https:\/\/schema.org","@graph":[{"@type":"WebPage","@id":"https:\/\/wi.ee\/et\/uhepuupaat\/","url":"https:\/\/wi.ee\/et\/uhepuupaat\/","name":"\u00dchepuupaadi projekt - HOW - V\u00f5ru Instituut","isPartOf":{"@id":"https:\/\/wi.ee\/et\/#website"},"primaryImageOfPage":{"@id":"https:\/\/wi.ee\/et\/uhepuupaat\/#primaryimage"},"image":{"@id":"https:\/\/wi.ee\/et\/uhepuupaat\/#primaryimage"},"thumbnailUrl":"https:\/\/wi.ee\/wp-content\/uploads\/2025\/10\/Projekti_logo_HOW-300x153.jpg","datePublished":"2025-10-22T13:33:45+00:00","dateModified":"2025-12-03T09:33:57+00:00","breadcrumb":{"@id":"https:\/\/wi.ee\/et\/uhepuupaat\/#breadcrumb"},"inLanguage":"et","potentialAction":[{"@type":"ReadAction","target":["https:\/\/wi.ee\/et\/uhepuupaat\/"]}]},{"@type":"ImageObject","inLanguage":"et","@id":"https:\/\/wi.ee\/et\/uhepuupaat\/#primaryimage","url":"https:\/\/wi.ee\/wp-content\/uploads\/2025\/10\/Projekti_logo_HOW-300x153.jpg","contentUrl":"https:\/\/wi.ee\/wp-content\/uploads\/2025\/10\/Projekti_logo_HOW-300x153.jpg"},{"@type":"BreadcrumbList","@id":"https:\/\/wi.ee\/et\/uhepuupaat\/#breadcrumb","itemListElement":[{"@type":"ListItem","position":1,"name":"Avaleht","item":"https:\/\/wi.ee\/et\/"},{"@type":"ListItem","position":2,"name":"\u00dchepuupaadi projekt &#8211; HOW"}]},{"@type":"WebSite","@id":"https:\/\/wi.ee\/et\/#website","url":"https:\/\/wi.ee\/et\/","name":"V\u00f5ru Instituut","description":"","publisher":{"@id":"https:\/\/wi.ee\/et\/#organization"},"potentialAction":[{"@type":"SearchAction","target":{"@type":"EntryPoint","urlTemplate":"https:\/\/wi.ee\/et\/?s={search_term_string}"},"query-input":{"@type":"PropertyValueSpecification","valueRequired":true,"valueName":"search_term_string"}}],"inLanguage":"et"},{"@type":"Organization","@id":"https:\/\/wi.ee\/et\/#organization","name":"V\u00f5ru Instituut","url":"https:\/\/wi.ee\/et\/","logo":{"@type":"ImageObject","inLanguage":"et","@id":"https:\/\/wi.ee\/et\/#\/schema\/logo\/image\/","url":"https:\/\/wi.ee\/wp-content\/uploads\/2015\/05\/logo-150507.png","contentUrl":"https:\/\/wi.ee\/wp-content\/uploads\/2015\/05\/logo-150507.png","width":183,"height":123,"caption":"V\u00f5ru Instituut"},"image":{"@id":"https:\/\/wi.ee\/et\/#\/schema\/logo\/image\/"},"sameAs":["https:\/\/www.facebook.com\/VoroInstituut"]}]}},"_links":{"self":[{"href":"https:\/\/wi.ee\/et\/wp-json\/wp\/v2\/pages\/17007","targetHints":{"allow":["GET"]}}],"collection":[{"href":"https:\/\/wi.ee\/et\/wp-json\/wp\/v2\/pages"}],"about":[{"href":"https:\/\/wi.ee\/et\/wp-json\/wp\/v2\/types\/page"}],"author":[{"embeddable":true,"href":"https:\/\/wi.ee\/et\/wp-json\/wp\/v2\/users\/2"}],"replies":[{"embeddable":true,"href":"https:\/\/wi.ee\/et\/wp-json\/wp\/v2\/comments?post=17007"}],"version-history":[{"count":8,"href":"https:\/\/wi.ee\/et\/wp-json\/wp\/v2\/pages\/17007\/revisions"}],"predecessor-version":[{"id":17141,"href":"https:\/\/wi.ee\/et\/wp-json\/wp\/v2\/pages\/17007\/revisions\/17141"}],"wp:attachment":[{"href":"https:\/\/wi.ee\/et\/wp-json\/wp\/v2\/media?parent=17007"}],"curies":[{"name":"wp","href":"https:\/\/api.w.org\/{rel}","templated":true}]}}