{"id":1610,"date":"2016-04-06T10:05:21","date_gmt":"2016-04-06T08:05:21","guid":{"rendered":"https:\/\/wi.ee\/et\/?page_id=1610"},"modified":"2026-03-02T17:45:08","modified_gmt":"2026-03-02T15:45:08","slug":"vana-voromaa-aronguprogramm","status":"publish","type":"page","link":"https:\/\/wi.ee\/et\/tegemised\/vana-voromaa-aronguprogramm\/","title":{"rendered":"Vana-V\u00f5romaa arenguprogramm"},"content":{"rendered":"<p>Uma programmi eesm\u00e4rgiks oleks Vana-V\u00f5romaa keelelise, kultuurilise ja loodusliku omap\u00e4ra v\u00e4\u00e4rtustamine nii kohalike inimeste kui k\u00fclaliste jaoks. Kultuurip\u00e4randile ja traditsioonilisele eluviisile ning kohalikule ressursile tuginev ettev\u00f5tlus loob t\u00f6\u00f6kohti, mis koos puhta elukeskkonnaga on aluseks piirkonna majandusarengule ja seob noori oma kodukohaga.<\/p>\n<p>Uma programmi alameesm\u00e4rgid oleksid:<\/p>\n<ul>\n<li>\u2013 Omap\u00e4rasele kultuurikeskkonnale, p\u00f5listele traditsioonidele ja kohalikule ressursile tuginev tootearendus ning Vana-V\u00f5romaale ainuomaste kaubam\u00e4rkide v\u00e4ljaarendamine;<\/li>\n<li>\u2013 Oman\u00e4olise keele- ja kultuurikeskkonna v\u00e4\u00e4rtustamine, kohaliku identiteedi (sh kihelkondlikud identiteedid) tugevdamine ning selle kaudu piirkonna muutmine atraktiivseks ja elamisv\u00e4\u00e4rseks nii kohalike noorte kui sissetulejate jaoks (<em>v\u00f5rokene olla om uhke ja h\u00e4\u00e4<\/em>);<\/li>\n<li>\u2013 Keelelise, kultuurilise ja loodusliku omap\u00e4ra eksponeerimine Vana-V\u00f5romaa k\u00fclalistele ning selle kaudu loodus- ja kultuuriturismi arendamine piirkonnas.<\/li>\n<\/ul>\n<p>Uma programm toetaks Vabariigi Valitsuse tegevusprogrammi eesm\u00e4rke suurendada maapiirkondades tegutsevate mittep\u00f5llumajanduslike ettev\u00f5tete osakaalu, t\u00f5sta t\u00f6\u00f6h\u00f5ive m\u00e4\u00e4ra maapiirkondades ning suurendada maapiirkondade atraktiivsust elukeskkonnana.<\/p>\n<p><strong>Vastavat programmi ei ole praeguseni loodud. Eesm\u00e4rke viib osaliselt ellu V\u00f5ru Instituut\u00a0 Vana-V\u00f5romaa arendusprojektide toel.\u00a0\u00a0<\/strong><\/p>\n<h3><span style=\"color: #800000;\"><strong>AASTA 2025 TEGEVUSED<\/strong><\/span><\/h3>\n<p>2025. aastal j\u00e4tkusid tegevused k\u00e4sit\u00f6\u00f6v\u00f5rgustiku arendamisega ning Vana-V\u00f5romaa kultuuriruumi turundamisega. T\u00e4psemalt vaata plaanitud tegevuste tulemusi <a href=\"https:\/\/wi.ee\/wp-content\/uploads\/2026\/01\/2025_vana_voro_arendusproj_aroanne.pdf\" target=\"_blank\" rel=\"noopener\">aruandest<\/a>. Vana-V\u00f5romaa arendusprojekte toetasid 2025. aastal P\u00f5lvamaa Arenduskeskus, V\u00f5rumaa Arenduskeskus ja Valgamaa Arenguagentuur.<\/p>\n<p>&nbsp;<\/p>\n","protected":false},"excerpt":{"rendered":"<p>Uma programmi eesm\u00e4rgiks oleks Vana-V\u00f5romaa keelelise, kultuurilise ja loodusliku omap\u00e4ra v\u00e4\u00e4rtustamine nii kohalike inimeste kui k\u00fclaliste jaoks. Kultuurip\u00e4randile ja traditsioonilisele eluviisile ning kohalikule ressursile tuginev ettev\u00f5tlus loob t\u00f6\u00f6kohti, mis koos puhta elukeskkonnaga on aluseks piirkonna majandusarengule ja seob noori oma kodukohaga. Uma programmi alameesm\u00e4rgid oleksid: \u2013 Omap\u00e4rasele kultuurikeskkonnale, p\u00f5listele traditsioonidele ja kohalikule ressursile tuginev tootearendus [&hellip;]<\/p>\n","protected":false},"author":2,"featured_media":0,"parent":76,"menu_order":0,"comment_status":"closed","ping_status":"open","template":"","meta":{"_acf_changed":false,"footnotes":""},"class_list":["post-1610","page","type-page","status-publish","hentry"],"acf":[],"yoast_head":"<!-- This site is optimized with the Yoast SEO plugin v27.3 - https:\/\/yoast.com\/product\/yoast-seo-wordpress\/ -->\n<title>Vana-V\u00f5romaa arenguprogramm - V\u00f5ru Instituut<\/title>\n<meta name=\"robots\" content=\"index, follow, max-snippet:-1, max-image-preview:large, max-video-preview:-1\" \/>\n<link rel=\"canonical\" href=\"https:\/\/wi.ee\/et\/tegemised\/vana-voromaa-aronguprogramm\/\" \/>\n<meta property=\"og:locale\" content=\"et_EE\" \/>\n<meta property=\"og:type\" content=\"article\" \/>\n<meta property=\"og:title\" content=\"Vana-V\u00f5romaa arenguprogramm - V\u00f5ru Instituut\" \/>\n<meta property=\"og:description\" content=\"Uma programmi eesm\u00e4rgiks oleks Vana-V\u00f5romaa keelelise, kultuurilise ja loodusliku omap\u00e4ra v\u00e4\u00e4rtustamine nii kohalike inimeste kui k\u00fclaliste jaoks. Kultuurip\u00e4randile ja traditsioonilisele eluviisile ning kohalikule ressursile tuginev ettev\u00f5tlus loob t\u00f6\u00f6kohti, mis koos puhta elukeskkonnaga on aluseks piirkonna majandusarengule ja seob noori oma kodukohaga. Uma programmi alameesm\u00e4rgid oleksid: \u2013 Omap\u00e4rasele kultuurikeskkonnale, p\u00f5listele traditsioonidele ja kohalikule ressursile tuginev tootearendus [&hellip;]\" \/>\n<meta property=\"og:url\" content=\"https:\/\/wi.ee\/et\/tegemised\/vana-voromaa-aronguprogramm\/\" \/>\n<meta property=\"og:site_name\" content=\"V\u00f5ru Instituut\" \/>\n<meta property=\"article:publisher\" content=\"https:\/\/www.facebook.com\/VoroInstituut\" \/>\n<meta property=\"article:modified_time\" content=\"2026-03-02T15:45:08+00:00\" \/>\n<meta property=\"og:image\" content=\"https:\/\/wi.ee\/wp-content\/uploads\/2015\/05\/logo-150507.png\" \/>\n\t<meta property=\"og:image:width\" content=\"183\" \/>\n\t<meta property=\"og:image:height\" content=\"123\" \/>\n\t<meta property=\"og:image:type\" content=\"image\/png\" \/>\n<meta name=\"twitter:label1\" content=\"Est. reading time\" \/>\n\t<meta name=\"twitter:data1\" content=\"21 minutit\" \/>\n<script type=\"application\/ld+json\" class=\"yoast-schema-graph\">{\"@context\":\"https:\\\/\\\/schema.org\",\"@graph\":[{\"@type\":\"WebPage\",\"@id\":\"https:\\\/\\\/wi.ee\\\/et\\\/tegemised\\\/vana-voromaa-aronguprogramm\\\/\",\"url\":\"https:\\\/\\\/wi.ee\\\/et\\\/tegemised\\\/vana-voromaa-aronguprogramm\\\/\",\"name\":\"Vana-V\u00f5romaa arenguprogramm - V\u00f5ru Instituut\",\"isPartOf\":{\"@id\":\"https:\\\/\\\/wi.ee\\\/et\\\/#website\"},\"datePublished\":\"2016-04-06T08:05:21+00:00\",\"dateModified\":\"2026-03-02T15:45:08+00:00\",\"breadcrumb\":{\"@id\":\"https:\\\/\\\/wi.ee\\\/et\\\/tegemised\\\/vana-voromaa-aronguprogramm\\\/#breadcrumb\"},\"inLanguage\":\"et\",\"potentialAction\":[{\"@type\":\"ReadAction\",\"target\":[\"https:\\\/\\\/wi.ee\\\/et\\\/tegemised\\\/vana-voromaa-aronguprogramm\\\/\"]}]},{\"@type\":\"BreadcrumbList\",\"@id\":\"https:\\\/\\\/wi.ee\\\/et\\\/tegemised\\\/vana-voromaa-aronguprogramm\\\/#breadcrumb\",\"itemListElement\":[{\"@type\":\"ListItem\",\"position\":1,\"name\":\"Avaleht\",\"item\":\"https:\\\/\\\/wi.ee\\\/et\\\/\"},{\"@type\":\"ListItem\",\"position\":2,\"name\":\"Tegemised\",\"item\":\"https:\\\/\\\/wi.ee\\\/et\\\/tegemised\\\/\"},{\"@type\":\"ListItem\",\"position\":3,\"name\":\"Vana-V\u00f5romaa arenguprogramm\"}]},{\"@type\":\"WebSite\",\"@id\":\"https:\\\/\\\/wi.ee\\\/et\\\/#website\",\"url\":\"https:\\\/\\\/wi.ee\\\/et\\\/\",\"name\":\"V\u00f5ru Instituut\",\"description\":\"\",\"publisher\":{\"@id\":\"https:\\\/\\\/wi.ee\\\/et\\\/#organization\"},\"potentialAction\":[{\"@type\":\"SearchAction\",\"target\":{\"@type\":\"EntryPoint\",\"urlTemplate\":\"https:\\\/\\\/wi.ee\\\/et\\\/?s={search_term_string}\"},\"query-input\":{\"@type\":\"PropertyValueSpecification\",\"valueRequired\":true,\"valueName\":\"search_term_string\"}}],\"inLanguage\":\"et\"},{\"@type\":\"Organization\",\"@id\":\"https:\\\/\\\/wi.ee\\\/et\\\/#organization\",\"name\":\"V\u00f5ru Instituut\",\"url\":\"https:\\\/\\\/wi.ee\\\/et\\\/\",\"logo\":{\"@type\":\"ImageObject\",\"inLanguage\":\"et\",\"@id\":\"https:\\\/\\\/wi.ee\\\/et\\\/#\\\/schema\\\/logo\\\/image\\\/\",\"url\":\"https:\\\/\\\/wi.ee\\\/wp-content\\\/uploads\\\/2015\\\/05\\\/logo-150507.png\",\"contentUrl\":\"https:\\\/\\\/wi.ee\\\/wp-content\\\/uploads\\\/2015\\\/05\\\/logo-150507.png\",\"width\":183,\"height\":123,\"caption\":\"V\u00f5ru Instituut\"},\"image\":{\"@id\":\"https:\\\/\\\/wi.ee\\\/et\\\/#\\\/schema\\\/logo\\\/image\\\/\"},\"sameAs\":[\"https:\\\/\\\/www.facebook.com\\\/VoroInstituut\"]}]}<\/script>\n<!-- \/ Yoast SEO plugin. -->","yoast_head_json":{"title":"Vana-V\u00f5romaa arenguprogramm - V\u00f5ru Instituut","robots":{"index":"index","follow":"follow","max-snippet":"max-snippet:-1","max-image-preview":"max-image-preview:large","max-video-preview":"max-video-preview:-1"},"canonical":"https:\/\/wi.ee\/et\/tegemised\/vana-voromaa-aronguprogramm\/","og_locale":"et_EE","og_type":"article","og_title":"Vana-V\u00f5romaa arenguprogramm - V\u00f5ru Instituut","og_description":"Uma programmi eesm\u00e4rgiks oleks Vana-V\u00f5romaa keelelise, kultuurilise ja loodusliku omap\u00e4ra v\u00e4\u00e4rtustamine nii kohalike inimeste kui k\u00fclaliste jaoks. Kultuurip\u00e4randile ja traditsioonilisele eluviisile ning kohalikule ressursile tuginev ettev\u00f5tlus loob t\u00f6\u00f6kohti, mis koos puhta elukeskkonnaga on aluseks piirkonna majandusarengule ja seob noori oma kodukohaga. Uma programmi alameesm\u00e4rgid oleksid: \u2013 Omap\u00e4rasele kultuurikeskkonnale, p\u00f5listele traditsioonidele ja kohalikule ressursile tuginev tootearendus [&hellip;]","og_url":"https:\/\/wi.ee\/et\/tegemised\/vana-voromaa-aronguprogramm\/","og_site_name":"V\u00f5ru Instituut","article_publisher":"https:\/\/www.facebook.com\/VoroInstituut","article_modified_time":"2026-03-02T15:45:08+00:00","og_image":[{"width":183,"height":123,"url":"https:\/\/wi.ee\/wp-content\/uploads\/2015\/05\/logo-150507.png","type":"image\/png"}],"twitter_misc":{"Est. reading time":"21 minutit"},"schema":{"@context":"https:\/\/schema.org","@graph":[{"@type":"WebPage","@id":"https:\/\/wi.ee\/et\/tegemised\/vana-voromaa-aronguprogramm\/","url":"https:\/\/wi.ee\/et\/tegemised\/vana-voromaa-aronguprogramm\/","name":"Vana-V\u00f5romaa arenguprogramm - V\u00f5ru Instituut","isPartOf":{"@id":"https:\/\/wi.ee\/et\/#website"},"datePublished":"2016-04-06T08:05:21+00:00","dateModified":"2026-03-02T15:45:08+00:00","breadcrumb":{"@id":"https:\/\/wi.ee\/et\/tegemised\/vana-voromaa-aronguprogramm\/#breadcrumb"},"inLanguage":"et","potentialAction":[{"@type":"ReadAction","target":["https:\/\/wi.ee\/et\/tegemised\/vana-voromaa-aronguprogramm\/"]}]},{"@type":"BreadcrumbList","@id":"https:\/\/wi.ee\/et\/tegemised\/vana-voromaa-aronguprogramm\/#breadcrumb","itemListElement":[{"@type":"ListItem","position":1,"name":"Avaleht","item":"https:\/\/wi.ee\/et\/"},{"@type":"ListItem","position":2,"name":"Tegemised","item":"https:\/\/wi.ee\/et\/tegemised\/"},{"@type":"ListItem","position":3,"name":"Vana-V\u00f5romaa arenguprogramm"}]},{"@type":"WebSite","@id":"https:\/\/wi.ee\/et\/#website","url":"https:\/\/wi.ee\/et\/","name":"V\u00f5ru Instituut","description":"","publisher":{"@id":"https:\/\/wi.ee\/et\/#organization"},"potentialAction":[{"@type":"SearchAction","target":{"@type":"EntryPoint","urlTemplate":"https:\/\/wi.ee\/et\/?s={search_term_string}"},"query-input":{"@type":"PropertyValueSpecification","valueRequired":true,"valueName":"search_term_string"}}],"inLanguage":"et"},{"@type":"Organization","@id":"https:\/\/wi.ee\/et\/#organization","name":"V\u00f5ru Instituut","url":"https:\/\/wi.ee\/et\/","logo":{"@type":"ImageObject","inLanguage":"et","@id":"https:\/\/wi.ee\/et\/#\/schema\/logo\/image\/","url":"https:\/\/wi.ee\/wp-content\/uploads\/2015\/05\/logo-150507.png","contentUrl":"https:\/\/wi.ee\/wp-content\/uploads\/2015\/05\/logo-150507.png","width":183,"height":123,"caption":"V\u00f5ru Instituut"},"image":{"@id":"https:\/\/wi.ee\/et\/#\/schema\/logo\/image\/"},"sameAs":["https:\/\/www.facebook.com\/VoroInstituut"]}]}},"_links":{"self":[{"href":"https:\/\/wi.ee\/et\/wp-json\/wp\/v2\/pages\/1610","targetHints":{"allow":["GET"]}}],"collection":[{"href":"https:\/\/wi.ee\/et\/wp-json\/wp\/v2\/pages"}],"about":[{"href":"https:\/\/wi.ee\/et\/wp-json\/wp\/v2\/types\/page"}],"author":[{"embeddable":true,"href":"https:\/\/wi.ee\/et\/wp-json\/wp\/v2\/users\/2"}],"replies":[{"embeddable":true,"href":"https:\/\/wi.ee\/et\/wp-json\/wp\/v2\/comments?post=1610"}],"version-history":[{"count":54,"href":"https:\/\/wi.ee\/et\/wp-json\/wp\/v2\/pages\/1610\/revisions"}],"predecessor-version":[{"id":17266,"href":"https:\/\/wi.ee\/et\/wp-json\/wp\/v2\/pages\/1610\/revisions\/17266"}],"up":[{"embeddable":true,"href":"https:\/\/wi.ee\/et\/wp-json\/wp\/v2\/pages\/76"}],"wp:attachment":[{"href":"https:\/\/wi.ee\/et\/wp-json\/wp\/v2\/media?parent=1610"}],"curies":[{"name":"wp","href":"https:\/\/api.w.org\/{rel}","templated":true}]}}