{"id":151,"date":"2015-05-06T08:49:25","date_gmt":"2015-05-06T06:49:25","guid":{"rendered":"https:\/\/wi.ee\/?page_id=151"},"modified":"2024-02-01T13:28:40","modified_gmt":"2024-02-01T11:28:40","slug":"vaata-lisaks","status":"publish","type":"page","link":"https:\/\/wi.ee\/et\/vaata-lisaks\/","title":{"rendered":"Vaata lisaks"},"content":{"rendered":"<p>&nbsp;<\/p>\n<table class=\"contentpaneopen\">\n<tbody>\n<tr>\n<td valign=\"top\">\n<h3><strong>V\u00f5rok\u00f5isi teed\u00fcslist <span style=\"color: #800000;\">ummamuudu list<\/span><\/strong><\/h3>\n<p><em>Ummamuudu<\/em> list\u00a0on e-posti inforing, kus liigub v\u00f5ro v\u00e4rgiga seotud teave.<\/p>\n<p>Listi aadress on <a href=\"&#x6d;&#97;&#x69;&#x6c;t&#x6f;&#58;l&#x69;&#115;t&#x40;&#117;&#x6d;&#x6d;a&#x6d;&#117;u&#x64;&#117;&#46;&#x65;&#101;\" target=\"_blank\" rel=\"noopener\"><strong>&#x6c;i&#x73;&#116;&#64;&#x75;&#109;&#x6d;&#97;m&#x75;&#117;&#x64;&#117;&#46;&#x65;&#101;<\/strong><\/a><\/p>\n<p><a href=\"https:\/\/wi.ee\/wp-content\/uploads\/2024\/02\/mis-om-Ummamuudu-list_2023_rehekuu.pdf\" target=\"_blank\" rel=\"noopener\"><strong>Loe pikemalt<\/strong><\/a><\/p>\n<h3>\u00a0<a href=\"https:\/\/wi.ee\/wp-content\/uploads\/2024\/01\/lattide_mano_vorokultuur_2024_01_veebi.pdf\" target=\"_blank\" rel=\"noopener\"><strong>V\u00d5RO V\u00c4RK VEEBIS (lingikogu pdf failina)<\/strong><\/a><\/h3>\n<h3><strong>Viited teistele kodulehek\u00fclgedele:<\/strong><\/h3>\n<h5>V\u00f5ru Instituudi koost\u00f6\u00f6partnerid ja ajaloolise V\u00f5rumaaga seotud t\u00e4htsamad asutused:<\/h5>\n<ul>\n<li><a href=\"https:\/\/www.kul.ee\/\">Kultuuriministeerium<\/a><\/li>\n<li><a href=\"http:\/\/www.rahvakultuur.ee\/\" target=\"_blank\" rel=\"noopener noreferrer\">Rahvakultuuri Keskus<\/a><\/li>\n<li><a href=\"https:\/\/rahvakultuur.ee\/toetused\/toetusmeetmed\/vana-voromaa-parimuskultuuri-toetamine\/\" target=\"_blank\" rel=\"noopener noreferrer\">Vana-V\u00f5romaa p\u00e4rimuskultuuri toetusmeede<\/a><\/li>\n<li><a href=\"http:\/\/kulka.ee\/\" target=\"_blank\" rel=\"noopener noreferrer\">Eesti Kultuurkapital<\/a><\/li>\n<li><a href=\"http:\/\/portaal.eki.ee\/\" target=\"_blank\" rel=\"noopener noreferrer\">Eesti Keele Instituut<\/a><\/li>\n<li><a href=\"http:\/\/www.ut.ee\/et\" target=\"_blank\" rel=\"noopener noreferrer\">Tartu \u00dclikool<\/a><\/li>\n<li><a href=\"http:\/\/www.kirmus.ee\/\" target=\"_blank\" rel=\"noopener noreferrer\">Eesti Kirjandusmuuseum<\/a><\/li>\n<li><a href=\"http:\/\/www.suri.ee\/\" target=\"_blank\" rel=\"noopener noreferrer\">Fenno Ugria, Soome-Ugri Rahvaste Infokeskus<\/a><\/li>\n<li><a href=\"http:\/\/www.voroselts.ee\/\" target=\"_blank\" rel=\"noopener noreferrer\">V\u00f5ro Selts VKKF<\/a><\/li>\n<li><a href=\"http:\/\/vorumaa.ee\/\" target=\"_blank\" rel=\"noopener noreferrer\">V\u00f5rumaa<\/a><\/li>\n<li><a href=\"http:\/\/www.polvamaa.ee\/\" target=\"_blank\" rel=\"noopener noreferrer\">P\u00f5lvamaa<\/a><\/li>\n<li>Kotus<\/li>\n<li><a href=\"https:\/\/umamekk.ee\/\" target=\"_blank\" rel=\"noopener noreferrer\">Uma Mekk toiduv\u00f5rgustik<\/a><\/li>\n<li><a href=\"http:\/\/umapuut.ee\/index.php\/meistrid\" target=\"_blank\" rel=\"noopener noreferrer\">Vana V\u00f5romaa k\u00e4sit\u00f6\u00f6meistrid<\/a><\/li>\n<\/ul>\n<h5>V\u00f5rukeelsed ja v\u00f5ru keele temaatilised kodulehek\u00fcljed:<\/h5>\n<ul>\n<li><a href=\"https:\/\/keel.ut.ee\/et\/sisu\/louna-eesti-keele-ja-kultuuriuuringute-keskus\" target=\"_blank\" rel=\"noopener noreferrer\">Tartu \u00dclikooli L\u00f5una-Eesti keele- ja kultuuriuuringute keskus<\/a><\/li>\n<li><a href=\"http:\/\/umaleht.ee\/\" target=\"_blank\" rel=\"noopener noreferrer\">V\u00f5rukeelne ajaleht &#8220;Uma Leht&#8221;<\/a><\/li>\n<li><a href=\"https:\/\/xn--helait-5ya.ee\/\" target=\"_blank\" rel=\"noopener noreferrer\">Hel\u00fcait: kuulamiseks lood v\u00f5ru keeles<\/a><\/li>\n<li><a href=\"https:\/\/fiu-vro.wikipedia.org\/wiki\/P%C3%A4%C3%A4leht\" target=\"_blank\" rel=\"noopener noreferrer\">V\u00f5rukeelne Vikipeedia<\/a><\/li>\n<li><a href=\"https:\/\/savvusann.ee\/\" target=\"_blank\" rel=\"noopener noreferrer\">www.savvusann.ee<\/a><\/li>\n<li><a href=\"https:\/\/umapuut.ee\/\" target=\"_blank\" rel=\"noopener\">Vana-V\u00f5romaa e-pood Uma Puut<\/a><\/li>\n<\/ul>\n<h5>Setod, mulgid ja\u00a0teised s\u00f5brad:<\/h5>\n<ul>\n<li><a href=\"https:\/\/www.setomaa.ee\/kogukond\/ajaleht\" target=\"_blank\" rel=\"noopener noreferrer\">Ajaleht &#8220;Setomaa&#8221;<\/a><\/li>\n<li><a href=\"http:\/\/www.setomaa.ee\/\" target=\"_blank\" rel=\"noopener noreferrer\">Setomaa\u00a0 Liit ja Setomaa vald<\/a><\/li>\n<li><a href=\"http:\/\/www.setomuuseum.ee\/\" target=\"_blank\" rel=\"noopener noreferrer\">Setu Talumuuseum<\/a><\/li>\n<li>Seto koorid<\/li>\n<li><a href=\"http:\/\/www.mulgimaa.ee\/\" target=\"_blank\" rel=\"noopener noreferrer\">Mulgi Kultuuri Instituut<\/a><\/li>\n<li><a href=\"http:\/\/www.kultuuriruum.ee\/\" target=\"_blank\" rel=\"noopener noreferrer\">Kihnu Kultuuriruum<\/a><\/li>\n<\/ul>\n<h5>Lehek\u00fcljed muu maailma v\u00e4ikestest keeltest ja kultuuridest:<\/h5>\n<ul>\n<li><a href=\"http:\/\/www.eblul.org\/\">http:\/\/www.eblul.org\/<\/a><\/li>\n<li><a href=\"http:\/\/www.univ-perp.fr\/\">http:\/\/www.univ-perp.fr\/<\/a><\/li>\n<li><a href=\"http:\/\/www.fuen.org\/\">http:\/\/www.fuen.org\/<\/a><\/li>\n<li><a href=\"http:\/\/www.urdd.org\/\">http:\/\/www.urdd.org\/<\/a><\/li>\n<li><a href=\"http:\/\/www.culturalfoundation.eu\/\">http:\/\/www.culturalfoundation.eu\/<\/a><\/li>\n<li><a href=\"http:\/\/www.multilingual-matters.com\/\">http:\/\/www.multilingual-matters.com\/<\/a><\/li>\n<\/ul>\n<\/td>\n<\/tr>\n<\/tbody>\n<\/table>\n<p>&nbsp;<\/p>\n","protected":false},"excerpt":{"rendered":"<p>&nbsp; V\u00f5rok\u00f5isi teed\u00fcslist ummamuudu list Ummamuudu list\u00a0on e-posti inforing, kus liigub v\u00f5ro v\u00e4rgiga seotud teave. Listi aadress on list&#64;ummamuu&#100;&#117;&#46;&#101;&#101; Loe pikemalt \u00a0V\u00d5RO V\u00c4RK VEEBIS (lingikogu pdf failina) Viited teistele kodulehek\u00fclgedele: V\u00f5ru Instituudi koost\u00f6\u00f6partnerid ja ajaloolise V\u00f5rumaaga seotud t\u00e4htsamad asutused: Kultuuriministeerium Rahvakultuuri Keskus Vana-V\u00f5romaa p\u00e4rimuskultuuri toetusmeede Eesti Kultuurkapital Eesti Keele Instituut Tartu \u00dclikool Eesti Kirjandusmuuseum Fenno [&hellip;]<\/p>\n","protected":false},"author":1,"featured_media":0,"parent":0,"menu_order":0,"comment_status":"closed","ping_status":"open","template":"","meta":{"_acf_changed":false,"footnotes":""},"class_list":["post-151","page","type-page","status-publish","hentry"],"acf":[],"yoast_head":"<!-- This site is optimized with the Yoast SEO plugin v27.3 - https:\/\/yoast.com\/product\/yoast-seo-wordpress\/ -->\n<title>Vaata lisaks - V\u00f5ru Instituut<\/title>\n<meta name=\"robots\" content=\"index, follow, max-snippet:-1, max-image-preview:large, max-video-preview:-1\" \/>\n<link rel=\"canonical\" href=\"https:\/\/wi.ee\/et\/vaata-lisaks\/\" \/>\n<meta property=\"og:locale\" content=\"et_EE\" \/>\n<meta property=\"og:type\" content=\"article\" \/>\n<meta property=\"og:title\" content=\"Vaata lisaks - V\u00f5ru Instituut\" \/>\n<meta property=\"og:description\" content=\"&nbsp; V\u00f5rok\u00f5isi teed\u00fcslist ummamuudu list Ummamuudu list\u00a0on e-posti inforing, kus liigub v\u00f5ro v\u00e4rgiga seotud teave. Listi aadress on &#x6c;&#105;s&#x74;&#064;u&#x6d;&#x6d;&#097;&#x6d;&#x75;&#117;d&#x75;&#046;e&#x65; Loe pikemalt \u00a0V\u00d5RO V\u00c4RK VEEBIS (lingikogu pdf failina) Viited teistele kodulehek\u00fclgedele: V\u00f5ru Instituudi koost\u00f6\u00f6partnerid ja ajaloolise V\u00f5rumaaga seotud t\u00e4htsamad asutused: Kultuuriministeerium Rahvakultuuri Keskus Vana-V\u00f5romaa p\u00e4rimuskultuuri toetusmeede Eesti Kultuurkapital Eesti Keele Instituut Tartu \u00dclikool Eesti Kirjandusmuuseum Fenno [&hellip;]\" \/>\n<meta property=\"og:url\" content=\"https:\/\/wi.ee\/et\/vaata-lisaks\/\" \/>\n<meta property=\"og:site_name\" content=\"V\u00f5ru Instituut\" \/>\n<meta property=\"article:publisher\" content=\"https:\/\/www.facebook.com\/VoroInstituut\" \/>\n<meta property=\"article:modified_time\" content=\"2024-02-01T11:28:40+00:00\" \/>\n<meta property=\"og:image\" content=\"https:\/\/wi.ee\/wp-content\/uploads\/2015\/05\/logo-150507.png\" \/>\n\t<meta property=\"og:image:width\" content=\"183\" \/>\n\t<meta property=\"og:image:height\" content=\"123\" \/>\n\t<meta property=\"og:image:type\" content=\"image\/png\" \/>\n<meta name=\"twitter:label1\" content=\"Est. reading time\" \/>\n\t<meta name=\"twitter:data1\" content=\"1 minut\" \/>\n<script type=\"application\/ld+json\" class=\"yoast-schema-graph\">{\"@context\":\"https:\\\/\\\/schema.org\",\"@graph\":[{\"@type\":\"WebPage\",\"@id\":\"https:\\\/\\\/wi.ee\\\/et\\\/vaata-lisaks\\\/\",\"url\":\"https:\\\/\\\/wi.ee\\\/et\\\/vaata-lisaks\\\/\",\"name\":\"Vaata lisaks - V\u00f5ru Instituut\",\"isPartOf\":{\"@id\":\"https:\\\/\\\/wi.ee\\\/et\\\/#website\"},\"datePublished\":\"2015-05-06T06:49:25+00:00\",\"dateModified\":\"2024-02-01T11:28:40+00:00\",\"breadcrumb\":{\"@id\":\"https:\\\/\\\/wi.ee\\\/et\\\/vaata-lisaks\\\/#breadcrumb\"},\"inLanguage\":\"et\",\"potentialAction\":[{\"@type\":\"ReadAction\",\"target\":[\"https:\\\/\\\/wi.ee\\\/et\\\/vaata-lisaks\\\/\"]}]},{\"@type\":\"BreadcrumbList\",\"@id\":\"https:\\\/\\\/wi.ee\\\/et\\\/vaata-lisaks\\\/#breadcrumb\",\"itemListElement\":[{\"@type\":\"ListItem\",\"position\":1,\"name\":\"Avaleht\",\"item\":\"https:\\\/\\\/wi.ee\\\/et\\\/\"},{\"@type\":\"ListItem\",\"position\":2,\"name\":\"Vaata lisaks\"}]},{\"@type\":\"WebSite\",\"@id\":\"https:\\\/\\\/wi.ee\\\/et\\\/#website\",\"url\":\"https:\\\/\\\/wi.ee\\\/et\\\/\",\"name\":\"V\u00f5ru Instituut\",\"description\":\"\",\"publisher\":{\"@id\":\"https:\\\/\\\/wi.ee\\\/et\\\/#organization\"},\"potentialAction\":[{\"@type\":\"SearchAction\",\"target\":{\"@type\":\"EntryPoint\",\"urlTemplate\":\"https:\\\/\\\/wi.ee\\\/et\\\/?s={search_term_string}\"},\"query-input\":{\"@type\":\"PropertyValueSpecification\",\"valueRequired\":true,\"valueName\":\"search_term_string\"}}],\"inLanguage\":\"et\"},{\"@type\":\"Organization\",\"@id\":\"https:\\\/\\\/wi.ee\\\/et\\\/#organization\",\"name\":\"V\u00f5ru Instituut\",\"url\":\"https:\\\/\\\/wi.ee\\\/et\\\/\",\"logo\":{\"@type\":\"ImageObject\",\"inLanguage\":\"et\",\"@id\":\"https:\\\/\\\/wi.ee\\\/et\\\/#\\\/schema\\\/logo\\\/image\\\/\",\"url\":\"https:\\\/\\\/wi.ee\\\/wp-content\\\/uploads\\\/2015\\\/05\\\/logo-150507.png\",\"contentUrl\":\"https:\\\/\\\/wi.ee\\\/wp-content\\\/uploads\\\/2015\\\/05\\\/logo-150507.png\",\"width\":183,\"height\":123,\"caption\":\"V\u00f5ru Instituut\"},\"image\":{\"@id\":\"https:\\\/\\\/wi.ee\\\/et\\\/#\\\/schema\\\/logo\\\/image\\\/\"},\"sameAs\":[\"https:\\\/\\\/www.facebook.com\\\/VoroInstituut\"]}]}<\/script>\n<!-- \/ Yoast SEO plugin. -->","yoast_head_json":{"title":"Vaata lisaks - V\u00f5ru Instituut","robots":{"index":"index","follow":"follow","max-snippet":"max-snippet:-1","max-image-preview":"max-image-preview:large","max-video-preview":"max-video-preview:-1"},"canonical":"https:\/\/wi.ee\/et\/vaata-lisaks\/","og_locale":"et_EE","og_type":"article","og_title":"Vaata lisaks - V\u00f5ru Instituut","og_description":"&nbsp; V\u00f5rok\u00f5isi teed\u00fcslist ummamuudu list Ummamuudu list\u00a0on e-posti inforing, kus liigub v\u00f5ro v\u00e4rgiga seotud teave. Listi aadress on &#x6c;&#x69;&#115;&#116;&#64;u&#x6d;&#x6d;&#x61;&#109;&#117;ud&#x75;&#x2e;&#x65;&#101; Loe pikemalt \u00a0V\u00d5RO V\u00c4RK VEEBIS (lingikogu pdf failina) Viited teistele kodulehek\u00fclgedele: V\u00f5ru Instituudi koost\u00f6\u00f6partnerid ja ajaloolise V\u00f5rumaaga seotud t\u00e4htsamad asutused: Kultuuriministeerium Rahvakultuuri Keskus Vana-V\u00f5romaa p\u00e4rimuskultuuri toetusmeede Eesti Kultuurkapital Eesti Keele Instituut Tartu \u00dclikool Eesti Kirjandusmuuseum Fenno [&hellip;]","og_url":"https:\/\/wi.ee\/et\/vaata-lisaks\/","og_site_name":"V\u00f5ru Instituut","article_publisher":"https:\/\/www.facebook.com\/VoroInstituut","article_modified_time":"2024-02-01T11:28:40+00:00","og_image":[{"width":183,"height":123,"url":"https:\/\/wi.ee\/wp-content\/uploads\/2015\/05\/logo-150507.png","type":"image\/png"}],"twitter_misc":{"Est. reading time":"1 minut"},"schema":{"@context":"https:\/\/schema.org","@graph":[{"@type":"WebPage","@id":"https:\/\/wi.ee\/et\/vaata-lisaks\/","url":"https:\/\/wi.ee\/et\/vaata-lisaks\/","name":"Vaata lisaks - V\u00f5ru Instituut","isPartOf":{"@id":"https:\/\/wi.ee\/et\/#website"},"datePublished":"2015-05-06T06:49:25+00:00","dateModified":"2024-02-01T11:28:40+00:00","breadcrumb":{"@id":"https:\/\/wi.ee\/et\/vaata-lisaks\/#breadcrumb"},"inLanguage":"et","potentialAction":[{"@type":"ReadAction","target":["https:\/\/wi.ee\/et\/vaata-lisaks\/"]}]},{"@type":"BreadcrumbList","@id":"https:\/\/wi.ee\/et\/vaata-lisaks\/#breadcrumb","itemListElement":[{"@type":"ListItem","position":1,"name":"Avaleht","item":"https:\/\/wi.ee\/et\/"},{"@type":"ListItem","position":2,"name":"Vaata lisaks"}]},{"@type":"WebSite","@id":"https:\/\/wi.ee\/et\/#website","url":"https:\/\/wi.ee\/et\/","name":"V\u00f5ru Instituut","description":"","publisher":{"@id":"https:\/\/wi.ee\/et\/#organization"},"potentialAction":[{"@type":"SearchAction","target":{"@type":"EntryPoint","urlTemplate":"https:\/\/wi.ee\/et\/?s={search_term_string}"},"query-input":{"@type":"PropertyValueSpecification","valueRequired":true,"valueName":"search_term_string"}}],"inLanguage":"et"},{"@type":"Organization","@id":"https:\/\/wi.ee\/et\/#organization","name":"V\u00f5ru Instituut","url":"https:\/\/wi.ee\/et\/","logo":{"@type":"ImageObject","inLanguage":"et","@id":"https:\/\/wi.ee\/et\/#\/schema\/logo\/image\/","url":"https:\/\/wi.ee\/wp-content\/uploads\/2015\/05\/logo-150507.png","contentUrl":"https:\/\/wi.ee\/wp-content\/uploads\/2015\/05\/logo-150507.png","width":183,"height":123,"caption":"V\u00f5ru Instituut"},"image":{"@id":"https:\/\/wi.ee\/et\/#\/schema\/logo\/image\/"},"sameAs":["https:\/\/www.facebook.com\/VoroInstituut"]}]}},"_links":{"self":[{"href":"https:\/\/wi.ee\/et\/wp-json\/wp\/v2\/pages\/151","targetHints":{"allow":["GET"]}}],"collection":[{"href":"https:\/\/wi.ee\/et\/wp-json\/wp\/v2\/pages"}],"about":[{"href":"https:\/\/wi.ee\/et\/wp-json\/wp\/v2\/types\/page"}],"author":[{"embeddable":true,"href":"https:\/\/wi.ee\/et\/wp-json\/wp\/v2\/users\/1"}],"replies":[{"embeddable":true,"href":"https:\/\/wi.ee\/et\/wp-json\/wp\/v2\/comments?post=151"}],"version-history":[{"count":39,"href":"https:\/\/wi.ee\/et\/wp-json\/wp\/v2\/pages\/151\/revisions"}],"predecessor-version":[{"id":13127,"href":"https:\/\/wi.ee\/et\/wp-json\/wp\/v2\/pages\/151\/revisions\/13127"}],"wp:attachment":[{"href":"https:\/\/wi.ee\/et\/wp-json\/wp\/v2\/media?parent=151"}],"curies":[{"name":"wp","href":"https:\/\/api.w.org\/{rel}","templated":true}]}}