{"id":1495,"date":"2021-09-03T12:15:02","date_gmt":"2021-09-03T10:15:02","guid":{"rendered":"https:\/\/wi.ee\/et\/konverents\/"},"modified":"2026-02-27T16:29:53","modified_gmt":"2026-02-27T14:29:53","slug":"konverents-2","status":"publish","type":"page","link":"https:\/\/wi.ee\/et\/tegemised\/konverents-2\/","title":{"rendered":"Konverents"},"content":{"rendered":"<p><img loading=\"lazy\" decoding=\"async\" class=\"alignnone wp-image-17253\" src=\"https:\/\/wi.ee\/wp-content\/uploads\/2026\/02\/Picture1.png\" alt=\"\" width=\"118\" height=\"119\" \/><\/p>\n<p><strong>L\u00e4\u00e4nemeresoome piirid<br \/>\n<\/strong>V\u00f5ru Instituudi s\u00fcgiskonverents V\u00f5rus<br \/>\nToimumispaik: Kood\/V\u00f5ru saal V\u00f5ru linna keskv\u00e4ljaku \u00e4\u00e4res (Tartu tn 25, II korrus)<br \/>\n22.\u201323. oktoobril 2026<\/p>\n<p>Kutse konverentsile<\/p>\n<p>V\u00f5ru Instituudi s\u00fcgiskonverentside algusest m\u00f6\u00f6dub t\u00e4navu 30 aastat. Need konverentsid on olnud viljakad ja inspireerivad: eri p\u00f5lvkondade ja maade keeleteadlaste, folkloristide ja arheoloogide aruteludes on s\u00fcndinud uusi ideid, mis on m\u00f5jutanud k\u00f5igi distsipliinide arengut.<\/p>\n<p>Nendel konverentsidel on keskendutud l\u00e4\u00e4nemeresoome keele- ja kultuuriala piiridele, keelekontaktidele, isiku- ja kohanimedele. On arutletud l\u00e4\u00e4nemeresoome keelte l\u00f5una- ja idapiiri \u00fcle, ent p\u00f5nevaid arenguid toimub ka p\u00f5hjas ja l\u00e4\u00e4nes. Praeguseni pole selge, mitu l\u00e4\u00e4nemeresoome keelt on \u00fcldse olemas. Kes otsustab keele olemasolu \u00fcle ning milliste kriteeriumide alusel? Nende ja muudegi teemade \u00fcle arutleme uuesti t\u00e4navuaastasel konverentsil.<\/p>\n<p>Konverentsile on oodatud ettekanded, mis vaatavad uuesti \u00fcle l\u00e4\u00e4nemeresoome keele- ja kultuuripiiride ulatuse, anal\u00fc\u00fcsivad keelte kujunemist ja levimist ning teisi haakuvaid teemasid. Oodatud on ettekanded, mis vaatlevad, mida huvitavat toimub v\u00f5i on toimunud l\u00e4\u00e4nemeresoome ala kokkupuutel teiste keelte ja kultuuridega. Huvipakkuv on kohanimedesse j\u00e4\u00e4nud substraatne kiht.<\/p>\n<p>Konverents on interdistsiplinaarne \u2013 oodatud on keeleteadlaste, arheoloogide, geeniteadlaste, aja- ja kultuuriloolaste, folkloristide ja teiste uurijate uuemad seisukohad l\u00e4\u00e4nemeresoome keelte ja kultuuride piiride, piirialadel toimuva v\u00f5i toimunu kohta. V\u00e4ga oodatud on ettekanded, milles m\u00f5testatakse L\u00f5una-Eesti ja l\u00f5unaeesti keelte rolli selles.<\/p>\n<p><strong>Registreerumine ja muu korralduslik info<\/strong><\/p>\n<p>Konverentsi t\u00f6\u00f6keeled on k\u00f5ik l\u00e4\u00e4nemeresoome keeled ja inglise keel. Ettekandeid ei t\u00f5lgita.<\/p>\n<p>Kui soovite esineda ettekandega (20 min esituseks ja 10 min diskussiooniks), tuleb registreerudes lisada ettekande esialgne pealkiri ja teesid (kuni 300 s\u00f5na) \u00fches konverentsi t\u00f6\u00f6keeles hiljemalt 10. septembriks 2026. Teistel osav\u00f5tjatel tuleb end konverentsile kirja panna 12. oktoobriks. Registreerumislink asub <strong><a href=\"https:\/\/eu.jotform.com\/build\/71443158031347\">siin<\/a><\/strong>.<\/p>\n<p>Ettekannete ajakava koostatakse nii, et esinejad j\u00f5uaksid Tallinnast kohale esimese bussiga ja j\u00f5uaksid V\u00f5rust viimasele bussile Tallinnasse.<\/p>\n<p>Osav\u00f5tumaksu ei ole. L\u00f5unas\u00f6\u00f6gid ja \u00f6\u00f6bimine V\u00f5rus on iga osaleja enda korraldada. Registreerunutele saadetakse t\u00e4psemat infot s\u00f6\u00f6mis- ja majutusv\u00f5imaluste kohta. Kohvi- ja teepausid on konverentsi korraldajate poolt. 22. oktoobri \u00f5htul on plaanis pidulik vastuv\u00f5tt V\u00f5rumaa muuseumis, mis on ettekandega esinejatele tasuta, teistele maksab 25 eurot (osav\u00f5tt tuleb m\u00e4rkida registreerumisel <strong><a href=\"https:\/\/eu.jotform.com\/build\/71443158031347\">siin<\/a><\/strong>).<\/p>\n<p>J\u00e4rgmine konverentsi ringkiri koos ettekannete kavaga saadetakse registreerunud osav\u00f5tjatele septembri l\u00f5pus.<\/p>\n<p>&nbsp;<\/p>\n<p>K\u00f5igi k\u00fcsimustega palume p\u00f6\u00f6rduda:<\/p>\n<p>V\u00f5ru Instituut, Tartu tn 48, 65609 V\u00f5ru<br \/>\ne-post: &#x77;&#x69;&#64;&#119;&#105;&#46;&#x65;&#x65;<br \/>\ntel (+372 )782 8750 (Tuuli Abel, sekret\u00e4r)<br \/>\ntel (+372) 5621 3174 (Evar Saar, onomastika teadur)<\/p>\n","protected":false},"excerpt":{"rendered":"<p>L\u00e4\u00e4nemeresoome piirid V\u00f5ru Instituudi s\u00fcgiskonverents V\u00f5rus Toimumispaik: Kood\/V\u00f5ru saal V\u00f5ru linna keskv\u00e4ljaku \u00e4\u00e4res (Tartu tn 25, II korrus) 22.\u201323. oktoobril 2026 Kutse konverentsile V\u00f5ru Instituudi s\u00fcgiskonverentside algusest m\u00f6\u00f6dub t\u00e4navu 30 aastat. Need konverentsid on olnud viljakad ja inspireerivad: eri p\u00f5lvkondade ja maade keeleteadlaste, folkloristide ja arheoloogide aruteludes on s\u00fcndinud uusi ideid, mis on m\u00f5jutanud k\u00f5igi [&hellip;]<\/p>\n","protected":false},"author":2,"featured_media":0,"parent":76,"menu_order":0,"comment_status":"closed","ping_status":"closed","template":"","meta":{"_acf_changed":false,"footnotes":""},"class_list":["post-1495","page","type-page","status-publish","hentry"],"acf":[],"yoast_head":"<!-- This site is optimized with the Yoast SEO plugin v27.3 - https:\/\/yoast.com\/product\/yoast-seo-wordpress\/ -->\n<title>Konverents - V\u00f5ru Instituut<\/title>\n<meta name=\"description\" content=\"Rahvusvahelise l\u00e4\u00e4nemeresoome konverentside sarja moodustavad iga-aastased interdistsiplinaarsed konverentsid, mida V\u00f5ru Instituut on koos Tartu \u00dclikooli ja teiste partneritega korraldanud juba 1996. aastast. Konverentsid k\u00e4sitlevad l\u00e4\u00e4nemeresoome keeli, ajalugu, kultuuri, \u00fchiskondlikke muutusi jm. Konverentsi tuntakse kui \u00fcht l\u00e4\u00e4nemeresoome ala foorumi aasta olulisemat s\u00fcndmust, mis toob kokku eri riikide ja eri alade teadlased. Konverentsidelt alguse saanud v\u00e4ikeste keelte ja murrete revitaliseerimise koost\u00f6\u00f6 aitab sellel alal tegutsejaid, andes uusi ideid, eeskujusid, n\u00e4iteid probleemide lahendustest. T\u00e4navu toimub V\u00f5rus 27.\u201329. oktoobrini sarja 20. konverents, mis heidab pilke l\u00e4\u00e4nemeresoome keele, kultuuri ja piirkonna minevikku ning tulevikku. Samuti on oodatud hetkeolukorra k\u00e4sitlused. Kui viimastel aastatel on konverents keskendunud peamiselt l\u00e4\u00e4nemeresoome keeltele, siis t\u00e4navusele juubelikonverentsile on taas teretulnud ka teiste alade teadlased oma uurimusi tutvustama. Konverentsi 1. ringkiri: Teeside esitamise kuup\u00e4ev: 30. aprill Ettekande vastuv\u00f5tmisest teatamine: 1. juuni Registreerumine: 1. juuni \u2013 5. september Konverents: 27.\u201329. oktoober\" \/>\n<meta name=\"robots\" content=\"index, follow, max-snippet:-1, max-image-preview:large, max-video-preview:-1\" \/>\n<link rel=\"canonical\" href=\"https:\/\/wi.ee\/et\/tegemised\/konverents-2\/\" \/>\n<meta property=\"og:locale\" content=\"et_EE\" \/>\n<meta property=\"og:type\" content=\"article\" \/>\n<meta property=\"og:title\" content=\"Konverents - V\u00f5ru Instituut\" \/>\n<meta property=\"og:description\" content=\"Rahvusvahelise l\u00e4\u00e4nemeresoome konverentside sarja moodustavad iga-aastased interdistsiplinaarsed konverentsid, mida V\u00f5ru Instituut on koos Tartu \u00dclikooli ja teiste partneritega korraldanud juba 1996. aastast. Konverentsid k\u00e4sitlevad l\u00e4\u00e4nemeresoome keeli, ajalugu, kultuuri, \u00fchiskondlikke muutusi jm. Konverentsi tuntakse kui \u00fcht l\u00e4\u00e4nemeresoome ala foorumi aasta olulisemat s\u00fcndmust, mis toob kokku eri riikide ja eri alade teadlased. Konverentsidelt alguse saanud v\u00e4ikeste keelte ja murrete revitaliseerimise koost\u00f6\u00f6 aitab sellel alal tegutsejaid, andes uusi ideid, eeskujusid, n\u00e4iteid probleemide lahendustest. T\u00e4navu toimub V\u00f5rus 27.\u201329. oktoobrini sarja 20. konverents, mis heidab pilke l\u00e4\u00e4nemeresoome keele, kultuuri ja piirkonna minevikku ning tulevikku. Samuti on oodatud hetkeolukorra k\u00e4sitlused. Kui viimastel aastatel on konverents keskendunud peamiselt l\u00e4\u00e4nemeresoome keeltele, siis t\u00e4navusele juubelikonverentsile on taas teretulnud ka teiste alade teadlased oma uurimusi tutvustama. Konverentsi 1. ringkiri: Teeside esitamise kuup\u00e4ev: 30. aprill Ettekande vastuv\u00f5tmisest teatamine: 1. juuni Registreerumine: 1. juuni \u2013 5. september Konverents: 27.\u201329. oktoober\" \/>\n<meta property=\"og:url\" content=\"https:\/\/wi.ee\/et\/tegemised\/konverents-2\/\" \/>\n<meta property=\"og:site_name\" content=\"V\u00f5ru Instituut\" \/>\n<meta property=\"article:publisher\" content=\"https:\/\/www.facebook.com\/VoroInstituut\" \/>\n<meta property=\"article:modified_time\" content=\"2026-02-27T14:29:53+00:00\" \/>\n<meta property=\"og:image\" content=\"https:\/\/wi.ee\/wp-content\/uploads\/2026\/02\/Picture1.png\" \/>\n\t<meta property=\"og:image:width\" content=\"212\" \/>\n\t<meta property=\"og:image:height\" content=\"213\" \/>\n\t<meta property=\"og:image:type\" content=\"image\/png\" \/>\n<meta name=\"twitter:label1\" content=\"Est. reading time\" \/>\n\t<meta name=\"twitter:data1\" content=\"3 minutit\" \/>\n<script type=\"application\/ld+json\" class=\"yoast-schema-graph\">{\"@context\":\"https:\\\/\\\/schema.org\",\"@graph\":[{\"@type\":\"WebPage\",\"@id\":\"https:\\\/\\\/wi.ee\\\/et\\\/tegemised\\\/konverents-2\\\/\",\"url\":\"https:\\\/\\\/wi.ee\\\/et\\\/tegemised\\\/konverents-2\\\/\",\"name\":\"Konverents - V\u00f5ru Instituut\",\"isPartOf\":{\"@id\":\"https:\\\/\\\/wi.ee\\\/et\\\/#website\"},\"primaryImageOfPage\":{\"@id\":\"https:\\\/\\\/wi.ee\\\/et\\\/tegemised\\\/konverents-2\\\/#primaryimage\"},\"image\":{\"@id\":\"https:\\\/\\\/wi.ee\\\/et\\\/tegemised\\\/konverents-2\\\/#primaryimage\"},\"thumbnailUrl\":\"https:\\\/\\\/wi.ee\\\/wp-content\\\/uploads\\\/2026\\\/02\\\/Picture1.png\",\"datePublished\":\"2021-09-03T10:15:02+00:00\",\"dateModified\":\"2026-02-27T14:29:53+00:00\",\"description\":\"Rahvusvahelise l\u00e4\u00e4nemeresoome konverentside sarja moodustavad iga-aastased interdistsiplinaarsed konverentsid, mida V\u00f5ru Instituut on koos Tartu \u00dclikooli ja teiste partneritega korraldanud juba 1996. aastast. Konverentsid k\u00e4sitlevad l\u00e4\u00e4nemeresoome keeli, ajalugu, kultuuri, \u00fchiskondlikke muutusi jm. Konverentsi tuntakse kui \u00fcht l\u00e4\u00e4nemeresoome ala foorumi aasta olulisemat s\u00fcndmust, mis toob kokku eri riikide ja eri alade teadlased. Konverentsidelt alguse saanud v\u00e4ikeste keelte ja murrete revitaliseerimise koost\u00f6\u00f6 aitab sellel alal tegutsejaid, andes uusi ideid, eeskujusid, n\u00e4iteid probleemide lahendustest. T\u00e4navu toimub V\u00f5rus 27.\u201329. oktoobrini sarja 20. konverents, mis heidab pilke l\u00e4\u00e4nemeresoome keele, kultuuri ja piirkonna minevikku ning tulevikku. Samuti on oodatud hetkeolukorra k\u00e4sitlused. Kui viimastel aastatel on konverents keskendunud peamiselt l\u00e4\u00e4nemeresoome keeltele, siis t\u00e4navusele juubelikonverentsile on taas teretulnud ka teiste alade teadlased oma uurimusi tutvustama. Konverentsi 1. ringkiri: Teeside esitamise kuup\u00e4ev: 30. aprill Ettekande vastuv\u00f5tmisest teatamine: 1. juuni Registreerumine: 1. juuni \u2013 5. september Konverents: 27.\u201329. oktoober\",\"breadcrumb\":{\"@id\":\"https:\\\/\\\/wi.ee\\\/et\\\/tegemised\\\/konverents-2\\\/#breadcrumb\"},\"inLanguage\":\"et\",\"potentialAction\":[{\"@type\":\"ReadAction\",\"target\":[\"https:\\\/\\\/wi.ee\\\/et\\\/tegemised\\\/konverents-2\\\/\"]}]},{\"@type\":\"ImageObject\",\"inLanguage\":\"et\",\"@id\":\"https:\\\/\\\/wi.ee\\\/et\\\/tegemised\\\/konverents-2\\\/#primaryimage\",\"url\":\"https:\\\/\\\/wi.ee\\\/wp-content\\\/uploads\\\/2026\\\/02\\\/Picture1.png\",\"contentUrl\":\"https:\\\/\\\/wi.ee\\\/wp-content\\\/uploads\\\/2026\\\/02\\\/Picture1.png\"},{\"@type\":\"BreadcrumbList\",\"@id\":\"https:\\\/\\\/wi.ee\\\/et\\\/tegemised\\\/konverents-2\\\/#breadcrumb\",\"itemListElement\":[{\"@type\":\"ListItem\",\"position\":1,\"name\":\"Avaleht\",\"item\":\"https:\\\/\\\/wi.ee\\\/et\\\/\"},{\"@type\":\"ListItem\",\"position\":2,\"name\":\"Tegemised\",\"item\":\"https:\\\/\\\/wi.ee\\\/et\\\/tegemised\\\/\"},{\"@type\":\"ListItem\",\"position\":3,\"name\":\"Konverents\"}]},{\"@type\":\"WebSite\",\"@id\":\"https:\\\/\\\/wi.ee\\\/et\\\/#website\",\"url\":\"https:\\\/\\\/wi.ee\\\/et\\\/\",\"name\":\"V\u00f5ru Instituut\",\"description\":\"\",\"publisher\":{\"@id\":\"https:\\\/\\\/wi.ee\\\/et\\\/#organization\"},\"potentialAction\":[{\"@type\":\"SearchAction\",\"target\":{\"@type\":\"EntryPoint\",\"urlTemplate\":\"https:\\\/\\\/wi.ee\\\/et\\\/?s={search_term_string}\"},\"query-input\":{\"@type\":\"PropertyValueSpecification\",\"valueRequired\":true,\"valueName\":\"search_term_string\"}}],\"inLanguage\":\"et\"},{\"@type\":\"Organization\",\"@id\":\"https:\\\/\\\/wi.ee\\\/et\\\/#organization\",\"name\":\"V\u00f5ru Instituut\",\"url\":\"https:\\\/\\\/wi.ee\\\/et\\\/\",\"logo\":{\"@type\":\"ImageObject\",\"inLanguage\":\"et\",\"@id\":\"https:\\\/\\\/wi.ee\\\/et\\\/#\\\/schema\\\/logo\\\/image\\\/\",\"url\":\"https:\\\/\\\/wi.ee\\\/wp-content\\\/uploads\\\/2015\\\/05\\\/logo-150507.png\",\"contentUrl\":\"https:\\\/\\\/wi.ee\\\/wp-content\\\/uploads\\\/2015\\\/05\\\/logo-150507.png\",\"width\":183,\"height\":123,\"caption\":\"V\u00f5ru Instituut\"},\"image\":{\"@id\":\"https:\\\/\\\/wi.ee\\\/et\\\/#\\\/schema\\\/logo\\\/image\\\/\"},\"sameAs\":[\"https:\\\/\\\/www.facebook.com\\\/VoroInstituut\"]}]}<\/script>\n<!-- \/ Yoast SEO plugin. -->","yoast_head_json":{"title":"Konverents - V\u00f5ru Instituut","description":"Rahvusvahelise l\u00e4\u00e4nemeresoome konverentside sarja moodustavad iga-aastased interdistsiplinaarsed konverentsid, mida V\u00f5ru Instituut on koos Tartu \u00dclikooli ja teiste partneritega korraldanud juba 1996. aastast. Konverentsid k\u00e4sitlevad l\u00e4\u00e4nemeresoome keeli, ajalugu, kultuuri, \u00fchiskondlikke muutusi jm. Konverentsi tuntakse kui \u00fcht l\u00e4\u00e4nemeresoome ala foorumi aasta olulisemat s\u00fcndmust, mis toob kokku eri riikide ja eri alade teadlased. Konverentsidelt alguse saanud v\u00e4ikeste keelte ja murrete revitaliseerimise koost\u00f6\u00f6 aitab sellel alal tegutsejaid, andes uusi ideid, eeskujusid, n\u00e4iteid probleemide lahendustest. T\u00e4navu toimub V\u00f5rus 27.\u201329. oktoobrini sarja 20. konverents, mis heidab pilke l\u00e4\u00e4nemeresoome keele, kultuuri ja piirkonna minevikku ning tulevikku. Samuti on oodatud hetkeolukorra k\u00e4sitlused. Kui viimastel aastatel on konverents keskendunud peamiselt l\u00e4\u00e4nemeresoome keeltele, siis t\u00e4navusele juubelikonverentsile on taas teretulnud ka teiste alade teadlased oma uurimusi tutvustama. Konverentsi 1. ringkiri: Teeside esitamise kuup\u00e4ev: 30. aprill Ettekande vastuv\u00f5tmisest teatamine: 1. juuni Registreerumine: 1. juuni \u2013 5. september Konverents: 27.\u201329. oktoober","robots":{"index":"index","follow":"follow","max-snippet":"max-snippet:-1","max-image-preview":"max-image-preview:large","max-video-preview":"max-video-preview:-1"},"canonical":"https:\/\/wi.ee\/et\/tegemised\/konverents-2\/","og_locale":"et_EE","og_type":"article","og_title":"Konverents - V\u00f5ru Instituut","og_description":"Rahvusvahelise l\u00e4\u00e4nemeresoome konverentside sarja moodustavad iga-aastased interdistsiplinaarsed konverentsid, mida V\u00f5ru Instituut on koos Tartu \u00dclikooli ja teiste partneritega korraldanud juba 1996. aastast. Konverentsid k\u00e4sitlevad l\u00e4\u00e4nemeresoome keeli, ajalugu, kultuuri, \u00fchiskondlikke muutusi jm. Konverentsi tuntakse kui \u00fcht l\u00e4\u00e4nemeresoome ala foorumi aasta olulisemat s\u00fcndmust, mis toob kokku eri riikide ja eri alade teadlased. Konverentsidelt alguse saanud v\u00e4ikeste keelte ja murrete revitaliseerimise koost\u00f6\u00f6 aitab sellel alal tegutsejaid, andes uusi ideid, eeskujusid, n\u00e4iteid probleemide lahendustest. T\u00e4navu toimub V\u00f5rus 27.\u201329. oktoobrini sarja 20. konverents, mis heidab pilke l\u00e4\u00e4nemeresoome keele, kultuuri ja piirkonna minevikku ning tulevikku. Samuti on oodatud hetkeolukorra k\u00e4sitlused. Kui viimastel aastatel on konverents keskendunud peamiselt l\u00e4\u00e4nemeresoome keeltele, siis t\u00e4navusele juubelikonverentsile on taas teretulnud ka teiste alade teadlased oma uurimusi tutvustama. Konverentsi 1. ringkiri: Teeside esitamise kuup\u00e4ev: 30. aprill Ettekande vastuv\u00f5tmisest teatamine: 1. juuni Registreerumine: 1. juuni \u2013 5. september Konverents: 27.\u201329. oktoober","og_url":"https:\/\/wi.ee\/et\/tegemised\/konverents-2\/","og_site_name":"V\u00f5ru Instituut","article_publisher":"https:\/\/www.facebook.com\/VoroInstituut","article_modified_time":"2026-02-27T14:29:53+00:00","og_image":[{"width":212,"height":213,"url":"https:\/\/wi.ee\/wp-content\/uploads\/2026\/02\/Picture1.png","type":"image\/png"}],"twitter_misc":{"Est. reading time":"3 minutit"},"schema":{"@context":"https:\/\/schema.org","@graph":[{"@type":"WebPage","@id":"https:\/\/wi.ee\/et\/tegemised\/konverents-2\/","url":"https:\/\/wi.ee\/et\/tegemised\/konverents-2\/","name":"Konverents - V\u00f5ru Instituut","isPartOf":{"@id":"https:\/\/wi.ee\/et\/#website"},"primaryImageOfPage":{"@id":"https:\/\/wi.ee\/et\/tegemised\/konverents-2\/#primaryimage"},"image":{"@id":"https:\/\/wi.ee\/et\/tegemised\/konverents-2\/#primaryimage"},"thumbnailUrl":"https:\/\/wi.ee\/wp-content\/uploads\/2026\/02\/Picture1.png","datePublished":"2021-09-03T10:15:02+00:00","dateModified":"2026-02-27T14:29:53+00:00","description":"Rahvusvahelise l\u00e4\u00e4nemeresoome konverentside sarja moodustavad iga-aastased interdistsiplinaarsed konverentsid, mida V\u00f5ru Instituut on koos Tartu \u00dclikooli ja teiste partneritega korraldanud juba 1996. aastast. Konverentsid k\u00e4sitlevad l\u00e4\u00e4nemeresoome keeli, ajalugu, kultuuri, \u00fchiskondlikke muutusi jm. Konverentsi tuntakse kui \u00fcht l\u00e4\u00e4nemeresoome ala foorumi aasta olulisemat s\u00fcndmust, mis toob kokku eri riikide ja eri alade teadlased. Konverentsidelt alguse saanud v\u00e4ikeste keelte ja murrete revitaliseerimise koost\u00f6\u00f6 aitab sellel alal tegutsejaid, andes uusi ideid, eeskujusid, n\u00e4iteid probleemide lahendustest. T\u00e4navu toimub V\u00f5rus 27.\u201329. oktoobrini sarja 20. konverents, mis heidab pilke l\u00e4\u00e4nemeresoome keele, kultuuri ja piirkonna minevikku ning tulevikku. Samuti on oodatud hetkeolukorra k\u00e4sitlused. Kui viimastel aastatel on konverents keskendunud peamiselt l\u00e4\u00e4nemeresoome keeltele, siis t\u00e4navusele juubelikonverentsile on taas teretulnud ka teiste alade teadlased oma uurimusi tutvustama. Konverentsi 1. ringkiri: Teeside esitamise kuup\u00e4ev: 30. aprill Ettekande vastuv\u00f5tmisest teatamine: 1. juuni Registreerumine: 1. juuni \u2013 5. september Konverents: 27.\u201329. oktoober","breadcrumb":{"@id":"https:\/\/wi.ee\/et\/tegemised\/konverents-2\/#breadcrumb"},"inLanguage":"et","potentialAction":[{"@type":"ReadAction","target":["https:\/\/wi.ee\/et\/tegemised\/konverents-2\/"]}]},{"@type":"ImageObject","inLanguage":"et","@id":"https:\/\/wi.ee\/et\/tegemised\/konverents-2\/#primaryimage","url":"https:\/\/wi.ee\/wp-content\/uploads\/2026\/02\/Picture1.png","contentUrl":"https:\/\/wi.ee\/wp-content\/uploads\/2026\/02\/Picture1.png"},{"@type":"BreadcrumbList","@id":"https:\/\/wi.ee\/et\/tegemised\/konverents-2\/#breadcrumb","itemListElement":[{"@type":"ListItem","position":1,"name":"Avaleht","item":"https:\/\/wi.ee\/et\/"},{"@type":"ListItem","position":2,"name":"Tegemised","item":"https:\/\/wi.ee\/et\/tegemised\/"},{"@type":"ListItem","position":3,"name":"Konverents"}]},{"@type":"WebSite","@id":"https:\/\/wi.ee\/et\/#website","url":"https:\/\/wi.ee\/et\/","name":"V\u00f5ru Instituut","description":"","publisher":{"@id":"https:\/\/wi.ee\/et\/#organization"},"potentialAction":[{"@type":"SearchAction","target":{"@type":"EntryPoint","urlTemplate":"https:\/\/wi.ee\/et\/?s={search_term_string}"},"query-input":{"@type":"PropertyValueSpecification","valueRequired":true,"valueName":"search_term_string"}}],"inLanguage":"et"},{"@type":"Organization","@id":"https:\/\/wi.ee\/et\/#organization","name":"V\u00f5ru Instituut","url":"https:\/\/wi.ee\/et\/","logo":{"@type":"ImageObject","inLanguage":"et","@id":"https:\/\/wi.ee\/et\/#\/schema\/logo\/image\/","url":"https:\/\/wi.ee\/wp-content\/uploads\/2015\/05\/logo-150507.png","contentUrl":"https:\/\/wi.ee\/wp-content\/uploads\/2015\/05\/logo-150507.png","width":183,"height":123,"caption":"V\u00f5ru Instituut"},"image":{"@id":"https:\/\/wi.ee\/et\/#\/schema\/logo\/image\/"},"sameAs":["https:\/\/www.facebook.com\/VoroInstituut"]}]}},"_links":{"self":[{"href":"https:\/\/wi.ee\/et\/wp-json\/wp\/v2\/pages\/1495","targetHints":{"allow":["GET"]}}],"collection":[{"href":"https:\/\/wi.ee\/et\/wp-json\/wp\/v2\/pages"}],"about":[{"href":"https:\/\/wi.ee\/et\/wp-json\/wp\/v2\/types\/page"}],"author":[{"embeddable":true,"href":"https:\/\/wi.ee\/et\/wp-json\/wp\/v2\/users\/2"}],"replies":[{"embeddable":true,"href":"https:\/\/wi.ee\/et\/wp-json\/wp\/v2\/comments?post=1495"}],"version-history":[{"count":109,"href":"https:\/\/wi.ee\/et\/wp-json\/wp\/v2\/pages\/1495\/revisions"}],"predecessor-version":[{"id":17264,"href":"https:\/\/wi.ee\/et\/wp-json\/wp\/v2\/pages\/1495\/revisions\/17264"}],"up":[{"embeddable":true,"href":"https:\/\/wi.ee\/et\/wp-json\/wp\/v2\/pages\/76"}],"wp:attachment":[{"href":"https:\/\/wi.ee\/et\/wp-json\/wp\/v2\/media?parent=1495"}],"curies":[{"name":"wp","href":"https:\/\/api.w.org\/{rel}","templated":true}]}}