{"id":149,"date":"2015-05-06T08:49:09","date_gmt":"2015-05-06T06:49:09","guid":{"rendered":"https:\/\/wi.ee\/?page_id=149"},"modified":"2025-05-09T10:43:26","modified_gmt":"2025-05-09T07:43:26","slug":"muuseumid","status":"publish","type":"page","link":"https:\/\/wi.ee\/et\/muuseumid\/","title":{"rendered":"Muuseumid"},"content":{"rendered":"<p><a href=\"\/et\/muuseumid\/kaart\/\"><img loading=\"lazy\" decoding=\"async\" class=\"aligncenter wp-image-3472 size-medium\" src=\"https:\/\/wi.ee\/wp-content\/uploads\/2018\/06\/vana-v\u00f5romaa-muuseumid-v\u00e4rv-horisontaalne-300x41.png\" alt=\"\" width=\"300\" height=\"41\" srcset=\"https:\/\/wi.ee\/wp-content\/uploads\/2018\/06\/vana-v\u00f5romaa-muuseumid-v\u00e4rv-horisontaalne-300x41.png 300w, https:\/\/wi.ee\/wp-content\/uploads\/2018\/06\/vana-v\u00f5romaa-muuseumid-v\u00e4rv-horisontaalne-768x105.png 768w, https:\/\/wi.ee\/wp-content\/uploads\/2018\/06\/vana-v\u00f5romaa-muuseumid-v\u00e4rv-horisontaalne-1024x140.png 1024w\" sizes=\"auto, (max-width: 300px) 100vw, 300px\" \/><\/a><\/p>\n<h4><strong>L\u00f5una-Eesti ja Vana-V\u00f5romaa<\/strong><\/h4>\n<p><a href=\"\/et\/muuseumid\/kaart\/\" target=\"_blank\" rel=\"noopener noreferrer\"><img loading=\"lazy\" decoding=\"async\" class=\"alignnone\" src=\"https:\/\/wi.ee\/wp-content\/uploads\/2019\/04\/LE-ja-Vana-Voru-muuseumi-asukohtade-kaart_vaiku.jpg\" alt=\"\" width=\"583\" height=\"322\" \/><\/a><\/p>\n<h4 class=\"mb-4\"><strong><span style=\"color: #800000;\"><a href=\"\/et\/muuseumid\/kaart\/\" target=\"_blank\" rel=\"noopener noreferrer\">Vaata muuseumide asukohti t\u00e4psemalt Vana-V\u00f5romaa kaardil.<\/a><\/span><\/strong><\/h4>\n<p><a href=\"https:\/\/monistemuuseum.ee\/\" target=\"_blank\" rel=\"noopener noreferrer\"><img loading=\"lazy\" decoding=\"async\" class=\"alignleft wp-image-2278\" src=\"https:\/\/wi.ee\/wp-content\/uploads\/2015\/05\/Moniste_muuseumi_pood-300x168.jpg\" width=\"120\" height=\"67\" srcset=\"https:\/\/wi.ee\/wp-content\/uploads\/2015\/05\/Moniste_muuseumi_pood-300x168.jpg 300w, https:\/\/wi.ee\/wp-content\/uploads\/2015\/05\/Moniste_muuseumi_pood-768x431.jpg 768w, https:\/\/wi.ee\/wp-content\/uploads\/2015\/05\/Moniste_muuseumi_pood.jpg 960w\" sizes=\"auto, (max-width: 120px) 100vw, 120px\" \/><\/a><\/p>\n<h5><a href=\"https:\/\/monistemuuseum.ee\/\" target=\"_blank\" rel=\"noopener noreferrer\">M\u00f5niste Talurahvamuuseum<\/a><\/h5>\n<p><span style=\"color: #000000;\"><a style=\"color: #000000;\" href=\"https:\/\/monistemuuseum.ee\/\" target=\"_blank\" rel=\"noopener noreferrer\">on Eesti vanim vaba\u00f5humuuseum, kus saad r\u00e4nnata kiviajast t\u00e4nap\u00e4eva ja k\u00fclastada legendaarset\u00a0 M\u00f5niste Tarwitajate \u00dchisuse kauplust.<\/a><\/span><\/p>\n<div class=\"clearfix\"><\/div>\n<p><a href=\"https:\/\/vorumuuseum.ee\/\" target=\"_blank\" rel=\"noopener noreferrer\"><img loading=\"lazy\" decoding=\"async\" class=\"alignleft wp-image-2282\" src=\"https:\/\/wi.ee\/wp-content\/uploads\/2015\/05\/vana_voro_kultuurikoda-300x225.jpg\" width=\"120\" height=\"90\" srcset=\"https:\/\/wi.ee\/wp-content\/uploads\/2015\/05\/vana_voro_kultuurikoda-300x225.jpg 300w, https:\/\/wi.ee\/wp-content\/uploads\/2015\/05\/vana_voro_kultuurikoda-768x576.jpg 768w, https:\/\/wi.ee\/wp-content\/uploads\/2015\/05\/vana_voro_kultuurikoda-1024x768.jpg 1024w\" sizes=\"auto, (max-width: 120px) 100vw, 120px\" \/><\/a><\/p>\n<h5><a href=\"https:\/\/wi.ee\/pohimaarus\/\">V\u00f5rumaa Muuseum<\/a><\/h5>\n<p><a href=\"https:\/\/vorumuuseum.ee\/\" target=\"_blank\" rel=\"noopener noreferrer\"><span style=\"color: #000000;\">Vana-V\u00f5romaa kultuurilooga tutvumiseks on kultuurikoda parim paik \u2013 siin on ajas tagasi vaatav p\u00fcsiv\u00e4ljapanek ning galeriis vahetuvad kunstin\u00e4itused.<\/span><\/a><\/p>\n<div class=\"clearfix\"><\/div>\n<p><a href=\"http:\/\/lauluisa.ee\/\" target=\"_blank\" rel=\"noopener noreferrer\"><img loading=\"lazy\" decoding=\"async\" class=\"alignleft wp-image-2293\" src=\"https:\/\/wi.ee\/wp-content\/uploads\/2015\/05\/Kreutzwaldi_muuseum-300x203.jpg\" width=\"120\" height=\"81\" srcset=\"https:\/\/wi.ee\/wp-content\/uploads\/2015\/05\/Kreutzwaldi_muuseum-300x203.jpg 300w, https:\/\/wi.ee\/wp-content\/uploads\/2015\/05\/Kreutzwaldi_muuseum-600x400.jpg 600w, https:\/\/wi.ee\/wp-content\/uploads\/2015\/05\/Kreutzwaldi_muuseum-768x521.jpg 768w, https:\/\/wi.ee\/wp-content\/uploads\/2015\/05\/Kreutzwaldi_muuseum-1024x695.jpg 1024w, https:\/\/wi.ee\/wp-content\/uploads\/2015\/05\/Kreutzwaldi_muuseum.jpg 1846w\" sizes=\"auto, (max-width: 120px) 100vw, 120px\" \/><\/a><\/p>\n<h5><a href=\"http:\/\/lauluisa.ee\/\" target=\"_blank\" rel=\"noopener noreferrer\">Dr. Fr. R. Kreutzwaldi Memoriaalmuuseum<\/a><\/h5>\n<p><a href=\"https:\/\/lauluisa.ee\/\" target=\"_blank\" rel=\"noopener noreferrer\"><span style=\"color: #000000;\">Kreutzwaldi muuseum tutvustab Eesti rahvuseepose &#8220;Kalevipoeg&#8221; looja ning omaaegse V\u00f5ru linnaarsti Fr. R. Kreutzwaldi (1803\u20131882) elu ja loomingut.<\/span><\/a><\/p>\n<div class=\"clearfix\"><\/div>\n<p><a href=\"https:\/\/karilatsimuuseum.ee\/\" target=\"_blank\" rel=\"noopener noreferrer\"><img loading=\"lazy\" decoding=\"async\" class=\"alignleft wp-image-2303\" src=\"https:\/\/wi.ee\/wp-content\/uploads\/2015\/05\/Polva_talurahvamuuseum-300x199.jpg\" width=\"120\" height=\"80\" srcset=\"https:\/\/wi.ee\/wp-content\/uploads\/2015\/05\/Polva_talurahvamuuseum-300x199.jpg 300w, https:\/\/wi.ee\/wp-content\/uploads\/2015\/05\/Polva_talurahvamuuseum-600x400.jpg 600w, https:\/\/wi.ee\/wp-content\/uploads\/2015\/05\/Polva_talurahvamuuseum-768x510.jpg 768w, https:\/\/wi.ee\/wp-content\/uploads\/2015\/05\/Polva_talurahvamuuseum-1024x680.jpg 1024w, https:\/\/wi.ee\/wp-content\/uploads\/2015\/05\/Polva_talurahvamuuseum.jpg 1072w\" sizes=\"auto, (max-width: 120px) 100vw, 120px\" \/><\/a><\/p>\n<h5><a href=\"https:\/\/karilatsimuuseum.ee\/\" target=\"_blank\" rel=\"noopener noreferrer\">Karilatsi Vaba\u00f5humuuseum<\/a><\/h5>\n<p><span style=\"color: #000000;\"><a style=\"color: #000000;\" href=\"https:\/\/karilatsimuuseum.ee\/\" target=\"_blank\" rel=\"noopener noreferrer\">Vaba\u00f5humuuseumis Postitee \u00e4\u00e4res Karilatsi k\u00fclas on sajandivanused vallakeskuse ja koolitalu hooned, pilku p\u00fc\u00fcab tuuleveski.<\/a><\/span><\/p>\n<div class=\"clearfix\"><\/div>\n<p><a href=\"https:\/\/wi.ee\/et\/muuseumid\/elamusope-muuseumis\/\" target=\"_blank\" rel=\"noopener noreferrer\"><img loading=\"lazy\" decoding=\"async\" class=\"alignleft wp-image-4462\" src=\"https:\/\/wi.ee\/wp-content\/uploads\/2018\/06\/muuseumi_haridusprogrammid_moniste_kasityy_TK-300x211.jpg\" alt=\"\" width=\"121\" height=\"85\" srcset=\"https:\/\/wi.ee\/wp-content\/uploads\/2018\/06\/muuseumi_haridusprogrammid_moniste_kasityy_TK-300x211.jpg 300w, https:\/\/wi.ee\/wp-content\/uploads\/2018\/06\/muuseumi_haridusprogrammid_moniste_kasityy_TK-768x540.jpg 768w, https:\/\/wi.ee\/wp-content\/uploads\/2018\/06\/muuseumi_haridusprogrammid_moniste_kasityy_TK-1024x720.jpg 1024w, https:\/\/wi.ee\/wp-content\/uploads\/2018\/06\/muuseumi_haridusprogrammid_moniste_kasityy_TK.jpg 1418w\" sizes=\"auto, (max-width: 121px) 100vw, 121px\" \/><\/a><\/p>\n<h5><a href=\"https:\/\/wi.ee\/et\/muuseumid\/elamusope-muuseumis\/\" target=\"_blank\" rel=\"noopener noreferrer\">Elamus\u00f5pe muuseumis<\/a><\/h5>\n<p><span style=\"color: #000000;\"><a style=\"color: #000000;\" href=\"https:\/\/wi.ee\/et\/muuseumid\/elamusope-muuseumis\/\" target=\"_blank\" rel=\"noopener noreferrer\">Muuseumitunnid ja kultuurip\u00e4randi \u00f5pe lasteaialastele ning kooli\u00f5pilastele. Programmid ja teemap\u00e4evad 2023\/2024 \u00f5ppeaastal Vana-V\u00f5romaa muuseumites.<\/a><\/span><\/p>\n<div class=\"clearfix\"><\/div>\n<p><a href=\"\/uudiskiri\/\"><img loading=\"lazy\" decoding=\"async\" class=\"alignleft wp-image-6328\" src=\"https:\/\/wi.ee\/wp-content\/uploads\/2019\/09\/wi-uudiskiri-190926.jpg\" alt=\"WI uudiskiri\" width=\"120\" height=\"85\" \/><\/a><\/p>\n<h5><a href=\"\/uudiskiri\/\">Vana-V\u00f5romaa muuseumite uudiskiri<\/a><\/h5>\n<p><a style=\"color: #000000;\" href=\"\/et\/uudiskiri\/\">Iga kuu ilmuv Vana-V\u00f5rumaa muuseumite uudiskiri hoiab huvilisi kursis uute n\u00e4itustega, ettev\u00f5tmiste ja teiste t\u00e4htsate teadetega.<\/a><\/p>\n<div class=\"clearfix\"><\/div>\n<h3>Vaata veel:<\/h3>\n<h5><a href=\"https:\/\/wi.ee\/wp-content\/uploads\/2018\/07\/vana-voromaa_tiijuht_pilt.jpg\"><img loading=\"lazy\" decoding=\"async\" class=\"wp-image-3604 alignleft\" src=\"https:\/\/wi.ee\/wp-content\/uploads\/2018\/07\/vana-voromaa_tiijuht_pilt-300x254.jpg\" alt=\"\" width=\"116\" height=\"98\" srcset=\"https:\/\/wi.ee\/wp-content\/uploads\/2018\/07\/vana-voromaa_tiijuht_pilt-300x254.jpg 300w, https:\/\/wi.ee\/wp-content\/uploads\/2018\/07\/vana-voromaa_tiijuht_pilt-768x650.jpg 768w, https:\/\/wi.ee\/wp-content\/uploads\/2018\/07\/vana-voromaa_tiijuht_pilt-1024x867.jpg 1024w\" sizes=\"auto, (max-width: 116px) 100vw, 116px\" \/><\/a><a href=\"https:\/\/wi.ee\/wp-content\/uploads\/2018\/07\/vana_vorumaa_EST_V6RU_vaade.pdf\" target=\"_blank\" rel=\"noopener noreferrer\">Vana-V\u00f5romaa turismikaart<\/a><\/h5>\n<p><a href=\"https:\/\/wi.ee\/wp-content\/uploads\/2018\/07\/vana_vorumaa_EST_V6RU_vaade.pdf\" target=\"_blank\" rel=\"noopener noreferrer\"><span style=\"color: #000000;\">Vana-V\u00f5romaad tutvustav voldik-kaart annab nii tekstide kui piltidega l\u00fchi\u00fclevaate v\u00f5rokeste kultuuriruumi peamistest erip\u00e4radest: v\u00f5ro keel, suitsusaunakombestik, l\u00f5\u00f5tspillitava, kohalik toit Uma Mekk ning teised v\u00f5rokeste uma asjad.<\/span><\/a><\/p>\n<p>Turismikaart on ka <a href=\"https:\/\/wi.ee\/wp-content\/uploads\/2018\/07\/vana_vorumaa_ENG_FIN_vaade.pdf\" target=\"_blank\" rel=\"noopener noreferrer\">inglise ja soome keeles<\/a> ning <a href=\"https:\/\/wi.ee\/wp-content\/uploads\/2018\/07\/vana_vorumaa_LAT_RUS_vaade.pdf\" target=\"_blank\" rel=\"noopener noreferrer\">l\u00e4ti ja vene keeles<\/a>.<\/p>\n<p>&nbsp;<\/p>\n<p><a href=\"http:\/\/www.savvusann.ee\" target=\"_blank\" rel=\"noopener noreferrer\"><img loading=\"lazy\" decoding=\"async\" class=\"alignleft wp-image-2305\" src=\"https:\/\/wi.ee\/wp-content\/uploads\/2015\/05\/Savvusann_koivsaare_sauna-silt-300x200.jpg\" alt=\"\" width=\"120\" height=\"80\" srcset=\"https:\/\/wi.ee\/wp-content\/uploads\/2015\/05\/Savvusann_koivsaare_sauna-silt-300x200.jpg 300w, https:\/\/wi.ee\/wp-content\/uploads\/2015\/05\/Savvusann_koivsaare_sauna-silt-600x400.jpg 600w, https:\/\/wi.ee\/wp-content\/uploads\/2015\/05\/Savvusann_koivsaare_sauna-silt-768x512.jpg 768w, https:\/\/wi.ee\/wp-content\/uploads\/2015\/05\/Savvusann_koivsaare_sauna-silt-1024x682.jpg 1024w, https:\/\/wi.ee\/wp-content\/uploads\/2015\/05\/Savvusann_koivsaare_sauna-silt.jpg 1600w\" sizes=\"auto, (max-width: 120px) 100vw, 120px\" \/><\/a><\/p>\n<h5><a href=\"http:\/\/www.savvusann.ee\" target=\"_blank\" rel=\"noopener noreferrer\">Savvusann<\/a><\/h5>\n<p><span style=\"color: #000000;\"><a style=\"color: #000000;\" href=\"https:\/\/savvusann.ee\/\" target=\"_blank\" rel=\"noopener noreferrer\">\u00d5ige saun on v\u00f5rokese jaoks ikka traditsiooniline suitsusaun.<\/a><\/span><\/p>\n<div class=\"clearfix\"><\/div>\n<p><a href=\"http:\/\/umapuut.ee\/\" target=\"_blank\" rel=\"noopener noreferrer\"><img loading=\"lazy\" decoding=\"async\" class=\"alignleft wp-image-2308\" src=\"https:\/\/wi.ee\/wp-content\/uploads\/2015\/05\/E-puut_reklaam_1-300x219.jpg\" width=\"120\" height=\"88\" srcset=\"https:\/\/wi.ee\/wp-content\/uploads\/2015\/05\/E-puut_reklaam_1-300x219.jpg 300w, https:\/\/wi.ee\/wp-content\/uploads\/2015\/05\/E-puut_reklaam_1-768x561.jpg 768w, https:\/\/wi.ee\/wp-content\/uploads\/2015\/05\/E-puut_reklaam_1-1024x748.jpg 1024w, https:\/\/wi.ee\/wp-content\/uploads\/2015\/05\/E-puut_reklaam_1.jpg 1358w\" sizes=\"auto, (max-width: 120px) 100vw, 120px\" \/><\/a><\/p>\n<h5><a href=\"http:\/\/umapuut.ee\/\" target=\"_blank\" rel=\"noopener noreferrer\">UMA PUUT<\/a><\/h5>\n<p><a href=\"https:\/\/umapuut.ee\/\" target=\"_blank\" rel=\"noopener noreferrer\"><span style=\"color: #000000;\">Vana-V\u00f5romaa e-poes pakutav pole masstoodang, iga ese on oman\u00e4oline autorilooming.<\/span><\/a><\/p>\n<div class=\"clearfix\"><\/div>\n<p><a href=\"https:\/\/synaq.org\/priv\/\" target=\"_blank\" rel=\"noopener noreferrer\"><img loading=\"lazy\" decoding=\"async\" class=\"alignleft wp-image-2310\" src=\"https:\/\/wi.ee\/wp-content\/uploads\/2015\/05\/sonaraaamatu-pilt-300x213.jpg\" width=\"120\" height=\"85\" srcset=\"https:\/\/wi.ee\/wp-content\/uploads\/2015\/05\/sonaraaamatu-pilt-300x213.jpg 300w, https:\/\/wi.ee\/wp-content\/uploads\/2015\/05\/sonaraaamatu-pilt-768x546.jpg 768w, https:\/\/wi.ee\/wp-content\/uploads\/2015\/05\/sonaraaamatu-pilt-1024x728.jpg 1024w, https:\/\/wi.ee\/wp-content\/uploads\/2015\/05\/sonaraaamatu-pilt.jpg 1068w\" sizes=\"auto, (max-width: 120px) 100vw, 120px\" \/><\/a><\/p>\n<h5><a href=\"https:\/\/synaq.org\/priv\/\" target=\"_blank\" rel=\"noopener noreferrer\">Eesti-v\u00f5ro s\u00f5naraamat<\/a><\/h5>\n<p><a href=\"https:\/\/synaq.org\/priv\/\" target=\"_blank\" rel=\"noopener noreferrer\"><span style=\"color: #000000;\">Eesti\u2013v\u00f5ru ja v\u00f5ru-eesti veebis\u00f5naraamat on abiks v\u00f5ru keele huvilisele. Veebiraamatust saad v\u00f5rukeelseid s\u00f5nu ka kuulata.<\/span><\/a> Paberil eesti-v\u00f5ru s\u00f5naraamatu saad osta <a href=\"https:\/\/umapuut.ee\/toode\/eesti-voro-sonaraamat\/\" target=\"_blank\" rel=\"noopener noreferrer\">Uma poest<\/a>.<\/p>\n<div class=\"clearfix\"><\/div>\n<p><img loading=\"lazy\" decoding=\"async\" class=\"alignleft wp-image-2314\" src=\"https:\/\/wi.ee\/wp-content\/uploads\/2015\/05\/uhtjarve_org-300x199.jpg\" width=\"120\" height=\"80\" srcset=\"https:\/\/wi.ee\/wp-content\/uploads\/2015\/05\/uhtjarve_org-300x199.jpg 300w, https:\/\/wi.ee\/wp-content\/uploads\/2015\/05\/uhtjarve_org-600x400.jpg 600w, https:\/\/wi.ee\/wp-content\/uploads\/2015\/05\/uhtjarve_org.jpg 752w\" sizes=\"auto, (max-width: 120px) 100vw, 120px\" \/><\/p>\n<h5>Vana-V\u00f5romaa turismiinfot vaata:<\/h5>\n<p><strong><a href=\"http:\/\/www.visitpolva.ee\/\" target=\"_blank\" rel=\"noopener noreferrer\">visitpolva.ee<\/a><\/strong><\/p>\n<p><strong><a href=\"http:\/\/www.visitvoru.ee\/\" target=\"_blank\" rel=\"noopener noreferrer\">visitvoru.ee<\/a><\/strong><\/p>\n<div class=\"clearfix\"><\/div>\n<p><a href=\"https:\/\/kotus.ee\/kulalisele\/vana-voro-turismikaart\/\" target=\"_blank\" rel=\"noopener noreferrer\"><img loading=\"lazy\" decoding=\"async\" class=\"alignleft wp-image-2529\" src=\"https:\/\/wi.ee\/wp-content\/uploads\/2017\/02\/kotus_logo_Kris-Lyys_v-300x300.jpg\" alt=\"\" width=\"117\" height=\"117\" srcset=\"https:\/\/wi.ee\/wp-content\/uploads\/2017\/02\/kotus_logo_Kris-Lyys_v-300x300.jpg 300w, https:\/\/wi.ee\/wp-content\/uploads\/2017\/02\/kotus_logo_Kris-Lyys_v.jpg 540w\" sizes=\"auto, (max-width: 117px) 100vw, 117px\" \/><\/a><\/p>\n<h5><a href=\"https:\/\/kotus.ee\/kulalisele\/vana-voro-turismikaart\/\" target=\"_blank\" rel=\"noopener noreferrer\">kotus.ee<\/a><\/h5>\n<div class=\"clearfix\"><\/div>\n","protected":false},"excerpt":{"rendered":"<p>L\u00f5una-Eesti ja Vana-V\u00f5romaa Vaata muuseumide asukohti t\u00e4psemalt Vana-V\u00f5romaa kaardil. M\u00f5niste Talurahvamuuseum on Eesti vanim vaba\u00f5humuuseum, kus saad r\u00e4nnata kiviajast t\u00e4nap\u00e4eva ja k\u00fclastada legendaarset\u00a0 M\u00f5niste Tarwitajate \u00dchisuse kauplust. V\u00f5rumaa Muuseum Vana-V\u00f5romaa kultuurilooga tutvumiseks on kultuurikoda parim paik \u2013 siin on ajas tagasi vaatav p\u00fcsiv\u00e4ljapanek ning galeriis vahetuvad kunstin\u00e4itused. Dr. Fr. R. Kreutzwaldi Memoriaalmuuseum Kreutzwaldi muuseum tutvustab [&hellip;]<\/p>\n","protected":false},"author":1,"featured_media":0,"parent":0,"menu_order":0,"comment_status":"closed","ping_status":"open","template":"","meta":{"_acf_changed":false,"footnotes":""},"class_list":["post-149","page","type-page","status-publish","hentry"],"acf":[],"yoast_head":"<!-- This site is optimized with the Yoast SEO plugin v27.3 - https:\/\/yoast.com\/product\/yoast-seo-wordpress\/ -->\n<title>Muuseumid - V\u00f5ru Instituut<\/title>\n<meta name=\"robots\" content=\"index, follow, max-snippet:-1, max-image-preview:large, max-video-preview:-1\" \/>\n<link rel=\"canonical\" href=\"https:\/\/wi.ee\/et\/muuseumid\/\" \/>\n<meta property=\"og:locale\" content=\"et_EE\" \/>\n<meta property=\"og:type\" content=\"article\" \/>\n<meta property=\"og:title\" content=\"Muuseumid - V\u00f5ru Instituut\" \/>\n<meta property=\"og:description\" content=\"L\u00f5una-Eesti ja Vana-V\u00f5romaa Vaata muuseumide asukohti t\u00e4psemalt Vana-V\u00f5romaa kaardil. M\u00f5niste Talurahvamuuseum on Eesti vanim vaba\u00f5humuuseum, kus saad r\u00e4nnata kiviajast t\u00e4nap\u00e4eva ja k\u00fclastada legendaarset\u00a0 M\u00f5niste Tarwitajate \u00dchisuse kauplust. V\u00f5rumaa Muuseum Vana-V\u00f5romaa kultuurilooga tutvumiseks on kultuurikoda parim paik \u2013 siin on ajas tagasi vaatav p\u00fcsiv\u00e4ljapanek ning galeriis vahetuvad kunstin\u00e4itused. Dr. Fr. R. Kreutzwaldi Memoriaalmuuseum Kreutzwaldi muuseum tutvustab [&hellip;]\" \/>\n<meta property=\"og:url\" content=\"https:\/\/wi.ee\/et\/muuseumid\/\" \/>\n<meta property=\"og:site_name\" content=\"V\u00f5ru Instituut\" \/>\n<meta property=\"article:publisher\" content=\"https:\/\/www.facebook.com\/VoroInstituut\" \/>\n<meta property=\"article:modified_time\" content=\"2025-05-09T07:43:26+00:00\" \/>\n<meta property=\"og:image\" content=\"https:\/\/wi.ee\/wp-content\/uploads\/2019\/04\/LE-ja-Vana-Voru-muuseumi-asukohtade-kaart_vaiku.jpg\" \/>\n<meta name=\"twitter:label1\" content=\"Est. reading time\" \/>\n\t<meta name=\"twitter:data1\" content=\"4 minutit\" \/>\n<script type=\"application\/ld+json\" class=\"yoast-schema-graph\">{\"@context\":\"https:\\\/\\\/schema.org\",\"@graph\":[{\"@type\":\"WebPage\",\"@id\":\"https:\\\/\\\/wi.ee\\\/et\\\/muuseumid\\\/\",\"url\":\"https:\\\/\\\/wi.ee\\\/et\\\/muuseumid\\\/\",\"name\":\"Muuseumid - V\u00f5ru Instituut\",\"isPartOf\":{\"@id\":\"https:\\\/\\\/wi.ee\\\/et\\\/#website\"},\"primaryImageOfPage\":{\"@id\":\"https:\\\/\\\/wi.ee\\\/et\\\/muuseumid\\\/#primaryimage\"},\"image\":{\"@id\":\"https:\\\/\\\/wi.ee\\\/et\\\/muuseumid\\\/#primaryimage\"},\"thumbnailUrl\":\"https:\\\/\\\/wi.ee\\\/wp-content\\\/uploads\\\/2019\\\/04\\\/LE-ja-Vana-Voru-muuseumi-asukohtade-kaart_vaiku.jpg\",\"datePublished\":\"2015-05-06T06:49:09+00:00\",\"dateModified\":\"2025-05-09T07:43:26+00:00\",\"breadcrumb\":{\"@id\":\"https:\\\/\\\/wi.ee\\\/et\\\/muuseumid\\\/#breadcrumb\"},\"inLanguage\":\"et\",\"potentialAction\":[{\"@type\":\"ReadAction\",\"target\":[\"https:\\\/\\\/wi.ee\\\/et\\\/muuseumid\\\/\"]}]},{\"@type\":\"ImageObject\",\"inLanguage\":\"et\",\"@id\":\"https:\\\/\\\/wi.ee\\\/et\\\/muuseumid\\\/#primaryimage\",\"url\":\"https:\\\/\\\/wi.ee\\\/wp-content\\\/uploads\\\/2019\\\/04\\\/LE-ja-Vana-Voru-muuseumi-asukohtade-kaart_vaiku.jpg\",\"contentUrl\":\"https:\\\/\\\/wi.ee\\\/wp-content\\\/uploads\\\/2019\\\/04\\\/LE-ja-Vana-Voru-muuseumi-asukohtade-kaart_vaiku.jpg\"},{\"@type\":\"BreadcrumbList\",\"@id\":\"https:\\\/\\\/wi.ee\\\/et\\\/muuseumid\\\/#breadcrumb\",\"itemListElement\":[{\"@type\":\"ListItem\",\"position\":1,\"name\":\"Avaleht\",\"item\":\"https:\\\/\\\/wi.ee\\\/et\\\/\"},{\"@type\":\"ListItem\",\"position\":2,\"name\":\"Muuseumid\"}]},{\"@type\":\"WebSite\",\"@id\":\"https:\\\/\\\/wi.ee\\\/et\\\/#website\",\"url\":\"https:\\\/\\\/wi.ee\\\/et\\\/\",\"name\":\"V\u00f5ru Instituut\",\"description\":\"\",\"publisher\":{\"@id\":\"https:\\\/\\\/wi.ee\\\/et\\\/#organization\"},\"potentialAction\":[{\"@type\":\"SearchAction\",\"target\":{\"@type\":\"EntryPoint\",\"urlTemplate\":\"https:\\\/\\\/wi.ee\\\/et\\\/?s={search_term_string}\"},\"query-input\":{\"@type\":\"PropertyValueSpecification\",\"valueRequired\":true,\"valueName\":\"search_term_string\"}}],\"inLanguage\":\"et\"},{\"@type\":\"Organization\",\"@id\":\"https:\\\/\\\/wi.ee\\\/et\\\/#organization\",\"name\":\"V\u00f5ru Instituut\",\"url\":\"https:\\\/\\\/wi.ee\\\/et\\\/\",\"logo\":{\"@type\":\"ImageObject\",\"inLanguage\":\"et\",\"@id\":\"https:\\\/\\\/wi.ee\\\/et\\\/#\\\/schema\\\/logo\\\/image\\\/\",\"url\":\"https:\\\/\\\/wi.ee\\\/wp-content\\\/uploads\\\/2015\\\/05\\\/logo-150507.png\",\"contentUrl\":\"https:\\\/\\\/wi.ee\\\/wp-content\\\/uploads\\\/2015\\\/05\\\/logo-150507.png\",\"width\":183,\"height\":123,\"caption\":\"V\u00f5ru Instituut\"},\"image\":{\"@id\":\"https:\\\/\\\/wi.ee\\\/et\\\/#\\\/schema\\\/logo\\\/image\\\/\"},\"sameAs\":[\"https:\\\/\\\/www.facebook.com\\\/VoroInstituut\"]}]}<\/script>\n<!-- \/ Yoast SEO plugin. -->","yoast_head_json":{"title":"Muuseumid - V\u00f5ru Instituut","robots":{"index":"index","follow":"follow","max-snippet":"max-snippet:-1","max-image-preview":"max-image-preview:large","max-video-preview":"max-video-preview:-1"},"canonical":"https:\/\/wi.ee\/et\/muuseumid\/","og_locale":"et_EE","og_type":"article","og_title":"Muuseumid - V\u00f5ru Instituut","og_description":"L\u00f5una-Eesti ja Vana-V\u00f5romaa Vaata muuseumide asukohti t\u00e4psemalt Vana-V\u00f5romaa kaardil. M\u00f5niste Talurahvamuuseum on Eesti vanim vaba\u00f5humuuseum, kus saad r\u00e4nnata kiviajast t\u00e4nap\u00e4eva ja k\u00fclastada legendaarset\u00a0 M\u00f5niste Tarwitajate \u00dchisuse kauplust. V\u00f5rumaa Muuseum Vana-V\u00f5romaa kultuurilooga tutvumiseks on kultuurikoda parim paik \u2013 siin on ajas tagasi vaatav p\u00fcsiv\u00e4ljapanek ning galeriis vahetuvad kunstin\u00e4itused. Dr. Fr. R. Kreutzwaldi Memoriaalmuuseum Kreutzwaldi muuseum tutvustab [&hellip;]","og_url":"https:\/\/wi.ee\/et\/muuseumid\/","og_site_name":"V\u00f5ru Instituut","article_publisher":"https:\/\/www.facebook.com\/VoroInstituut","article_modified_time":"2025-05-09T07:43:26+00:00","og_image":[{"url":"https:\/\/wi.ee\/wp-content\/uploads\/2019\/04\/LE-ja-Vana-Voru-muuseumi-asukohtade-kaart_vaiku.jpg","type":"","width":"","height":""}],"twitter_misc":{"Est. reading time":"4 minutit"},"schema":{"@context":"https:\/\/schema.org","@graph":[{"@type":"WebPage","@id":"https:\/\/wi.ee\/et\/muuseumid\/","url":"https:\/\/wi.ee\/et\/muuseumid\/","name":"Muuseumid - V\u00f5ru Instituut","isPartOf":{"@id":"https:\/\/wi.ee\/et\/#website"},"primaryImageOfPage":{"@id":"https:\/\/wi.ee\/et\/muuseumid\/#primaryimage"},"image":{"@id":"https:\/\/wi.ee\/et\/muuseumid\/#primaryimage"},"thumbnailUrl":"https:\/\/wi.ee\/wp-content\/uploads\/2019\/04\/LE-ja-Vana-Voru-muuseumi-asukohtade-kaart_vaiku.jpg","datePublished":"2015-05-06T06:49:09+00:00","dateModified":"2025-05-09T07:43:26+00:00","breadcrumb":{"@id":"https:\/\/wi.ee\/et\/muuseumid\/#breadcrumb"},"inLanguage":"et","potentialAction":[{"@type":"ReadAction","target":["https:\/\/wi.ee\/et\/muuseumid\/"]}]},{"@type":"ImageObject","inLanguage":"et","@id":"https:\/\/wi.ee\/et\/muuseumid\/#primaryimage","url":"https:\/\/wi.ee\/wp-content\/uploads\/2019\/04\/LE-ja-Vana-Voru-muuseumi-asukohtade-kaart_vaiku.jpg","contentUrl":"https:\/\/wi.ee\/wp-content\/uploads\/2019\/04\/LE-ja-Vana-Voru-muuseumi-asukohtade-kaart_vaiku.jpg"},{"@type":"BreadcrumbList","@id":"https:\/\/wi.ee\/et\/muuseumid\/#breadcrumb","itemListElement":[{"@type":"ListItem","position":1,"name":"Avaleht","item":"https:\/\/wi.ee\/et\/"},{"@type":"ListItem","position":2,"name":"Muuseumid"}]},{"@type":"WebSite","@id":"https:\/\/wi.ee\/et\/#website","url":"https:\/\/wi.ee\/et\/","name":"V\u00f5ru Instituut","description":"","publisher":{"@id":"https:\/\/wi.ee\/et\/#organization"},"potentialAction":[{"@type":"SearchAction","target":{"@type":"EntryPoint","urlTemplate":"https:\/\/wi.ee\/et\/?s={search_term_string}"},"query-input":{"@type":"PropertyValueSpecification","valueRequired":true,"valueName":"search_term_string"}}],"inLanguage":"et"},{"@type":"Organization","@id":"https:\/\/wi.ee\/et\/#organization","name":"V\u00f5ru Instituut","url":"https:\/\/wi.ee\/et\/","logo":{"@type":"ImageObject","inLanguage":"et","@id":"https:\/\/wi.ee\/et\/#\/schema\/logo\/image\/","url":"https:\/\/wi.ee\/wp-content\/uploads\/2015\/05\/logo-150507.png","contentUrl":"https:\/\/wi.ee\/wp-content\/uploads\/2015\/05\/logo-150507.png","width":183,"height":123,"caption":"V\u00f5ru Instituut"},"image":{"@id":"https:\/\/wi.ee\/et\/#\/schema\/logo\/image\/"},"sameAs":["https:\/\/www.facebook.com\/VoroInstituut"]}]}},"_links":{"self":[{"href":"https:\/\/wi.ee\/et\/wp-json\/wp\/v2\/pages\/149","targetHints":{"allow":["GET"]}}],"collection":[{"href":"https:\/\/wi.ee\/et\/wp-json\/wp\/v2\/pages"}],"about":[{"href":"https:\/\/wi.ee\/et\/wp-json\/wp\/v2\/types\/page"}],"author":[{"embeddable":true,"href":"https:\/\/wi.ee\/et\/wp-json\/wp\/v2\/users\/1"}],"replies":[{"embeddable":true,"href":"https:\/\/wi.ee\/et\/wp-json\/wp\/v2\/comments?post=149"}],"version-history":[{"count":102,"href":"https:\/\/wi.ee\/et\/wp-json\/wp\/v2\/pages\/149\/revisions"}],"predecessor-version":[{"id":16549,"href":"https:\/\/wi.ee\/et\/wp-json\/wp\/v2\/pages\/149\/revisions\/16549"}],"wp:attachment":[{"href":"https:\/\/wi.ee\/et\/wp-json\/wp\/v2\/media?parent=149"}],"curies":[{"name":"wp","href":"https:\/\/api.w.org\/{rel}","templated":true}]}}