{"id":146,"date":"2015-05-06T08:48:15","date_gmt":"2015-05-06T06:48:15","guid":{"rendered":"https:\/\/wi.ee\/?page_id=146"},"modified":"2024-09-12T09:52:03","modified_gmt":"2024-09-12T06:52:03","slug":"lastele","status":"publish","type":"page","link":"https:\/\/wi.ee\/et\/lastele\/","title":{"rendered":"Keele\u00f5pe"},"content":{"rendered":"<p><a href=\"https:\/\/wi.ee\/wp-content\/uploads\/2024\/09\/oppematerjalid-2024.pdf\">\u00d5ppematerjalid 2024\/2025<\/a><\/p>\n<p><a href=\"https:\/\/wi.ee\/et\/heliraamat\/\">Heliraamat &#8220;Krutskiline tita&#8221;<\/a><\/p>\n<p><a href=\"https:\/\/xn--helait-5ya.ee\/latsilo\/\">Hel\u00fcait<\/a><\/p>\n<p><a href=\"https:\/\/wi.ee\/luulotuso\/\">Luuletused<\/a><\/p>\n<p><a href=\"https:\/\/wi.ee\/tahtirabastiku\/\">T\u00e4her\u00e4gastik<\/a><\/p>\n<p><a href=\"https:\/\/wi.ee\/tegemise\/keelepesa\/keelepesalaulik-latsilaulo-voro-keelen\/\">Keelepesalaulik. Lastelaule v\u00f5ru keeles<\/a><\/p>\n<p><a href=\"https:\/\/www.youtube.com\/watch?v=Qnqb8cuLyxs\">Muinasjutt \u201cVanaes\u00e4 kinnas\u201d<\/a><\/p>\n<p><a href=\"https:\/\/wi.ee\/mino-voromaa\/\">Mino V\u00f5romaa<\/a><\/p>\n<p><a href=\"https:\/\/wi.ee\/uuendatud-abc-kiraoppuse-toovihik\/\">Uuendatud ABC kir\u00e4oppus\u00f5 t\u00f6\u00f6vihik<\/a><\/p>\n<p><a href=\"https:\/\/wi.ee\/tegemise\/koolioppus\/tuulehe\/\">T\u00f6\u00f6lehed lasteraamatute j\u00e4rgi<\/a><\/p>\n<p>J\u00e4nku-Jussi multikad<\/p>\n<p>&nbsp;<\/p>\n","protected":false},"excerpt":{"rendered":"<p>\u00d5ppematerjalid 2024\/2025 Heliraamat &#8220;Krutskiline tita&#8221; Hel\u00fcait Luuletused T\u00e4her\u00e4gastik Keelepesalaulik. Lastelaule v\u00f5ru keeles Muinasjutt \u201cVanaes\u00e4 kinnas\u201d Mino V\u00f5romaa Uuendatud ABC kir\u00e4oppus\u00f5 t\u00f6\u00f6vihik T\u00f6\u00f6lehed lasteraamatute j\u00e4rgi J\u00e4nku-Jussi multikad &nbsp;<\/p>\n","protected":false},"author":1,"featured_media":0,"parent":0,"menu_order":0,"comment_status":"closed","ping_status":"open","template":"","meta":{"_acf_changed":false,"footnotes":""},"class_list":["post-146","page","type-page","status-publish","hentry"],"acf":[],"yoast_head":"<!-- This site is optimized with the Yoast SEO plugin v27.3 - https:\/\/yoast.com\/product\/yoast-seo-wordpress\/ -->\n<title>Keele\u00f5pe - V\u00f5ru Instituut<\/title>\n<meta name=\"robots\" content=\"index, follow, max-snippet:-1, max-image-preview:large, max-video-preview:-1\" \/>\n<link rel=\"canonical\" href=\"https:\/\/wi.ee\/et\/lastele\/\" \/>\n<meta property=\"og:locale\" content=\"et_EE\" \/>\n<meta property=\"og:type\" content=\"article\" \/>\n<meta property=\"og:title\" content=\"Keele\u00f5pe - V\u00f5ru Instituut\" \/>\n<meta property=\"og:description\" content=\"\u00d5ppematerjalid 2024\/2025 Heliraamat &#8220;Krutskiline tita&#8221; Hel\u00fcait Luuletused T\u00e4her\u00e4gastik Keelepesalaulik. Lastelaule v\u00f5ru keeles Muinasjutt \u201cVanaes\u00e4 kinnas\u201d Mino V\u00f5romaa Uuendatud ABC kir\u00e4oppus\u00f5 t\u00f6\u00f6vihik T\u00f6\u00f6lehed lasteraamatute j\u00e4rgi J\u00e4nku-Jussi multikad &nbsp;\" \/>\n<meta property=\"og:url\" content=\"https:\/\/wi.ee\/et\/lastele\/\" \/>\n<meta property=\"og:site_name\" content=\"V\u00f5ru Instituut\" \/>\n<meta property=\"article:publisher\" content=\"https:\/\/www.facebook.com\/VoroInstituut\" \/>\n<meta property=\"article:modified_time\" content=\"2024-09-12T06:52:03+00:00\" \/>\n<meta property=\"og:image\" content=\"https:\/\/wi.ee\/wp-content\/uploads\/2015\/05\/logo-150507.png\" \/>\n\t<meta property=\"og:image:width\" content=\"183\" \/>\n\t<meta property=\"og:image:height\" content=\"123\" \/>\n\t<meta property=\"og:image:type\" content=\"image\/png\" \/>\n<meta name=\"twitter:label1\" content=\"Est. reading time\" \/>\n\t<meta name=\"twitter:data1\" content=\"1 minut\" \/>\n<script type=\"application\/ld+json\" class=\"yoast-schema-graph\">{\"@context\":\"https:\\\/\\\/schema.org\",\"@graph\":[{\"@type\":\"WebPage\",\"@id\":\"https:\\\/\\\/wi.ee\\\/et\\\/lastele\\\/\",\"url\":\"https:\\\/\\\/wi.ee\\\/et\\\/lastele\\\/\",\"name\":\"Keele\u00f5pe - V\u00f5ru Instituut\",\"isPartOf\":{\"@id\":\"https:\\\/\\\/wi.ee\\\/et\\\/#website\"},\"datePublished\":\"2015-05-06T06:48:15+00:00\",\"dateModified\":\"2024-09-12T06:52:03+00:00\",\"breadcrumb\":{\"@id\":\"https:\\\/\\\/wi.ee\\\/et\\\/lastele\\\/#breadcrumb\"},\"inLanguage\":\"et\",\"potentialAction\":[{\"@type\":\"ReadAction\",\"target\":[\"https:\\\/\\\/wi.ee\\\/et\\\/lastele\\\/\"]}]},{\"@type\":\"BreadcrumbList\",\"@id\":\"https:\\\/\\\/wi.ee\\\/et\\\/lastele\\\/#breadcrumb\",\"itemListElement\":[{\"@type\":\"ListItem\",\"position\":1,\"name\":\"Avaleht\",\"item\":\"https:\\\/\\\/wi.ee\\\/et\\\/\"},{\"@type\":\"ListItem\",\"position\":2,\"name\":\"Keele\u00f5pe\"}]},{\"@type\":\"WebSite\",\"@id\":\"https:\\\/\\\/wi.ee\\\/et\\\/#website\",\"url\":\"https:\\\/\\\/wi.ee\\\/et\\\/\",\"name\":\"V\u00f5ru Instituut\",\"description\":\"\",\"publisher\":{\"@id\":\"https:\\\/\\\/wi.ee\\\/et\\\/#organization\"},\"potentialAction\":[{\"@type\":\"SearchAction\",\"target\":{\"@type\":\"EntryPoint\",\"urlTemplate\":\"https:\\\/\\\/wi.ee\\\/et\\\/?s={search_term_string}\"},\"query-input\":{\"@type\":\"PropertyValueSpecification\",\"valueRequired\":true,\"valueName\":\"search_term_string\"}}],\"inLanguage\":\"et\"},{\"@type\":\"Organization\",\"@id\":\"https:\\\/\\\/wi.ee\\\/et\\\/#organization\",\"name\":\"V\u00f5ru Instituut\",\"url\":\"https:\\\/\\\/wi.ee\\\/et\\\/\",\"logo\":{\"@type\":\"ImageObject\",\"inLanguage\":\"et\",\"@id\":\"https:\\\/\\\/wi.ee\\\/et\\\/#\\\/schema\\\/logo\\\/image\\\/\",\"url\":\"https:\\\/\\\/wi.ee\\\/wp-content\\\/uploads\\\/2015\\\/05\\\/logo-150507.png\",\"contentUrl\":\"https:\\\/\\\/wi.ee\\\/wp-content\\\/uploads\\\/2015\\\/05\\\/logo-150507.png\",\"width\":183,\"height\":123,\"caption\":\"V\u00f5ru Instituut\"},\"image\":{\"@id\":\"https:\\\/\\\/wi.ee\\\/et\\\/#\\\/schema\\\/logo\\\/image\\\/\"},\"sameAs\":[\"https:\\\/\\\/www.facebook.com\\\/VoroInstituut\"]}]}<\/script>\n<!-- \/ Yoast SEO plugin. -->","yoast_head_json":{"title":"Keele\u00f5pe - V\u00f5ru Instituut","robots":{"index":"index","follow":"follow","max-snippet":"max-snippet:-1","max-image-preview":"max-image-preview:large","max-video-preview":"max-video-preview:-1"},"canonical":"https:\/\/wi.ee\/et\/lastele\/","og_locale":"et_EE","og_type":"article","og_title":"Keele\u00f5pe - V\u00f5ru Instituut","og_description":"\u00d5ppematerjalid 2024\/2025 Heliraamat &#8220;Krutskiline tita&#8221; Hel\u00fcait Luuletused T\u00e4her\u00e4gastik Keelepesalaulik. Lastelaule v\u00f5ru keeles Muinasjutt \u201cVanaes\u00e4 kinnas\u201d Mino V\u00f5romaa Uuendatud ABC kir\u00e4oppus\u00f5 t\u00f6\u00f6vihik T\u00f6\u00f6lehed lasteraamatute j\u00e4rgi J\u00e4nku-Jussi multikad &nbsp;","og_url":"https:\/\/wi.ee\/et\/lastele\/","og_site_name":"V\u00f5ru Instituut","article_publisher":"https:\/\/www.facebook.com\/VoroInstituut","article_modified_time":"2024-09-12T06:52:03+00:00","og_image":[{"width":183,"height":123,"url":"https:\/\/wi.ee\/wp-content\/uploads\/2015\/05\/logo-150507.png","type":"image\/png"}],"twitter_misc":{"Est. reading time":"1 minut"},"schema":{"@context":"https:\/\/schema.org","@graph":[{"@type":"WebPage","@id":"https:\/\/wi.ee\/et\/lastele\/","url":"https:\/\/wi.ee\/et\/lastele\/","name":"Keele\u00f5pe - V\u00f5ru Instituut","isPartOf":{"@id":"https:\/\/wi.ee\/et\/#website"},"datePublished":"2015-05-06T06:48:15+00:00","dateModified":"2024-09-12T06:52:03+00:00","breadcrumb":{"@id":"https:\/\/wi.ee\/et\/lastele\/#breadcrumb"},"inLanguage":"et","potentialAction":[{"@type":"ReadAction","target":["https:\/\/wi.ee\/et\/lastele\/"]}]},{"@type":"BreadcrumbList","@id":"https:\/\/wi.ee\/et\/lastele\/#breadcrumb","itemListElement":[{"@type":"ListItem","position":1,"name":"Avaleht","item":"https:\/\/wi.ee\/et\/"},{"@type":"ListItem","position":2,"name":"Keele\u00f5pe"}]},{"@type":"WebSite","@id":"https:\/\/wi.ee\/et\/#website","url":"https:\/\/wi.ee\/et\/","name":"V\u00f5ru Instituut","description":"","publisher":{"@id":"https:\/\/wi.ee\/et\/#organization"},"potentialAction":[{"@type":"SearchAction","target":{"@type":"EntryPoint","urlTemplate":"https:\/\/wi.ee\/et\/?s={search_term_string}"},"query-input":{"@type":"PropertyValueSpecification","valueRequired":true,"valueName":"search_term_string"}}],"inLanguage":"et"},{"@type":"Organization","@id":"https:\/\/wi.ee\/et\/#organization","name":"V\u00f5ru Instituut","url":"https:\/\/wi.ee\/et\/","logo":{"@type":"ImageObject","inLanguage":"et","@id":"https:\/\/wi.ee\/et\/#\/schema\/logo\/image\/","url":"https:\/\/wi.ee\/wp-content\/uploads\/2015\/05\/logo-150507.png","contentUrl":"https:\/\/wi.ee\/wp-content\/uploads\/2015\/05\/logo-150507.png","width":183,"height":123,"caption":"V\u00f5ru Instituut"},"image":{"@id":"https:\/\/wi.ee\/et\/#\/schema\/logo\/image\/"},"sameAs":["https:\/\/www.facebook.com\/VoroInstituut"]}]}},"_links":{"self":[{"href":"https:\/\/wi.ee\/et\/wp-json\/wp\/v2\/pages\/146","targetHints":{"allow":["GET"]}}],"collection":[{"href":"https:\/\/wi.ee\/et\/wp-json\/wp\/v2\/pages"}],"about":[{"href":"https:\/\/wi.ee\/et\/wp-json\/wp\/v2\/types\/page"}],"author":[{"embeddable":true,"href":"https:\/\/wi.ee\/et\/wp-json\/wp\/v2\/users\/1"}],"replies":[{"embeddable":true,"href":"https:\/\/wi.ee\/et\/wp-json\/wp\/v2\/comments?post=146"}],"version-history":[{"count":14,"href":"https:\/\/wi.ee\/et\/wp-json\/wp\/v2\/pages\/146\/revisions"}],"predecessor-version":[{"id":13436,"href":"https:\/\/wi.ee\/et\/wp-json\/wp\/v2\/pages\/146\/revisions\/13436"}],"wp:attachment":[{"href":"https:\/\/wi.ee\/et\/wp-json\/wp\/v2\/media?parent=146"}],"curies":[{"name":"wp","href":"https:\/\/api.w.org\/{rel}","templated":true}]}}