{"id":13703,"date":"2024-10-24T16:29:54","date_gmt":"2024-10-24T13:29:54","guid":{"rendered":"https:\/\/wi.ee\/?page_id=13703"},"modified":"2025-10-02T16:31:19","modified_gmt":"2025-10-02T13:31:19","slug":"parandkultuur-meie-umber","status":"publish","type":"page","link":"https:\/\/wi.ee\/et\/parandkultuur-meie-umber\/","title":{"rendered":"Omakultuur meie \u00fcmber"},"content":{"rendered":"<p><img loading=\"lazy\" decoding=\"async\" class=\"\" src=\"https:\/\/wi.ee\/wp-content\/uploads\/2024\/10\/Logo-EST-LAT.jpg\" width=\"292\" height=\"88\" \/><\/p>\n<p><span style=\"font-weight: 400;\">2024. aasta 1. septembrist k\u00e4ivitus V\u00f5ro Instituudi osalusel uus rahvusvaheline projekt \u201cSurrounded by Heritage\u201d (\u201cContemporary and innovative heritage culture teaching solution for municipal schools and kindergartens\u201d). Seto ja v\u00f5ro keeles kannab projekt nime \u201cUmakultuur mi \u00fcmbre\u201d.<\/span><\/p>\n<p><span style=\"font-weight: 400;\">Rahastaja: I<\/span><a href=\"https:\/\/estoniancup.ee\/interreg-vi-a-estonia-latvia-programme-2021-2027\/\"><span style=\"font-weight: 400;\">nterreg VI-A Eesti-L\u00e4ti programm 2021-2027 <\/span><\/a><span style=\"font-weight: 400;\">\u00a0\u00a0<\/span><\/p>\n<p><span style=\"font-weight: 400;\">Partnerid: <\/span><a href=\"https:\/\/vorumaa.ee\/\"><span style=\"font-weight: 400;\">V\u00f5rumaa Arenduskeskus<\/span><\/a><span style=\"font-weight: 400;\">, <\/span><a href=\"https:\/\/wi.ee\/et\/\"><span style=\"font-weight: 400;\">V\u00f5ro Instituut<\/span><\/a><span style=\"font-weight: 400;\">, <\/span><a href=\"https:\/\/www.setoinstituut.ee\/\"><span style=\"font-weight: 400;\">Seto Instituut<\/span><\/a><span style=\"font-weight: 400;\">, Aluksne vald, Kuldiga vald, Suiti Kultuurip\u00e4randi Fond\u00a0<\/span><\/p>\n<p><span style=\"font-weight: 400;\">Projekti kestus: september 2024 \u2013 detsember 2026\u00a0<\/span><\/p>\n<p><span style=\"font-weight: 400;\">Projekti eesm\u00e4rk on kasvatada Vana-V\u00f5romaa ja Setomaa laste ning noorte teadlikkust kohalikust keelest ja kultuurist. Eesm\u00e4rgi t\u00e4itmiseks on vajalik suurendada kohaliku keele ning kultuuri n\u00e4htavust ja kuuldavust haridusasutustes. Igap\u00e4evase \u00f5pikeskkonna rikastamine omakultuuri ja kohaliku keelega v\u00f5imaldab noori siduda p\u00e4randkultuuriga loomulikul moel ning ilma lisanduvate ainetundideta. Kasutades parimaid kaasaegseid teadmisi ruumist kui inimese heaolu ja \u00f5ppimise m\u00f5jutajast, kujundatakse olemasolev f\u00fc\u00fcsiline \u00f5pikeskkond kohalikku p\u00e4randkultuuri kajastavaks ja edendavaks. Koost\u00f6\u00f6s L\u00e4ti partneritega luuakse nelja kultuuriruumi peale \u00fchine strateegia kohaliku p\u00e4randkultuuri toomiseks haridusasutustesse ja piloteeritakse strateegia toimimist 7 koolis ja 7 lasteaias (\u00fcks kool ja \u00fcks lasteaed igast osalevast omavalitsusest). Projekt algab hetkeolukorra kaardistamisega ning l\u00f5peb piloteerimise m\u00f5ju anal\u00fc\u00fcsiga. Projekti l\u00f5pus\u00fcndmuseks on 2026. aasta l\u00f5pus Vana-V\u00f5romaa ja Setomaa \u00fchine haridusfoorum ning maakondliku \u201cUma leppe\u201d s\u00f5lmimine. Foorumil jagatakse parimaid praktikaid teiste haridusasutustega ning planeeritakse lahenduste laiemat rakendamist vana-v\u00f5romaa ja seto kultuuriruumis.\u00a0<\/span><\/p>\n<p><span style=\"font-weight: 400;\">Pilootkoolid ja -lasteaiad:<\/span><\/p>\n<p><span style=\"font-weight: 400;\">Antsla vald: Kuldre Kool ja Kuldre Kooli Lasteaed Sipsik<\/span><\/p>\n<p><span style=\"font-weight: 400;\">V\u00f5ru linn: V\u00f5ru Kreutzwaldi Kool ja Lasteaed S\u00f5leke<\/span><\/p>\n<p><span style=\"font-weight: 400;\">V\u00f5ru vald: K\u00e4\u00e4pa Kool ja Lasva Lasteaed Pargihaldjas<\/span><\/p>\n<p><span style=\"font-weight: 400;\">R\u00f5uge vald: R\u00f5uge Kooli M\u00f5niste \u00f5ppekoht ja R\u00f5uge Lasteaia M\u00f5niste \u00f5ppekoht.<\/span><\/p>\n<p><span style=\"font-weight: 400;\">Setomaa vald: Setomaa G\u00fcmnaasium ja Setomaa Lasteaed<\/span><\/p>\n<p><span style=\"font-weight: 400;\">Projekti ajakava:<\/span><\/p>\n<ol>\n<li style=\"font-weight: 400;\" aria-level=\"1\"><span style=\"font-weight: 400;\">Hetkeolukorra kaardistamine \u2013 september-oktoober 2024<\/span><\/li>\n<li style=\"font-weight: 400;\" aria-level=\"1\"><span style=\"font-weight: 400;\">Kultuurivahetusreisid \u2013 seto, v\u00f5ro, aluksne piirkond \u2013 28.-30. oktoober 2024; suiti piirkond \u2013 20.-22. jaanuar 2025.\u00a0<\/span><\/li>\n<li style=\"font-weight: 400;\" aria-level=\"1\"><span style=\"font-weight: 400;\">Kohaliku keele ja kultuuri kursus \u00f5petajatele ja direktoritele \u2013 5 \u00f5ppep\u00e4eva + \u00f5ppereis &#8211; jaanuar-detsember 2025<\/span><\/li>\n<li style=\"font-weight: 400;\" aria-level=\"1\"><span style=\"font-weight: 400;\">Strateegia loomine (koost\u00f6\u00f6s \u00f5petajate, haridusametnike ja ekspertidega) &#8211; detsember 2024-m\u00e4rts 2025\u00a0<\/span><\/li>\n<li style=\"font-weight: 400;\" aria-level=\"1\"><span style=\"font-weight: 400;\">\u00d5ppematerjalide ja ruumi elementide tootmine vastavalt strateegiale &#8211; m\u00e4rts-august 2025<\/span><\/li>\n<li style=\"font-weight: 400;\" aria-level=\"1\"><span style=\"font-weight: 400;\">Strateegia piloteerimine haridusasutustes &#8211; 2025\/2026 \u00f5a<\/span><\/li>\n<li style=\"font-weight: 400;\" aria-level=\"1\"><span style=\"font-weight: 400;\">Kordusuuring ja piloteerimise m\u00f5ju anal\u00fc\u00fcs &#8211; september-oktoober 2026<\/span><\/li>\n<li style=\"font-weight: 400;\" aria-level=\"1\"><span style=\"font-weight: 400;\">Haridusfoorum ning maakondliku \u201cUma leppe\u201d s\u00f5lmimine. Toimivate praktikate jagamine teiste haridusasutustega ning edasise rakendamise planeerimine &#8211; november 2026<\/span><\/li>\n<\/ol>\n<p><span style=\"font-weight: 400;\">Projekti eelarve on 375 000 eurot, millest ERDF toetus on 300 000 eurot.<\/span><\/p>\n<p>Projekti parnerite koost\u00f6\u00f6s loodud omakultuuri haridusellu l\u00f5imimise strateegia ja tegevuskava leiad siit:\u00a0<a href=\"https:\/\/www.umakultuur.ee\/p\/strateegia\">https:\/\/www.umakultuur.ee\/p\/strateegia<\/a><\/p>\n<p><span style=\"font-weight: 400;\">Kontakt V\u00f5ru Instituudis: Triin R\u00f5\u00f5musoks, 53487937, &#114;&#x6f;&#111;&#x6d;&#117;&#x73;o&#x6b;s&#x40;g&#109;&#x61;&#105;&#x6c;&#46;&#x63;&#111;&#x6d;.<\/span><\/p>\n<p><span style=\"font-weight: 400;\">Projekti elluviimist toetab I<a href=\"https:\/\/estoniancup.ee\/interreg-vi-a-estonia-latvia-programme-2021-2027\/\">nterreg VI-A Eesti-L\u00e4ti programm 2021-2027<\/a><\/span><\/p>\n<p><img decoding=\"async\" src=\"https:\/\/wi.ee\/wp-content\/uploads\/2024\/10\/Marin7.jpg\" \/><\/p>\n<p>M\u00f5niste Kooli lapsed muuseumi uut aeda tegemas<\/p>\n<p>&nbsp;<\/p>\n","protected":false},"excerpt":{"rendered":"<p>2024. aasta 1. septembrist k\u00e4ivitus V\u00f5ro Instituudi osalusel uus rahvusvaheline projekt \u201cSurrounded by Heritage\u201d (\u201cContemporary and innovative heritage culture teaching solution for municipal schools and kindergartens\u201d). Seto ja v\u00f5ro keeles kannab projekt nime \u201cUmakultuur mi \u00fcmbre\u201d. Rahastaja: Interreg VI-A Eesti-L\u00e4ti programm 2021-2027 \u00a0\u00a0 Partnerid: V\u00f5rumaa Arenduskeskus, V\u00f5ro Instituut, Seto Instituut, Aluksne vald, Kuldiga vald, Suiti [&hellip;]<\/p>\n","protected":false},"author":2,"featured_media":0,"parent":0,"menu_order":0,"comment_status":"closed","ping_status":"closed","template":"","meta":{"_acf_changed":false,"footnotes":""},"class_list":["post-13703","page","type-page","status-publish","hentry"],"acf":[],"yoast_head":"<!-- This site is optimized with the Yoast SEO plugin v27.3 - https:\/\/yoast.com\/product\/yoast-seo-wordpress\/ -->\n<title>Omakultuur meie \u00fcmber - V\u00f5ru Instituut<\/title>\n<meta name=\"robots\" content=\"index, follow, max-snippet:-1, max-image-preview:large, max-video-preview:-1\" \/>\n<link rel=\"canonical\" href=\"https:\/\/wi.ee\/et\/parandkultuur-meie-umber\/\" \/>\n<meta property=\"og:locale\" content=\"et_EE\" \/>\n<meta property=\"og:type\" content=\"article\" \/>\n<meta property=\"og:title\" content=\"Omakultuur meie \u00fcmber - V\u00f5ru Instituut\" \/>\n<meta property=\"og:description\" content=\"2024. aasta 1. septembrist k\u00e4ivitus V\u00f5ro Instituudi osalusel uus rahvusvaheline projekt \u201cSurrounded by Heritage\u201d (\u201cContemporary and innovative heritage culture teaching solution for municipal schools and kindergartens\u201d). Seto ja v\u00f5ro keeles kannab projekt nime \u201cUmakultuur mi \u00fcmbre\u201d. Rahastaja: Interreg VI-A Eesti-L\u00e4ti programm 2021-2027 \u00a0\u00a0 Partnerid: V\u00f5rumaa Arenduskeskus, V\u00f5ro Instituut, Seto Instituut, Aluksne vald, Kuldiga vald, Suiti [&hellip;]\" \/>\n<meta property=\"og:url\" content=\"https:\/\/wi.ee\/et\/parandkultuur-meie-umber\/\" \/>\n<meta property=\"og:site_name\" content=\"V\u00f5ru Instituut\" \/>\n<meta property=\"article:publisher\" content=\"https:\/\/www.facebook.com\/VoroInstituut\" \/>\n<meta property=\"article:modified_time\" content=\"2025-10-02T13:31:19+00:00\" \/>\n<meta property=\"og:image\" content=\"https:\/\/wi.ee\/wp-content\/uploads\/2024\/10\/Logo-EST-LAT.jpg\" \/>\n<meta name=\"twitter:label1\" content=\"Est. reading time\" \/>\n\t<meta name=\"twitter:data1\" content=\"3 minutit\" \/>\n<script type=\"application\/ld+json\" class=\"yoast-schema-graph\">{\"@context\":\"https:\\\/\\\/schema.org\",\"@graph\":[{\"@type\":\"WebPage\",\"@id\":\"https:\\\/\\\/wi.ee\\\/et\\\/parandkultuur-meie-umber\\\/\",\"url\":\"https:\\\/\\\/wi.ee\\\/et\\\/parandkultuur-meie-umber\\\/\",\"name\":\"Omakultuur meie \u00fcmber - V\u00f5ru Instituut\",\"isPartOf\":{\"@id\":\"https:\\\/\\\/wi.ee\\\/et\\\/#website\"},\"primaryImageOfPage\":{\"@id\":\"https:\\\/\\\/wi.ee\\\/et\\\/parandkultuur-meie-umber\\\/#primaryimage\"},\"image\":{\"@id\":\"https:\\\/\\\/wi.ee\\\/et\\\/parandkultuur-meie-umber\\\/#primaryimage\"},\"thumbnailUrl\":\"https:\\\/\\\/wi.ee\\\/wp-content\\\/uploads\\\/2024\\\/10\\\/Logo-EST-LAT.jpg\",\"datePublished\":\"2024-10-24T13:29:54+00:00\",\"dateModified\":\"2025-10-02T13:31:19+00:00\",\"breadcrumb\":{\"@id\":\"https:\\\/\\\/wi.ee\\\/et\\\/parandkultuur-meie-umber\\\/#breadcrumb\"},\"inLanguage\":\"et\",\"potentialAction\":[{\"@type\":\"ReadAction\",\"target\":[\"https:\\\/\\\/wi.ee\\\/et\\\/parandkultuur-meie-umber\\\/\"]}]},{\"@type\":\"ImageObject\",\"inLanguage\":\"et\",\"@id\":\"https:\\\/\\\/wi.ee\\\/et\\\/parandkultuur-meie-umber\\\/#primaryimage\",\"url\":\"https:\\\/\\\/wi.ee\\\/wp-content\\\/uploads\\\/2024\\\/10\\\/Logo-EST-LAT.jpg\",\"contentUrl\":\"https:\\\/\\\/wi.ee\\\/wp-content\\\/uploads\\\/2024\\\/10\\\/Logo-EST-LAT.jpg\"},{\"@type\":\"BreadcrumbList\",\"@id\":\"https:\\\/\\\/wi.ee\\\/et\\\/parandkultuur-meie-umber\\\/#breadcrumb\",\"itemListElement\":[{\"@type\":\"ListItem\",\"position\":1,\"name\":\"Avaleht\",\"item\":\"https:\\\/\\\/wi.ee\\\/et\\\/\"},{\"@type\":\"ListItem\",\"position\":2,\"name\":\"Omakultuur meie \u00fcmber\"}]},{\"@type\":\"WebSite\",\"@id\":\"https:\\\/\\\/wi.ee\\\/et\\\/#website\",\"url\":\"https:\\\/\\\/wi.ee\\\/et\\\/\",\"name\":\"V\u00f5ru Instituut\",\"description\":\"\",\"publisher\":{\"@id\":\"https:\\\/\\\/wi.ee\\\/et\\\/#organization\"},\"potentialAction\":[{\"@type\":\"SearchAction\",\"target\":{\"@type\":\"EntryPoint\",\"urlTemplate\":\"https:\\\/\\\/wi.ee\\\/et\\\/?s={search_term_string}\"},\"query-input\":{\"@type\":\"PropertyValueSpecification\",\"valueRequired\":true,\"valueName\":\"search_term_string\"}}],\"inLanguage\":\"et\"},{\"@type\":\"Organization\",\"@id\":\"https:\\\/\\\/wi.ee\\\/et\\\/#organization\",\"name\":\"V\u00f5ru Instituut\",\"url\":\"https:\\\/\\\/wi.ee\\\/et\\\/\",\"logo\":{\"@type\":\"ImageObject\",\"inLanguage\":\"et\",\"@id\":\"https:\\\/\\\/wi.ee\\\/et\\\/#\\\/schema\\\/logo\\\/image\\\/\",\"url\":\"https:\\\/\\\/wi.ee\\\/wp-content\\\/uploads\\\/2015\\\/05\\\/logo-150507.png\",\"contentUrl\":\"https:\\\/\\\/wi.ee\\\/wp-content\\\/uploads\\\/2015\\\/05\\\/logo-150507.png\",\"width\":183,\"height\":123,\"caption\":\"V\u00f5ru Instituut\"},\"image\":{\"@id\":\"https:\\\/\\\/wi.ee\\\/et\\\/#\\\/schema\\\/logo\\\/image\\\/\"},\"sameAs\":[\"https:\\\/\\\/www.facebook.com\\\/VoroInstituut\"]}]}<\/script>\n<!-- \/ Yoast SEO plugin. -->","yoast_head_json":{"title":"Omakultuur meie \u00fcmber - V\u00f5ru Instituut","robots":{"index":"index","follow":"follow","max-snippet":"max-snippet:-1","max-image-preview":"max-image-preview:large","max-video-preview":"max-video-preview:-1"},"canonical":"https:\/\/wi.ee\/et\/parandkultuur-meie-umber\/","og_locale":"et_EE","og_type":"article","og_title":"Omakultuur meie \u00fcmber - V\u00f5ru Instituut","og_description":"2024. aasta 1. septembrist k\u00e4ivitus V\u00f5ro Instituudi osalusel uus rahvusvaheline projekt \u201cSurrounded by Heritage\u201d (\u201cContemporary and innovative heritage culture teaching solution for municipal schools and kindergartens\u201d). Seto ja v\u00f5ro keeles kannab projekt nime \u201cUmakultuur mi \u00fcmbre\u201d. Rahastaja: Interreg VI-A Eesti-L\u00e4ti programm 2021-2027 \u00a0\u00a0 Partnerid: V\u00f5rumaa Arenduskeskus, V\u00f5ro Instituut, Seto Instituut, Aluksne vald, Kuldiga vald, Suiti [&hellip;]","og_url":"https:\/\/wi.ee\/et\/parandkultuur-meie-umber\/","og_site_name":"V\u00f5ru Instituut","article_publisher":"https:\/\/www.facebook.com\/VoroInstituut","article_modified_time":"2025-10-02T13:31:19+00:00","og_image":[{"url":"https:\/\/wi.ee\/wp-content\/uploads\/2024\/10\/Logo-EST-LAT.jpg","type":"","width":"","height":""}],"twitter_misc":{"Est. reading time":"3 minutit"},"schema":{"@context":"https:\/\/schema.org","@graph":[{"@type":"WebPage","@id":"https:\/\/wi.ee\/et\/parandkultuur-meie-umber\/","url":"https:\/\/wi.ee\/et\/parandkultuur-meie-umber\/","name":"Omakultuur meie \u00fcmber - V\u00f5ru Instituut","isPartOf":{"@id":"https:\/\/wi.ee\/et\/#website"},"primaryImageOfPage":{"@id":"https:\/\/wi.ee\/et\/parandkultuur-meie-umber\/#primaryimage"},"image":{"@id":"https:\/\/wi.ee\/et\/parandkultuur-meie-umber\/#primaryimage"},"thumbnailUrl":"https:\/\/wi.ee\/wp-content\/uploads\/2024\/10\/Logo-EST-LAT.jpg","datePublished":"2024-10-24T13:29:54+00:00","dateModified":"2025-10-02T13:31:19+00:00","breadcrumb":{"@id":"https:\/\/wi.ee\/et\/parandkultuur-meie-umber\/#breadcrumb"},"inLanguage":"et","potentialAction":[{"@type":"ReadAction","target":["https:\/\/wi.ee\/et\/parandkultuur-meie-umber\/"]}]},{"@type":"ImageObject","inLanguage":"et","@id":"https:\/\/wi.ee\/et\/parandkultuur-meie-umber\/#primaryimage","url":"https:\/\/wi.ee\/wp-content\/uploads\/2024\/10\/Logo-EST-LAT.jpg","contentUrl":"https:\/\/wi.ee\/wp-content\/uploads\/2024\/10\/Logo-EST-LAT.jpg"},{"@type":"BreadcrumbList","@id":"https:\/\/wi.ee\/et\/parandkultuur-meie-umber\/#breadcrumb","itemListElement":[{"@type":"ListItem","position":1,"name":"Avaleht","item":"https:\/\/wi.ee\/et\/"},{"@type":"ListItem","position":2,"name":"Omakultuur meie \u00fcmber"}]},{"@type":"WebSite","@id":"https:\/\/wi.ee\/et\/#website","url":"https:\/\/wi.ee\/et\/","name":"V\u00f5ru Instituut","description":"","publisher":{"@id":"https:\/\/wi.ee\/et\/#organization"},"potentialAction":[{"@type":"SearchAction","target":{"@type":"EntryPoint","urlTemplate":"https:\/\/wi.ee\/et\/?s={search_term_string}"},"query-input":{"@type":"PropertyValueSpecification","valueRequired":true,"valueName":"search_term_string"}}],"inLanguage":"et"},{"@type":"Organization","@id":"https:\/\/wi.ee\/et\/#organization","name":"V\u00f5ru Instituut","url":"https:\/\/wi.ee\/et\/","logo":{"@type":"ImageObject","inLanguage":"et","@id":"https:\/\/wi.ee\/et\/#\/schema\/logo\/image\/","url":"https:\/\/wi.ee\/wp-content\/uploads\/2015\/05\/logo-150507.png","contentUrl":"https:\/\/wi.ee\/wp-content\/uploads\/2015\/05\/logo-150507.png","width":183,"height":123,"caption":"V\u00f5ru Instituut"},"image":{"@id":"https:\/\/wi.ee\/et\/#\/schema\/logo\/image\/"},"sameAs":["https:\/\/www.facebook.com\/VoroInstituut"]}]}},"_links":{"self":[{"href":"https:\/\/wi.ee\/et\/wp-json\/wp\/v2\/pages\/13703","targetHints":{"allow":["GET"]}}],"collection":[{"href":"https:\/\/wi.ee\/et\/wp-json\/wp\/v2\/pages"}],"about":[{"href":"https:\/\/wi.ee\/et\/wp-json\/wp\/v2\/types\/page"}],"author":[{"embeddable":true,"href":"https:\/\/wi.ee\/et\/wp-json\/wp\/v2\/users\/2"}],"replies":[{"embeddable":true,"href":"https:\/\/wi.ee\/et\/wp-json\/wp\/v2\/comments?post=13703"}],"version-history":[{"count":9,"href":"https:\/\/wi.ee\/et\/wp-json\/wp\/v2\/pages\/13703\/revisions"}],"predecessor-version":[{"id":16721,"href":"https:\/\/wi.ee\/et\/wp-json\/wp\/v2\/pages\/13703\/revisions\/16721"}],"wp:attachment":[{"href":"https:\/\/wi.ee\/et\/wp-json\/wp\/v2\/media?parent=13703"}],"curies":[{"name":"wp","href":"https:\/\/api.w.org\/{rel}","templated":true}]}}