{"id":13495,"date":"2024-10-08T14:28:15","date_gmt":"2024-10-08T11:28:15","guid":{"rendered":"https:\/\/wi.ee\/?page_id=13495"},"modified":"2024-10-08T14:28:15","modified_gmt":"2024-10-08T11:28:15","slug":"2023-2","status":"publish","type":"page","link":"https:\/\/wi.ee\/et\/2023-2\/","title":{"rendered":"2023"},"content":{"rendered":"<div class=\"x11i5rnm xat24cr x1mh8g0r x1vvkbs xtlvy1s x126k92a\">\n<h2><strong>V\u00f5ro keele n\u00e4d\u00e4lil 6.\u201312. m\u00e4rdikuud 2023\u00a0 \u00a0 \u00a0 \u00a0 \u00a0 \u00a0 \u00a0 \u00a0<img loading=\"lazy\" decoding=\"async\" class=\"alignnone size-medium wp-image-12685\" src=\"https:\/\/wi.ee\/wp-content\/uploads\/2023\/09\/Logo-300x235.jpg\" sizes=\"auto, (max-width: 300px) 100vw, 300px\" srcset=\"https:\/\/wi.ee\/wp-content\/uploads\/2023\/09\/Logo-300x235.jpg 300w, https:\/\/wi.ee\/wp-content\/uploads\/2023\/09\/Logo.jpg 408w\" alt=\"\" width=\"300\" height=\"235\" \/><\/strong><\/h2>\n<h2><strong>\u201cKiil suust v\u00e4ll\u00e4!\u201d<\/strong><\/h2>\n<p>&nbsp;<\/p>\n<p>V\u00f5ro keele agendi ja v\u00f5ro keele n\u00e4d\u00e4li juhtlaus\u00f5 \u201eKiil suust v\u00e4ll\u00e4!\u201c paks\u00f5 v\u00e4ll\u00e4 Mustmaa Ulvi.<\/p>\n<\/div>\n<h3><strong>V\u00f5ro Instituudin (Tarto uulits 48, V\u00f5ro liin)<\/strong><\/h3>\n<ul>\n<li>6.-10.11 V\u00f5ro Instituudi saalin\u00a0<a href=\"https:\/\/wi.ee\/wp-content\/uploads\/2023\/10\/1110_jututunni_keelenatal2023-loplik.jpg\"><strong>jututunni<\/strong><\/a><\/li>\n<li>T\u00fc\u00fct\u00e4s V\u00f5ro Instituudi\u00a0<a href=\"https:\/\/wi.ee\/wp-content\/uploads\/2023\/10\/3010_kohvikukava_a4-1.jpg\"><strong>keelekohvik<\/strong><\/a>\n<ul>\n<li>6.11 tet\u00e4s vallal\u00f5\u00a0<strong>iistk\u00f5n\u00f5l\u00f5jid\u00f5\u00a0<a href=\"https:\/\/wi.ee\/wp-content\/uploads\/2023\/10\/3010_naituseplakat_a4-2.jpg\">\u0161ar\u017ein\u00e4\u00fct\u00fcs<\/a><\/strong>\u00a0(tsehkend\u00b4\u00a0<strong>Kristjan Lume<\/strong>)<\/li>\n<li>7.11 kell 17.30 v\u00f5rokiilne ja -miilne\u00a0<strong><a href=\"https:\/\/wi.ee\/wp-content\/uploads\/2023\/10\/1110_m2lum2ng_keelenatal2023-loplik.jpg\">m\u00e4lom\u00e4ng<\/a><\/strong><\/li>\n<li>9.11 kell 16.30 n\u00e4\u00fct\u00e4s H\u00e4nil\u00e4ne umma vahts\u00f5t raamadut\u00a0<strong><a href=\"https:\/\/wi.ee\/wp-content\/uploads\/2023\/10\/kaanepilt.jpg\">\u201cT\u00f5s\u00f5 mu maailman\u201d<\/a><\/strong><\/li>\n<li>9.11 saava lats\u00f5 ossa v\u00f5tta\u00a0<strong>ettelug\u00f5misp\u00e4\u00e4v\u00e4st \u201eKull\u00f5, ma loe sull\u00f5!<\/strong>\u201c<\/li>\n<li>Saa ossa v\u00f5tta v\u00f5rok\u00f5s\u00f5 v\u00e4ll\u00e4kuts\u00f5<strong>\u00a0<a href=\"https:\/\/wi.ee\/wp-content\/uploads\/2023\/11\/2010_2023_bingo_a4-3.pdf\">Bingo-m\u00e4ngust<\/a><\/strong><\/li>\n<\/ul>\n<\/li>\n<\/ul>\n<h3><strong>Muialpuul<\/strong><\/h3>\n<ul>\n<li>7.11 kell 18 Tarto liinan Jakobi 2 tar\u00f5n 103\u00a0<strong><a href=\"https:\/\/wi.ee\/wp-content\/uploads\/2023\/10\/Voro-keele-kohvik-Tarton.png\">V\u00d5RO KEELE KOHVIK<\/a><\/strong><\/li>\n<li>8.11 kell 13.00 V\u00f5ro Vallaraamadukogon Parksep\u00e4n saias kokko\u00a0<strong><a href=\"https:\/\/wi.ee\/wp-content\/uploads\/2023\/10\/Oige_Voro-keele-nadal.jpg\">Kauksi \u00dclle ja Riitsaare Evariga<\/a><\/strong><\/li>\n<li>9.11 toimus\u00a0<strong>v\u00f5ro keele\u00a0<a href=\"https:\/\/wi.ee\/wp-content\/uploads\/2023\/10\/1110_6dak_keelenatal2023-loplik.jpg\">iistk\u00f5n\u00f5l\u00f5jid\u00f5 kokkotul\u00f5k<\/a><\/strong>\u00a0P\u00f5lvan<\/li>\n<li>p\u00f5n\u00f5va tegemise\u00a0<strong><a href=\"https:\/\/wi.ee\/muusoumi\/\">Vana-V\u00f5romaa muus\u00f5um\u00f5n<\/a>:<\/strong>\n<ul>\n<li><strong><a href=\"https:\/\/wi.ee\/wp-content\/uploads\/2023\/10\/Voro-keele-natal-Monisto-muusoumin.pdf\">M\u00f5nist\u00f5 Talorahvamuus\u00f5umin<\/a><\/strong><\/li>\n<li><a href=\"https:\/\/wi.ee\/wp-content\/uploads\/2023\/10\/voru-keele-nadal.jpg\"><strong>Kreutzwaldi Memoriaalmuus\u00f5umin<\/strong><\/a><\/li>\n<li><strong><a href=\"https:\/\/wi.ee\/wp-content\/uploads\/2023\/10\/Karilatsi.pdf\">Karilatsi Vaba\u00f5humuus\u00f5umin<\/a><\/strong><\/li>\n<\/ul>\n<\/li>\n<\/ul>\n<p><strong>Talliinan<\/strong><\/p>\n<ul>\n<li>11.11 kell 11.00 saias kokko Raatus\u00f5 platsi p\u00e4\u00e4l ja s\u00e4\u00e4lt nakas p\u00e4\u00e4le v\u00f5rokiilne liinatuur<\/li>\n<li>12.11 kell 12.00 Kadrioroh (Poska uulits 15) v\u00f5ro keele n\u00e4d\u00e4li l\u00f5p\u00f5tus\u00f5 pido<\/li>\n<li>Talliina V\u00f5ro Seldsi\u00a0<strong><a href=\"https:\/\/fb.watch\/o8mUoSXAzH\/\">ansambli Liiso<\/a><\/strong><\/li>\n<\/ul>\n<p><strong>Antslal<\/strong><\/p>\n<ul>\n<li>6.11 nakkas p\u00e4\u00e4le\u00a0<strong>v\u00f5ro keele\u00a0<a href=\"https:\/\/wi.ee\/wp-content\/uploads\/2023\/10\/VORU-KEELE-VESTLUSRING.jpg\">k\u00f5n\u00f5l\u00f5miskursus<\/a><\/strong><\/li>\n<li>11.11 kell 11 toimus\u00a0<a href=\"https:\/\/umapido.ee\/tsiht\/\"><strong>Uma Pido tsihiotsmism\u00e4ng<\/strong><\/a><\/li>\n<\/ul>\n<p><strong>Tarto \u00dclikooli eesti ja \u00fcldkeeletiid\u00fcse instituut<\/strong><\/p>\n<div class=\"x11i5rnm xat24cr x1mh8g0r x1vvkbs xtlvy1s x126k92a\">\n<ul>\n<li dir=\"auto\">v\u00f5ro keele kohvik (sv\u00f5rokeelidse vanas\u00f5na, kirjotadas kuun v\u00f5rokeeilne jutt \u201c\u00dcts illos p\u00e4iv\u201d, viktoriin)<\/li>\n<li>m\u00e4lom\u00e4ng instituudi Instagramin (@unitartuling)<\/li>\n<li>loe l\u00e4hemalt:\u00a0<a class=\"x1i10hfl xjbqb8w x6umtig x1b1mbwd xaqea5y xav7gou x9f619 x1ypdohk xt0psk2 xe8uvvx xdj266r x11i5rnm xat24cr x1mh8g0r xexx8yu x4uap5 x18d9i69 xkhd6sd x16tdsg8 x1hl2dhg xggy1nq x1a2a7pz xt0b8zv x1fey0fg\" tabindex=\"0\" role=\"link\" href=\"https:\/\/keel.ut.ee\/et\/sisu\/kaimas-voru-keele-nadal?fbclid=IwAR1d4mzB2YH37sfiUdPlxvUDW6q34n6TY5EuTwG7Gjp8yF4FgxlsalPeh7s\" target=\"_blank\" rel=\"nofollow noopener\">https:\/\/keel.ut.ee\/et\/sisu\/kaimas-voru-keele-nadal<\/a><\/li>\n<\/ul>\n<div dir=\"auto\"><strong>Eesti Rahva Muus\u00f5umin<\/strong><\/div>\n<\/div>\n<ul>\n<li>N\u00e4\u00fct\u00fcisil v\u00f5rokeelidse\u00a0<strong><a href=\"https:\/\/www.erm.ee\/et\/tuur_v%C3%B5ru_keeles?t=16:00&amp;m=9.%20November\">giidituuri<\/a><\/strong><\/li>\n<li>9.11 kell 16.00 vid\u00e4 giidituuri P\u00f5lva kihlkunnast peri Taali Kersti (Kersti Taal)<\/li>\n<li>\u00a011.11 kell 12.00 k\u00f5n\u00f5l\u00f5s Vahts\u00f5liina kihlkunnast peri Oro Ervin (Ervin Org)<\/li>\n<\/ul>\n<p><strong><a href=\"https:\/\/wi.ee\/wp-content\/uploads\/2023\/11\/400618798_783735367124785_3772910444289887412_n.jpg\">Rahva Raamadu<\/a>\u00a0poodin Kagukeskus\u00f5n<\/strong><\/p>\n<ul>\n<li>11.11 kell 11.00 lug\u00f5 Uguri Kadri ette<strong>\u00a0v\u00f5rokeelitsit raamatit<\/strong><\/li>\n<li>11.11 kell 13.00 n\u00e4\u00fcd\u00e4t\u00e4s\u00a0<strong>Reijo Roosi<\/strong>\u00a0vahts\u00f5t eesti- ja v\u00f5rokeelist\u00a0<strong>luul\u00f5koko<\/strong><\/li>\n<\/ul>\n<p><strong>V\u00f5ro Pension\u00e4re P\u00e4iv\u00e4keskus\u00f5n (Lembitu 2, V\u00f5ro liin)<\/strong><\/p>\n<ul>\n<li>9.11 kell 14.00 v\u00f5ro keele n\u00e4d\u00e4li minikohvik p\u00e4\u00e4v\u00e4keskus\u00f5n (k\u00f5n\u00f5l\u00f5mi v\u00f5ro kiilt, k\u00fcl\u00e4lise, pakutas kohvi, tiid ja k\u00fcpsisit)<\/li>\n<\/ul>\n<p><strong>Soom\u00f5n Sukukansojen yst\u00e4v\u00e4t ry:n<\/strong>\u00a0tekk Zeigeri Kain ettekand\u00f5\u00a0<a href=\"https:\/\/wi.ee\/wp-content\/uploads\/2023\/11\/Voron-kielen-viikko-taydennetty.pdf\">\u201cV\u00f5ron kansa ja v\u00f5ron kieli\u201d<\/a><\/p>\n<p><strong><a href=\"https:\/\/wi.ee\/wp-content\/uploads\/2023\/11\/399220085_820701023394807_562520404155782090_n.jpg\">Antsla G\u00fcmnaasiumin<\/a><\/strong><\/p>\n<p><strong>Varstu Koolin<\/strong><\/p>\n<ul>\n<li>8.11\u00a0<a href=\"https:\/\/www.facebook.com\/varstukool\/posts\/pfbid0QV6p6v7sAeCtBQFjJgc1oJpSTfwUm5cR1uVnLtz1ND2URXQqyQEFuLjMi2JMphfAl\">v\u00f5ro keele hummok<\/a><\/li>\n<\/ul>\n<p><strong>M\u00f5nist\u00f5 Koolin<\/strong><\/p>\n<ul>\n<li>7.11. kell 11 v\u00f5ro keele n\u00e4d\u00e4li ava\u00fcritus, k\u00fcl\u00e4line Toivo Tootsen. I kooliastm\u00f5 lats\u00f5 lug\u00f5va ette v\u00f5rokiilsit jutuk\u00f5isi, m\u00e4ngit\u00e4s ringm\u00e4ngu ja lauldas<\/li>\n<li>8.11 kell 11 lats\u00f5 l\u00e4tv\u00e4 \u00f5nnitl\u00f5ma umma h\u00e4\u00e4d naabrit, M\u00f5nist\u00f5 Talorahva Muus\u00f5umi tim\u00e4 75-nd\u00e4l juub\u00f5liaastal<\/li>\n<li>10.11 kell 11 M\u00f5niste Kooli muusigapes\u00e4 opilaisi konts\u00f5rt<\/li>\n<li>Selges om opitu pikemb kava, kon om pruugit umakandi kir\u00e4miihi (Jaan Latik, Bernhard Kangro, Raimond Kolk) luul\u00f5ritu, rahvalaul\u00f5 ja ts\u00f5\u00f5rim\u00e4nguliisi tantsuk\u00f5isi<\/li>\n<\/ul>\n<p><strong>Orava Koolin<\/strong><\/p>\n<ul>\n<li>6.11 v\u00f5ro keele n\u00e4d\u00e4li vallal\u00f5 tegemine, aardejaht<\/li>\n<li>8.11 noor\u00f5mbid\u00f5 latsi lug\u00f5mispes\u00e4<\/li>\n<li>10.11 kell 11.55 m\u00e4rdip\u00e4iv ja v\u00f5ro keele n\u00e4d\u00e4li l\u00f5p\u00f5tamin\u00f5 \u2013 lauldas, loetas luul\u00f5tuisi, m\u00f5istatadas m\u00f5istatuisi, m\u00e4ngitas ts\u00f5\u00f5rim\u00e4nge, k\u00fcll\u00e4 tul\u00f5 Uguri Kadri<\/li>\n<\/ul>\n<p><strong>Vahts\u00f5liina G\u00fcmnaasiumin<\/strong><\/p>\n<ul>\n<li>7.11 kell 15.00 V\u00f5ro keele\u00a0<strong><a href=\"https:\/\/wi.ee\/wp-content\/uploads\/2023\/11\/0211_kadriplakat_a4-1.pdf\">kohvik<\/a><\/strong><\/li>\n<\/ul>\n<p><strong>V\u00f5ro Kreutzwaldi Koolin<\/strong><\/p>\n<ul>\n<li>08.11 kell 12.10 kooli aulan T\u00e4hekese ja vahts\u00f5 opiraamadu n\u00e4\u00fct\u00e4mine<\/li>\n<\/ul>\n<p><strong>P\u00f5lva Latsiaid Lepatriinu Mesimummi majan<\/strong><\/p>\n<ul>\n<li>9.11 kell 10.00 keelepes\u00e4r\u00fchm\u00e4 n\u00e4\u00fctem\u00e4ng \u201cKuis pini hind\u00e4le kodo sai\u201d. T\u00f5isi r\u00fchmi lats\u00f5 laulva n\u00e4\u00fctem\u00e4ngun v\u00f5rokeelitsid laul\u00f5 ja lug\u00f5va luul\u00f5tuisi.<\/li>\n<li>Eg\u00e4 p\u00e4iv loetas latsil\u00f5 v\u00f5rokeelitsid un\u00f5jutt\u00f5, r\u00fchmin omma v\u00f5rokeelitse men\u00fc\u00fc.<\/li>\n<li>Keelepes\u00e4r\u00fchm\u00e4 lats\u00f5 andva lats\u00f5van\u00f5mbid\u00f5l\u00f5 v\u00f5rokeelitse rists\u00f5na, mid\u00e4 saa koton tet\u00e4.<\/li>\n<\/ul>\n<p><strong><a href=\"https:\/\/wi.ee\/wp-content\/uploads\/2023\/11\/VORU-KEELE-NATAL-6.12.-MARDIKUUL-2023-2.pdf\">R\u00f5ug\u00f5 P\u00f5hikoolin<\/a><\/strong><\/p>\n<ul>\n<li><a href=\"https:\/\/wi.ee\/wp-content\/uploads\/2023\/11\/Voru-keel.-Mis-on-pildil-1.pdf\">M\u00e4ng \u201cMis om pildid?<\/a>\u201c<\/li>\n<li><a href=\"https:\/\/wi.ee\/wp-content\/uploads\/2023\/11\/Voru-keel-leia-sona-1.pdf\">M\u00e4ng \u201cL\u00f6vv\u00e4 s\u00f5na\u201d<\/a><\/li>\n<\/ul>\n<p><strong>P\u00f5lva Latsiaian Pihlapuu<\/strong><\/p>\n<ul>\n<li>Terve n\u00e4d\u00e4li joosul pallo erinevit ettev\u00f5tmiisi,\u00a0<strong><a href=\"https:\/\/wi.ee\/wp-content\/uploads\/2023\/11\/topriba_a4_laius-1.jpg\">kae siist<\/a><\/strong><\/li>\n<\/ul>\n<p><strong>Kuldri Latsiaian<\/strong><\/p>\n<ul>\n<li>8.11 kell 10.30\u00a0<strong><a href=\"https:\/\/wi.ee\/wp-content\/uploads\/2023\/11\/Kontsort-Kuldri-latsiaian.pdf\">konts\u00f5rt<\/a><\/strong>\u00a0\u201cV\u00f5romaa, k\u00f5g\u00f5 ilosamb sa!\u201d<\/li>\n<\/ul>\n<p><strong>S\u00f5lekese Latsiaian<\/strong><\/p>\n<ul>\n<li>Terve n\u00e4d\u00e4li joosul pallo erinevit ettev\u00f5tmiisi,\u00a0<a href=\"https:\/\/wi.ee\/wp-content\/uploads\/2023\/11\/Soleke.pdf\"><strong>kae siist<\/strong><\/a><\/li>\n<\/ul>\n<p><strong>V\u00e4imel\u00e4 Latsiaian<\/strong><\/p>\n<ul>\n<li><a href=\"https:\/\/wi.ee\/et\/vaimela-latsiaid\/\">Pildi ja sildi<\/a><\/li>\n<\/ul>\n<h3><strong>Eg\u00e4p\u00e4\u00e4v\u00e4tse tegemise v\u00f5ro keele n\u00e4d\u00e4lil<\/strong><\/h3>\n<ul>\n<li>Tegev\u00e4 t\u00fc\u00fcd vabatahtligu\u00a0<strong>v\u00f5ro keele agendi 004<\/strong>. Agendis saat hinn\u00e4st registriiri\u00a0<a href=\"https:\/\/form.jotform.com\/82742418871362\"><strong>tan<\/strong><\/a><\/li>\n<li>Eg\u00e4 p\u00e4ivi saava lats\u00f5 kull\u00f5lda vahts\u00f5t<strong>\u00a0un\u00f5juttu\u00a0<a href=\"https:\/\/xn--helait-5ya.ee\/\">Hel\u00fcaidast<\/a><\/strong><\/li>\n<li>Saa l\u00e4bi tet\u00e4 savvusannateemalis\u00f5<strong>\u00a0veebiviktoriini<\/strong><\/li>\n<li>Saa v\u00e4ll\u00e4 panda\u00a0<a href=\"https:\/\/umapuut.ee\/kategooria\/meened\/vorokeste-lipp\/\"><strong>v\u00f5rok\u00f5isi lipu<\/strong><\/a><\/li>\n<li>Saa kanda\u00a0<strong>v\u00f5rok\u00f5isi rahvar\u00f5ivit<\/strong><\/li>\n<li>Saa k\u00f5rralda\u00a0<strong>umahind\u00e4 v\u00f5rokeelidse \u00fcrit\u00fcse<\/strong><\/li>\n<\/ul>\n<h3><strong>Aolehe<\/strong><\/h3>\n<ul>\n<li>26.10.23 L\u00f5unaleht \u2013 N\u00e4itame koos Mustmaa Ulviga hea tuju keelt\u00a0<a href=\"http:\/\/www.lounaleht.ee\/?page=1&amp;id=36530\">LounaLeht.ee<\/a><\/li>\n<li>2.11.2023 L\u00f5unaLent \u2013 J\u00fcv\u00e4 Sull\u00f5v ehk Kuidas h\u00f5kk arvutisse ja arvutist v\u00e4lja saab\u00a0<a href=\"http:\/\/www.lounaleht.ee\/index.php?page=1&amp;id=36565\">LounaLeht.ee<\/a><\/li>\n<li>2.11.2023\u00a0Uma Leht \u2013 \u00d5kva tul\u00f5 v\u00f5ro keele n\u00e4t\u00e4l\u00a0<a href=\"https:\/\/umaleht.ee\/article\/okva-tulo-voro-keele-natal\/\">\u00d5kva tul\u00f5 v\u00f5ro keele n\u00e4t\u00e4l \u2013 Uma Leht<\/a><\/li>\n<li>Emakeele Seltsi aokir\u00e4 \u201cOma keel\u201d artikli\u00a0<a href=\"https:\/\/www.emakeeleselts.ee\/wp-content\/uploads\/2023\/11\/plado-jt.pdf?fbclid=IwAR3aY3XwlZfvgdnRvKFhM_AALlmIM_ZyxIm8yo9nS8zmRjLwkClQPr5d7DU\">\u201cV\u00f5ro ja seto keele olukorrast 20.-21. sajandil\u201d<\/a><\/li>\n<li>ERR Lasteekraanin v\u00f5rokeeline T\u00e4heke\u00a0<a href=\"https:\/\/lasteekraan.err.ee\/1609156759\/vorukeelne-taheke-2023?fbclid=IwAR3VFkQyPnGVjmNFTRl7Q2AxktyAni13KzCH2mB9Qevfjago0O77yjfY4tU#lg=39049&amp;slide=0\">V\u00f5rukeelne T\u00e4heke 2023 | Lasteekraan | ERR<\/a><\/li>\n<\/ul>\n<h3><strong>Tele ja raadio<\/strong><\/h3>\n<ul>\n<li>ERRi Jupiterin omma v\u00f5rokeelidse saat\u00f5 er\u00e4le v\u00e4ll\u00e4 tuudu, et n\u00e4id kaia ja kull\u00f5lda:\u00a0<a href=\"https:\/\/jupiter.err.ee\/voro-keele-nadal\">https:\/\/jupiter.err.ee\/voro-keele-nadal<\/a><\/li>\n<li>Kidzone Mini kanali p\u00e4\u00e4l nakkas 6. m\u00e4rdikuust Peppa p\u00f5rss vahts\u00f5st v\u00f5ro keelen k\u00f5n\u00f5l\u00f5ma (kanali s\u00e4\u00e4dide alt tul\u00f5 keeles valli v\u00f5ro kiil)<\/li>\n<li>Alat\u00f5n 06.11 om Lasteekraan.err.ee lehel v\u00f5imalik kull\u00f5lda ka v\u00f5rokeelidsit jutt\u00f5 ja luul\u00f5tuisi (<a href=\"https:\/\/lasteekraan.err.ee\/vorukeelsed-jarjejutud\">https:\/\/lasteekraan.err.ee\/vorukeelsed-jarjejutud<\/a><\/li>\n<li>ERRi Aktuaalsen Kaam\u00f5ran v\u00f5rokeeline ilmateed\u00fcs. Alosta kaemist 27:20\u00a0<a href=\"https:\/\/etv.err.ee\/1609145753\/aktuaalne-kaamera-ilm\">Aktuaalne kaamera. Ilm | ETV | ERR<\/a><\/li>\n<li>ERR Terevisioonin arvsiva saat\u00f5juhi v\u00f5rokeelitsid lausit. Alosta kaemist 1:42:18\u00a0<a href=\"https:\/\/etv.err.ee\/1609145906\/terevisioon\">Terevisioon | ETV | ERR<\/a><\/li>\n<li>Vikerraadio 8.11 Kultuuriuudised\u00a0<a href=\"https:\/\/vikerraadio.err.ee\/1609144574\/andres-oja?fbclid=IwAR3ny3yg2ARhq5y2XDdlTp7pmJLERwanpE2Fy164XNdX2iCRTNIG-YfkJh8\">Andres Oja. K\u00fclas on Johanna Kristina ja Kaido Kaha | Vikerraadio | ERR<\/a><\/li>\n<li>ERR Lasteekraanin v\u00f5rokeelidse j\u00e4rjejutu\u00a0<a href=\"https:\/\/lasteekraan.err.ee\/vorukeelsed-jarjejutud?fbclid=IwAR0AS5iFhNtfvpEGQonscfRW-8xyfvScqOGOVYaX-giAZnkaIbBi0OnY_aY\">V\u00f5rukeelsed j\u00e4rjejutud | Lasteekraan | ERR<\/a><\/li>\n<li>9.11. Terevisioonin oll \u00fctel saat\u00f5juhil s\u00e4l\u00e4n ham\u00f5 kir\u00e4ga \u201eK\u00d5N\u00d5L\u00d5 V\u00d5RO KIILT!\u201c\u00a0 ja nimm\u00e4ti \u00fcle, et taa om miildetul\u00f5tus, et v\u00f5ro keele n\u00e4t\u00e4l k\u00e4\u00fc:\u00a0<a href=\"https:\/\/etv.err.ee\/1609145909\/terevisioon\">https:\/\/etv.err.ee\/1609145909\/terevisioon<\/a><\/li>\n<li>9.11. Vikerraadion\u00a0<a href=\"https:\/\/vikerraadio.err.ee\/1609146767\/andres-oja-tonis-magi-ja-anna-hints\">https:\/\/vikerraadio.err.ee\/1609146767\/andres-oja-tonis-magi-ja-anna-hints<\/a><\/li>\n<li>9.11 AK uudis:\u00a0<a href=\"https:\/\/www.err.ee\/1609160458\/vorokesed-soovivad-uue-opikuga-voru-keelt-lastele-lahemale-tuua\">https:\/\/www.err.ee\/1609160458\/vorokesed-soovivad-uue-opikuga-voru-keelt-lastele-lahemale-tuua<\/a><\/li>\n<li>Vikerraadio Kultuuriuudissin oll lugu vahts\u00f5st v\u00f5ro keele opiraamadust:\u00a0<a href=\"https:\/\/vikerraadio.err.ee\/1609146512\/kultuuriuudised\">https:\/\/vikerraadio.err.ee\/1609146512\/kultuuriuudised<\/a><\/li>\n<li>9.11 ERR V\u00f5rokesed soovivad uue \u00f5pikuga v\u00f5ru keelt lastele l\u00e4hemale tuua\u00a0<a href=\"https:\/\/www.err.ee\/1609160458\/vorokesed-soovivad-uue-opikuga-voru-keelt-lastele-lahemale-tuua\">V\u00f5rokesed soovivad uue \u00f5pikuga v\u00f5ru keelt lastele l\u00e4hemale tuua | Eesti | ERR<\/a><\/li>\n<li>10.11 Vikerraadion OwePeterselli show nimmas \u00e4r, et om v\u00f5ro keele n\u00e4t\u00e4l, m\u00e4ngiti ka v\u00f5rokiilsit laul\u00f5\u00a0<a href=\"https:\/\/vikerraadio.err.ee\/1609147868\/owe-peterselli-show-kulas-on-priit-pajusaar\">Owe Peterselli show | Vikerraadio | ERR<\/a><\/li>\n<\/ul>\n<p>&nbsp;<\/p>\n<div class=\"x11i5rnm xat24cr x1mh8g0r x1vvkbs xtlvy1s x126k92a\">\n<p>V\u00f5ro keele n\u00e4d\u00e4li\u00a0<a href=\"https:\/\/wi.ee\/paised-2023\/\"><strong>p\u00e4isit ja teed\u00fcsp\u00f5hju<\/strong><\/a>\u00a0saa tarvita umahind\u00e4 v\u00f5rokeelidse \u00fcrit\u00fcse reklaamis<\/p>\n<p>&nbsp;<\/p>\n<p>Pi\u00e4 silm\u00e4n ka\u00a0<a href=\"https:\/\/www.facebook.com\/VoroInstituut\/\">V\u00f5ro Instituudi N\u00e4oraamadu<\/a>\u00a0lehte ja V\u00f5ro Instituudi kodolehte\u00a0<a href=\"https:\/\/wi.ee\/\">www.wi.ee<\/a>.<\/p>\n<p>&nbsp;<\/p>\n<p>T\u00e4ps\u00e4mb teed\u00fcs:<\/p>\n<p>&nbsp;<\/p>\n<p>Toom\u00f5 Triin<\/p>\n<p>projekti vid\u00e4j\u00e4<\/p>\n<p>V\u00f5ro Instituut<\/p>\n<p>Tarto uulits 48, V\u00f5ro<\/p>\n<p>tel 5348 6982<\/p>\n<p><a href=\"&#109;&#x61;&#105;&#x6c;&#116;&#x6f;:&#x74;r&#105;&#x69;&#110;&#x2e;&#116;&#x6f;o&#x6d;&#64;&#119;&#x69;&#46;&#x65;&#101;\">&#x74;&#114;i&#x69;&#110;&#46;&#x74;&#111;o&#x6d;&#64;w&#x69;&#46;e&#x65;<\/a><\/p>\n<\/div>\n","protected":false},"excerpt":{"rendered":"<p>V\u00f5ro keele n\u00e4d\u00e4lil 6.\u201312. m\u00e4rdikuud 2023\u00a0 \u00a0 \u00a0 \u00a0 \u00a0 \u00a0 \u00a0 \u00a0 \u201cKiil suust v\u00e4ll\u00e4!\u201d &nbsp; V\u00f5ro keele agendi ja v\u00f5ro keele n\u00e4d\u00e4li juhtlaus\u00f5 \u201eKiil suust v\u00e4ll\u00e4!\u201c paks\u00f5 v\u00e4ll\u00e4 Mustmaa Ulvi. V\u00f5ro Instituudin (Tarto uulits 48, V\u00f5ro liin) 6.-10.11 V\u00f5ro Instituudi saalin\u00a0jututunni T\u00fc\u00fct\u00e4s V\u00f5ro Instituudi\u00a0keelekohvik 6.11 tet\u00e4s vallal\u00f5\u00a0iistk\u00f5n\u00f5l\u00f5jid\u00f5\u00a0\u0161ar\u017ein\u00e4\u00fct\u00fcs\u00a0(tsehkend\u00b4\u00a0Kristjan Lume) 7.11 kell 17.30 v\u00f5rokiilne ja [&hellip;]<\/p>\n","protected":false},"author":2,"featured_media":0,"parent":0,"menu_order":0,"comment_status":"closed","ping_status":"closed","template":"","meta":{"_acf_changed":false,"footnotes":""},"class_list":["post-13495","page","type-page","status-publish","hentry"],"acf":[],"yoast_head":"<!-- This site is optimized with the Yoast SEO plugin v27.3 - https:\/\/yoast.com\/product\/yoast-seo-wordpress\/ -->\n<title>2023 - V\u00f5ru Instituut<\/title>\n<meta name=\"robots\" content=\"index, follow, max-snippet:-1, max-image-preview:large, max-video-preview:-1\" \/>\n<link rel=\"canonical\" href=\"https:\/\/wi.ee\/et\/2023-2\/\" \/>\n<meta property=\"og:locale\" content=\"et_EE\" \/>\n<meta property=\"og:type\" content=\"article\" \/>\n<meta property=\"og:title\" content=\"2023 - V\u00f5ru Instituut\" \/>\n<meta property=\"og:description\" content=\"V\u00f5ro keele n\u00e4d\u00e4lil 6.\u201312. m\u00e4rdikuud 2023\u00a0 \u00a0 \u00a0 \u00a0 \u00a0 \u00a0 \u00a0 \u00a0 \u201cKiil suust v\u00e4ll\u00e4!\u201d &nbsp; V\u00f5ro keele agendi ja v\u00f5ro keele n\u00e4d\u00e4li juhtlaus\u00f5 \u201eKiil suust v\u00e4ll\u00e4!\u201c paks\u00f5 v\u00e4ll\u00e4 Mustmaa Ulvi. V\u00f5ro Instituudin (Tarto uulits 48, V\u00f5ro liin) 6.-10.11 V\u00f5ro Instituudi saalin\u00a0jututunni T\u00fc\u00fct\u00e4s V\u00f5ro Instituudi\u00a0keelekohvik 6.11 tet\u00e4s vallal\u00f5\u00a0iistk\u00f5n\u00f5l\u00f5jid\u00f5\u00a0\u0161ar\u017ein\u00e4\u00fct\u00fcs\u00a0(tsehkend\u00b4\u00a0Kristjan Lume) 7.11 kell 17.30 v\u00f5rokiilne ja [&hellip;]\" \/>\n<meta property=\"og:url\" content=\"https:\/\/wi.ee\/et\/2023-2\/\" \/>\n<meta property=\"og:site_name\" content=\"V\u00f5ru Instituut\" \/>\n<meta property=\"article:publisher\" content=\"https:\/\/www.facebook.com\/VoroInstituut\" \/>\n<meta property=\"og:image\" content=\"https:\/\/wi.ee\/wp-content\/uploads\/2023\/09\/Logo-300x235.jpg\" \/>\n<script type=\"application\/ld+json\" class=\"yoast-schema-graph\">{\"@context\":\"https:\\\/\\\/schema.org\",\"@graph\":[{\"@type\":\"WebPage\",\"@id\":\"https:\\\/\\\/wi.ee\\\/et\\\/2023-2\\\/\",\"url\":\"https:\\\/\\\/wi.ee\\\/et\\\/2023-2\\\/\",\"name\":\"2023 - V\u00f5ru Instituut\",\"isPartOf\":{\"@id\":\"https:\\\/\\\/wi.ee\\\/et\\\/#website\"},\"primaryImageOfPage\":{\"@id\":\"https:\\\/\\\/wi.ee\\\/et\\\/2023-2\\\/#primaryimage\"},\"image\":{\"@id\":\"https:\\\/\\\/wi.ee\\\/et\\\/2023-2\\\/#primaryimage\"},\"thumbnailUrl\":\"https:\\\/\\\/wi.ee\\\/wp-content\\\/uploads\\\/2023\\\/09\\\/Logo-300x235.jpg\",\"datePublished\":\"2024-10-08T11:28:15+00:00\",\"breadcrumb\":{\"@id\":\"https:\\\/\\\/wi.ee\\\/et\\\/2023-2\\\/#breadcrumb\"},\"inLanguage\":\"et\",\"potentialAction\":[{\"@type\":\"ReadAction\",\"target\":[\"https:\\\/\\\/wi.ee\\\/et\\\/2023-2\\\/\"]}]},{\"@type\":\"ImageObject\",\"inLanguage\":\"et\",\"@id\":\"https:\\\/\\\/wi.ee\\\/et\\\/2023-2\\\/#primaryimage\",\"url\":\"https:\\\/\\\/wi.ee\\\/wp-content\\\/uploads\\\/2023\\\/09\\\/Logo-300x235.jpg\",\"contentUrl\":\"https:\\\/\\\/wi.ee\\\/wp-content\\\/uploads\\\/2023\\\/09\\\/Logo-300x235.jpg\"},{\"@type\":\"BreadcrumbList\",\"@id\":\"https:\\\/\\\/wi.ee\\\/et\\\/2023-2\\\/#breadcrumb\",\"itemListElement\":[{\"@type\":\"ListItem\",\"position\":1,\"name\":\"Avaleht\",\"item\":\"https:\\\/\\\/wi.ee\\\/et\\\/\"},{\"@type\":\"ListItem\",\"position\":2,\"name\":\"2023\"}]},{\"@type\":\"WebSite\",\"@id\":\"https:\\\/\\\/wi.ee\\\/et\\\/#website\",\"url\":\"https:\\\/\\\/wi.ee\\\/et\\\/\",\"name\":\"V\u00f5ru Instituut\",\"description\":\"\",\"publisher\":{\"@id\":\"https:\\\/\\\/wi.ee\\\/et\\\/#organization\"},\"potentialAction\":[{\"@type\":\"SearchAction\",\"target\":{\"@type\":\"EntryPoint\",\"urlTemplate\":\"https:\\\/\\\/wi.ee\\\/et\\\/?s={search_term_string}\"},\"query-input\":{\"@type\":\"PropertyValueSpecification\",\"valueRequired\":true,\"valueName\":\"search_term_string\"}}],\"inLanguage\":\"et\"},{\"@type\":\"Organization\",\"@id\":\"https:\\\/\\\/wi.ee\\\/et\\\/#organization\",\"name\":\"V\u00f5ru Instituut\",\"url\":\"https:\\\/\\\/wi.ee\\\/et\\\/\",\"logo\":{\"@type\":\"ImageObject\",\"inLanguage\":\"et\",\"@id\":\"https:\\\/\\\/wi.ee\\\/et\\\/#\\\/schema\\\/logo\\\/image\\\/\",\"url\":\"https:\\\/\\\/wi.ee\\\/wp-content\\\/uploads\\\/2015\\\/05\\\/logo-150507.png\",\"contentUrl\":\"https:\\\/\\\/wi.ee\\\/wp-content\\\/uploads\\\/2015\\\/05\\\/logo-150507.png\",\"width\":183,\"height\":123,\"caption\":\"V\u00f5ru Instituut\"},\"image\":{\"@id\":\"https:\\\/\\\/wi.ee\\\/et\\\/#\\\/schema\\\/logo\\\/image\\\/\"},\"sameAs\":[\"https:\\\/\\\/www.facebook.com\\\/VoroInstituut\"]}]}<\/script>\n<!-- \/ Yoast SEO plugin. -->","yoast_head_json":{"title":"2023 - V\u00f5ru Instituut","robots":{"index":"index","follow":"follow","max-snippet":"max-snippet:-1","max-image-preview":"max-image-preview:large","max-video-preview":"max-video-preview:-1"},"canonical":"https:\/\/wi.ee\/et\/2023-2\/","og_locale":"et_EE","og_type":"article","og_title":"2023 - V\u00f5ru Instituut","og_description":"V\u00f5ro keele n\u00e4d\u00e4lil 6.\u201312. m\u00e4rdikuud 2023\u00a0 \u00a0 \u00a0 \u00a0 \u00a0 \u00a0 \u00a0 \u00a0 \u201cKiil suust v\u00e4ll\u00e4!\u201d &nbsp; V\u00f5ro keele agendi ja v\u00f5ro keele n\u00e4d\u00e4li juhtlaus\u00f5 \u201eKiil suust v\u00e4ll\u00e4!\u201c paks\u00f5 v\u00e4ll\u00e4 Mustmaa Ulvi. V\u00f5ro Instituudin (Tarto uulits 48, V\u00f5ro liin) 6.-10.11 V\u00f5ro Instituudi saalin\u00a0jututunni T\u00fc\u00fct\u00e4s V\u00f5ro Instituudi\u00a0keelekohvik 6.11 tet\u00e4s vallal\u00f5\u00a0iistk\u00f5n\u00f5l\u00f5jid\u00f5\u00a0\u0161ar\u017ein\u00e4\u00fct\u00fcs\u00a0(tsehkend\u00b4\u00a0Kristjan Lume) 7.11 kell 17.30 v\u00f5rokiilne ja [&hellip;]","og_url":"https:\/\/wi.ee\/et\/2023-2\/","og_site_name":"V\u00f5ru Instituut","article_publisher":"https:\/\/www.facebook.com\/VoroInstituut","og_image":[{"url":"https:\/\/wi.ee\/wp-content\/uploads\/2023\/09\/Logo-300x235.jpg","type":"","width":"","height":""}],"schema":{"@context":"https:\/\/schema.org","@graph":[{"@type":"WebPage","@id":"https:\/\/wi.ee\/et\/2023-2\/","url":"https:\/\/wi.ee\/et\/2023-2\/","name":"2023 - V\u00f5ru Instituut","isPartOf":{"@id":"https:\/\/wi.ee\/et\/#website"},"primaryImageOfPage":{"@id":"https:\/\/wi.ee\/et\/2023-2\/#primaryimage"},"image":{"@id":"https:\/\/wi.ee\/et\/2023-2\/#primaryimage"},"thumbnailUrl":"https:\/\/wi.ee\/wp-content\/uploads\/2023\/09\/Logo-300x235.jpg","datePublished":"2024-10-08T11:28:15+00:00","breadcrumb":{"@id":"https:\/\/wi.ee\/et\/2023-2\/#breadcrumb"},"inLanguage":"et","potentialAction":[{"@type":"ReadAction","target":["https:\/\/wi.ee\/et\/2023-2\/"]}]},{"@type":"ImageObject","inLanguage":"et","@id":"https:\/\/wi.ee\/et\/2023-2\/#primaryimage","url":"https:\/\/wi.ee\/wp-content\/uploads\/2023\/09\/Logo-300x235.jpg","contentUrl":"https:\/\/wi.ee\/wp-content\/uploads\/2023\/09\/Logo-300x235.jpg"},{"@type":"BreadcrumbList","@id":"https:\/\/wi.ee\/et\/2023-2\/#breadcrumb","itemListElement":[{"@type":"ListItem","position":1,"name":"Avaleht","item":"https:\/\/wi.ee\/et\/"},{"@type":"ListItem","position":2,"name":"2023"}]},{"@type":"WebSite","@id":"https:\/\/wi.ee\/et\/#website","url":"https:\/\/wi.ee\/et\/","name":"V\u00f5ru Instituut","description":"","publisher":{"@id":"https:\/\/wi.ee\/et\/#organization"},"potentialAction":[{"@type":"SearchAction","target":{"@type":"EntryPoint","urlTemplate":"https:\/\/wi.ee\/et\/?s={search_term_string}"},"query-input":{"@type":"PropertyValueSpecification","valueRequired":true,"valueName":"search_term_string"}}],"inLanguage":"et"},{"@type":"Organization","@id":"https:\/\/wi.ee\/et\/#organization","name":"V\u00f5ru Instituut","url":"https:\/\/wi.ee\/et\/","logo":{"@type":"ImageObject","inLanguage":"et","@id":"https:\/\/wi.ee\/et\/#\/schema\/logo\/image\/","url":"https:\/\/wi.ee\/wp-content\/uploads\/2015\/05\/logo-150507.png","contentUrl":"https:\/\/wi.ee\/wp-content\/uploads\/2015\/05\/logo-150507.png","width":183,"height":123,"caption":"V\u00f5ru Instituut"},"image":{"@id":"https:\/\/wi.ee\/et\/#\/schema\/logo\/image\/"},"sameAs":["https:\/\/www.facebook.com\/VoroInstituut"]}]}},"_links":{"self":[{"href":"https:\/\/wi.ee\/et\/wp-json\/wp\/v2\/pages\/13495","targetHints":{"allow":["GET"]}}],"collection":[{"href":"https:\/\/wi.ee\/et\/wp-json\/wp\/v2\/pages"}],"about":[{"href":"https:\/\/wi.ee\/et\/wp-json\/wp\/v2\/types\/page"}],"author":[{"embeddable":true,"href":"https:\/\/wi.ee\/et\/wp-json\/wp\/v2\/users\/2"}],"replies":[{"embeddable":true,"href":"https:\/\/wi.ee\/et\/wp-json\/wp\/v2\/comments?post=13495"}],"version-history":[{"count":1,"href":"https:\/\/wi.ee\/et\/wp-json\/wp\/v2\/pages\/13495\/revisions"}],"predecessor-version":[{"id":13496,"href":"https:\/\/wi.ee\/et\/wp-json\/wp\/v2\/pages\/13495\/revisions\/13496"}],"wp:attachment":[{"href":"https:\/\/wi.ee\/et\/wp-json\/wp\/v2\/media?parent=13495"}],"curies":[{"name":"wp","href":"https:\/\/api.w.org\/{rel}","templated":true}]}}